{"id":24623,"date":"2023-06-26T02:50:28","date_gmt":"2023-06-26T02:50:28","guid":{"rendered":"https:\/\/luview.com\/?page_id=24623"},"modified":"2026-03-10T02:55:12","modified_gmt":"2026-03-10T02:55:12","slug":"polizeikorperkamera","status":"publish","type":"page","link":"https:\/\/luview.com\/de\/products\/dash-cameras\/police-body-camera\/","title":{"rendered":"K\u00f6rperkamera der Polizei"},"content":{"rendered":"<style type=\"text\/css\" data-created_by=\"avia_inline_auto\" id=\"style-css-av-l2y9d09l-7a95ab9cf3f7a848718744ae8d01c009\">\n.avia-section.av-l2y9d09l-7a95ab9cf3f7a848718744ae8d01c009{\nbackground-repeat:no-repeat;\nbackground-image:url(https:\/\/luview.com\/wp-content\/uploads\/2024\/11\/\u8bb0\u5f55\u4eea.jpg);\nbackground-position:50% 50%;\nbackground-attachment:scroll;\n}\n.avia-section.av-l2y9d09l-7a95ab9cf3f7a848718744ae8d01c009 .av-section-color-overlay{\nopacity:0.8;\nbackground-color:#222222;\n}\n<\/style>\n<div id='av_section_1'  class='avia-section av-l2y9d09l-7a95ab9cf3f7a848718744ae8d01c009 main_color avia-section-default avia-no-border-styling  avia-builder-el-0  el_before_av_one_full  avia-builder-el-first  titlebarbox avia-full-stretch avia-bg-style-scroll av-section-color-overlay-active container_wrap sidebar_left'  data-section-bg-repeat='stretch'><div class=\"av-section-color-overlay-wrap\"><div class=\"av-section-color-overlay\"><\/div><div class='container av-section-cont-open' ><main  role=\"main\" itemprop=\"mainContentOfPage\"  class='template-page content  av-content-small units'><div class='post-entry post-entry-type-page post-entry-24623'><div class='entry-content-wrapper clearfix'>\n\n<style type=\"text\/css\" data-created_by=\"avia_inline_auto\" id=\"style-css-av-ro2v-a87e36abb91cc5e18f3d0098b40720d3\">\n.flex_column.av-ro2v-a87e36abb91cc5e18f3d0098b40720d3{\npadding:10% 0 10% 0;\n}\n<\/style>\n<div class='flex_column av-ro2v-a87e36abb91cc5e18f3d0098b40720d3 av_one_full  avia-builder-el-1  avia-builder-el-no-sibling  first flex_column_div'   ><style type=\"text\/css\" data-created_by=\"avia_inline_auto\" id=\"style-css-av-l2y9au29-bf07c75c092d3a9f62676db415f615f7\">\n#top .av_textblock_section.av-l2y9au29-bf07c75c092d3a9f62676db415f615f7 .avia_textblock{\ncolor:#ffffff;\ntext-align:center;\n}\n<\/style>\n<section  class='av_textblock_section av-l2y9au29-bf07c75c092d3a9f62676db415f615f7'  itemscope=\"itemscope\" itemtype=\"https:\/\/schema.org\/CreativeWork\" ><div class='avia_textblock av_inherit_color'  itemprop=\"text\" ><h1>K\u00f6rperkamera der Polizei<\/h1>\n<\/div><\/section><br \/>\n<\/p><\/div>\n<\/div><\/div><\/main><!-- close content main element --><\/div><\/div><\/div><div id='after_section_1'  class='main_color av_default_container_wrap container_wrap sidebar_left'  ><div class='container av-section-cont-open' ><div class='template-page content  av-content-small units'><div class='post-entry post-entry-type-page post-entry-24623'><div class='entry-content-wrapper clearfix'>\n<div class='flex_column av-6hmib-0f7b6fcf00f9273a80dfc45f533798fb av_one_full  avia-builder-el-4  el_after_av_section  el_before_av_one_full  avia-builder-el-first  first flex_column_div'   ><section  class='av_textblock_section av-l2y9squj-e76031f6dac70c55a963b220d7b8ed83'  itemscope=\"itemscope\" itemtype=\"https:\/\/schema.org\/CreativeWork\" ><div class='avia_textblock'  itemprop=\"text\" ><h3 style=\"font-weight: bold;\">Alle K\u00f6rperkameras der Polizei<\/h3>\n<\/div><\/section><br \/>\n<section  class='av_textblock_section av-l2y9tm1e-80c30be322df05d44e75397a617f5c97'  itemscope=\"itemscope\" itemtype=\"https:\/\/schema.org\/CreativeWork\" ><div class='avia_textblock'  itemprop=\"text\" ><p>Die Hauptfunktion einer Polizeikamera ist die Aufzeichnung von Videomaterial, das im Falle eines Vorfalls oder einer Untersuchung wichtige Beweise liefern kann. Dar\u00fcber hinaus kann ein hochwertiges Objektiv Strafverfolgungsbeamten dabei helfen, Situationen besser zu beobachten und zu beurteilen, um die Sicherheit von Beamten und Zivilisten zu gew\u00e4hrleisten. Mit mehr als 18 Jahren Erfahrung in der Forschung, Entwicklung, Herstellung und Lieferung von Produkten wie Polizeikameras und Polizeik\u00f6rperkameras ist Luview ein zuverl\u00e4ssiger Partner f\u00fcr Polizeik\u00f6rperkameras. F\u00fcr Anfragen und Kooperationen kontaktieren Sie uns bitte unter <a href=\"http:\/\/mailto:sales@luview.com\/\">sales@luview.com<\/a>.<\/p>\n<\/div><\/section><br \/>\n<div  class='avia-button-wrap avia-button-left  avia-builder-el-7  el_after_av_textblock  avia-builder-el-last' ><a href='https:\/\/luview.com\/de\/contact\/'  class='avia-button av-l2y9umzk-d16bac7bf4e11df2896cb79984c1e31c avia-icon_select-no avia-size-large avia-position-left avia-color-theme-color' ><span class='avia_iconbox_title' >Jetzt anfragen<\/span><\/a><\/div><\/p><\/div>\n<div class='flex_column av-5hzen-23301fe4c356e81a47b358eb060165d1 av_one_full  avia-builder-el-8  el_after_av_one_full  el_before_av_one_full  first flex_column_div column-top-margin'   ><div  class='avia-product-slider-container av-l2y9wj0i-46e71945a915a3873bf11f6bf9f4bd30 template-shop avia-content-slider avia-content-grid-active shop_columns_3  avia-builder-el-9  avia-builder-el-no-sibling  myproducts avia-content-slider-odd  avia-builder-el-9  avia-builder-el-no-sibling  myproducts avia-product-slider1'  data-autoplay=''  data-interval='5'  data-animation='fade'  data-hoverpause='1' ><div class='avia-content-slider-inner'><ul class=\"products\"><li class=\"product type-product post-24655 status-publish first instock product_cat-police-body-worn-camera has-post-thumbnail featured shipping-taxable product-type-simple\">\n\t<div class='inner_product main_color wrapped_style noLightbox  av-product-class-no_button'><a href=\"https:\/\/luview.com\/de\/product\/w2000-2-inch-full-color-ips-touch-screen-ip67-hd-loop-recording-police-body-camera\/\" class=\"woocommerce-LoopProduct-link woocommerce-loop-product__link\"><div class='thumbnail_container'><img decoding=\"async\" width=\"600\" height=\"600\" data-src=\"https:\/\/luview.com\/wp-content\/uploads\/2023\/06\/W2000-1-600x600.jpg\" class=\"wp-image-24656 avia-img-lazy-loading-24656 attachment-woocommerce_thumbnail size-woocommerce_thumbnail wp-post-image lazyload\" alt=\"W2000 2 Zoll Vollfarb-IPS-Touchscreen IP67 HD-Schleifenaufzeichnung Polizei-K\u00f6rperkamera\" data-srcset=\"https:\/\/luview.com\/wp-content\/uploads\/2023\/06\/W2000-1-600x600.jpg 600w, https:\/\/luview.com\/wp-content\/uploads\/2023\/06\/W2000-1-100x100.jpg 100w, https:\/\/luview.com\/wp-content\/uploads\/2023\/06\/W2000-1-300x300.jpg 300w, https:\/\/luview.com\/wp-content\/uploads\/2023\/06\/W2000-1-80x80.jpg 80w, https:\/\/luview.com\/wp-content\/uploads\/2023\/06\/W2000-1-768x768.jpg 768w, https:\/\/luview.com\/wp-content\/uploads\/2023\/06\/W2000-1-36x36.jpg 36w, https:\/\/luview.com\/wp-content\/uploads\/2023\/06\/W2000-1-180x180.jpg 180w, https:\/\/luview.com\/wp-content\/uploads\/2023\/06\/W2000-1-430x430.jpg 430w, https:\/\/luview.com\/wp-content\/uploads\/2023\/06\/W2000-1-630x630.jpg 630w, https:\/\/luview.com\/wp-content\/uploads\/2023\/06\/W2000-1-705x705.jpg 705w, https:\/\/luview.com\/wp-content\/uploads\/2023\/06\/W2000-1-321x321.jpg 321w, https:\/\/luview.com\/wp-content\/uploads\/2023\/06\/W2000-1-120x120.jpg 120w, https:\/\/luview.com\/wp-content\/uploads\/2023\/06\/W2000-1-450x450.jpg 450w, https:\/\/luview.com\/wp-content\/uploads\/2023\/06\/W2000-1.jpg 800w\" data-sizes=\"(max-width: 600px) 100vw, 600px\" title=\"W2000 2 Zoll IPS-Farb-Touchscreen IP67 HD-Schleifenaufzeichnung Polizeikamera\u7f29\u7565\u56fe\" src=\"data:image\/svg+xml;base64,PHN2ZyB3aWR0aD0iMSIgaGVpZ2h0PSIxIiB4bWxucz0iaHR0cDovL3d3dy53My5vcmcvMjAwMC9zdmciPjwvc3ZnPg==\" style=\"--smush-placeholder-width: 600px; --smush-placeholder-aspect-ratio: 600\/600;\" \/><span class='cart-loading'><\/span><\/div><div class='inner_product_header'><div class='avia-arrow'><\/div><div class='inner_product_header_table'><div class='inner_product_header_cell'><h2 class=\"woocommerce-loop-product__title\">W2000 2 Zoll Vollfarb-IPS-Touchscreen IP67 HD-Schleifenaufzeichnung Polizei-K\u00f6rperkamera<\/h2>\n<\/div><\/div><\/div><\/a><\/div><\/li>\n<li class=\"product type-product post-24651 status-publish instock product_cat-police-body-worn-camera has-post-thumbnail featured shipping-taxable product-type-simple\">\n\t<div class='inner_product main_color wrapped_style noLightbox  av-product-class-no_button'><a href=\"https:\/\/luview.com\/de\/product\/w3-high-strength-integrated-wifi-connectivity-police-body-camera-with-full-color-ips-display\/\" class=\"woocommerce-LoopProduct-link woocommerce-loop-product__link\"><div class='thumbnail_container'><img decoding=\"async\" width=\"600\" height=\"600\" data-src=\"https:\/\/luview.com\/wp-content\/uploads\/2023\/06\/1-2-600x600.jpg\" class=\"wp-image-24652 avia-img-lazy-loading-24652 attachment-woocommerce_thumbnail size-woocommerce_thumbnail wp-post-image lazyload\" alt=\"W4 hohe St\u00e4rke integrierte Wifi-Konnektivit\u00e4t Polizei K\u00f6rper Kamera mit Full Color IPS Display\" data-srcset=\"https:\/\/luview.com\/wp-content\/uploads\/2023\/06\/1-2-600x600.jpg 600w, https:\/\/luview.com\/wp-content\/uploads\/2023\/06\/1-2-100x100.jpg 100w, https:\/\/luview.com\/wp-content\/uploads\/2023\/06\/1-2-300x300.jpg 300w, https:\/\/luview.com\/wp-content\/uploads\/2023\/06\/1-2-80x80.jpg 80w, https:\/\/luview.com\/wp-content\/uploads\/2023\/06\/1-2-768x768.jpg 768w, https:\/\/luview.com\/wp-content\/uploads\/2023\/06\/1-2-36x36.jpg 36w, https:\/\/luview.com\/wp-content\/uploads\/2023\/06\/1-2-180x180.jpg 180w, https:\/\/luview.com\/wp-content\/uploads\/2023\/06\/1-2-430x430.jpg 430w, https:\/\/luview.com\/wp-content\/uploads\/2023\/06\/1-2-630x630.jpg 630w, https:\/\/luview.com\/wp-content\/uploads\/2023\/06\/1-2-705x705.jpg 705w, https:\/\/luview.com\/wp-content\/uploads\/2023\/06\/1-2-321x321.jpg 321w, https:\/\/luview.com\/wp-content\/uploads\/2023\/06\/1-2-120x120.jpg 120w, https:\/\/luview.com\/wp-content\/uploads\/2023\/06\/1-2-450x450.jpg 450w, https:\/\/luview.com\/wp-content\/uploads\/2023\/06\/1-2.jpg 800w\" data-sizes=\"(max-width: 600px) 100vw, 600px\" title=\"W3 Hochwertige integrierte Wifi-Konnektivit\u00e4t Polizeikamera mit IPS-Farbdisplay\u7f29\u7565\u56fe\" src=\"data:image\/svg+xml;base64,PHN2ZyB3aWR0aD0iMSIgaGVpZ2h0PSIxIiB4bWxucz0iaHR0cDovL3d3dy53My5vcmcvMjAwMC9zdmciPjwvc3ZnPg==\" style=\"--smush-placeholder-width: 600px; --smush-placeholder-aspect-ratio: 600\/600;\" \/><span class='cart-loading'><\/span><\/div><div class='inner_product_header'><div class='avia-arrow'><\/div><div class='inner_product_header_table'><div class='inner_product_header_cell'><h2 class=\"woocommerce-loop-product__title\">W3 Integrierte Polizeikamera mit hoher Wifi-Konnektivit\u00e4t und IPS-Farbdisplay<\/h2>\n<\/div><\/div><\/div><\/a><\/div><\/li>\n<li class=\"product type-product post-24645 status-publish last instock product_cat-police-body-worn-camera has-post-thumbnail featured shipping-taxable product-type-simple\">\n\t<div class='inner_product main_color wrapped_style noLightbox  av-product-class-no_button'><a href=\"https:\/\/luview.com\/de\/product\/w4-waterproof-ip65-wifi-wireless-color-ips-display-mini-police-body-camera\/\" class=\"woocommerce-LoopProduct-link woocommerce-loop-product__link\"><div class='thumbnail_container'><img decoding=\"async\" width=\"600\" height=\"600\" data-src=\"https:\/\/luview.com\/wp-content\/uploads\/2023\/06\/1-1-600x600.jpg\" class=\"wp-image-24647 avia-img-lazy-loading-24647 attachment-woocommerce_thumbnail size-woocommerce_thumbnail wp-post-image lazyload\" alt=\"W3 Wasserdicht IP65 WIFI Wireless Farbe IPS Display Mini Polizei K\u00f6rper Kamera\" data-srcset=\"https:\/\/luview.com\/wp-content\/uploads\/2023\/06\/1-1-600x600.jpg 600w, https:\/\/luview.com\/wp-content\/uploads\/2023\/06\/1-1-100x100.jpg 100w, https:\/\/luview.com\/wp-content\/uploads\/2023\/06\/1-1-300x300.jpg 300w, https:\/\/luview.com\/wp-content\/uploads\/2023\/06\/1-1-80x80.jpg 80w, https:\/\/luview.com\/wp-content\/uploads\/2023\/06\/1-1-768x768.jpg 768w, https:\/\/luview.com\/wp-content\/uploads\/2023\/06\/1-1-36x36.jpg 36w, https:\/\/luview.com\/wp-content\/uploads\/2023\/06\/1-1-180x180.jpg 180w, https:\/\/luview.com\/wp-content\/uploads\/2023\/06\/1-1-430x430.jpg 430w, https:\/\/luview.com\/wp-content\/uploads\/2023\/06\/1-1-630x630.jpg 630w, https:\/\/luview.com\/wp-content\/uploads\/2023\/06\/1-1-705x705.jpg 705w, https:\/\/luview.com\/wp-content\/uploads\/2023\/06\/1-1-321x321.jpg 321w, https:\/\/luview.com\/wp-content\/uploads\/2023\/06\/1-1-120x120.jpg 120w, https:\/\/luview.com\/wp-content\/uploads\/2023\/06\/1-1-450x450.jpg 450w, https:\/\/luview.com\/wp-content\/uploads\/2023\/06\/1-1.jpg 800w\" data-sizes=\"(max-width: 600px) 100vw, 600px\" title=\"W4 Wasserdichte IP65 WIFI drahtlose Farb-IPS-Display Mini-Polizei-K\u00f6rperkamera\u7f29\u7565\u56fe\" src=\"data:image\/svg+xml;base64,PHN2ZyB3aWR0aD0iMSIgaGVpZ2h0PSIxIiB4bWxucz0iaHR0cDovL3d3dy53My5vcmcvMjAwMC9zdmciPjwvc3ZnPg==\" style=\"--smush-placeholder-width: 600px; --smush-placeholder-aspect-ratio: 600\/600;\" \/><span class='cart-loading'><\/span><\/div><div class='inner_product_header'><div class='avia-arrow'><\/div><div class='inner_product_header_table'><div class='inner_product_header_cell'><h2 class=\"woocommerce-loop-product__title\">W4 Wasserdicht IP65 WIFI drahtlose Farbe IPS-Display Mini Polizei K\u00f6rper Kamera<\/h2>\n<\/div><\/div><\/div><\/a><\/div><\/li>\n<li class=\"product type-product post-24640 status-publish first instock product_cat-police-body-worn-camera has-post-thumbnail featured shipping-taxable product-type-simple\">\n\t<div class='inner_product main_color wrapped_style noLightbox  av-product-class-no_button'><a href=\"https:\/\/luview.com\/de\/product\/w1-portable-hd-mini-police-body-camera-with-infrared-night-vision\/\" class=\"woocommerce-LoopProduct-link woocommerce-loop-product__link\"><div class='thumbnail_container'><img decoding=\"async\" width=\"600\" height=\"600\" data-src=\"https:\/\/luview.com\/wp-content\/uploads\/2023\/06\/1-600x600.jpg\" class=\"wp-image-24641 avia-img-lazy-loading-24641 attachment-woocommerce_thumbnail size-woocommerce_thumbnail wp-post-image lazyload\" alt=\"W1 Tragbare HD-Mini-Polizei-K\u00f6rperkamera mit Infrarot-Nachtsicht\" data-srcset=\"https:\/\/luview.com\/wp-content\/uploads\/2023\/06\/1-600x600.jpg 600w, https:\/\/luview.com\/wp-content\/uploads\/2023\/06\/1-100x100.jpg 100w, https:\/\/luview.com\/wp-content\/uploads\/2023\/06\/1-300x300.jpg 300w, https:\/\/luview.com\/wp-content\/uploads\/2023\/06\/1-80x80.jpg 80w, https:\/\/luview.com\/wp-content\/uploads\/2023\/06\/1-768x768.jpg 768w, https:\/\/luview.com\/wp-content\/uploads\/2023\/06\/1-36x36.jpg 36w, https:\/\/luview.com\/wp-content\/uploads\/2023\/06\/1-180x180.jpg 180w, https:\/\/luview.com\/wp-content\/uploads\/2023\/06\/1-430x430.jpg 430w, https:\/\/luview.com\/wp-content\/uploads\/2023\/06\/1-630x630.jpg 630w, https:\/\/luview.com\/wp-content\/uploads\/2023\/06\/1-705x705.jpg 705w, https:\/\/luview.com\/wp-content\/uploads\/2023\/06\/1-321x321.jpg 321w, https:\/\/luview.com\/wp-content\/uploads\/2023\/06\/1-120x120.jpg 120w, https:\/\/luview.com\/wp-content\/uploads\/2023\/06\/1-450x450.jpg 450w, https:\/\/luview.com\/wp-content\/uploads\/2023\/06\/1.jpg 800w\" data-sizes=\"(max-width: 600px) 100vw, 600px\" title=\"W1 Tragbare HD-Mini-Polizei-K\u00f6rperkamera mit Infrarot-Nachtsicht\u7f29\u7565\u56fe\" src=\"data:image\/svg+xml;base64,PHN2ZyB3aWR0aD0iMSIgaGVpZ2h0PSIxIiB4bWxucz0iaHR0cDovL3d3dy53My5vcmcvMjAwMC9zdmciPjwvc3ZnPg==\" style=\"--smush-placeholder-width: 600px; --smush-placeholder-aspect-ratio: 600\/600;\" \/><span class='cart-loading'><\/span><\/div><div class='inner_product_header'><div class='avia-arrow'><\/div><div class='inner_product_header_table'><div class='inner_product_header_cell'><h2 class=\"woocommerce-loop-product__title\">W1 Tragbare HD-Mini-Polizei-K\u00f6rperkamera mit Infrarot-Nachtsicht<\/h2>\n<\/div><\/div><\/div><\/a><\/div><\/li>\n<\/ul><\/div><\/div><div class=\"clear\"><\/div><\/div><div class='flex_column av-4ubxv-213bc428d71aa730c5a18fbc0d9954c9 av_one_full  avia-builder-el-0  el_before_av_three_fourth  avia-builder-el-first  first flex_column_div'   ><section  class='av_textblock_section av-4bhe3-b5d2024edd0490f6b2ae124c64cf457e'  itemscope=\"itemscope\" itemtype=\"https:\/\/schema.org\/CreativeWork\" ><div class='avia_textblock'  itemprop=\"text\" ><h3>Was ist eine Polizeikamera\uff1f<\/h3>\n<p>Eine Polizeikamera ist eine kleine, tragbare Kamera, die an der Uniform oder Ausr\u00fcstung von Polizeibeamten befestigt wird. Diese Kamera dient zur Aufzeichnung von Audio- und Videomaterial von Interaktionen zwischen Beamten und der \u00d6ffentlichkeit und liefert eine objektive Aufzeichnung von Ereignissen, die bei Ermittlungen und Gerichtsverfahren verwendet werden kann. K\u00f6rperkameras der Polizei sind ein wichtiges Instrument zur Verbesserung der Transparenz, der Rechenschaftspflicht und des \u00f6ffentlichen Vertrauens in die Strafverfolgungsbeh\u00f6rden. Sie k\u00f6nnen auch als Abschreckung gegen Fehlverhalten dienen und wertvolle Beweise in F\u00e4llen von Vorf\u00e4llen mit Beteiligung von Beamten liefern. Mit fortschrittlichen Funktionen wie der Aufzeichnung in Dauerschleife und einer robusten Konstruktion sind Polizeik\u00f6rperkameras eine wertvolle Investition f\u00fcr Strafverfolgungsbeh\u00f6rden, die ihre Abl\u00e4ufe verbessern und die Sicherheit f\u00fcr Beamte und Zivilisten erh\u00f6hen wollen.<\/p>\n<h3>Wie funktionieren K\u00f6rperkameras der Polizei\uff1f<\/h3>\n<p>Polizeikameras werden am K\u00f6rper eines Polizeibeamten getragen und dienen der Aufzeichnung von Audio- und Videomaterial bei Interaktionen mit der \u00d6ffentlichkeit. Die Kameras werden in der Regel auf der Brust oder der Schulter getragen und von den Beamten zu Beginn ihrer Schicht oder bei der Reaktion auf einen Anruf aktiviert.<\/p>\n<p>K\u00f6rperkameras verwenden eine Kombination aus Hardware und Software zur Erfassung und Speicherung von Bildmaterial. Die Kamera selbst ist in der Regel mit einem Weitwinkelobjektiv und einem hochaufl\u00f6senden Sensor ausgestattet, der Video und Audio in Echtzeit aufnimmt. Das Filmmaterial wird dann auf dem internen Speicher der Kamera oder einem externen Speichermedium wie einer microSD-Karte gespeichert.<\/p>\n<p>Viele K\u00f6rperkameras sind mit Funktionen wie Nachtsicht, Bildstabilisierung und GPS-Tracking ausgestattet, die zus\u00e4tzlichen Kontext und Informationen zu den aufgezeichneten Aufnahmen liefern k\u00f6nnen. Die Kameras k\u00f6nnen auch \u00fcber eine integrierte Wi-Fi- oder Bluetooth-Verbindung verf\u00fcgen, mit der die Aufnahmen zur Speicherung und Analyse auf einen zentralen Server oder andere Ger\u00e4te \u00fcbertragen werden k\u00f6nnen.<\/p>\n<p>Insgesamt sind K\u00f6rperkameras ein unverzichtbares Instrument f\u00fcr Strafverfolgungsbeamte, das eine zuverl\u00e4ssige und objektive Aufzeichnung ihrer Interaktionen mit der \u00d6ffentlichkeit erm\u00f6glicht und dazu beitr\u00e4gt, Transparenz, Rechenschaftspflicht und \u00f6ffentliches Vertrauen zu verbessern.<\/p>\n<h3>Vorteile von K\u00f6rperkameras der Polizei<\/h3>\n<ol>\n<li>Verbesserte Rechenschaftspflicht: K\u00f6rperkameras bieten eine objektive Aufzeichnung von Interaktionen zwischen Polizeibeamten und Zivilisten, die verwendet werden k\u00f6nnen, um Beamte f\u00fcr ihre Handlungen zur Verantwortung zu ziehen. Dies kann die Professionalit\u00e4t und die Einhaltung der Richtlinien und Verfahren der Abteilung f\u00f6rdern.<\/li>\n<li>Erh\u00f6hte Transparenz: Der Einsatz von K\u00f6rperkameras kann die Transparenz bei der Polizeiarbeit erh\u00f6hen, indem er eine klare Aufzeichnung der Ereignisse liefert. Dies kann dazu beitragen, Vertrauen zwischen den Strafverfolgungsbeh\u00f6rden und den Gemeinschaften, denen sie dienen, aufzubauen.<\/li>\n<li>Abschreckung gegen Fehlverhalten: Das Vorhandensein von K\u00f6rperkameras kann Beamte von Fehlverhalten oder missbr\u00e4uchlichem Verhalten abhalten, da sie wissen, dass ihre Handlungen aufgezeichnet werden.<\/li>\n<li>Sammlung von Beweisen: K\u00f6rperkameras k\u00f6nnen bei Ermittlungen und Gerichtsverfahren wertvolle Beweise liefern. Die von K\u00f6rperkameras aufgezeichneten Aufnahmen k\u00f6nnen verwendet werden, um Behauptungen von Beamten oder Zivilisten zu untermauern oder zu widerlegen.<\/li>\n<li>Verbesserte Sicherheit der Beamten: K\u00f6rperkameras k\u00f6nnen die Sicherheit der Beamten verbessern, indem sie potenziell gef\u00e4hrliche Situationen aufzeichnen. Dies kann bei der Untersuchung von Vorf\u00e4llen helfen und dazu beitragen, zuk\u00fcnftige Vorf\u00e4lle zu verhindern.<\/li>\n<li>Schulung und Bewertung: K\u00f6rperkameras k\u00f6nnen zu Schulungszwecken eingesetzt werden, so dass die Beamten ihre Handlungen \u00fcberpr\u00fcfen und verbesserungsw\u00fcrdige Bereiche ermitteln k\u00f6nnen. Sie k\u00f6nnen auch zu Evaluierungszwecken eingesetzt werden, damit Abteilungen problematisches Verhalten erkennen und angehen k\u00f6nnen. Insgesamt sind K\u00f6rperkameras ein wichtiges Instrument f\u00fcr Strafverfolgungsbeh\u00f6rden, das eine Reihe von Vorteilen bietet, die die Rechenschaftspflicht, die Transparenz und das \u00f6ffentliche Vertrauen verbessern k\u00f6nnen.<\/li>\n<\/ol>\n<h3>Wie viel kostet eine Polizeikamera?<\/h3>\n<p>Die Preise f\u00fcr Polizeikameras variieren je nach Marke, Ausstattung und Speicherkapazit\u00e4t. Die Preise reichen von ein paar hundert Dollar bis zu \u00fcber tausend Dollar pro Kamera. Es ist wichtig, dass Sie eine robuste und hochwertige Kamera aus Materialien wie Aluminium oder Edelstahl w\u00e4hlen. Eine benutzerfreundliche Kamera mit langer Akkulaufzeit ist ebenfalls wichtig. Achten Sie auf die maximale Kapazit\u00e4t der Speicherkarte und darauf, ob die Kamera \u00fcber eine Dauerschleife oder eine individuelle Aufnahmedauer verf\u00fcgt. Es gibt zwar auch preisg\u00fcnstige Modelle, doch sind diese m\u00f6glicherweise nicht so leistungsf\u00e4hig wie die h\u00f6herwertigen Modelle.<\/p>\n<h3>Finden Sie einen zuverl\u00e4ssigen Hersteller von Polizeikameras<\/h3>\n<p>Beim Kauf von Polizeikameras ist es wichtig, einen zuverl\u00e4ssigen Hersteller zu w\u00e4hlen. Geben Sie sich nicht mit einem billig hergestellten Produkt zufrieden, da dies zu schlechter Videoqualit\u00e4t und anderen Problemen f\u00fchren kann. Billige Kameras haben oft minderwertige Bildsensoren, minderwertige Geh\u00e4use und zerbrechliche Montagewerkzeuge. Daher ist es wichtig, in eine langlebige Kamera zu investieren, die aus hochwertigen Materialien wie Aluminium oder Edelstahl besteht. Achten Sie au\u00dferdem auf die Objektive und die Benutzeroberfl\u00e4che der Kamera, um eine einfache Bedienung und optimale Leistung zu gew\u00e4hrleisten.<\/p>\n<p>Luview ist ein zuverl\u00e4ssiger Hersteller mit 18 Jahren Erfahrung in der Konzeption, Entwicklung und Herstellung hochwertiger elektronischer Produkte f\u00fcr Fahrzeuge, einschlie\u00dflich Polizeikameras. Unsere Produkte sind so konzipiert, dass sie die Anforderungen von Strafverfolgungsbeh\u00f6rden erf\u00fcllen und eine zuverl\u00e4ssige Leistung im Einsatz gew\u00e4hrleisten.<\/p>\n<\/div><\/section><\/div><\/p>","protected":false},"excerpt":{"rendered":"","protected":false},"author":1,"featured_media":0,"parent":667,"menu_order":0,"comment_status":"closed","ping_status":"closed","template":"","meta":{"_monsterinsights_skip_tracking":false,"_monsterinsights_sitenote_active":false,"_monsterinsights_sitenote_note":"","_monsterinsights_sitenote_category":0,"footnotes":""},"class_list":["post-24623","page","type-page","status-publish","hentry"],"_links":{"self":[{"href":"https:\/\/luview.com\/de\/wp-json\/wp\/v2\/pages\/24623","targetHints":{"allow":["GET"]}}],"collection":[{"href":"https:\/\/luview.com\/de\/wp-json\/wp\/v2\/pages"}],"about":[{"href":"https:\/\/luview.com\/de\/wp-json\/wp\/v2\/types\/page"}],"author":[{"embeddable":true,"href":"https:\/\/luview.com\/de\/wp-json\/wp\/v2\/users\/1"}],"replies":[{"embeddable":true,"href":"https:\/\/luview.com\/de\/wp-json\/wp\/v2\/comments?post=24623"}],"version-history":[{"count":3,"href":"https:\/\/luview.com\/de\/wp-json\/wp\/v2\/pages\/24623\/revisions"}],"predecessor-version":[{"id":44528,"href":"https:\/\/luview.com\/de\/wp-json\/wp\/v2\/pages\/24623\/revisions\/44528"}],"up":[{"embeddable":true,"href":"https:\/\/luview.com\/de\/wp-json\/wp\/v2\/pages\/667"}],"wp:attachment":[{"href":"https:\/\/luview.com\/de\/wp-json\/wp\/v2\/media?parent=24623"}],"curies":[{"name":"wp","href":"https:\/\/api.w.org\/{rel}","templated":true}]}}