{"id":631,"date":"2022-05-23T07:58:39","date_gmt":"2022-05-23T07:58:39","guid":{"rendered":"https:\/\/luview.com\/?page_id=631"},"modified":"2026-03-10T02:44:22","modified_gmt":"2026-03-10T02:44:22","slug":"nummernschildkameras","status":"publish","type":"page","link":"https:\/\/luview.com\/de\/products\/cameras\/license-plate-cameras\/","title":{"rendered":"Nummernschildkameras"},"content":{"rendered":"<style type=\"text\/css\" data-created_by=\"avia_inline_auto\" id=\"style-css-av-l2y9d09l-37c459b1fe29d7efeee039a33e01dd4f\">\n.avia-section.av-l2y9d09l-37c459b1fe29d7efeee039a33e01dd4f{\nbackground-repeat:no-repeat;\nbackground-image:url(https:\/\/luview.com\/wp-content\/uploads\/2024\/11\/1111.jpg);\nbackground-position:50% 50%;\nbackground-attachment:scroll;\n}\n.avia-section.av-l2y9d09l-37c459b1fe29d7efeee039a33e01dd4f .av-section-color-overlay{\nopacity:0.8;\nbackground-color:#222222;\n}\n<\/style>\n<div id='av_section_1'  class='avia-section av-l2y9d09l-37c459b1fe29d7efeee039a33e01dd4f main_color avia-section-default avia-no-border-styling  avia-builder-el-0  el_before_av_one_full  avia-builder-el-first  titlebarbox avia-full-stretch avia-bg-style-scroll av-section-color-overlay-active container_wrap sidebar_left'  data-section-bg-repeat='stretch'><div class=\"av-section-color-overlay-wrap\"><div class=\"av-section-color-overlay\"><\/div><div class='container av-section-cont-open' ><main  role=\"main\" itemprop=\"mainContentOfPage\"  class='template-page content  av-content-small units'><div class='post-entry post-entry-type-page post-entry-631'><div class='entry-content-wrapper clearfix'>\n\n<style type=\"text\/css\" data-created_by=\"avia_inline_auto\" id=\"style-css-av-ro2v-a87e36abb91cc5e18f3d0098b40720d3\">\n.flex_column.av-ro2v-a87e36abb91cc5e18f3d0098b40720d3{\npadding:10% 0 10% 0;\n}\n<\/style>\n<div class='flex_column av-ro2v-a87e36abb91cc5e18f3d0098b40720d3 av_one_full  avia-builder-el-1  avia-builder-el-no-sibling  first flex_column_div'   ><style type=\"text\/css\" data-created_by=\"avia_inline_auto\" id=\"style-css-av-l2y9au29-bf07c75c092d3a9f62676db415f615f7\">\n#top .av_textblock_section.av-l2y9au29-bf07c75c092d3a9f62676db415f615f7 .avia_textblock{\ncolor:#ffffff;\ntext-align:center;\n}\n<\/style>\n<section  class='av_textblock_section av-l2y9au29-bf07c75c092d3a9f62676db415f615f7'  itemscope=\"itemscope\" itemtype=\"https:\/\/schema.org\/CreativeWork\" ><div class='avia_textblock av_inherit_color'  itemprop=\"text\" ><h1>Nummernschildkameras<\/h1>\n<\/div><\/section><br \/>\n<\/p><\/div>\n<\/div><\/div><\/main><!-- close content main element --><\/div><\/div><\/div><div id='after_section_1'  class='main_color av_default_container_wrap container_wrap sidebar_left'  ><div class='container av-section-cont-open' ><div class='template-page content  av-content-small units'><div class='post-entry post-entry-type-page post-entry-631'><div class='entry-content-wrapper clearfix'>\n<div class='flex_column av-6hmib-0f7b6fcf00f9273a80dfc45f533798fb av_one_full  avia-builder-el-4  el_after_av_section  el_before_av_one_full  avia-builder-el-first  first flex_column_div'   ><section  class='av_textblock_section av-l2y9squj-e76031f6dac70c55a963b220d7b8ed83'  itemscope=\"itemscope\" itemtype=\"https:\/\/schema.org\/CreativeWork\" ><div class='avia_textblock'  itemprop=\"text\" ><h3 style=\"font-weight: bold;\">Alle Nummernschildkameras<\/h3>\n<\/div><\/section><br \/>\n<section  class='av_textblock_section av-l2y9tm1e-80c30be322df05d44e75397a617f5c97'  itemscope=\"itemscope\" itemtype=\"https:\/\/schema.org\/CreativeWork\" ><div class='avia_textblock'  itemprop=\"text\" ><p>Installing one of our\u00a0license plate camera\u00a0in your vehicle improves the driver&#8217;s visibility\u00a0exponentially! With\u00a0options including\u00a0multiple views around the vehicle, night vision, waterproof durability, and 150-170\u00b0\u00a0field of vision, Luview manufacture high quality license plate cameras and rear view system to meet you &amp;\u00a0your fleet\u2019s needs. Consult us\u00a0by <a href=\"http:\/\/mailto:sales@luview.com\/\">sales@luview.com<\/a>\u00a0!<\/p>\n<\/div><\/section><br \/>\n<div  class='avia-button-wrap avia-button-left  avia-builder-el-7  el_after_av_textblock  avia-builder-el-last' ><a href='https:\/\/luview.com\/de\/contact\/'  class='avia-button av-l2y9umzk-d16bac7bf4e11df2896cb79984c1e31c avia-icon_select-no avia-size-large avia-position-left avia-color-theme-color' ><span class='avia_iconbox_title' >Jetzt anfragen<\/span><\/a><\/div><\/p><\/div>\n<div class='flex_column av-5hzen-23301fe4c356e81a47b358eb060165d1 av_one_full  avia-builder-el-8  el_after_av_one_full  el_before_av_one_full  first flex_column_div column-top-margin'   ><div  class='avia-product-slider-container av-l2y9wj0i-95e2f03cbb65345e10b02865878b62d3 template-shop avia-content-slider avia-content-grid-active shop_columns_3  avia-builder-el-9  avia-builder-el-no-sibling  myproducts avia-content-slider-odd  avia-builder-el-9  avia-builder-el-no-sibling  myproducts avia-product-slider1'  data-autoplay=''  data-interval='5'  data-animation='fade'  data-hoverpause='1' ><div class='avia-content-slider-inner'><ul class=\"products\"><li class=\"product type-product post-935 status-publish first instock product_cat-license-plate-camera has-post-thumbnail shipping-taxable product-type-simple\">\n\t<div class='inner_product main_color wrapped_style noLightbox  av-product-class-no_button'><a href=\"https:\/\/luview.com\/de\/product\/jy-022a-license-plate-camera-with-ip69k-and-wide-view-angle\/\" class=\"woocommerce-LoopProduct-link woocommerce-loop-product__link\"><div class='thumbnail_container'><img decoding=\"async\" width=\"600\" height=\"600\" data-src=\"https:\/\/luview.com\/wp-content\/uploads\/2022\/06\/022A\u5e26\u57ab\u5708\u6b3e\u9996\u9875\u65b9\u5411-1-600x600.jpg\" class=\"wp-image-44063 avia-img-lazy-loading-44063 attachment-woocommerce_thumbnail size-woocommerce_thumbnail wp-post-image lazyload\"  data-srcset=\"https:\/\/luview.com\/wp-content\/uploads\/2022\/06\/022A\u5e26\u57ab\u5708\u6b3e\u9996\u9875\u65b9\u5411-1-600x600.jpg 600w, https:\/\/luview.com\/wp-content\/uploads\/2022\/06\/022A\u5e26\u57ab\u5708\u6b3e\u9996\u9875\u65b9\u5411-1-300x300.jpg 300w, https:\/\/luview.com\/wp-content\/uploads\/2022\/06\/022A\u5e26\u57ab\u5708\u6b3e\u9996\u9875\u65b9\u5411-1-80x80.jpg 80w, https:\/\/luview.com\/wp-content\/uploads\/2022\/06\/022A\u5e26\u57ab\u5708\u6b3e\u9996\u9875\u65b9\u5411-1-768x768.jpg 768w, https:\/\/luview.com\/wp-content\/uploads\/2022\/06\/022A\u5e26\u57ab\u5708\u6b3e\u9996\u9875\u65b9\u5411-1-12x12.jpg 12w, https:\/\/luview.com\/wp-content\/uploads\/2022\/06\/022A\u5e26\u57ab\u5708\u6b3e\u9996\u9875\u65b9\u5411-1-36x36.jpg 36w, https:\/\/luview.com\/wp-content\/uploads\/2022\/06\/022A\u5e26\u57ab\u5708\u6b3e\u9996\u9875\u65b9\u5411-1-180x180.jpg 180w, https:\/\/luview.com\/wp-content\/uploads\/2022\/06\/022A\u5e26\u57ab\u5708\u6b3e\u9996\u9875\u65b9\u5411-1-430x430.jpg 430w, https:\/\/luview.com\/wp-content\/uploads\/2022\/06\/022A\u5e26\u57ab\u5708\u6b3e\u9996\u9875\u65b9\u5411-1-630x630.jpg 630w, https:\/\/luview.com\/wp-content\/uploads\/2022\/06\/022A\u5e26\u57ab\u5708\u6b3e\u9996\u9875\u65b9\u5411-1-705x705.jpg 705w, https:\/\/luview.com\/wp-content\/uploads\/2022\/06\/022A\u5e26\u57ab\u5708\u6b3e\u9996\u9875\u65b9\u5411-1-321x321.jpg 321w, https:\/\/luview.com\/wp-content\/uploads\/2022\/06\/022A\u5e26\u57ab\u5708\u6b3e\u9996\u9875\u65b9\u5411-1-120x120.jpg 120w, https:\/\/luview.com\/wp-content\/uploads\/2022\/06\/022A\u5e26\u57ab\u5708\u6b3e\u9996\u9875\u65b9\u5411-1-450x450.jpg 450w, https:\/\/luview.com\/wp-content\/uploads\/2022\/06\/022A\u5e26\u57ab\u5708\u6b3e\u9996\u9875\u65b9\u5411-1-100x100.jpg 100w, https:\/\/luview.com\/wp-content\/uploads\/2022\/06\/022A\u5e26\u57ab\u5708\u6b3e\u9996\u9875\u65b9\u5411-1.jpg 800w\" data-sizes=\"(max-width: 600px) 100vw, 600px\" title=\"JY-022A Nummernschildkamera mit IP69K und weitem Blickwinkel\u7f29\u7565\u56fe\" alt=\"JY-022A Nummernschildkamera mit IP69K und weitem Blickwinkel\u7f29\u7565\u56fe\" src=\"data:image\/svg+xml;base64,PHN2ZyB3aWR0aD0iMSIgaGVpZ2h0PSIxIiB4bWxucz0iaHR0cDovL3d3dy53My5vcmcvMjAwMC9zdmciPjwvc3ZnPg==\" style=\"--smush-placeholder-width: 600px; --smush-placeholder-aspect-ratio: 600\/600;\" \/><span class='cart-loading'><\/span><\/div><div class='inner_product_header'><div class='avia-arrow'><\/div><div class='inner_product_header_table'><div class='inner_product_header_cell'><h2 class=\"woocommerce-loop-product__title\">JY-022A Nummernschildkamera mit IP69K und weitem Blickwinkel<\/h2>\n<\/div><\/div><\/div><\/a><\/div><\/li>\n<\/ul><\/div><\/div><div class=\"clear\"><\/div><\/div><div class='flex_column av-4ubxv-213bc428d71aa730c5a18fbc0d9954c9 av_one_full  avia-builder-el-0  el_before_av_three_fourth  avia-builder-el-first  first flex_column_div'   ><section  class='av_textblock_section av-4bhe3-b5d2024edd0490f6b2ae124c64cf457e'  itemscope=\"itemscope\" itemtype=\"https:\/\/schema.org\/CreativeWork\" ><div class='avia_textblock'  itemprop=\"text\" ><h3>Was ist eine Nummernschildkamera?<\/h3>\n<p>Die Nummernschildkamera ist eine Art spezielle R\u00fcckfahrkamera f\u00fcr besondere Fahrzeuge. Diese R\u00fcckfahrkamera misst die am besten geeignete Einbauposition f\u00fcr jedes Modell (meist die Nummernschildleuchte oder der Kofferraumgriff) und wird kontinuierlich an der Form ge\u00e4ndert, so dass die Kamera und das gesamte Auto integriert sind, und das Produkt hat die meisten Automarken auf dem Markt (Honda, Toyota, Nissan, Hyundai, Kia, etc.), so viel wie mehr als 400 Modelle.<\/p>\n<h3>Wie funktioniert eine Nummernschildkamera?<\/h3>\n<p>Die Kennzeichenr\u00fcckfahrkamera bietet dem Fahrer einen 150-170 Grad breiten und klaren Blick auf das, was sich hinter dem Fahrzeug befindet, so dass der Fahrer bei allen Wetterbedingungen sicher r\u00fcckw\u00e4rts fahren kann. Diese weiten Sichtfelder f\u00fchren in der Regel zu einer verzerrten \u201cFischaugen\u201d-Ausgabe auf dem Monitor, aber gute Nummernschildkameras verf\u00fcgen \u00fcber eine digitale Korrekturtechnologie, um das Bild zu korrigieren und es richtig darzustellen. Das bequeme und einfache Design wird \u00fcber dem vorhandenen hinteren Nummernschild angebracht, so dass die Kamera an den vorhandenen Nummernschildl\u00f6chern des Fahrzeugs installiert werden kann. Perfekt f\u00fcr Mini-Vans, SUVs, Limousinen, Pick-up-Trucks und mehr.<\/p>\n<h3>Vorteile der Nummernschildkamera<\/h3>\n<p><strong><b>HD-Qualit\u00e4t<\/b><\/strong><\/p>\n<p>Mit hochpr\u00e4zisen Glaslinsen, auch bei hohen oder niedrigen Temperaturen wird nicht verformt werden, und hat eine gute Lichtdurchl\u00e4ssigkeit und Empfindlichkeit, pr\u00e4sentiert eine stabile Bildqualit\u00e4t.<\/p>\n<p><strong><b>Wasserdicht und sto\u00dffest<\/b><\/strong><\/p>\n<p>Mit feinen Leim F\u00fcllung Prozess, nach strengen Wasserblase und Vibrationstest, so dass die Kamera noch normal funktionieren kann durch automatische Autowaschanlage, regen, Turbulenzen und anderen Stra\u00dfenbedingungen.<\/p>\n<p><strong><b>170\u00b0weiter Betrachtungswinkel<\/b><\/strong><\/p>\n<p>Optionale 170\u00b0-Weitwinkellinse, gr\u00f6\u00dferes Sichtfeld, sichereres und bequemeres Einparken und R\u00fcckw\u00e4rtsfahren.<\/p>\n<p><strong><b>N<\/b><\/strong><strong><b>Hellsichtigkeit <\/b><\/strong><strong><b>verf\u00fcgbar<\/b><\/strong><\/p>\n<p>Eine optionale High-Light-LED-Konfiguration liefert auch bei v\u00f6lliger Dunkelheit ein scharfes Bild.<\/p>\n<h3>So installieren Sie eine Nummernschildkamera<\/h3>\n<p>Je nachdem, f\u00fcr welche Kamera Sie sich entscheiden, k\u00f6nnen Sie die Kamera am Nummernschild Ihres Autos oder am Kofferraum befestigen. Sobald die Kamera installiert ist, m\u00fcssen Sie die Strom- und Cinchkabel an Ihr Auto anschlie\u00dfen. Stellen Sie sicher, dass Sie die Kamera testen, bevor Sie sie wieder zusammenbauen.<\/p>\n<p>Im Allgemeinen l\u00e4sst sich die Installation einer Nummernschildkamera in den folgenden Schritten zusammenfassen:<\/p>\n<ol>\n<li>Befestigen Sie die Kamera am Nummernschild Ihres Fahrzeugs, an der Heckscheibe oder an einer anderen geeigneten Stelle.<\/li>\n<li>Stellen Sie das Objektiv der Kamera in die beste Position.<\/li>\n<li>Schlie\u00dfen Sie das Stromkabel (rot und schwarz) an das 12V-Gleichstromnetz Ihres Fahrzeugs an.<\/li>\n<li>Schlie\u00dfen Sie den Videoausgang (gelbes Kabel) der Kamera an das Display in Ihrem Fahrzeug an.<\/li>\n<\/ol>\n<h3>Wie viel kostet eine Nummernschildkamera?<\/h3>\n<p>Die Nummernschildkamera l\u00e4sst sich leicht \u00fcber alle Arten von Nummernschildern montieren und gibt bunte Videos \u00fcber RCA-Buchsen aus. Das System ist mit einer Vielzahl von Bildschirmen und Monitoren kompatibel, so dass Sie alles hinter Ihnen sehen k\u00f6nnen. Im Allgemeinen liegt der Preis f\u00fcr eine einzelne Nummernschildkamera bei etwa 15-150 US-Dollar. Wenn Sie ein besseres visuelles Erlebnis w\u00fcnschen und die Fahrsicherheit in alle Richtungen verbessern m\u00f6chten, ist es besser, einen Monitor zu verwenden, um ein komplettes R\u00fcckfahrsystem aufzubauen. Der Preis liegt bei etwa 200-300US-Dollar.<\/p>\n<p>Wenn Sie eine Nummernschildkamera in gro\u00dfen Mengen kaufen oder Ihre Nummernschildkamera individuell gestalten m\u00f6chten, senden Sie bitte eine E-Mail an <a href=\"mailto:sales@luview.com\"><u>sales@luview.com<\/u><\/a>\u00a0f\u00fcr die genauen Kosten.<\/p>\n<h3>Finden Sie einen zuverl\u00e4ssigen Hersteller von Kfz-Kennzeichenkameras<\/h3>\n<p>Hier sind einige Dinge, auf die Sie bei einer Nummernschildkamera achten sollten. Ein zuverl\u00e4ssiger Hersteller sollte diese Funktionen bieten:<\/p>\n<p>Achten Sie auf hochaufl\u00f6sende Kameras. Diese Kameras erfassen Nummernschilder deutlich und sind in verschiedenen Gr\u00f6\u00dfen erh\u00e4ltlich. Eine 2-MP-Kamera (1080p) kann Nummernschilder aus einer Entfernung von bis zu 13 Fu\u00df erkennen, obwohl dies in manchen Situationen nicht ideal ist. Es ist wichtig zu verstehen, dass einige dieser Kameras ein Nummernschild \u00fcbersehen k\u00f6nnen, weil es sich zu schnell oder aus gro\u00dfer Entfernung bewegt. Unabh\u00e4ngig davon, ob Sie sich f\u00fcr eine 1080p-Kamera oder eine Kamera mit h\u00f6herer Aufl\u00f6sung entscheiden, sollten Sie darauf achten, dass Sie sich f\u00fcr ein Unternehmen mit qualitativ hochwertigem Kundensupport entscheiden.<\/p>\n<p>If you need a high-resolution license plate camera, you can choose the long night vision security camera. Its night vision range is 13 meters, making it a superior choice among vehicle security products. Luview has 18 years of R &amp; D and production experience in the automotive electronics industry, providing various types of high-quality automotive camera products for global users, please feel free to consult us: <a href=\"http:\/\/mailto:sales@luview.com\/\">sales@luview.com<\/a>\u00a0.<\/p>\n<\/div><\/section><\/div><\/p>","protected":false},"excerpt":{"rendered":"","protected":false},"author":1,"featured_media":0,"parent":620,"menu_order":0,"comment_status":"closed","ping_status":"closed","template":"","meta":{"_monsterinsights_skip_tracking":false,"_monsterinsights_sitenote_active":false,"_monsterinsights_sitenote_note":"","_monsterinsights_sitenote_category":0,"footnotes":""},"class_list":["post-631","page","type-page","status-publish","hentry"],"_links":{"self":[{"href":"https:\/\/luview.com\/de\/wp-json\/wp\/v2\/pages\/631","targetHints":{"allow":["GET"]}}],"collection":[{"href":"https:\/\/luview.com\/de\/wp-json\/wp\/v2\/pages"}],"about":[{"href":"https:\/\/luview.com\/de\/wp-json\/wp\/v2\/types\/page"}],"author":[{"embeddable":true,"href":"https:\/\/luview.com\/de\/wp-json\/wp\/v2\/users\/1"}],"replies":[{"embeddable":true,"href":"https:\/\/luview.com\/de\/wp-json\/wp\/v2\/comments?post=631"}],"version-history":[{"count":3,"href":"https:\/\/luview.com\/de\/wp-json\/wp\/v2\/pages\/631\/revisions"}],"predecessor-version":[{"id":44504,"href":"https:\/\/luview.com\/de\/wp-json\/wp\/v2\/pages\/631\/revisions\/44504"}],"up":[{"embeddable":true,"href":"https:\/\/luview.com\/de\/wp-json\/wp\/v2\/pages\/620"}],"wp:attachment":[{"href":"https:\/\/luview.com\/de\/wp-json\/wp\/v2\/media?parent=631"}],"curies":[{"name":"wp","href":"https:\/\/api.w.org\/{rel}","templated":true}]}}