{"id":644,"date":"2022-05-23T11:00:07","date_gmt":"2022-05-23T11:00:07","guid":{"rendered":"https:\/\/luview.com\/?page_id=644"},"modified":"2026-03-10T02:46:53","modified_gmt":"2026-03-10T02:46:53","slug":"4-6-zoll-monitore","status":"publish","type":"page","link":"https:\/\/luview.com\/de\/products\/monitors\/4-6-inch-monitors\/","title":{"rendered":"4-6-Zoll-Monitore"},"content":{"rendered":"<style type=\"text\/css\" data-created_by=\"avia_inline_auto\" id=\"style-css-av-l2y9d09l-9a59c050fd7cc562363a6e26bd127e73\">\n.avia-section.av-l2y9d09l-9a59c050fd7cc562363a6e26bd127e73{\nbackground-repeat:no-repeat;\nbackground-image:url(https:\/\/luview.com\/wp-content\/uploads\/2024\/08\/0.jpg);\nbackground-position:50% 50%;\nbackground-attachment:scroll;\n}\n.avia-section.av-l2y9d09l-9a59c050fd7cc562363a6e26bd127e73 .av-section-color-overlay{\nopacity:0.8;\nbackground-color:#222222;\n}\n<\/style>\n<div id='av_section_1'  class='avia-section av-l2y9d09l-9a59c050fd7cc562363a6e26bd127e73 main_color avia-section-default avia-no-border-styling  avia-builder-el-0  el_before_av_one_full  avia-builder-el-first  titlebarbox avia-full-stretch avia-bg-style-scroll av-section-color-overlay-active container_wrap sidebar_left'  data-section-bg-repeat='stretch'><div class=\"av-section-color-overlay-wrap\"><div class=\"av-section-color-overlay\"><\/div><div class='container av-section-cont-open' ><main  role=\"main\" itemprop=\"mainContentOfPage\"  class='template-page content  av-content-small units'><div class='post-entry post-entry-type-page post-entry-644'><div class='entry-content-wrapper clearfix'>\n\n<style type=\"text\/css\" data-created_by=\"avia_inline_auto\" id=\"style-css-av-ro2v-a87e36abb91cc5e18f3d0098b40720d3\">\n.flex_column.av-ro2v-a87e36abb91cc5e18f3d0098b40720d3{\npadding:10% 0 10% 0;\n}\n<\/style>\n<div class='flex_column av-ro2v-a87e36abb91cc5e18f3d0098b40720d3 av_one_full  avia-builder-el-1  avia-builder-el-no-sibling  first flex_column_div'   ><style type=\"text\/css\" data-created_by=\"avia_inline_auto\" id=\"style-css-av-l2y9au29-bf07c75c092d3a9f62676db415f615f7\">\n#top .av_textblock_section.av-l2y9au29-bf07c75c092d3a9f62676db415f615f7 .avia_textblock{\ncolor:#ffffff;\ntext-align:center;\n}\n<\/style>\n<section  class='av_textblock_section av-l2y9au29-bf07c75c092d3a9f62676db415f615f7'  itemscope=\"itemscope\" itemtype=\"https:\/\/schema.org\/CreativeWork\" ><div class='avia_textblock av_inherit_color'  itemprop=\"text\" ><h1>4-6-Zoll-Monitore<\/h1>\n<\/div><\/section><br \/>\n<\/p><\/div>\n<\/div><\/div><\/main><!-- close content main element --><\/div><\/div><\/div><div id='after_section_1'  class='main_color av_default_container_wrap container_wrap sidebar_left'  ><div class='container av-section-cont-open' ><div class='template-page content  av-content-small units'><div class='post-entry post-entry-type-page post-entry-644'><div class='entry-content-wrapper clearfix'>\n<div class='flex_column av-6hmib-0f7b6fcf00f9273a80dfc45f533798fb av_one_full  avia-builder-el-4  el_after_av_section  el_before_av_one_full  avia-builder-el-first  first flex_column_div'   ><section  class='av_textblock_section av-l2y9squj-e76031f6dac70c55a963b220d7b8ed83'  itemscope=\"itemscope\" itemtype=\"https:\/\/schema.org\/CreativeWork\" ><div class='avia_textblock'  itemprop=\"text\" ><h3 style=\"font-weight: bold;\">Alle 4-6-Zoll-Monitore<\/h3>\n<\/div><\/section><br \/>\n<section  class='av_textblock_section av-l2y9tm1e-80c30be322df05d44e75397a617f5c97'  itemscope=\"itemscope\" itemtype=\"https:\/\/schema.org\/CreativeWork\" ><div class='avia_textblock'  itemprop=\"text\" ><p>Die 4-6-Zoll-Fahrzeugmonitore von Luview k\u00f6nnen mit einer Kamera zu einem kompletten visuellen \u00dcberwachungssystem kombiniert werden, das zur R\u00fcckfahr\u00fcberwachung oder f\u00fcr Werbung in Bussen, U-Bahnen usw. verwendet werden kann. Die auf dem Markt befindlichen 4-6 Zoll Monitore verf\u00fcgen jetzt \u00fcber externe Audio-, lesbare SD-Karten-, USB- und andere Funktionen. 4-6-Zoll-Monitore eignen sich f\u00fcr Lastwagen, Busse, Gabelstapler, M\u00e4hdrescher, Feuerwehrfahrzeuge, Grubenfahrzeuge, Hubwagen, technische Fahrzeuge, Bulldozer, M\u00fcllwagen, Tankwagen, Anh\u00e4nger, Schulbusse und andere Fahrzeuge. Luview ist ein professioneller Hersteller von Backup-Monitoren aus China, ob Sie ein Einzelh\u00e4ndler oder ein Gro\u00dfh\u00e4ndler sind, k\u00f6nnen Sie die besten 4-6 Zoll Backup-Kameras mit gutem Preis von uns kaufen, willkommen, uns zu kontaktieren durch <a href=\"mailto:sales@luview.com\"><u>sales@luview.com<\/u><\/a>\u00a0.<\/p>\n<\/div><\/section><br \/>\n<div  class='avia-button-wrap avia-button-left  avia-builder-el-7  el_after_av_textblock  avia-builder-el-last' ><a href='https:\/\/luview.com\/de\/contact\/'  class='avia-button av-l2y9umzk-d16bac7bf4e11df2896cb79984c1e31c avia-icon_select-no avia-size-large avia-position-left avia-color-theme-color' ><span class='avia_iconbox_title' >Jetzt anfragen<\/span><\/a><\/div><\/p><\/div>\n<div class='flex_column av-5hzen-23301fe4c356e81a47b358eb060165d1 av_one_full  avia-builder-el-8  el_after_av_one_full  el_before_av_one_full  first flex_column_div column-top-margin'   ><div  class='avia-product-slider-container av-l2y9wj0i-73d20c12f8899ac2eb23aba17dec6b38 template-shop avia-content-slider avia-content-grid-active shop_columns_3  avia-builder-el-9  avia-builder-el-no-sibling  myproducts avia-content-slider-odd  avia-builder-el-9  avia-builder-el-no-sibling  myproducts avia-product-slider1'  data-autoplay=''  data-interval='5'  data-animation='fade'  data-hoverpause='1' ><div class='avia-content-slider-inner'><ul class=\"products\"><li class=\"product type-product post-44966 status-publish first instock product_cat-4-6-inch-monitors has-post-thumbnail shipping-taxable product-type-simple\">\n\t<div class='inner_product main_color wrapped_style noLightbox  av-product-class-no_button'><a href=\"https:\/\/luview.com\/de\/product\/jy-m430w-4-3-inch-vehicle-split-screen-wireless-backup-monitor\/\" class=\"woocommerce-LoopProduct-link woocommerce-loop-product__link\"><div class='thumbnail_container'><img decoding=\"async\" width=\"600\" height=\"600\" data-src=\"https:\/\/luview.com\/wp-content\/uploads\/2024\/07\/M570W\u5185\u9875-1-600x600.jpg\" class=\"wp-image-36490 avia-img-lazy-loading-36490 attachment-woocommerce_thumbnail size-woocommerce_thumbnail wp-post-image lazyload\"  data-srcset=\"https:\/\/luview.com\/wp-content\/uploads\/2024\/07\/M570W\u5185\u9875-1-600x600.jpg 600w, https:\/\/luview.com\/wp-content\/uploads\/2024\/07\/M570W\u5185\u9875-1-100x100.jpg 100w, https:\/\/luview.com\/wp-content\/uploads\/2024\/07\/M570W\u5185\u9875-1-300x300.jpg 300w, https:\/\/luview.com\/wp-content\/uploads\/2024\/07\/M570W\u5185\u9875-1-80x80.jpg 80w, https:\/\/luview.com\/wp-content\/uploads\/2024\/07\/M570W\u5185\u9875-1-768x768.jpg 768w, https:\/\/luview.com\/wp-content\/uploads\/2024\/07\/M570W\u5185\u9875-1-36x36.jpg 36w, https:\/\/luview.com\/wp-content\/uploads\/2024\/07\/M570W\u5185\u9875-1-180x180.jpg 180w, https:\/\/luview.com\/wp-content\/uploads\/2024\/07\/M570W\u5185\u9875-1-430x430.jpg 430w, https:\/\/luview.com\/wp-content\/uploads\/2024\/07\/M570W\u5185\u9875-1-630x630.jpg 630w, https:\/\/luview.com\/wp-content\/uploads\/2024\/07\/M570W\u5185\u9875-1-705x705.jpg 705w, https:\/\/luview.com\/wp-content\/uploads\/2024\/07\/M570W\u5185\u9875-1-321x321.jpg 321w, https:\/\/luview.com\/wp-content\/uploads\/2024\/07\/M570W\u5185\u9875-1-120x120.jpg 120w, https:\/\/luview.com\/wp-content\/uploads\/2024\/07\/M570W\u5185\u9875-1-450x450.jpg 450w, https:\/\/luview.com\/wp-content\/uploads\/2024\/07\/M570W\u5185\u9875-1-500x500.jpg 500w, https:\/\/luview.com\/wp-content\/uploads\/2024\/07\/M570W\u5185\u9875-1.jpg 800w\" data-sizes=\"(max-width: 600px) 100vw, 600px\" title=\"JY-M430W 4,3-Zoll-Fahrzeug-Split-Screen drahtloser Backup-Monitor\u7f29\u7565\u56fe\" alt=\"JY-M430W 4,3-Zoll-Fahrzeug-Split-Screen drahtloser Backup-Monitor\u7f29\u7565\u56fe\" src=\"data:image\/svg+xml;base64,PHN2ZyB3aWR0aD0iMSIgaGVpZ2h0PSIxIiB4bWxucz0iaHR0cDovL3d3dy53My5vcmcvMjAwMC9zdmciPjwvc3ZnPg==\" style=\"--smush-placeholder-width: 600px; --smush-placeholder-aspect-ratio: 600\/600;\" \/><span class='cart-loading'><\/span><\/div><div class='inner_product_header'><div class='avia-arrow'><\/div><div class='inner_product_header_table'><div class='inner_product_header_cell'><h2 class=\"woocommerce-loop-product__title\">JY-M430W 4,3-Zoll Fahrzeug-Split-Screen drahtloser Backup-Monitor<\/h2>\n<\/div><\/div><\/div><\/a><\/div><\/li>\n<li class=\"product type-product post-25902 status-publish instock product_cat-4-6-inch-monitors has-post-thumbnail shipping-taxable product-type-simple\">\n\t<div class='inner_product main_color wrapped_style noLightbox  av-product-class-no_button'><a href=\"https:\/\/luview.com\/de\/product\/jy-m570w-5-inch-wireless-split-screen-rear-view-monitor\/\" class=\"woocommerce-LoopProduct-link woocommerce-loop-product__link\"><div class='thumbnail_container'><img decoding=\"async\" width=\"600\" height=\"600\" data-src=\"https:\/\/luview.com\/wp-content\/uploads\/2024\/07\/M570W\u9996\u9875\u65b9\u5411-1-600x600.jpg\" class=\"wp-image-36488 avia-img-lazy-loading-36488 attachment-woocommerce_thumbnail size-woocommerce_thumbnail wp-post-image lazyload\"  data-srcset=\"https:\/\/luview.com\/wp-content\/uploads\/2024\/07\/M570W\u9996\u9875\u65b9\u5411-1-600x600.jpg 600w, https:\/\/luview.com\/wp-content\/uploads\/2024\/07\/M570W\u9996\u9875\u65b9\u5411-1-100x100.jpg 100w, https:\/\/luview.com\/wp-content\/uploads\/2024\/07\/M570W\u9996\u9875\u65b9\u5411-1-300x300.jpg 300w, https:\/\/luview.com\/wp-content\/uploads\/2024\/07\/M570W\u9996\u9875\u65b9\u5411-1-80x80.jpg 80w, https:\/\/luview.com\/wp-content\/uploads\/2024\/07\/M570W\u9996\u9875\u65b9\u5411-1-768x768.jpg 768w, https:\/\/luview.com\/wp-content\/uploads\/2024\/07\/M570W\u9996\u9875\u65b9\u5411-1-36x36.jpg 36w, https:\/\/luview.com\/wp-content\/uploads\/2024\/07\/M570W\u9996\u9875\u65b9\u5411-1-180x180.jpg 180w, https:\/\/luview.com\/wp-content\/uploads\/2024\/07\/M570W\u9996\u9875\u65b9\u5411-1-430x430.jpg 430w, https:\/\/luview.com\/wp-content\/uploads\/2024\/07\/M570W\u9996\u9875\u65b9\u5411-1-630x630.jpg 630w, https:\/\/luview.com\/wp-content\/uploads\/2024\/07\/M570W\u9996\u9875\u65b9\u5411-1-705x705.jpg 705w, https:\/\/luview.com\/wp-content\/uploads\/2024\/07\/M570W\u9996\u9875\u65b9\u5411-1-321x321.jpg 321w, https:\/\/luview.com\/wp-content\/uploads\/2024\/07\/M570W\u9996\u9875\u65b9\u5411-1-120x120.jpg 120w, https:\/\/luview.com\/wp-content\/uploads\/2024\/07\/M570W\u9996\u9875\u65b9\u5411-1-450x450.jpg 450w, https:\/\/luview.com\/wp-content\/uploads\/2024\/07\/M570W\u9996\u9875\u65b9\u5411-1-500x500.jpg 500w, https:\/\/luview.com\/wp-content\/uploads\/2024\/07\/M570W\u9996\u9875\u65b9\u5411-1.jpg 800w\" data-sizes=\"(max-width: 600px) 100vw, 600px\" title=\"JY-M570W 5 Zoll drahtloser R\u00fcckfahrmonitor mit geteiltem Bildschirm\u7f29\u7565\u56fe\" alt=\"JY-M570W 5 Zoll drahtloser R\u00fcckfahrmonitor mit geteiltem Bildschirm\u7f29\u7565\u56fe\" src=\"data:image\/svg+xml;base64,PHN2ZyB3aWR0aD0iMSIgaGVpZ2h0PSIxIiB4bWxucz0iaHR0cDovL3d3dy53My5vcmcvMjAwMC9zdmciPjwvc3ZnPg==\" style=\"--smush-placeholder-width: 600px; --smush-placeholder-aspect-ratio: 600\/600;\" \/><span class='cart-loading'><\/span><\/div><div class='inner_product_header'><div class='avia-arrow'><\/div><div class='inner_product_header_table'><div class='inner_product_header_cell'><h2 class=\"woocommerce-loop-product__title\">JY-M570W 5 Zoll drahtloser R\u00fcckfahrmonitor mit geteiltem Bildschirm<\/h2>\n<\/div><\/div><\/div><\/a><\/div><\/li>\n<li class=\"product type-product post-1362 status-publish last instock product_cat-4-6-inch-monitors has-post-thumbnail shipping-taxable product-type-simple\">\n\t<div class='inner_product main_color wrapped_style noLightbox  av-product-class-no_button'><a href=\"https:\/\/luview.com\/de\/product\/jy-m500-5-inch-sunshade-2-channels-input-digital-tft-lcd-monitor\/\" class=\"woocommerce-LoopProduct-link woocommerce-loop-product__link\"><div class='thumbnail_container'><img decoding=\"async\" width=\"600\" height=\"600\" data-src=\"https:\/\/luview.com\/wp-content\/uploads\/2022\/06\/500-600x600.jpg\" class=\"wp-image-25778 avia-img-lazy-loading-25778 attachment-woocommerce_thumbnail size-woocommerce_thumbnail wp-post-image lazyload\"  data-srcset=\"https:\/\/luview.com\/wp-content\/uploads\/2022\/06\/500-600x600.jpg 600w, https:\/\/luview.com\/wp-content\/uploads\/2022\/06\/500-100x100.jpg 100w, https:\/\/luview.com\/wp-content\/uploads\/2022\/06\/500-300x300.jpg 300w, https:\/\/luview.com\/wp-content\/uploads\/2022\/06\/500-80x80.jpg 80w, https:\/\/luview.com\/wp-content\/uploads\/2022\/06\/500-768x768.jpg 768w, https:\/\/luview.com\/wp-content\/uploads\/2022\/06\/500-36x36.jpg 36w, https:\/\/luview.com\/wp-content\/uploads\/2022\/06\/500-180x180.jpg 180w, https:\/\/luview.com\/wp-content\/uploads\/2022\/06\/500-430x430.jpg 430w, https:\/\/luview.com\/wp-content\/uploads\/2022\/06\/500-630x630.jpg 630w, https:\/\/luview.com\/wp-content\/uploads\/2022\/06\/500-705x705.jpg 705w, https:\/\/luview.com\/wp-content\/uploads\/2022\/06\/500-321x321.jpg 321w, https:\/\/luview.com\/wp-content\/uploads\/2022\/06\/500-120x120.jpg 120w, https:\/\/luview.com\/wp-content\/uploads\/2022\/06\/500-450x450.jpg 450w, https:\/\/luview.com\/wp-content\/uploads\/2022\/06\/500.jpg 800w\" data-sizes=\"(max-width: 600px) 100vw, 600px\" title=\"JY-M500 5 Zoll Sonnenschirm 2 Kan\u00e4le Eingang digitaler TFT LCD Monitor\u7f29\u7565\u56fe\" alt=\"JY-M500 5 Zoll Sonnenschirm 2 Kan\u00e4le Eingang digitaler TFT LCD Monitor\u7f29\u7565\u56fe\" src=\"data:image\/svg+xml;base64,PHN2ZyB3aWR0aD0iMSIgaGVpZ2h0PSIxIiB4bWxucz0iaHR0cDovL3d3dy53My5vcmcvMjAwMC9zdmciPjwvc3ZnPg==\" style=\"--smush-placeholder-width: 600px; --smush-placeholder-aspect-ratio: 600\/600;\" \/><span class='cart-loading'><\/span><\/div><div class='inner_product_header'><div class='avia-arrow'><\/div><div class='inner_product_header_table'><div class='inner_product_header_cell'><h2 class=\"woocommerce-loop-product__title\">JY-M500 5 Zoll Sonnenschirm 2 Kan\u00e4le Eingang digitaler TFT LCD Monitor<\/h2>\n<\/div><\/div><\/div><\/a><\/div><\/li>\n<li class=\"product type-product post-1203 status-publish first instock product_cat-4-6-inch-monitors product_cat-waterproof-monitors has-post-thumbnail shipping-taxable product-type-simple\">\n\t<div class='inner_product main_color wrapped_style noLightbox  av-product-class-no_button'><a href=\"https:\/\/luview.com\/de\/product\/jy-m550-2-ch-5-inch-ip69k-waterproof-flipped-image-tft-monitor\/\" class=\"woocommerce-LoopProduct-link woocommerce-loop-product__link\"><div class='thumbnail_container'><img decoding=\"async\" width=\"600\" height=\"600\" data-src=\"https:\/\/luview.com\/wp-content\/uploads\/2022\/06\/M550\u9996\u9875\u65b9\u5411-1-1-600x600.jpg\" class=\"wp-image-35862 avia-img-lazy-loading-35862 attachment-woocommerce_thumbnail size-woocommerce_thumbnail wp-post-image lazyload\"  data-srcset=\"https:\/\/luview.com\/wp-content\/uploads\/2022\/06\/M550\u9996\u9875\u65b9\u5411-1-1-600x600.jpg 600w, https:\/\/luview.com\/wp-content\/uploads\/2022\/06\/M550\u9996\u9875\u65b9\u5411-1-1-100x100.jpg 100w, https:\/\/luview.com\/wp-content\/uploads\/2022\/06\/M550\u9996\u9875\u65b9\u5411-1-1-300x300.jpg 300w, https:\/\/luview.com\/wp-content\/uploads\/2022\/06\/M550\u9996\u9875\u65b9\u5411-1-1-80x80.jpg 80w, https:\/\/luview.com\/wp-content\/uploads\/2022\/06\/M550\u9996\u9875\u65b9\u5411-1-1-768x768.jpg 768w, https:\/\/luview.com\/wp-content\/uploads\/2022\/06\/M550\u9996\u9875\u65b9\u5411-1-1-36x36.jpg 36w, https:\/\/luview.com\/wp-content\/uploads\/2022\/06\/M550\u9996\u9875\u65b9\u5411-1-1-180x180.jpg 180w, https:\/\/luview.com\/wp-content\/uploads\/2022\/06\/M550\u9996\u9875\u65b9\u5411-1-1-430x430.jpg 430w, https:\/\/luview.com\/wp-content\/uploads\/2022\/06\/M550\u9996\u9875\u65b9\u5411-1-1-630x630.jpg 630w, https:\/\/luview.com\/wp-content\/uploads\/2022\/06\/M550\u9996\u9875\u65b9\u5411-1-1-705x705.jpg 705w, https:\/\/luview.com\/wp-content\/uploads\/2022\/06\/M550\u9996\u9875\u65b9\u5411-1-1-321x321.jpg 321w, https:\/\/luview.com\/wp-content\/uploads\/2022\/06\/M550\u9996\u9875\u65b9\u5411-1-1-120x120.jpg 120w, https:\/\/luview.com\/wp-content\/uploads\/2022\/06\/M550\u9996\u9875\u65b9\u5411-1-1-450x450.jpg 450w, https:\/\/luview.com\/wp-content\/uploads\/2022\/06\/M550\u9996\u9875\u65b9\u5411-1-1-500x500.jpg 500w, https:\/\/luview.com\/wp-content\/uploads\/2022\/06\/M550\u9996\u9875\u65b9\u5411-1-1.jpg 800w\" data-sizes=\"(max-width: 600px) 100vw, 600px\" title=\"JY-M550 2 CH 5 Zoll IP69K wasserdichter TFT-Monitor mit umgedrehtem Bild\u7f29\u7565\u56fe\" alt=\"JY-M550 2 CH 5 Zoll IP69K wasserdichter TFT-Monitor mit umgedrehtem Bild\u7f29\u7565\u56fe\" src=\"data:image\/svg+xml;base64,PHN2ZyB3aWR0aD0iMSIgaGVpZ2h0PSIxIiB4bWxucz0iaHR0cDovL3d3dy53My5vcmcvMjAwMC9zdmciPjwvc3ZnPg==\" style=\"--smush-placeholder-width: 600px; --smush-placeholder-aspect-ratio: 600\/600;\" \/><span class='cart-loading'><\/span><\/div><div class='inner_product_header'><div class='avia-arrow'><\/div><div class='inner_product_header_table'><div class='inner_product_header_cell'><h2 class=\"woocommerce-loop-product__title\">JY-M550 2 CH 5 Zoll IP69K wasserdichter TFT Monitor mit umgedrehtem Bild<\/h2>\n<\/div><\/div><\/div><\/a><\/div><\/li>\n<\/ul><\/div><\/div><div class=\"clear\"><\/div><\/div><div class='flex_column av-4ubxv-213bc428d71aa730c5a18fbc0d9954c9 av_one_full  avia-builder-el-0  el_before_av_three_fourth  avia-builder-el-first  first flex_column_div'   ><section  class='av_textblock_section av-4bhe3-b5d2024edd0490f6b2ae124c64cf457e'  itemscope=\"itemscope\" itemtype=\"https:\/\/schema.org\/CreativeWork\" ><div class='avia_textblock'  itemprop=\"text\" ><h3>Vorteile des Luview 4-6 Zoll Fahrzeug-LCD-Monitors<\/h3>\n<p><strong>Kompatibel mit dem Luview-R\u00fcckblick-\u00dcberwachungssystem<\/strong><br \/>\nDas Luview 4-6 Zoll LCD-Monitorsystem kombiniert eine hochaufl\u00f6sende Kamera mit einem digitalen LCD-Monitor. Diese beiden Komponenten arbeiten zusammen, um das Sichtfeld des Fahrers zu verbessern. Sie erweitern das Sichtfeld des Fahrers und erm\u00f6glichen es ihm, das perfekte R\u00fcckfahrbild zu erfassen und m\u00f6gliche Hindernisse rechtzeitig zu erkennen. Aufgrund seiner mehrschichtigen, wasserdichten Konstruktion kann der Luview-Monitor auf Baumaschinen, Erntemaschinen, Baggern und mehr eingesetzt werden.<\/p>\n<p><strong>High quality &amp; waterproof<\/strong><br \/>\nLuview bietet hochaufl\u00f6sende Fahrzeugmonitore f\u00fcr zahlreiche Anwendungen. Unsere 4-6-Zoll-Backup-Monitore bieten auch mehrsprachige Men\u00fcs, so dass sie f\u00fcr den Einsatz in vielen L\u00e4ndern kompatibel sind. Diese Monitore sind au\u00dferdem staub- und vibrationsgesch\u00fctzt und widerstehen hohen und niedrigen Temperaturen, so dass sie auch unter den h\u00e4rtesten Bedingungen eingesetzt werden k\u00f6nnen.<\/p>\n<h3>Merkmale, auf die Sie bei der Auswahl des besten 4-6-Zoll-Monitors achten sollten<\/h3>\n<p>4-6-Zoll-Automonitor mit 2 Videoeing\u00e4ngen, automatischer Umschaltung der R\u00fcckfahrpriorit\u00e4t, klarem Effekt und feiner Bildqualit\u00e4t. Sind Sie immer noch beunruhigt, weil Sie nicht den richtigen R\u00fcckfahrmonitor gefunden haben? Welches ist der beste Fahrzeug-R\u00fcckfahrmonitor? Wenn es die folgenden Funktionen und Eigenschaften hat, dann muss Ihre Wahl richtig sein.<\/p>\n<ol>\n<li>2 Kan\u00e4le Videoeingang, ein Kanal kann f\u00fcr DVD, VCD, TV, GPS, etc. verwendet werden, und der andere Kanal Video ist f\u00fcr die Umkehrung R\u00fcckansicht verwendet.<\/li>\n<li>Nach dem Anschlie\u00dfen der Kamera kann die automatische Umschaltung der R\u00fcckansicht und die automatische Aufweckfunktion realisiert werden.<\/li>\n<li>Automatisches Umschalten beim R\u00fcckw\u00e4rtsfahren: Wenn das Fahrzeug eingeschaltet wird, schaltet es beim R\u00fcckw\u00e4rtsfahren automatisch auf den von der Kamera angezeigten Bildschirm um und schaltet nach dem R\u00fcckw\u00e4rtsfahren automatisch wieder auf den zuvor angezeigten Bildschirm zur\u00fcck. Im Schlafmodus: Beim R\u00fcckw\u00e4rtsfahren schaltet sich das Ger\u00e4t automatisch ein, um die Szene hinter dem Fahrzeug anzuzeigen, und schaltet sich nach dem R\u00fcckw\u00e4rtsfahren automatisch ab.<\/li>\n<li>Spezielle optische Linse, das Display kann als der urspr\u00fcngliche R\u00fcckspiegel verwendet werden, nachdem das Display ausgeschaltet ist, und hat Anti-Glare-Funktion.<\/li>\n<li>Die Installation ist einfach, die Demontage ist bequem, keine Notwendigkeit, das urspr\u00fcngliche Auto zu \u00e4ndern, und der Stil des urspr\u00fcnglichen Autos ist konsistent.<\/li>\n<li>Vollfunktions-Fernbedienung, OSD-Men\u00fc auf Englisch.<\/li>\n<li>Sch\u00f6nes Aussehen, stabile Leistung, klares Bild, helle Farbe, einfache Bedienung<\/li>\n<li>Es werden original importierte Hochfrequenz-Niederwiderstandskomponenten verwendet, die hochfrequente St\u00f6rungen des Motors wirksam verhindern k\u00f6nnen.<\/li>\n<li>Hochwertiger Hochspannungstransformator und stromsparende, helle Hintergrundbeleuchtung zur Verbesserung der Bildsch\u00e4rfe und der Lebensdauer des Produkts.<\/li>\n<li>Die Schale besteht aus importiertem ABS-Kunststoff, der mit importierter, verschlei\u00dffester und alkoholbest\u00e4ndiger Farbe bespr\u00fcht ist, so dass die Schale verschlei\u00dffest ist und nicht leicht altert.<\/li>\n<\/ol>\n<\/div><\/section><\/div><\/p>","protected":false},"excerpt":{"rendered":"","protected":false},"author":1,"featured_media":0,"parent":640,"menu_order":0,"comment_status":"closed","ping_status":"closed","template":"","meta":{"_monsterinsights_skip_tracking":false,"_monsterinsights_sitenote_active":false,"_monsterinsights_sitenote_note":"","_monsterinsights_sitenote_category":0,"footnotes":""},"class_list":["post-644","page","type-page","status-publish","hentry"],"_links":{"self":[{"href":"https:\/\/luview.com\/de\/wp-json\/wp\/v2\/pages\/644","targetHints":{"allow":["GET"]}}],"collection":[{"href":"https:\/\/luview.com\/de\/wp-json\/wp\/v2\/pages"}],"about":[{"href":"https:\/\/luview.com\/de\/wp-json\/wp\/v2\/types\/page"}],"author":[{"embeddable":true,"href":"https:\/\/luview.com\/de\/wp-json\/wp\/v2\/users\/1"}],"replies":[{"embeddable":true,"href":"https:\/\/luview.com\/de\/wp-json\/wp\/v2\/comments?post=644"}],"version-history":[{"count":2,"href":"https:\/\/luview.com\/de\/wp-json\/wp\/v2\/pages\/644\/revisions"}],"predecessor-version":[{"id":44510,"href":"https:\/\/luview.com\/de\/wp-json\/wp\/v2\/pages\/644\/revisions\/44510"}],"up":[{"embeddable":true,"href":"https:\/\/luview.com\/de\/wp-json\/wp\/v2\/pages\/640"}],"wp:attachment":[{"href":"https:\/\/luview.com\/de\/wp-json\/wp\/v2\/media?parent=644"}],"curies":[{"name":"wp","href":"https:\/\/api.w.org\/{rel}","templated":true}]}}