{"id":661,"date":"2022-05-23T11:23:46","date_gmt":"2022-05-23T11:23:46","guid":{"rendered":"https:\/\/luview.com\/?page_id=661"},"modified":"2026-03-10T02:51:04","modified_gmt":"2026-03-10T02:51:04","slug":"ruckspiegelmonitore","status":"publish","type":"page","link":"https:\/\/luview.com\/de\/products\/monitors\/rearview-mirror-monitors\/","title":{"rendered":"R\u00fcckspiegel-Monitore"},"content":{"rendered":"<style type=\"text\/css\" data-created_by=\"avia_inline_auto\" id=\"style-css-av-l2y9d09l-9a59c050fd7cc562363a6e26bd127e73\">\n.avia-section.av-l2y9d09l-9a59c050fd7cc562363a6e26bd127e73{\nbackground-repeat:no-repeat;\nbackground-image:url(https:\/\/luview.com\/wp-content\/uploads\/2024\/08\/0.jpg);\nbackground-position:50% 50%;\nbackground-attachment:scroll;\n}\n.avia-section.av-l2y9d09l-9a59c050fd7cc562363a6e26bd127e73 .av-section-color-overlay{\nopacity:0.8;\nbackground-color:#222222;\n}\n<\/style>\n<div id='av_section_1'  class='avia-section av-l2y9d09l-9a59c050fd7cc562363a6e26bd127e73 main_color avia-section-default avia-no-border-styling  avia-builder-el-0  el_before_av_one_full  avia-builder-el-first  titlebarbox avia-full-stretch avia-bg-style-scroll av-section-color-overlay-active container_wrap sidebar_left'  data-section-bg-repeat='stretch'><div class=\"av-section-color-overlay-wrap\"><div class=\"av-section-color-overlay\"><\/div><div class='container av-section-cont-open' ><main  role=\"main\" itemprop=\"mainContentOfPage\"  class='template-page content  av-content-small units'><div class='post-entry post-entry-type-page post-entry-661'><div class='entry-content-wrapper clearfix'>\n\n<style type=\"text\/css\" data-created_by=\"avia_inline_auto\" id=\"style-css-av-ro2v-a87e36abb91cc5e18f3d0098b40720d3\">\n.flex_column.av-ro2v-a87e36abb91cc5e18f3d0098b40720d3{\npadding:10% 0 10% 0;\n}\n<\/style>\n<div class='flex_column av-ro2v-a87e36abb91cc5e18f3d0098b40720d3 av_one_full  avia-builder-el-1  avia-builder-el-no-sibling  first flex_column_div'   ><style type=\"text\/css\" data-created_by=\"avia_inline_auto\" id=\"style-css-av-l2y9au29-bf07c75c092d3a9f62676db415f615f7\">\n#top .av_textblock_section.av-l2y9au29-bf07c75c092d3a9f62676db415f615f7 .avia_textblock{\ncolor:#ffffff;\ntext-align:center;\n}\n<\/style>\n<section  class='av_textblock_section av-l2y9au29-bf07c75c092d3a9f62676db415f615f7'  itemscope=\"itemscope\" itemtype=\"https:\/\/schema.org\/CreativeWork\" ><div class='avia_textblock av_inherit_color'  itemprop=\"text\" ><h1>R\u00fcckspiegel-Monitore<\/h1>\n<\/div><\/section><br \/>\n<\/p><\/div>\n<\/div><\/div><\/main><!-- close content main element --><\/div><\/div><\/div><div id='after_section_1'  class='main_color av_default_container_wrap container_wrap sidebar_left'  ><div class='container av-section-cont-open' ><div class='template-page content  av-content-small units'><div class='post-entry post-entry-type-page post-entry-661'><div class='entry-content-wrapper clearfix'>\n<div class='flex_column av-6hmib-0f7b6fcf00f9273a80dfc45f533798fb av_one_full  avia-builder-el-4  el_after_av_section  el_before_av_one_full  avia-builder-el-first  first flex_column_div'   ><section  class='av_textblock_section av-l2y9squj-e76031f6dac70c55a963b220d7b8ed83'  itemscope=\"itemscope\" itemtype=\"https:\/\/schema.org\/CreativeWork\" ><div class='avia_textblock'  itemprop=\"text\" ><h3 style=\"font-weight: bold;\">Alle R\u00fcckspiegelmonitore<\/h3>\n<\/div><\/section><br \/>\n<section  class='av_textblock_section av-l2y9tm1e-80c30be322df05d44e75397a617f5c97'  itemscope=\"itemscope\" itemtype=\"https:\/\/schema.org\/CreativeWork\" ><div class='avia_textblock'  itemprop=\"text\" ><p>Luview R\u00fcckspiegelmonitor bietet dem Fahrer nicht nur ein klareres und breiteres Bild der R\u00fcckansicht, sondern integriert auch eine F\u00fclle von ADAS-Funktionen, um das Fahren sicherer zu machen; das raffinierte Design ist voll von Technologie, die den Luftwiderstandsbeiwert und den Energieverbrauch reduzieren kann. Luview entwickelt, fertigt und liefert R\u00fcckspiegel-\u00dcberwachungsl\u00f6sungen f\u00fcr Gro\u00df- und Einzelh\u00e4ndler auf der ganzen Welt, verschiedene Arten von Monitoren k\u00f6nnen angepasst werden, willkommen zu erkundigen durch\u00a0<a href=\"http:\/\/mailto:sales@luview.com\/\">sales@luview.com<\/a>\u00a0.<\/p>\n<\/div><\/section><br \/>\n<div  class='avia-button-wrap avia-button-left  avia-builder-el-7  el_after_av_textblock  avia-builder-el-last' ><a href='https:\/\/luview.com\/de\/contact\/'  class='avia-button av-l2y9umzk-d16bac7bf4e11df2896cb79984c1e31c avia-icon_select-no avia-size-large avia-position-left avia-color-theme-color' ><span class='avia_iconbox_title' >Jetzt anfragen<\/span><\/a><\/div><\/p><\/div>\n<div class='flex_column av-5hzen-23301fe4c356e81a47b358eb060165d1 av_one_full  avia-builder-el-8  el_after_av_one_full  el_before_av_one_full  first flex_column_div column-top-margin'   ><div  class='avia-product-slider-container av-l2y9wj0i-b8ed698bca1bc6b07e3ebd4481a6c00c template-shop avia-content-slider avia-content-grid-active shop_columns_3  avia-builder-el-9  avia-builder-el-no-sibling  myproducts avia-content-slider-odd  avia-builder-el-9  avia-builder-el-no-sibling  myproducts avia-product-slider1'  data-autoplay=''  data-interval='5'  data-animation='fade'  data-hoverpause='1' ><div class='avia-content-slider-inner'><ul class=\"products\"><li class=\"product type-product post-1192 status-publish first instock product_cat-7-inch-monitors product_cat-rearview-mirror-monitors has-post-thumbnail shipping-taxable product-type-simple\">\n\t<div class='inner_product main_color wrapped_style noLightbox  av-product-class-no_button'><a href=\"https:\/\/luview.com\/de\/product\/jy-mr07-7-inch-hd-lcd-rearview-mirror-monitor-with-speaker\/\" class=\"woocommerce-LoopProduct-link woocommerce-loop-product__link\"><div class='thumbnail_container'><img decoding=\"async\" width=\"600\" height=\"600\" data-src=\"https:\/\/luview.com\/wp-content\/uploads\/2022\/06\/MR07\u9996\u9875\u65b9\u5411-1-600x600.jpg\" class=\"wp-image-36567 avia-img-lazy-loading-36567 attachment-woocommerce_thumbnail size-woocommerce_thumbnail wp-post-image lazyload\"  data-srcset=\"https:\/\/luview.com\/wp-content\/uploads\/2022\/06\/MR07\u9996\u9875\u65b9\u5411-1-600x600.jpg 600w, https:\/\/luview.com\/wp-content\/uploads\/2022\/06\/MR07\u9996\u9875\u65b9\u5411-1-100x100.jpg 100w, https:\/\/luview.com\/wp-content\/uploads\/2022\/06\/MR07\u9996\u9875\u65b9\u5411-1-300x300.jpg 300w, https:\/\/luview.com\/wp-content\/uploads\/2022\/06\/MR07\u9996\u9875\u65b9\u5411-1-80x80.jpg 80w, https:\/\/luview.com\/wp-content\/uploads\/2022\/06\/MR07\u9996\u9875\u65b9\u5411-1-768x768.jpg 768w, https:\/\/luview.com\/wp-content\/uploads\/2022\/06\/MR07\u9996\u9875\u65b9\u5411-1-36x36.jpg 36w, https:\/\/luview.com\/wp-content\/uploads\/2022\/06\/MR07\u9996\u9875\u65b9\u5411-1-180x180.jpg 180w, https:\/\/luview.com\/wp-content\/uploads\/2022\/06\/MR07\u9996\u9875\u65b9\u5411-1-430x430.jpg 430w, https:\/\/luview.com\/wp-content\/uploads\/2022\/06\/MR07\u9996\u9875\u65b9\u5411-1-630x630.jpg 630w, https:\/\/luview.com\/wp-content\/uploads\/2022\/06\/MR07\u9996\u9875\u65b9\u5411-1-705x705.jpg 705w, https:\/\/luview.com\/wp-content\/uploads\/2022\/06\/MR07\u9996\u9875\u65b9\u5411-1-321x321.jpg 321w, https:\/\/luview.com\/wp-content\/uploads\/2022\/06\/MR07\u9996\u9875\u65b9\u5411-1-120x120.jpg 120w, https:\/\/luview.com\/wp-content\/uploads\/2022\/06\/MR07\u9996\u9875\u65b9\u5411-1-450x450.jpg 450w, https:\/\/luview.com\/wp-content\/uploads\/2022\/06\/MR07\u9996\u9875\u65b9\u5411-1-500x500.jpg 500w, https:\/\/luview.com\/wp-content\/uploads\/2022\/06\/MR07\u9996\u9875\u65b9\u5411-1.jpg 800w\" data-sizes=\"(max-width: 600px) 100vw, 600px\" title=\"JY-MR07 7 Zoll HD lcd R\u00fcckspiegel Monitor mit Lautsprecher\u7f29\u7565\u56fe\" alt=\"JY-MR07 7 Zoll HD lcd R\u00fcckspiegel Monitor mit Lautsprecher\u7f29\u7565\u56fe\" src=\"data:image\/svg+xml;base64,PHN2ZyB3aWR0aD0iMSIgaGVpZ2h0PSIxIiB4bWxucz0iaHR0cDovL3d3dy53My5vcmcvMjAwMC9zdmciPjwvc3ZnPg==\" style=\"--smush-placeholder-width: 600px; --smush-placeholder-aspect-ratio: 600\/600;\" \/><span class='cart-loading'><\/span><\/div><div class='inner_product_header'><div class='avia-arrow'><\/div><div class='inner_product_header_table'><div class='inner_product_header_cell'><h2 class=\"woocommerce-loop-product__title\">JY-MR07 7 Zoll HD lcd R\u00fcckspiegel Monitor mit Lautsprecher<\/h2>\n<\/div><\/div><\/div><\/a><\/div><\/li>\n<\/ul><\/div><\/div><div class=\"clear\"><\/div><\/div><div class='flex_column av-4ubxv-213bc428d71aa730c5a18fbc0d9954c9 av_one_full  avia-builder-el-0  el_before_av_three_fourth  avia-builder-el-first  first flex_column_div'   ><section  class='av_textblock_section av-4bhe3-b5d2024edd0490f6b2ae124c64cf457e'  itemscope=\"itemscope\" itemtype=\"https:\/\/schema.org\/CreativeWork\" ><div class='avia_textblock'  itemprop=\"text\" ><h3>Was ist ein R\u00fcckspiegelmonitor?<\/h3>\n<p>R\u00fcckspiegel\u00fcberwachungssysteme ersetzen den herk\u00f6mmlichen R\u00fcckspiegel durch digitale Funktionen. Sie sind eine hervorragende Erg\u00e4nzung f\u00fcr Fahrzeuge, die nicht \u00fcber integrierte R\u00fcckfahrkameras verf\u00fcgen. Diese Kameras helfen dem Fahrer nicht nur, Staus zu vermeiden und sicherer r\u00fcckw\u00e4rts zu fahren, sondern sie k\u00f6nnen auch Unf\u00e4lle verhindern, indem sie ihm erm\u00f6glichen, zu sehen, was sich hinter seinem Fahrzeug befindet. Der Monitor ist auch f\u00fcr Fahrer n\u00fctzlich, die sich im toten Winkel befinden, da er ihnen helfen kann, Gefahren und andere Fahrzeuge im R\u00fcckspiegel zu sehen.<\/p>\n<h3>Wie funktioniert der R\u00fcckspiegelmonitor?<\/h3>\n<p>Wenn Sie k\u00fcrzlich ein neues digitales Spiegel\u00fcberwachungssystem f\u00fcr Ihr Fahrzeug gekauft haben, fragen Sie sich wahrscheinlich, wie es funktioniert.<\/p>\n<p>Im Gegensatz zu einem herk\u00f6mmlichen R\u00fcckspiegel zeigt ein digitaler Spiegel ein Videobild von einer Kamera an, die an der Seite des Fahrzeugs angebracht ist. Dies kann Ihnen helfen, tote Winkel w\u00e4hrend der Fahrt zu vermeiden und sogar das Einparken zu erleichtern. Der Monitor ist mit den meisten Fahrzeugmodellen kompatibel. Bei einigen Modellen von Spiegelmonitoren k\u00f6nnen Sie den Modus der Videoanzeige \u00e4ndern. Einige Spiegelmonitore verf\u00fcgen sogar \u00fcber einen adaptiven Fahrmodus. Dieser Modus hilft Ihnen, den Modus auszuw\u00e4hlen, der f\u00fcr Ihre Fahraufgabe am besten geeignet ist.<\/p>\n<h3>Vorteile des R\u00fcckspiegelmonitors<\/h3>\n<p>R\u00fcckspiegelmonitore bieten viele Vorteile f\u00fcr Autofahrer.<\/p>\n<ol>\n<li><b><\/b><strong><b>Verbesserung der Reaktionsgeschwindigkeit<\/b><\/strong><\/li>\n<\/ol>\n<p>R\u00fcckspiegelmonitore k\u00f6nnten<strong><b>\u00a0<\/b><\/strong>reduzieren die Zeit, die der Fahrer damit verbringt, zu beobachten, was hinter ihm ist. Der Weitwinkel-Blickwinkel der Kamera bietet dem Fahrer eine hervorragende Sicht.<\/p>\n<ol start=\"2\">\n<li><b><\/b><strong><b>geeignet f\u00fcr Nachtfahrten<\/b><\/strong><\/li>\n<\/ol>\n<p>Die digitale Anzeige des R\u00fcckspiegels ist kristallklar und verhindert die Blendung durch die Heckscheinwerfer. Diese Funktion ist ideal f\u00fcr Fahrten bei Nacht, da man nicht mehr den Spiegel benutzen muss, um die Umgebung zu \u00fcberpr\u00fcfen.<\/p>\n<ol start=\"3\">\n<li><b><\/b><strong><b>Eine hochaufl\u00f6sende Ansicht<\/b><\/strong><\/li>\n<\/ol>\n<p>Spiegel sind unpraktisch, wenn ein Fahrer schlecht sieht. Spiegel reflektieren das Licht von vorhandenen Objekten und m\u00fcssen zu den Augen des Fahrers gelangen. Daher sehen viele Fahrer schlecht, auch solche mit altersbedingter Weitsichtigkeit. Gl\u00fccklicherweise l\u00e4sst sich dieses Problem mit einem R\u00fcckspiegelmonitor l\u00f6sen. Dieses Ger\u00e4t \u00fcbertr\u00e4gt die Bilder auf ein Display und macht sie so viel n\u00e4her und besser sichtbar.<\/p>\n<ol start=\"4\">\n<li><b><\/b><strong><b>Einsetzbar bei schlechtem Wetter<\/b><\/strong><\/li>\n<\/ol>\n<p>Viertens bietet ein R\u00fcckspiegelmonitor dem Fahrer mehr Schutz bei schlechtem Wetter. Im Gegensatz zu Spiegeln, die anf\u00e4llig f\u00fcr Besch\u00e4digungen sind, kann eine digitale Version bei jedem Wetter verwendet werden. Da die Kamera au\u00dferhalb des Fahrzeugs angebracht ist, kann sie auch durch Nebel oder Regen sehen. Ein digitaler R\u00fcckspiegelmonitor verwendet eine andere Art von Display, das Regen und Schnee herausfiltern kann, um klare Bilder des Gegenverkehrs zu projizieren. Dies ist eine gro\u00dfartige Option f\u00fcr die Sicherheit des Fahrers und f\u00fcr Kosteneinsparungen.<\/p>\n<h3>Wie man den R\u00fcckspiegelmonitor installiert<\/h3>\n<p>Achten Sie beim Kauf eines R\u00fcckspiegelmonitors darauf, dass Sie ein Modell w\u00e4hlen, das einfach zu installieren und zu bedienen ist. Einige Modelle sind kompliziert einzubauen und daher f\u00fcr Anf\u00e4nger weniger geeignet. Wenn Sie nicht viel Zeit f\u00fcr die Installation aufwenden k\u00f6nnen, sollten Sie sich f\u00fcr ein einfaches Ger\u00e4t entscheiden, das wie ein R\u00fcckspiegel montiert wird. Es ist ratsam, vor dem Kauf eines neuen Ger\u00e4ts die Aufl\u00f6sung und die Ausrichtung des Bildschirms zu \u00fcberpr\u00fcfen.<\/p>\n<p>Vergewissern Sie sich, dass der Hersteller eine ausf\u00fchrliche Anleitung f\u00fcr die Installation anbietet. Einige Systeme erfordern eine Programmierung und zus\u00e4tzliche Einstellungen. M\u00f6glicherweise m\u00fcssen Sie mit dem elektrischen System Ihres Fahrzeugs arbeiten, um diese Funktionen zu installieren. Denken Sie daran, dass der Einbau eines R\u00fcckspiegelmonitorsystems ein Heimwerkerprojekt ist und einige technische Kenntnisse erfordert. Aber wenn Sie den Monitor einmal installiert haben, sind Sie auf dem besten Weg zu einem sichereren und bequemeren Fahrerlebnis.<\/p>\n<p>In einigen F\u00e4llen kann das System zus\u00e4tzliches Zubeh\u00f6r wie R\u00fcckfahrsensoren oder R\u00fcckfahrkameras erfordern. Unabh\u00e4ngig davon, f\u00fcr welche Art von Monitor Sie sich entscheiden, sollten Sie alle Anweisungen sorgf\u00e4ltig und gr\u00fcndlich befolgen.<\/p>\n<h3>Merkmale, auf die Sie bei der Auswahl des besten R\u00fcckspiegelmonitors achten sollten<\/h3>\n<p>Beim Kauf eines R\u00fcckspiegelmonitors sollte man auf eine Reihe von Merkmalen achten. Einige der besten Ger\u00e4te verf\u00fcgen \u00fcber einen Touchscreen, der \u00fcber die Tasten des Spiegels bedient werden kann. Die Touchscreens dieser Ger\u00e4te bieten Ihnen eine viel bessere Sicht auf die Stra\u00dfe und k\u00f6nnen Ihnen helfen, die Helligkeit des Bildschirms einzustellen, um Ihre Sicht bei schlechten Lichtverh\u00e4ltnissen zu verbessern.<\/p>\n<p>Einige sind auch multikameraf\u00e4hig, was Ihnen noch mehr M\u00f6glichkeiten bietet. Sie bieten auch Bild-im-Bild- oder Vollbild-Ansichten und sind damit perfekt f\u00fcr Fahrer, die unterwegs sind.<\/p>\n<h3>Wie viel kostet ein R\u00fcckspiegelmonitor?<\/h3>\n<p>R\u00fcckspiegelmonitore ersetzen die herk\u00f6mmlichen Spiegel durch digitale Funktionen. Sie k\u00f6nnen sogar in Fahrzeuge eingebaut werden, die nicht \u00fcber ein R\u00fcckfahrkamerasystem verf\u00fcgen. Diese R\u00fcckfahrkameras sind mehr als ein einfacher Spiegelersatz. Sie helfen dem Fahrer, seine Umgebung zu erkennen, um Verz\u00f6gerungen und Unf\u00e4lle zu vermeiden. Au\u00dferdem helfen sie dem Fahrer, auf tote Winkel zu achten. Wie viel kostet ein R\u00fcckspiegelmonitor? Lesen Sie weiter und finden Sie es heraus!<\/p>\n<p>Der Preis eines R\u00fcckspiegel\u00fcberwachungssystems h\u00e4ngt von der Anzahl der Funktionen ab, die es enth\u00e4lt. Einige Modelle sind mit R\u00fcckfahrsensoren oder R\u00fcckfahrkameras ausgestattet. Andere haben nur den R\u00fcckspiegel. Die Installation kann kompliziert sein, ist aber die zus\u00e4tzlichen Kosten wert. Lesen Sie vor dem Kauf eines R\u00fcckspiegel\u00fcberwachungssystems unbedingt die Bedienungsanleitung. Einige Systeme erfordern eine zus\u00e4tzliche Programmierung oder Einrichtung, um ordnungsgem\u00e4\u00df zu funktionieren. Erkundigen Sie sich unbedingt bei Ihrem H\u00e4ndler, bevor Sie Geld f\u00fcr diese Nachr\u00fcstung ausgeben.<\/p>\n<p>Die meisten R\u00fcckspiegelmonitore verwenden eine Videokamera. Je nach Ihren Bed\u00fcrfnissen gibt es verschiedene Arten von Modellen. Die meisten Modelle sind mit einer eingebauten Kamera ausgestattet, w\u00e4hrend andere direkt am Spiegel montiert werden. Die Kamera muss in der Lage sein, Videos aus allen Blickwinkeln aufzunehmen. Je nach Ihren Anforderungen sollten Sie die L\u00e4nge des Kabels ber\u00fccksichtigen, um sicherzustellen, dass Sie kein zu kurzes Kabel erhalten.<\/p>\n<p>R\u00fcckspiegelbildschirme gibt es von sehr g\u00fcnstigen bis hin zu teuren Modellen. F\u00fcr weniger als $100 k\u00f6nnen Sie einen guten LCD-Bildschirm mit Touch-Bedienung bekommen. Diese werden wahrscheinlich auf Ihren vorhandenen Spiegel passen, und einige werden eine Dash-Kamera enthalten. Andere Bildschirme haben mehr Funktionen und kosten etwa $200 oder mehr. Viele dieser Ger\u00e4te verf\u00fcgen auch \u00fcber eine Fahrspurassistenz, ein Einparkhilfesystem und mehr. Die Qualit\u00e4t der angezeigten Videos h\u00e4ngt von Ihren Bed\u00fcrfnissen ab, aber Sie werden sich hinter dem Steuer sicherer und selbstbewusster f\u00fchlen.<\/p>\n<\/div><\/section><\/div><\/p>","protected":false},"excerpt":{"rendered":"","protected":false},"author":1,"featured_media":0,"parent":640,"menu_order":0,"comment_status":"closed","ping_status":"closed","template":"","meta":{"_monsterinsights_skip_tracking":false,"_monsterinsights_sitenote_active":false,"_monsterinsights_sitenote_note":"","_monsterinsights_sitenote_category":0,"footnotes":""},"class_list":["post-661","page","type-page","status-publish","hentry"],"_links":{"self":[{"href":"https:\/\/luview.com\/de\/wp-json\/wp\/v2\/pages\/661","targetHints":{"allow":["GET"]}}],"collection":[{"href":"https:\/\/luview.com\/de\/wp-json\/wp\/v2\/pages"}],"about":[{"href":"https:\/\/luview.com\/de\/wp-json\/wp\/v2\/types\/page"}],"author":[{"embeddable":true,"href":"https:\/\/luview.com\/de\/wp-json\/wp\/v2\/users\/1"}],"replies":[{"embeddable":true,"href":"https:\/\/luview.com\/de\/wp-json\/wp\/v2\/comments?post=661"}],"version-history":[{"count":3,"href":"https:\/\/luview.com\/de\/wp-json\/wp\/v2\/pages\/661\/revisions"}],"predecessor-version":[{"id":44516,"href":"https:\/\/luview.com\/de\/wp-json\/wp\/v2\/pages\/661\/revisions\/44516"}],"up":[{"embeddable":true,"href":"https:\/\/luview.com\/de\/wp-json\/wp\/v2\/pages\/640"}],"wp:attachment":[{"href":"https:\/\/luview.com\/de\/wp-json\/wp\/v2\/media?parent=661"}],"curies":[{"name":"wp","href":"https:\/\/api.w.org\/{rel}","templated":true}]}}