{"id":663,"date":"2022-05-23T14:43:18","date_gmt":"2022-05-23T14:43:18","guid":{"rendered":"https:\/\/luview.com\/?page_id=663"},"modified":"2026-03-10T02:51:32","modified_gmt":"2026-03-10T02:51:32","slug":"wasserdichte-monitore","status":"publish","type":"page","link":"https:\/\/luview.com\/de\/products\/monitors\/waterproof-monitors\/","title":{"rendered":"Wasserdichte Monitore"},"content":{"rendered":"<style type=\"text\/css\" data-created_by=\"avia_inline_auto\" id=\"style-css-av-l2y9d09l-9a59c050fd7cc562363a6e26bd127e73\">\n.avia-section.av-l2y9d09l-9a59c050fd7cc562363a6e26bd127e73{\nbackground-repeat:no-repeat;\nbackground-image:url(https:\/\/luview.com\/wp-content\/uploads\/2024\/08\/0.jpg);\nbackground-position:50% 50%;\nbackground-attachment:scroll;\n}\n.avia-section.av-l2y9d09l-9a59c050fd7cc562363a6e26bd127e73 .av-section-color-overlay{\nopacity:0.8;\nbackground-color:#222222;\n}\n<\/style>\n<div id='av_section_1'  class='avia-section av-l2y9d09l-9a59c050fd7cc562363a6e26bd127e73 main_color avia-section-default avia-no-border-styling  avia-builder-el-0  el_before_av_one_full  avia-builder-el-first  titlebarbox avia-full-stretch avia-bg-style-scroll av-section-color-overlay-active container_wrap sidebar_left'  data-section-bg-repeat='stretch'><div class=\"av-section-color-overlay-wrap\"><div class=\"av-section-color-overlay\"><\/div><div class='container av-section-cont-open' ><main  role=\"main\" itemprop=\"mainContentOfPage\"  class='template-page content  av-content-small units'><div class='post-entry post-entry-type-page post-entry-663'><div class='entry-content-wrapper clearfix'>\n\n<style type=\"text\/css\" data-created_by=\"avia_inline_auto\" id=\"style-css-av-ro2v-a87e36abb91cc5e18f3d0098b40720d3\">\n.flex_column.av-ro2v-a87e36abb91cc5e18f3d0098b40720d3{\npadding:10% 0 10% 0;\n}\n<\/style>\n<div class='flex_column av-ro2v-a87e36abb91cc5e18f3d0098b40720d3 av_one_full  avia-builder-el-1  avia-builder-el-no-sibling  first flex_column_div'   ><style type=\"text\/css\" data-created_by=\"avia_inline_auto\" id=\"style-css-av-l2y9au29-bf07c75c092d3a9f62676db415f615f7\">\n#top .av_textblock_section.av-l2y9au29-bf07c75c092d3a9f62676db415f615f7 .avia_textblock{\ncolor:#ffffff;\ntext-align:center;\n}\n<\/style>\n<section  class='av_textblock_section av-l2y9au29-bf07c75c092d3a9f62676db415f615f7'  itemscope=\"itemscope\" itemtype=\"https:\/\/schema.org\/CreativeWork\" ><div class='avia_textblock av_inherit_color'  itemprop=\"text\" ><h1>Wasserdichte Monitore<\/h1>\n<\/div><\/section><br \/>\n<\/p><\/div>\n<\/div><\/div><\/main><!-- close content main element --><\/div><\/div><\/div><div id='after_section_1'  class='main_color av_default_container_wrap container_wrap sidebar_left'  ><div class='container av-section-cont-open' ><div class='template-page content  av-content-small units'><div class='post-entry post-entry-type-page post-entry-663'><div class='entry-content-wrapper clearfix'>\n<div class='flex_column av-6hmib-0f7b6fcf00f9273a80dfc45f533798fb av_one_full  avia-builder-el-4  el_after_av_section  el_before_av_one_full  avia-builder-el-first  first flex_column_div'   ><section  class='av_textblock_section av-l2y9squj-e76031f6dac70c55a963b220d7b8ed83'  itemscope=\"itemscope\" itemtype=\"https:\/\/schema.org\/CreativeWork\" ><div class='avia_textblock'  itemprop=\"text\" ><h3 style=\"font-weight: bold;\">Alle wasserdichten Monitore<\/h3>\n<\/div><\/section><br \/>\n<section  class='av_textblock_section av-l2y9tm1e-80c30be322df05d44e75397a617f5c97'  itemscope=\"itemscope\" itemtype=\"https:\/\/schema.org\/CreativeWork\" ><div class='avia_textblock'  itemprop=\"text\" ><p>Mit der rasanten Entwicklung der Gesellschaft, die Verwendung von Backup-Monitore ist immer mehr und mehr \u00fcblich, aber die wasserdichte Funktion der Backup-Monitore ist auch ein Problem, das wir brauchen, um \u00fcber, vor allem f\u00fcr Outdoor-Backup-Monitore besorgt. Luview ist ein professioneller Hersteller und Lieferant von wasserdichten Kamera-Monitoren aus China. Wir akzeptieren OEM, ODM und andere kundenspezifische wasserdichte Monitor-Bestellungen und bieten eine L\u00f6sung aus einer Hand, bitte mailen Sie <a href=\"mailto:sales@luview.com\"><u>sales@luview.com<\/u><\/a>\u00a0wenn Sie einen solchen Bedarf haben.<\/p>\n<\/div><\/section><br \/>\n<div  class='avia-button-wrap avia-button-left  avia-builder-el-7  el_after_av_textblock  avia-builder-el-last' ><a href='https:\/\/luview.com\/de\/contact\/'  class='avia-button av-l2y9umzk-d16bac7bf4e11df2896cb79984c1e31c avia-icon_select-no avia-size-large avia-position-left avia-color-theme-color' ><span class='avia_iconbox_title' >Jetzt anfragen<\/span><\/a><\/div><\/p><\/div>\n<div class='flex_column av-5hzen-23301fe4c356e81a47b358eb060165d1 av_one_full  avia-builder-el-8  el_after_av_one_full  el_before_av_one_full  first flex_column_div column-top-margin'   ><div  class='avia-product-slider-container av-l2y9wj0i-0bc2b166ec09a979217e894406115c6c template-shop avia-content-slider avia-content-grid-active shop_columns_3  avia-builder-el-9  avia-builder-el-no-sibling  myproducts avia-content-slider-odd  avia-builder-el-9  avia-builder-el-no-sibling  myproducts avia-product-slider1'  data-autoplay=''  data-interval='5'  data-animation='fade'  data-hoverpause='1' ><div class='avia-content-slider-inner'><ul class=\"products\"><li class=\"product type-product post-26113 status-publish first instock product_cat-7-inch-monitors product_cat-waterproof-monitors has-post-thumbnail shipping-taxable product-type-simple\">\n\t<div class='inner_product main_color wrapped_style noLightbox  av-product-class-no_button'><a href=\"https:\/\/luview.com\/de\/product\/jy-m756-7-inch-4-channel-lcd-waterproof-rear-view-monitor-for-truck-bus-tailer\/\" class=\"woocommerce-LoopProduct-link woocommerce-loop-product__link\"><div class='thumbnail_container'><img decoding=\"async\" width=\"600\" height=\"600\" data-src=\"https:\/\/luview.com\/wp-content\/uploads\/2024\/09\/M756\u9996\u9875\u65b9\u5411-1--600x600.jpg\" class=\"wp-image-36518 avia-img-lazy-loading-36518 attachment-woocommerce_thumbnail size-woocommerce_thumbnail wp-post-image lazyload\"  data-srcset=\"https:\/\/luview.com\/wp-content\/uploads\/2024\/09\/M756\u9996\u9875\u65b9\u5411-1--600x600.jpg 600w, https:\/\/luview.com\/wp-content\/uploads\/2024\/09\/M756\u9996\u9875\u65b9\u5411-1--100x100.jpg 100w, https:\/\/luview.com\/wp-content\/uploads\/2024\/09\/M756\u9996\u9875\u65b9\u5411-1--300x300.jpg 300w, https:\/\/luview.com\/wp-content\/uploads\/2024\/09\/M756\u9996\u9875\u65b9\u5411-1--80x80.jpg 80w, https:\/\/luview.com\/wp-content\/uploads\/2024\/09\/M756\u9996\u9875\u65b9\u5411-1--768x768.jpg 768w, https:\/\/luview.com\/wp-content\/uploads\/2024\/09\/M756\u9996\u9875\u65b9\u5411-1--36x36.jpg 36w, https:\/\/luview.com\/wp-content\/uploads\/2024\/09\/M756\u9996\u9875\u65b9\u5411-1--180x180.jpg 180w, https:\/\/luview.com\/wp-content\/uploads\/2024\/09\/M756\u9996\u9875\u65b9\u5411-1--430x430.jpg 430w, https:\/\/luview.com\/wp-content\/uploads\/2024\/09\/M756\u9996\u9875\u65b9\u5411-1--630x630.jpg 630w, https:\/\/luview.com\/wp-content\/uploads\/2024\/09\/M756\u9996\u9875\u65b9\u5411-1--705x705.jpg 705w, https:\/\/luview.com\/wp-content\/uploads\/2024\/09\/M756\u9996\u9875\u65b9\u5411-1--321x321.jpg 321w, https:\/\/luview.com\/wp-content\/uploads\/2024\/09\/M756\u9996\u9875\u65b9\u5411-1--120x120.jpg 120w, https:\/\/luview.com\/wp-content\/uploads\/2024\/09\/M756\u9996\u9875\u65b9\u5411-1--450x450.jpg 450w, https:\/\/luview.com\/wp-content\/uploads\/2024\/09\/M756\u9996\u9875\u65b9\u5411-1--500x500.jpg 500w, https:\/\/luview.com\/wp-content\/uploads\/2024\/09\/M756\u9996\u9875\u65b9\u5411-1-.jpg 800w\" data-sizes=\"(max-width: 600px) 100vw, 600px\" title=\"JY-M756 7 Zoll 4 Kanal LCD wasserdichte R\u00fcckfahrkamera f\u00fcr LKW Bus Anh\u00e4nger\u7f29\u7565\u56fe\" alt=\"JY-M756 7 Zoll 4 Kanal LCD wasserdichte R\u00fcckfahrkamera f\u00fcr LKW Bus Anh\u00e4nger\u7f29\u7565\u56fe\" src=\"data:image\/svg+xml;base64,PHN2ZyB3aWR0aD0iMSIgaGVpZ2h0PSIxIiB4bWxucz0iaHR0cDovL3d3dy53My5vcmcvMjAwMC9zdmciPjwvc3ZnPg==\" style=\"--smush-placeholder-width: 600px; --smush-placeholder-aspect-ratio: 600\/600;\" \/><span class='cart-loading'><\/span><\/div><div class='inner_product_header'><div class='avia-arrow'><\/div><div class='inner_product_header_table'><div class='inner_product_header_cell'><h2 class=\"woocommerce-loop-product__title\">JY-M756 7 Zoll 4 Kanal LCD wasserdichte R\u00fcckfahrkamera f\u00fcr LKW Bus Anh\u00e4nger<\/h2>\n<\/div><\/div><\/div><\/a><\/div><\/li>\n<li class=\"product type-product post-1204 status-publish instock product_cat-7-inch-monitors product_cat-waterproof-monitors has-post-thumbnail shipping-taxable product-type-simple\">\n\t<div class='inner_product main_color wrapped_style noLightbox  av-product-class-no_button'><a href=\"https:\/\/luview.com\/de\/product\/jy-m755-4-ch-7-inch-ip67-waterproof-digital-ahd-lcd-monitor\/\" class=\"woocommerce-LoopProduct-link woocommerce-loop-product__link\"><div class='thumbnail_container'><img decoding=\"async\" width=\"600\" height=\"600\" data-src=\"https:\/\/luview.com\/wp-content\/uploads\/2022\/06\/M755\u9996\u9875\u65b9\u5411-1-600x600.jpg\" class=\"wp-image-36514 avia-img-lazy-loading-36514 attachment-woocommerce_thumbnail size-woocommerce_thumbnail wp-post-image lazyload\"  data-srcset=\"https:\/\/luview.com\/wp-content\/uploads\/2022\/06\/M755\u9996\u9875\u65b9\u5411-1-600x600.jpg 600w, https:\/\/luview.com\/wp-content\/uploads\/2022\/06\/M755\u9996\u9875\u65b9\u5411-1-100x100.jpg 100w, https:\/\/luview.com\/wp-content\/uploads\/2022\/06\/M755\u9996\u9875\u65b9\u5411-1-300x300.jpg 300w, https:\/\/luview.com\/wp-content\/uploads\/2022\/06\/M755\u9996\u9875\u65b9\u5411-1-80x80.jpg 80w, https:\/\/luview.com\/wp-content\/uploads\/2022\/06\/M755\u9996\u9875\u65b9\u5411-1-768x768.jpg 768w, https:\/\/luview.com\/wp-content\/uploads\/2022\/06\/M755\u9996\u9875\u65b9\u5411-1-36x36.jpg 36w, https:\/\/luview.com\/wp-content\/uploads\/2022\/06\/M755\u9996\u9875\u65b9\u5411-1-180x180.jpg 180w, https:\/\/luview.com\/wp-content\/uploads\/2022\/06\/M755\u9996\u9875\u65b9\u5411-1-430x430.jpg 430w, https:\/\/luview.com\/wp-content\/uploads\/2022\/06\/M755\u9996\u9875\u65b9\u5411-1-630x630.jpg 630w, https:\/\/luview.com\/wp-content\/uploads\/2022\/06\/M755\u9996\u9875\u65b9\u5411-1-705x705.jpg 705w, https:\/\/luview.com\/wp-content\/uploads\/2022\/06\/M755\u9996\u9875\u65b9\u5411-1-321x321.jpg 321w, https:\/\/luview.com\/wp-content\/uploads\/2022\/06\/M755\u9996\u9875\u65b9\u5411-1-120x120.jpg 120w, https:\/\/luview.com\/wp-content\/uploads\/2022\/06\/M755\u9996\u9875\u65b9\u5411-1-450x450.jpg 450w, https:\/\/luview.com\/wp-content\/uploads\/2022\/06\/M755\u9996\u9875\u65b9\u5411-1-500x500.jpg 500w, https:\/\/luview.com\/wp-content\/uploads\/2022\/06\/M755\u9996\u9875\u65b9\u5411-1.jpg 800w\" data-sizes=\"(max-width: 600px) 100vw, 600px\" title=\"JY-M755 4 CH 7 Zoll IP67 wasserdichter digitaler AHD LCD Monitor\u7f29\u7565\u56fe\" alt=\"JY-M755 4 CH 7 Zoll IP67 wasserdichter digitaler AHD LCD Monitor\u7f29\u7565\u56fe\" src=\"data:image\/svg+xml;base64,PHN2ZyB3aWR0aD0iMSIgaGVpZ2h0PSIxIiB4bWxucz0iaHR0cDovL3d3dy53My5vcmcvMjAwMC9zdmciPjwvc3ZnPg==\" style=\"--smush-placeholder-width: 600px; --smush-placeholder-aspect-ratio: 600\/600;\" \/><span class='cart-loading'><\/span><\/div><div class='inner_product_header'><div class='avia-arrow'><\/div><div class='inner_product_header_table'><div class='inner_product_header_cell'><h2 class=\"woocommerce-loop-product__title\">JY-M755 4 CH 7 Zoll IP67 wasserdichter digitaler AHD LCD Monitor<\/h2>\n<\/div><\/div><\/div><\/a><\/div><\/li>\n<li class=\"product type-product post-1203 status-publish last instock product_cat-4-6-inch-monitors product_cat-waterproof-monitors has-post-thumbnail shipping-taxable product-type-simple\">\n\t<div class='inner_product main_color wrapped_style noLightbox  av-product-class-no_button'><a href=\"https:\/\/luview.com\/de\/product\/jy-m550-2-ch-5-inch-ip69k-waterproof-flipped-image-tft-monitor\/\" class=\"woocommerce-LoopProduct-link woocommerce-loop-product__link\"><div class='thumbnail_container'><img decoding=\"async\" width=\"600\" height=\"600\" data-src=\"https:\/\/luview.com\/wp-content\/uploads\/2022\/06\/M550\u9996\u9875\u65b9\u5411-1-1-600x600.jpg\" class=\"wp-image-35862 avia-img-lazy-loading-35862 attachment-woocommerce_thumbnail size-woocommerce_thumbnail wp-post-image lazyload\"  data-srcset=\"https:\/\/luview.com\/wp-content\/uploads\/2022\/06\/M550\u9996\u9875\u65b9\u5411-1-1-600x600.jpg 600w, https:\/\/luview.com\/wp-content\/uploads\/2022\/06\/M550\u9996\u9875\u65b9\u5411-1-1-100x100.jpg 100w, https:\/\/luview.com\/wp-content\/uploads\/2022\/06\/M550\u9996\u9875\u65b9\u5411-1-1-300x300.jpg 300w, https:\/\/luview.com\/wp-content\/uploads\/2022\/06\/M550\u9996\u9875\u65b9\u5411-1-1-80x80.jpg 80w, https:\/\/luview.com\/wp-content\/uploads\/2022\/06\/M550\u9996\u9875\u65b9\u5411-1-1-768x768.jpg 768w, https:\/\/luview.com\/wp-content\/uploads\/2022\/06\/M550\u9996\u9875\u65b9\u5411-1-1-36x36.jpg 36w, https:\/\/luview.com\/wp-content\/uploads\/2022\/06\/M550\u9996\u9875\u65b9\u5411-1-1-180x180.jpg 180w, https:\/\/luview.com\/wp-content\/uploads\/2022\/06\/M550\u9996\u9875\u65b9\u5411-1-1-430x430.jpg 430w, https:\/\/luview.com\/wp-content\/uploads\/2022\/06\/M550\u9996\u9875\u65b9\u5411-1-1-630x630.jpg 630w, https:\/\/luview.com\/wp-content\/uploads\/2022\/06\/M550\u9996\u9875\u65b9\u5411-1-1-705x705.jpg 705w, https:\/\/luview.com\/wp-content\/uploads\/2022\/06\/M550\u9996\u9875\u65b9\u5411-1-1-321x321.jpg 321w, https:\/\/luview.com\/wp-content\/uploads\/2022\/06\/M550\u9996\u9875\u65b9\u5411-1-1-120x120.jpg 120w, https:\/\/luview.com\/wp-content\/uploads\/2022\/06\/M550\u9996\u9875\u65b9\u5411-1-1-450x450.jpg 450w, https:\/\/luview.com\/wp-content\/uploads\/2022\/06\/M550\u9996\u9875\u65b9\u5411-1-1-500x500.jpg 500w, https:\/\/luview.com\/wp-content\/uploads\/2022\/06\/M550\u9996\u9875\u65b9\u5411-1-1.jpg 800w\" data-sizes=\"(max-width: 600px) 100vw, 600px\" title=\"JY-M550 2 CH 5 Zoll IP69K wasserdichter TFT-Monitor mit umgedrehtem Bild\u7f29\u7565\u56fe\" alt=\"JY-M550 2 CH 5 Zoll IP69K wasserdichter TFT-Monitor mit umgedrehtem Bild\u7f29\u7565\u56fe\" src=\"data:image\/svg+xml;base64,PHN2ZyB3aWR0aD0iMSIgaGVpZ2h0PSIxIiB4bWxucz0iaHR0cDovL3d3dy53My5vcmcvMjAwMC9zdmciPjwvc3ZnPg==\" style=\"--smush-placeholder-width: 600px; --smush-placeholder-aspect-ratio: 600\/600;\" \/><span class='cart-loading'><\/span><\/div><div class='inner_product_header'><div class='avia-arrow'><\/div><div class='inner_product_header_table'><div class='inner_product_header_cell'><h2 class=\"woocommerce-loop-product__title\">JY-M550 2 CH 5 Zoll IP69K wasserdichter TFT Monitor mit umgedrehtem Bild<\/h2>\n<\/div><\/div><\/div><\/a><\/div><\/li>\n<li class=\"product type-product post-1197 status-publish first instock product_cat-7-inch-monitors product_cat-waterproof-monitors has-post-thumbnail shipping-taxable product-type-simple\">\n\t<div class='inner_product main_color wrapped_style noLightbox  av-product-class-no_button'><a href=\"https:\/\/luview.com\/de\/product\/jy-m750-169-wide-screen-4-ch-7-inch-ip69k-waterproof-monitor\/\" class=\"woocommerce-LoopProduct-link woocommerce-loop-product__link\"><div class='thumbnail_container'><img decoding=\"async\" width=\"600\" height=\"600\" data-src=\"https:\/\/luview.com\/wp-content\/uploads\/2022\/06\/M750\u9996\u9875\u65b9\u5411-1-600x600.jpg\" class=\"wp-image-35854 avia-img-lazy-loading-35854 attachment-woocommerce_thumbnail size-woocommerce_thumbnail wp-post-image lazyload\"  data-srcset=\"https:\/\/luview.com\/wp-content\/uploads\/2022\/06\/M750\u9996\u9875\u65b9\u5411-1-600x600.jpg 600w, https:\/\/luview.com\/wp-content\/uploads\/2022\/06\/M750\u9996\u9875\u65b9\u5411-1-100x100.jpg 100w, https:\/\/luview.com\/wp-content\/uploads\/2022\/06\/M750\u9996\u9875\u65b9\u5411-1-300x300.jpg 300w, https:\/\/luview.com\/wp-content\/uploads\/2022\/06\/M750\u9996\u9875\u65b9\u5411-1-80x80.jpg 80w, https:\/\/luview.com\/wp-content\/uploads\/2022\/06\/M750\u9996\u9875\u65b9\u5411-1-768x768.jpg 768w, https:\/\/luview.com\/wp-content\/uploads\/2022\/06\/M750\u9996\u9875\u65b9\u5411-1-36x36.jpg 36w, https:\/\/luview.com\/wp-content\/uploads\/2022\/06\/M750\u9996\u9875\u65b9\u5411-1-180x180.jpg 180w, https:\/\/luview.com\/wp-content\/uploads\/2022\/06\/M750\u9996\u9875\u65b9\u5411-1-430x430.jpg 430w, https:\/\/luview.com\/wp-content\/uploads\/2022\/06\/M750\u9996\u9875\u65b9\u5411-1-630x630.jpg 630w, https:\/\/luview.com\/wp-content\/uploads\/2022\/06\/M750\u9996\u9875\u65b9\u5411-1-705x705.jpg 705w, https:\/\/luview.com\/wp-content\/uploads\/2022\/06\/M750\u9996\u9875\u65b9\u5411-1-321x321.jpg 321w, https:\/\/luview.com\/wp-content\/uploads\/2022\/06\/M750\u9996\u9875\u65b9\u5411-1-120x120.jpg 120w, https:\/\/luview.com\/wp-content\/uploads\/2022\/06\/M750\u9996\u9875\u65b9\u5411-1-450x450.jpg 450w, https:\/\/luview.com\/wp-content\/uploads\/2022\/06\/M750\u9996\u9875\u65b9\u5411-1-500x500.jpg 500w, https:\/\/luview.com\/wp-content\/uploads\/2022\/06\/M750\u9996\u9875\u65b9\u5411-1.jpg 800w\" data-sizes=\"(max-width: 600px) 100vw, 600px\" title=\"JY-M750 16:9 Breitbild 4 CH 7 Zoll IP69K wasserdichter Monitor\u7f29\u7565\u56fe\" alt=\"JY-M750 16:9 Breitbild 4 CH 7 Zoll IP69K wasserdichter Monitor\u7f29\u7565\u56fe\" src=\"data:image\/svg+xml;base64,PHN2ZyB3aWR0aD0iMSIgaGVpZ2h0PSIxIiB4bWxucz0iaHR0cDovL3d3dy53My5vcmcvMjAwMC9zdmciPjwvc3ZnPg==\" style=\"--smush-placeholder-width: 600px; --smush-placeholder-aspect-ratio: 600\/600;\" \/><span class='cart-loading'><\/span><\/div><div class='inner_product_header'><div class='avia-arrow'><\/div><div class='inner_product_header_table'><div class='inner_product_header_cell'><h2 class=\"woocommerce-loop-product__title\">JY-M750 16:9 Breitbildmonitor 4 CH 7 Zoll IP69K wasserdicht<\/h2>\n<\/div><\/div><\/div><\/a><\/div><\/li>\n<\/ul><\/div><\/div><div class=\"clear\"><\/div><\/div><div class='flex_column av-4ubxv-213bc428d71aa730c5a18fbc0d9954c9 av_one_full  avia-builder-el-0  el_before_av_three_fourth  avia-builder-el-first  first flex_column_div'   ><section  class='av_textblock_section av-4bhe3-b5d2024edd0490f6b2ae124c64cf457e'  itemscope=\"itemscope\" itemtype=\"https:\/\/schema.org\/CreativeWork\" ><div class='avia_textblock'  itemprop=\"text\" ><h3>Anforderungen an wasserdichte Backup-Monitore<\/h3>\n<p>Der Schutzgrad des wasserdichten \u00dcberwachungsger\u00e4ts wird in der Regel als IPXY angegeben, zum Beispiel: IP65, X steht f\u00fcr den Schutz des digitalen \u00dcberwachungsger\u00e4ts gegen das Eindringen von Staub und \u00e4u\u00dferen Gegenst\u00e4nden, und Y steht f\u00fcr die Dichtigkeit des \u00dcberwachungsger\u00e4ts gegen das Eindringen von Feuchtigkeit und Wasser. Je h\u00f6her der Schutzgrad ist, desto mehr Bedeutung haben die Zahlen X und Y, die im Folgenden erl\u00e4utert werden.<\/p>\n<p><strong><b>X steht f\u00fcr die Bedeutung des digitalen Codes:<\/b><\/strong><\/p>\n<p>0: kein Schutz<\/p>\n<p>1: Schutz vor festen Exosomen mit einem Durchmesser von 50 mm und mehr<\/p>\n<p>2: Schutz vor festen Exosomen mit einem Durchmesser von 12,5 mm und mehr<\/p>\n<p>3: Schutz vor festen Exosomen mit einem Durchmesser von 2,5 mm und mehr<\/p>\n<p>4: Schutz vor festen Exosomen mit einem Durchmesser von 1,0 mm und mehr<\/p>\n<p>5: Verhindern Sie sch\u00e4dliche Staubansammlungen (es ist unm\u00f6glich, das Eindringen von Staub vollst\u00e4ndig zu verhindern, aber die Menge an Staub, die eindringt, wird keine Sch\u00e4den an den Ger\u00e4ten verursachen)<\/p>\n<p>6: Vollst\u00e4ndig verhindern, dass Staub eindringt (bei einem Unterdruck von 20 mbar darf kein Staub in den Schrank gelangen)<\/p>\n<p><strong><b>Y steht f\u00fcr die Bedeutung des digitalen Codes<\/b><\/strong><\/p>\n<p>0: kein Schutz<\/p>\n<p>1: Schutz vor Wassertropfen (senkrecht fallende Wassertropfen d\u00fcrfen keine Sch\u00e4den verursachen)<\/p>\n<p>2: Wenn die Schale um 15 Grad geneigt ist, ist sie vor Wassertropfen gesch\u00fctzt, und die senkrecht fallenden Wassertropfen sollten keine Sch\u00e4den verursachen<\/p>\n<p>3: Schutz gegen Spritzwasser (Wasser oder Regen aus einer 60-Grad-Ecke zur Schale hat keine Wirkung)<\/p>\n<p>4: Sch\u00fctzendes Spritzwasser (die Fl\u00fcssigkeit, die aus jeder Richtung auf das Geh\u00e4use gespritzt wird, hat keine sch\u00e4digende Wirkung)<\/p>\n<p>5: Schutzwasserd\u00fcsen (schie\u00dfen Wasser aus allen Richtungen auf den Schrank, ohne Schaden anzurichten)<\/p>\n<p>6: Schutz gegen starkes Strahlwasser (die starken Wasserstrahlen, die aus allen Richtungen auf das Geh\u00e4use gerichtet sind, verursachen keine Sch\u00e4den)<\/p>\n<p>7: Kann innerhalb kurzer Zeit in Wasser eingetaucht werden (1m)<\/p>\n<p>8: Es kann lange Zeit unter einem bestimmten Druck in Wasser eingeweicht werden.<\/p>\n<p>Die Klassifizierung der Wasserdichtigkeit des Geh\u00e4uses von Digitalmonitoren f\u00fcr Innen und Au\u00dfen ist unterschiedlich. Die Wasserdichtigkeit f\u00fcr den Au\u00dfenbereich ist in der Regel h\u00f6her als die f\u00fcr den Innenbereich, da die Digitalanzeige im Au\u00dfenbereich mehr Regen ausgesetzt ist oder wasserdicht sein muss als der Digitalmonitor im Innenbereich.<\/p>\n<h3>Vorteile der wasserdichten Luview Backup-Monitore<\/h3>\n<p><strong><b>Wasserdicht IP6<\/b><\/strong><strong><b>8<\/b><\/strong><\/p>\n<p>Ein hochwertiger wasserdichter R\u00fcckfahrmonitor kann bei Regenwetter f\u00fcr Sicherheit sorgen. Diese Art von R\u00fcckfahrkamera verf\u00fcgt \u00fcber ein echtes wasserdichtes Ip68-Design. Die Kamera verwendet 18 Infrarotlichter, um hinter dem Auto zu sehen und hat ein Ips-Panel, das die Betrachtung unabh\u00e4ngig vom Winkel erleichtert. Der Monitor verf\u00fcgt \u00fcber eine hochaufl\u00f6sende Aufl\u00f6sung von 1024 x 600 Pixeln mit einer Farbverbesserungsfunktion zur Reduzierung von Bildrauschen.<\/p>\n<p><strong><b>150\u00b0weiter Betrachtungswinkel<\/b><\/strong><\/p>\n<p>Ein hochwertiges Backup-\u00dcberwachungssystem sollte \u00fcber Funktionen wie einen weiten Blickwinkel von 150 Grad, einen Super-Nachtsichtmodus und eine Fernbedienung verf\u00fcgen. Einige Modelle verf\u00fcgen \u00fcber mehrere Kameras, was die \u00dcberwachung einfacher und sicherer macht. Diese Art von R\u00fcckfahrkamera sollte mit 9-14 V betrieben werden und mit einem RCA-Anschluss arbeiten k\u00f6nnen.<\/p>\n<h3>Fahrzeuge, die einen wasserdichten Sicherungsmonitor ben\u00f6tigen<\/h3>\n<p>Der wasserdichte R\u00fcckfahrmonitor ist gut f\u00fcr sicheres Fahren und l\u00f6st die Probleme des toten Winkels und des schwierigen R\u00fcckw\u00e4rtsfahrens, die beim Fahren auftreten. Der wasserdichte Luview-Automonitor verf\u00fcgt \u00fcber einen digitalen LCD-Bildschirm mit klarer Bildqualit\u00e4t. Es ist mit einer Autokamera ausgestattet, um das Fahrzeug zu erleichtern, um Verkehrsunf\u00e4lle zu vermeiden, die durch den toten Winkel an der R\u00fcckseite des Autos w\u00e4hrend des Prozesses der R\u00fcckw\u00e4rtsfahrt verursacht werden.<\/p>\n<p>Der wasserdichte Monitor kann in gro\u00dfen Fahrzeugen wie Bussen, technischen Fahrzeugen und Lastwagen eingesetzt werden. Wasserdichte Monitorsysteme verf\u00fcgen im Allgemeinen \u00fcber Funktionen wie R\u00fcckw\u00e4rtsfahren, automatisches Umschalten und Mehrbildschirm\u00fcberwachung.<\/p>\n<h3>Wie man einen zuverl\u00e4ssigen Monitorhersteller ausw\u00e4hlt<\/h3>\n<p>Wie finde ich einen Hersteller oder Lieferanten f\u00fcr wasserdichte \u00dcberwachungsger\u00e4te? Ist es besser, mit Herstellern in meiner N\u00e4he oder im Ausland zu arbeiten? Woher wei\u00df ich, ob ein Hersteller seri\u00f6s ist? Unabh\u00e4ngig davon, ob Sie planen, etwas selbst herzustellen oder Lieferanten zu finden, die Sie von Gro\u00dfh\u00e4ndlern beziehen, ist es nicht immer einfach, gute Produkte zu finden. Nachfolgend finden Sie eine Liste mit verschiedenen Optionen als Referenz.<\/p>\n<ol>\n<li><strong>Erstens<\/strong>, Im Falle von Lieferproblemen sollten Hersteller ausgew\u00e4hlt werden, die \u00fcber einen langen Zeitraum hinweg stabil liefern k\u00f6nnen. Einige Hersteller werden den Preis kurzfristig senken, weil sie um das Recht auf Lieferung k\u00e4mpfen wollen, aber das Angebot ist unbest\u00e4ndig. Hersteller mit stabilem Angebot sollten als erste Priorit\u00e4t aufgef\u00fchrt werden.<\/li>\n<li><strong>Zweitens<\/strong>, das Qualit\u00e4tsproblem. Wenn die Lieferung von Waren gew\u00e4hrleistet ist, ist es notwendig, nach Qualit\u00e4t zu beurteilen und Hersteller mit besserer Qualit\u00e4t zu verwenden. Zum Beispiel die gleiche wasserdichte Anzeige, einige sind wasserdicht IP68, einige sind IP65, empfehlen wir die Wahl eines Herstellers mit besseren wasserdichten Leistung.<\/li>\n<li><strong>Drittens<\/strong>, die Preisfrage. Vergleichen Sie die Preise, wenn die beiden oben genannten Bedingungen erf\u00fcllt sind.<\/li>\n<\/ol>\n<p>Zus\u00e4tzlich zu den verschiedenen Arten von wasserdichten \u00dcberwachungsger\u00e4ten bietet Luview auch visuelle L\u00f6sungen wie Fahrzeugkameras, Dashcams usw. an. Bitte z\u00f6gern Sie nicht, uns zu kontaktieren <a href=\"http:\/\/mailto:sales@luview.com\/\">sales@luview.com<\/a>\u00a0.<\/p>\n<\/div><\/section><\/div><\/p>","protected":false},"excerpt":{"rendered":"","protected":false},"author":1,"featured_media":0,"parent":640,"menu_order":0,"comment_status":"closed","ping_status":"closed","template":"","meta":{"_monsterinsights_skip_tracking":false,"_monsterinsights_sitenote_active":false,"_monsterinsights_sitenote_note":"","_monsterinsights_sitenote_category":0,"footnotes":""},"class_list":["post-663","page","type-page","status-publish","hentry"],"_links":{"self":[{"href":"https:\/\/luview.com\/de\/wp-json\/wp\/v2\/pages\/663","targetHints":{"allow":["GET"]}}],"collection":[{"href":"https:\/\/luview.com\/de\/wp-json\/wp\/v2\/pages"}],"about":[{"href":"https:\/\/luview.com\/de\/wp-json\/wp\/v2\/types\/page"}],"author":[{"embeddable":true,"href":"https:\/\/luview.com\/de\/wp-json\/wp\/v2\/users\/1"}],"replies":[{"embeddable":true,"href":"https:\/\/luview.com\/de\/wp-json\/wp\/v2\/comments?post=663"}],"version-history":[{"count":3,"href":"https:\/\/luview.com\/de\/wp-json\/wp\/v2\/pages\/663\/revisions"}],"predecessor-version":[{"id":44518,"href":"https:\/\/luview.com\/de\/wp-json\/wp\/v2\/pages\/663\/revisions\/44518"}],"up":[{"embeddable":true,"href":"https:\/\/luview.com\/de\/wp-json\/wp\/v2\/pages\/640"}],"wp:attachment":[{"href":"https:\/\/luview.com\/de\/wp-json\/wp\/v2\/media?parent=663"}],"curies":[{"name":"wp","href":"https:\/\/api.w.org\/{rel}","templated":true}]}}