{"id":679,"date":"2022-05-24T04:57:45","date_gmt":"2022-05-24T04:57:45","guid":{"rendered":"https:\/\/luview.com\/?page_id=679"},"modified":"2026-03-10T02:58:15","modified_gmt":"2026-03-10T02:58:15","slug":"360-surround-kamerasystem","status":"publish","type":"page","link":"https:\/\/luview.com\/de\/products\/rear-view-system\/360-surround-camera-system\/","title":{"rendered":"360-Surround-Kamera-System"},"content":{"rendered":"<style type=\"text\/css\" data-created_by=\"avia_inline_auto\" id=\"style-css-av-l2y9d09l-dba2ddc1697532ae540078bc5bf8a8e6\">\n.avia-section.av-l2y9d09l-dba2ddc1697532ae540078bc5bf8a8e6{\nbackground-repeat:no-repeat;\nbackground-image:url(https:\/\/luview.com\/wp-content\/uploads\/2024\/11\/\u540e\u89c6.jpg);\nbackground-position:50% 50%;\nbackground-attachment:scroll;\n}\n.avia-section.av-l2y9d09l-dba2ddc1697532ae540078bc5bf8a8e6 .av-section-color-overlay{\nopacity:0.8;\nbackground-color:#222222;\n}\n<\/style>\n<div id='av_section_1'  class='avia-section av-l2y9d09l-dba2ddc1697532ae540078bc5bf8a8e6 main_color avia-section-default avia-no-border-styling  avia-builder-el-0  el_before_av_one_full  avia-builder-el-first  titlebarbox avia-full-stretch avia-bg-style-scroll av-section-color-overlay-active container_wrap sidebar_left'  data-section-bg-repeat='stretch'><div class=\"av-section-color-overlay-wrap\"><div class=\"av-section-color-overlay\"><\/div><div class='container av-section-cont-open' ><main  role=\"main\" itemprop=\"mainContentOfPage\"  class='template-page content  av-content-small units'><div class='post-entry post-entry-type-page post-entry-679'><div class='entry-content-wrapper clearfix'>\n\n<style type=\"text\/css\" data-created_by=\"avia_inline_auto\" id=\"style-css-av-ro2v-a87e36abb91cc5e18f3d0098b40720d3\">\n.flex_column.av-ro2v-a87e36abb91cc5e18f3d0098b40720d3{\npadding:10% 0 10% 0;\n}\n<\/style>\n<div class='flex_column av-ro2v-a87e36abb91cc5e18f3d0098b40720d3 av_one_full  avia-builder-el-1  avia-builder-el-no-sibling  first flex_column_div'   ><style type=\"text\/css\" data-created_by=\"avia_inline_auto\" id=\"style-css-av-l2y9au29-bf07c75c092d3a9f62676db415f615f7\">\n#top .av_textblock_section.av-l2y9au29-bf07c75c092d3a9f62676db415f615f7 .avia_textblock{\ncolor:#ffffff;\ntext-align:center;\n}\n<\/style>\n<section  class='av_textblock_section av-l2y9au29-bf07c75c092d3a9f62676db415f615f7'  itemscope=\"itemscope\" itemtype=\"https:\/\/schema.org\/CreativeWork\" ><div class='avia_textblock av_inherit_color'  itemprop=\"text\" ><h1>360-Surround-Kamera-System<\/h1>\n<\/div><\/section><br \/>\n<\/p><\/div>\n<\/div><\/div><\/main><!-- close content main element --><\/div><\/div><\/div><div id='after_section_1'  class='main_color av_default_container_wrap container_wrap sidebar_left'  ><div class='container av-section-cont-open' ><div class='template-page content  av-content-small units'><div class='post-entry post-entry-type-page post-entry-679'><div class='entry-content-wrapper clearfix'>\n<div class='flex_column av-6hmib-0f7b6fcf00f9273a80dfc45f533798fb av_one_full  avia-builder-el-4  el_after_av_section  el_before_av_one_full  avia-builder-el-first  first flex_column_div'   ><section  class='av_textblock_section av-l2y9squj-e76031f6dac70c55a963b220d7b8ed83'  itemscope=\"itemscope\" itemtype=\"https:\/\/schema.org\/CreativeWork\" ><div class='avia_textblock'  itemprop=\"text\" ><h3 style=\"font-weight: bold;\">All 360 Surround Kamera System<\/h3>\n<\/div><\/section><br \/>\n<section  class='av_textblock_section av-l2y9tm1e-80c30be322df05d44e75397a617f5c97'  itemscope=\"itemscope\" itemtype=\"https:\/\/schema.org\/CreativeWork\" ><div class='avia_textblock'  itemprop=\"text\" ><p>Luview 360\u00b0 Rundumsicht-Kamerasystem kann dem Fahrer ein 360\u00b0 Bild der Stra\u00dfenverh\u00e4ltnisse um das Fahrzeug herum durch 4 Kameras au\u00dferhalb des Autos zeigen, und dem Fahrer helfen, Unf\u00e4lle zu vermeiden, die durch tote Winkel in engen Stra\u00dfenabschnitten und beim R\u00fcckw\u00e4rtseinparken verursacht werden. Luview ist ein professioneller Hersteller von 360\u00b0-Surround-View-Kamerasystemen und Anbieter von L\u00f6sungen aus China, bitte kontaktieren Sie uns <a href=\"mailto:sales@luview.com\"><u>sales@luview.com<\/u><\/a>\u00a0wenn Sie irgendwelche Fragen haben.<\/p>\n<\/div><\/section><br \/>\n<div  class='avia-button-wrap avia-button-left  avia-builder-el-7  el_after_av_textblock  avia-builder-el-last' ><a href='https:\/\/luview.com\/de\/contact\/'  class='avia-button av-l2y9umzk-d16bac7bf4e11df2896cb79984c1e31c avia-icon_select-no avia-size-large avia-position-left avia-color-theme-color' ><span class='avia_iconbox_title' >Jetzt anfragen<\/span><\/a><\/div><\/p><\/div>\n<div class='flex_column av-5hzen-23301fe4c356e81a47b358eb060165d1 av_one_full  avia-builder-el-8  el_after_av_one_full  el_before_av_one_full  first flex_column_div column-top-margin'   ><div  class='avia-product-slider-container av-l2y9wj0i-13495f0fae3907e4dfba74992f90dcda template-shop avia-content-slider avia-content-grid-active shop_columns_3  avia-builder-el-9  avia-builder-el-no-sibling  myproducts avia-content-slider-odd  avia-builder-el-9  avia-builder-el-no-sibling  myproducts avia-product-slider1'  data-autoplay=''  data-interval='5'  data-animation='fade'  data-hoverpause='1' ><div class='avia-content-slider-inner'><ul class=\"products\"><li class=\"product type-product post-25961 status-publish first instock product_cat-360-surround-view-system product_cat-hot-product has-post-thumbnail shipping-taxable product-type-simple\">\n\t<div class='inner_product main_color wrapped_style noLightbox  av-product-class-no_button'><a href=\"https:\/\/luview.com\/de\/product\/jy-fv04-360-degree-panoramic-radar-surveillance-system-with-intelligent-ai-alert\/\" class=\"woocommerce-LoopProduct-link woocommerce-loop-product__link\"><div class='thumbnail_container'><img decoding=\"async\" width=\"600\" height=\"600\" data-src=\"https:\/\/luview.com\/wp-content\/uploads\/2024\/07\/8-1-600x600.jpg\" class=\"wp-image-25963 avia-img-lazy-loading-25963 attachment-woocommerce_thumbnail size-woocommerce_thumbnail wp-post-image lazyload\"  data-srcset=\"https:\/\/luview.com\/wp-content\/uploads\/2024\/07\/8-1-600x600.jpg 600w, https:\/\/luview.com\/wp-content\/uploads\/2024\/07\/8-1-100x100.jpg 100w, https:\/\/luview.com\/wp-content\/uploads\/2024\/07\/8-1-300x300.jpg 300w, https:\/\/luview.com\/wp-content\/uploads\/2024\/07\/8-1-80x80.jpg 80w, https:\/\/luview.com\/wp-content\/uploads\/2024\/07\/8-1-768x768.jpg 768w, https:\/\/luview.com\/wp-content\/uploads\/2024\/07\/8-1-36x36.jpg 36w, https:\/\/luview.com\/wp-content\/uploads\/2024\/07\/8-1-180x180.jpg 180w, https:\/\/luview.com\/wp-content\/uploads\/2024\/07\/8-1-430x430.jpg 430w, https:\/\/luview.com\/wp-content\/uploads\/2024\/07\/8-1-630x630.jpg 630w, https:\/\/luview.com\/wp-content\/uploads\/2024\/07\/8-1-705x705.jpg 705w, https:\/\/luview.com\/wp-content\/uploads\/2024\/07\/8-1-321x321.jpg 321w, https:\/\/luview.com\/wp-content\/uploads\/2024\/07\/8-1-120x120.jpg 120w, https:\/\/luview.com\/wp-content\/uploads\/2024\/07\/8-1-450x450.jpg 450w, https:\/\/luview.com\/wp-content\/uploads\/2024\/07\/8-1.jpg 800w\" data-sizes=\"(max-width: 600px) 100vw, 600px\" title=\"JY-FV04 360-Grad-Panorama-Radar\u00fcberwachungssystem mit intelligenter KI-Warnung\u7f29\u7565\u56fe\" alt=\"JY-FV04 360-Grad-Panorama-Radar\u00fcberwachungssystem mit intelligenter KI-Warnung\u7f29\u7565\u56fe\" src=\"data:image\/svg+xml;base64,PHN2ZyB3aWR0aD0iMSIgaGVpZ2h0PSIxIiB4bWxucz0iaHR0cDovL3d3dy53My5vcmcvMjAwMC9zdmciPjwvc3ZnPg==\" style=\"--smush-placeholder-width: 600px; --smush-placeholder-aspect-ratio: 600\/600;\" \/><span class='cart-loading'><\/span><\/div><div class='inner_product_header'><div class='avia-arrow'><\/div><div class='inner_product_header_table'><div class='inner_product_header_cell'><h2 class=\"woocommerce-loop-product__title\">JY-FV04 360-Grad-Panorama-Radar\u00fcberwachungssystem mit intelligentem AI-Alarm<\/h2>\n<\/div><\/div><\/div><\/a><\/div><\/li>\n<li class=\"product type-product post-1278 status-publish instock product_cat-360-surround-view-system has-post-thumbnail shipping-taxable product-type-simple\">\n\t<div class='inner_product main_color wrapped_style noLightbox  av-product-class-no_button'><a href=\"https:\/\/luview.com\/de\/product\/jy-bv360-360-degree-panoramic-image-surround-view-backup-camera-system\/\" class=\"woocommerce-LoopProduct-link woocommerce-loop-product__link\"><div class='thumbnail_container'><img decoding=\"async\" width=\"600\" height=\"600\" data-src=\"https:\/\/luview.com\/wp-content\/uploads\/2022\/06\/8-600x600.jpg\" class=\"wp-image-25975 avia-img-lazy-loading-25975 attachment-woocommerce_thumbnail size-woocommerce_thumbnail wp-post-image lazyload\"  data-srcset=\"https:\/\/luview.com\/wp-content\/uploads\/2022\/06\/8-600x600.jpg 600w, https:\/\/luview.com\/wp-content\/uploads\/2022\/06\/8-100x100.jpg 100w, https:\/\/luview.com\/wp-content\/uploads\/2022\/06\/8-300x300.jpg 300w, https:\/\/luview.com\/wp-content\/uploads\/2022\/06\/8-80x80.jpg 80w, https:\/\/luview.com\/wp-content\/uploads\/2022\/06\/8-768x768.jpg 768w, https:\/\/luview.com\/wp-content\/uploads\/2022\/06\/8-36x36.jpg 36w, https:\/\/luview.com\/wp-content\/uploads\/2022\/06\/8-180x180.jpg 180w, https:\/\/luview.com\/wp-content\/uploads\/2022\/06\/8-430x430.jpg 430w, https:\/\/luview.com\/wp-content\/uploads\/2022\/06\/8-630x630.jpg 630w, https:\/\/luview.com\/wp-content\/uploads\/2022\/06\/8-705x705.jpg 705w, https:\/\/luview.com\/wp-content\/uploads\/2022\/06\/8-321x321.jpg 321w, https:\/\/luview.com\/wp-content\/uploads\/2022\/06\/8-120x120.jpg 120w, https:\/\/luview.com\/wp-content\/uploads\/2022\/06\/8-450x450.jpg 450w, https:\/\/luview.com\/wp-content\/uploads\/2022\/06\/8.jpg 800w\" data-sizes=\"(max-width: 600px) 100vw, 600px\" title=\"JY-BV360 360-Grad-Panoramabild-Surround-Ansicht R\u00fcckfahrkamera-System\u7f29\u7565\u56fe\" alt=\"JY-BV360 360-Grad-Panoramabild-Surround-Ansicht R\u00fcckfahrkamera-System\u7f29\u7565\u56fe\" src=\"data:image\/svg+xml;base64,PHN2ZyB3aWR0aD0iMSIgaGVpZ2h0PSIxIiB4bWxucz0iaHR0cDovL3d3dy53My5vcmcvMjAwMC9zdmciPjwvc3ZnPg==\" style=\"--smush-placeholder-width: 600px; --smush-placeholder-aspect-ratio: 600\/600;\" \/><span class='cart-loading'><\/span><\/div><div class='inner_product_header'><div class='avia-arrow'><\/div><div class='inner_product_header_table'><div class='inner_product_header_cell'><h2 class=\"woocommerce-loop-product__title\">JY-BV360 360-Grad-Panoramabild Surround-View Backup-Kamera-System<\/h2>\n<\/div><\/div><\/div><\/a><\/div><\/li>\n<\/ul><\/div><\/div><div class=\"clear\"><\/div><\/div><div class='flex_column av-4ubxv-213bc428d71aa730c5a18fbc0d9954c9 av_one_full  avia-builder-el-0  el_before_av_three_fourth  avia-builder-el-first  first flex_column_div'   ><section  class='av_textblock_section av-4bhe3-b5d2024edd0490f6b2ae124c64cf457e'  itemscope=\"itemscope\" itemtype=\"https:\/\/schema.org\/CreativeWork\" ><div class='avia_textblock'  itemprop=\"text\" ><h3>Was ist ein 360-Surround-View-Kamerasystem?<\/h3>\n<p>Was ist ein 360-Grad-Rundumsicht-Kamerasystem? Wie der Name schon sagt, verwendet das 360-Grad-System vier Kameras - eine Kamera unter jedem Seitenspiegel, eine hinter dem R\u00fcckspiegel und eine R\u00fcckfahrkamera. Zusammen bieten diese Kameras eine virtuelle 360-Grad-Sicht auf Ihr Fahrzeug. Diese Kameras k\u00f6nnen Ihnen helfen, Gefahren zu erkennen, die sich hinter anderen Fahrzeugen verbergen k\u00f6nnten. Dieses System hat eine Reihe von Vorteilen.<\/p>\n<p>Die Technologie hinter einem 360-Grad-Kamerasystem umfasst vier Kameras: eine R\u00fcckfahrkamera, die von den Beh\u00f6rden vorgeschrieben ist, eine in den Au\u00dfenspiegeln montierte Seitenkamera und eine Frontkamera. Diese vier Kameras werden dann mithilfe einer Software zusammengef\u00fcgt. In den meisten F\u00e4llen werden die Bilder auf einem einzigen Bildschirm angezeigt, bei dem es sich in der Regel um das Infotainment-System handelt.<\/p>\n<p>Nachr\u00fcstbare 360-Grad-Kamerasysteme k\u00f6nnen in den Innenraum eines Fahrzeugs eingebaut werden, was die Installation einfacher und kosteng\u00fcnstiger macht. Viele neuere Fahrzeuge sind bereits mit dieser Technologie ausgestattet, aber auch Fahrzeuge ohne 360-Grad-Surround-View-System k\u00f6nnen mit Nachr\u00fcstsystemen ausgestattet werden. Einmal installiert, kann ein 360-Grad-Kamerasystem wie ein Standard-DVR im Auto funktionieren. Die Kameras werden \u00fcber einen Schocksensor gesteuert, der die Aufnahme ausl\u00f6st.<\/p>\n<h3>Vorteile des 360-Surround-View-Kamerasystems<\/h3>\n<p>Einer der gr\u00f6\u00dften Vorteile eines 360\u00b0-Rundumsicht-Kamerasystems besteht darin, dass es dem Fahrer hilft, tote Winkel zu vermeiden. Durch die 360-Grad-Ansicht des Fahrzeugs k\u00f6nnen Fahrer tote Winkel leicht vermeiden und ihre Fahreffizienz verbessern.<\/p>\n<p>Au\u00dferdem verringern sie die Arbeitsbelastung des Fahrers. Durch den Wegfall des toten Winkels sind diese Systeme auch beim Parallelparken und Einparken in enge Parkl\u00fccken n\u00fctzlich. Sie helfen Ihnen, die gesamte Stra\u00dfe vor Ihnen zu sehen, ohne die Sicht in Ihrem R\u00fcckspiegel zu blockieren.<\/p>\n<h3>Wie viel kostet ein 360-Surround-View-Kamerasystem?<\/h3>\n<p>Wie viel kostet ein 360-Grad-Rundumsicht-Kamerasystem? Die Kosten f\u00fcr ein werkseitig installiertes System liegen bei etwa $3.000, aber es gibt einige Ausnahmen. Aftermarket-Systeme sind nicht so gut wie werkseitig installierte Systeme. Werksmontierte Systeme haben den Vorteil, dass die Ingenieure die Kameras an ein bestimmtes Modell anpassen k\u00f6nnen, w\u00e4hrend Aftermarket-Systeme nicht an ein bestimmtes Fahrzeug angepasst werden k\u00f6nnen. Die meisten Nachr\u00fcsts\u00e4tze enthalten vier Kameras und die erforderlichen Kabel. Sie k\u00f6nnen auch mit einem Bildschirm und einer Fernbedienung ausgestattet sein. Die Preise liegen zwischen $200 und $900, aber die Installation durch Dritte kann weitere $300 oder $500 kosten.<\/p>\n<h3>Wie installiert man ein 360\u00b0-Rundumsicht-Kamerasystem?<\/h3>\n<p>Wenn Sie Ihr Auto mit einem 360\u00b0-Rundumsicht-Kamerasystem ausstatten m\u00f6chten, m\u00fcssen Sie wissen, wie Sie das Ger\u00e4t installieren. Das ist eigentlich ganz einfach, solange Sie ein Grundverst\u00e4ndnis f\u00fcr Fahrzeugsysteme haben.<\/p>\n<p>Der erste Schritt besteht darin, die Seitenspiegel zu entfernen. Sie m\u00fcssen sie abnehmen, bevor Sie das Kamerasystem installieren k\u00f6nnen.<\/p>\n<p>Als N\u00e4chstes bringen Sie einen Gummiring zur Befestigung der Kameras an. Sie k\u00f6nnen einen flachen Ring oder einen Ring mit einer Neigung von 15 Grad erhalten.<\/p>\n<p>Anschlie\u00dfend interpretiert das System mithilfe von Software die Bilder der einzelnen Kameras und setzt sie zu einem Bild auf dem Infotainment-Bildschirm Ihres Fahrzeugs zusammen.<\/p>\n<h3>Bester Hersteller von 360-Surround-View-Kamerasystemen<\/h3>\n<p>Luview 360 Surround Viewing System kann f\u00fcr Wohnmobile, Schulbusse, Busse, Lastwagen und andere Fahrzeuge verwendet werden, um den Fahrern zu helfen, die Umgebung des Fahrzeugs leicht zu \u00fcberpr\u00fcfen. Es kann je nach Bedarf zwischen verschiedenen Blickwinkeln wechseln und die Bilder auf beiden Seiten des Fahrzeugs gleichzeitig anzeigen. Die toten Winkel vorne, hinten, links und rechts am Fahrzeug sind auf einen Blick zu erkennen, so dass versteckte Sicherheitsrisiken beim Starten des Fahrzeugs effektiv beseitigt werden.<\/p>\n<p>Das System implementiert Echtzeit-Splicing und Syntheseverarbeitung durch die Installation von 4 Fischaugenkameras am Fahrzeug und die Verwendung von Software-Algorithmen, um visuelle Effekte im Fahrzeug und dreidimensionale Surround-View-Panoramabilder zu realisieren. Verbessern Sie die Sicherheit und den Komfort beim Fahren auf verschiedenen Parkpl\u00e4tzen und in engen Fahrspuren.<\/p>\n<p>Luview is one of the first companies to apply 360\u00b0 surround view camera system\u00a0to vehicles. Since its establishment, it has adhered to independent research and development and technological innovation, and has established a research and development center in the field of 360 panoramic and ADAS systems. It has a team of more than 30 people with high quality.\u00a0After years of development and accumulation, the R\u00a0&amp;\u00a0D team has applied for more than 30 patents and software copyrights, and the cumulative sales of 360 surround viewing systems\u00a0have exceeded 500,000 units.\u00a0If you want to improve driving safety and purchase 360 monitoring systems in bulk, please contact us\u00a0by <a href=\"mailto:sales@luview.com\"><u>sales@luview.com<\/u><\/a>\u00a0.<\/p>\n<\/div><\/section><\/div><\/p>","protected":false},"excerpt":{"rendered":"","protected":false},"author":1,"featured_media":0,"parent":689,"menu_order":0,"comment_status":"closed","ping_status":"closed","template":"","meta":{"_monsterinsights_skip_tracking":false,"_monsterinsights_sitenote_active":false,"_monsterinsights_sitenote_note":"","_monsterinsights_sitenote_category":0,"footnotes":""},"class_list":["post-679","page","type-page","status-publish","hentry"],"_links":{"self":[{"href":"https:\/\/luview.com\/de\/wp-json\/wp\/v2\/pages\/679","targetHints":{"allow":["GET"]}}],"collection":[{"href":"https:\/\/luview.com\/de\/wp-json\/wp\/v2\/pages"}],"about":[{"href":"https:\/\/luview.com\/de\/wp-json\/wp\/v2\/types\/page"}],"author":[{"embeddable":true,"href":"https:\/\/luview.com\/de\/wp-json\/wp\/v2\/users\/1"}],"replies":[{"embeddable":true,"href":"https:\/\/luview.com\/de\/wp-json\/wp\/v2\/comments?post=679"}],"version-history":[{"count":2,"href":"https:\/\/luview.com\/de\/wp-json\/wp\/v2\/pages\/679\/revisions"}],"predecessor-version":[{"id":44540,"href":"https:\/\/luview.com\/de\/wp-json\/wp\/v2\/pages\/679\/revisions\/44540"}],"up":[{"embeddable":true,"href":"https:\/\/luview.com\/de\/wp-json\/wp\/v2\/pages\/689"}],"wp:attachment":[{"href":"https:\/\/luview.com\/de\/wp-json\/wp\/v2\/media?parent=679"}],"curies":[{"name":"wp","href":"https:\/\/api.w.org\/{rel}","templated":true}]}}