{"id":23,"date":"2022-04-28T05:23:41","date_gmt":"2022-04-28T05:23:41","guid":{"rendered":"https:\/\/luview.com\/?page_id=23"},"modified":"2026-01-08T03:47:53","modified_gmt":"2026-01-08T03:47:53","slug":"proyectos","status":"publish","type":"page","link":"https:\/\/luview.com\/es\/projects\/","title":{"rendered":"Proyectos"},"content":{"rendered":"<style type=\"text\/css\" data-created_by=\"avia_inline_auto\" id=\"style-css-av-l2w0a77v-c2c72e6e74149c27dfae6594cce68ede\">\n.avia-section.av-l2w0a77v-c2c72e6e74149c27dfae6594cce68ede{\nbackground-repeat:no-repeat;\nbackground-image:url(https:\/\/luview.com\/wp-content\/uploads\/2024\/05\/666.jpg);\nbackground-position:0% 0%;\nbackground-attachment:scroll;\n}\n.avia-section.av-l2w0a77v-c2c72e6e74149c27dfae6594cce68ede .av-section-color-overlay{\nopacity:0.8;\nbackground-color:#222222;\n}\n<\/style>\n<div id='av_section_1'  class='avia-section av-l2w0a77v-c2c72e6e74149c27dfae6594cce68ede main_color avia-section-default avia-no-border-styling  avia-builder-el-0  el_before_av_one_full  avia-builder-el-first  titlebarbox avia-bg-style-scroll av-section-color-overlay-active container_wrap sidebar_left'  data-section-bg-repeat='no-repeat'><div class=\"av-section-color-overlay-wrap\"><div class=\"av-section-color-overlay\"><\/div><div class='container av-section-cont-open' ><main  role=\"main\" itemprop=\"mainContentOfPage\"  class='template-page content  av-content-small units'><div class='post-entry post-entry-type-page post-entry-23'><div class='entry-content-wrapper clearfix'>\n\n<style type=\"text\/css\" data-created_by=\"avia_inline_auto\" id=\"style-css-av-2ug23-29046d9cdd7cf6f34abd75d04440b140\">\n.flex_column.av-2ug23-29046d9cdd7cf6f34abd75d04440b140{\npadding:10% 0 10% 0;\n}\n<\/style>\n<div class='flex_column av-2ug23-29046d9cdd7cf6f34abd75d04440b140 av_one_full  avia-builder-el-1  avia-builder-el-no-sibling  first flex_column_div'   ><style type=\"text\/css\" data-created_by=\"avia_inline_auto\" id=\"style-css-av-l2w0afjv-22ec81b9b1d74bb2596921f337bd96f5\">\n#top .av_textblock_section.av-l2w0afjv-22ec81b9b1d74bb2596921f337bd96f5 .avia_textblock{\ncolor:#ffffff;\ntext-align:center;\n}\n<\/style>\n<section  class='av_textblock_section av-l2w0afjv-22ec81b9b1d74bb2596921f337bd96f5'  itemscope=\"itemscope\" itemtype=\"https:\/\/schema.org\/CreativeWork\" ><div class='avia_textblock av_inherit_color'  itemprop=\"text\" ><h1>Proyectos<\/h1>\n<\/div><\/section><br \/>\n\n<style type=\"text\/css\" data-created_by=\"avia_inline_auto\" id=\"style-css-av-24saj-ef390ff01d35179224b29e522fd8203a\">\n#top .av_textblock_section.av-24saj-ef390ff01d35179224b29e522fd8203a .avia_textblock{\ncolor:#ffffff;\ntext-align:center;\n}\n<\/style>\n<section  class='av_textblock_section av-24saj-ef390ff01d35179224b29e522fd8203a'  itemscope=\"itemscope\" itemtype=\"https:\/\/schema.org\/CreativeWork\" ><div class='avia_textblock av_inherit_color'  itemprop=\"text\" ><h3 style=\"margin-bottom: 20px;\">Fabricante profesional de electr\u00f3nica de seguridad para veh\u00edculos<\/h3>\n<\/div><\/section><br \/>\n<\/p><\/div>\n<\/div><\/div><\/main><!-- close content main element --><\/div><\/div><\/div><div id='after_section_1'  class='main_color av_default_container_wrap container_wrap sidebar_left'  ><div class='container av-section-cont-open' ><div class='template-page content  av-content-small units'><div class='post-entry post-entry-type-page post-entry-23'><div class='entry-content-wrapper clearfix'>\n<div class='flex_column av-vu8j-a9ae9d9f4cde365fc8997c04a428d172 av_one_full  avia-builder-el-5  el_after_av_section  avia-builder-el-no-sibling  first flex_column_div'   ><style type=\"text\/css\" data-created_by=\"avia_inline_auto\" id=\"style-css-av-l7m2qsw3-080fc44d1b6b2aba33756e02fbc81a38\">\n#top .av_textblock_section.av-l7m2qsw3-080fc44d1b6b2aba33756e02fbc81a38 .avia_textblock{\ntext-align:center;\n}\n<\/style>\n<section  class='av_textblock_section av-l7m2qsw3-080fc44d1b6b2aba33756e02fbc81a38'  itemscope=\"itemscope\" itemtype=\"https:\/\/schema.org\/CreativeWork\" ><div class='avia_textblock'  itemprop=\"text\" ><p style=\"margin-bottom: 20px;\">Durante m\u00e1s de 20 a\u00f1os, hemos trabajado duro para ofrecer productos y soluciones fiables de seguridad para la visi\u00f3n trasera a clientes de todo el mundo. Consulte algunos de nuestros casos para saber c\u00f3mo atendemos a nuestros clientes y busque la posibilidad de alcanzar el \u00e9xito como otros clientes. Env\u00ede un correo electr\u00f3nico a sales@luview.com para ver m\u00e1s proyectos de referencia en su pa\u00eds o regi\u00f3n.<\/p>\n<\/div><\/section><br \/>\n<div  id=\"av-sc-portfolio-1\"  class=\"av-portfolio-grid-sorting-container\"><div class='sort_width_container  av-sort-yes' data-portfolio-id='1' ><div id='js_sort_items' ><div class='sort_by_cat hidden'><a href=\"#\" data-filter=\"all_sort\" class=\"all_sort_button active_sort\"><span class=\"inner_sort_button\"><span>Todo<\/span><small class=\"av-cat-count\"> 8 <\/small><\/span><\/a><span class=\"text-sep projects_sort_sep\">\/<\/span><a href=\"#\" data-filter=\"projects_sort\" class=\"projects_sort_button\" ><span class=\"inner_sort_button\"><span>Proyectos<\/span><small class=\"av-cat-count\"> 8 <\/small><\/span><\/a><\/div><\/div><\/div><div  class='myprojects grid-sort-container isotope   no_margin-container with-excerpt-container grid-total-even grid-col-4 grid-links-' data-portfolio-id='1'><div data-ajax-id='560' class='grid-entry flex_column isotope-item all_sort no_margin post-entry post-entry-560 grid-entry-overview grid-loop-1 grid-parity-odd  finished-projects_sort projects_sort  av_one_fourth first default_av_fullwidth'><article class='main_color inner-entry'  itemscope=\"itemscope\" itemtype=\"https:\/\/schema.org\/CreativeWork\" ><a href=\"https:\/\/luview.com\/es\/project\/100pcs-cvbs-rearview-shutter-camera-for-rear-view-system-in-kielce-poland\/\" title='100pcs CVBS c\u00e1mara de obturaci\u00f3n para el sistema de visi\u00f3n trasera en Kielce, Polonia'  data-rel='grid-1' class='grid-image avia-hover-fx'> <img decoding=\"async\" width=\"800\" height=\"684\" data-src=\"https:\/\/luview.com\/wp-content\/uploads\/2022\/06\/JY-678-rear-view-camera-for-trucks-engineering-vehicles-other-large-vehicles-800x684.jpg\" class=\"wp-image-1012 avia-img-lazy-loading-not-1012 attachment-gallery size-gallery wp-post-image lazyload\" alt=\"JY-678 C\u00e1mara de visi\u00f3n trasera con obturador autom\u00e1tico IP68 y sensor AHD\" title=\"100pcs CVBS c\u00e1mara de obturaci\u00f3n para el sistema de visi\u00f3n trasera en Kielce, Polonia\u7f29\u7565\u56fe\" src=\"data:image\/svg+xml;base64,PHN2ZyB3aWR0aD0iMSIgaGVpZ2h0PSIxIiB4bWxucz0iaHR0cDovL3d3dy53My5vcmcvMjAwMC9zdmciPjwvc3ZnPg==\" style=\"--smush-placeholder-width: 800px; --smush-placeholder-aspect-ratio: 800\/684;\" \/><\/a><div class='grid-content'><div class='avia-arrow'><\/div><header class=\"entry-content-header\"><h3 class='grid-entry-title entry-title'  itemprop=\"headline\" ><a href='https:\/\/luview.com\/es\/project\/100pcs-cvbs-rearview-shutter-camera-for-rear-view-system-in-kielce-poland\/' title='100pcs CVBS c\u00e1mara de obturaci\u00f3n para el sistema de visi\u00f3n trasera en Kielce, Polonia'>100pcs CVBS c\u00e1mara de obturaci\u00f3n para el sistema de visi\u00f3n trasera en Kielce, Polonia<\/a><\/h3><\/header><\/div><footer class=\"entry-footer\"><\/footer><\/article><\/div><div data-ajax-id='616' class='grid-entry flex_column isotope-item all_sort no_margin post-entry post-entry-616 grid-entry-overview grid-loop-2 grid-parity-even  on-going-projects_sort projects_sort  av_one_fourth  default_av_fullwidth'><article class='main_color inner-entry'  itemscope=\"itemscope\" itemtype=\"https:\/\/schema.org\/CreativeWork\" ><a href=\"https:\/\/luview.com\/es\/project\/2mp-explosion-proof-camera-for-fuel-and-oil-truck-in-london-uk\/\" title='C\u00e1mara antideflagrante de 2 MP para camiones de combustible y aceite en Londres, Reino Unido'  data-rel='grid-1' class='grid-image avia-hover-fx'> <img decoding=\"async\" width=\"800\" height=\"684\" data-src=\"https:\/\/luview.com\/wp-content\/uploads\/2022\/06\/JY-EX01-explosion-proof-camera-for-fuel-tanker-fire-truck-coal-mining-military-application-800x684.jpg\" class=\"wp-image-1084 avia-img-lazy-loading-not-1084 attachment-gallery size-gallery wp-post-image lazyload\" alt=\"C\u00e1mara antideflagrante JY-EX01 con carcasa de acero inoxidable y LED infrarrojos\" title=\"C\u00e1mara a prueba de explosiones de 2MP para camiones de combustible y aceite en Londres, Reino Unido\u7f29\u7565\u56fe\" src=\"data:image\/svg+xml;base64,PHN2ZyB3aWR0aD0iMSIgaGVpZ2h0PSIxIiB4bWxucz0iaHR0cDovL3d3dy53My5vcmcvMjAwMC9zdmciPjwvc3ZnPg==\" style=\"--smush-placeholder-width: 800px; --smush-placeholder-aspect-ratio: 800\/684;\" \/><\/a><div class='grid-content'><div class='avia-arrow'><\/div><header class=\"entry-content-header\"><h3 class='grid-entry-title entry-title'  itemprop=\"headline\" ><a href='https:\/\/luview.com\/es\/project\/2mp-explosion-proof-camera-for-fuel-and-oil-truck-in-london-uk\/' title='C\u00e1mara antideflagrante de 2 MP para camiones de combustible y aceite en Londres, Reino Unido'>C\u00e1mara antideflagrante de 2 MP para camiones de combustible y aceite en Londres, Reino Unido<\/a><\/h3><\/header><\/div><footer class=\"entry-footer\"><\/footer><\/article><\/div><div data-ajax-id='601' class='grid-entry flex_column isotope-item all_sort no_margin post-entry post-entry-601 grid-entry-overview grid-loop-3 grid-parity-odd  on-going-projects_sort projects_sort  av_one_fourth  default_av_fullwidth'><article class='main_color inner-entry'  itemscope=\"itemscope\" itemtype=\"https:\/\/schema.org\/CreativeWork\" ><a href=\"https:\/\/luview.com\/es\/project\/1000pcs-waterproof-rear-view-system-for-importer-from-england\/\" title='1000pcs impermeable sistema de visi\u00f3n trasera para el importador de Inglaterra'  data-rel='grid-1' class='grid-image avia-hover-fx'> <img decoding=\"async\" width=\"800\" height=\"684\" data-src=\"https:\/\/luview.com\/wp-content\/uploads\/2022\/06\/side-view-of-JY-M755-rearview-mirror-monitor-for-car-truck-long-trailer-RV-school-bus-800x684.jpg\" class=\"wp-image-1205 avia-img-lazy-loading-not-1205 attachment-gallery size-gallery wp-post-image lazyload\" title=\"1000pcs Sistema de visi\u00f3n trasera impermeable para importador de Inglaterra\u7f29\u7565\u56fe\" alt=\"1000pcs Sistema de visi\u00f3n trasera impermeable para importador de Inglaterra\u7f29\u7565\u56fe\" src=\"data:image\/svg+xml;base64,PHN2ZyB3aWR0aD0iMSIgaGVpZ2h0PSIxIiB4bWxucz0iaHR0cDovL3d3dy53My5vcmcvMjAwMC9zdmciPjwvc3ZnPg==\" style=\"--smush-placeholder-width: 800px; --smush-placeholder-aspect-ratio: 800\/684;\" \/><\/a><div class='grid-content'><div class='avia-arrow'><\/div><header class=\"entry-content-header\"><h3 class='grid-entry-title entry-title'  itemprop=\"headline\" ><a href='https:\/\/luview.com\/es\/project\/1000pcs-waterproof-rear-view-system-for-importer-from-england\/' title='1000pcs impermeable sistema de visi\u00f3n trasera para el importador de Inglaterra'>1000pcs impermeable sistema de visi\u00f3n trasera para el importador de Inglaterra<\/a><\/h3><\/header><\/div><footer class=\"entry-footer\"><\/footer><\/article><\/div><div data-ajax-id='614' class='grid-entry flex_column isotope-item all_sort no_margin post-entry post-entry-614 grid-entry-overview grid-loop-4 grid-parity-even  finished-projects_sort projects_sort  av_one_fourth  default_av_fullwidth'><article class='main_color inner-entry'  itemscope=\"itemscope\" itemtype=\"https:\/\/schema.org\/CreativeWork\" ><a href=\"https:\/\/luview.com\/es\/project\/500pcs-ip68-waterproof-side-view-cameras-for-western-cape-south-africa\/\" title='500pcs IP68 c\u00e1maras de visi\u00f3n lateral a prueba de agua para el Cabo Occidental, Sud\u00e1frica'  data-rel='grid-1' class='grid-image avia-hover-fx'> <img decoding=\"async\" width=\"800\" height=\"684\" data-src=\"https:\/\/luview.com\/wp-content\/uploads\/2022\/06\/JY-688-side-view-camera-800x684.jpg\" class=\"wp-image-24139 avia-img-lazy-loading-not-24139 attachment-gallery size-gallery wp-post-image lazyload\" alt=\"500pcs IP68 c\u00e1maras de visi\u00f3n lateral a prueba de agua para el Cabo Occidental, Sud\u00e1frica\" title=\"500pcs C\u00e1maras de visi\u00f3n lateral impermeables IP68 para Cabo Occidental, Sud\u00e1frica\u7f29\u7565\u56fe\" src=\"data:image\/svg+xml;base64,PHN2ZyB3aWR0aD0iMSIgaGVpZ2h0PSIxIiB4bWxucz0iaHR0cDovL3d3dy53My5vcmcvMjAwMC9zdmciPjwvc3ZnPg==\" style=\"--smush-placeholder-width: 800px; --smush-placeholder-aspect-ratio: 800\/684;\" \/><\/a><div class='grid-content'><div class='avia-arrow'><\/div><header class=\"entry-content-header\"><h3 class='grid-entry-title entry-title'  itemprop=\"headline\" ><a href='https:\/\/luview.com\/es\/project\/500pcs-ip68-waterproof-side-view-cameras-for-western-cape-south-africa\/' title='500pcs IP68 c\u00e1maras de visi\u00f3n lateral a prueba de agua para el Cabo Occidental, Sud\u00e1frica'>500pcs IP68 c\u00e1maras de visi\u00f3n lateral a prueba de agua para el Cabo Occidental, Sud\u00e1frica<\/a><\/h3><\/header><\/div><footer class=\"entry-footer\"><\/footer><\/article><\/div><div data-ajax-id='612' class='grid-entry flex_column isotope-item all_sort no_margin post-entry post-entry-612 grid-entry-overview grid-loop-5 grid-parity-odd  on-going-projects_sort projects_sort  av_one_fourth first default_av_fullwidth'><article class='main_color inner-entry'  itemscope=\"itemscope\" itemtype=\"https:\/\/schema.org\/CreativeWork\" ><a href=\"https:\/\/luview.com\/es\/project\/2mp-1080p-g-sensor-wifi-universal-dash-cam-for-dubai-united-arab-emirates\/\" title='2MP 1080P G-Sensor WiFi Universal Dash Cam para Dubai, Emiratos \u00c1rabes Unidos'  data-rel='grid-1' class='grid-image avia-hover-fx'> <img decoding=\"async\" width=\"800\" height=\"684\" data-src=\"https:\/\/luview.com\/wp-content\/uploads\/2022\/06\/A970-universal-dash-cam-for-car--800x684.jpg\" class=\"wp-image-1230 avia-img-lazy-loading-not-1230 attachment-gallery size-gallery wp-post-image lazyload\" alt=\"A970 stream video 1080p universal dash cam\" title=\"2MP 1080P G-Sensor WiFi Universal Dash Cam para Dubai, Emiratos \u00c1rabes Unidos\u7f29\u7565\u56fe\" src=\"data:image\/svg+xml;base64,PHN2ZyB3aWR0aD0iMSIgaGVpZ2h0PSIxIiB4bWxucz0iaHR0cDovL3d3dy53My5vcmcvMjAwMC9zdmciPjwvc3ZnPg==\" style=\"--smush-placeholder-width: 800px; --smush-placeholder-aspect-ratio: 800\/684;\" \/><\/a><div class='grid-content'><div class='avia-arrow'><\/div><header class=\"entry-content-header\"><h3 class='grid-entry-title entry-title'  itemprop=\"headline\" ><a href='https:\/\/luview.com\/es\/project\/2mp-1080p-g-sensor-wifi-universal-dash-cam-for-dubai-united-arab-emirates\/' title='2MP 1080P G-Sensor WiFi Universal Dash Cam para Dubai, Emiratos \u00c1rabes Unidos'>2MP 1080P G-Sensor WiFi Universal Dash Cam para Dubai, Emiratos \u00c1rabes Unidos<\/a><\/h3><\/header><\/div><footer class=\"entry-footer\"><\/footer><\/article><\/div><div data-ajax-id='618' class='grid-entry flex_column isotope-item all_sort no_margin post-entry post-entry-618 grid-entry-overview grid-loop-6 grid-parity-even  finished-projects_sort projects_sort  av_one_fourth  default_av_fullwidth'><article class='main_color inner-entry'  itemscope=\"itemscope\" itemtype=\"https:\/\/schema.org\/CreativeWork\" ><a href=\"https:\/\/luview.com\/es\/project\/15-sets-2mp-waterproof-car-reversing-system-for-mercedez-benz-in-santiago-chile\/\" title='15 Sets 2MP Car Reversing System para Mercedez Benz en Santiago, Chile'  data-rel='grid-1' class='grid-image avia-hover-fx'> <img decoding=\"async\" width=\"800\" height=\"684\" data-src=\"https:\/\/luview.com\/wp-content\/uploads\/2022\/06\/JY-680-third-brake-light-camera-for-Mercedes-Benz-Sprinter-Volkswagen-Crafter-van-800x684.jpg\" class=\"wp-image-838 avia-img-lazy-loading-not-838 attachment-gallery size-gallery wp-post-image lazyload\" alt=\"JY-680 tercera c\u00e1mara de luz de freno para Mercedes Benz Sprinter 2007-2022, Freightliner Sprinter 2001-2021 &amp; VW Crafter 2007-2016\" title=\"15 Sets 2MP Car Reversing System para Mercedez Benz en Santiago, Chile\u7f29\u7565\u56fe\" src=\"data:image\/svg+xml;base64,PHN2ZyB3aWR0aD0iMSIgaGVpZ2h0PSIxIiB4bWxucz0iaHR0cDovL3d3dy53My5vcmcvMjAwMC9zdmciPjwvc3ZnPg==\" style=\"--smush-placeholder-width: 800px; --smush-placeholder-aspect-ratio: 800\/684;\" \/><\/a><div class='grid-content'><div class='avia-arrow'><\/div><header class=\"entry-content-header\"><h3 class='grid-entry-title entry-title'  itemprop=\"headline\" ><a href='https:\/\/luview.com\/es\/project\/15-sets-2mp-waterproof-car-reversing-system-for-mercedez-benz-in-santiago-chile\/' title='15 Sets 2MP Car Reversing System para Mercedez Benz en Santiago, Chile'>15 Sets 2MP Car Reversing System para Mercedez Benz en Santiago, Chile<\/a><\/h3><\/header><\/div><footer class=\"entry-footer\"><\/footer><\/article><\/div><div data-ajax-id='608' class='grid-entry flex_column isotope-item all_sort no_margin post-entry post-entry-608 grid-entry-overview grid-loop-7 grid-parity-odd  finished-projects_sort projects_sort  av_one_fourth  default_av_fullwidth'><article class='main_color inner-entry'  itemscope=\"itemscope\" itemtype=\"https:\/\/schema.org\/CreativeWork\" ><a href=\"https:\/\/luview.com\/es\/project\/1400-pcs-5-inch-waterproof-digital-lcd-monitor-jy-m550-for-bern-switzerland\/\" title='1400 PC Monitor LCD digital impermeable de 5 pulgadas JY-M550 para Berna, Suiza'  data-rel='grid-1' class='grid-image avia-hover-fx'> <img decoding=\"async\" width=\"800\" height=\"684\" data-src=\"https:\/\/luview.com\/wp-content\/uploads\/2022\/06\/JY-M550-2-CH-5-inch-IP69K-waterproof-flipped-image-TFT-monitor-800x684.jpg\" class=\"wp-image-24109 avia-img-lazy-loading-not-24109 attachment-gallery size-gallery wp-post-image lazyload\" alt=\"JY-M550 Monitor TFT de 2 CH 5 pulgadas IP69K con imagen invertida resistente al agua\" title=\"1400 PC Monitor LCD digital impermeable de 5 pulgadas JY-M550 para Berna, Suiza\u7f29\u7565\u56fe\" src=\"data:image\/svg+xml;base64,PHN2ZyB3aWR0aD0iMSIgaGVpZ2h0PSIxIiB4bWxucz0iaHR0cDovL3d3dy53My5vcmcvMjAwMC9zdmciPjwvc3ZnPg==\" style=\"--smush-placeholder-width: 800px; --smush-placeholder-aspect-ratio: 800\/684;\" \/><\/a><div class='grid-content'><div class='avia-arrow'><\/div><header class=\"entry-content-header\"><h3 class='grid-entry-title entry-title'  itemprop=\"headline\" ><a href='https:\/\/luview.com\/es\/project\/1400-pcs-5-inch-waterproof-digital-lcd-monitor-jy-m550-for-bern-switzerland\/' title='1400 PC Monitor LCD digital impermeable de 5 pulgadas JY-M550 para Berna, Suiza'>1400 PC Monitor LCD digital impermeable de 5 pulgadas JY-M550 para Berna, Suiza<\/a><\/h3><\/header><\/div><footer class=\"entry-footer\"><\/footer><\/article><\/div><div data-ajax-id='606' class='grid-entry flex_column isotope-item all_sort no_margin post-entry post-entry-606 grid-entry-overview grid-loop-8 grid-parity-even  post-entry-last  finished-projects_sort projects_sort  av_one_fourth  default_av_fullwidth'><article class='main_color inner-entry'  itemscope=\"itemscope\" itemtype=\"https:\/\/schema.org\/CreativeWork\" ><a href=\"https:\/\/luview.com\/es\/project\/200-sets-360-bird-view-forklift-camera-system-for-saudi-arabia\/\" title='200 Sets 360 Bird View Forklift Camera System para Arabia Saud\u00ed'  data-rel='grid-1' class='grid-image avia-hover-fx'> <img decoding=\"async\" width=\"800\" height=\"684\" data-src=\"https:\/\/luview.com\/wp-content\/uploads\/2022\/06\/360-surround-view-system-for-vehicle--800x684.jpg\" class=\"wp-image-1280 avia-img-lazy-loading-not-1280 attachment-gallery size-gallery wp-post-image lazyload\" alt=\"JY-BV360 Sistema de c\u00e1mara de marcha atr\u00e1s con visi\u00f3n envolvente e imagen panor\u00e1mica de 360 grados\" title=\"200 Sets 360 Bird View Sistema de c\u00e1mara de carretilla elevadora para Arabia Saudita\u7f29\u7565\u56fe\" src=\"data:image\/svg+xml;base64,PHN2ZyB3aWR0aD0iMSIgaGVpZ2h0PSIxIiB4bWxucz0iaHR0cDovL3d3dy53My5vcmcvMjAwMC9zdmciPjwvc3ZnPg==\" style=\"--smush-placeholder-width: 800px; --smush-placeholder-aspect-ratio: 800\/684;\" \/><\/a><div class='grid-content'><div class='avia-arrow'><\/div><header class=\"entry-content-header\"><h3 class='grid-entry-title entry-title'  itemprop=\"headline\" ><a href='https:\/\/luview.com\/es\/project\/200-sets-360-bird-view-forklift-camera-system-for-saudi-arabia\/' title='200 Sets 360 Bird View Forklift Camera System para Arabia Saud\u00ed'>200 Sets 360 Bird View Forklift Camera System para Arabia Saud\u00ed<\/a><\/h3><\/header><\/div><footer class=\"entry-footer\"><\/footer><\/article><\/div><\/div><\/div>   <!--   class=\"av-portfolio-grid-sorting-container\"  --><\/p><\/div>","protected":false},"excerpt":{"rendered":"","protected":false},"author":1,"featured_media":0,"parent":0,"menu_order":0,"comment_status":"closed","ping_status":"closed","template":"","meta":{"_monsterinsights_skip_tracking":false,"_monsterinsights_sitenote_active":false,"_monsterinsights_sitenote_note":"","_monsterinsights_sitenote_category":0,"footnotes":""},"class_list":["post-23","page","type-page","status-publish","hentry"],"_links":{"self":[{"href":"https:\/\/luview.com\/es\/wp-json\/wp\/v2\/pages\/23","targetHints":{"allow":["GET"]}}],"collection":[{"href":"https:\/\/luview.com\/es\/wp-json\/wp\/v2\/pages"}],"about":[{"href":"https:\/\/luview.com\/es\/wp-json\/wp\/v2\/types\/page"}],"author":[{"embeddable":true,"href":"https:\/\/luview.com\/es\/wp-json\/wp\/v2\/users\/1"}],"replies":[{"embeddable":true,"href":"https:\/\/luview.com\/es\/wp-json\/wp\/v2\/comments?post=23"}],"version-history":[{"count":2,"href":"https:\/\/luview.com\/es\/wp-json\/wp\/v2\/pages\/23\/revisions"}],"predecessor-version":[{"id":43771,"href":"https:\/\/luview.com\/es\/wp-json\/wp\/v2\/pages\/23\/revisions\/43771"}],"wp:attachment":[{"href":"https:\/\/luview.com\/es\/wp-json\/wp\/v2\/media?parent=23"}],"curies":[{"name":"wp","href":"https:\/\/api.w.org\/{rel}","templated":true}]}}