{"id":23279,"date":"2022-07-11T12:10:03","date_gmt":"2022-07-11T12:10:03","guid":{"rendered":"https:\/\/luview.com\/?page_id=23279"},"modified":"2025-08-07T08:01:26","modified_gmt":"2025-08-07T08:01:26","slug":"rvs","status":"publish","type":"page","link":"https:\/\/luview.com\/es\/solutions\/rvs\/","title":{"rendered":"Autocaravanas"},"content":{"rendered":"<style type=\"text\/css\" data-created_by=\"avia_inline_auto\" id=\"style-css-av-l2mxefv0-35bb32fcfe7f503a8ac259e0986fd26a\">\n.avia-section.av-l2mxefv0-35bb32fcfe7f503a8ac259e0986fd26a{\nbackground-repeat:no-repeat;\nbackground-image:url(https:\/\/luview.com\/wp-content\/uploads\/2022\/05\/solution-head.jpg);\nbackground-position:50% 50%;\nbackground-attachment:scroll;\n}\n.avia-section.av-l2mxefv0-35bb32fcfe7f503a8ac259e0986fd26a .av-section-color-overlay{\nopacity:0.8;\nbackground-color:#222222;\n}\n<\/style>\n<div id='av_section_1'  class='avia-section av-l2mxefv0-35bb32fcfe7f503a8ac259e0986fd26a main_color avia-section-default avia-no-border-styling  avia-builder-el-0  el_before_av_one_full  avia-builder-el-first  titlebarbox avia-bg-style-scroll av-section-color-overlay-active container_wrap sidebar_left'  data-section-bg-repeat='no-repeat'><div class=\"av-section-color-overlay-wrap\"><div class=\"av-section-color-overlay\"><\/div><div class='container av-section-cont-open' ><main  role=\"main\" itemprop=\"mainContentOfPage\"  class='template-page content  av-content-small units'><div class='post-entry post-entry-type-page post-entry-23279'><div class='entry-content-wrapper clearfix'>\n\n<style type=\"text\/css\" data-created_by=\"avia_inline_auto\" id=\"style-css-av-l2mxr7wy-b4eaf1ebf22700ba8c0e3ddaf64fafea\">\n.flex_column.av-l2mxr7wy-b4eaf1ebf22700ba8c0e3ddaf64fafea{\npadding:10% 0 10% 0;\n}\n<\/style>\n<div class='flex_column av-l2mxr7wy-b4eaf1ebf22700ba8c0e3ddaf64fafea av_one_full  avia-builder-el-1  avia-builder-el-no-sibling  first flex_column_div'   ><style type=\"text\/css\" data-created_by=\"avia_inline_auto\" id=\"style-css-av-l2mxewun-812b60f9f631bff3f3cece738bb226b9\">\n#top .av_textblock_section.av-l2mxewun-812b60f9f631bff3f3cece738bb226b9 .avia_textblock{\ncolor:#ffffff;\ntext-align:center;\n}\n<\/style>\n<section  class='av_textblock_section av-l2mxewun-812b60f9f631bff3f3cece738bb226b9'  itemscope=\"itemscope\" itemtype=\"https:\/\/schema.org\/CreativeWork\" ><div class='avia_textblock av_inherit_color'  itemprop=\"text\" ><h1>Soluciones para veh\u00edculos recreativos<\/h1>\n<\/div><\/section><br \/>\n<\/p><\/div>\n<\/div><\/div><\/main><!-- close content main element --><\/div><\/div><\/div><div id='after_section_1'  class='main_color av_default_container_wrap container_wrap sidebar_left'  ><div class='container av-section-cont-open' ><div class='template-page content  av-content-small units'><div class='post-entry post-entry-type-page post-entry-23279'><div class='entry-content-wrapper clearfix'>\n<div class='flex_column av-36otn7-68283b50c5d531435b3089733b837bd2 av_one_full  avia-builder-el-4  el_after_av_section  el_before_av_one_third  avia-builder-el-first  first flex_column_div'   ><section  class='av_textblock_section av-l2vl0whv-9e31ed8ef585d492647868c52b55fc1a'  itemscope=\"itemscope\" itemtype=\"https:\/\/schema.org\/CreativeWork\" ><div class='avia_textblock av_inherit_color'  itemprop=\"text\" ><h2>RV Backup Camera System &amp; Solution<\/h2>\n<\/div><\/section><br \/>\n<section  class='av_textblock_section av-l7lm2jda-4e9060cc836cbdc4fcaf73beb88afa01'  itemscope=\"itemscope\" itemtype=\"https:\/\/schema.org\/CreativeWork\" ><div class='avia_textblock'  itemprop=\"text\" ><p>Luview es una c\u00e1mara de seguridad RV profesional, sistema de c\u00e1mara de seguridad y la empresa de soluciones en China, si usted est\u00e1 buscando para comprar c\u00e1maras de seguridad RV y kits, o quiere encontrar un proveedor de soluciones de c\u00e1maras RV fiable, por favor correo electr\u00f3nico a <a href=\"mailto:sales@luview.com\"><u>sales@luview.com<\/u><\/a>\u00a0para m\u00e1s detalles.<\/p>\n<\/div><\/section><\/p><\/div>\n<div class='flex_column av-2ps3aj-3e87c5f96607d28e3a55d1356f20c5cd av_one_third  avia-builder-el-7  el_after_av_one_full  el_before_av_one_third  first flex_column_div column-top-margin'   ><p>\n<style type=\"text\/css\" data-created_by=\"avia_inline_auto\" id=\"style-css-av-l2vl5f5x-4ef9246b6ee9b266f88beb97dad453ef\">\n.avia-image-container.av-l2vl5f5x-4ef9246b6ee9b266f88beb97dad453ef .av-image-caption-overlay-center{\ncolor:#ffffff;\n}\n<\/style>\n<div  class='avia-image-container av-l2vl5f5x-4ef9246b6ee9b266f88beb97dad453ef av-styling- avia-align-center  avia-builder-el-8  el_before_av_textblock  avia-builder-el-first'  itemprop=\"image\" itemscope=\"itemscope\" itemtype=\"https:\/\/schema.org\/ImageObject\" ><div class=\"avia-image-container-inner\"><div class=\"avia-image-overlay-wrap\"><a href=\"https:\/\/luview.com\/es\/solutions\/rvs\/class-a-motorhome-camera-system\/\" class='avia_image' ><img decoding=\"async\" class='wp-image-23444 avia-img-lazy-loading-not-23444 avia_image lazyload' data-src=\"https:\/\/luview.com\/wp-content\/uploads\/2022\/08\/Class-A-Motorhome-Camera-Solution.jpg\" alt='Soluci\u00f3n de c\u00e1mara para autocaravanas de clase A' title='Soluci\u00f3n de c\u00e1mara para autocaravanas de clase A'  height=\"400\" width=\"400\"  itemprop=\"thumbnailUrl\" data-srcset=\"https:\/\/luview.com\/wp-content\/uploads\/2022\/08\/Class-A-Motorhome-Camera-Solution.jpg 400w, https:\/\/luview.com\/wp-content\/uploads\/2022\/08\/Class-A-Motorhome-Camera-Solution-100x100.jpg 100w, https:\/\/luview.com\/wp-content\/uploads\/2022\/08\/Class-A-Motorhome-Camera-Solution-300x300.jpg 300w, https:\/\/luview.com\/wp-content\/uploads\/2022\/08\/Class-A-Motorhome-Camera-Solution-80x80.jpg 80w, https:\/\/luview.com\/wp-content\/uploads\/2022\/08\/Class-A-Motorhome-Camera-Solution-36x36.jpg 36w, https:\/\/luview.com\/wp-content\/uploads\/2022\/08\/Class-A-Motorhome-Camera-Solution-180x180.jpg 180w\" data-sizes=\"(max-width: 400px) 100vw, 400px\" src=\"data:image\/svg+xml;base64,PHN2ZyB3aWR0aD0iMSIgaGVpZ2h0PSIxIiB4bWxucz0iaHR0cDovL3d3dy53My5vcmcvMjAwMC9zdmciPjwvc3ZnPg==\" style=\"--smush-placeholder-width: 400px; --smush-placeholder-aspect-ratio: 400\/400;\" \/><\/a><\/div><\/div><\/div><br \/>\n\n<style type=\"text\/css\" data-created_by=\"avia_inline_auto\" id=\"style-css-av-2m67d7-f8b3e92bddd972c8958c08357236f45c\">\n#top .av_textblock_section.av-2m67d7-f8b3e92bddd972c8958c08357236f45c .avia_textblock{\ntext-align:center;\n}\n<\/style>\n<section  class='av_textblock_section av-2m67d7-f8b3e92bddd972c8958c08357236f45c'  itemscope=\"itemscope\" itemtype=\"https:\/\/schema.org\/CreativeWork\" ><div class='avia_textblock'  itemprop=\"text\" ><h4 style=\"text-align: center;\"><a href=\"https:\/\/luview.com\/solutions\/rvs\/class-a-motorhome-camera-system\/\">Soluci\u00f3n de c\u00e1mara para autocaravanas de clase A<\/a><\/h4>\n<\/div><\/section><\/p><\/div>\n<div class='flex_column av-2ejarf-e202d8942680281a68fcdb041db7e656 av_one_third  avia-builder-el-10  el_after_av_one_third  el_before_av_one_third  flex_column_div column-top-margin'   ><p>\n<style type=\"text\/css\" data-created_by=\"avia_inline_auto\" id=\"style-css-av-l2vl5vyn-28a181660c5579e46bbb26a15887aaaa\">\n.avia-image-container.av-l2vl5vyn-28a181660c5579e46bbb26a15887aaaa .av-image-caption-overlay-center{\ncolor:#ffffff;\n}\n<\/style>\n<div  class='avia-image-container av-l2vl5vyn-28a181660c5579e46bbb26a15887aaaa av-styling- avia-align-center  avia-builder-el-11  el_before_av_textblock  avia-builder-el-first'  itemprop=\"image\" itemscope=\"itemscope\" itemtype=\"https:\/\/schema.org\/ImageObject\" ><div class=\"avia-image-container-inner\"><div class=\"avia-image-overlay-wrap\"><a href=\"https:\/\/luview.com\/es\/solutions\/rvs\/class-b-motorhome-camera-system\/\" class='avia_image' ><img decoding=\"async\" class='wp-image-23449 avia-img-lazy-loading-not-23449 avia_image lazyload' data-src=\"https:\/\/luview.com\/wp-content\/uploads\/2022\/08\/Class-B-Motorhome-Camera-Solution.jpg\" alt='Soluci\u00f3n de c\u00e1mara para autocaravanas de clase B' title='Soluci\u00f3n de c\u00e1mara para autocaravanas de clase B'  height=\"400\" width=\"400\"  itemprop=\"thumbnailUrl\" data-srcset=\"https:\/\/luview.com\/wp-content\/uploads\/2022\/08\/Class-B-Motorhome-Camera-Solution.jpg 400w, https:\/\/luview.com\/wp-content\/uploads\/2022\/08\/Class-B-Motorhome-Camera-Solution-100x100.jpg 100w, https:\/\/luview.com\/wp-content\/uploads\/2022\/08\/Class-B-Motorhome-Camera-Solution-300x300.jpg 300w, https:\/\/luview.com\/wp-content\/uploads\/2022\/08\/Class-B-Motorhome-Camera-Solution-80x80.jpg 80w, https:\/\/luview.com\/wp-content\/uploads\/2022\/08\/Class-B-Motorhome-Camera-Solution-36x36.jpg 36w, https:\/\/luview.com\/wp-content\/uploads\/2022\/08\/Class-B-Motorhome-Camera-Solution-180x180.jpg 180w\" data-sizes=\"(max-width: 400px) 100vw, 400px\" src=\"data:image\/svg+xml;base64,PHN2ZyB3aWR0aD0iMSIgaGVpZ2h0PSIxIiB4bWxucz0iaHR0cDovL3d3dy53My5vcmcvMjAwMC9zdmciPjwvc3ZnPg==\" style=\"--smush-placeholder-width: 400px; --smush-placeholder-aspect-ratio: 400\/400;\" \/><\/a><\/div><\/div><\/div><br \/>\n\n<style type=\"text\/css\" data-created_by=\"avia_inline_auto\" id=\"style-css-av-2ame8b-12b496c1614357556a4c7bab706be968\">\n#top .av_textblock_section.av-2ame8b-12b496c1614357556a4c7bab706be968 .avia_textblock{\ntext-align:center;\n}\n<\/style>\n<section  class='av_textblock_section av-2ame8b-12b496c1614357556a4c7bab706be968'  itemscope=\"itemscope\" itemtype=\"https:\/\/schema.org\/CreativeWork\" ><div class='avia_textblock'  itemprop=\"text\" ><h4 style=\"text-align: center;\"><a href=\"https:\/\/luview.com\/solutions\/rvs\/class-b-motorhome-camera-system\/\">Soluci\u00f3n de c\u00e1mara para autocaravanas de clase B<\/a><\/h4>\n<\/div><\/section><\/p><\/div>\n<div class='flex_column av-33x9jf-1c424f85e815b2819914c47335725612 av_one_third  avia-builder-el-13  el_after_av_one_third  el_before_av_one_third  flex_column_div column-top-margin'   ><p>\n<style type=\"text\/css\" data-created_by=\"avia_inline_auto\" id=\"style-css-av-l2vl2xqc-344d2ba781a1ebf5eaa154b7ba348338\">\n.avia-image-container.av-l2vl2xqc-344d2ba781a1ebf5eaa154b7ba348338 .av-image-caption-overlay-center{\ncolor:#ffffff;\n}\n<\/style>\n<div  class='avia-image-container av-l2vl2xqc-344d2ba781a1ebf5eaa154b7ba348338 av-styling- avia-align-center  avia-builder-el-14  el_before_av_textblock  avia-builder-el-first'  itemprop=\"image\" itemscope=\"itemscope\" itemtype=\"https:\/\/schema.org\/ImageObject\" ><div class=\"avia-image-container-inner\"><div class=\"avia-image-overlay-wrap\"><a href=\"https:\/\/luview.com\/es\/solutions\/rvs\/class-c-motorhome-camera-system\/\" class='avia_image' ><img decoding=\"async\" class='wp-image-23454 avia-img-lazy-loading-not-23454 avia_image lazyload' data-src=\"https:\/\/luview.com\/wp-content\/uploads\/2022\/08\/Class-C-Motorhome-Camera-Solution.jpg\" alt='Soluci\u00f3n de c\u00e1mara para autocaravanas Clase C' title='Soluci\u00f3n de c\u00e1mara para autocaravanas Clase C'  height=\"400\" width=\"400\"  itemprop=\"thumbnailUrl\" data-srcset=\"https:\/\/luview.com\/wp-content\/uploads\/2022\/08\/Class-C-Motorhome-Camera-Solution.jpg 400w, https:\/\/luview.com\/wp-content\/uploads\/2022\/08\/Class-C-Motorhome-Camera-Solution-100x100.jpg 100w, https:\/\/luview.com\/wp-content\/uploads\/2022\/08\/Class-C-Motorhome-Camera-Solution-300x300.jpg 300w, https:\/\/luview.com\/wp-content\/uploads\/2022\/08\/Class-C-Motorhome-Camera-Solution-80x80.jpg 80w, https:\/\/luview.com\/wp-content\/uploads\/2022\/08\/Class-C-Motorhome-Camera-Solution-36x36.jpg 36w, https:\/\/luview.com\/wp-content\/uploads\/2022\/08\/Class-C-Motorhome-Camera-Solution-180x180.jpg 180w\" data-sizes=\"(max-width: 400px) 100vw, 400px\" src=\"data:image\/svg+xml;base64,PHN2ZyB3aWR0aD0iMSIgaGVpZ2h0PSIxIiB4bWxucz0iaHR0cDovL3d3dy53My5vcmcvMjAwMC9zdmciPjwvc3ZnPg==\" style=\"--smush-placeholder-width: 400px; --smush-placeholder-aspect-ratio: 400\/400;\" \/><\/a><\/div><\/div><\/div><br \/>\n\n<style type=\"text\/css\" data-created_by=\"avia_inline_auto\" id=\"style-css-av-l2vl44qd-a9fd2e80f8564808c6bd161526b1aaa5\">\n#top .av_textblock_section.av-l2vl44qd-a9fd2e80f8564808c6bd161526b1aaa5 .avia_textblock{\ntext-align:center;\n}\n<\/style>\n<section  class='av_textblock_section av-l2vl44qd-a9fd2e80f8564808c6bd161526b1aaa5'  itemscope=\"itemscope\" itemtype=\"https:\/\/schema.org\/CreativeWork\" ><div class='avia_textblock'  itemprop=\"text\" ><h4 style=\"text-align: center;\"><a href=\"https:\/\/luview.com\/solutions\/rvs\/class-c-motorhome-camera-system\/\">Soluci\u00f3n de c\u00e1mara para autocaravanas Clase C<\/a><\/h4>\n<\/div><\/section><\/p><\/div>\n<div class='flex_column av-1w0job-f7b39fefdc55abed3e88101aa0d2c13e av_one_third  avia-builder-el-16  el_after_av_one_third  el_before_av_one_third  first flex_column_div column-top-margin'   ><p>\n<style type=\"text\/css\" data-created_by=\"avia_inline_auto\" id=\"style-css-av-l2vl6wsn-3e4a5b454ad52a3057c0725edcedb2c3\">\n.avia-image-container.av-l2vl6wsn-3e4a5b454ad52a3057c0725edcedb2c3 .av-image-caption-overlay-center{\ncolor:#ffffff;\n}\n<\/style>\n<div  class='avia-image-container av-l2vl6wsn-3e4a5b454ad52a3057c0725edcedb2c3 av-styling- avia-align-center  avia-builder-el-17  el_before_av_textblock  avia-builder-el-first'  itemprop=\"image\" itemscope=\"itemscope\" itemtype=\"https:\/\/schema.org\/ImageObject\" ><div class=\"avia-image-container-inner\"><div class=\"avia-image-overlay-wrap\"><a href=\"https:\/\/luview.com\/es\/solutions\/rvs\/fifth-wheel-camper-camera-system\/\" class='avia_image' ><img decoding=\"async\" class='wp-image-23563 avia-img-lazy-loading-not-23563 avia_image lazyload' data-src=\"https:\/\/luview.com\/wp-content\/uploads\/2022\/08\/Fifth-Wheel-Camper-Camera-Solution.jpg\" alt='Soluci\u00f3n de c\u00e1mara para camper de quinta rueda' title='Soluci\u00f3n de c\u00e1mara para camper de quinta rueda'  height=\"400\" width=\"400\"  itemprop=\"thumbnailUrl\" data-srcset=\"https:\/\/luview.com\/wp-content\/uploads\/2022\/08\/Fifth-Wheel-Camper-Camera-Solution.jpg 400w, https:\/\/luview.com\/wp-content\/uploads\/2022\/08\/Fifth-Wheel-Camper-Camera-Solution-100x100.jpg 100w, https:\/\/luview.com\/wp-content\/uploads\/2022\/08\/Fifth-Wheel-Camper-Camera-Solution-300x300.jpg 300w, https:\/\/luview.com\/wp-content\/uploads\/2022\/08\/Fifth-Wheel-Camper-Camera-Solution-80x80.jpg 80w, https:\/\/luview.com\/wp-content\/uploads\/2022\/08\/Fifth-Wheel-Camper-Camera-Solution-36x36.jpg 36w, https:\/\/luview.com\/wp-content\/uploads\/2022\/08\/Fifth-Wheel-Camper-Camera-Solution-180x180.jpg 180w\" data-sizes=\"(max-width: 400px) 100vw, 400px\" src=\"data:image\/svg+xml;base64,PHN2ZyB3aWR0aD0iMSIgaGVpZ2h0PSIxIiB4bWxucz0iaHR0cDovL3d3dy53My5vcmcvMjAwMC9zdmciPjwvc3ZnPg==\" style=\"--smush-placeholder-width: 400px; --smush-placeholder-aspect-ratio: 400\/400;\" \/><\/a><\/div><\/div><\/div><br \/>\n\n<style type=\"text\/css\" data-created_by=\"avia_inline_auto\" id=\"style-css-av-1p19dn-a970b6d55ba0d86edd4047305c5de9ec\">\n#top .av_textblock_section.av-1p19dn-a970b6d55ba0d86edd4047305c5de9ec .avia_textblock{\ntext-align:center;\n}\n<\/style>\n<section  class='av_textblock_section av-1p19dn-a970b6d55ba0d86edd4047305c5de9ec'  itemscope=\"itemscope\" itemtype=\"https:\/\/schema.org\/CreativeWork\" ><div class='avia_textblock'  itemprop=\"text\" ><h4 style=\"text-align: center;\"><a href=\"https:\/\/luview.com\/solutions\/rvs\/fifth-wheel-camper-camera-system\/\">Soluci\u00f3n de c\u00e1mara para camper de quinta rueda<\/a><\/h4>\n<\/div><\/section><\/p><\/div>\n<div class='flex_column av-24fj2z-0669ea80cabb754ad49006ee03e9e755 av_one_third  avia-builder-el-19  el_after_av_one_third  el_before_av_one_full  flex_column_div column-top-margin'   ><p>\n<style type=\"text\/css\" data-created_by=\"avia_inline_auto\" id=\"style-css-av-l2vl6a2o-193ab8d8aa308608291d920758f3315c\">\n.avia-image-container.av-l2vl6a2o-193ab8d8aa308608291d920758f3315c .av-image-caption-overlay-center{\ncolor:#ffffff;\n}\n<\/style>\n<div  class='avia-image-container av-l2vl6a2o-193ab8d8aa308608291d920758f3315c av-styling- avia-align-center  avia-builder-el-20  el_before_av_textblock  avia-builder-el-first'  itemprop=\"image\" itemscope=\"itemscope\" itemtype=\"https:\/\/schema.org\/ImageObject\" ><div class=\"avia-image-container-inner\"><div class=\"avia-image-overlay-wrap\"><a href=\"https:\/\/luview.com\/es\/solutions\/rvs\/travel-trailer-camera-system\/\" class='avia_image' ><img decoding=\"async\" class='wp-image-23567 avia-img-lazy-loading-not-23567 avia_image lazyload' data-src=\"https:\/\/luview.com\/wp-content\/uploads\/2022\/08\/Travel-Trailer-Camera-Solution.jpg\" alt='Soluci\u00f3n de c\u00e1mara para remolques de viaje' title='Soluci\u00f3n de c\u00e1mara para remolques de viaje'  height=\"400\" width=\"400\"  itemprop=\"thumbnailUrl\" data-srcset=\"https:\/\/luview.com\/wp-content\/uploads\/2022\/08\/Travel-Trailer-Camera-Solution.jpg 400w, https:\/\/luview.com\/wp-content\/uploads\/2022\/08\/Travel-Trailer-Camera-Solution-100x100.jpg 100w, https:\/\/luview.com\/wp-content\/uploads\/2022\/08\/Travel-Trailer-Camera-Solution-300x300.jpg 300w, https:\/\/luview.com\/wp-content\/uploads\/2022\/08\/Travel-Trailer-Camera-Solution-80x80.jpg 80w, https:\/\/luview.com\/wp-content\/uploads\/2022\/08\/Travel-Trailer-Camera-Solution-36x36.jpg 36w, https:\/\/luview.com\/wp-content\/uploads\/2022\/08\/Travel-Trailer-Camera-Solution-180x180.jpg 180w\" data-sizes=\"(max-width: 400px) 100vw, 400px\" src=\"data:image\/svg+xml;base64,PHN2ZyB3aWR0aD0iMSIgaGVpZ2h0PSIxIiB4bWxucz0iaHR0cDovL3d3dy53My5vcmcvMjAwMC9zdmciPjwvc3ZnPg==\" style=\"--smush-placeholder-width: 400px; --smush-placeholder-aspect-ratio: 400\/400;\" \/><\/a><\/div><\/div><\/div><br \/>\n\n<style type=\"text\/css\" data-created_by=\"avia_inline_auto\" id=\"style-css-av-l2vl6kaz-600c655cf69a56eca0cd7d73b7dced5c\">\n#top .av_textblock_section.av-l2vl6kaz-600c655cf69a56eca0cd7d73b7dced5c .avia_textblock{\ntext-align:center;\n}\n<\/style>\n<section  class='av_textblock_section av-l2vl6kaz-600c655cf69a56eca0cd7d73b7dced5c'  itemscope=\"itemscope\" itemtype=\"https:\/\/schema.org\/CreativeWork\" ><div class='avia_textblock'  itemprop=\"text\" ><h4 style=\"text-align: center;\"><a href=\"https:\/\/luview.com\/solutions\/rvs\/travel-trailer-camera-system\/\">Soluci\u00f3n de c\u00e1mara para remolques de viaje<\/a><\/h4>\n<\/div><\/section><\/p><\/div>\n<div class='flex_column av-zn923-2998580518e3833d33293177f79d69a5 av_one_full  avia-builder-el-22  el_after_av_one_third  el_before_av_one_full  first flex_column_div column-top-margin'   ><section  class='av_textblock_section av-l2vl9sc8-321202df39fd446ec8d30e8813d0d1d6'  itemscope=\"itemscope\" itemtype=\"https:\/\/schema.org\/CreativeWork\" ><div class='avia_textblock'  itemprop=\"text\" ><h3>Por qu\u00e9 su veh\u00edculo recreativo necesita una c\u00e1mara de marcha atr\u00e1s<\/h3>\n<\/div><\/section><br \/>\n<section  class='av_textblock_section av-l2vla2no-02a9d235c6ee455249ee410d4d085d73'  itemscope=\"itemscope\" itemtype=\"https:\/\/schema.org\/CreativeWork\" ><div class='avia_textblock'  itemprop=\"text\" ><p>Los veh\u00edculos recreativos tienen un punto ciego, lo que significa que el conductor no puede ver lo que hay detr\u00e1s de \u00e9l. Aunque el espejo retrovisor ayuda con esta visibilidad, una c\u00e1mara de marcha atr\u00e1s o un sistema de c\u00e1mara de marcha atr\u00e1s proporcionar\u00e1 una visi\u00f3n mejorada. No basta con ver lo que hay detr\u00e1s de la caravana. De hecho, la NHTSA estima que los sistemas de c\u00e1mara de marcha atr\u00e1s salvan entre 58 y 69 vidas al a\u00f1o. Tener este kit a bordo har\u00e1 que la marcha atr\u00e1s de su veh\u00edculo recreativo sea m\u00e1s segura y f\u00e1cil para todos.<\/p>\n<\/div><\/section><br \/>\n<section  class='av_textblock_section av-l7lm6ylm-7c09acb39005785df370b0813624c6e1'  itemscope=\"itemscope\" itemtype=\"https:\/\/schema.org\/CreativeWork\" ><div class='avia_textblock'  itemprop=\"text\" ><h3>C\u00e1mara de seguridad para veh\u00edculos recreativos con o sin cable<\/h3>\n<\/div><\/section><br \/>\n<section  class='av_textblock_section av-l7lm7fwe-bf388bbeff492cfab7c5738919c34622'  itemscope=\"itemscope\" itemtype=\"https:\/\/schema.org\/CreativeWork\" ><div class='avia_textblock'  itemprop=\"text\" ><p>Una de las preguntas m\u00e1s comunes sobre la instalaci\u00f3n de una c\u00e1mara de seguridad para veh\u00edculos recreativos es qu\u00e9 tipo es m\u00e1s f\u00e1cil de instalar: \u00bfuna inal\u00e1mbrica o una con cable? Los mejores sistemas inal\u00e1mbricos de c\u00e1maras de marcha atr\u00e1s para veh\u00edculos recreativos no requieren ning\u00fan cableado. Utilizan tecnolog\u00eda digital o anal\u00f3gica, siendo esta \u00faltima la que ofrece una imagen m\u00e1s clara. Sin embargo, las c\u00e1maras anal\u00f3gicas pueden proporcionar im\u00e1genes borrosas si sus se\u00f1ales digitales son d\u00e9biles. Una c\u00e1mara con cable suele ser m\u00e1s asequible que una inal\u00e1mbrica, por lo que unos pocos d\u00f3lares en la instalaci\u00f3n merecen la pena.<\/p>\n<p>Dependiendo del tipo de veh\u00edculo recreativo que tenga, una c\u00e1mara con cable puede proporcionar una se\u00f1al de mayor calidad. Pero las c\u00e1maras con cable para veh\u00edculos recreativos requieren m\u00e1s tiempo de instalaci\u00f3n. Algunos veh\u00edculos recreativos ya tienen c\u00e1maras de seguridad con cable, por lo que puede ahorrarse algo de tiempo. Por otro lado, las c\u00e1maras inal\u00e1mbricas pueden resultar da\u00f1adas por rampas reforzadas con metal. En tales casos, debe considerar una c\u00e1mara de seguridad con cable para veh\u00edculos recreativos. Una c\u00e1mara con cable permite una conexi\u00f3n constante a la pantalla del monitor.<\/p>\n<\/div><\/section><br \/>\n<section  class='av_textblock_section av-l7lm7sov-edf8c5c4a8089b7a550ca4c5fabb547e'  itemscope=\"itemscope\" itemtype=\"https:\/\/schema.org\/CreativeWork\" ><div class='avia_textblock'  itemprop=\"text\" ><h3>C\u00f3mo elegir la mejor c\u00e1mara de seguridad para veh\u00edculos recreativos<\/h3>\n<\/div><\/section><br \/>\n<section  class='av_textblock_section av-l7lm876e-30d3ec81da3c7dee2d3f09309674f699'  itemscope=\"itemscope\" itemtype=\"https:\/\/schema.org\/CreativeWork\" ><div class='avia_textblock'  itemprop=\"text\" ><p>Aunque es importante elegir la c\u00e1mara de marcha atr\u00e1s para veh\u00edculos recreativos que mejor se adapte a sus necesidades, hay algunos factores b\u00e1sicos que debe tener en cuenta antes de comprar una.<\/p>\n<p>En primer lugar, la c\u00e1mara debe ser f\u00e1cil de instalar. Si no quiere dedicar tiempo y esfuerzo a instalar la c\u00e1mara usted mismo, considere la posibilidad de adquirir una que disponga de conexiones inal\u00e1mbricas.<\/p>\n<p>Comprueba tambi\u00e9n la resoluci\u00f3n y la distancia focal de la c\u00e1mara. Las im\u00e1genes de alta calidad pueden ayudarte a detectar posibles problemas antes de que ocurran.<\/p>\n<p>La mejor c\u00e1mara de seguridad para veh\u00edculos recreativos debe soportar condiciones clim\u00e1ticas adversas. Debe ser impermeable, a prueba de golpes y resistente a las vibraciones.<\/p>\n<p>Adem\u00e1s, debe tener una fuente de alimentaci\u00f3n constante.<\/p>\n<p>Por \u00faltimo, debe considerar el m\u00e9todo de montaje. Puede elegir entre c\u00e1maras empotradas o montadas en superficie. Algunas c\u00e1maras son de perfil bajo, por lo que pueden ser dif\u00edciles de ver desde la ventana de tu casa.<\/p>\n<\/div><\/section><\/p><\/div>\n\n<style type=\"text\/css\" data-created_by=\"avia_inline_auto\" id=\"style-css-av-l2vletd8-6873c757f85d604bdfa88a557a400ac2\">\n.flex_column.av-l2vletd8-6873c757f85d604bdfa88a557a400ac2{\nborder-radius:15px 15px 15px 15px;\n-webkit-border-radius:15px 15px 15px 15px;\n-moz-border-radius:15px 15px 15px 15px;\npadding:50px 50px 50px 50px;\nbox-shadow:0 0 10px 0 #e0e0e0;\n-webkit-box-shadow:0 0 10px 0 #e0e0e0;\n-moz-box-shadow:0 0 10px 0 #e0e0e0;\nbackground-color:#ffffff;\n}\n<\/style>\n<div class='flex_column av-l2vletd8-6873c757f85d604bdfa88a557a400ac2 av_one_full  avia-builder-el-29  el_after_av_one_full  avia-builder-el-last  first flex_column_div column-top-margin'   ><style type=\"text\/css\" data-created_by=\"avia_inline_auto\" id=\"style-css-av-1pn56r-c5797cae44e1194cd88c41e4e080c4a0\">\n#top .av_textblock_section.av-1pn56r-c5797cae44e1194cd88c41e4e080c4a0 .avia_textblock{\ntext-align:center;\n}\n<\/style>\n<section  class='av_textblock_section av-1pn56r-c5797cae44e1194cd88c41e4e080c4a0'  itemscope=\"itemscope\" itemtype=\"https:\/\/schema.org\/CreativeWork\" ><div class='avia_textblock'  itemprop=\"text\" ><h3>Presupuesto personalizado<\/h3>\n<\/div><\/section><br \/>\n\n<style type=\"text\/css\" data-created_by=\"avia_inline_auto\" id=\"style-css-av-1me14z-8350f34feb640d6e4b487e997fe59277\">\n#top .hr.hr-invisible.av-1me14z-8350f34feb640d6e4b487e997fe59277{\nheight:30px;\n}\n<\/style>\n<div  class='hr av-1me14z-8350f34feb640d6e4b487e997fe59277 hr-invisible  avia-builder-el-31  el_after_av_textblock  el_before_av_codeblock'><span class='hr-inner'><span class=\"hr-inner-style\"><\/span><\/span><\/div><br \/>\n<\/p><\/div>","protected":false},"excerpt":{"rendered":"","protected":false},"author":1,"featured_media":0,"parent":387,"menu_order":0,"comment_status":"closed","ping_status":"closed","template":"","meta":{"_monsterinsights_skip_tracking":false,"_monsterinsights_sitenote_active":false,"_monsterinsights_sitenote_note":"","_monsterinsights_sitenote_category":0,"footnotes":""},"class_list":["post-23279","page","type-page","status-publish","hentry"],"_links":{"self":[{"href":"https:\/\/luview.com\/es\/wp-json\/wp\/v2\/pages\/23279","targetHints":{"allow":["GET"]}}],"collection":[{"href":"https:\/\/luview.com\/es\/wp-json\/wp\/v2\/pages"}],"about":[{"href":"https:\/\/luview.com\/es\/wp-json\/wp\/v2\/types\/page"}],"author":[{"embeddable":true,"href":"https:\/\/luview.com\/es\/wp-json\/wp\/v2\/users\/1"}],"replies":[{"embeddable":true,"href":"https:\/\/luview.com\/es\/wp-json\/wp\/v2\/comments?post=23279"}],"version-history":[{"count":0,"href":"https:\/\/luview.com\/es\/wp-json\/wp\/v2\/pages\/23279\/revisions"}],"up":[{"embeddable":true,"href":"https:\/\/luview.com\/es\/wp-json\/wp\/v2\/pages\/387"}],"wp:attachment":[{"href":"https:\/\/luview.com\/es\/wp-json\/wp\/v2\/media?parent=23279"}],"curies":[{"name":"wp","href":"https:\/\/api.w.org\/{rel}","templated":true}]}}