{"id":23565,"date":"2022-08-24T10:43:52","date_gmt":"2022-08-24T10:43:52","guid":{"rendered":"https:\/\/luview.com\/?page_id=23565"},"modified":"2025-08-07T07:42:11","modified_gmt":"2025-08-07T07:42:11","slug":"sistema-de-camaras-para-caravanas","status":"publish","type":"page","link":"https:\/\/luview.com\/es\/solutions\/rvs\/travel-trailer-camera-system\/","title":{"rendered":"Sistema de c\u00e1maras para remolques de viaje"},"content":{"rendered":"<style type=\"text\/css\" data-created_by=\"avia_inline_auto\" id=\"style-css-av-l2mxefv0-35bb32fcfe7f503a8ac259e0986fd26a\">\n.avia-section.av-l2mxefv0-35bb32fcfe7f503a8ac259e0986fd26a{\nbackground-repeat:no-repeat;\nbackground-image:url(https:\/\/luview.com\/wp-content\/uploads\/2022\/05\/solution-head.jpg);\nbackground-position:50% 50%;\nbackground-attachment:scroll;\n}\n.avia-section.av-l2mxefv0-35bb32fcfe7f503a8ac259e0986fd26a .av-section-color-overlay{\nopacity:0.8;\nbackground-color:#222222;\n}\n<\/style>\n<div id='av_section_1'  class='avia-section av-l2mxefv0-35bb32fcfe7f503a8ac259e0986fd26a main_color avia-section-default avia-no-border-styling  avia-builder-el-0  el_before_av_one_full  avia-builder-el-first  titlebarbox avia-bg-style-scroll av-section-color-overlay-active container_wrap sidebar_left'  data-section-bg-repeat='no-repeat'><div class=\"av-section-color-overlay-wrap\"><div class=\"av-section-color-overlay\"><\/div><div class='container av-section-cont-open' ><main  role=\"main\" itemprop=\"mainContentOfPage\"  class='template-page content  av-content-small units'><div class='post-entry post-entry-type-page post-entry-23565'><div class='entry-content-wrapper clearfix'>\n\n<style type=\"text\/css\" data-created_by=\"avia_inline_auto\" id=\"style-css-av-l2mxr7wy-b4eaf1ebf22700ba8c0e3ddaf64fafea\">\n.flex_column.av-l2mxr7wy-b4eaf1ebf22700ba8c0e3ddaf64fafea{\npadding:10% 0 10% 0;\n}\n<\/style>\n<div class='flex_column av-l2mxr7wy-b4eaf1ebf22700ba8c0e3ddaf64fafea av_one_full  avia-builder-el-1  avia-builder-el-no-sibling  first flex_column_div'   ><style type=\"text\/css\" data-created_by=\"avia_inline_auto\" id=\"style-css-av-l2mxewun-812b60f9f631bff3f3cece738bb226b9\">\n#top .av_textblock_section.av-l2mxewun-812b60f9f631bff3f3cece738bb226b9 .avia_textblock{\ncolor:#ffffff;\ntext-align:center;\n}\n<\/style>\n<section  class='av_textblock_section av-l2mxewun-812b60f9f631bff3f3cece738bb226b9'  itemscope=\"itemscope\" itemtype=\"https:\/\/schema.org\/CreativeWork\" ><div class='avia_textblock av_inherit_color'  itemprop=\"text\" ><h1>Sistema de c\u00e1maras para remolques de viaje<\/h1>\n<\/div><\/section><br \/>\n<\/p><\/div>\n<\/div><\/div><\/main><!-- close content main element --><\/div><\/div><\/div><div id='after_section_1'  class='main_color av_default_container_wrap container_wrap sidebar_left'  ><div class='container av-section-cont-open' ><div class='template-page content  av-content-small units'><div class='post-entry post-entry-type-page post-entry-23565'><div class='entry-content-wrapper clearfix'>\n<div class='flex_column av-36otn7-68283b50c5d531435b3089733b837bd2 av_one_full  avia-builder-el-4  el_after_av_section  el_before_av_two_third  avia-builder-el-first  first flex_column_div'   ><style type=\"text\/css\" data-created_by=\"avia_inline_auto\" id=\"style-css-av-l2vl0whv-12c18fcd60407881c4a552325390afb9\">\n#top .av_textblock_section.av-l2vl0whv-12c18fcd60407881c4a552325390afb9 .avia_textblock{\ncolor:#333333;\n}\n<\/style>\n<section  class='av_textblock_section av-l2vl0whv-12c18fcd60407881c4a552325390afb9'  itemscope=\"itemscope\" itemtype=\"https:\/\/schema.org\/CreativeWork\" ><div class='avia_textblock av_inherit_color'  itemprop=\"text\" ><h3>Soluci\u00f3n de c\u00e1mara para remolques de viaje<\/h3>\n<\/div><\/section><br \/>\n<section  class='av_textblock_section av-l6tgj0he-99e9f8273172b315d83a09d5deeb5b7b'  itemscope=\"itemscope\" itemtype=\"https:\/\/schema.org\/CreativeWork\" ><div class='avia_textblock'  itemprop=\"text\" ><p>\u00bfUn remolque de viaje y acampar rv suena como su pasatiempo favorito? Luview sistema de c\u00e1mara de remolque de viaje que le hace mucho m\u00e1s seguro al conducir o viajar, por favor correo electr\u00f3nico <a href=\"mailto:sales@luview.com\">sales@luview.com<\/a>\u00a0si est\u00e1 interesado en nuestros productos.<\/p>\n<\/div><\/section><br \/>\n\n<style type=\"text\/css\" data-created_by=\"avia_inline_auto\" id=\"style-css-av-l2vl2xqc-e57cfe61a15c6b19e80cd22055bb6db5\">\n.avia-image-container.av-l2vl2xqc-e57cfe61a15c6b19e80cd22055bb6db5 .av-image-caption-overlay-center{\ncolor:#ffffff;\n}\n<\/style>\n<div  class='avia-image-container av-l2vl2xqc-e57cfe61a15c6b19e80cd22055bb6db5 av-styling- avia-align-center  avia-builder-el-7  el_after_av_textblock  avia-builder-el-last'  itemprop=\"image\" itemscope=\"itemscope\" itemtype=\"https:\/\/schema.org\/ImageObject\" ><div class=\"avia-image-container-inner\"><div class=\"avia-image-overlay-wrap\"><img decoding=\"async\" class='wp-image-23566 avia-img-lazy-loading-not-23566 avia_image lazyload' data-src=\"https:\/\/luview.com\/wp-content\/uploads\/2022\/08\/Travel-Trailer-Camera-System.jpg\" alt='Sistema de c\u00e1maras para remolques de viaje' title='Sistema de c\u00e1maras para remolques de viaje'  height=\"510\" width=\"1061\"  itemprop=\"thumbnailUrl\" data-srcset=\"https:\/\/luview.com\/wp-content\/uploads\/2022\/08\/Travel-Trailer-Camera-System.jpg 1061w, https:\/\/luview.com\/wp-content\/uploads\/2022\/08\/Travel-Trailer-Camera-System-800x385.jpg 800w, https:\/\/luview.com\/wp-content\/uploads\/2022\/08\/Travel-Trailer-Camera-System-300x144.jpg 300w, https:\/\/luview.com\/wp-content\/uploads\/2022\/08\/Travel-Trailer-Camera-System-1030x495.jpg 1030w, https:\/\/luview.com\/wp-content\/uploads\/2022\/08\/Travel-Trailer-Camera-System-768x369.jpg 768w, https:\/\/luview.com\/wp-content\/uploads\/2022\/08\/Travel-Trailer-Camera-System-705x339.jpg 705w, https:\/\/luview.com\/wp-content\/uploads\/2022\/08\/Travel-Trailer-Camera-System-600x288.jpg 600w\" data-sizes=\"(max-width: 1061px) 100vw, 1061px\" src=\"data:image\/svg+xml;base64,PHN2ZyB3aWR0aD0iMSIgaGVpZ2h0PSIxIiB4bWxucz0iaHR0cDovL3d3dy53My5vcmcvMjAwMC9zdmciPjwvc3ZnPg==\" style=\"--smush-placeholder-width: 1061px; --smush-placeholder-aspect-ratio: 1061\/510;\" \/><\/div><\/div><\/div><\/p><\/div>\n<div class='flex_column_table av-l2vuent2-113f0c374e6e63ea3bcfcd112cd4ec3d sc-av_two_third av-equal-height-column-flextable'><div class='flex_column av-l2vuent2-113f0c374e6e63ea3bcfcd112cd4ec3d av_two_third  avia-builder-el-8  el_after_av_one_full  el_before_av_one_third  first flex_column_table_cell av-equal-height-column av-align-middle column-top-margin'   ><style type=\"text\/css\" data-created_by=\"avia_inline_auto\" id=\"style-css-av-l2vucuj8-ccab866384f21b62ed7daf286d2eabda\">\n#top .av_textblock_section.av-l2vucuj8-ccab866384f21b62ed7daf286d2eabda .avia_textblock{\ncolor:#333333;\n}\n<\/style>\n<section  class='av_textblock_section av-l2vucuj8-ccab866384f21b62ed7daf286d2eabda'  itemscope=\"itemscope\" itemtype=\"https:\/\/schema.org\/CreativeWork\" ><div class='avia_textblock av_inherit_color'  itemprop=\"text\" ><h2>Por qu\u00e9 las caravanas deben tener c\u00e1maras<\/h2>\n<\/div><\/section><br \/>\n<section  class='av_textblock_section av-l2vucyq1-7aafae540286fe3356a0a7f87fe1c1d5'  itemscope=\"itemscope\" itemtype=\"https:\/\/schema.org\/CreativeWork\" ><div class='avia_textblock'  itemprop=\"text\" ><p>\u00bfPor qu\u00e9 deben tener c\u00e1maras los remolques de viaje? Es una buena idea tener una c\u00e1mara de marcha atr\u00e1s para protegerte mientras retrocedes. Estas c\u00e1maras suelen montarse en la parte trasera de los remolques de viaje, pero tambi\u00e9n puedes montarlas en la parte delantera o discretamente cerca de la matr\u00edcula. La elecci\u00f3n depender\u00e1 de tus preferencias personales.<\/p>\n<p>Si est\u00e1 pensando en instalar un sistema de c\u00e1maras en su remolque de viaje, probablemente se pregunte c\u00f3mo funciona el dispositivo. Las c\u00e1maras de seguridad para remolques de viaje est\u00e1n disponibles en dos tipos b\u00e1sicos: inal\u00e1mbricas y con cable. Un sistema de c\u00e1mara de seguridad con cable requiere un cable que atraviese el remolque hasta su ubicaci\u00f3n, mientras que una c\u00e1mara de seguridad inal\u00e1mbrica no requiere instalaci\u00f3n a trav\u00e9s del remolque de viaje. Adem\u00e1s, las c\u00e1maras de seguridad cableadas suelen requerir m\u00e1s tiempo de instalaci\u00f3n y mano de obra, ya que debe pasar cables a trav\u00e9s del remolque de viaje para controlarlas.<\/p>\n<\/div><\/section><\/p><\/div>\n<div class='av-flex-placeholder'><\/div><div class='flex_column av-33x9jf-1c424f85e815b2819914c47335725612 av_one_third  avia-builder-el-11  el_after_av_two_third  el_before_av_one_full  flex_column_table_cell av-equal-height-column av-align-middle column-top-margin'   ><style type=\"text\/css\" data-created_by=\"avia_inline_auto\" id=\"style-css-av-4bt46-bfdd4c790ab53134514661df94fa3c62\">\n.avia-image-container.av-4bt46-bfdd4c790ab53134514661df94fa3c62 .av-image-caption-overlay-center{\ncolor:#ffffff;\n}\n<\/style>\n<div  class='avia-image-container av-4bt46-bfdd4c790ab53134514661df94fa3c62 av-styling- avia-align-center  avia-builder-el-12  avia-builder-el-no-sibling'  itemprop=\"image\" itemscope=\"itemscope\" itemtype=\"https:\/\/schema.org\/ImageObject\" ><div class=\"avia-image-container-inner\"><div class=\"avia-image-overlay-wrap\"><img decoding=\"async\" class='wp-image-23567 avia-img-lazy-loading-not-23567 avia_image lazyload' data-src=\"https:\/\/luview.com\/wp-content\/uploads\/2022\/08\/Travel-Trailer-Camera-Solution.jpg\" alt='Soluci\u00f3n de c\u00e1mara para remolques de viaje' title='Soluci\u00f3n de c\u00e1mara para remolques de viaje'  height=\"400\" width=\"400\"  itemprop=\"thumbnailUrl\" data-srcset=\"https:\/\/luview.com\/wp-content\/uploads\/2022\/08\/Travel-Trailer-Camera-Solution.jpg 400w, https:\/\/luview.com\/wp-content\/uploads\/2022\/08\/Travel-Trailer-Camera-Solution-100x100.jpg 100w, https:\/\/luview.com\/wp-content\/uploads\/2022\/08\/Travel-Trailer-Camera-Solution-300x300.jpg 300w, https:\/\/luview.com\/wp-content\/uploads\/2022\/08\/Travel-Trailer-Camera-Solution-80x80.jpg 80w, https:\/\/luview.com\/wp-content\/uploads\/2022\/08\/Travel-Trailer-Camera-Solution-36x36.jpg 36w, https:\/\/luview.com\/wp-content\/uploads\/2022\/08\/Travel-Trailer-Camera-Solution-180x180.jpg 180w\" data-sizes=\"(max-width: 400px) 100vw, 400px\" src=\"data:image\/svg+xml;base64,PHN2ZyB3aWR0aD0iMSIgaGVpZ2h0PSIxIiB4bWxucz0iaHR0cDovL3d3dy53My5vcmcvMjAwMC9zdmciPjwvc3ZnPg==\" style=\"--smush-placeholder-width: 400px; --smush-placeholder-aspect-ratio: 400\/400;\" \/><\/div><\/div><\/div><\/div><\/div><!--close column table wrapper. Autoclose: 1 -->\n<div class='flex_column av-vg8j76-f671cbd66d0afc4262e7300d1137b03c av_one_full  avia-builder-el-13  el_after_av_one_third  el_before_av_one_third  first flex_column_div column-top-margin'   ><style type=\"text\/css\" data-created_by=\"avia_inline_auto\" id=\"style-css-av-l6texmjs-77543e287af0038bc9d5eaf2d697f507\">\n#top .av_textblock_section.av-l6texmjs-77543e287af0038bc9d5eaf2d697f507 .avia_textblock{\ncolor:#333333;\n}\n<\/style>\n<section  class='av_textblock_section av-l6texmjs-77543e287af0038bc9d5eaf2d697f507'  itemscope=\"itemscope\" itemtype=\"https:\/\/schema.org\/CreativeWork\" ><div class='avia_textblock av_inherit_color'  itemprop=\"text\" ><h2 style=\"text-align: center;\">\u00bfCu\u00e1ntas c\u00e1maras debe tener una caravana?<\/h2>\n<\/div><\/section><br \/>\n<section  class='av_textblock_section av-l6texz40-4c77d4073ca1b54a7332860a10763364'  itemscope=\"itemscope\" itemtype=\"https:\/\/schema.org\/CreativeWork\" ><div class='avia_textblock'  itemprop=\"text\" ><p>La mayor\u00eda de los sistemas incluir\u00e1n una c\u00e1mara de marcha atr\u00e1s, que le ayudar\u00e1 a ver objetos detr\u00e1s de su remolque de viaje mientras da marcha atr\u00e1s. Estas c\u00e1maras pueden producir im\u00e1genes con un amplio campo de visi\u00f3n, y algunas incluso tienen capacidad de visi\u00f3n nocturna. Las c\u00e1maras se pueden montar en ambos lados y en la parte trasera de su veh\u00edculo, dependiendo de sus necesidades. Le sugerimos que instale en su remolque de viaje una c\u00e1mara de visi\u00f3n trasera JY-027, dos c\u00e1maras de visi\u00f3n lateral JY-831 y un sistema de sensor de aparcamiento ultras\u00f3nico JY-PT08.<\/p>\n<\/div><\/section><\/p><\/div>\n<div class='flex_column av-zah7a-ba1830be2d4d11e4983aa8cca0b036ad av_one_third  avia-builder-el-16  el_after_av_one_full  el_before_av_one_third  first flex_column_div column-top-margin'   ><p>\n<style type=\"text\/css\" data-created_by=\"avia_inline_auto\" id=\"style-css-av-l2vucd71-8b97d8b9af1aee551fa68d2b4e6549e6\">\n.avia-image-container.av-l2vucd71-8b97d8b9af1aee551fa68d2b4e6549e6 .av-image-caption-overlay-center{\ncolor:#ffffff;\n}\n<\/style>\n<div  class='avia-image-container av-l2vucd71-8b97d8b9af1aee551fa68d2b4e6549e6 av-styling- avia-align-center  avia-builder-el-17  el_before_av_textblock  avia-builder-el-first'  itemprop=\"image\" itemscope=\"itemscope\" itemtype=\"https:\/\/schema.org\/ImageObject\" ><div class=\"avia-image-container-inner\"><div class=\"avia-image-overlay-wrap\"><a href=\"https:\/\/luview.com\/es\/product\/jy-027-mini-camera-with-sony-starlight-wide-dynamic-sensor\/\" class='avia_image' ><img decoding=\"async\" class='wp-image-955 avia-img-lazy-loading-not-955 avia_image lazyload' data-src=\"https:\/\/luview.com\/wp-content\/uploads\/2022\/06\/JY-027-mini-camera.jpg\" alt='Minic\u00e1mara JY-027 con sensor din\u00e1mico Sony starlight wide' title='Minic\u00e1mara JY-027 con sensor din\u00e1mico Sony starlight wide'  height=\"800\" width=\"800\"  itemprop=\"thumbnailUrl\" data-srcset=\"https:\/\/luview.com\/wp-content\/uploads\/2022\/06\/JY-027-mini-camera.jpg 800w, https:\/\/luview.com\/wp-content\/uploads\/2022\/06\/JY-027-mini-camera-600x600.jpg 600w, https:\/\/luview.com\/wp-content\/uploads\/2022\/06\/JY-027-mini-camera-100x100.jpg 100w, https:\/\/luview.com\/wp-content\/uploads\/2022\/06\/JY-027-mini-camera-300x300.jpg 300w, https:\/\/luview.com\/wp-content\/uploads\/2022\/06\/JY-027-mini-camera-80x80.jpg 80w, https:\/\/luview.com\/wp-content\/uploads\/2022\/06\/JY-027-mini-camera-768x768.jpg 768w, https:\/\/luview.com\/wp-content\/uploads\/2022\/06\/JY-027-mini-camera-36x36.jpg 36w, https:\/\/luview.com\/wp-content\/uploads\/2022\/06\/JY-027-mini-camera-180x180.jpg 180w, https:\/\/luview.com\/wp-content\/uploads\/2022\/06\/JY-027-mini-camera-705x705.jpg 705w\" data-sizes=\"(max-width: 800px) 100vw, 800px\" src=\"data:image\/svg+xml;base64,PHN2ZyB3aWR0aD0iMSIgaGVpZ2h0PSIxIiB4bWxucz0iaHR0cDovL3d3dy53My5vcmcvMjAwMC9zdmciPjwvc3ZnPg==\" style=\"--smush-placeholder-width: 800px; --smush-placeholder-aspect-ratio: 800\/800;\" \/><\/a><\/div><\/div><\/div><br \/>\n\n<style type=\"text\/css\" data-created_by=\"avia_inline_auto\" id=\"style-css-av-l2vugtbd-f5ebea5a4705b3b5018cc5728b8d05be\">\n#top .av_textblock_section.av-l2vugtbd-f5ebea5a4705b3b5018cc5728b8d05be .avia_textblock{\ntext-align:center;\n}\n<\/style>\n<section  class='av_textblock_section av-l2vugtbd-f5ebea5a4705b3b5018cc5728b8d05be'  itemscope=\"itemscope\" itemtype=\"https:\/\/schema.org\/CreativeWork\" ><div class='avia_textblock av_inherit_color'  itemprop=\"text\" ><p style=\"text-align: center;\">JY-027 C\u00e1mara de visi\u00f3n trasera<\/p>\n<\/div><\/section><\/p><\/div>\n<div class='flex_column av-r4xau-359a78e09f788191996619a375f594d1 av_one_third  avia-builder-el-19  el_after_av_one_third  el_before_av_one_third  flex_column_div column-top-margin'   ><p>\n<style type=\"text\/css\" data-created_by=\"avia_inline_auto\" id=\"style-css-av-l2vullqs-75bae672a2936677bff3eb2a2f46d806\">\n.avia-image-container.av-l2vullqs-75bae672a2936677bff3eb2a2f46d806 .av-image-caption-overlay-center{\ncolor:#ffffff;\n}\n<\/style>\n<div  class='avia-image-container av-l2vullqs-75bae672a2936677bff3eb2a2f46d806 av-styling- avia-align-center  avia-builder-el-20  el_before_av_textblock  avia-builder-el-first'  itemprop=\"image\" itemscope=\"itemscope\" itemtype=\"https:\/\/schema.org\/ImageObject\" ><div class=\"avia-image-container-inner\"><div class=\"avia-image-overlay-wrap\"><a href=\"https:\/\/luview.com\/es\/product\/jy-831-960p-wdr-ip69k-waterproof-mini-side-view-camera\/\" class='avia_image' ><img decoding=\"async\" class='wp-image-1069 avia-img-lazy-loading-not-1069 avia_image lazyload' data-src=\"https:\/\/luview.com\/wp-content\/uploads\/2022\/06\/JY-831-side-view-camera-for-various-large-vehicles.jpg\" alt='JY-831 960P WDR IP69K impermeable mini c\u00e1mara de visi\u00f3n lateral' title='JY-831 960P WDR IP69K impermeable mini c\u00e1mara de visi\u00f3n lateral'  height=\"800\" width=\"800\"  itemprop=\"thumbnailUrl\" data-srcset=\"https:\/\/luview.com\/wp-content\/uploads\/2022\/06\/JY-831-side-view-camera-for-various-large-vehicles.jpg 800w, https:\/\/luview.com\/wp-content\/uploads\/2022\/06\/JY-831-side-view-camera-for-various-large-vehicles-600x600.jpg 600w, https:\/\/luview.com\/wp-content\/uploads\/2022\/06\/JY-831-side-view-camera-for-various-large-vehicles-100x100.jpg 100w, https:\/\/luview.com\/wp-content\/uploads\/2022\/06\/JY-831-side-view-camera-for-various-large-vehicles-300x300.jpg 300w, https:\/\/luview.com\/wp-content\/uploads\/2022\/06\/JY-831-side-view-camera-for-various-large-vehicles-80x80.jpg 80w, https:\/\/luview.com\/wp-content\/uploads\/2022\/06\/JY-831-side-view-camera-for-various-large-vehicles-768x768.jpg 768w, https:\/\/luview.com\/wp-content\/uploads\/2022\/06\/JY-831-side-view-camera-for-various-large-vehicles-36x36.jpg 36w, https:\/\/luview.com\/wp-content\/uploads\/2022\/06\/JY-831-side-view-camera-for-various-large-vehicles-180x180.jpg 180w, https:\/\/luview.com\/wp-content\/uploads\/2022\/06\/JY-831-side-view-camera-for-various-large-vehicles-705x705.jpg 705w\" data-sizes=\"(max-width: 800px) 100vw, 800px\" src=\"data:image\/svg+xml;base64,PHN2ZyB3aWR0aD0iMSIgaGVpZ2h0PSIxIiB4bWxucz0iaHR0cDovL3d3dy53My5vcmcvMjAwMC9zdmciPjwvc3ZnPg==\" style=\"--smush-placeholder-width: 800px; --smush-placeholder-aspect-ratio: 800\/800;\" \/><\/a><\/div><\/div><\/div><br \/>\n\n<style type=\"text\/css\" data-created_by=\"avia_inline_auto\" id=\"style-css-av-l2vulpvz-99f04c506acff7143dcb9a13782c9583\">\n#top .av_textblock_section.av-l2vulpvz-99f04c506acff7143dcb9a13782c9583 .avia_textblock{\ntext-align:center;\n}\n<\/style>\n<section  class='av_textblock_section av-l2vulpvz-99f04c506acff7143dcb9a13782c9583'  itemscope=\"itemscope\" itemtype=\"https:\/\/schema.org\/CreativeWork\" ><div class='avia_textblock av_inherit_color'  itemprop=\"text\" ><p style=\"text-align: center;\">JY-831 C\u00e1mara de visi\u00f3n lateral<\/p>\n<\/div><\/section><\/p><\/div>\n<div class='flex_column av-ln2m6-e9165f1890d6f956d9e1b9257fbac0a3 av_one_third  avia-builder-el-22  el_after_av_one_third  el_before_av_one_full  flex_column_div column-top-margin'   ><p>\n<style type=\"text\/css\" data-created_by=\"avia_inline_auto\" id=\"style-css-av-l2vum8bl-c736d867137af1cd2c847c8d31e4006a\">\n.avia-image-container.av-l2vum8bl-c736d867137af1cd2c847c8d31e4006a .av-image-caption-overlay-center{\ncolor:#ffffff;\n}\n<\/style>\n<div  class='avia-image-container av-l2vum8bl-c736d867137af1cd2c847c8d31e4006a av-styling- avia-align-center  avia-builder-el-23  el_before_av_textblock  avia-builder-el-first'  itemprop=\"image\" itemscope=\"itemscope\" itemtype=\"https:\/\/schema.org\/ImageObject\" ><div class=\"avia-image-container-inner\"><div class=\"avia-image-overlay-wrap\"><a href=\"https:\/\/luview.com\/es\/product\/jy-pt08-ultrasonic-parking-sensor-system-with-parking-sensors-backup-cameras-monitor\/\" class='avia_image' ><img decoding=\"async\" class='wp-image-1305 avia-img-lazy-loading-not-1305 avia_image lazyload' data-src=\"https:\/\/luview.com\/wp-content\/uploads\/2022\/06\/PT08-parking-sensor-for-truck.jpg\" alt='JY-PT08 Sistema de sensor de aparcamiento por ultrasonidos con sensores de aparcamiento, c\u00e1maras de marcha atr\u00e1s y monitor' title='JY-PT08 Sistema de sensor de aparcamiento por ultrasonidos con sensores de aparcamiento, c\u00e1maras de marcha atr\u00e1s y monitor'  height=\"800\" width=\"800\"  itemprop=\"thumbnailUrl\" data-srcset=\"https:\/\/luview.com\/wp-content\/uploads\/2022\/06\/PT08-parking-sensor-for-truck.jpg 800w, https:\/\/luview.com\/wp-content\/uploads\/2022\/06\/PT08-parking-sensor-for-truck-600x600.jpg 600w, https:\/\/luview.com\/wp-content\/uploads\/2022\/06\/PT08-parking-sensor-for-truck-100x100.jpg 100w, https:\/\/luview.com\/wp-content\/uploads\/2022\/06\/PT08-parking-sensor-for-truck-300x300.jpg 300w, https:\/\/luview.com\/wp-content\/uploads\/2022\/06\/PT08-parking-sensor-for-truck-80x80.jpg 80w, https:\/\/luview.com\/wp-content\/uploads\/2022\/06\/PT08-parking-sensor-for-truck-768x768.jpg 768w, https:\/\/luview.com\/wp-content\/uploads\/2022\/06\/PT08-parking-sensor-for-truck-36x36.jpg 36w, https:\/\/luview.com\/wp-content\/uploads\/2022\/06\/PT08-parking-sensor-for-truck-180x180.jpg 180w, https:\/\/luview.com\/wp-content\/uploads\/2022\/06\/PT08-parking-sensor-for-truck-705x705.jpg 705w\" data-sizes=\"(max-width: 800px) 100vw, 800px\" src=\"data:image\/svg+xml;base64,PHN2ZyB3aWR0aD0iMSIgaGVpZ2h0PSIxIiB4bWxucz0iaHR0cDovL3d3dy53My5vcmcvMjAwMC9zdmciPjwvc3ZnPg==\" style=\"--smush-placeholder-width: 800px; --smush-placeholder-aspect-ratio: 800\/800;\" \/><\/a><\/div><\/div><\/div><br \/>\n\n<style type=\"text\/css\" data-created_by=\"avia_inline_auto\" id=\"style-css-av-l2vumcyv-7ed320688919b7591f187670d5c75687\">\n#top .av_textblock_section.av-l2vumcyv-7ed320688919b7591f187670d5c75687 .avia_textblock{\ntext-align:center;\n}\n<\/style>\n<section  class='av_textblock_section av-l2vumcyv-7ed320688919b7591f187670d5c75687'  itemscope=\"itemscope\" itemtype=\"https:\/\/schema.org\/CreativeWork\" ><div class='avia_textblock av_inherit_color'  itemprop=\"text\" ><p style=\"text-align: center;\">Sistema de sensor de aparcamiento por ultrasonidos JY-PT08<\/p>\n<\/div><\/section><\/p><\/div>\n<div class='flex_column_table av-ptt5ef-e4db29735c5bd79bb3b23a382b83e0e1 sc-av_one_full av-equal-height-column-flextable'><div class='flex_column av-ptt5ef-e4db29735c5bd79bb3b23a382b83e0e1 av_one_full  avia-builder-el-25  el_after_av_one_third  el_before_av_one_full  first flex_column_table_cell av-equal-height-column av-align-middle column-top-margin'   ><style type=\"text\/css\" data-created_by=\"avia_inline_auto\" id=\"style-css-av-l5gv95n1-52962a14e1f5ce04f6420ca585b86a9c\">\n#top .av_textblock_section.av-l5gv95n1-52962a14e1f5ce04f6420ca585b86a9c .avia_textblock{\ncolor:#333333;\n}\n<\/style>\n<section  class='av_textblock_section av-l5gv95n1-52962a14e1f5ce04f6420ca585b86a9c'  itemscope=\"itemscope\" itemtype=\"https:\/\/schema.org\/CreativeWork\" ><div class='avia_textblock av_inherit_color'  itemprop=\"text\" ><h2>Coste del sistema de c\u00e1maras para caravanas<\/h2>\n<\/div><\/section><br \/>\n<section  class='av_textblock_section av-l5gv9hgg-59d30e6d59d4377f5e6e2c8ec147cd2f'  itemscope=\"itemscope\" itemtype=\"https:\/\/schema.org\/CreativeWork\" ><div class='avia_textblock'  itemprop=\"text\" ><p>Se puede adquirir un sistema de c\u00e1maras para caravanas de quinta rueda por diversas razones. Una de las m\u00e1s importantes es la seguridad. Utilizar una c\u00e1mara para vigilar su caravana de quinta rueda es una forma inteligente de protegerla. No s\u00f3lo proteger\u00e1 sus pertenencias, sino que tambi\u00e9n le alertar\u00e1 de posibles peligros al dar marcha atr\u00e1s. Y las c\u00e1maras pueden grabar cualquier incidente a efectos legales. El coste de un sistema de la c\u00e1mara de la caravana de la quinta rueda es alrededor 100$~200$ y vale el poseer.<\/p>\n<\/div><\/section><\/p><\/div><\/div><!--close column table wrapper. Autoclose: 1 -->\n\n<style type=\"text\/css\" data-created_by=\"avia_inline_auto\" id=\"style-css-av-l2vletd8-6873c757f85d604bdfa88a557a400ac2\">\n.flex_column.av-l2vletd8-6873c757f85d604bdfa88a557a400ac2{\nborder-radius:15px 15px 15px 15px;\n-webkit-border-radius:15px 15px 15px 15px;\n-moz-border-radius:15px 15px 15px 15px;\npadding:50px 50px 50px 50px;\nbox-shadow:0 0 10px 0 #e0e0e0;\n-webkit-box-shadow:0 0 10px 0 #e0e0e0;\n-moz-box-shadow:0 0 10px 0 #e0e0e0;\nbackground-color:#ffffff;\n}\n<\/style>\n<div class='flex_column av-l2vletd8-6873c757f85d604bdfa88a557a400ac2 av_one_full  avia-builder-el-28  el_after_av_one_full  avia-builder-el-last  first flex_column_div column-top-margin'   ><style type=\"text\/css\" data-created_by=\"avia_inline_auto\" id=\"style-css-av-1pn56r-c5797cae44e1194cd88c41e4e080c4a0\">\n#top .av_textblock_section.av-1pn56r-c5797cae44e1194cd88c41e4e080c4a0 .avia_textblock{\ntext-align:center;\n}\n<\/style>\n<section  class='av_textblock_section av-1pn56r-c5797cae44e1194cd88c41e4e080c4a0'  itemscope=\"itemscope\" itemtype=\"https:\/\/schema.org\/CreativeWork\" ><div class='avia_textblock'  itemprop=\"text\" ><h2 style=\"text-transform: uppercase;\">Presupuesto personalizado<\/h2>\n<\/div><\/section><br \/>\n\n<style type=\"text\/css\" data-created_by=\"avia_inline_auto\" id=\"style-css-av-1me14z-8350f34feb640d6e4b487e997fe59277\">\n#top .hr.hr-invisible.av-1me14z-8350f34feb640d6e4b487e997fe59277{\nheight:30px;\n}\n<\/style>\n<div  class='hr av-1me14z-8350f34feb640d6e4b487e997fe59277 hr-invisible  avia-builder-el-30  el_after_av_textblock  el_before_av_codeblock'><span class='hr-inner'><span class=\"hr-inner-style\"><\/span><\/span><\/div><br \/>\n<\/p><\/div>","protected":false},"excerpt":{"rendered":"","protected":false},"author":1,"featured_media":0,"parent":23279,"menu_order":0,"comment_status":"closed","ping_status":"closed","template":"","meta":{"_monsterinsights_skip_tracking":false,"_monsterinsights_sitenote_active":false,"_monsterinsights_sitenote_note":"","_monsterinsights_sitenote_category":0,"footnotes":""},"class_list":["post-23565","page","type-page","status-publish","hentry"],"_links":{"self":[{"href":"https:\/\/luview.com\/es\/wp-json\/wp\/v2\/pages\/23565","targetHints":{"allow":["GET"]}}],"collection":[{"href":"https:\/\/luview.com\/es\/wp-json\/wp\/v2\/pages"}],"about":[{"href":"https:\/\/luview.com\/es\/wp-json\/wp\/v2\/types\/page"}],"author":[{"embeddable":true,"href":"https:\/\/luview.com\/es\/wp-json\/wp\/v2\/users\/1"}],"replies":[{"embeddable":true,"href":"https:\/\/luview.com\/es\/wp-json\/wp\/v2\/comments?post=23565"}],"version-history":[{"count":0,"href":"https:\/\/luview.com\/es\/wp-json\/wp\/v2\/pages\/23565\/revisions"}],"up":[{"embeddable":true,"href":"https:\/\/luview.com\/es\/wp-json\/wp\/v2\/pages\/23279"}],"wp:attachment":[{"href":"https:\/\/luview.com\/es\/wp-json\/wp\/v2\/media?parent=23565"}],"curies":[{"name":"wp","href":"https:\/\/api.w.org\/{rel}","templated":true}]}}