{"id":24623,"date":"2023-06-26T02:50:28","date_gmt":"2023-06-26T02:50:28","guid":{"rendered":"https:\/\/luview.com\/?page_id=24623"},"modified":"2026-03-10T02:55:12","modified_gmt":"2026-03-10T02:55:12","slug":"camara-corporal-policial","status":"publish","type":"page","link":"https:\/\/luview.com\/es\/products\/dash-cameras\/police-body-camera\/","title":{"rendered":"C\u00e1mara corporal policial"},"content":{"rendered":"<style type=\"text\/css\" data-created_by=\"avia_inline_auto\" id=\"style-css-av-l2y9d09l-7a95ab9cf3f7a848718744ae8d01c009\">\n.avia-section.av-l2y9d09l-7a95ab9cf3f7a848718744ae8d01c009{\nbackground-repeat:no-repeat;\nbackground-image:url(https:\/\/luview.com\/wp-content\/uploads\/2024\/11\/\u8bb0\u5f55\u4eea.jpg);\nbackground-position:50% 50%;\nbackground-attachment:scroll;\n}\n.avia-section.av-l2y9d09l-7a95ab9cf3f7a848718744ae8d01c009 .av-section-color-overlay{\nopacity:0.8;\nbackground-color:#222222;\n}\n<\/style>\n<div id='av_section_1'  class='avia-section av-l2y9d09l-7a95ab9cf3f7a848718744ae8d01c009 main_color avia-section-default avia-no-border-styling  avia-builder-el-0  el_before_av_one_full  avia-builder-el-first  titlebarbox avia-full-stretch avia-bg-style-scroll av-section-color-overlay-active container_wrap sidebar_left'  data-section-bg-repeat='stretch'><div class=\"av-section-color-overlay-wrap\"><div class=\"av-section-color-overlay\"><\/div><div class='container av-section-cont-open' ><main  role=\"main\" itemprop=\"mainContentOfPage\"  class='template-page content  av-content-small units'><div class='post-entry post-entry-type-page post-entry-24623'><div class='entry-content-wrapper clearfix'>\n\n<style type=\"text\/css\" data-created_by=\"avia_inline_auto\" id=\"style-css-av-ro2v-a87e36abb91cc5e18f3d0098b40720d3\">\n.flex_column.av-ro2v-a87e36abb91cc5e18f3d0098b40720d3{\npadding:10% 0 10% 0;\n}\n<\/style>\n<div class='flex_column av-ro2v-a87e36abb91cc5e18f3d0098b40720d3 av_one_full  avia-builder-el-1  avia-builder-el-no-sibling  first flex_column_div'   ><style type=\"text\/css\" data-created_by=\"avia_inline_auto\" id=\"style-css-av-l2y9au29-bf07c75c092d3a9f62676db415f615f7\">\n#top .av_textblock_section.av-l2y9au29-bf07c75c092d3a9f62676db415f615f7 .avia_textblock{\ncolor:#ffffff;\ntext-align:center;\n}\n<\/style>\n<section  class='av_textblock_section av-l2y9au29-bf07c75c092d3a9f62676db415f615f7'  itemscope=\"itemscope\" itemtype=\"https:\/\/schema.org\/CreativeWork\" ><div class='avia_textblock av_inherit_color'  itemprop=\"text\" ><h1>C\u00e1mara corporal policial<\/h1>\n<\/div><\/section><br \/>\n<\/p><\/div>\n<\/div><\/div><\/main><!-- close content main element --><\/div><\/div><\/div><div id='after_section_1'  class='main_color av_default_container_wrap container_wrap sidebar_left'  ><div class='container av-section-cont-open' ><div class='template-page content  av-content-small units'><div class='post-entry post-entry-type-page post-entry-24623'><div class='entry-content-wrapper clearfix'>\n<div class='flex_column av-6hmib-0f7b6fcf00f9273a80dfc45f533798fb av_one_full  avia-builder-el-4  el_after_av_section  el_before_av_one_full  avia-builder-el-first  first flex_column_div'   ><section  class='av_textblock_section av-l2y9squj-e76031f6dac70c55a963b220d7b8ed83'  itemscope=\"itemscope\" itemtype=\"https:\/\/schema.org\/CreativeWork\" ><div class='avia_textblock'  itemprop=\"text\" ><h3 style=\"font-weight: bold;\">Todas las c\u00e1maras corporales de la polic\u00eda<\/h3>\n<\/div><\/section><br \/>\n<section  class='av_textblock_section av-l2y9tm1e-80c30be322df05d44e75397a617f5c97'  itemscope=\"itemscope\" itemtype=\"https:\/\/schema.org\/CreativeWork\" ><div class='avia_textblock'  itemprop=\"text\" ><p>La funci\u00f3n principal de una c\u00e1mara corporal policial es grabar secuencias de v\u00eddeo, que pueden proporcionar pruebas cruciales en caso de incidente o investigaci\u00f3n. Adem\u00e1s, una lente de alta calidad puede ayudar a los agentes del orden a observar y evaluar mejor las situaciones, garantizando la seguridad tanto de los agentes como de los civiles. Con m\u00e1s de 18 a\u00f1os de experiencia en investigaci\u00f3n, desarrollo, fabricaci\u00f3n y suministro de productos como c\u00e1maras para cuerpos de seguridad y c\u00e1maras corporales policiales, Luview es un socio de confianza para c\u00e1maras corporales policiales. Para consultas y cooperaci\u00f3n, p\u00f3ngase en contacto con nosotros en <a href=\"http:\/\/mailto:sales@luview.com\/\">sales@luview.com<\/a>.<\/p>\n<\/div><\/section><br \/>\n<div  class='avia-button-wrap avia-button-left  avia-builder-el-7  el_after_av_textblock  avia-builder-el-last' ><a href='https:\/\/luview.com\/es\/contact\/'  class='avia-button av-l2y9umzk-d16bac7bf4e11df2896cb79984c1e31c avia-icon_select-no avia-size-large avia-position-left avia-color-theme-color' ><span class='avia_iconbox_title' >Consulta<\/span><\/a><\/div><\/p><\/div>\n<div class='flex_column av-5hzen-23301fe4c356e81a47b358eb060165d1 av_one_full  avia-builder-el-8  el_after_av_one_full  el_before_av_one_full  first flex_column_div column-top-margin'   ><div  class='avia-product-slider-container av-l2y9wj0i-46e71945a915a3873bf11f6bf9f4bd30 template-shop avia-content-slider avia-content-grid-active shop_columns_3  avia-builder-el-9  avia-builder-el-no-sibling  myproducts avia-content-slider-odd  avia-builder-el-9  avia-builder-el-no-sibling  myproducts avia-product-slider1'  data-autoplay=''  data-interval='5'  data-animation='fade'  data-hoverpause='1' ><div class='avia-content-slider-inner'><ul class=\"products\"><li class=\"product type-product post-24655 status-publish first instock product_cat-police-body-worn-camera has-post-thumbnail featured shipping-taxable product-type-simple\">\n\t<div class='inner_product main_color wrapped_style noLightbox  av-product-class-no_button'><a href=\"https:\/\/luview.com\/es\/product\/w2000-2-inch-full-color-ips-touch-screen-ip67-hd-loop-recording-police-body-camera\/\" class=\"woocommerce-LoopProduct-link woocommerce-loop-product__link\"><div class='thumbnail_container'><img decoding=\"async\" width=\"600\" height=\"600\" data-src=\"https:\/\/luview.com\/wp-content\/uploads\/2023\/06\/W2000-1-600x600.jpg\" class=\"wp-image-24656 avia-img-lazy-loading-24656 attachment-woocommerce_thumbnail size-woocommerce_thumbnail wp-post-image lazyload\" alt=\"W2000 2 pulgadas a todo color IPS de pantalla t\u00e1ctil IP67 HD Loop Recording Police Body Camera\" data-srcset=\"https:\/\/luview.com\/wp-content\/uploads\/2023\/06\/W2000-1-600x600.jpg 600w, https:\/\/luview.com\/wp-content\/uploads\/2023\/06\/W2000-1-100x100.jpg 100w, https:\/\/luview.com\/wp-content\/uploads\/2023\/06\/W2000-1-300x300.jpg 300w, https:\/\/luview.com\/wp-content\/uploads\/2023\/06\/W2000-1-80x80.jpg 80w, https:\/\/luview.com\/wp-content\/uploads\/2023\/06\/W2000-1-768x768.jpg 768w, https:\/\/luview.com\/wp-content\/uploads\/2023\/06\/W2000-1-36x36.jpg 36w, https:\/\/luview.com\/wp-content\/uploads\/2023\/06\/W2000-1-180x180.jpg 180w, https:\/\/luview.com\/wp-content\/uploads\/2023\/06\/W2000-1-430x430.jpg 430w, https:\/\/luview.com\/wp-content\/uploads\/2023\/06\/W2000-1-630x630.jpg 630w, https:\/\/luview.com\/wp-content\/uploads\/2023\/06\/W2000-1-705x705.jpg 705w, https:\/\/luview.com\/wp-content\/uploads\/2023\/06\/W2000-1-321x321.jpg 321w, https:\/\/luview.com\/wp-content\/uploads\/2023\/06\/W2000-1-120x120.jpg 120w, https:\/\/luview.com\/wp-content\/uploads\/2023\/06\/W2000-1-450x450.jpg 450w, https:\/\/luview.com\/wp-content\/uploads\/2023\/06\/W2000-1.jpg 800w\" data-sizes=\"(max-width: 600px) 100vw, 600px\" title=\"W2000 2 pulgadas a todo color IPS pantalla t\u00e1ctil IP67 HD bucle de grabaci\u00f3n de la polic\u00eda cuerpo camera\u7f29\u7565\u56fe\" src=\"data:image\/svg+xml;base64,PHN2ZyB3aWR0aD0iMSIgaGVpZ2h0PSIxIiB4bWxucz0iaHR0cDovL3d3dy53My5vcmcvMjAwMC9zdmciPjwvc3ZnPg==\" style=\"--smush-placeholder-width: 600px; --smush-placeholder-aspect-ratio: 600\/600;\" \/><span class='cart-loading'><\/span><\/div><div class='inner_product_header'><div class='avia-arrow'><\/div><div class='inner_product_header_table'><div class='inner_product_header_cell'><h2 class=\"woocommerce-loop-product__title\">W2000 2 pulgadas a todo color IPS de pantalla t\u00e1ctil IP67 HD bucle de grabaci\u00f3n de la c\u00e1mara del cuerpo de polic\u00eda<\/h2>\n<\/div><\/div><\/div><\/a><\/div><\/li>\n<li class=\"product type-product post-24651 status-publish instock product_cat-police-body-worn-camera has-post-thumbnail featured shipping-taxable product-type-simple\">\n\t<div class='inner_product main_color wrapped_style noLightbox  av-product-class-no_button'><a href=\"https:\/\/luview.com\/es\/product\/w3-high-strength-integrated-wifi-connectivity-police-body-camera-with-full-color-ips-display\/\" class=\"woocommerce-LoopProduct-link woocommerce-loop-product__link\"><div class='thumbnail_container'><img decoding=\"async\" width=\"600\" height=\"600\" data-src=\"https:\/\/luview.com\/wp-content\/uploads\/2023\/06\/1-2-600x600.jpg\" class=\"wp-image-24652 avia-img-lazy-loading-24652 attachment-woocommerce_thumbnail size-woocommerce_thumbnail wp-post-image lazyload\" alt=\"W4 C\u00e1mara corporal policial con conectividad wifi integrada de alta potencia y pantalla IPS a todo color\" data-srcset=\"https:\/\/luview.com\/wp-content\/uploads\/2023\/06\/1-2-600x600.jpg 600w, https:\/\/luview.com\/wp-content\/uploads\/2023\/06\/1-2-100x100.jpg 100w, https:\/\/luview.com\/wp-content\/uploads\/2023\/06\/1-2-300x300.jpg 300w, https:\/\/luview.com\/wp-content\/uploads\/2023\/06\/1-2-80x80.jpg 80w, https:\/\/luview.com\/wp-content\/uploads\/2023\/06\/1-2-768x768.jpg 768w, https:\/\/luview.com\/wp-content\/uploads\/2023\/06\/1-2-36x36.jpg 36w, https:\/\/luview.com\/wp-content\/uploads\/2023\/06\/1-2-180x180.jpg 180w, https:\/\/luview.com\/wp-content\/uploads\/2023\/06\/1-2-430x430.jpg 430w, https:\/\/luview.com\/wp-content\/uploads\/2023\/06\/1-2-630x630.jpg 630w, https:\/\/luview.com\/wp-content\/uploads\/2023\/06\/1-2-705x705.jpg 705w, https:\/\/luview.com\/wp-content\/uploads\/2023\/06\/1-2-321x321.jpg 321w, https:\/\/luview.com\/wp-content\/uploads\/2023\/06\/1-2-120x120.jpg 120w, https:\/\/luview.com\/wp-content\/uploads\/2023\/06\/1-2-450x450.jpg 450w, https:\/\/luview.com\/wp-content\/uploads\/2023\/06\/1-2.jpg 800w\" data-sizes=\"(max-width: 600px) 100vw, 600px\" title=\"W3 C\u00e1mara corporal policial de alta potencia con conectividad wifi integrada y pantalla IPS a todo color\u7f29\u7565\u56fe\" src=\"data:image\/svg+xml;base64,PHN2ZyB3aWR0aD0iMSIgaGVpZ2h0PSIxIiB4bWxucz0iaHR0cDovL3d3dy53My5vcmcvMjAwMC9zdmciPjwvc3ZnPg==\" style=\"--smush-placeholder-width: 600px; --smush-placeholder-aspect-ratio: 600\/600;\" \/><span class='cart-loading'><\/span><\/div><div class='inner_product_header'><div class='avia-arrow'><\/div><div class='inner_product_header_table'><div class='inner_product_header_cell'><h2 class=\"woocommerce-loop-product__title\">W3 C\u00e1mara corporal policial de alta potencia con conectividad Wifi integrada y pantalla IPS a todo color<\/h2>\n<\/div><\/div><\/div><\/a><\/div><\/li>\n<li class=\"product type-product post-24645 status-publish last instock product_cat-police-body-worn-camera has-post-thumbnail featured shipping-taxable product-type-simple\">\n\t<div class='inner_product main_color wrapped_style noLightbox  av-product-class-no_button'><a href=\"https:\/\/luview.com\/es\/product\/w4-waterproof-ip65-wifi-wireless-color-ips-display-mini-police-body-camera\/\" class=\"woocommerce-LoopProduct-link woocommerce-loop-product__link\"><div class='thumbnail_container'><img decoding=\"async\" width=\"600\" height=\"600\" data-src=\"https:\/\/luview.com\/wp-content\/uploads\/2023\/06\/1-1-600x600.jpg\" class=\"wp-image-24647 avia-img-lazy-loading-24647 attachment-woocommerce_thumbnail size-woocommerce_thumbnail wp-post-image lazyload\" alt=\"W3 Impermeable IP65 WIFI Inal\u00e1mbrico Color IPS Pantalla Mini Cuerpo de Polic\u00eda de la C\u00e1mara\" data-srcset=\"https:\/\/luview.com\/wp-content\/uploads\/2023\/06\/1-1-600x600.jpg 600w, https:\/\/luview.com\/wp-content\/uploads\/2023\/06\/1-1-100x100.jpg 100w, https:\/\/luview.com\/wp-content\/uploads\/2023\/06\/1-1-300x300.jpg 300w, https:\/\/luview.com\/wp-content\/uploads\/2023\/06\/1-1-80x80.jpg 80w, https:\/\/luview.com\/wp-content\/uploads\/2023\/06\/1-1-768x768.jpg 768w, https:\/\/luview.com\/wp-content\/uploads\/2023\/06\/1-1-36x36.jpg 36w, https:\/\/luview.com\/wp-content\/uploads\/2023\/06\/1-1-180x180.jpg 180w, https:\/\/luview.com\/wp-content\/uploads\/2023\/06\/1-1-430x430.jpg 430w, https:\/\/luview.com\/wp-content\/uploads\/2023\/06\/1-1-630x630.jpg 630w, https:\/\/luview.com\/wp-content\/uploads\/2023\/06\/1-1-705x705.jpg 705w, https:\/\/luview.com\/wp-content\/uploads\/2023\/06\/1-1-321x321.jpg 321w, https:\/\/luview.com\/wp-content\/uploads\/2023\/06\/1-1-120x120.jpg 120w, https:\/\/luview.com\/wp-content\/uploads\/2023\/06\/1-1-450x450.jpg 450w, https:\/\/luview.com\/wp-content\/uploads\/2023\/06\/1-1.jpg 800w\" data-sizes=\"(max-width: 600px) 100vw, 600px\" title=\"W4 Impermeable IP65 WIFI inal\u00e1mbrico color IPS pantalla mini polic\u00eda cuerpo camera\u7f29\u7565\u56fe\" src=\"data:image\/svg+xml;base64,PHN2ZyB3aWR0aD0iMSIgaGVpZ2h0PSIxIiB4bWxucz0iaHR0cDovL3d3dy53My5vcmcvMjAwMC9zdmciPjwvc3ZnPg==\" style=\"--smush-placeholder-width: 600px; --smush-placeholder-aspect-ratio: 600\/600;\" \/><span class='cart-loading'><\/span><\/div><div class='inner_product_header'><div class='avia-arrow'><\/div><div class='inner_product_header_table'><div class='inner_product_header_cell'><h2 class=\"woocommerce-loop-product__title\">W4 Impermeable IP65 WIFI inal\u00e1mbrico color IPS pantalla mini c\u00e1mara de cuerpo de polic\u00eda<\/h2>\n<\/div><\/div><\/div><\/a><\/div><\/li>\n<li class=\"product type-product post-24640 status-publish first instock product_cat-police-body-worn-camera has-post-thumbnail featured shipping-taxable product-type-simple\">\n\t<div class='inner_product main_color wrapped_style noLightbox  av-product-class-no_button'><a href=\"https:\/\/luview.com\/es\/product\/w1-portable-hd-mini-police-body-camera-with-infrared-night-vision\/\" class=\"woocommerce-LoopProduct-link woocommerce-loop-product__link\"><div class='thumbnail_container'><img decoding=\"async\" width=\"600\" height=\"600\" data-src=\"https:\/\/luview.com\/wp-content\/uploads\/2023\/06\/1-600x600.jpg\" class=\"wp-image-24641 avia-img-lazy-loading-24641 attachment-woocommerce_thumbnail size-woocommerce_thumbnail wp-post-image lazyload\" alt=\"W1 Mini c\u00e1mara corporal policial HD port\u00e1til con visi\u00f3n nocturna por infrarrojos\" data-srcset=\"https:\/\/luview.com\/wp-content\/uploads\/2023\/06\/1-600x600.jpg 600w, https:\/\/luview.com\/wp-content\/uploads\/2023\/06\/1-100x100.jpg 100w, https:\/\/luview.com\/wp-content\/uploads\/2023\/06\/1-300x300.jpg 300w, https:\/\/luview.com\/wp-content\/uploads\/2023\/06\/1-80x80.jpg 80w, https:\/\/luview.com\/wp-content\/uploads\/2023\/06\/1-768x768.jpg 768w, https:\/\/luview.com\/wp-content\/uploads\/2023\/06\/1-36x36.jpg 36w, https:\/\/luview.com\/wp-content\/uploads\/2023\/06\/1-180x180.jpg 180w, https:\/\/luview.com\/wp-content\/uploads\/2023\/06\/1-430x430.jpg 430w, https:\/\/luview.com\/wp-content\/uploads\/2023\/06\/1-630x630.jpg 630w, https:\/\/luview.com\/wp-content\/uploads\/2023\/06\/1-705x705.jpg 705w, https:\/\/luview.com\/wp-content\/uploads\/2023\/06\/1-321x321.jpg 321w, https:\/\/luview.com\/wp-content\/uploads\/2023\/06\/1-120x120.jpg 120w, https:\/\/luview.com\/wp-content\/uploads\/2023\/06\/1-450x450.jpg 450w, https:\/\/luview.com\/wp-content\/uploads\/2023\/06\/1.jpg 800w\" data-sizes=\"(max-width: 600px) 100vw, 600px\" title=\"W1 Mini c\u00e1mara corporal policial HD port\u00e1til con visi\u00f3n nocturna por infrarrojos\u7f29\u7565\u56fe\" src=\"data:image\/svg+xml;base64,PHN2ZyB3aWR0aD0iMSIgaGVpZ2h0PSIxIiB4bWxucz0iaHR0cDovL3d3dy53My5vcmcvMjAwMC9zdmciPjwvc3ZnPg==\" style=\"--smush-placeholder-width: 600px; --smush-placeholder-aspect-ratio: 600\/600;\" \/><span class='cart-loading'><\/span><\/div><div class='inner_product_header'><div class='avia-arrow'><\/div><div class='inner_product_header_table'><div class='inner_product_header_cell'><h2 class=\"woocommerce-loop-product__title\">W1 Mini c\u00e1mara corporal policial HD port\u00e1til con visi\u00f3n nocturna por infrarrojos<\/h2>\n<\/div><\/div><\/div><\/a><\/div><\/li>\n<\/ul><\/div><\/div><div class=\"clear\"><\/div><\/div><div class='flex_column av-4ubxv-213bc428d71aa730c5a18fbc0d9954c9 av_one_full  avia-builder-el-0  el_before_av_three_fourth  avia-builder-el-first  first flex_column_div'   ><section  class='av_textblock_section av-4bhe3-b5d2024edd0490f6b2ae124c64cf457e'  itemscope=\"itemscope\" itemtype=\"https:\/\/schema.org\/CreativeWork\" ><div class='avia_textblock'  itemprop=\"text\" ><h3>Qu\u00e9 es una c\u00e1mara corporal policial\uff1f<\/h3>\n<p>Una c\u00e1mara corporal policial es una peque\u00f1a c\u00e1mara port\u00e1til que se coloca en el uniforme o el equipo de los agentes de las fuerzas de seguridad. Esta c\u00e1mara est\u00e1 dise\u00f1ada para grabar audio y v\u00eddeo de las interacciones entre los agentes y el p\u00fablico, proporcionando un registro objetivo de los hechos que puede utilizarse en investigaciones y causas judiciales. Las c\u00e1maras corporales policiales son una herramienta esencial para mejorar la transparencia, la responsabilidad y la confianza p\u00fablica en las fuerzas del orden. Tambi\u00e9n pueden servir como elemento disuasorio contra la mala conducta y aportar pruebas valiosas en casos de incidentes en los que est\u00e9n implicados agentes de polic\u00eda. Con funciones avanzadas como la grabaci\u00f3n en bucle continuo y una construcci\u00f3n duradera, las c\u00e1maras corporales policiales son una valiosa inversi\u00f3n para los cuerpos de seguridad que buscan mejorar sus operaciones y aumentar la seguridad tanto de los agentes como de los civiles.<\/p>\n<h3>C\u00f3mo funcionan las c\u00e1maras corporales de la polic\u00eda\uff1f<\/h3>\n<p>Las c\u00e1maras corporales de la polic\u00eda se llevan en el cuerpo de los agentes y est\u00e1n dise\u00f1adas para grabar audio y v\u00eddeo de las interacciones con el p\u00fablico. Suelen llevarse en el pecho o en el hombro y el agente las activa al comienzo de su turno o cuando responde a una llamada.<\/p>\n<p>Las c\u00e1maras corporales utilizan una combinaci\u00f3n de hardware y software para capturar y almacenar im\u00e1genes. La propia c\u00e1mara suele estar equipada con un objetivo gran angular y un sensor de alta resoluci\u00f3n que captura v\u00eddeo y audio en tiempo real. Las im\u00e1genes se almacenan en la memoria interna de la c\u00e1mara o en un dispositivo de almacenamiento externo, como una tarjeta microSD.<\/p>\n<p>Muchas c\u00e1maras corporales est\u00e1n equipadas con funciones como la visi\u00f3n nocturna, la estabilizaci\u00f3n de imagen y el seguimiento por GPS, que pueden proporcionar contexto e informaci\u00f3n adicionales sobre las im\u00e1genes grabadas. Las c\u00e1maras tambi\u00e9n pueden tener conectividad Wi-Fi o Bluetooth integrada, que puede utilizarse para transferir las im\u00e1genes a un servidor central o a otros dispositivos para su almacenamiento y an\u00e1lisis.<\/p>\n<p>En general, las c\u00e1maras corporales de la polic\u00eda son una herramienta esencial para los funcionarios encargados de hacer cumplir la ley, ya que proporcionan un registro fiable y objetivo de sus interacciones con el p\u00fablico y contribuyen a mejorar la transparencia, la rendici\u00f3n de cuentas y la confianza p\u00fablica.<\/p>\n<h3>Ventajas de las c\u00e1maras corporales policiales<\/h3>\n<ol>\n<li>Mejora de la rendici\u00f3n de cuentas: Las c\u00e1maras corporales proporcionan un registro objetivo de las interacciones entre los agentes de polic\u00eda y los civiles, que puede utilizarse para responsabilizar a los agentes de sus acciones. Esto puede fomentar la profesionalidad y el cumplimiento de las pol\u00edticas y procedimientos del departamento.<\/li>\n<li>Mayor transparencia: El uso de c\u00e1maras corporales puede aumentar la transparencia en la actuaci\u00f3n policial al proporcionar un registro claro de los hechos. Esto puede contribuir a fomentar la confianza entre las fuerzas del orden y las comunidades a las que sirven.<\/li>\n<li>Disuasi\u00f3n de la mala conducta: La presencia de c\u00e1maras corporales puede disuadir a los agentes de incurrir en conductas indebidas o abusivas, ya que saben que sus acciones est\u00e1n siendo grabadas.<\/li>\n<li>Obtenci\u00f3n de pruebas: Las c\u00e1maras corporales pueden aportar pruebas valiosas en investigaciones y casos judiciales. Las im\u00e1genes captadas por las c\u00e1maras corporales pueden utilizarse para respaldar o refutar las denuncias presentadas por agentes o civiles.<\/li>\n<li>Mejora de la seguridad de los agentes: Las c\u00e1maras corporales pueden mejorar la seguridad de los agentes al dejar constancia de situaciones potencialmente peligrosas. Esto puede ayudar en la investigaci\u00f3n de incidentes y a evitar que se produzcan en el futuro.<\/li>\n<li>Formaci\u00f3n y evaluaci\u00f3n: Las c\u00e1maras corporales pueden utilizarse con fines de formaci\u00f3n, permitiendo a los agentes revisar sus acciones e identificar \u00e1reas de mejora. Tambi\u00e9n pueden utilizarse con fines de evaluaci\u00f3n, lo que permite a los departamentos identificar y abordar comportamientos problem\u00e1ticos. En general, las c\u00e1maras corporales de la polic\u00eda son una herramienta importante para los organismos encargados de hacer cumplir la ley, ya que proporcionan una serie de beneficios que pueden mejorar la responsabilidad, la transparencia y la confianza p\u00fablica.<\/li>\n<\/ol>\n<h3>\u00bfCu\u00e1nto cuestan las c\u00e1maras corporales de la polic\u00eda?<\/h3>\n<p>El precio de las c\u00e1maras corporales policiales var\u00eda en funci\u00f3n de la marca, las caracter\u00edsticas y la capacidad de almacenamiento. Los precios pueden oscilar entre unos cientos de d\u00f3lares y m\u00e1s de mil d\u00f3lares por c\u00e1mara. Es esencial elegir una c\u00e1mara duradera y de alta calidad fabricada con materiales como aluminio o acero inoxidable. Tambi\u00e9n es importante una c\u00e1mara f\u00e1cil de usar y con una bater\u00eda de larga duraci\u00f3n. Tenga en cuenta la capacidad m\u00e1xima de la tarjeta de memoria de la c\u00e1mara, as\u00ed como si dispone de grabaci\u00f3n en bucle continuo o duraci\u00f3n de grabaci\u00f3n personalizada. Aunque existen opciones econ\u00f3micas, es posible que su rendimiento no sea tan bueno como el de los modelos de gama alta.<\/p>\n<h3>Encontrar un fabricante fiable de c\u00e1maras corporales policiales<\/h3>\n<p>A la hora de comprar c\u00e1maras corporales para la polic\u00eda, es fundamental elegir un fabricante fiable. No se conforme con un producto barato, ya que puede dar lugar a una mala calidad de v\u00eddeo y otros problemas. Las c\u00e1maras baratas suelen tener sensores de imagen de calidad inferior, carcasas de baja calidad y herramientas de montaje rompibles. Por lo tanto, es importante invertir en una c\u00e1mara duradera fabricada con materiales de alta calidad, como aluminio o acero inoxidable. Adem\u00e1s, hay que tener en cuenta los objetivos y la interfaz de usuario de la c\u00e1mara para garantizar la facilidad de uso y un rendimiento \u00f3ptimo.<\/p>\n<p>Luview es un fabricante de confianza con 18 a\u00f1os de experiencia en el dise\u00f1o, desarrollo y fabricaci\u00f3n de productos electr\u00f3nicos de alta calidad para veh\u00edculos, incluidas las c\u00e1maras corporales para la polic\u00eda. Nuestros productos est\u00e1n dise\u00f1ados para satisfacer las necesidades de las fuerzas del orden y garantizar un rendimiento fiable sobre el terreno.<\/p>\n<\/div><\/section><\/div><\/p>","protected":false},"excerpt":{"rendered":"","protected":false},"author":1,"featured_media":0,"parent":667,"menu_order":0,"comment_status":"closed","ping_status":"closed","template":"","meta":{"_monsterinsights_skip_tracking":false,"_monsterinsights_sitenote_active":false,"_monsterinsights_sitenote_note":"","_monsterinsights_sitenote_category":0,"footnotes":""},"class_list":["post-24623","page","type-page","status-publish","hentry"],"_links":{"self":[{"href":"https:\/\/luview.com\/es\/wp-json\/wp\/v2\/pages\/24623","targetHints":{"allow":["GET"]}}],"collection":[{"href":"https:\/\/luview.com\/es\/wp-json\/wp\/v2\/pages"}],"about":[{"href":"https:\/\/luview.com\/es\/wp-json\/wp\/v2\/types\/page"}],"author":[{"embeddable":true,"href":"https:\/\/luview.com\/es\/wp-json\/wp\/v2\/users\/1"}],"replies":[{"embeddable":true,"href":"https:\/\/luview.com\/es\/wp-json\/wp\/v2\/comments?post=24623"}],"version-history":[{"count":3,"href":"https:\/\/luview.com\/es\/wp-json\/wp\/v2\/pages\/24623\/revisions"}],"predecessor-version":[{"id":44528,"href":"https:\/\/luview.com\/es\/wp-json\/wp\/v2\/pages\/24623\/revisions\/44528"}],"up":[{"embeddable":true,"href":"https:\/\/luview.com\/es\/wp-json\/wp\/v2\/pages\/667"}],"wp:attachment":[{"href":"https:\/\/luview.com\/es\/wp-json\/wp\/v2\/media?parent=24623"}],"curies":[{"name":"wp","href":"https:\/\/api.w.org\/{rel}","templated":true}]}}