{"id":365,"date":"2022-05-06T18:43:22","date_gmt":"2022-05-06T18:43:22","guid":{"rendered":"https:\/\/luview.com\/?page_id=365"},"modified":"2026-01-07T09:23:41","modified_gmt":"2026-01-07T09:23:41","slug":"concepto-de-talento","status":"publish","type":"page","link":"https:\/\/luview.com\/es\/about-us\/talent-concept\/","title":{"rendered":"Concepto de talento"},"content":{"rendered":"<style type=\"text\/css\" data-created_by=\"avia_inline_auto\" id=\"style-css-av-18z5gw-80867b087a1e5d2535a21a4a09287ecb\">\n.avia-section.av-18z5gw-80867b087a1e5d2535a21a4a09287ecb{\nbackground-repeat:no-repeat;\nbackground-image:url(https:\/\/luview.com\/wp-content\/uploads\/2022\/05\/Talent_Concept.jpg);\nbackground-position:50% 50%;\nbackground-attachment:scroll;\n}\n.avia-section.av-18z5gw-80867b087a1e5d2535a21a4a09287ecb .av-section-color-overlay{\nopacity:0.8;\nbackground-color:#222222;\n}\n<\/style>\n<div id='av_section_1'  class='avia-section av-18z5gw-80867b087a1e5d2535a21a4a09287ecb main_color avia-section-default avia-no-border-styling  avia-builder-el-0  el_before_av_one_full  avia-builder-el-first  titlebarbox avia-bg-style-scroll av-section-color-overlay-active container_wrap sidebar_left'  data-section-bg-repeat='no-repeat'><div class=\"av-section-color-overlay-wrap\"><div class=\"av-section-color-overlay\"><\/div><div class='container av-section-cont-open' ><main  role=\"main\" itemprop=\"mainContentOfPage\"  class='template-page content  av-content-small units'><div class='post-entry post-entry-type-page post-entry-365'><div class='entry-content-wrapper clearfix'>\n\n<style type=\"text\/css\" data-created_by=\"avia_inline_auto\" id=\"style-css-av-1521zs-f76749d04838b68ec1c420eb2583ac0b\">\n.flex_column.av-1521zs-f76749d04838b68ec1c420eb2583ac0b{\npadding:10% 0 10% 0;\n}\n<\/style>\n<div class='flex_column av-1521zs-f76749d04838b68ec1c420eb2583ac0b av_one_full  avia-builder-el-1  avia-builder-el-no-sibling  first flex_column_div'   ><style type=\"text\/css\" data-created_by=\"avia_inline_auto\" id=\"style-css-av-l2sgt1ph-700bbb6893565c08fc2e803faf810ebc\">\n#top .av_textblock_section.av-l2sgt1ph-700bbb6893565c08fc2e803faf810ebc .avia_textblock{\ncolor:#ffffff;\ntext-align:center;\n}\n<\/style>\n<section  class='av_textblock_section av-l2sgt1ph-700bbb6893565c08fc2e803faf810ebc'  itemscope=\"itemscope\" itemtype=\"https:\/\/schema.org\/CreativeWork\" ><div class='avia_textblock av_inherit_color'  itemprop=\"text\" ><h1>Concepto de talento<\/h1>\n<\/div><\/section><br \/>\n\n<style type=\"text\/css\" data-created_by=\"avia_inline_auto\" id=\"style-css-av-l2sgtr0i-7d783ce11f71ad1d611d63fd2462a3f3\">\n#top .av_textblock_section.av-l2sgtr0i-7d783ce11f71ad1d611d63fd2462a3f3 .avia_textblock{\ncolor:#ffffff;\ntext-align:center;\n}\n<\/style>\n<section  class='av_textblock_section av-l2sgtr0i-7d783ce11f71ad1d611d63fd2462a3f3'  itemscope=\"itemscope\" itemtype=\"https:\/\/schema.org\/CreativeWork\" ><div class='avia_textblock av_inherit_color'  itemprop=\"text\" ><h3 style=\"margin-bottom: 20px;\">Fabricante profesional de electr\u00f3nica de seguridad para veh\u00edculos<\/h3>\n<\/div><\/section><br \/>\n<\/p><\/div>\n<\/div><\/div><\/main><!-- close content main element --><\/div><\/div><\/div><div id='after_section_1'  class='main_color av_default_container_wrap container_wrap sidebar_left'  ><div class='container av-section-cont-open' ><div class='template-page content  av-content-small units'><div class='post-entry post-entry-type-page post-entry-365'><div class='entry-content-wrapper clearfix'>\n<div class='flex_column av-59i05-cc3e90031a9c0698033cabf4ba20ccd4 av_one_full  avia-builder-el-5  el_after_av_section  el_before_av_one_full  avia-builder-el-first  first flex_column_div'   ><style type=\"text\/css\" data-created_by=\"avia_inline_auto\" id=\"style-css-av-18lxil-c62731705958e65422ab23543ad824b4\">\n#top .av_textblock_section.av-18lxil-c62731705958e65422ab23543ad824b4 .avia_textblock{\ncolor:#85b61c;\n}\n<\/style>\n<section  class='av_textblock_section av-18lxil-c62731705958e65422ab23543ad824b4'  itemscope=\"itemscope\" itemtype=\"https:\/\/schema.org\/CreativeWork\" ><div class='avia_textblock av_inherit_color'  itemprop=\"text\" ><h3>LUVIEW Talento Concepto<\/h3>\n<\/div><\/section><\/div>\n\n<style type=\"text\/css\" data-created_by=\"avia_inline_auto\" id=\"style-css-av-l2u81g9b-7150e202c18e5266f51484820fd9b855\">\n#top .flex_column.av-l2u81g9b-7150e202c18e5266f51484820fd9b855{\nmargin-top:0px;\nmargin-bottom:20px;\n}\n.responsive #top #wrap_all .flex_column.av-l2u81g9b-7150e202c18e5266f51484820fd9b855{\nmargin-top:0px;\nmargin-bottom:20px;\n}\n<\/style>\n<div class='flex_column av-l2u81g9b-7150e202c18e5266f51484820fd9b855 av_one_full  avia-builder-el-7  el_after_av_one_full  el_before_av_one_half  first flex_column_div column-top-margin'   ><section  class='av_textblock_section av-l2usfclr-2c55607af1831f09c1ea7fe3849f1dae'  itemscope=\"itemscope\" itemtype=\"https:\/\/schema.org\/CreativeWork\" ><div class='avia_textblock'  itemprop=\"text\" ><p style=\"text-align: justify; text-justify: inter-ideograph;\">Los talentos excelentes son la base para alcanzar los objetivos estrat\u00e9gicos de una empresa y la fuerza motriz de su desarrollo sostenible. La norma de empleo defendida por LUVIEW es tener tanto integridad pol\u00edtica como talento, anteponer la virtud, seleccionar talentos sobresalientes, utilizar con audacia y dar todo el juego al papel de los talentos. Proporcionando una variedad de plataformas para mostrar los talentos de cada empleado; llevar a cabo todo tipo de actividades f\u00edsicas y mentales beneficiosas, dar todo el juego a la capacidad de cada empleado razonablemente, y realmente darse cuenta del valor personal y destacar la capacidad.<\/p>\n<\/div><\/section><\/div>\n<div class='flex_column_table av-l2usizjh-5b83700b315486e7b38f6dcbdba5dec0 sc-av_one_half av-equal-height-column-flextable'>\n<style type=\"text\/css\" data-created_by=\"avia_inline_auto\" id=\"style-css-av-l2usizjh-5b83700b315486e7b38f6dcbdba5dec0\">\n#top .flex_column_table.av-equal-height-column-flextable.av-l2usizjh-5b83700b315486e7b38f6dcbdba5dec0{\nmargin-top:0px;\nmargin-bottom:0px;\n}\n<\/style>\n<div class='flex_column av-l2usizjh-5b83700b315486e7b38f6dcbdba5dec0 av_one_half  avia-builder-el-9  el_after_av_one_full  el_before_av_one_half  first flex_column_table_cell av-equal-height-column av-align-middle column-top-margin'   ><section  class='av_textblock_section av-l2ushjix-36a0d4351a9c6aa0aee96f64a008e035'  itemscope=\"itemscope\" itemtype=\"https:\/\/schema.org\/CreativeWork\" ><div class='avia_textblock'  itemprop=\"text\" ><p><strong>Anteponer la virtud y ser a la vez virtuoso y capaz<\/strong><\/p>\n<p style=\"text-align: justify; text-justify: inter-ideograph;\">LUVIEW es una empresa de alta tecnolog\u00eda con sede en Shenzhen que ha obtenido la certificaci\u00f3n ISO\/TS16949. Contamos con 20 a\u00f1os de experiencia en desarrollo, dise\u00f1o, gesti\u00f3n de calidad y capacidad de fabricaci\u00f3n en el campo de la electr\u00f3nica automotriz, lo que garantiza que la empresa pueda satisfacer las diversas necesidades de los propietarios de autom\u00f3viles y proporcionar a los clientes buenos productos y servicios. Contamos con nuestros propios equipos profesionales de investigaci\u00f3n y desarrollo, que incluyen a casi 40 ingenieros de investigaci\u00f3n y desarrollo.<\/p>\n<\/div><\/section><\/div><div class='av-flex-placeholder'><\/div>\n<style type=\"text\/css\" data-created_by=\"avia_inline_auto\" id=\"style-css-av-juen9-d723f6cfbc9b54571d6da18c0664ec6f\">\n#top .flex_column_table.av-equal-height-column-flextable.av-juen9-d723f6cfbc9b54571d6da18c0664ec6f{\nmargin-top:0px;\nmargin-bottom:0px;\n}\n<\/style>\n<div class='flex_column av-juen9-d723f6cfbc9b54571d6da18c0664ec6f av_one_half  avia-builder-el-11  el_after_av_one_half  el_before_av_one_half  flex_column_table_cell av-equal-height-column av-align-middle column-top-margin'   ><style type=\"text\/css\" data-created_by=\"avia_inline_auto\" id=\"style-css-av-l2usik90-0e75e170de611e254f02703d250e912c\">\n.avia-image-container.av-l2usik90-0e75e170de611e254f02703d250e912c .av-image-caption-overlay-center{\ncolor:#ffffff;\n}\n<\/style>\n<div  class='avia-image-container av-l2usik90-0e75e170de611e254f02703d250e912c av-styling- avia-align-center  avia-builder-el-12  avia-builder-el-no-sibling'  itemprop=\"image\" itemscope=\"itemscope\" itemtype=\"https:\/\/schema.org\/ImageObject\" ><div class=\"avia-image-container-inner\"><div class=\"avia-image-overlay-wrap\"><img decoding=\"async\" class='wp-image-372 avia-img-lazy-loading-not-372 avia_image lazyload' data-src=\"https:\/\/luview.com\/wp-content\/uploads\/2022\/05\/Talent-Concept1.jpg\"  title='Talento-Concepto1'  height=\"314\" width=\"437\"  itemprop=\"thumbnailUrl\" data-srcset=\"https:\/\/luview.com\/wp-content\/uploads\/2022\/05\/Talent-Concept1.jpg 437w, https:\/\/luview.com\/wp-content\/uploads\/2022\/05\/Talent-Concept1-300x216.jpg 300w\" data-sizes=\"(max-width: 437px) 100vw, 437px\" alt=\"Talent Concept\u63d2\u56fe\" src=\"data:image\/svg+xml;base64,PHN2ZyB3aWR0aD0iMSIgaGVpZ2h0PSIxIiB4bWxucz0iaHR0cDovL3d3dy53My5vcmcvMjAwMC9zdmciPjwvc3ZnPg==\" style=\"--smush-placeholder-width: 437px; --smush-placeholder-aspect-ratio: 437\/314;\" \/><\/div><\/div><\/div><\/div><\/div><!--close column table wrapper. Autoclose: 1 --><\/p>\n<div class='flex_column_table av-l2uskh8l-7bc4c46e29dede0a2b11177ce52b9893 sc-av_one_half av-equal-height-column-flextable'>\n<style type=\"text\/css\" data-created_by=\"avia_inline_auto\" id=\"style-css-av-l2uskh8l-7bc4c46e29dede0a2b11177ce52b9893\">\n#top .flex_column_table.av-equal-height-column-flextable.av-l2uskh8l-7bc4c46e29dede0a2b11177ce52b9893{\nmargin-top:0px;\nmargin-bottom:0px;\n}\n<\/style>\n<div class='flex_column av-l2uskh8l-7bc4c46e29dede0a2b11177ce52b9893 av_one_half  avia-builder-el-13  el_after_av_one_half  el_before_av_one_half  first flex_column_table_cell av-equal-height-column av-align-middle column-top-margin'   ><style type=\"text\/css\" data-created_by=\"avia_inline_auto\" id=\"style-css-av-l2uskstw-78bbb541d61dc7e5be6f15972596f9c0\">\n.avia-image-container.av-l2uskstw-78bbb541d61dc7e5be6f15972596f9c0 .av-image-caption-overlay-center{\ncolor:#ffffff;\n}\n<\/style>\n<div  class='avia-image-container av-l2uskstw-78bbb541d61dc7e5be6f15972596f9c0 av-styling- avia-align-center  avia-builder-el-14  avia-builder-el-no-sibling'  itemprop=\"image\" itemscope=\"itemscope\" itemtype=\"https:\/\/schema.org\/ImageObject\" ><div class=\"avia-image-container-inner\"><div class=\"avia-image-overlay-wrap\"><img decoding=\"async\" class='wp-image-378 avia-img-lazy-loading-not-378 avia_image lazyload' data-src=\"https:\/\/luview.com\/wp-content\/uploads\/2022\/05\/Talent-Concept2.jpg\"  title='Talento-Concepto2'  height=\"314\" width=\"437\"  itemprop=\"thumbnailUrl\" data-srcset=\"https:\/\/luview.com\/wp-content\/uploads\/2022\/05\/Talent-Concept2.jpg 437w, https:\/\/luview.com\/wp-content\/uploads\/2022\/05\/Talent-Concept2-300x216.jpg 300w\" data-sizes=\"(max-width: 437px) 100vw, 437px\" alt=\"Talent Concept\u63d2\u56fe1\" src=\"data:image\/svg+xml;base64,PHN2ZyB3aWR0aD0iMSIgaGVpZ2h0PSIxIiB4bWxucz0iaHR0cDovL3d3dy53My5vcmcvMjAwMC9zdmciPjwvc3ZnPg==\" style=\"--smush-placeholder-width: 437px; --smush-placeholder-aspect-ratio: 437\/314;\" \/><\/div><\/div><\/div><\/div>\n<div class='av-flex-placeholder'><\/div>\n<style type=\"text\/css\" data-created_by=\"avia_inline_auto\" id=\"style-css-av-hrsot-ede235c2c8411f45df1a109ec393e351\">\n#top .flex_column_table.av-equal-height-column-flextable.av-hrsot-ede235c2c8411f45df1a109ec393e351{\nmargin-top:0px;\nmargin-bottom:0px;\n}\n<\/style>\n<div class='flex_column av-hrsot-ede235c2c8411f45df1a109ec393e351 av_one_half  avia-builder-el-15  el_after_av_one_half  el_before_av_one_half  flex_column_table_cell av-equal-height-column av-align-middle column-top-margin'   ><section  class='av_textblock_section av-l2uslh4i-145a849de9c62391ce1d53c68c8a8f00'  itemscope=\"itemscope\" itemtype=\"https:\/\/schema.org\/CreativeWork\" ><div class='avia_textblock'  itemprop=\"text\" ><p><strong>Las personas aprovechan al m\u00e1ximo su talento<br \/>\n<\/strong><\/p>\n<p style=\"text-align: justify; text-justify: inter-ideograph;\">En LUVIEW, cada empleado puede dar rienda suelta a sus talentos y capacidades, de modo que pueda aprovechar sus puntos fuertes y evitar los d\u00e9biles, y la persona adecuada pueda hacer lo correcto. La empresa deja claras las responsabilidades de cada puesto, la selecci\u00f3n y el nombramiento cient\u00edficos, la capacidad de la persona y la tecnolog\u00eda especializada se adaptan al puesto, lleva a cabo el ajuste del puesto seg\u00fan los cambios reales.<\/p>\n<\/div><\/section><\/div><\/div><!--close column table wrapper. Autoclose: 1 -->\n<div class='flex_column_table av-l2usm0kt-3b4cf32c0dfbd60848c3c952e41fda58 sc-av_one_half av-equal-height-column-flextable'>\n<style type=\"text\/css\" data-created_by=\"avia_inline_auto\" id=\"style-css-av-l2usm0kt-3b4cf32c0dfbd60848c3c952e41fda58\">\n#top .flex_column_table.av-equal-height-column-flextable.av-l2usm0kt-3b4cf32c0dfbd60848c3c952e41fda58{\nmargin-top:0px;\nmargin-bottom:0px;\n}\n<\/style>\n<div class='flex_column av-l2usm0kt-3b4cf32c0dfbd60848c3c952e41fda58 av_one_half  avia-builder-el-17  el_after_av_one_half  el_before_av_one_half  first flex_column_table_cell av-equal-height-column av-align-middle column-top-margin'   ><section  class='av_textblock_section av-l2usmjpc-0d9cbe7ef18a6f415cb38467a761303e'  itemscope=\"itemscope\" itemtype=\"https:\/\/schema.org\/CreativeWork\" ><div class='avia_textblock'  itemprop=\"text\" ><p><strong>Elegir los puntos fuertes de las personas y tolerar sus diferencias<\/strong><\/p>\n<p style=\"text-align: justify; text-justify: inter-ideograph;\">Todos los r\u00edos desembocan en el mar. Cuanto m\u00e1s grande sea la mente y el patr\u00f3n de una persona, mayores ser\u00e1n sus logros. Todo el mundo tiene puntos buenos y puntos malos. Si eres bueno en algo, seguro que te falta algo. Los bosques florecen gracias a la diversidad de la vida, y el desarrollo profesional depende de la variedad de talentos. Creemos que aunando la sabidur\u00eda de todos, el equipo puede ser m\u00e1s combativo y la empresa m\u00e1s pr\u00f3spera.<\/p>\n<\/div><\/section><\/div>\n<div class='av-flex-placeholder'><\/div>\n<style type=\"text\/css\" data-created_by=\"avia_inline_auto\" id=\"style-css-av-85tfx-65353a521752f43ed81898a9f765c4e9\">\n#top .flex_column_table.av-equal-height-column-flextable.av-85tfx-65353a521752f43ed81898a9f765c4e9{\nmargin-top:0px;\nmargin-bottom:0px;\n}\n<\/style>\n<div class='flex_column av-85tfx-65353a521752f43ed81898a9f765c4e9 av_one_half  avia-builder-el-19  el_after_av_one_half  avia-builder-el-last  flex_column_table_cell av-equal-height-column av-align-middle column-top-margin'   ><style type=\"text\/css\" data-created_by=\"avia_inline_auto\" id=\"style-css-av-l2usmsbv-28fcd2226a327d01c0dfe51e36145b5c\">\n.avia-image-container.av-l2usmsbv-28fcd2226a327d01c0dfe51e36145b5c .av-image-caption-overlay-center{\ncolor:#ffffff;\n}\n<\/style>\n<div  class='avia-image-container av-l2usmsbv-28fcd2226a327d01c0dfe51e36145b5c av-styling- avia-align-center  avia-builder-el-20  avia-builder-el-no-sibling'  itemprop=\"image\" itemscope=\"itemscope\" itemtype=\"https:\/\/schema.org\/ImageObject\" ><div class=\"avia-image-container-inner\"><div class=\"avia-image-overlay-wrap\"><img decoding=\"async\" class='wp-image-379 avia-img-lazy-loading-not-379 avia_image lazyload' data-src=\"https:\/\/luview.com\/wp-content\/uploads\/2022\/05\/Talent-Concept3.jpg\"  title='Talento-Concepto3'  height=\"314\" width=\"437\"  itemprop=\"thumbnailUrl\" data-srcset=\"https:\/\/luview.com\/wp-content\/uploads\/2022\/05\/Talent-Concept3.jpg 437w, https:\/\/luview.com\/wp-content\/uploads\/2022\/05\/Talent-Concept3-300x216.jpg 300w\" data-sizes=\"(max-width: 437px) 100vw, 437px\" alt=\"Talent Concept\u63d2\u56fe2\" src=\"data:image\/svg+xml;base64,PHN2ZyB3aWR0aD0iMSIgaGVpZ2h0PSIxIiB4bWxucz0iaHR0cDovL3d3dy53My5vcmcvMjAwMC9zdmciPjwvc3ZnPg==\" style=\"--smush-placeholder-width: 437px; --smush-placeholder-aspect-ratio: 437\/314;\" \/><\/div><\/div><\/div><\/div><\/div><!--close column table wrapper. Autoclose: 1 -->","protected":false},"excerpt":{"rendered":"","protected":false},"author":1,"featured_media":0,"parent":152,"menu_order":0,"comment_status":"closed","ping_status":"closed","template":"","meta":{"_monsterinsights_skip_tracking":false,"_monsterinsights_sitenote_active":false,"_monsterinsights_sitenote_note":"","_monsterinsights_sitenote_category":0,"footnotes":""},"class_list":["post-365","page","type-page","status-publish","hentry"],"_links":{"self":[{"href":"https:\/\/luview.com\/es\/wp-json\/wp\/v2\/pages\/365","targetHints":{"allow":["GET"]}}],"collection":[{"href":"https:\/\/luview.com\/es\/wp-json\/wp\/v2\/pages"}],"about":[{"href":"https:\/\/luview.com\/es\/wp-json\/wp\/v2\/types\/page"}],"author":[{"embeddable":true,"href":"https:\/\/luview.com\/es\/wp-json\/wp\/v2\/users\/1"}],"replies":[{"embeddable":true,"href":"https:\/\/luview.com\/es\/wp-json\/wp\/v2\/comments?post=365"}],"version-history":[{"count":2,"href":"https:\/\/luview.com\/es\/wp-json\/wp\/v2\/pages\/365\/revisions"}],"predecessor-version":[{"id":43755,"href":"https:\/\/luview.com\/es\/wp-json\/wp\/v2\/pages\/365\/revisions\/43755"}],"up":[{"embeddable":true,"href":"https:\/\/luview.com\/es\/wp-json\/wp\/v2\/pages\/152"}],"wp:attachment":[{"href":"https:\/\/luview.com\/es\/wp-json\/wp\/v2\/media?parent=365"}],"curies":[{"name":"wp","href":"https:\/\/api.w.org\/{rel}","templated":true}]}}