{"id":36625,"date":"2025-05-28T06:48:22","date_gmt":"2025-05-28T06:48:22","guid":{"rendered":"https:\/\/luview.com\/?page_id=36625"},"modified":"2025-08-07T06:23:23","modified_gmt":"2025-08-07T06:23:23","slug":"marca-personalizada-contacto","status":"publish","type":"page","link":"https:\/\/luview.com\/es\/custom-brand-contact-us\/","title":{"rendered":"Marca personalizada cont\u00e1ctenos"},"content":{"rendered":"<style type=\"text\/css\" data-created_by=\"avia_inline_auto\" id=\"style-css-av-mb7nv23h-2a3b1c50c7cba6b9885b5268f5fbc8bd\">\n#top .av-special-heading.av-mb7nv23h-2a3b1c50c7cba6b9885b5268f5fbc8bd{\npadding-bottom:10px;\n}\nbody .av-special-heading.av-mb7nv23h-2a3b1c50c7cba6b9885b5268f5fbc8bd .av-special-heading-tag .heading-char{\nfont-size:25px;\n}\n.av-special-heading.av-mb7nv23h-2a3b1c50c7cba6b9885b5268f5fbc8bd .av-subheading{\nfont-size:15px;\n}\n<\/style>\n<div  class='av-special-heading av-mb7nv23h-2a3b1c50c7cba6b9885b5268f5fbc8bd av-special-heading-h2 blockquote elegant-quote elegant-centered  avia-builder-el-0  el_before_av_section  avia-builder-el-no-sibling'><h2 class='av-special-heading-tag'  itemprop=\"headline\"  ><span class=\"heading-wrap\">Marca personalizada<\/span><\/h2><div class=\"special-heading-border\"><div class=\"special-heading-inner-border\"><\/div><\/div><\/div>\n<\/div><\/div><\/div><!-- close content main div --><\/div><\/div><div id='av_section_1'  class='avia-section av-29jvddd-565555dfb29d844ebeff3a39c04c7905 main_color avia-section-default avia-no-border-styling  avia-builder-el-1  el_after_av_heading  el_before_av_three_fifth  avia-bg-style-scroll container_wrap sidebar_left'  ><div class='container av-section-cont-open' ><div class='template-page content  av-content-small units'><div class='post-entry post-entry-type-page post-entry-36625'><div class='entry-content-wrapper clearfix'>\n<div class='flex_column av-1sjj1ox-8ee948047f17367929f6c4098bea8a07 av_one_half  avia-builder-el-2  el_before_av_one_half  avia-builder-el-first  first flex_column_div'   ><div  class='av-hotspot-image-container av-mb7m0ehr-dbe7468479d9f682455edaad01846776  avia-builder-el-3  avia-builder-el-no-sibling  av-hotspot-numbered av-mobile-fallback-active  av-non-fullwidth-hotspot-image'  itemprop=\"image\" itemscope=\"itemscope\" itemtype=\"https:\/\/schema.org\/ImageObject\" ><div class='av-hotspot-container'><div class='av-hotspot-container-inner-cell'><div class='av-hotspot-container-inner-wrap'><img decoding=\"async\" class='wp-image-32093 avia-img-lazy-loading-not-32093 avia_image lazyload' data-src=\"https:\/\/luview.com\/wp-content\/uploads\/2025\/04\/10.2-1.jpg\"  title='10.2'  height=\"430\" width=\"764\"  itemprop=\"thumbnailUrl\" data-srcset=\"https:\/\/luview.com\/wp-content\/uploads\/2025\/04\/10.2-1.jpg 764w, https:\/\/luview.com\/wp-content\/uploads\/2025\/04\/10.2-1-300x169.jpg 300w, https:\/\/luview.com\/wp-content\/uploads\/2025\/04\/10.2-1-705x397.jpg 705w, https:\/\/luview.com\/wp-content\/uploads\/2025\/04\/10.2-1-570x321.jpg 570w, https:\/\/luview.com\/wp-content\/uploads\/2025\/04\/10.2-1-450x253.jpg 450w, https:\/\/luview.com\/wp-content\/uploads\/2025\/04\/10.2-1-600x338.jpg 600w, https:\/\/luview.com\/wp-content\/uploads\/2025\/04\/10.2-1-500x281.jpg 500w\" data-sizes=\"(max-width: 764px) 100vw, 764px\" alt=\"Custom Brand contact us\u63d2\u56fe\" src=\"data:image\/svg+xml;base64,PHN2ZyB3aWR0aD0iMSIgaGVpZ2h0PSIxIiB4bWxucz0iaHR0cDovL3d3dy53My5vcmcvMjAwMC9zdmciPjwvc3ZnPg==\" style=\"--smush-placeholder-width: 764px; --smush-placeholder-aspect-ratio: 764\/430;\" \/><\/div><\/div><\/div><\/div><\/div><div class='flex_column av-puevap-c4a228d7207e12e0009a2bcf3a5dda3f av_one_half  avia-builder-el-4  el_after_av_one_half  avia-builder-el-last  flex_column_div'   ><section  class='av_textblock_section av-mb7mh3a0-7ad7f3227737d9723b7d479806a4faa7'  itemscope=\"itemscope\" itemtype=\"https:\/\/schema.org\/CreativeWork\" ><div class='avia_textblock'  itemprop=\"text\" ><p>Estimados propietarios de marcas personalizadas,<\/p>\n<p>Nuestra f\u00e1brica se centra en el suministro de soluciones de visualizaci\u00f3n de monitoreo de punto ciego de veh\u00edculos OEM para las marcas de veh\u00edculos, que pueden cumplir con los siguientes requisitos:<\/p>\n<p>Servicio ODM flexible: asistencia en todo el proceso, desde el dise\u00f1o de ID \u2192 la definici\u00f3n de funciones \u2192 la producci\u00f3n en serie y la entrega.<\/p>\n<p>Puntos competitivos diferenciados:<\/p>\n<p>Personalizaci\u00f3n profunda de la interfaz de usuario de la marca (animaci\u00f3n de arranque\/interfaz de funcionamiento)<br \/>\nEl dise\u00f1o modular permite la funci\u00f3n opcional de superposici\u00f3n de avisos ADAS<br \/>\nProporcionar informes de tendencias de mercado y apoyo al an\u00e1lisis de productos competitivos<br \/>\nLos modelos est\u00e1ndar existentes han aprobado las certificaciones FCC\/CE\/ROHS\/E-MARK y otras, y la producci\u00f3n en masa personalizada puede completarse en tan s\u00f3lo 45 d\u00edas. Bienvenido a obtener nuestro plan de cooperaci\u00f3n de marca.<\/p>\n<\/div><\/section><\/div>\n<\/div><\/div><\/div><!-- close content main div --><\/div><\/div><div id='after_section_1'  class='main_color av_default_container_wrap container_wrap sidebar_left'  ><div class='container av-section-cont-open' ><div class='template-page content  av-content-small units'><div class='post-entry post-entry-type-page post-entry-36625'><div class='entry-content-wrapper clearfix'>\n<div class='flex_column av-1k96qgh-b37a22c4a00a51d11c7a411a57845c90 av_three_fifth  avia-builder-el-6  el_after_av_section  el_before_av_two_fifth  avia-builder-el-first  first flex_column_div'   ><style type=\"text\/css\" data-created_by=\"avia_inline_auto\" id=\"style-css-av-l2x2jvi5-53096efea5a8635596624628bd21645d\">\n#top .av_textblock_section.av-l2x2jvi5-53096efea5a8635596624628bd21645d .avia_textblock{\ncolor:#333333;\n}\n<\/style>\n<section  class='av_textblock_section av-l2x2jvi5-53096efea5a8635596624628bd21645d'  itemscope=\"itemscope\" itemtype=\"https:\/\/schema.org\/CreativeWork\" ><div class='avia_textblock av_inherit_color'  itemprop=\"text\" ><h3>Contacto<\/h3>\n<\/div><\/section><br \/>\n<\/p><\/div><div class='flex_column av-4t0tr4h-a8cf6a0b6a71f3d36c583b3990cf9d61 av_two_fifth  avia-builder-el-9  el_after_av_three_fifth  avia-builder-el-last  flex_column_div'   ><style type=\"text\/css\" data-created_by=\"avia_inline_auto\" id=\"style-css-av-l0qq4x-9537a8e7728b2c5e0cd9418cf5648812\">\n#top .av_textblock_section.av-l0qq4x-9537a8e7728b2c5e0cd9418cf5648812 .avia_textblock{\ncolor:#333333;\n}\n<\/style>\n<section  class='av_textblock_section av-l0qq4x-9537a8e7728b2c5e0cd9418cf5648812'  itemscope=\"itemscope\" itemtype=\"https:\/\/schema.org\/CreativeWork\" ><div class='avia_textblock av_inherit_color'  itemprop=\"text\" ><h3>Contacte con nosotros<\/h3>\n<\/div><\/section><br \/>\n\n<style type=\"text\/css\" data-created_by=\"avia_inline_auto\" id=\"style-css-av-fjdj3l-96c37e27a93aba22407726e7e303b5fd\">\n@keyframes av_sonarEffect_av-fjdj3l-96c37e27a93aba22407726e7e303b5fd {\n  0% {opacity: 0.3;}\n 40% {opacity: 0.5; box-shadow: 0 0 0 2px rgba(255,255,255,0.1), 0 0 10px 10px #ffffff, 0 0 0 10px rgba(255,255,255,0.5);}\n100% {opacity: 0; box-shadow: 0 0 0 2px rgba(255,255,255,0.1), 0 0 10px 10px #ffffff, 0 0 0 10px rgba(255,255,255,0.5); -webkit-transform: scale(1.5); transform: scale(1.5);}\n}\n@-webkit-keyframes av_sonarEffect_av-fjdj3l-96c37e27a93aba22407726e7e303b5fd {\n  0% {opacity: 0.3;}\n 40% {opacity: 0.5; box-shadow: 0 0 0 2px rgba(255,255,255,0.1), 0 0 10px 10px #ffffff, 0 0 0 10px rgba(255,255,255,0.5);}\n100% {opacity: 0; box-shadow: 0 0 0 2px rgba(255,255,255,0.1), 0 0 10px 10px #ffffff, 0 0 0 10px rgba(255,255,255,0.5); -webkit-transform: scale(1.5); transform: scale(1.5);}\n}\n#top .avia-icon-list-container.av-fjdj3l-96c37e27a93aba22407726e7e303b5fd .iconlist_icon:hover:after{\nanimation:av_sonarEffect_av-fjdj3l-96c37e27a93aba22407726e7e303b5fd 1s ease-in-out .1s infinite;\n-webkit-animation:av_sonarEffect_av-fjdj3l-96c37e27a93aba22407726e7e303b5fd 1s ease-in-out .1s infinite;\n-moz-animation:av_sonarEffect_av-fjdj3l-96c37e27a93aba22407726e7e303b5fd 1s ease-in-out .1s infinite;\n-o-animation:av_sonarEffect_av-fjdj3l-96c37e27a93aba22407726e7e303b5fd 1s ease-in-out .1s infinite;\n}\n<\/style>\n<div  id=\"contactinfo\"  class='avia-icon-list-container av-fjdj3l-96c37e27a93aba22407726e7e303b5fd  avia-builder-el-11  el_after_av_textblock  avia-builder-el-last'><ul class='avia-icon-list avia_animate_when_almost_visible avia-icon-list-left av-iconlist-big av-fjdj3l-96c37e27a93aba22407726e7e303b5fd avia-iconlist-animate avia-sonar-shadow'>\n<li><div class='iconlist_icon av-2dxcivl-c65d67950ffab3bf484d38660525ea49 avia-font-fontello'><span class='iconlist-char' aria-hidden='true' data-av_icon='\ue800' data-av_iconfont='fontello'><\/span><\/div><article class=\"article-icon-entry\"  itemscope=\"itemscope\" itemtype=\"https:\/\/schema.org\/CreativeWork\" ><div class=\"iconlist_content_wrap\"><header class=\"entry-content-header\"><h4 class='av_iconlist_title iconlist_title'  itemprop=\"headline\" >Correo electr\u00f3nico<\/h4><\/header><div class='iconlist_content'  itemprop=\"text\" ><p><a href=\"mailto:sales@luview.com\">sales@luview.com<\/a><\/p>\n<\/div><\/div><footer class=\"entry-footer\"><\/footer><\/article><div class=\"iconlist-timeline\"><\/div><\/li>\n<li><div class='iconlist_icon av-3hemi6p-4b5291235455f5696d6765d3b776c27a avia-font-fontello'><span class='iconlist-char' aria-hidden='true' data-av_icon='\ue802' data-av_iconfont='fontello'><\/span><\/div><article class=\"article-icon-entry\"  itemscope=\"itemscope\" itemtype=\"https:\/\/schema.org\/CreativeWork\" ><div class=\"iconlist_content_wrap\"><header class=\"entry-content-header\"><h4 class='av_iconlist_title iconlist_title'  itemprop=\"headline\" >Tel\u00e9fono<\/h4><\/header><div class='iconlist_content'  itemprop=\"text\" ><p>+86 (755) 27042170<\/p>\n<\/div><\/div><footer class=\"entry-footer\"><\/footer><\/article><div class=\"iconlist-timeline\"><\/div><\/li>\n<li><div class='iconlist_icon av-310wnht-e5e708a773019b204ee017bd2d9153d2 avia-font-fontello'><span class='iconlist-char' aria-hidden='true' data-av_icon='\uf10b' data-av_iconfont='fontello'><\/span><\/div><article class=\"article-icon-entry\"  itemscope=\"itemscope\" itemtype=\"https:\/\/schema.org\/CreativeWork\" ><div class=\"iconlist_content_wrap\"><header class=\"entry-content-header\"><h4 class='av_iconlist_title iconlist_title'  itemprop=\"headline\" >M\u00f3vil<\/h4><\/header><div class='iconlist_content'  itemprop=\"text\" ><p>+86 13537831093<\/p>\n<\/div><\/div><footer class=\"entry-footer\"><\/footer><\/article><div class=\"iconlist-timeline\"><\/div><\/li>\n<li><div class='iconlist_icon av-24morqp-d363d64fa7a8ed3b679d3e6d15597b9c avia-font-fontello'><span class='iconlist-char' aria-hidden='true' data-av_icon='\uf17e' data-av_iconfont='fontello'><\/span><\/div><article class=\"article-icon-entry\"  itemscope=\"itemscope\" itemtype=\"https:\/\/schema.org\/CreativeWork\" ><div class=\"iconlist_content_wrap\"><header class=\"entry-content-header\"><h4 class='av_iconlist_title iconlist_title'  itemprop=\"headline\" >Skype<\/h4><\/header><div class='iconlist_content'  itemprop=\"text\" ><p>szbsxy@hotmail.com<\/p>\n<\/div><\/div><footer class=\"entry-footer\"><\/footer><\/article><div class=\"iconlist-timeline\"><\/div><\/li>\n<\/ul><\/div><\/p><\/div><\/p>","protected":false},"excerpt":{"rendered":"","protected":false},"author":1,"featured_media":0,"parent":0,"menu_order":0,"comment_status":"closed","ping_status":"closed","template":"","meta":{"_monsterinsights_skip_tracking":false,"_monsterinsights_sitenote_active":false,"_monsterinsights_sitenote_note":"","_monsterinsights_sitenote_category":0,"footnotes":""},"class_list":["post-36625","page","type-page","status-publish","hentry"],"_links":{"self":[{"href":"https:\/\/luview.com\/es\/wp-json\/wp\/v2\/pages\/36625","targetHints":{"allow":["GET"]}}],"collection":[{"href":"https:\/\/luview.com\/es\/wp-json\/wp\/v2\/pages"}],"about":[{"href":"https:\/\/luview.com\/es\/wp-json\/wp\/v2\/types\/page"}],"author":[{"embeddable":true,"href":"https:\/\/luview.com\/es\/wp-json\/wp\/v2\/users\/1"}],"replies":[{"embeddable":true,"href":"https:\/\/luview.com\/es\/wp-json\/wp\/v2\/comments?post=36625"}],"version-history":[{"count":0,"href":"https:\/\/luview.com\/es\/wp-json\/wp\/v2\/pages\/36625\/revisions"}],"wp:attachment":[{"href":"https:\/\/luview.com\/es\/wp-json\/wp\/v2\/media?parent=36625"}],"curies":[{"name":"wp","href":"https:\/\/api.w.org\/{rel}","templated":true}]}}