{"id":631,"date":"2022-05-23T07:58:39","date_gmt":"2022-05-23T07:58:39","guid":{"rendered":"https:\/\/luview.com\/?page_id=631"},"modified":"2026-03-10T02:44:22","modified_gmt":"2026-03-10T02:44:22","slug":"camaras-de-matriculas","status":"publish","type":"page","link":"https:\/\/luview.com\/es\/products\/cameras\/license-plate-cameras\/","title":{"rendered":"C\u00e1maras de matr\u00edcula"},"content":{"rendered":"<style type=\"text\/css\" data-created_by=\"avia_inline_auto\" id=\"style-css-av-l2y9d09l-37c459b1fe29d7efeee039a33e01dd4f\">\n.avia-section.av-l2y9d09l-37c459b1fe29d7efeee039a33e01dd4f{\nbackground-repeat:no-repeat;\nbackground-image:url(https:\/\/luview.com\/wp-content\/uploads\/2024\/11\/1111.jpg);\nbackground-position:50% 50%;\nbackground-attachment:scroll;\n}\n.avia-section.av-l2y9d09l-37c459b1fe29d7efeee039a33e01dd4f .av-section-color-overlay{\nopacity:0.8;\nbackground-color:#222222;\n}\n<\/style>\n<div id='av_section_1'  class='avia-section av-l2y9d09l-37c459b1fe29d7efeee039a33e01dd4f main_color avia-section-default avia-no-border-styling  avia-builder-el-0  el_before_av_one_full  avia-builder-el-first  titlebarbox avia-full-stretch avia-bg-style-scroll av-section-color-overlay-active container_wrap sidebar_left'  data-section-bg-repeat='stretch'><div class=\"av-section-color-overlay-wrap\"><div class=\"av-section-color-overlay\"><\/div><div class='container av-section-cont-open' ><main  role=\"main\" itemprop=\"mainContentOfPage\"  class='template-page content  av-content-small units'><div class='post-entry post-entry-type-page post-entry-631'><div class='entry-content-wrapper clearfix'>\n\n<style type=\"text\/css\" data-created_by=\"avia_inline_auto\" id=\"style-css-av-ro2v-a87e36abb91cc5e18f3d0098b40720d3\">\n.flex_column.av-ro2v-a87e36abb91cc5e18f3d0098b40720d3{\npadding:10% 0 10% 0;\n}\n<\/style>\n<div class='flex_column av-ro2v-a87e36abb91cc5e18f3d0098b40720d3 av_one_full  avia-builder-el-1  avia-builder-el-no-sibling  first flex_column_div'   ><style type=\"text\/css\" data-created_by=\"avia_inline_auto\" id=\"style-css-av-l2y9au29-bf07c75c092d3a9f62676db415f615f7\">\n#top .av_textblock_section.av-l2y9au29-bf07c75c092d3a9f62676db415f615f7 .avia_textblock{\ncolor:#ffffff;\ntext-align:center;\n}\n<\/style>\n<section  class='av_textblock_section av-l2y9au29-bf07c75c092d3a9f62676db415f615f7'  itemscope=\"itemscope\" itemtype=\"https:\/\/schema.org\/CreativeWork\" ><div class='avia_textblock av_inherit_color'  itemprop=\"text\" ><h1>C\u00e1maras de matr\u00edcula<\/h1>\n<\/div><\/section><br \/>\n<\/p><\/div>\n<\/div><\/div><\/main><!-- close content main element --><\/div><\/div><\/div><div id='after_section_1'  class='main_color av_default_container_wrap container_wrap sidebar_left'  ><div class='container av-section-cont-open' ><div class='template-page content  av-content-small units'><div class='post-entry post-entry-type-page post-entry-631'><div class='entry-content-wrapper clearfix'>\n<div class='flex_column av-6hmib-0f7b6fcf00f9273a80dfc45f533798fb av_one_full  avia-builder-el-4  el_after_av_section  el_before_av_one_full  avia-builder-el-first  first flex_column_div'   ><section  class='av_textblock_section av-l2y9squj-e76031f6dac70c55a963b220d7b8ed83'  itemscope=\"itemscope\" itemtype=\"https:\/\/schema.org\/CreativeWork\" ><div class='avia_textblock'  itemprop=\"text\" ><h3 style=\"font-weight: bold;\">Todas las c\u00e1maras de matr\u00edculas<\/h3>\n<\/div><\/section><br \/>\n<section  class='av_textblock_section av-l2y9tm1e-80c30be322df05d44e75397a617f5c97'  itemscope=\"itemscope\" itemtype=\"https:\/\/schema.org\/CreativeWork\" ><div class='avia_textblock'  itemprop=\"text\" ><p>Installing one of our\u00a0license plate camera\u00a0in your vehicle improves the driver&#8217;s visibility\u00a0exponentially! With\u00a0options including\u00a0multiple views around the vehicle, night vision, waterproof durability, and 150-170\u00b0\u00a0field of vision, Luview manufacture high quality license plate cameras and rear view system to meet you &amp;\u00a0your fleet\u2019s needs. Consult us\u00a0by <a href=\"http:\/\/mailto:sales@luview.com\/\">sales@luview.com<\/a>\u00a0!<\/p>\n<\/div><\/section><br \/>\n<div  class='avia-button-wrap avia-button-left  avia-builder-el-7  el_after_av_textblock  avia-builder-el-last' ><a href='https:\/\/luview.com\/es\/contact\/'  class='avia-button av-l2y9umzk-d16bac7bf4e11df2896cb79984c1e31c avia-icon_select-no avia-size-large avia-position-left avia-color-theme-color' ><span class='avia_iconbox_title' >Consulta<\/span><\/a><\/div><\/p><\/div>\n<div class='flex_column av-5hzen-23301fe4c356e81a47b358eb060165d1 av_one_full  avia-builder-el-8  el_after_av_one_full  el_before_av_one_full  first flex_column_div column-top-margin'   ><div  class='avia-product-slider-container av-l2y9wj0i-95e2f03cbb65345e10b02865878b62d3 template-shop avia-content-slider avia-content-grid-active shop_columns_3  avia-builder-el-9  avia-builder-el-no-sibling  myproducts avia-content-slider-odd  avia-builder-el-9  avia-builder-el-no-sibling  myproducts avia-product-slider1'  data-autoplay=''  data-interval='5'  data-animation='fade'  data-hoverpause='1' ><div class='avia-content-slider-inner'><ul class=\"products\"><li class=\"product type-product post-935 status-publish first instock product_cat-license-plate-camera has-post-thumbnail shipping-taxable product-type-simple\">\n\t<div class='inner_product main_color wrapped_style noLightbox  av-product-class-no_button'><a href=\"https:\/\/luview.com\/es\/product\/jy-022a-license-plate-camera-with-ip69k-and-wide-view-angle\/\" class=\"woocommerce-LoopProduct-link woocommerce-loop-product__link\"><div class='thumbnail_container'><img decoding=\"async\" width=\"600\" height=\"600\" data-src=\"https:\/\/luview.com\/wp-content\/uploads\/2022\/06\/022A\u5e26\u57ab\u5708\u6b3e\u9996\u9875\u65b9\u5411-1-600x600.jpg\" class=\"wp-image-44063 avia-img-lazy-loading-44063 attachment-woocommerce_thumbnail size-woocommerce_thumbnail wp-post-image lazyload\"  data-srcset=\"https:\/\/luview.com\/wp-content\/uploads\/2022\/06\/022A\u5e26\u57ab\u5708\u6b3e\u9996\u9875\u65b9\u5411-1-600x600.jpg 600w, https:\/\/luview.com\/wp-content\/uploads\/2022\/06\/022A\u5e26\u57ab\u5708\u6b3e\u9996\u9875\u65b9\u5411-1-300x300.jpg 300w, https:\/\/luview.com\/wp-content\/uploads\/2022\/06\/022A\u5e26\u57ab\u5708\u6b3e\u9996\u9875\u65b9\u5411-1-80x80.jpg 80w, https:\/\/luview.com\/wp-content\/uploads\/2022\/06\/022A\u5e26\u57ab\u5708\u6b3e\u9996\u9875\u65b9\u5411-1-768x768.jpg 768w, https:\/\/luview.com\/wp-content\/uploads\/2022\/06\/022A\u5e26\u57ab\u5708\u6b3e\u9996\u9875\u65b9\u5411-1-12x12.jpg 12w, https:\/\/luview.com\/wp-content\/uploads\/2022\/06\/022A\u5e26\u57ab\u5708\u6b3e\u9996\u9875\u65b9\u5411-1-36x36.jpg 36w, https:\/\/luview.com\/wp-content\/uploads\/2022\/06\/022A\u5e26\u57ab\u5708\u6b3e\u9996\u9875\u65b9\u5411-1-180x180.jpg 180w, https:\/\/luview.com\/wp-content\/uploads\/2022\/06\/022A\u5e26\u57ab\u5708\u6b3e\u9996\u9875\u65b9\u5411-1-430x430.jpg 430w, https:\/\/luview.com\/wp-content\/uploads\/2022\/06\/022A\u5e26\u57ab\u5708\u6b3e\u9996\u9875\u65b9\u5411-1-630x630.jpg 630w, https:\/\/luview.com\/wp-content\/uploads\/2022\/06\/022A\u5e26\u57ab\u5708\u6b3e\u9996\u9875\u65b9\u5411-1-705x705.jpg 705w, https:\/\/luview.com\/wp-content\/uploads\/2022\/06\/022A\u5e26\u57ab\u5708\u6b3e\u9996\u9875\u65b9\u5411-1-321x321.jpg 321w, https:\/\/luview.com\/wp-content\/uploads\/2022\/06\/022A\u5e26\u57ab\u5708\u6b3e\u9996\u9875\u65b9\u5411-1-120x120.jpg 120w, https:\/\/luview.com\/wp-content\/uploads\/2022\/06\/022A\u5e26\u57ab\u5708\u6b3e\u9996\u9875\u65b9\u5411-1-450x450.jpg 450w, https:\/\/luview.com\/wp-content\/uploads\/2022\/06\/022A\u5e26\u57ab\u5708\u6b3e\u9996\u9875\u65b9\u5411-1-100x100.jpg 100w, https:\/\/luview.com\/wp-content\/uploads\/2022\/06\/022A\u5e26\u57ab\u5708\u6b3e\u9996\u9875\u65b9\u5411-1.jpg 800w\" data-sizes=\"(max-width: 600px) 100vw, 600px\" title=\"JY-022A C\u00e1mara de matr\u00edcula con IP69K y gran \u00e1ngulo de visi\u00f3n\u7f29\u7565\u56fe\" alt=\"JY-022A C\u00e1mara de matr\u00edcula con IP69K y gran \u00e1ngulo de visi\u00f3n\u7f29\u7565\u56fe\" src=\"data:image\/svg+xml;base64,PHN2ZyB3aWR0aD0iMSIgaGVpZ2h0PSIxIiB4bWxucz0iaHR0cDovL3d3dy53My5vcmcvMjAwMC9zdmciPjwvc3ZnPg==\" style=\"--smush-placeholder-width: 600px; --smush-placeholder-aspect-ratio: 600\/600;\" \/><span class='cart-loading'><\/span><\/div><div class='inner_product_header'><div class='avia-arrow'><\/div><div class='inner_product_header_table'><div class='inner_product_header_cell'><h2 class=\"woocommerce-loop-product__title\">JY-022A C\u00e1mara de matr\u00edcula con IP69K y gran \u00e1ngulo de visi\u00f3n<\/h2>\n<\/div><\/div><\/div><\/a><\/div><\/li>\n<\/ul><\/div><\/div><div class=\"clear\"><\/div><\/div><div class='flex_column av-4ubxv-213bc428d71aa730c5a18fbc0d9954c9 av_one_full  avia-builder-el-0  el_before_av_three_fourth  avia-builder-el-first  first flex_column_div'   ><section  class='av_textblock_section av-4bhe3-b5d2024edd0490f6b2ae124c64cf457e'  itemscope=\"itemscope\" itemtype=\"https:\/\/schema.org\/CreativeWork\" ><div class='avia_textblock'  itemprop=\"text\" ><h3>Qu\u00e9 es la c\u00e1mara de matr\u00edculas<\/h3>\n<p>La c\u00e1mara de matr\u00edcula es un tipo de c\u00e1mara de visi\u00f3n trasera especial para coches especiales. Esta c\u00e1mara de marcha atr\u00e1s mide la posici\u00f3n de instalaci\u00f3n m\u00e1s adecuada para cada modelo ( sobre todo la luz de la matr\u00edcula o el asa del maletero) y se modifica continuamente en el molde, de modo que la c\u00e1mara y todo el coche est\u00e1n integrados, y el producto ha cubierto la mayor\u00eda de las marcas de autom\u00f3viles en el mercado (Honda, Toyota, Nissan, Hyundai, Kia, etc.), tanto como m\u00e1s de 400 modelos.<\/p>\n<h3>\u00bfC\u00f3mo funciona una c\u00e1mara de matr\u00edculas?<\/h3>\n<p>La c\u00e1mara de visi\u00f3n trasera para matr\u00edculas ofrece al conductor una visi\u00f3n clara y amplia de 150-170 grados de lo que hay detr\u00e1s del veh\u00edculo, lo que le permite dar marcha atr\u00e1s con seguridad en cualquier condici\u00f3n meteorol\u00f3gica. Este amplio campo de visi\u00f3n generalmente resulta en una salida distorsionada \u201cojo de pez\u201d en el monitor, pero las buenas c\u00e1maras de matr\u00edcula tienen tecnolog\u00eda de correcci\u00f3n digital para corregir la imagen y retratarla adecuadamente. El dise\u00f1o conveniente y simple se fija sobre su matr\u00edcula trasera existente, permitiendo que la c\u00e1mara se instale en los agujeros de matr\u00edcula existentes del veh\u00edculo. Perfecto para mini furgonetas, SUV, sedanes, camionetas y m\u00e1s.<\/p>\n<h3>Ventajas de la c\u00e1mara de matr\u00edculas<\/h3>\n<p><strong><b>Calidad HD<\/b><\/strong><\/p>\n<p>El uso de lentes de vidrio de alta precisi\u00f3n, incluso en alta o baja temperatura no se deformar\u00e1, y tiene buena transmitancia de luz y sensibilidad, presentando una calidad de imagen m\u00e1s estable.<\/p>\n<p><strong><b>Resistente al agua y a los golpes<\/b><\/strong><\/p>\n<p>Utilizando el proceso de llenado de pegamento fino, despu\u00e9s de la burbuja de agua estricta y la prueba de vibraci\u00f3n, de modo que la c\u00e1mara todav\u00eda puede funcionar normalmente a trav\u00e9s de la lavadora autom\u00e1tica de coches, la lluvia, la turbulencia y otras condiciones de la carretera.<\/p>\n<p><strong><b>\u00c1ngulo de visi\u00f3n de 170<\/b><\/strong><\/p>\n<p>Lente gran angular de 170\u00b0 opcional, campo de visi\u00f3n m\u00e1s amplio, aparcamiento y marcha atr\u00e1s m\u00e1s seguros y c\u00f3modos.<\/p>\n<p><strong><b>N<\/b><\/strong><strong><b>ight vision <\/b><\/strong><strong><b>disponible<\/b><\/strong><\/p>\n<p>Una configuraci\u00f3n opcional de LED de alta luminosidad proporciona una imagen n\u00edtida incluso en plena oscuridad.<\/p>\n<h3>C\u00f3mo instalar una c\u00e1mara de matr\u00edcula<\/h3>\n<p>Dependiendo de la c\u00e1mara que elijas, puedes montarla en la matr\u00edcula de tu coche o en el maletero. Una vez instalada la c\u00e1mara, tendr\u00e1s que conectar los cables de alimentaci\u00f3n y RCA a tu coche. Aseg\u00farate de probar la c\u00e1mara antes de volver a montarla.<\/p>\n<p>En general, la instalaci\u00f3n de una c\u00e1mara de matr\u00edcula puede resumirse en los siguientes pasos:<\/p>\n<ol>\n<li>Monte la c\u00e1mara en la zona de la matr\u00edcula de su coche, en la luna trasera o en cualquier otro lugar adecuado.<\/li>\n<li>Ajuste el objetivo de la c\u00e1mara a su mejor posici\u00f3n.<\/li>\n<li>Conecte el cable de alimentaci\u00f3n (rojo y negro) al sistema de alimentaci\u00f3n de 12 V CC de su veh\u00edculo.<\/li>\n<li>Conecte la salida de v\u00eddeo (cable amarillo) de la c\u00e1mara a la pantalla de su veh\u00edculo.<\/li>\n<\/ol>\n<h3>\u00bfCu\u00e1nto cuesta una c\u00e1mara de matr\u00edcula?<\/h3>\n<p>La c\u00e1mara de matr\u00edcula puede montarse f\u00e1cilmente sobre todo tipo de matr\u00edculas y emitir v\u00eddeo en color a trav\u00e9s de la toma RCA. El sistema es compatible con una amplia gama de pantallas de visualizaci\u00f3n y monitores que le permite ver todo lo que hay detr\u00e1s de usted. Por lo general, el precio de una sola c\u00e1mara de matr\u00edcula es de unos 15-150 d\u00f3lares estadounidenses. Si quieres una mejor experiencia visual y mejorar la seguridad de la conducci\u00f3n en todas las direcciones, es mejor utilizar un monitor para formar un sistema completo de visi\u00f3n trasera. El precio es de unos 200-300 d\u00f3lares estadounidenses.<\/p>\n<p>Si desea comprar c\u00e1maras para matr\u00edculas en grandes cantidades o personalizar sus c\u00e1maras para matr\u00edculas, env\u00ede un correo electr\u00f3nico a <a href=\"mailto:sales@luview.com\"><u>sales@luview.com<\/u><\/a>\u00a0para conocer el coste exacto.<\/p>\n<h3>Encontrar un fabricante fiable de c\u00e1maras de matr\u00edculas<\/h3>\n<p>Estas son algunas de las cosas que debe buscar en una c\u00e1mara de matr\u00edcula. Un fabricante fiable debe ofrecer estas caracter\u00edsticas:<\/p>\n<p>Busque c\u00e1maras de alta definici\u00f3n. Estas c\u00e1maras captan las matr\u00edculas con claridad y est\u00e1n disponibles en varios tama\u00f1os. Una c\u00e1mara de 2 megap\u00edxeles (1080p) es capaz de reconocer matr\u00edculas a una distancia de hasta 4,5 metros, aunque esto puede no ser lo ideal en algunas situaciones. Es importante entender que algunas de estas c\u00e1maras pueden no ver una matr\u00edcula porque se mueve demasiado r\u00e1pido o desde una distancia lejana. Tanto si elige una c\u00e1mara de 1080p como una de mayor resoluci\u00f3n, aseg\u00farese de elegir una empresa con un servicio de atenci\u00f3n al cliente de alta calidad.<\/p>\n<p>If you need a high-resolution license plate camera, you can choose the long night vision security camera. Its night vision range is 13 meters, making it a superior choice among vehicle security products. Luview has 18 years of R &amp; D and production experience in the automotive electronics industry, providing various types of high-quality automotive camera products for global users, please feel free to consult us: <a href=\"http:\/\/mailto:sales@luview.com\/\">sales@luview.com<\/a>\u00a0.<\/p>\n<\/div><\/section><\/div><\/p>","protected":false},"excerpt":{"rendered":"","protected":false},"author":1,"featured_media":0,"parent":620,"menu_order":0,"comment_status":"closed","ping_status":"closed","template":"","meta":{"_monsterinsights_skip_tracking":false,"_monsterinsights_sitenote_active":false,"_monsterinsights_sitenote_note":"","_monsterinsights_sitenote_category":0,"footnotes":""},"class_list":["post-631","page","type-page","status-publish","hentry"],"_links":{"self":[{"href":"https:\/\/luview.com\/es\/wp-json\/wp\/v2\/pages\/631","targetHints":{"allow":["GET"]}}],"collection":[{"href":"https:\/\/luview.com\/es\/wp-json\/wp\/v2\/pages"}],"about":[{"href":"https:\/\/luview.com\/es\/wp-json\/wp\/v2\/types\/page"}],"author":[{"embeddable":true,"href":"https:\/\/luview.com\/es\/wp-json\/wp\/v2\/users\/1"}],"replies":[{"embeddable":true,"href":"https:\/\/luview.com\/es\/wp-json\/wp\/v2\/comments?post=631"}],"version-history":[{"count":3,"href":"https:\/\/luview.com\/es\/wp-json\/wp\/v2\/pages\/631\/revisions"}],"predecessor-version":[{"id":44504,"href":"https:\/\/luview.com\/es\/wp-json\/wp\/v2\/pages\/631\/revisions\/44504"}],"up":[{"embeddable":true,"href":"https:\/\/luview.com\/es\/wp-json\/wp\/v2\/pages\/620"}],"wp:attachment":[{"href":"https:\/\/luview.com\/es\/wp-json\/wp\/v2\/media?parent=631"}],"curies":[{"name":"wp","href":"https:\/\/api.w.org\/{rel}","templated":true}]}}