{"id":644,"date":"2022-05-23T11:00:07","date_gmt":"2022-05-23T11:00:07","guid":{"rendered":"https:\/\/luview.com\/?page_id=644"},"modified":"2026-03-10T02:46:53","modified_gmt":"2026-03-10T02:46:53","slug":"4-monitores-de-6-pulgadas","status":"publish","type":"page","link":"https:\/\/luview.com\/es\/products\/monitors\/4-6-inch-monitors\/","title":{"rendered":"Monitores de 4-6 pulgadas"},"content":{"rendered":"<style type=\"text\/css\" data-created_by=\"avia_inline_auto\" id=\"style-css-av-l2y9d09l-9a59c050fd7cc562363a6e26bd127e73\">\n.avia-section.av-l2y9d09l-9a59c050fd7cc562363a6e26bd127e73{\nbackground-repeat:no-repeat;\nbackground-image:url(https:\/\/luview.com\/wp-content\/uploads\/2024\/08\/0.jpg);\nbackground-position:50% 50%;\nbackground-attachment:scroll;\n}\n.avia-section.av-l2y9d09l-9a59c050fd7cc562363a6e26bd127e73 .av-section-color-overlay{\nopacity:0.8;\nbackground-color:#222222;\n}\n<\/style>\n<div id='av_section_1'  class='avia-section av-l2y9d09l-9a59c050fd7cc562363a6e26bd127e73 main_color avia-section-default avia-no-border-styling  avia-builder-el-0  el_before_av_one_full  avia-builder-el-first  titlebarbox avia-full-stretch avia-bg-style-scroll av-section-color-overlay-active container_wrap sidebar_left'  data-section-bg-repeat='stretch'><div class=\"av-section-color-overlay-wrap\"><div class=\"av-section-color-overlay\"><\/div><div class='container av-section-cont-open' ><main  role=\"main\" itemprop=\"mainContentOfPage\"  class='template-page content  av-content-small units'><div class='post-entry post-entry-type-page post-entry-644'><div class='entry-content-wrapper clearfix'>\n\n<style type=\"text\/css\" data-created_by=\"avia_inline_auto\" id=\"style-css-av-ro2v-a87e36abb91cc5e18f3d0098b40720d3\">\n.flex_column.av-ro2v-a87e36abb91cc5e18f3d0098b40720d3{\npadding:10% 0 10% 0;\n}\n<\/style>\n<div class='flex_column av-ro2v-a87e36abb91cc5e18f3d0098b40720d3 av_one_full  avia-builder-el-1  avia-builder-el-no-sibling  first flex_column_div'   ><style type=\"text\/css\" data-created_by=\"avia_inline_auto\" id=\"style-css-av-l2y9au29-bf07c75c092d3a9f62676db415f615f7\">\n#top .av_textblock_section.av-l2y9au29-bf07c75c092d3a9f62676db415f615f7 .avia_textblock{\ncolor:#ffffff;\ntext-align:center;\n}\n<\/style>\n<section  class='av_textblock_section av-l2y9au29-bf07c75c092d3a9f62676db415f615f7'  itemscope=\"itemscope\" itemtype=\"https:\/\/schema.org\/CreativeWork\" ><div class='avia_textblock av_inherit_color'  itemprop=\"text\" ><h1>Monitores de 4-6 pulgadas<\/h1>\n<\/div><\/section><br \/>\n<\/p><\/div>\n<\/div><\/div><\/main><!-- close content main element --><\/div><\/div><\/div><div id='after_section_1'  class='main_color av_default_container_wrap container_wrap sidebar_left'  ><div class='container av-section-cont-open' ><div class='template-page content  av-content-small units'><div class='post-entry post-entry-type-page post-entry-644'><div class='entry-content-wrapper clearfix'>\n<div class='flex_column av-6hmib-0f7b6fcf00f9273a80dfc45f533798fb av_one_full  avia-builder-el-4  el_after_av_section  el_before_av_one_full  avia-builder-el-first  first flex_column_div'   ><section  class='av_textblock_section av-l2y9squj-e76031f6dac70c55a963b220d7b8ed83'  itemscope=\"itemscope\" itemtype=\"https:\/\/schema.org\/CreativeWork\" ><div class='avia_textblock'  itemprop=\"text\" ><h3 style=\"font-weight: bold;\">Todos los monitores de 4-6 pulgadas<\/h3>\n<\/div><\/section><br \/>\n<section  class='av_textblock_section av-l2y9tm1e-80c30be322df05d44e75397a617f5c97'  itemscope=\"itemscope\" itemtype=\"https:\/\/schema.org\/CreativeWork\" ><div class='avia_textblock'  itemprop=\"text\" ><p>Los monitores Luview de 4-6 pulgadas para veh\u00edculos pueden combinarse con una c\u00e1mara para formar un sistema completo de vigilancia visual, que puede utilizarse para vigilar la marcha atr\u00e1s o para publicidad en autobuses, trenes subterr\u00e1neos, etc. Los monitores de 4-6 pulgadas en el mercado ahora tienen audio externo, tarjeta SD legible, USB y otras funciones. El monitor de 4-6 pulgadas es adecuado para camiones, autobuses, carretillas elevadoras, cosechadoras, camiones de bomberos, camiones mineros, camiones elevadores, veh\u00edculos de ingenier\u00eda, excavadoras, camiones de basura, camiones cisterna de combustible, remolques, autobuses escolares y otros veh\u00edculos. Luview es un fabricante profesional de monitores de copia de seguridad de China, si usted es un minorista o un mayorista, usted puede comprar las mejores c\u00e1maras de copia de seguridad de 4-6 pulgadas con buen precio de nosotros, recepci\u00f3n para entrarnos en contacto con por <a href=\"mailto:sales@luview.com\"><u>sales@luview.com<\/u><\/a>\u00a0.<\/p>\n<\/div><\/section><br \/>\n<div  class='avia-button-wrap avia-button-left  avia-builder-el-7  el_after_av_textblock  avia-builder-el-last' ><a href='https:\/\/luview.com\/es\/contact\/'  class='avia-button av-l2y9umzk-d16bac7bf4e11df2896cb79984c1e31c avia-icon_select-no avia-size-large avia-position-left avia-color-theme-color' ><span class='avia_iconbox_title' >Consulta<\/span><\/a><\/div><\/p><\/div>\n<div class='flex_column av-5hzen-23301fe4c356e81a47b358eb060165d1 av_one_full  avia-builder-el-8  el_after_av_one_full  el_before_av_one_full  first flex_column_div column-top-margin'   ><div  class='avia-product-slider-container av-l2y9wj0i-73d20c12f8899ac2eb23aba17dec6b38 template-shop avia-content-slider avia-content-grid-active shop_columns_3  avia-builder-el-9  avia-builder-el-no-sibling  myproducts avia-content-slider-odd  avia-builder-el-9  avia-builder-el-no-sibling  myproducts avia-product-slider1'  data-autoplay=''  data-interval='5'  data-animation='fade'  data-hoverpause='1' ><div class='avia-content-slider-inner'><ul class=\"products\"><li class=\"product type-product post-44966 status-publish first instock product_cat-4-6-inch-monitors has-post-thumbnail shipping-taxable product-type-simple\">\n\t<div class='inner_product main_color wrapped_style noLightbox  av-product-class-no_button'><a href=\"https:\/\/luview.com\/es\/product\/jy-m430w-4-3-inch-vehicle-split-screen-wireless-backup-monitor\/\" class=\"woocommerce-LoopProduct-link woocommerce-loop-product__link\"><div class='thumbnail_container'><img decoding=\"async\" width=\"600\" height=\"600\" data-src=\"https:\/\/luview.com\/wp-content\/uploads\/2024\/07\/M570W\u5185\u9875-1-600x600.jpg\" class=\"wp-image-36490 avia-img-lazy-loading-36490 attachment-woocommerce_thumbnail size-woocommerce_thumbnail wp-post-image lazyload\"  data-srcset=\"https:\/\/luview.com\/wp-content\/uploads\/2024\/07\/M570W\u5185\u9875-1-600x600.jpg 600w, https:\/\/luview.com\/wp-content\/uploads\/2024\/07\/M570W\u5185\u9875-1-100x100.jpg 100w, https:\/\/luview.com\/wp-content\/uploads\/2024\/07\/M570W\u5185\u9875-1-300x300.jpg 300w, https:\/\/luview.com\/wp-content\/uploads\/2024\/07\/M570W\u5185\u9875-1-80x80.jpg 80w, https:\/\/luview.com\/wp-content\/uploads\/2024\/07\/M570W\u5185\u9875-1-768x768.jpg 768w, https:\/\/luview.com\/wp-content\/uploads\/2024\/07\/M570W\u5185\u9875-1-36x36.jpg 36w, https:\/\/luview.com\/wp-content\/uploads\/2024\/07\/M570W\u5185\u9875-1-180x180.jpg 180w, https:\/\/luview.com\/wp-content\/uploads\/2024\/07\/M570W\u5185\u9875-1-430x430.jpg 430w, https:\/\/luview.com\/wp-content\/uploads\/2024\/07\/M570W\u5185\u9875-1-630x630.jpg 630w, https:\/\/luview.com\/wp-content\/uploads\/2024\/07\/M570W\u5185\u9875-1-705x705.jpg 705w, https:\/\/luview.com\/wp-content\/uploads\/2024\/07\/M570W\u5185\u9875-1-321x321.jpg 321w, https:\/\/luview.com\/wp-content\/uploads\/2024\/07\/M570W\u5185\u9875-1-120x120.jpg 120w, https:\/\/luview.com\/wp-content\/uploads\/2024\/07\/M570W\u5185\u9875-1-450x450.jpg 450w, https:\/\/luview.com\/wp-content\/uploads\/2024\/07\/M570W\u5185\u9875-1-500x500.jpg 500w, https:\/\/luview.com\/wp-content\/uploads\/2024\/07\/M570W\u5185\u9875-1.jpg 800w\" data-sizes=\"(max-width: 600px) 100vw, 600px\" title=\"JY-M430W: monitor inal\u00e1mbrico de marcha atr\u00e1s con pantalla dividida para veh\u00edculos de 4,3 pulgadas (miniatura)\" alt=\"JY-M430W: monitor inal\u00e1mbrico de marcha atr\u00e1s con pantalla dividida para veh\u00edculos de 4,3 pulgadas (miniatura)\" src=\"data:image\/svg+xml;base64,PHN2ZyB3aWR0aD0iMSIgaGVpZ2h0PSIxIiB4bWxucz0iaHR0cDovL3d3dy53My5vcmcvMjAwMC9zdmciPjwvc3ZnPg==\" style=\"--smush-placeholder-width: 600px; --smush-placeholder-aspect-ratio: 600\/600;\" \/><span class='cart-loading'><\/span><\/div><div class='inner_product_header'><div class='avia-arrow'><\/div><div class='inner_product_header_table'><div class='inner_product_header_cell'><h2 class=\"woocommerce-loop-product__title\">JY-M430W: monitor inal\u00e1mbrico de marcha atr\u00e1s con pantalla dividida para veh\u00edculos de 4,3 pulgadas<\/h2>\n<\/div><\/div><\/div><\/a><\/div><\/li>\n<li class=\"product type-product post-25902 status-publish instock product_cat-4-6-inch-monitors has-post-thumbnail shipping-taxable product-type-simple\">\n\t<div class='inner_product main_color wrapped_style noLightbox  av-product-class-no_button'><a href=\"https:\/\/luview.com\/es\/product\/jy-m570w-5-inch-wireless-split-screen-rear-view-monitor\/\" class=\"woocommerce-LoopProduct-link woocommerce-loop-product__link\"><div class='thumbnail_container'><img decoding=\"async\" width=\"600\" height=\"600\" data-src=\"https:\/\/luview.com\/wp-content\/uploads\/2024\/07\/M570W\u9996\u9875\u65b9\u5411-1-600x600.jpg\" class=\"wp-image-36488 avia-img-lazy-loading-36488 attachment-woocommerce_thumbnail size-woocommerce_thumbnail wp-post-image lazyload\"  data-srcset=\"https:\/\/luview.com\/wp-content\/uploads\/2024\/07\/M570W\u9996\u9875\u65b9\u5411-1-600x600.jpg 600w, https:\/\/luview.com\/wp-content\/uploads\/2024\/07\/M570W\u9996\u9875\u65b9\u5411-1-100x100.jpg 100w, https:\/\/luview.com\/wp-content\/uploads\/2024\/07\/M570W\u9996\u9875\u65b9\u5411-1-300x300.jpg 300w, https:\/\/luview.com\/wp-content\/uploads\/2024\/07\/M570W\u9996\u9875\u65b9\u5411-1-80x80.jpg 80w, https:\/\/luview.com\/wp-content\/uploads\/2024\/07\/M570W\u9996\u9875\u65b9\u5411-1-768x768.jpg 768w, https:\/\/luview.com\/wp-content\/uploads\/2024\/07\/M570W\u9996\u9875\u65b9\u5411-1-36x36.jpg 36w, https:\/\/luview.com\/wp-content\/uploads\/2024\/07\/M570W\u9996\u9875\u65b9\u5411-1-180x180.jpg 180w, https:\/\/luview.com\/wp-content\/uploads\/2024\/07\/M570W\u9996\u9875\u65b9\u5411-1-430x430.jpg 430w, https:\/\/luview.com\/wp-content\/uploads\/2024\/07\/M570W\u9996\u9875\u65b9\u5411-1-630x630.jpg 630w, https:\/\/luview.com\/wp-content\/uploads\/2024\/07\/M570W\u9996\u9875\u65b9\u5411-1-705x705.jpg 705w, https:\/\/luview.com\/wp-content\/uploads\/2024\/07\/M570W\u9996\u9875\u65b9\u5411-1-321x321.jpg 321w, https:\/\/luview.com\/wp-content\/uploads\/2024\/07\/M570W\u9996\u9875\u65b9\u5411-1-120x120.jpg 120w, https:\/\/luview.com\/wp-content\/uploads\/2024\/07\/M570W\u9996\u9875\u65b9\u5411-1-450x450.jpg 450w, https:\/\/luview.com\/wp-content\/uploads\/2024\/07\/M570W\u9996\u9875\u65b9\u5411-1-500x500.jpg 500w, https:\/\/luview.com\/wp-content\/uploads\/2024\/07\/M570W\u9996\u9875\u65b9\u5411-1.jpg 800w\" data-sizes=\"(max-width: 600px) 100vw, 600px\" title=\"JY-M570W Monitor de visi\u00f3n trasera inal\u00e1mbrico con pantalla dividida de 5 pulgadas\" alt=\"JY-M570W Monitor de visi\u00f3n trasera inal\u00e1mbrico con pantalla dividida de 5 pulgadas\" src=\"data:image\/svg+xml;base64,PHN2ZyB3aWR0aD0iMSIgaGVpZ2h0PSIxIiB4bWxucz0iaHR0cDovL3d3dy53My5vcmcvMjAwMC9zdmciPjwvc3ZnPg==\" style=\"--smush-placeholder-width: 600px; --smush-placeholder-aspect-ratio: 600\/600;\" \/><span class='cart-loading'><\/span><\/div><div class='inner_product_header'><div class='avia-arrow'><\/div><div class='inner_product_header_table'><div class='inner_product_header_cell'><h2 class=\"woocommerce-loop-product__title\">JY-M570W Monitor de visi\u00f3n trasera inal\u00e1mbrico con pantalla dividida de 5 pulgadas<\/h2>\n<\/div><\/div><\/div><\/a><\/div><\/li>\n<li class=\"product type-product post-1362 status-publish last instock product_cat-4-6-inch-monitors has-post-thumbnail shipping-taxable product-type-simple\">\n\t<div class='inner_product main_color wrapped_style noLightbox  av-product-class-no_button'><a href=\"https:\/\/luview.com\/es\/product\/jy-m500-5-inch-sunshade-2-channels-input-digital-tft-lcd-monitor\/\" class=\"woocommerce-LoopProduct-link woocommerce-loop-product__link\"><div class='thumbnail_container'><img decoding=\"async\" width=\"600\" height=\"600\" data-src=\"https:\/\/luview.com\/wp-content\/uploads\/2022\/06\/500-600x600.jpg\" class=\"wp-image-25778 avia-img-lazy-loading-25778 attachment-woocommerce_thumbnail size-woocommerce_thumbnail wp-post-image lazyload\"  data-srcset=\"https:\/\/luview.com\/wp-content\/uploads\/2022\/06\/500-600x600.jpg 600w, https:\/\/luview.com\/wp-content\/uploads\/2022\/06\/500-100x100.jpg 100w, https:\/\/luview.com\/wp-content\/uploads\/2022\/06\/500-300x300.jpg 300w, https:\/\/luview.com\/wp-content\/uploads\/2022\/06\/500-80x80.jpg 80w, https:\/\/luview.com\/wp-content\/uploads\/2022\/06\/500-768x768.jpg 768w, https:\/\/luview.com\/wp-content\/uploads\/2022\/06\/500-36x36.jpg 36w, https:\/\/luview.com\/wp-content\/uploads\/2022\/06\/500-180x180.jpg 180w, https:\/\/luview.com\/wp-content\/uploads\/2022\/06\/500-430x430.jpg 430w, https:\/\/luview.com\/wp-content\/uploads\/2022\/06\/500-630x630.jpg 630w, https:\/\/luview.com\/wp-content\/uploads\/2022\/06\/500-705x705.jpg 705w, https:\/\/luview.com\/wp-content\/uploads\/2022\/06\/500-321x321.jpg 321w, https:\/\/luview.com\/wp-content\/uploads\/2022\/06\/500-120x120.jpg 120w, https:\/\/luview.com\/wp-content\/uploads\/2022\/06\/500-450x450.jpg 450w, https:\/\/luview.com\/wp-content\/uploads\/2022\/06\/500.jpg 800w\" data-sizes=\"(max-width: 600px) 100vw, 600px\" title=\"JY-M500 Parasol de 5 pulgadas 2 canales de entrada digital TFT LCD monitor\u7f29\u7565\u56fe\" alt=\"JY-M500 Parasol de 5 pulgadas 2 canales de entrada digital TFT LCD monitor\u7f29\u7565\u56fe\" src=\"data:image\/svg+xml;base64,PHN2ZyB3aWR0aD0iMSIgaGVpZ2h0PSIxIiB4bWxucz0iaHR0cDovL3d3dy53My5vcmcvMjAwMC9zdmciPjwvc3ZnPg==\" style=\"--smush-placeholder-width: 600px; --smush-placeholder-aspect-ratio: 600\/600;\" \/><span class='cart-loading'><\/span><\/div><div class='inner_product_header'><div class='avia-arrow'><\/div><div class='inner_product_header_table'><div class='inner_product_header_cell'><h2 class=\"woocommerce-loop-product__title\">JY-M500 Parasol de 5 pulgadas Monitor LCD TFT digital de entrada de 2 canales<\/h2>\n<\/div><\/div><\/div><\/a><\/div><\/li>\n<li class=\"product type-product post-1203 status-publish first instock product_cat-4-6-inch-monitors product_cat-waterproof-monitors has-post-thumbnail shipping-taxable product-type-simple\">\n\t<div class='inner_product main_color wrapped_style noLightbox  av-product-class-no_button'><a href=\"https:\/\/luview.com\/es\/product\/jy-m550-2-ch-5-inch-ip69k-waterproof-flipped-image-tft-monitor\/\" class=\"woocommerce-LoopProduct-link woocommerce-loop-product__link\"><div class='thumbnail_container'><img decoding=\"async\" width=\"600\" height=\"600\" data-src=\"https:\/\/luview.com\/wp-content\/uploads\/2022\/06\/M550\u9996\u9875\u65b9\u5411-1-1-600x600.jpg\" class=\"wp-image-35862 avia-img-lazy-loading-35862 attachment-woocommerce_thumbnail size-woocommerce_thumbnail wp-post-image lazyload\"  data-srcset=\"https:\/\/luview.com\/wp-content\/uploads\/2022\/06\/M550\u9996\u9875\u65b9\u5411-1-1-600x600.jpg 600w, https:\/\/luview.com\/wp-content\/uploads\/2022\/06\/M550\u9996\u9875\u65b9\u5411-1-1-100x100.jpg 100w, https:\/\/luview.com\/wp-content\/uploads\/2022\/06\/M550\u9996\u9875\u65b9\u5411-1-1-300x300.jpg 300w, https:\/\/luview.com\/wp-content\/uploads\/2022\/06\/M550\u9996\u9875\u65b9\u5411-1-1-80x80.jpg 80w, https:\/\/luview.com\/wp-content\/uploads\/2022\/06\/M550\u9996\u9875\u65b9\u5411-1-1-768x768.jpg 768w, https:\/\/luview.com\/wp-content\/uploads\/2022\/06\/M550\u9996\u9875\u65b9\u5411-1-1-36x36.jpg 36w, https:\/\/luview.com\/wp-content\/uploads\/2022\/06\/M550\u9996\u9875\u65b9\u5411-1-1-180x180.jpg 180w, https:\/\/luview.com\/wp-content\/uploads\/2022\/06\/M550\u9996\u9875\u65b9\u5411-1-1-430x430.jpg 430w, https:\/\/luview.com\/wp-content\/uploads\/2022\/06\/M550\u9996\u9875\u65b9\u5411-1-1-630x630.jpg 630w, https:\/\/luview.com\/wp-content\/uploads\/2022\/06\/M550\u9996\u9875\u65b9\u5411-1-1-705x705.jpg 705w, https:\/\/luview.com\/wp-content\/uploads\/2022\/06\/M550\u9996\u9875\u65b9\u5411-1-1-321x321.jpg 321w, https:\/\/luview.com\/wp-content\/uploads\/2022\/06\/M550\u9996\u9875\u65b9\u5411-1-1-120x120.jpg 120w, https:\/\/luview.com\/wp-content\/uploads\/2022\/06\/M550\u9996\u9875\u65b9\u5411-1-1-450x450.jpg 450w, https:\/\/luview.com\/wp-content\/uploads\/2022\/06\/M550\u9996\u9875\u65b9\u5411-1-1-500x500.jpg 500w, https:\/\/luview.com\/wp-content\/uploads\/2022\/06\/M550\u9996\u9875\u65b9\u5411-1-1.jpg 800w\" data-sizes=\"(max-width: 600px) 100vw, 600px\" title=\"JY-M550 2 CH 5 pulgadas IP69K monitor TFT de imagen invertida resistente al agua\u7f29\u7565\u56fe\" alt=\"JY-M550 2 CH 5 pulgadas IP69K monitor TFT de imagen invertida resistente al agua\u7f29\u7565\u56fe\" src=\"data:image\/svg+xml;base64,PHN2ZyB3aWR0aD0iMSIgaGVpZ2h0PSIxIiB4bWxucz0iaHR0cDovL3d3dy53My5vcmcvMjAwMC9zdmciPjwvc3ZnPg==\" style=\"--smush-placeholder-width: 600px; --smush-placeholder-aspect-ratio: 600\/600;\" \/><span class='cart-loading'><\/span><\/div><div class='inner_product_header'><div class='avia-arrow'><\/div><div class='inner_product_header_table'><div class='inner_product_header_cell'><h2 class=\"woocommerce-loop-product__title\">JY-M550 Monitor TFT de 2 CH 5 pulgadas IP69K con imagen invertida resistente al agua<\/h2>\n<\/div><\/div><\/div><\/a><\/div><\/li>\n<\/ul><\/div><\/div><div class=\"clear\"><\/div><\/div><div class='flex_column av-4ubxv-213bc428d71aa730c5a18fbc0d9954c9 av_one_full  avia-builder-el-0  el_before_av_three_fourth  avia-builder-el-first  first flex_column_div'   ><section  class='av_textblock_section av-4bhe3-b5d2024edd0490f6b2ae124c64cf457e'  itemscope=\"itemscope\" itemtype=\"https:\/\/schema.org\/CreativeWork\" ><div class='avia_textblock'  itemprop=\"text\" ><h3>Ventajas del monitor LCD para veh\u00edculos Luview de 4-6 pulgadas<\/h3>\n<p><strong>Cumple con el sistema de control de visi\u00f3n trasera Luview<\/strong><br \/>\nEl sistema de monitor LCD de 4-6 pulgadas Luview combina una c\u00e1mara de alta definici\u00f3n y un monitor LCD digital. Estos dos componentes trabajan juntos para mejorar el campo de visi\u00f3n del conductor. Ampl\u00edan el campo de visi\u00f3n del conductor, lo que le permite captar la imagen perfecta de la marcha atr\u00e1s y detectar posibles obst\u00e1culos a tiempo. Gracias a su dise\u00f1o multicapa resistente al agua, el monitor Luview puede utilizarse en m\u00e1quinas de construcci\u00f3n, cosechadoras, excavadoras, etc.<\/p>\n<p><strong>High quality &amp; waterproof<\/strong><br \/>\nLuview ofrece monitores de alta definici\u00f3n para veh\u00edculos para numerosas aplicaciones. Nuestro monitor de reserva de 4-6 pulgadas tambi\u00e9n ofrece men\u00fas en varios idiomas, lo que los hace compatibles para su uso en muchos pa\u00edses. Estos monitores tambi\u00e9n cuentan con funciones antipolvo y antivibraci\u00f3n, y resistencia a altas y bajas temperaturas, lo que los hace aptos para su uso en las condiciones m\u00e1s duras.<\/p>\n<h3>Caracter\u00edsticas a tener en cuenta al elegir el mejor monitor de 4-6 pulgadas<\/h3>\n<p>Monitor de coche de 4-6 pulgadas con 2 entradas de v\u00eddeo, conmutaci\u00f3n autom\u00e1tica de prioridad de marcha atr\u00e1s, efecto claro y delicada calidad de imagen. \u00bfSigue preocupado por no encontrar el monitor adecuado para marcha atr\u00e1s? \u00bfCu\u00e1l es el mejor monitor de marcha atr\u00e1s para veh\u00edculos? Si tiene las siguientes funciones y caracter\u00edsticas, entonces su elecci\u00f3n debe ser correcta.<\/p>\n<ol>\n<li>2 canales de entrada de v\u00eddeo, un canal se puede utilizar para DVD, VCD, TV, GPS, etc, y el otro canal de v\u00eddeo se utiliza para invertir la vista trasera.<\/li>\n<li>Despu\u00e9s de conectar la c\u00e1mara, puede realizar la conmutaci\u00f3n autom\u00e1tica de la vista trasera y la funci\u00f3n de despertador autom\u00e1tico.<\/li>\n<li>Cambio autom\u00e1tico de marcha atr\u00e1s: al encender el veh\u00edculo, \u00e9ste cambiar\u00e1 autom\u00e1ticamente a la pantalla mostrada por la c\u00e1mara al dar marcha atr\u00e1s, y volver\u00e1 autom\u00e1ticamente a la pantalla reproducida anteriormente despu\u00e9s de dar marcha atr\u00e1s. En modo de reposo: Al dar marcha atr\u00e1s, se encender\u00e1 autom\u00e1ticamente para mostrar la escena detr\u00e1s del coche, y se apagar\u00e1 autom\u00e1ticamente despu\u00e9s de dar marcha atr\u00e1s.<\/li>\n<li>Lente \u00f3ptica especial, la pantalla se puede utilizar como el espejo retrovisor original despu\u00e9s de apagar la pantalla, y tiene funci\u00f3n antideslumbrante.<\/li>\n<li>La instalaci\u00f3n es simple, el desmontaje es conveniente, no hay necesidad de cambiar el coche original, y el estilo del coche original es consistente.<\/li>\n<li>Mando a distancia con todas las funciones, men\u00fa OSD en ingl\u00e9s.<\/li>\n<li>Aspecto atractivo, rendimiento estable, imagen n\u00edtida, color brillante, funcionamiento sencillo<\/li>\n<li>Se utilizan componentes originales importados de alta frecuencia y baja resistencia, que pueden prevenir eficazmente las interferencias de alta frecuencia del motor.<\/li>\n<li>Adopta un transformador de alto voltaje de alta calidad y un circuito de retroiluminaci\u00f3n de alto brillo y bajo consumo para mejorar la alta definici\u00f3n y la larga vida \u00fatil del producto.<\/li>\n<li>La carcasa est\u00e1 hecha de pl\u00e1stico ABS importado como materia prima, rociado con pintura original importada resistente al desgaste y al alcohol, de modo que la carcasa es resistente al desgaste y no es f\u00e1cil de envejecer.<\/li>\n<\/ol>\n<\/div><\/section><\/div><\/p>","protected":false},"excerpt":{"rendered":"","protected":false},"author":1,"featured_media":0,"parent":640,"menu_order":0,"comment_status":"closed","ping_status":"closed","template":"","meta":{"_monsterinsights_skip_tracking":false,"_monsterinsights_sitenote_active":false,"_monsterinsights_sitenote_note":"","_monsterinsights_sitenote_category":0,"footnotes":""},"class_list":["post-644","page","type-page","status-publish","hentry"],"_links":{"self":[{"href":"https:\/\/luview.com\/es\/wp-json\/wp\/v2\/pages\/644","targetHints":{"allow":["GET"]}}],"collection":[{"href":"https:\/\/luview.com\/es\/wp-json\/wp\/v2\/pages"}],"about":[{"href":"https:\/\/luview.com\/es\/wp-json\/wp\/v2\/types\/page"}],"author":[{"embeddable":true,"href":"https:\/\/luview.com\/es\/wp-json\/wp\/v2\/users\/1"}],"replies":[{"embeddable":true,"href":"https:\/\/luview.com\/es\/wp-json\/wp\/v2\/comments?post=644"}],"version-history":[{"count":2,"href":"https:\/\/luview.com\/es\/wp-json\/wp\/v2\/pages\/644\/revisions"}],"predecessor-version":[{"id":44510,"href":"https:\/\/luview.com\/es\/wp-json\/wp\/v2\/pages\/644\/revisions\/44510"}],"up":[{"embeddable":true,"href":"https:\/\/luview.com\/es\/wp-json\/wp\/v2\/pages\/640"}],"wp:attachment":[{"href":"https:\/\/luview.com\/es\/wp-json\/wp\/v2\/media?parent=644"}],"curies":[{"name":"wp","href":"https:\/\/api.w.org\/{rel}","templated":true}]}}