{"id":661,"date":"2022-05-23T11:23:46","date_gmt":"2022-05-23T11:23:46","guid":{"rendered":"https:\/\/luview.com\/?page_id=661"},"modified":"2026-03-10T02:51:04","modified_gmt":"2026-03-10T02:51:04","slug":"monitores-de-retrovisores","status":"publish","type":"page","link":"https:\/\/luview.com\/es\/products\/monitors\/rearview-mirror-monitors\/","title":{"rendered":"Monitores para espejos retrovisores"},"content":{"rendered":"<style type=\"text\/css\" data-created_by=\"avia_inline_auto\" id=\"style-css-av-l2y9d09l-9a59c050fd7cc562363a6e26bd127e73\">\n.avia-section.av-l2y9d09l-9a59c050fd7cc562363a6e26bd127e73{\nbackground-repeat:no-repeat;\nbackground-image:url(https:\/\/luview.com\/wp-content\/uploads\/2024\/08\/0.jpg);\nbackground-position:50% 50%;\nbackground-attachment:scroll;\n}\n.avia-section.av-l2y9d09l-9a59c050fd7cc562363a6e26bd127e73 .av-section-color-overlay{\nopacity:0.8;\nbackground-color:#222222;\n}\n<\/style>\n<div id='av_section_1'  class='avia-section av-l2y9d09l-9a59c050fd7cc562363a6e26bd127e73 main_color avia-section-default avia-no-border-styling  avia-builder-el-0  el_before_av_one_full  avia-builder-el-first  titlebarbox avia-full-stretch avia-bg-style-scroll av-section-color-overlay-active container_wrap sidebar_left'  data-section-bg-repeat='stretch'><div class=\"av-section-color-overlay-wrap\"><div class=\"av-section-color-overlay\"><\/div><div class='container av-section-cont-open' ><main  role=\"main\" itemprop=\"mainContentOfPage\"  class='template-page content  av-content-small units'><div class='post-entry post-entry-type-page post-entry-661'><div class='entry-content-wrapper clearfix'>\n\n<style type=\"text\/css\" data-created_by=\"avia_inline_auto\" id=\"style-css-av-ro2v-a87e36abb91cc5e18f3d0098b40720d3\">\n.flex_column.av-ro2v-a87e36abb91cc5e18f3d0098b40720d3{\npadding:10% 0 10% 0;\n}\n<\/style>\n<div class='flex_column av-ro2v-a87e36abb91cc5e18f3d0098b40720d3 av_one_full  avia-builder-el-1  avia-builder-el-no-sibling  first flex_column_div'   ><style type=\"text\/css\" data-created_by=\"avia_inline_auto\" id=\"style-css-av-l2y9au29-bf07c75c092d3a9f62676db415f615f7\">\n#top .av_textblock_section.av-l2y9au29-bf07c75c092d3a9f62676db415f615f7 .avia_textblock{\ncolor:#ffffff;\ntext-align:center;\n}\n<\/style>\n<section  class='av_textblock_section av-l2y9au29-bf07c75c092d3a9f62676db415f615f7'  itemscope=\"itemscope\" itemtype=\"https:\/\/schema.org\/CreativeWork\" ><div class='avia_textblock av_inherit_color'  itemprop=\"text\" ><h1>Monitores para espejos retrovisores<\/h1>\n<\/div><\/section><br \/>\n<\/p><\/div>\n<\/div><\/div><\/main><!-- close content main element --><\/div><\/div><\/div><div id='after_section_1'  class='main_color av_default_container_wrap container_wrap sidebar_left'  ><div class='container av-section-cont-open' ><div class='template-page content  av-content-small units'><div class='post-entry post-entry-type-page post-entry-661'><div class='entry-content-wrapper clearfix'>\n<div class='flex_column av-6hmib-0f7b6fcf00f9273a80dfc45f533798fb av_one_full  avia-builder-el-4  el_after_av_section  el_before_av_one_full  avia-builder-el-first  first flex_column_div'   ><section  class='av_textblock_section av-l2y9squj-e76031f6dac70c55a963b220d7b8ed83'  itemscope=\"itemscope\" itemtype=\"https:\/\/schema.org\/CreativeWork\" ><div class='avia_textblock'  itemprop=\"text\" ><h3 style=\"font-weight: bold;\">Todos los monitores de retrovisores<\/h3>\n<\/div><\/section><br \/>\n<section  class='av_textblock_section av-l2y9tm1e-80c30be322df05d44e75397a617f5c97'  itemscope=\"itemscope\" itemtype=\"https:\/\/schema.org\/CreativeWork\" ><div class='avia_textblock'  itemprop=\"text\" ><p>El monitor de espejo retrovisor de Luview no s\u00f3lo proporciona a los conductores una imagen trasera m\u00e1s clara y amplia, sino que tambi\u00e9n integra una gran cantidad de funciones ADAS para hacer la conducci\u00f3n m\u00e1s segura; el dise\u00f1o refinado est\u00e1 lleno de tecnolog\u00eda, que puede reducir el coeficiente de resistencia y el consumo de energ\u00eda. Luview desarrolla, fabrica y suministra soluciones de monitorizaci\u00f3n de espejos retrovisores para mayoristas y minoristas de todo el mundo, se pueden personalizar varios tipos de monitores, bienvenido a preguntar por\u00a0<a href=\"http:\/\/mailto:sales@luview.com\/\">sales@luview.com<\/a>\u00a0.<\/p>\n<\/div><\/section><br \/>\n<div  class='avia-button-wrap avia-button-left  avia-builder-el-7  el_after_av_textblock  avia-builder-el-last' ><a href='https:\/\/luview.com\/es\/contact\/'  class='avia-button av-l2y9umzk-d16bac7bf4e11df2896cb79984c1e31c avia-icon_select-no avia-size-large avia-position-left avia-color-theme-color' ><span class='avia_iconbox_title' >Consulta<\/span><\/a><\/div><\/p><\/div>\n<div class='flex_column av-5hzen-23301fe4c356e81a47b358eb060165d1 av_one_full  avia-builder-el-8  el_after_av_one_full  el_before_av_one_full  first flex_column_div column-top-margin'   ><div  class='avia-product-slider-container av-l2y9wj0i-b8ed698bca1bc6b07e3ebd4481a6c00c template-shop avia-content-slider avia-content-grid-active shop_columns_3  avia-builder-el-9  avia-builder-el-no-sibling  myproducts avia-content-slider-odd  avia-builder-el-9  avia-builder-el-no-sibling  myproducts avia-product-slider1'  data-autoplay=''  data-interval='5'  data-animation='fade'  data-hoverpause='1' ><div class='avia-content-slider-inner'><ul class=\"products\"><li class=\"product type-product post-1192 status-publish first instock product_cat-7-inch-monitors product_cat-rearview-mirror-monitors has-post-thumbnail shipping-taxable product-type-simple\">\n\t<div class='inner_product main_color wrapped_style noLightbox  av-product-class-no_button'><a href=\"https:\/\/luview.com\/es\/product\/jy-mr07-7-inch-hd-lcd-rearview-mirror-monitor-with-speaker\/\" class=\"woocommerce-LoopProduct-link woocommerce-loop-product__link\"><div class='thumbnail_container'><img decoding=\"async\" width=\"600\" height=\"600\" data-src=\"https:\/\/luview.com\/wp-content\/uploads\/2022\/06\/MR07\u9996\u9875\u65b9\u5411-1-600x600.jpg\" class=\"wp-image-36567 avia-img-lazy-loading-36567 attachment-woocommerce_thumbnail size-woocommerce_thumbnail wp-post-image lazyload\"  data-srcset=\"https:\/\/luview.com\/wp-content\/uploads\/2022\/06\/MR07\u9996\u9875\u65b9\u5411-1-600x600.jpg 600w, https:\/\/luview.com\/wp-content\/uploads\/2022\/06\/MR07\u9996\u9875\u65b9\u5411-1-100x100.jpg 100w, https:\/\/luview.com\/wp-content\/uploads\/2022\/06\/MR07\u9996\u9875\u65b9\u5411-1-300x300.jpg 300w, https:\/\/luview.com\/wp-content\/uploads\/2022\/06\/MR07\u9996\u9875\u65b9\u5411-1-80x80.jpg 80w, https:\/\/luview.com\/wp-content\/uploads\/2022\/06\/MR07\u9996\u9875\u65b9\u5411-1-768x768.jpg 768w, https:\/\/luview.com\/wp-content\/uploads\/2022\/06\/MR07\u9996\u9875\u65b9\u5411-1-36x36.jpg 36w, https:\/\/luview.com\/wp-content\/uploads\/2022\/06\/MR07\u9996\u9875\u65b9\u5411-1-180x180.jpg 180w, https:\/\/luview.com\/wp-content\/uploads\/2022\/06\/MR07\u9996\u9875\u65b9\u5411-1-430x430.jpg 430w, https:\/\/luview.com\/wp-content\/uploads\/2022\/06\/MR07\u9996\u9875\u65b9\u5411-1-630x630.jpg 630w, https:\/\/luview.com\/wp-content\/uploads\/2022\/06\/MR07\u9996\u9875\u65b9\u5411-1-705x705.jpg 705w, https:\/\/luview.com\/wp-content\/uploads\/2022\/06\/MR07\u9996\u9875\u65b9\u5411-1-321x321.jpg 321w, https:\/\/luview.com\/wp-content\/uploads\/2022\/06\/MR07\u9996\u9875\u65b9\u5411-1-120x120.jpg 120w, https:\/\/luview.com\/wp-content\/uploads\/2022\/06\/MR07\u9996\u9875\u65b9\u5411-1-450x450.jpg 450w, https:\/\/luview.com\/wp-content\/uploads\/2022\/06\/MR07\u9996\u9875\u65b9\u5411-1-500x500.jpg 500w, https:\/\/luview.com\/wp-content\/uploads\/2022\/06\/MR07\u9996\u9875\u65b9\u5411-1.jpg 800w\" data-sizes=\"(max-width: 600px) 100vw, 600px\" title=\"JY-MR07 Monitor de espejo retrovisor HD lcd de 7 pulgadas con altavoz\u7f29\u7565\u56fe\" alt=\"JY-MR07 Monitor de espejo retrovisor HD lcd de 7 pulgadas con altavoz\u7f29\u7565\u56fe\" src=\"data:image\/svg+xml;base64,PHN2ZyB3aWR0aD0iMSIgaGVpZ2h0PSIxIiB4bWxucz0iaHR0cDovL3d3dy53My5vcmcvMjAwMC9zdmciPjwvc3ZnPg==\" style=\"--smush-placeholder-width: 600px; --smush-placeholder-aspect-ratio: 600\/600;\" \/><span class='cart-loading'><\/span><\/div><div class='inner_product_header'><div class='avia-arrow'><\/div><div class='inner_product_header_table'><div class='inner_product_header_cell'><h2 class=\"woocommerce-loop-product__title\">JY-MR07 Monitor de espejo retrovisor HD lcd de 7 pulgadas con altavoz<\/h2>\n<\/div><\/div><\/div><\/a><\/div><\/li>\n<\/ul><\/div><\/div><div class=\"clear\"><\/div><\/div><div class='flex_column av-4ubxv-213bc428d71aa730c5a18fbc0d9954c9 av_one_full  avia-builder-el-0  el_before_av_three_fourth  avia-builder-el-first  first flex_column_div'   ><section  class='av_textblock_section av-4bhe3-b5d2024edd0490f6b2ae124c64cf457e'  itemscope=\"itemscope\" itemtype=\"https:\/\/schema.org\/CreativeWork\" ><div class='avia_textblock'  itemprop=\"text\" ><h3>\u00bfQu\u00e9 es un monitor de retrovisor?<\/h3>\n<p>Los sistemas de monitorizaci\u00f3n del espejo retrovisor sustituyen al espejo retrovisor tradicional por funciones digitales. Son un complemento excelente para los coches que no llevan c\u00e1maras de marcha atr\u00e1s integradas. Estas c\u00e1maras no s\u00f3lo ayudan a los conductores a evitar atascos y a dar marcha atr\u00e1s con m\u00e1s seguridad, sino que tambi\u00e9n pueden ayudar a prevenir accidentes al permitirles ver lo que hay detr\u00e1s de sus veh\u00edculos. El monitor tambi\u00e9n es \u00fatil para los conductores que se encuentran en puntos ciegos, ya que puede ayudarles a ver peligros y otros veh\u00edculos en el espejo retrovisor.<\/p>\n<h3>\u00bfC\u00f3mo funciona el monitor del retrovisor?<\/h3>\n<p>Si ha adquirido recientemente un nuevo sistema de monitorizaci\u00f3n digital de retrovisores para su veh\u00edculo, probablemente se pregunte c\u00f3mo funciona.<\/p>\n<p>A diferencia de un retrovisor tradicional, un retrovisor digital mostrar\u00e1 una imagen de v\u00eddeo procedente de una c\u00e1mara montada en el lateral del veh\u00edculo. Esto puede ayudarle a evitar los \u00e1ngulos muertos mientras conduce e incluso puede facilitarle el aparcamiento. El monitor es compatible con la mayor\u00eda de modelos de veh\u00edculos. Algunos modelos de retrovisores permiten cambiar el modo de visualizaci\u00f3n de v\u00eddeo. Algunos monitores retrovisores tienen incluso un modo de conducci\u00f3n adaptativa. Este modo te ayuda a seleccionar el modo que mejor se adapta a tu tarea de conducci\u00f3n.<\/p>\n<h3>Ventajas del monitor del retrovisor<\/h3>\n<p>Los monitores de retrovisores ofrecen muchas ventajas a los conductores.<\/p>\n<ol>\n<li><b><\/b><strong><b>Mejorar la velocidad de reacci\u00f3n<\/b><\/strong><\/li>\n<\/ol>\n<p>Los monitores de los retrovisores podr\u00edan<strong><b>\u00a0<\/b><\/strong>reducen la cantidad de tiempo que los conductores pasan mirando lo que hay detr\u00e1s de ellos. El \u00e1ngulo de visi\u00f3n gran angular de la c\u00e1mara proporciona a los conductores una excelente visibilidad.<\/p>\n<ol start=\"2\">\n<li><b><\/b><strong><b>apto para conducci\u00f3n nocturna<\/b><\/strong><\/li>\n<\/ol>\n<p>La pantalla digital del retrovisor es cristalina y elimina los reflejos causados por los faros traseros. Esta caracter\u00edstica es ideal para la conducci\u00f3n nocturna, ya que elimina la necesidad de utilizar el espejo para comprobar el \u00e1rea circundante.<\/p>\n<ol start=\"3\">\n<li><b><\/b><strong><b>Una visi\u00f3n de mayor definici\u00f3n<\/b><\/strong><\/li>\n<\/ol>\n<p>Los retrovisores son un inconveniente si el conductor tiene mala vista. Los retrovisores reflejan la luz de los objetos existentes y deben viajar hasta los ojos del conductor. Como consecuencia, muchos conductores tienen mala vista, incluidos los que padecen hipermetrop\u00eda relacionada con la edad. Por suerte, este problema se soluciona con un monitor de retrovisor. Este dispositivo transmite las im\u00e1genes a una pantalla, haci\u00e9ndolas mucho m\u00e1s cercanas y visibles.<\/p>\n<ol start=\"4\">\n<li><b><\/b><strong><b>Aplicable con mal tiempo<\/b><\/strong><\/li>\n<\/ol>\n<p>En cuarto lugar, un monitor de retrovisor ofrece m\u00e1s protecci\u00f3n a los conductores cuando hace mal tiempo. A diferencia de los retrovisores, que son vulnerables a los da\u00f1os, una versi\u00f3n digital puede utilizarse con cualquier tiempo. Como la c\u00e1mara est\u00e1 montada fuera del veh\u00edculo, puede ver a trav\u00e9s de la niebla o la lluvia. Un monitor digital de retrovisor utiliza un tipo de pantalla diferente que puede filtrar la lluvia y la nieve para proyectar im\u00e1genes claras del tr\u00e1fico que se aproxima. Es una gran opci\u00f3n para la seguridad del conductor y el ahorro de costes.<\/p>\n<h3>C\u00f3mo instalar el monitor del espejo retrovisor<\/h3>\n<p>Al comprar un monitor de retrovisor, aseg\u00farese de elegir un modelo f\u00e1cil de instalar y utilizar. Algunos modelos tienen un proceso de instalaci\u00f3n complicado, lo que los hace menos adecuados para principiantes. Si no tienes mucho tiempo que dedicar a la instalaci\u00f3n, opta por una unidad sencilla que se instale como un espejo retrovisor. Es aconsejable comprobar la resoluci\u00f3n y la orientaci\u00f3n de la pantalla antes de comprar una unidad nueva.<\/p>\n<p>Aseg\u00farese de que el fabricante ofrece instrucciones completas para la instalaci\u00f3n. Algunos sistemas requieren programaci\u00f3n y configuraci\u00f3n adicional. Es posible que tenga que trabajar con el sistema el\u00e9ctrico de su veh\u00edculo para instalar estas funciones. Recuerde que la instalaci\u00f3n de un sistema de monitorizaci\u00f3n del espejo retrovisor es un proyecto de bricolaje y requerir\u00e1 algunos conocimientos t\u00e9cnicos. Pero una vez que haya instalado el monitor, estar\u00e1 bien encaminado hacia una experiencia de conducci\u00f3n m\u00e1s segura y c\u00f3moda.<\/p>\n<p>En algunos casos, el sistema puede requerir accesorios adicionales como sensores de marcha atr\u00e1s o c\u00e1maras de marcha atr\u00e1s. Independientemente del tipo de monitor que elijas, debes seguir todas las instrucciones atenta y minuciosamente.<\/p>\n<h3>Caracter\u00edsticas que debe tener en cuenta al elegir el mejor monitor de retrovisor<\/h3>\n<p>Al comprar un monitor de retrovisor, hay que tener en cuenta una serie de caracter\u00edsticas. Algunas de las mejores unidades tienen una pantalla t\u00e1ctil a la que se puede acceder a trav\u00e9s de los botones del retrovisor. Las pantallas t\u00e1ctiles de estas unidades te ofrecen una visi\u00f3n mucho mejor de la carretera y pueden ayudarte a ajustar el brillo de la pantalla para mejorar tu visi\u00f3n en condiciones de poca luz.<\/p>\n<p>Algunos tambi\u00e9n son compatibles con varias c\u00e1maras, lo que le ofrece a\u00fan m\u00e1s opciones. Tambi\u00e9n cuentan con vistas de imagen en imagen o de pantalla completa, lo que las hace perfectas para los conductores en carretera.<\/p>\n<h3>\u00bfCu\u00e1nto cuesta un monitor de retrovisor?<\/h3>\n<p>Los monitores de retrovisores est\u00e1n sustituyendo a los retrovisores tradicionales con funciones digitales. Incluso pueden a\u00f1adirse a coches sin sistema de c\u00e1mara retrovisora. Estas c\u00e1maras de marcha atr\u00e1s son m\u00e1s que un simple sustituto de los retrovisores. Ayudan a los conductores a ver lo que hay a su alrededor para evitar retrasos y accidentes. Tambi\u00e9n ayudan a los conductores a estar alerta en los puntos ciegos. \u00bfCu\u00e1nto cuesta un monitor de retrovisor? Siga leyendo para averiguarlo.<\/p>\n<p>El precio de un sistema de monitorizaci\u00f3n de retrovisores depende del n\u00famero de funciones que incluya. Algunos modelos vienen con sensores de retroceso o c\u00e1maras de retroceso. Otros s\u00f3lo tienen el retrovisor. La instalaci\u00f3n puede ser complicada, pero merece la pena. Antes de comprar un sistema de vigilancia de retrovisores, aseg\u00farese de leer las instrucciones. Algunos sistemas requieren programaci\u00f3n o configuraci\u00f3n adicional para funcionar correctamente. Es importante consultar con el concesionario antes de gastar dinero en esta actualizaci\u00f3n.<\/p>\n<p>La mayor\u00eda de los monitores de retrovisor utilizan una c\u00e1mara de v\u00eddeo. Dependiendo de cu\u00e1les sean sus necesidades, hay varios tipos de modelos disponibles. La mayor\u00eda de los modelos vienen con una c\u00e1mara incorporada, mientras que otros se montan directamente en el retrovisor. La c\u00e1mara debe ser capaz de capturar v\u00eddeo desde todos los \u00e1ngulos. Dependiendo de tus necesidades, es posible que quieras tener en cuenta la longitud del cable para asegurarte de que no te quede corto.<\/p>\n<p>Las pantallas de los retrovisores pueden ser desde modelos muy baratos hasta otros muy caros. Por menos de $100, puedes conseguir una buena pantalla LCD con controles t\u00e1ctiles. Es probable que se adapte a tu retrovisor actual y algunas incluyen una c\u00e1mara de salpicadero. Otras pantallas tienen m\u00e1s funciones y te costar\u00e1n alrededor de $200 o m\u00e1s. Muchas de estas unidades tambi\u00e9n ofrecen asistencia de carril, un sistema de asistencia de l\u00ednea de aparcamiento y mucho m\u00e1s. La calidad del v\u00eddeo que muestren depender\u00e1 de tus necesidades, pero te har\u00e1n sentir m\u00e1s seguro y confiado al volante.<\/p>\n<\/div><\/section><\/div><\/p>","protected":false},"excerpt":{"rendered":"","protected":false},"author":1,"featured_media":0,"parent":640,"menu_order":0,"comment_status":"closed","ping_status":"closed","template":"","meta":{"_monsterinsights_skip_tracking":false,"_monsterinsights_sitenote_active":false,"_monsterinsights_sitenote_note":"","_monsterinsights_sitenote_category":0,"footnotes":""},"class_list":["post-661","page","type-page","status-publish","hentry"],"_links":{"self":[{"href":"https:\/\/luview.com\/es\/wp-json\/wp\/v2\/pages\/661","targetHints":{"allow":["GET"]}}],"collection":[{"href":"https:\/\/luview.com\/es\/wp-json\/wp\/v2\/pages"}],"about":[{"href":"https:\/\/luview.com\/es\/wp-json\/wp\/v2\/types\/page"}],"author":[{"embeddable":true,"href":"https:\/\/luview.com\/es\/wp-json\/wp\/v2\/users\/1"}],"replies":[{"embeddable":true,"href":"https:\/\/luview.com\/es\/wp-json\/wp\/v2\/comments?post=661"}],"version-history":[{"count":3,"href":"https:\/\/luview.com\/es\/wp-json\/wp\/v2\/pages\/661\/revisions"}],"predecessor-version":[{"id":44516,"href":"https:\/\/luview.com\/es\/wp-json\/wp\/v2\/pages\/661\/revisions\/44516"}],"up":[{"embeddable":true,"href":"https:\/\/luview.com\/es\/wp-json\/wp\/v2\/pages\/640"}],"wp:attachment":[{"href":"https:\/\/luview.com\/es\/wp-json\/wp\/v2\/media?parent=661"}],"curies":[{"name":"wp","href":"https:\/\/api.w.org\/{rel}","templated":true}]}}