{"id":679,"date":"2022-05-24T04:57:45","date_gmt":"2022-05-24T04:57:45","guid":{"rendered":"https:\/\/luview.com\/?page_id=679"},"modified":"2026-03-10T02:58:15","modified_gmt":"2026-03-10T02:58:15","slug":"sistema-de-camara-envolvente-360","status":"publish","type":"page","link":"https:\/\/luview.com\/es\/products\/rear-view-system\/360-surround-camera-system\/","title":{"rendered":"Sistema de c\u00e1mara envolvente 360"},"content":{"rendered":"<style type=\"text\/css\" data-created_by=\"avia_inline_auto\" id=\"style-css-av-l2y9d09l-dba2ddc1697532ae540078bc5bf8a8e6\">\n.avia-section.av-l2y9d09l-dba2ddc1697532ae540078bc5bf8a8e6{\nbackground-repeat:no-repeat;\nbackground-image:url(https:\/\/luview.com\/wp-content\/uploads\/2024\/11\/\u540e\u89c6.jpg);\nbackground-position:50% 50%;\nbackground-attachment:scroll;\n}\n.avia-section.av-l2y9d09l-dba2ddc1697532ae540078bc5bf8a8e6 .av-section-color-overlay{\nopacity:0.8;\nbackground-color:#222222;\n}\n<\/style>\n<div id='av_section_1'  class='avia-section av-l2y9d09l-dba2ddc1697532ae540078bc5bf8a8e6 main_color avia-section-default avia-no-border-styling  avia-builder-el-0  el_before_av_one_full  avia-builder-el-first  titlebarbox avia-full-stretch avia-bg-style-scroll av-section-color-overlay-active container_wrap sidebar_left'  data-section-bg-repeat='stretch'><div class=\"av-section-color-overlay-wrap\"><div class=\"av-section-color-overlay\"><\/div><div class='container av-section-cont-open' ><main  role=\"main\" itemprop=\"mainContentOfPage\"  class='template-page content  av-content-small units'><div class='post-entry post-entry-type-page post-entry-679'><div class='entry-content-wrapper clearfix'>\n\n<style type=\"text\/css\" data-created_by=\"avia_inline_auto\" id=\"style-css-av-ro2v-a87e36abb91cc5e18f3d0098b40720d3\">\n.flex_column.av-ro2v-a87e36abb91cc5e18f3d0098b40720d3{\npadding:10% 0 10% 0;\n}\n<\/style>\n<div class='flex_column av-ro2v-a87e36abb91cc5e18f3d0098b40720d3 av_one_full  avia-builder-el-1  avia-builder-el-no-sibling  first flex_column_div'   ><style type=\"text\/css\" data-created_by=\"avia_inline_auto\" id=\"style-css-av-l2y9au29-bf07c75c092d3a9f62676db415f615f7\">\n#top .av_textblock_section.av-l2y9au29-bf07c75c092d3a9f62676db415f615f7 .avia_textblock{\ncolor:#ffffff;\ntext-align:center;\n}\n<\/style>\n<section  class='av_textblock_section av-l2y9au29-bf07c75c092d3a9f62676db415f615f7'  itemscope=\"itemscope\" itemtype=\"https:\/\/schema.org\/CreativeWork\" ><div class='avia_textblock av_inherit_color'  itemprop=\"text\" ><h1>Sistema de c\u00e1mara envolvente 360<\/h1>\n<\/div><\/section><br \/>\n<\/p><\/div>\n<\/div><\/div><\/main><!-- close content main element --><\/div><\/div><\/div><div id='after_section_1'  class='main_color av_default_container_wrap container_wrap sidebar_left'  ><div class='container av-section-cont-open' ><div class='template-page content  av-content-small units'><div class='post-entry post-entry-type-page post-entry-679'><div class='entry-content-wrapper clearfix'>\n<div class='flex_column av-6hmib-0f7b6fcf00f9273a80dfc45f533798fb av_one_full  avia-builder-el-4  el_after_av_section  el_before_av_one_full  avia-builder-el-first  first flex_column_div'   ><section  class='av_textblock_section av-l2y9squj-e76031f6dac70c55a963b220d7b8ed83'  itemscope=\"itemscope\" itemtype=\"https:\/\/schema.org\/CreativeWork\" ><div class='avia_textblock'  itemprop=\"text\" ><h3 style=\"font-weight: bold;\">Sistema de c\u00e1mara envolvente 360<\/h3>\n<\/div><\/section><br \/>\n<section  class='av_textblock_section av-l2y9tm1e-80c30be322df05d44e75397a617f5c97'  itemscope=\"itemscope\" itemtype=\"https:\/\/schema.org\/CreativeWork\" ><div class='avia_textblock'  itemprop=\"text\" ><p>El sistema de c\u00e1mara de visi\u00f3n envolvente de 360\u00b0 de Luview puede mostrar al conductor una imagen de 360\u00b0 de las condiciones de la carretera alrededor del veh\u00edculo a trav\u00e9s de 4 c\u00e1maras fuera del coche, y ayudar al conductor a evitar accidentes causados por puntos ciegos en tramos de carretera estrechos y en escenarios de aparcamiento marcha atr\u00e1s. Luview es un fabricante profesional de sistemas de c\u00e1maras de visi\u00f3n envolvente de 360 grados y proveedor de soluciones de China, bienvenido a contactarnos por <a href=\"mailto:sales@luview.com\"><u>sales@luview.com<\/u><\/a>\u00a0si tiene alguna pregunta.<\/p>\n<\/div><\/section><br \/>\n<div  class='avia-button-wrap avia-button-left  avia-builder-el-7  el_after_av_textblock  avia-builder-el-last' ><a href='https:\/\/luview.com\/es\/contact\/'  class='avia-button av-l2y9umzk-d16bac7bf4e11df2896cb79984c1e31c avia-icon_select-no avia-size-large avia-position-left avia-color-theme-color' ><span class='avia_iconbox_title' >Consulta<\/span><\/a><\/div><\/p><\/div>\n<div class='flex_column av-5hzen-23301fe4c356e81a47b358eb060165d1 av_one_full  avia-builder-el-8  el_after_av_one_full  el_before_av_one_full  first flex_column_div column-top-margin'   ><div  class='avia-product-slider-container av-l2y9wj0i-13495f0fae3907e4dfba74992f90dcda template-shop avia-content-slider avia-content-grid-active shop_columns_3  avia-builder-el-9  avia-builder-el-no-sibling  myproducts avia-content-slider-odd  avia-builder-el-9  avia-builder-el-no-sibling  myproducts avia-product-slider1'  data-autoplay=''  data-interval='5'  data-animation='fade'  data-hoverpause='1' ><div class='avia-content-slider-inner'><ul class=\"products\"><li class=\"product type-product post-25961 status-publish first instock product_cat-360-surround-view-system product_cat-hot-product has-post-thumbnail shipping-taxable product-type-simple\">\n\t<div class='inner_product main_color wrapped_style noLightbox  av-product-class-no_button'><a href=\"https:\/\/luview.com\/es\/product\/jy-fv04-360-degree-panoramic-radar-surveillance-system-with-intelligent-ai-alert\/\" class=\"woocommerce-LoopProduct-link woocommerce-loop-product__link\"><div class='thumbnail_container'><img decoding=\"async\" width=\"600\" height=\"600\" data-src=\"https:\/\/luview.com\/wp-content\/uploads\/2024\/07\/8-1-600x600.jpg\" class=\"wp-image-25963 avia-img-lazy-loading-25963 attachment-woocommerce_thumbnail size-woocommerce_thumbnail wp-post-image lazyload\"  data-srcset=\"https:\/\/luview.com\/wp-content\/uploads\/2024\/07\/8-1-600x600.jpg 600w, https:\/\/luview.com\/wp-content\/uploads\/2024\/07\/8-1-100x100.jpg 100w, https:\/\/luview.com\/wp-content\/uploads\/2024\/07\/8-1-300x300.jpg 300w, https:\/\/luview.com\/wp-content\/uploads\/2024\/07\/8-1-80x80.jpg 80w, https:\/\/luview.com\/wp-content\/uploads\/2024\/07\/8-1-768x768.jpg 768w, https:\/\/luview.com\/wp-content\/uploads\/2024\/07\/8-1-36x36.jpg 36w, https:\/\/luview.com\/wp-content\/uploads\/2024\/07\/8-1-180x180.jpg 180w, https:\/\/luview.com\/wp-content\/uploads\/2024\/07\/8-1-430x430.jpg 430w, https:\/\/luview.com\/wp-content\/uploads\/2024\/07\/8-1-630x630.jpg 630w, https:\/\/luview.com\/wp-content\/uploads\/2024\/07\/8-1-705x705.jpg 705w, https:\/\/luview.com\/wp-content\/uploads\/2024\/07\/8-1-321x321.jpg 321w, https:\/\/luview.com\/wp-content\/uploads\/2024\/07\/8-1-120x120.jpg 120w, https:\/\/luview.com\/wp-content\/uploads\/2024\/07\/8-1-450x450.jpg 450w, https:\/\/luview.com\/wp-content\/uploads\/2024\/07\/8-1.jpg 800w\" data-sizes=\"(max-width: 600px) 100vw, 600px\" title=\"JY-FV04 Sistema de vigilancia por radar panor\u00e1mico de 360 grados con alerta inteligente AI\u7f29\u7565\u56fe\" alt=\"JY-FV04 Sistema de vigilancia por radar panor\u00e1mico de 360 grados con alerta inteligente AI\u7f29\u7565\u56fe\" src=\"data:image\/svg+xml;base64,PHN2ZyB3aWR0aD0iMSIgaGVpZ2h0PSIxIiB4bWxucz0iaHR0cDovL3d3dy53My5vcmcvMjAwMC9zdmciPjwvc3ZnPg==\" style=\"--smush-placeholder-width: 600px; --smush-placeholder-aspect-ratio: 600\/600;\" \/><span class='cart-loading'><\/span><\/div><div class='inner_product_header'><div class='avia-arrow'><\/div><div class='inner_product_header_table'><div class='inner_product_header_cell'><h2 class=\"woocommerce-loop-product__title\">JY-FV04 Sistema de vigilancia por radar panor\u00e1mico de 360 grados con alerta inteligente AI<\/h2>\n<\/div><\/div><\/div><\/a><\/div><\/li>\n<li class=\"product type-product post-1278 status-publish instock product_cat-360-surround-view-system has-post-thumbnail shipping-taxable product-type-simple\">\n\t<div class='inner_product main_color wrapped_style noLightbox  av-product-class-no_button'><a href=\"https:\/\/luview.com\/es\/product\/jy-bv360-360-degree-panoramic-image-surround-view-backup-camera-system\/\" class=\"woocommerce-LoopProduct-link woocommerce-loop-product__link\"><div class='thumbnail_container'><img decoding=\"async\" width=\"600\" height=\"600\" data-src=\"https:\/\/luview.com\/wp-content\/uploads\/2022\/06\/8-600x600.jpg\" class=\"wp-image-25975 avia-img-lazy-loading-25975 attachment-woocommerce_thumbnail size-woocommerce_thumbnail wp-post-image lazyload\"  data-srcset=\"https:\/\/luview.com\/wp-content\/uploads\/2022\/06\/8-600x600.jpg 600w, https:\/\/luview.com\/wp-content\/uploads\/2022\/06\/8-100x100.jpg 100w, https:\/\/luview.com\/wp-content\/uploads\/2022\/06\/8-300x300.jpg 300w, https:\/\/luview.com\/wp-content\/uploads\/2022\/06\/8-80x80.jpg 80w, https:\/\/luview.com\/wp-content\/uploads\/2022\/06\/8-768x768.jpg 768w, https:\/\/luview.com\/wp-content\/uploads\/2022\/06\/8-36x36.jpg 36w, https:\/\/luview.com\/wp-content\/uploads\/2022\/06\/8-180x180.jpg 180w, https:\/\/luview.com\/wp-content\/uploads\/2022\/06\/8-430x430.jpg 430w, https:\/\/luview.com\/wp-content\/uploads\/2022\/06\/8-630x630.jpg 630w, https:\/\/luview.com\/wp-content\/uploads\/2022\/06\/8-705x705.jpg 705w, https:\/\/luview.com\/wp-content\/uploads\/2022\/06\/8-321x321.jpg 321w, https:\/\/luview.com\/wp-content\/uploads\/2022\/06\/8-120x120.jpg 120w, https:\/\/luview.com\/wp-content\/uploads\/2022\/06\/8-450x450.jpg 450w, https:\/\/luview.com\/wp-content\/uploads\/2022\/06\/8.jpg 800w\" data-sizes=\"(max-width: 600px) 100vw, 600px\" title=\"JY-BV360 Sistema de c\u00e1mara de marcha atr\u00e1s con visi\u00f3n envolvente y panor\u00e1mica de 360 grados\u7f29\u7565\u56fe\" alt=\"JY-BV360 Sistema de c\u00e1mara de marcha atr\u00e1s con visi\u00f3n envolvente y panor\u00e1mica de 360 grados\u7f29\u7565\u56fe\" src=\"data:image\/svg+xml;base64,PHN2ZyB3aWR0aD0iMSIgaGVpZ2h0PSIxIiB4bWxucz0iaHR0cDovL3d3dy53My5vcmcvMjAwMC9zdmciPjwvc3ZnPg==\" style=\"--smush-placeholder-width: 600px; --smush-placeholder-aspect-ratio: 600\/600;\" \/><span class='cart-loading'><\/span><\/div><div class='inner_product_header'><div class='avia-arrow'><\/div><div class='inner_product_header_table'><div class='inner_product_header_cell'><h2 class=\"woocommerce-loop-product__title\">JY-BV360 Sistema de c\u00e1mara de marcha atr\u00e1s con visi\u00f3n envolvente e imagen panor\u00e1mica de 360 grados<\/h2>\n<\/div><\/div><\/div><\/a><\/div><\/li>\n<\/ul><\/div><\/div><div class=\"clear\"><\/div><\/div><div class='flex_column av-4ubxv-213bc428d71aa730c5a18fbc0d9954c9 av_one_full  avia-builder-el-0  el_before_av_three_fourth  avia-builder-el-first  first flex_column_div'   ><section  class='av_textblock_section av-4bhe3-b5d2024edd0490f6b2ae124c64cf457e'  itemscope=\"itemscope\" itemtype=\"https:\/\/schema.org\/CreativeWork\" ><div class='avia_textblock'  itemprop=\"text\" ><h3>Qu\u00e9 es el sistema de c\u00e1maras de visi\u00f3n envolvente 360<\/h3>\n<p>\u00bfQu\u00e9 es un sistema de c\u00e1maras de visi\u00f3n envolvente de 360 grados? Como su nombre indica, el sistema de 360 grados utiliza cuatro c\u00e1maras: una debajo de cada retrovisor lateral, otra detr\u00e1s del retrovisor y una c\u00e1mara de marcha atr\u00e1s. Juntas, estas c\u00e1maras proporcionan una vista virtual de 360 grados de tu veh\u00edculo. Estas c\u00e1maras pueden ayudarte a detectar cualquier peligro que pueda estar oculto detr\u00e1s de otros coches. Este sistema tiene muchas ventajas.<\/p>\n<p>La tecnolog\u00eda que hay detr\u00e1s de un sistema de c\u00e1maras de 360 grados consta de cuatro c\u00e1maras: una c\u00e1mara de visi\u00f3n trasera, exigida por la normativa gubernamental, una c\u00e1mara de visi\u00f3n lateral montada en los espejos retrovisores exteriores y una c\u00e1mara de fascia delantera. Estas cuatro c\u00e1maras se unen mediante software. En la mayor\u00eda de los casos, las im\u00e1genes se muestran en una \u00fanica pantalla que suele ser el sistema de infoentretenimiento.<\/p>\n<p>Los sistemas de c\u00e1maras de 360 grados del mercado de accesorios pueden instalarse en el interior de un coche, lo que facilita y abarata la instalaci\u00f3n. Aunque muchos veh\u00edculos nuevos vienen con esta tecnolog\u00eda, se pueden a\u00f1adir sistemas posventa a coches sin sistema de visi\u00f3n envolvente de 360 grados. Una vez instalado, un sistema de c\u00e1maras de 360 grados puede actuar como un DVR de coche est\u00e1ndar. Las c\u00e1maras se controlan mediante un sensor de choque que activa la grabaci\u00f3n.<\/p>\n<h3>Ventajas del sistema de c\u00e1maras de visi\u00f3n envolvente 360<\/h3>\n<p>Una de las mayores ventajas de un sistema de c\u00e1mara de visi\u00f3n envolvente 360 es su capacidad para ayudar a los conductores a evitar los \u00e1ngulos muertos. Al proporcionar una visi\u00f3n de 360 grados del coche, los conductores pueden evitar f\u00e1cilmente los \u00e1ngulos muertos y mejorar su eficiencia al volante.<\/p>\n<p>Adem\u00e1s, reducen la carga de trabajo del conductor. Al eliminar los \u00e1ngulos muertos, estos sistemas tambi\u00e9n son \u00fatiles para aparcar en paralelo y en espacios reducidos. Te ayudan a ver toda la carretera delante de ti sin bloquear la visi\u00f3n del retrovisor.<\/p>\n<h3>\u00bfCu\u00e1nto cuesta un sistema de c\u00e1maras de visi\u00f3n envolvente 360?<\/h3>\n<p>\u00bfCu\u00e1nto cuesta un sistema de c\u00e1maras de visi\u00f3n envolvente de 360 grados? El coste de un sistema instalado de f\u00e1brica se aproxima a $3.000, pero hay algunas excepciones. Los sistemas posventa no son tan buenos como los instalados de f\u00e1brica. Los sistemas de f\u00e1brica se benefician de los ingenieros que personalizan las c\u00e1maras para un modelo espec\u00edfico, mientras que los sistemas del mercado de accesorios no se pueden personalizar para adaptarse a un coche concreto. La mayor\u00eda de los kits de recambio incluyen cuatro c\u00e1maras y los cables necesarios. Tambi\u00e9n pueden incluir una pantalla de visualizaci\u00f3n y un mando a distancia. Los precios oscilan entre $200 y $900, pero la instalaci\u00f3n por terceros puede a\u00f1adir otros $300 o $500.<\/p>\n<h3>C\u00f3mo instalar un sistema de c\u00e1maras de visi\u00f3n envolvente 360<\/h3>\n<p>Si desea a\u00f1adir un sistema de c\u00e1mara de visi\u00f3n envolvente 360 a su coche, necesita saber c\u00f3mo instalar la unidad. En realidad, es un proceso muy sencillo, siempre que tengas nociones b\u00e1sicas de sistemas de veh\u00edculos.<\/p>\n<p>El primer paso es desmontar los retrovisores laterales. Tendr\u00e1s que desconectarlos antes de instalar el sistema de c\u00e1maras.<\/p>\n<p>A continuaci\u00f3n, instala un anillo de goma para montar las c\u00e1maras. Puedes conseguir un anillo plano o uno con una inclinaci\u00f3n de 15 grados.<\/p>\n<p>A continuaci\u00f3n, el sistema utiliza software para interpretar la imagen de cada c\u00e1mara y unirlas para formar una imagen en la pantalla de infoentretenimiento del coche.<\/p>\n<h3>Mejor fabricante de 360 surround view camera system<\/h3>\n<p>El sistema de visi\u00f3n envolvente Luview 360 puede utilizarse en veh\u00edculos recreativos, autobuses escolares, autobuses, camiones y otros veh\u00edculos para ayudar a los conductores a comprobar f\u00e1cilmente los alrededores del veh\u00edculo. Puede cambiar entre diferentes \u00e1ngulos de visi\u00f3n seg\u00fan las necesidades de uso, y mostrar las im\u00e1genes de ambos lados del veh\u00edculo al mismo tiempo. Los \u00e1ngulos muertos visuales de la parte delantera, trasera, izquierda y derecha del veh\u00edculo quedan claros de un vistazo, eliminando eficazmente los peligros ocultos para la seguridad al arrancar el veh\u00edculo.<\/p>\n<p>El sistema implementa el procesamiento de empalme y s\u00edntesis en tiempo real mediante la instalaci\u00f3n de 4 c\u00e1maras de ojo de pez en el veh\u00edculo y el uso de algoritmos de software para realizar efectos visuales del veh\u00edculo e im\u00e1genes panor\u00e1micas tridimensionales de visi\u00f3n envolvente. Mejora eficazmente la seguridad y la comodidad de la conducci\u00f3n en diversos aparcamientos y carriles estrechos.<\/p>\n<p>Luview is one of the first companies to apply 360\u00b0 surround view camera system\u00a0to vehicles. Since its establishment, it has adhered to independent research and development and technological innovation, and has established a research and development center in the field of 360 panoramic and ADAS systems. It has a team of more than 30 people with high quality.\u00a0After years of development and accumulation, the R\u00a0&amp;\u00a0D team has applied for more than 30 patents and software copyrights, and the cumulative sales of 360 surround viewing systems\u00a0have exceeded 500,000 units.\u00a0If you want to improve driving safety and purchase 360 monitoring systems in bulk, please contact us\u00a0by <a href=\"mailto:sales@luview.com\"><u>sales@luview.com<\/u><\/a>\u00a0.<\/p>\n<\/div><\/section><\/div><\/p>","protected":false},"excerpt":{"rendered":"","protected":false},"author":1,"featured_media":0,"parent":689,"menu_order":0,"comment_status":"closed","ping_status":"closed","template":"","meta":{"_monsterinsights_skip_tracking":false,"_monsterinsights_sitenote_active":false,"_monsterinsights_sitenote_note":"","_monsterinsights_sitenote_category":0,"footnotes":""},"class_list":["post-679","page","type-page","status-publish","hentry"],"_links":{"self":[{"href":"https:\/\/luview.com\/es\/wp-json\/wp\/v2\/pages\/679","targetHints":{"allow":["GET"]}}],"collection":[{"href":"https:\/\/luview.com\/es\/wp-json\/wp\/v2\/pages"}],"about":[{"href":"https:\/\/luview.com\/es\/wp-json\/wp\/v2\/types\/page"}],"author":[{"embeddable":true,"href":"https:\/\/luview.com\/es\/wp-json\/wp\/v2\/users\/1"}],"replies":[{"embeddable":true,"href":"https:\/\/luview.com\/es\/wp-json\/wp\/v2\/comments?post=679"}],"version-history":[{"count":2,"href":"https:\/\/luview.com\/es\/wp-json\/wp\/v2\/pages\/679\/revisions"}],"predecessor-version":[{"id":44540,"href":"https:\/\/luview.com\/es\/wp-json\/wp\/v2\/pages\/679\/revisions\/44540"}],"up":[{"embeddable":true,"href":"https:\/\/luview.com\/es\/wp-json\/wp\/v2\/pages\/689"}],"wp:attachment":[{"href":"https:\/\/luview.com\/es\/wp-json\/wp\/v2\/media?parent=679"}],"curies":[{"name":"wp","href":"https:\/\/api.w.org\/{rel}","templated":true}]}}