{"id":1351,"date":"2022-06-17T12:55:10","date_gmt":"2022-06-17T12:55:10","guid":{"rendered":"https:\/\/luview.com\/?post_type=product&#038;p=1351"},"modified":"2025-08-06T07:23:46","modified_gmt":"2025-08-06T07:23:46","slug":"jy-652-2-mini-camara-tipo-bala-universal-de-480p-con-led-infrarrojos-para-vision-nocturna","status":"publish","type":"product","link":"https:\/\/luview.com\/es\/product\/jy-652-2-480p-universal-mini-bullet-camera-with-night-vision-infrared-leds\/","title":{"rendered":"JY-652-2 Mini c\u00e1mara bullet universal 480P con LEDs infrarrojos de visi\u00f3n nocturna"},"content":{"rendered":"<div class='flex_column av-8vltd-e2e0ac6a876c3b2d49fa3b79730c7173 av_one_full  avia-builder-el-0  el_before_av_three_fourth  avia-builder-el-first  first flex_column_div'   ><section  class='av_textblock_section av-l2yax5gi-c3dd8198ebb4d6c349a7184c1db54dc3'  itemscope=\"itemscope\" itemtype=\"https:\/\/schema.org\/CreativeWork\" ><div class='avia_textblock'  itemprop=\"text\" ><h3>JY-652-2 Mini c\u00e1mara bullet universal 480P con LEDs infrarrojos de visi\u00f3n nocturna<\/h3>\n<\/div><\/section><br \/>\n<div  class='avia-button-wrap avia-button-left  avia-builder-el-2  el_after_av_textblock  avia-builder-el-last' ><a href='#contactform'  class='avia-button av-l2yazd7v-68f5691b8be38d3f5ef56de9e2d98f27 avia-icon_select-yes-right-icon avia-size-large avia-position-left avia-color-theme-color' ><span class='avia_iconbox_title' >Consulta<\/span><span class='avia_button_icon avia_button_icon_right' aria-hidden='true' data-av_icon='\ue879' data-av_iconfont='entypo-fontello'><\/span><\/a><\/div><\/p><\/div>\n<div class='flex_column_table av-81pfd-c3a2e78431b14a30430826675e246d3b sc-av_three_fourth av-equal-height-column-flextable'>\n<style type=\"text\/css\" data-created_by=\"avia_inline_auto\" id=\"style-css-av-81pfd-c3a2e78431b14a30430826675e246d3b\">\n.flex_column.av-81pfd-c3a2e78431b14a30430826675e246d3b{\nwidth:74.5%;\nmargin-left:0;\n}\n#top .flex_column_table.av-equal-height-column-flextable.av-81pfd-c3a2e78431b14a30430826675e246d3b .av-flex-placeholder{\nwidth:2%;\n}\n<\/style>\n<div class='flex_column av-81pfd-c3a2e78431b14a30430826675e246d3b av_three_fourth  avia-builder-el-3  el_after_av_one_full  el_before_av_one_fourth  first flex_column_table_cell av-equal-height-column av-align-top column-top-margin'   ><style type=\"text\/css\" data-created_by=\"avia_inline_auto\" id=\"style-css-av-l2yb6now-d00f65f0e0ba5e4b1cb655fdf6b5571b\">\n#top .avia-gallery.av-l2yb6now-d00f65f0e0ba5e4b1cb655fdf6b5571b .avia-gallery-thumb a{\nwidth:25%;\n}\n<\/style>\n<div  class='avia-gallery av-l2yb6now-d00f65f0e0ba5e4b1cb655fdf6b5571b avia_animate_when_visible  avia-builder-el-4  avia-builder-el-no-sibling  av-hide-gallery-thumbs deactivate_avia_lazyload avia-gallery-animate avia-gallery-1'  itemprop=\"image\" itemscope=\"itemscope\" itemtype=\"https:\/\/schema.org\/ImageObject\" ><meta itemprop=\"contentURL\" content=\"https:\/\/luview.com\/es\/product\/jy-652-2-480p-universal-mini-bullet-camera-with-night-vision-infrared-leds\/\"><a class='avia-gallery-big fakeLightbox lightbox avia-gallery-big-crop-thumb' href=\"https:\/\/luview.com\/wp-content\/uploads\/2022\/06\/JY-652-2-mini-camera-for-car.jpg\" data-srcset=\"https:\/\/luview.com\/wp-content\/uploads\/2022\/06\/JY-652-2-mini-camera-for-car.jpg 800w, https:\/\/luview.com\/wp-content\/uploads\/2022\/06\/JY-652-2-mini-camera-for-car-600x600.jpg 600w, https:\/\/luview.com\/wp-content\/uploads\/2022\/06\/JY-652-2-mini-camera-for-car-100x100.jpg 100w, https:\/\/luview.com\/wp-content\/uploads\/2022\/06\/JY-652-2-mini-camera-for-car-300x300.jpg 300w, https:\/\/luview.com\/wp-content\/uploads\/2022\/06\/JY-652-2-mini-camera-for-car-80x80.jpg 80w, https:\/\/luview.com\/wp-content\/uploads\/2022\/06\/JY-652-2-mini-camera-for-car-768x768.jpg 768w, https:\/\/luview.com\/wp-content\/uploads\/2022\/06\/JY-652-2-mini-camera-for-car-36x36.jpg 36w, https:\/\/luview.com\/wp-content\/uploads\/2022\/06\/JY-652-2-mini-camera-for-car-180x180.jpg 180w, https:\/\/luview.com\/wp-content\/uploads\/2022\/06\/JY-652-2-mini-camera-for-car-705x705.jpg 705w\" data-sizes=\"(max-width: 800px) 100vw, 800px\"  data-onclick='1' title='JY-652-2 IP69K 480p mini c\u00e1mara bala con LEDs infrarrojos de visi\u00f3n nocturna' ><span class='avia-gallery-big-inner'  itemprop=\"thumbnailUrl\" ><img decoding=\"async\" class=\"wp-image-1358 avia-img-lazy-loading-not-1358 lazyload\"  width=\"800\" height=\"684\" data-src=\"https:\/\/luview.com\/wp-content\/uploads\/2022\/06\/JY-652-2-mini-camera-for-car-800x684.jpg\" title='JY-652-2 IP69K 480p mini c\u00e1mara bala con LEDs infrarrojos de visi\u00f3n nocturna' alt='JY-652-2 IP69K 480p mini c\u00e1mara bala con LEDs infrarrojos de visi\u00f3n nocturna' src=\"data:image\/svg+xml;base64,PHN2ZyB3aWR0aD0iMSIgaGVpZ2h0PSIxIiB4bWxucz0iaHR0cDovL3d3dy53My5vcmcvMjAwMC9zdmciPjwvc3ZnPg==\" style=\"--smush-placeholder-width: 800px; --smush-placeholder-aspect-ratio: 800\/684;\" \/><\/span><\/a><div class='avia-gallery-thumb'><a href=\"https:\/\/luview.com\/wp-content\/uploads\/2022\/06\/JY-652-2-mini-camera-for-car.jpg\" data-srcset=\"https:\/\/luview.com\/wp-content\/uploads\/2022\/06\/JY-652-2-mini-camera-for-car.jpg 800w, https:\/\/luview.com\/wp-content\/uploads\/2022\/06\/JY-652-2-mini-camera-for-car-600x600.jpg 600w, https:\/\/luview.com\/wp-content\/uploads\/2022\/06\/JY-652-2-mini-camera-for-car-100x100.jpg 100w, https:\/\/luview.com\/wp-content\/uploads\/2022\/06\/JY-652-2-mini-camera-for-car-300x300.jpg 300w, https:\/\/luview.com\/wp-content\/uploads\/2022\/06\/JY-652-2-mini-camera-for-car-80x80.jpg 80w, https:\/\/luview.com\/wp-content\/uploads\/2022\/06\/JY-652-2-mini-camera-for-car-768x768.jpg 768w, https:\/\/luview.com\/wp-content\/uploads\/2022\/06\/JY-652-2-mini-camera-for-car-36x36.jpg 36w, https:\/\/luview.com\/wp-content\/uploads\/2022\/06\/JY-652-2-mini-camera-for-car-180x180.jpg 180w, https:\/\/luview.com\/wp-content\/uploads\/2022\/06\/JY-652-2-mini-camera-for-car-705x705.jpg 705w\" data-sizes=\"(max-width: 800px) 100vw, 800px\" data-rel='gallery-1' data-prev-img='https:\/\/luview.com\/wp-content\/uploads\/2022\/06\/JY-652-2-mini-camera-for-car-800x684.jpg' class='first_thumb lightbox' data-onclick='1' title='JY-652-2 IP69K 480p mini c\u00e1mara bala con LEDs infrarrojos de visi\u00f3n nocturna'  itemprop=\"thumbnailUrl\"  ><img decoding=\"async\" class=\"wp-image-1358 avia-img-lazy-loading-not-1358 lazyload\"   data-src=\"https:\/\/luview.com\/wp-content\/uploads\/2022\/06\/JY-652-2-mini-camera-for-car-495x400.jpg\" width=\"495\" height=\"400\"  title='JY-652-2 IP69K 480p mini c\u00e1mara bala con LEDs infrarrojos de visi\u00f3n nocturna' alt='JY-652-2 IP69K 480p mini c\u00e1mara bala con LEDs infrarrojos de visi\u00f3n nocturna' src=\"data:image\/svg+xml;base64,PHN2ZyB3aWR0aD0iMSIgaGVpZ2h0PSIxIiB4bWxucz0iaHR0cDovL3d3dy53My5vcmcvMjAwMC9zdmciPjwvc3ZnPg==\" style=\"--smush-placeholder-width: 495px; --smush-placeholder-aspect-ratio: 495\/400;\" \/><div class='big-prev-fake'><img decoding=\"async\" class=\"wp-image-1358 avia-img-lazy-loading-1358 lazyload\"  width=\"800\" height=\"684\" data-src=\"https:\/\/luview.com\/wp-content\/uploads\/2022\/06\/JY-652-2-mini-camera-for-car-800x684.jpg\" title='JY-652-2 IP69K 480p mini c\u00e1mara bala con LEDs infrarrojos de visi\u00f3n nocturna' alt='JY-652-2 IP69K 480p mini c\u00e1mara bala con LEDs infrarrojos de visi\u00f3n nocturna' src=\"data:image\/svg+xml;base64,PHN2ZyB3aWR0aD0iMSIgaGVpZ2h0PSIxIiB4bWxucz0iaHR0cDovL3d3dy53My5vcmcvMjAwMC9zdmciPjwvc3ZnPg==\" style=\"--smush-placeholder-width: 800px; --smush-placeholder-aspect-ratio: 800\/684;\" \/><\/div><\/a><\/div><\/div><\/div>\n<div class='av-flex-placeholder'><\/div>\n<style type=\"text\/css\" data-created_by=\"avia_inline_auto\" id=\"style-css-av-9qx4p-5a705982bb948c66499cc9e3897e2c3a\">\n.flex_column.av-9qx4p-5a705982bb948c66499cc9e3897e2c3a{\nwidth:23.5%;\nmargin-left:0;\n}\n#top .flex_column_table.av-equal-height-column-flextable.av-9qx4p-5a705982bb948c66499cc9e3897e2c3a .av-flex-placeholder{\nwidth:2%;\n}\n<\/style>\n<div class='flex_column av-9qx4p-5a705982bb948c66499cc9e3897e2c3a av_one_fourth  avia-builder-el-5  el_after_av_three_fourth  el_before_av_one_full  flex_column_table_cell av-equal-height-column av-align-top column-top-margin'   ><style type=\"text\/css\" data-created_by=\"avia_inline_auto\" id=\"style-css-av-l2yb8ya0-156182ef1247f147f3099701d59076b4\">\n#top .avia-gallery.av-l2yb8ya0-156182ef1247f147f3099701d59076b4 .avia-gallery-thumb a{\nwidth:100%;\n}\n<\/style>\n<div  class='avia-gallery av-l2yb8ya0-156182ef1247f147f3099701d59076b4 avia_animate_when_visible  avia-builder-el-6  avia-builder-el-no-sibling  avia_lazyload avia-gallery-animate avia-gallery-2'  itemprop=\"image\" itemscope=\"itemscope\" itemtype=\"https:\/\/schema.org\/ImageObject\" ><meta itemprop=\"contentURL\" content=\"https:\/\/luview.com\/es\/product\/jy-652-2-480p-universal-mini-bullet-camera-with-night-vision-infrared-leds\/\"><div class='avia-gallery-thumb'><a href=\"https:\/\/luview.com\/wp-content\/uploads\/2022\/06\/JY-652-2-mini-camera-for-car.jpg\" data-srcset=\"https:\/\/luview.com\/wp-content\/uploads\/2022\/06\/JY-652-2-mini-camera-for-car.jpg 800w, https:\/\/luview.com\/wp-content\/uploads\/2022\/06\/JY-652-2-mini-camera-for-car-600x600.jpg 600w, https:\/\/luview.com\/wp-content\/uploads\/2022\/06\/JY-652-2-mini-camera-for-car-100x100.jpg 100w, https:\/\/luview.com\/wp-content\/uploads\/2022\/06\/JY-652-2-mini-camera-for-car-300x300.jpg 300w, https:\/\/luview.com\/wp-content\/uploads\/2022\/06\/JY-652-2-mini-camera-for-car-80x80.jpg 80w, https:\/\/luview.com\/wp-content\/uploads\/2022\/06\/JY-652-2-mini-camera-for-car-768x768.jpg 768w, https:\/\/luview.com\/wp-content\/uploads\/2022\/06\/JY-652-2-mini-camera-for-car-36x36.jpg 36w, https:\/\/luview.com\/wp-content\/uploads\/2022\/06\/JY-652-2-mini-camera-for-car-180x180.jpg 180w, https:\/\/luview.com\/wp-content\/uploads\/2022\/06\/JY-652-2-mini-camera-for-car-705x705.jpg 705w\" data-sizes=\"(max-width: 800px) 100vw, 800px\" data-rel='gallery-2' data-prev-img='https:\/\/luview.com\/wp-content\/uploads\/2022\/06\/JY-652-2-mini-camera-for-car-495x400.jpg' class='first_thumb lightbox' data-onclick='1' title='JY-652-2 IP69K 480p mini c\u00e1mara bala con LEDs infrarrojos de visi\u00f3n nocturna'  itemprop=\"thumbnailUrl\"  ><img decoding=\"async\" class=\"wp-image-1358 avia-img-lazy-loading-not-1358 lazyload\"   data-src=\"https:\/\/luview.com\/wp-content\/uploads\/2022\/06\/JY-652-2-mini-camera-for-car-495x400.jpg\" width=\"495\" height=\"400\"  title='JY-652-2 IP69K 480p mini c\u00e1mara bala con LEDs infrarrojos de visi\u00f3n nocturna' alt='JY-652-2 IP69K 480p mini c\u00e1mara bala con LEDs infrarrojos de visi\u00f3n nocturna' src=\"data:image\/svg+xml;base64,PHN2ZyB3aWR0aD0iMSIgaGVpZ2h0PSIxIiB4bWxucz0iaHR0cDovL3d3dy53My5vcmcvMjAwMC9zdmciPjwvc3ZnPg==\" style=\"--smush-placeholder-width: 495px; --smush-placeholder-aspect-ratio: 495\/400;\" \/><div class='big-prev-fake'><img decoding=\"async\" class=\"wp-image-1358 avia-img-lazy-loading-1358 lazyload\"  width=\"495\" height=\"400\" data-src=\"https:\/\/luview.com\/wp-content\/uploads\/2022\/06\/JY-652-2-mini-camera-for-car-495x400.jpg\" title='JY-652-2 IP69K 480p mini c\u00e1mara bala con LEDs infrarrojos de visi\u00f3n nocturna' alt='JY-652-2 IP69K 480p mini c\u00e1mara bala con LEDs infrarrojos de visi\u00f3n nocturna' src=\"data:image\/svg+xml;base64,PHN2ZyB3aWR0aD0iMSIgaGVpZ2h0PSIxIiB4bWxucz0iaHR0cDovL3d3dy53My5vcmcvMjAwMC9zdmciPjwvc3ZnPg==\" style=\"--smush-placeholder-width: 495px; --smush-placeholder-aspect-ratio: 495\/400;\" \/><\/div><\/a><\/div><\/div><\/div><\/div><!--close column table wrapper. Autoclose: 1 -->\n<div class='flex_column av-6llnl-27f4655c2bc49fd763d738017a952ac7 av_one_full  avia-builder-el-7  el_after_av_one_fourth  el_before_av_one_full  first flex_column_div column-top-margin'   ><p>\n<style type=\"text\/css\" data-created_by=\"avia_inline_auto\" id=\"style-css-av-mdzn6749-0a2222ea861e22710145c7caa163a6d8\">\n#top .av-special-heading.av-mdzn6749-0a2222ea861e22710145c7caa163a6d8{\npadding-bottom:10px;\n}\nbody .av-special-heading.av-mdzn6749-0a2222ea861e22710145c7caa163a6d8 .av-special-heading-tag .heading-char{\nfont-size:25px;\n}\n.av-special-heading.av-mdzn6749-0a2222ea861e22710145c7caa163a6d8 .av-subheading{\nfont-size:15px;\n}\n<\/style>\n<div  class='av-special-heading av-mdzn6749-0a2222ea861e22710145c7caa163a6d8 av-special-heading-h3  avia-builder-el-8  el_before_av_textblock  avia-builder-el-first'><h3 class='av-special-heading-tag'  itemprop=\"headline\"  >Especificaciones t\u00e9cnicas<\/h3><div class=\"special-heading-border\"><div class=\"special-heading-inner-border\"><\/div><\/div><\/div><br \/>\n<section  class='av_textblock_section av-lepffx8y-26217755787c102ad5d6669d14d201de'  itemscope=\"itemscope\" itemtype=\"https:\/\/schema.org\/CreativeWork\" ><div class='avia_textblock'  itemprop=\"text\" ><p>La mini c\u00e1mara bullet Luview JY-652-2 480p, la m\u00e1s peque\u00f1a y potente, es la combinaci\u00f3n perfecta entre precio asequible y calidad. Con un sensor Sony de 1\/3,6\u2033 y 10 LED IR de visi\u00f3n nocturna integrados, obtendr\u00e1 un rendimiento \u00f3ptimo tanto de d\u00eda como de noche a un precio inmejorable. No es de extra\u00f1ar que esta mini c\u00e1mara para coche se haya vuelto tan incre\u00edblemente popular.<\/p>\n<\/div><\/section><br \/>\n\n<style type=\"text\/css\" data-created_by=\"avia_inline_auto\" id=\"style-css-av-l2ybiw7v-521c780c551800d574ec41ed203715d8\">\n#top .hr.hr-invisible.av-l2ybiw7v-521c780c551800d574ec41ed203715d8{\nheight:30px;\n}\n<\/style>\n<div  class='hr av-l2ybiw7v-521c780c551800d574ec41ed203715d8 hr-invisible  avia-builder-el-10  el_after_av_textblock  avia-builder-el-last'><span class='hr-inner'><span class=\"hr-inner-style\"><\/span><\/span><\/div><\/p><\/div><div class='flex_column av-7rituf-6665d0317b33e54d662e8a4c25e23ae6 av_one_full  avia-builder-el-11  el_after_av_one_full  el_before_av_hr  first flex_column_div column-top-margin'   ><style type=\"text\/css\" data-created_by=\"avia_inline_auto\" id=\"style-css-av-mdzl7lm8-76da0b6557d7d7527a50402aded8c349\">\n#top .av_textblock_section.av-mdzl7lm8-76da0b6557d7d7527a50402aded8c349 .avia_textblock{\ntext-align:center;\n}\n<\/style>\n<section  class='av_textblock_section av-mdzl7lm8-76da0b6557d7d7527a50402aded8c349'  itemscope=\"itemscope\" itemtype=\"https:\/\/schema.org\/CreativeWork\" ><div class='avia_textblock'  itemprop=\"text\" ><h2 style=\"text-transform: uppercase;\">Enviar consulta<\/h2>\n<\/div><\/section><br \/>\n<\/p><\/div><\/p>\n\n<style type=\"text\/css\" data-created_by=\"avia_inline_auto\" id=\"style-css-av-48xux3-78f2011bd12eb2217e858c6aa09e938e\">\n#top .hr.hr-invisible.av-48xux3-78f2011bd12eb2217e858c6aa09e938e{\nheight:30px;\n}\n<\/style>\n<div  class='hr av-48xux3-78f2011bd12eb2217e858c6aa09e938e hr-invisible  avia-builder-el-14  el_after_av_one_full  avia-builder-el-last'><span class='hr-inner'><span class=\"hr-inner-style\"><\/span><\/span><\/div>","protected":false},"excerpt":{"rendered":"","protected":false},"featured_media":1358,"comment_status":"closed","ping_status":"closed","template":"","meta":{"_monsterinsights_skip_tracking":false,"_monsterinsights_sitenote_active":false,"_monsterinsights_sitenote_note":"","_monsterinsights_sitenote_category":0},"product_brand":[],"product_cat":[26],"product_tag":[],"class_list":{"0":"post-1351","1":"product","2":"type-product","3":"status-publish","4":"has-post-thumbnail","6":"product_cat-mini-camera","8":"first","9":"instock","10":"shipping-taxable","11":"product-type-simple"},"_links":{"self":[{"href":"https:\/\/luview.com\/es\/wp-json\/wp\/v2\/product\/1351","targetHints":{"allow":["GET"]}}],"collection":[{"href":"https:\/\/luview.com\/es\/wp-json\/wp\/v2\/product"}],"about":[{"href":"https:\/\/luview.com\/es\/wp-json\/wp\/v2\/types\/product"}],"replies":[{"embeddable":true,"href":"https:\/\/luview.com\/es\/wp-json\/wp\/v2\/comments?post=1351"}],"wp:featuredmedia":[{"embeddable":true,"href":"https:\/\/luview.com\/es\/wp-json\/wp\/v2\/media\/1358"}],"wp:attachment":[{"href":"https:\/\/luview.com\/es\/wp-json\/wp\/v2\/media?parent=1351"}],"wp:term":[{"taxonomy":"product_brand","embeddable":true,"href":"https:\/\/luview.com\/es\/wp-json\/wp\/v2\/product_brand?post=1351"},{"taxonomy":"product_cat","embeddable":true,"href":"https:\/\/luview.com\/es\/wp-json\/wp\/v2\/product_cat?post=1351"},{"taxonomy":"product_tag","embeddable":true,"href":"https:\/\/luview.com\/es\/wp-json\/wp\/v2\/product_tag?post=1351"}],"curies":[{"name":"wp","href":"https:\/\/api.w.org\/{rel}","templated":true}]}}