{"id":23270,"date":"2022-07-11T10:47:18","date_gmt":"2022-07-11T10:47:18","guid":{"rendered":"https:\/\/luview.com\/?page_id=23270"},"modified":"2025-08-08T03:04:31","modified_gmt":"2025-08-08T03:04:31","slug":"vehicules-agricoles","status":"publish","type":"page","link":"https:\/\/luview.com\/fr\/solutions\/agricultural-vehicles\/","title":{"rendered":"V\u00e9hicules agricoles"},"content":{"rendered":"<style type=\"text\/css\" data-created_by=\"avia_inline_auto\" id=\"style-css-av-l2mxefv0-35bb32fcfe7f503a8ac259e0986fd26a\">\n.avia-section.av-l2mxefv0-35bb32fcfe7f503a8ac259e0986fd26a{\nbackground-repeat:no-repeat;\nbackground-image:url(https:\/\/luview.com\/wp-content\/uploads\/2022\/05\/solution-head.jpg);\nbackground-position:50% 50%;\nbackground-attachment:scroll;\n}\n.avia-section.av-l2mxefv0-35bb32fcfe7f503a8ac259e0986fd26a .av-section-color-overlay{\nopacity:0.8;\nbackground-color:#222222;\n}\n<\/style>\n<div id='av_section_1'  class='avia-section av-l2mxefv0-35bb32fcfe7f503a8ac259e0986fd26a main_color avia-section-default avia-no-border-styling  avia-builder-el-0  el_before_av_one_full  avia-builder-el-first  titlebarbox avia-bg-style-scroll av-section-color-overlay-active container_wrap sidebar_left'  data-section-bg-repeat='no-repeat'><div class=\"av-section-color-overlay-wrap\"><div class=\"av-section-color-overlay\"><\/div><div class='container av-section-cont-open' ><main  role=\"main\" itemprop=\"mainContentOfPage\"  class='template-page content  av-content-small units'><div class='post-entry post-entry-type-page post-entry-23270'><div class='entry-content-wrapper clearfix'>\n\n<style type=\"text\/css\" data-created_by=\"avia_inline_auto\" id=\"style-css-av-l2mxr7wy-b4eaf1ebf22700ba8c0e3ddaf64fafea\">\n.flex_column.av-l2mxr7wy-b4eaf1ebf22700ba8c0e3ddaf64fafea{\npadding:10% 0 10% 0;\n}\n<\/style>\n<div class='flex_column av-l2mxr7wy-b4eaf1ebf22700ba8c0e3ddaf64fafea av_one_full  avia-builder-el-1  avia-builder-el-no-sibling  first flex_column_div'   ><style type=\"text\/css\" data-created_by=\"avia_inline_auto\" id=\"style-css-av-l2mxewun-812b60f9f631bff3f3cece738bb226b9\">\n#top .av_textblock_section.av-l2mxewun-812b60f9f631bff3f3cece738bb226b9 .avia_textblock{\ncolor:#ffffff;\ntext-align:center;\n}\n<\/style>\n<section  class='av_textblock_section av-l2mxewun-812b60f9f631bff3f3cece738bb226b9'  itemscope=\"itemscope\" itemtype=\"https:\/\/schema.org\/CreativeWork\" ><div class='avia_textblock av_inherit_color'  itemprop=\"text\" ><h1>Solutions pour v\u00e9hicules agricoles<\/h1>\n<\/div><\/section><br \/>\n<\/p><\/div>\n<\/div><\/div><\/main><!-- close content main element --><\/div><\/div><\/div><div id='after_section_1'  class='main_color av_default_container_wrap container_wrap sidebar_left'  ><div class='container av-section-cont-open' ><div class='template-page content  av-content-small units'><div class='post-entry post-entry-type-page post-entry-23270'><div class='entry-content-wrapper clearfix'>\n<div class='flex_column av-zn923-2998580518e3833d33293177f79d69a5 av_one_full  avia-builder-el-4  el_after_av_section  el_before_av_one_third  avia-builder-el-first  first flex_column_div'   ><section  class='av_textblock_section av-l2vl9sc8-321202df39fd446ec8d30e8813d0d1d6'  itemscope=\"itemscope\" itemtype=\"https:\/\/schema.org\/CreativeWork\" ><div class='avia_textblock'  itemprop=\"text\" ><h2>Syst\u00e8me et solution de cam\u00e9ra de recul pour v\u00e9hicules agricoles<\/h2>\n<\/div><\/section><br \/>\n<section  class='av_textblock_section av-l2vla2no-02a9d235c6ee455249ee410d4d085d73'  itemscope=\"itemscope\" itemtype=\"https:\/\/schema.org\/CreativeWork\" ><div class='avia_textblock'  itemprop=\"text\" ><p>Les cam\u00e9ras de recul sont importantes pour les machines agricoles, car elles aident les agriculteurs \u00e0 garantir leur s\u00e9curit\u00e9 et leur efficacit\u00e9. Veillez \u00e0 acheter vos cam\u00e9ras aupr\u00e8s d'un fabricant r\u00e9put\u00e9 ou d'un revendeur agr\u00e9\u00e9. Luview poss\u00e8de plus de 18 ans d'exp\u00e9rience dans le secteur de la surveillance des v\u00e9hicules. N'h\u00e9sitez pas \u00e0 nous contacter \u00e0 tout moment si vous \u00eates int\u00e9ress\u00e9 par des moniteurs ou des cam\u00e9ras pour v\u00e9hicules agricoles. <a href=\"mailto:sales@luview.com\"><u>sales@luview.com<\/u><\/a>\u00a0.<\/p>\n<\/div><\/section><\/p><\/div>\n<div class='flex_column av-2ps3aj-3e87c5f96607d28e3a55d1356f20c5cd av_one_third  avia-builder-el-7  el_after_av_one_full  el_before_av_one_third  first flex_column_div column-top-margin'   ><p>\n<style type=\"text\/css\" data-created_by=\"avia_inline_auto\" id=\"style-css-av-l2vl5f5x-3eaea5845ae42f5b48e4d80b5d090aeb\">\n.avia-image-container.av-l2vl5f5x-3eaea5845ae42f5b48e4d80b5d090aeb .av-image-caption-overlay-center{\ncolor:#ffffff;\n}\n<\/style>\n<div  class='avia-image-container av-l2vl5f5x-3eaea5845ae42f5b48e4d80b5d090aeb av-styling- avia-align-center  avia-builder-el-8  el_before_av_textblock  avia-builder-el-first'  itemprop=\"image\" itemscope=\"itemscope\" itemtype=\"https:\/\/schema.org\/ImageObject\" ><div class=\"avia-image-container-inner\"><div class=\"avia-image-overlay-wrap\"><a href=\"https:\/\/luview.com\/fr\/solutions\/agricultural-vehicles\/cotton-picker-camera-solution\/\" class='avia_image' ><img decoding=\"async\" class='wp-image-23289 avia-img-lazy-loading-not-23289 avia_image lazyload' data-src=\"https:\/\/luview.com\/wp-content\/uploads\/2022\/07\/Cotton-Picker-Camera-Solution.jpg\" alt='Solution de cam\u00e9ra pour cueilleurs de coton' title='Solution de cam\u00e9ra pour cueilleurs de coton'  height=\"400\" width=\"400\"  itemprop=\"thumbnailUrl\" data-srcset=\"https:\/\/luview.com\/wp-content\/uploads\/2022\/07\/Cotton-Picker-Camera-Solution.jpg 400w, https:\/\/luview.com\/wp-content\/uploads\/2022\/07\/Cotton-Picker-Camera-Solution-100x100.jpg 100w, https:\/\/luview.com\/wp-content\/uploads\/2022\/07\/Cotton-Picker-Camera-Solution-300x300.jpg 300w, https:\/\/luview.com\/wp-content\/uploads\/2022\/07\/Cotton-Picker-Camera-Solution-80x80.jpg 80w, https:\/\/luview.com\/wp-content\/uploads\/2022\/07\/Cotton-Picker-Camera-Solution-36x36.jpg 36w, https:\/\/luview.com\/wp-content\/uploads\/2022\/07\/Cotton-Picker-Camera-Solution-180x180.jpg 180w\" data-sizes=\"(max-width: 400px) 100vw, 400px\" src=\"data:image\/svg+xml;base64,PHN2ZyB3aWR0aD0iMSIgaGVpZ2h0PSIxIiB4bWxucz0iaHR0cDovL3d3dy53My5vcmcvMjAwMC9zdmciPjwvc3ZnPg==\" style=\"--smush-placeholder-width: 400px; --smush-placeholder-aspect-ratio: 400\/400;\" \/><\/a><\/div><\/div><\/div><br \/>\n\n<style type=\"text\/css\" data-created_by=\"avia_inline_auto\" id=\"style-css-av-2m67d7-f8b3e92bddd972c8958c08357236f45c\">\n#top .av_textblock_section.av-2m67d7-f8b3e92bddd972c8958c08357236f45c .avia_textblock{\ntext-align:center;\n}\n<\/style>\n<section  class='av_textblock_section av-2m67d7-f8b3e92bddd972c8958c08357236f45c'  itemscope=\"itemscope\" itemtype=\"https:\/\/schema.org\/CreativeWork\" ><div class='avia_textblock'  itemprop=\"text\" ><h4 style=\"text-align: center;\"><a href=\"https:\/\/luview.com\/solutions\/agricultural-vehicles\/cotton-picker-camera-solution\/\">Solution de cam\u00e9ra pour cueilleurs de coton<\/a><\/h4>\n<\/div><\/section><\/p><\/div>\n<div class='flex_column av-2ejarf-e202d8942680281a68fcdb041db7e656 av_one_third  avia-builder-el-10  el_after_av_one_third  el_before_av_one_third  flex_column_div column-top-margin'   ><p>\n<style type=\"text\/css\" data-created_by=\"avia_inline_auto\" id=\"style-css-av-l2vl5vyn-a65e4bf80fe233ae3f4522879a9c0f0c\">\n.avia-image-container.av-l2vl5vyn-a65e4bf80fe233ae3f4522879a9c0f0c .av-image-caption-overlay-center{\ncolor:#ffffff;\n}\n<\/style>\n<div  class='avia-image-container av-l2vl5vyn-a65e4bf80fe233ae3f4522879a9c0f0c av-styling- avia-align-center  avia-builder-el-11  el_before_av_textblock  avia-builder-el-first'  itemprop=\"image\" itemscope=\"itemscope\" itemtype=\"https:\/\/schema.org\/ImageObject\" ><div class=\"avia-image-container-inner\"><div class=\"avia-image-overlay-wrap\"><a href=\"https:\/\/luview.com\/fr\/solutions\/agricultural-vehicles\/combine-harvester-camera-system\/\" class='avia_image' ><img decoding=\"async\" class='wp-image-23295 avia-img-lazy-loading-not-23295 avia_image lazyload' data-src=\"https:\/\/luview.com\/wp-content\/uploads\/2022\/07\/Combine-Harvester-Camera-Solution.jpg\" alt='Solution de cam\u00e9ra pour moissonneuse-batteuse' title='Solution de cam\u00e9ra pour moissonneuse-batteuse'  height=\"400\" width=\"400\"  itemprop=\"thumbnailUrl\" data-srcset=\"https:\/\/luview.com\/wp-content\/uploads\/2022\/07\/Combine-Harvester-Camera-Solution.jpg 400w, https:\/\/luview.com\/wp-content\/uploads\/2022\/07\/Combine-Harvester-Camera-Solution-100x100.jpg 100w, https:\/\/luview.com\/wp-content\/uploads\/2022\/07\/Combine-Harvester-Camera-Solution-300x300.jpg 300w, https:\/\/luview.com\/wp-content\/uploads\/2022\/07\/Combine-Harvester-Camera-Solution-80x80.jpg 80w, https:\/\/luview.com\/wp-content\/uploads\/2022\/07\/Combine-Harvester-Camera-Solution-36x36.jpg 36w, https:\/\/luview.com\/wp-content\/uploads\/2022\/07\/Combine-Harvester-Camera-Solution-180x180.jpg 180w\" data-sizes=\"(max-width: 400px) 100vw, 400px\" src=\"data:image\/svg+xml;base64,PHN2ZyB3aWR0aD0iMSIgaGVpZ2h0PSIxIiB4bWxucz0iaHR0cDovL3d3dy53My5vcmcvMjAwMC9zdmciPjwvc3ZnPg==\" style=\"--smush-placeholder-width: 400px; --smush-placeholder-aspect-ratio: 400\/400;\" \/><\/a><\/div><\/div><\/div><br \/>\n\n<style type=\"text\/css\" data-created_by=\"avia_inline_auto\" id=\"style-css-av-2ame8b-12b496c1614357556a4c7bab706be968\">\n#top .av_textblock_section.av-2ame8b-12b496c1614357556a4c7bab706be968 .avia_textblock{\ntext-align:center;\n}\n<\/style>\n<section  class='av_textblock_section av-2ame8b-12b496c1614357556a4c7bab706be968'  itemscope=\"itemscope\" itemtype=\"https:\/\/schema.org\/CreativeWork\" ><div class='avia_textblock'  itemprop=\"text\" ><h4 style=\"text-align: center;\"><a href=\"https:\/\/luview.com\/solutions\/agricultural-vehicles\/combine-harvester-camera-system\/\">Solution de cam\u00e9ra pour moissonneuse-batteuse<\/a><\/h4>\n<\/div><\/section><\/p><\/div>\n<div class='flex_column av-33x9jf-1c424f85e815b2819914c47335725612 av_one_third  avia-builder-el-13  el_after_av_one_third  el_before_av_one_full  flex_column_div column-top-margin'   ><p>\n<style type=\"text\/css\" data-created_by=\"avia_inline_auto\" id=\"style-css-av-l2vl2xqc-ca1ff57c34fbb4b9a55d8d001c949e68\">\n.avia-image-container.av-l2vl2xqc-ca1ff57c34fbb4b9a55d8d001c949e68 .av-image-caption-overlay-center{\ncolor:#ffffff;\n}\n<\/style>\n<div  class='avia-image-container av-l2vl2xqc-ca1ff57c34fbb4b9a55d8d001c949e68 av-styling- avia-align-center  avia-builder-el-14  el_before_av_textblock  avia-builder-el-first'  itemprop=\"image\" itemscope=\"itemscope\" itemtype=\"https:\/\/schema.org\/ImageObject\" ><div class=\"avia-image-container-inner\"><div class=\"avia-image-overlay-wrap\"><a href=\"https:\/\/luview.com\/fr\/solutions\/agricultural-vehicles\/tractor-camera-system\/\" class='avia_image' ><img decoding=\"async\" class='wp-image-23299 avia-img-lazy-loading-not-23299 avia_image lazyload' data-src=\"https:\/\/luview.com\/wp-content\/uploads\/2022\/07\/tractor-camera-solution.jpg\" alt='Solution de cam\u00e9ra pour tracteur' title='Solution de cam\u00e9ra pour tracteur'  height=\"400\" width=\"400\"  itemprop=\"thumbnailUrl\" data-srcset=\"https:\/\/luview.com\/wp-content\/uploads\/2022\/07\/tractor-camera-solution.jpg 400w, https:\/\/luview.com\/wp-content\/uploads\/2022\/07\/tractor-camera-solution-100x100.jpg 100w, https:\/\/luview.com\/wp-content\/uploads\/2022\/07\/tractor-camera-solution-300x300.jpg 300w, https:\/\/luview.com\/wp-content\/uploads\/2022\/07\/tractor-camera-solution-80x80.jpg 80w, https:\/\/luview.com\/wp-content\/uploads\/2022\/07\/tractor-camera-solution-36x36.jpg 36w, https:\/\/luview.com\/wp-content\/uploads\/2022\/07\/tractor-camera-solution-180x180.jpg 180w\" data-sizes=\"(max-width: 400px) 100vw, 400px\" src=\"data:image\/svg+xml;base64,PHN2ZyB3aWR0aD0iMSIgaGVpZ2h0PSIxIiB4bWxucz0iaHR0cDovL3d3dy53My5vcmcvMjAwMC9zdmciPjwvc3ZnPg==\" style=\"--smush-placeholder-width: 400px; --smush-placeholder-aspect-ratio: 400\/400;\" \/><\/a><\/div><\/div><\/div><br \/>\n\n<style type=\"text\/css\" data-created_by=\"avia_inline_auto\" id=\"style-css-av-l2vl44qd-a9fd2e80f8564808c6bd161526b1aaa5\">\n#top .av_textblock_section.av-l2vl44qd-a9fd2e80f8564808c6bd161526b1aaa5 .avia_textblock{\ntext-align:center;\n}\n<\/style>\n<section  class='av_textblock_section av-l2vl44qd-a9fd2e80f8564808c6bd161526b1aaa5'  itemscope=\"itemscope\" itemtype=\"https:\/\/schema.org\/CreativeWork\" ><div class='avia_textblock'  itemprop=\"text\" ><h4 style=\"text-align: center;\"><a href=\"https:\/\/luview.com\/solutions\/agricultural-vehicles\/tractor-camera-system\/\">Solution de cam\u00e9ra pour tracteur<\/a><\/h4>\n<\/div><\/section><\/p><\/div>\n<div class='flex_column av-j7nreu-37fedc3633114c898c27014cb7dad2dc av_one_full  avia-builder-el-16  el_after_av_one_third  el_before_av_one_full  first flex_column_div column-top-margin'   ><section  class='av_textblock_section av-l7lqpzq7-df90a396a7f5b19c5b232bf636be8403'  itemscope=\"itemscope\" itemtype=\"https:\/\/schema.org\/CreativeWork\" ><div class='avia_textblock'  itemprop=\"text\" ><h3>La cam\u00e9ra de recul est utile pour les v\u00e9hicules agricoles.<\/h3>\n<\/div><\/section><br \/>\n<section  class='av_textblock_section av-l7lqqs71-3392582c8581c781815662db2fcc1c62'  itemscope=\"itemscope\" itemtype=\"https:\/\/schema.org\/CreativeWork\" ><div class='avia_textblock'  itemprop=\"text\" ><p>Les v\u00e9hicules agricoles utilis\u00e9s dans les exploitations agricoles sont de plus en plus grands chaque ann\u00e9e, ce qui signifie que les angles morts et autres dangers sont plus susceptibles d'\u00eatre pr\u00e9sents. L'installation d'une cam\u00e9ra de recul peut faire une \u00e9norme diff\u00e9rence en mati\u00e8re de s\u00e9curit\u00e9 pour les travailleurs et les membres de leur famille. Une cam\u00e9ra de recul permettra aux op\u00e9rateurs de v\u00e9rifier les angles morts sans avoir \u00e0 sortir du v\u00e9hicule.<\/p>\n<p>Ces cam\u00e9ras fournies par Luview sont con\u00e7ues avec des caract\u00e9ristiques sp\u00e9ciales qui prot\u00e8gent la vision. Luview propose une gamme compl\u00e8te de syst\u00e8mes de cam\u00e9ras de recul agricoles. Ceux-ci comprennent des cam\u00e9ras, des syst\u00e8mes de surveillance et des \u00e9crans haute technologie. Ils sont \u00e9galement \u00e9quip\u00e9s d'un c\u00e2blage s\u00e9curis\u00e9, de harnais et de c\u00e2bles r\u00e9sistants aux intemp\u00e9ries, ainsi que d'accessoires de montage r\u00e9sistants aux chocs.<\/p>\n<\/div><\/section><br \/>\n<section  class='av_textblock_section av-l7lqr5dk-1a9e0707455c4ff198082c53f42277f9'  itemscope=\"itemscope\" itemtype=\"https:\/\/schema.org\/CreativeWork\" ><div class='avia_textblock'  itemprop=\"text\" ><h3>Trouvez un fabricant fiable de cam\u00e9ras de recul pour v\u00e9hicules agricoles<\/h3>\n<\/div><\/section><br \/>\n<section  class='av_textblock_section av-l7lqs88o-e3d32fe85a143d481f18e307923dfef6'  itemscope=\"itemscope\" itemtype=\"https:\/\/schema.org\/CreativeWork\" ><div class='avia_textblock'  itemprop=\"text\" ><p>Lorsque vous achetez une cam\u00e9ra de recul pour votre v\u00e9hicule agricole, vous devez trouver un fabricant r\u00e9put\u00e9. Vous pouvez envisager le syst\u00e8me de cam\u00e9ra de recul Luview. C'est l'une des meilleures offres du march\u00e9, car Luview b\u00e9n\u00e9ficie du taux de satisfaction client le plus \u00e9lev\u00e9 du secteur, propose une livraison rapide et offre une garantie d'un an.<\/p>\n<\/div><\/section><\/p><\/div>\n\n<style type=\"text\/css\" data-created_by=\"avia_inline_auto\" id=\"style-css-av-l2vletd8-6873c757f85d604bdfa88a557a400ac2\">\n.flex_column.av-l2vletd8-6873c757f85d604bdfa88a557a400ac2{\nborder-radius:15px 15px 15px 15px;\n-webkit-border-radius:15px 15px 15px 15px;\n-moz-border-radius:15px 15px 15px 15px;\npadding:50px 50px 50px 50px;\nbox-shadow:0 0 10px 0 #e0e0e0;\n-webkit-box-shadow:0 0 10px 0 #e0e0e0;\n-moz-box-shadow:0 0 10px 0 #e0e0e0;\nbackground-color:#ffffff;\n}\n<\/style>\n<div class='flex_column av-l2vletd8-6873c757f85d604bdfa88a557a400ac2 av_one_full  avia-builder-el-21  el_after_av_one_full  avia-builder-el-last  first flex_column_div column-top-margin'   ><style type=\"text\/css\" data-created_by=\"avia_inline_auto\" id=\"style-css-av-1pn56r-c5797cae44e1194cd88c41e4e080c4a0\">\n#top .av_textblock_section.av-1pn56r-c5797cae44e1194cd88c41e4e080c4a0 .avia_textblock{\ntext-align:center;\n}\n<\/style>\n<section  class='av_textblock_section av-1pn56r-c5797cae44e1194cd88c41e4e080c4a0'  itemscope=\"itemscope\" itemtype=\"https:\/\/schema.org\/CreativeWork\" ><div class='avia_textblock'  itemprop=\"text\" ><h2 style=\"text-transform: uppercase;\">Devis personnalis\u00e9<\/h2>\n<\/div><\/section><br \/>\n\n<style type=\"text\/css\" data-created_by=\"avia_inline_auto\" id=\"style-css-av-1me14z-8350f34feb640d6e4b487e997fe59277\">\n#top .hr.hr-invisible.av-1me14z-8350f34feb640d6e4b487e997fe59277{\nheight:30px;\n}\n<\/style>\n<div  class='hr av-1me14z-8350f34feb640d6e4b487e997fe59277 hr-invisible  avia-builder-el-23  el_after_av_textblock  el_before_av_codeblock'><span class='hr-inner'><span class=\"hr-inner-style\"><\/span><\/span><\/div><br \/>\n<\/p><\/div>","protected":false},"excerpt":{"rendered":"","protected":false},"author":1,"featured_media":0,"parent":387,"menu_order":0,"comment_status":"closed","ping_status":"closed","template":"","meta":{"_monsterinsights_skip_tracking":false,"_monsterinsights_sitenote_active":false,"_monsterinsights_sitenote_note":"","_monsterinsights_sitenote_category":0,"footnotes":""},"class_list":["post-23270","page","type-page","status-publish","hentry"],"_links":{"self":[{"href":"https:\/\/luview.com\/fr\/wp-json\/wp\/v2\/pages\/23270","targetHints":{"allow":["GET"]}}],"collection":[{"href":"https:\/\/luview.com\/fr\/wp-json\/wp\/v2\/pages"}],"about":[{"href":"https:\/\/luview.com\/fr\/wp-json\/wp\/v2\/types\/page"}],"author":[{"embeddable":true,"href":"https:\/\/luview.com\/fr\/wp-json\/wp\/v2\/users\/1"}],"replies":[{"embeddable":true,"href":"https:\/\/luview.com\/fr\/wp-json\/wp\/v2\/comments?post=23270"}],"version-history":[{"count":0,"href":"https:\/\/luview.com\/fr\/wp-json\/wp\/v2\/pages\/23270\/revisions"}],"up":[{"embeddable":true,"href":"https:\/\/luview.com\/fr\/wp-json\/wp\/v2\/pages\/387"}],"wp:attachment":[{"href":"https:\/\/luview.com\/fr\/wp-json\/wp\/v2\/media?parent=23270"}],"curies":[{"name":"wp","href":"https:\/\/api.w.org\/{rel}","templated":true}]}}