{"id":23272,"date":"2022-07-11T10:49:17","date_gmt":"2022-07-11T10:49:17","guid":{"rendered":"https:\/\/luview.com\/?page_id=23272"},"modified":"2025-08-07T09:13:39","modified_gmt":"2025-08-07T09:13:39","slug":"autobus","status":"publish","type":"page","link":"https:\/\/luview.com\/fr\/solutions\/buses\/","title":{"rendered":"Autobus"},"content":{"rendered":"<style type=\"text\/css\" data-created_by=\"avia_inline_auto\" id=\"style-css-av-l2mxefv0-35bb32fcfe7f503a8ac259e0986fd26a\">\n.avia-section.av-l2mxefv0-35bb32fcfe7f503a8ac259e0986fd26a{\nbackground-repeat:no-repeat;\nbackground-image:url(https:\/\/luview.com\/wp-content\/uploads\/2022\/05\/solution-head.jpg);\nbackground-position:50% 50%;\nbackground-attachment:scroll;\n}\n.avia-section.av-l2mxefv0-35bb32fcfe7f503a8ac259e0986fd26a .av-section-color-overlay{\nopacity:0.8;\nbackground-color:#222222;\n}\n<\/style>\n<div id='av_section_1'  class='avia-section av-l2mxefv0-35bb32fcfe7f503a8ac259e0986fd26a main_color avia-section-default avia-no-border-styling  avia-builder-el-0  el_before_av_one_full  avia-builder-el-first  titlebarbox avia-bg-style-scroll av-section-color-overlay-active container_wrap sidebar_left'  data-section-bg-repeat='no-repeat'><div class=\"av-section-color-overlay-wrap\"><div class=\"av-section-color-overlay\"><\/div><div class='container av-section-cont-open' ><main  role=\"main\" itemprop=\"mainContentOfPage\"  class='template-page content  av-content-small units'><div class='post-entry post-entry-type-page post-entry-23272'><div class='entry-content-wrapper clearfix'>\n\n<style type=\"text\/css\" data-created_by=\"avia_inline_auto\" id=\"style-css-av-l2mxr7wy-b4eaf1ebf22700ba8c0e3ddaf64fafea\">\n.flex_column.av-l2mxr7wy-b4eaf1ebf22700ba8c0e3ddaf64fafea{\npadding:10% 0 10% 0;\n}\n<\/style>\n<div class='flex_column av-l2mxr7wy-b4eaf1ebf22700ba8c0e3ddaf64fafea av_one_full  avia-builder-el-1  avia-builder-el-no-sibling  first flex_column_div'   ><style type=\"text\/css\" data-created_by=\"avia_inline_auto\" id=\"style-css-av-l2mxewun-812b60f9f631bff3f3cece738bb226b9\">\n#top .av_textblock_section.av-l2mxewun-812b60f9f631bff3f3cece738bb226b9 .avia_textblock{\ncolor:#ffffff;\ntext-align:center;\n}\n<\/style>\n<section  class='av_textblock_section av-l2mxewun-812b60f9f631bff3f3cece738bb226b9'  itemscope=\"itemscope\" itemtype=\"https:\/\/schema.org\/CreativeWork\" ><div class='avia_textblock av_inherit_color'  itemprop=\"text\" ><h1>Solutions pour les bus<\/h1>\n<\/div><\/section><br \/>\n<\/p><\/div>\n<\/div><\/div><\/main><!-- close content main element --><\/div><\/div><\/div><div id='after_section_1'  class='main_color av_default_container_wrap container_wrap sidebar_left'  ><div class='container av-section-cont-open' ><div class='template-page content  av-content-small units'><div class='post-entry post-entry-type-page post-entry-23272'><div class='entry-content-wrapper clearfix'>\n<div class='flex_column av-zn923-2998580518e3833d33293177f79d69a5 av_one_full  avia-builder-el-4  el_after_av_section  el_before_av_one_third  avia-builder-el-first  first flex_column_div'   ><section  class='av_textblock_section av-l2vl9sc8-321202df39fd446ec8d30e8813d0d1d6'  itemscope=\"itemscope\" itemtype=\"https:\/\/schema.org\/CreativeWork\" ><div class='avia_textblock'  itemprop=\"text\" ><h3>Bus Backup Camera System &amp; Solution<\/h3>\n<\/div><\/section><br \/>\n<section  class='av_textblock_section av-l2vla2no-02a9d235c6ee455249ee410d4d085d73'  itemscope=\"itemscope\" itemtype=\"https:\/\/schema.org\/CreativeWork\" ><div class='avia_textblock'  itemprop=\"text\" ><p>Que vous ayez besoin d'une nouvelle cam\u00e9ra de recul pour bus scolaire ou que vous souhaitiez am\u00e9liorer la s\u00e9curit\u00e9 de votre flotte, vous trouverez chez Luview la solution adapt\u00e9e \u00e0 vos besoins.<\/p>\n<p>La soci\u00e9t\u00e9 Shenzhen Luview Co. a \u00e9t\u00e9 cr\u00e9\u00e9e en 2006 et poss\u00e8de plus de 18 ans d'exp\u00e9rience dans l'industrie de la surveillance des v\u00e9hicules. Vous pouvez obtenir divers produits de cam\u00e9ra de bus \u00e0 un prix int\u00e9ressant en nous envoyant un e-mail \u00e0 : <a href=\"mailto:sales@luview.com\"><u>sales@luview.com<\/u><\/a>\u00a0.<\/p>\n<\/div><\/section><\/p><\/div>\n<div class='flex_column av-2ps3aj-3e87c5f96607d28e3a55d1356f20c5cd av_one_third  avia-builder-el-7  el_after_av_one_full  el_before_av_one_third  first flex_column_div column-top-margin'   ><p>\n<style type=\"text\/css\" data-created_by=\"avia_inline_auto\" id=\"style-css-av-l2vl5f5x-c00ffa9b4d75974962cc409903ae049e\">\n.avia-image-container.av-l2vl5f5x-c00ffa9b4d75974962cc409903ae049e .av-image-caption-overlay-center{\ncolor:#ffffff;\n}\n<\/style>\n<div  class='avia-image-container av-l2vl5f5x-c00ffa9b4d75974962cc409903ae049e av-styling- avia-align-center  avia-builder-el-8  el_before_av_textblock  avia-builder-el-first'  itemprop=\"image\" itemscope=\"itemscope\" itemtype=\"https:\/\/schema.org\/ImageObject\" ><div class=\"avia-image-container-inner\"><div class=\"avia-image-overlay-wrap\"><a href=\"https:\/\/luview.com\/fr\/solutions\/buses\/school-bus-camera-solution\/\" class='avia_image' ><img decoding=\"async\" class='wp-image-23303 avia-img-lazy-loading-not-23303 avia_image lazyload' data-src=\"https:\/\/luview.com\/wp-content\/uploads\/2022\/07\/SCHOOL-BUS-CAMERA-SOLUTION.jpg\" alt='SOLUTION DE CAM\u00c9RA POUR LES BUS SCOLAIRES' title='SOLUTION DE CAM\u00c9RA POUR LES BUS SCOLAIRES'  height=\"400\" width=\"400\"  itemprop=\"thumbnailUrl\" data-srcset=\"https:\/\/luview.com\/wp-content\/uploads\/2022\/07\/SCHOOL-BUS-CAMERA-SOLUTION.jpg 400w, https:\/\/luview.com\/wp-content\/uploads\/2022\/07\/SCHOOL-BUS-CAMERA-SOLUTION-100x100.jpg 100w, https:\/\/luview.com\/wp-content\/uploads\/2022\/07\/SCHOOL-BUS-CAMERA-SOLUTION-300x300.jpg 300w, https:\/\/luview.com\/wp-content\/uploads\/2022\/07\/SCHOOL-BUS-CAMERA-SOLUTION-80x80.jpg 80w, https:\/\/luview.com\/wp-content\/uploads\/2022\/07\/SCHOOL-BUS-CAMERA-SOLUTION-36x36.jpg 36w, https:\/\/luview.com\/wp-content\/uploads\/2022\/07\/SCHOOL-BUS-CAMERA-SOLUTION-180x180.jpg 180w\" data-sizes=\"(max-width: 400px) 100vw, 400px\" src=\"data:image\/svg+xml;base64,PHN2ZyB3aWR0aD0iMSIgaGVpZ2h0PSIxIiB4bWxucz0iaHR0cDovL3d3dy53My5vcmcvMjAwMC9zdmciPjwvc3ZnPg==\" style=\"--smush-placeholder-width: 400px; --smush-placeholder-aspect-ratio: 400\/400;\" \/><\/a><\/div><\/div><\/div><br \/>\n\n<style type=\"text\/css\" data-created_by=\"avia_inline_auto\" id=\"style-css-av-2m67d7-f8b3e92bddd972c8958c08357236f45c\">\n#top .av_textblock_section.av-2m67d7-f8b3e92bddd972c8958c08357236f45c .avia_textblock{\ntext-align:center;\n}\n<\/style>\n<section  class='av_textblock_section av-2m67d7-f8b3e92bddd972c8958c08357236f45c'  itemscope=\"itemscope\" itemtype=\"https:\/\/schema.org\/CreativeWork\" ><div class='avia_textblock'  itemprop=\"text\" ><h4 style=\"text-align: center;\"><a href=\"https:\/\/luview.com\/solutions\/buses\/school-bus-camera-solution\/\">Solution de cam\u00e9ra pour autobus scolaires<\/a><\/h4>\n<\/div><\/section><\/p><\/div>\n<div class='flex_column av-2ejarf-e202d8942680281a68fcdb041db7e656 av_one_third  avia-builder-el-10  el_after_av_one_third  el_before_av_one_third  flex_column_div column-top-margin'   ><p>\n<style type=\"text\/css\" data-created_by=\"avia_inline_auto\" id=\"style-css-av-l2vl5vyn-d769fd9577e4189e0c2864aa7e1a25d8\">\n.avia-image-container.av-l2vl5vyn-d769fd9577e4189e0c2864aa7e1a25d8 .av-image-caption-overlay-center{\ncolor:#ffffff;\n}\n<\/style>\n<div  class='avia-image-container av-l2vl5vyn-d769fd9577e4189e0c2864aa7e1a25d8 av-styling- avia-align-center  avia-builder-el-11  el_before_av_textblock  avia-builder-el-first'  itemprop=\"image\" itemscope=\"itemscope\" itemtype=\"https:\/\/schema.org\/ImageObject\" ><div class=\"avia-image-container-inner\"><div class=\"avia-image-overlay-wrap\"><a href=\"https:\/\/luview.com\/fr\/solutions\/buses\/shuttle-bus-camera-system\/\" class='avia_image' ><img decoding=\"async\" class='wp-image-23317 avia-img-lazy-loading-not-23317 avia_image lazyload' data-src=\"https:\/\/luview.com\/wp-content\/uploads\/2022\/07\/Shuttle-Bus-Camera-Solution.jpg\" alt='Solution de cam\u00e9ra pour navette' title='Solution de cam\u00e9ra pour navette'  height=\"400\" width=\"400\"  itemprop=\"thumbnailUrl\" data-srcset=\"https:\/\/luview.com\/wp-content\/uploads\/2022\/07\/Shuttle-Bus-Camera-Solution.jpg 400w, https:\/\/luview.com\/wp-content\/uploads\/2022\/07\/Shuttle-Bus-Camera-Solution-100x100.jpg 100w, https:\/\/luview.com\/wp-content\/uploads\/2022\/07\/Shuttle-Bus-Camera-Solution-300x300.jpg 300w, https:\/\/luview.com\/wp-content\/uploads\/2022\/07\/Shuttle-Bus-Camera-Solution-80x80.jpg 80w, https:\/\/luview.com\/wp-content\/uploads\/2022\/07\/Shuttle-Bus-Camera-Solution-36x36.jpg 36w, https:\/\/luview.com\/wp-content\/uploads\/2022\/07\/Shuttle-Bus-Camera-Solution-180x180.jpg 180w\" data-sizes=\"(max-width: 400px) 100vw, 400px\" src=\"data:image\/svg+xml;base64,PHN2ZyB3aWR0aD0iMSIgaGVpZ2h0PSIxIiB4bWxucz0iaHR0cDovL3d3dy53My5vcmcvMjAwMC9zdmciPjwvc3ZnPg==\" style=\"--smush-placeholder-width: 400px; --smush-placeholder-aspect-ratio: 400\/400;\" \/><\/a><\/div><\/div><\/div><br \/>\n\n<style type=\"text\/css\" data-created_by=\"avia_inline_auto\" id=\"style-css-av-2ame8b-12b496c1614357556a4c7bab706be968\">\n#top .av_textblock_section.av-2ame8b-12b496c1614357556a4c7bab706be968 .avia_textblock{\ntext-align:center;\n}\n<\/style>\n<section  class='av_textblock_section av-2ame8b-12b496c1614357556a4c7bab706be968'  itemscope=\"itemscope\" itemtype=\"https:\/\/schema.org\/CreativeWork\" ><div class='avia_textblock'  itemprop=\"text\" ><h4 style=\"text-align: center;\"><a href=\"https:\/\/luview.com\/solutions\/buses\/shuttle-bus-camera-system\/\">Solution de cam\u00e9ra pour navette<\/a><\/h4>\n<\/div><\/section><\/p><\/div>\n<div class='flex_column av-33x9jf-1c424f85e815b2819914c47335725612 av_one_third  avia-builder-el-13  el_after_av_one_third  el_before_av_one_third  flex_column_div column-top-margin'   ><p>\n<style type=\"text\/css\" data-created_by=\"avia_inline_auto\" id=\"style-css-av-l2vl2xqc-48c861c2c8570efb51ed9417c92f5c85\">\n.avia-image-container.av-l2vl2xqc-48c861c2c8570efb51ed9417c92f5c85 .av-image-caption-overlay-center{\ncolor:#ffffff;\n}\n<\/style>\n<div  class='avia-image-container av-l2vl2xqc-48c861c2c8570efb51ed9417c92f5c85 av-styling- avia-align-center  avia-builder-el-14  el_before_av_textblock  avia-builder-el-first'  itemprop=\"image\" itemscope=\"itemscope\" itemtype=\"https:\/\/schema.org\/ImageObject\" ><div class=\"avia-image-container-inner\"><div class=\"avia-image-overlay-wrap\"><a href=\"https:\/\/luview.com\/fr\/solutions\/buses\/transit-bus-camera-system\/\" class='avia_image' ><img decoding=\"async\" class='wp-image-23313 avia-img-lazy-loading-not-23313 avia_image lazyload' data-src=\"https:\/\/luview.com\/wp-content\/uploads\/2022\/07\/Transit-Bus-Camera-Solution.jpg\" alt='Solution de cam\u00e9ra pour bus de transport en commun' title='Solution de cam\u00e9ra pour bus de transport en commun'  height=\"400\" width=\"400\"  itemprop=\"thumbnailUrl\" data-srcset=\"https:\/\/luview.com\/wp-content\/uploads\/2022\/07\/Transit-Bus-Camera-Solution.jpg 400w, https:\/\/luview.com\/wp-content\/uploads\/2022\/07\/Transit-Bus-Camera-Solution-100x100.jpg 100w, https:\/\/luview.com\/wp-content\/uploads\/2022\/07\/Transit-Bus-Camera-Solution-300x300.jpg 300w, https:\/\/luview.com\/wp-content\/uploads\/2022\/07\/Transit-Bus-Camera-Solution-80x80.jpg 80w, https:\/\/luview.com\/wp-content\/uploads\/2022\/07\/Transit-Bus-Camera-Solution-36x36.jpg 36w, https:\/\/luview.com\/wp-content\/uploads\/2022\/07\/Transit-Bus-Camera-Solution-180x180.jpg 180w\" data-sizes=\"(max-width: 400px) 100vw, 400px\" src=\"data:image\/svg+xml;base64,PHN2ZyB3aWR0aD0iMSIgaGVpZ2h0PSIxIiB4bWxucz0iaHR0cDovL3d3dy53My5vcmcvMjAwMC9zdmciPjwvc3ZnPg==\" style=\"--smush-placeholder-width: 400px; --smush-placeholder-aspect-ratio: 400\/400;\" \/><\/a><\/div><\/div><\/div><br \/>\n\n<style type=\"text\/css\" data-created_by=\"avia_inline_auto\" id=\"style-css-av-l2vl44qd-a9fd2e80f8564808c6bd161526b1aaa5\">\n#top .av_textblock_section.av-l2vl44qd-a9fd2e80f8564808c6bd161526b1aaa5 .avia_textblock{\ntext-align:center;\n}\n<\/style>\n<section  class='av_textblock_section av-l2vl44qd-a9fd2e80f8564808c6bd161526b1aaa5'  itemscope=\"itemscope\" itemtype=\"https:\/\/schema.org\/CreativeWork\" ><div class='avia_textblock'  itemprop=\"text\" ><h4 style=\"text-align: center;\"><a href=\"https:\/\/luview.com\/solutions\/buses\/transit-bus-camera-system\/\">Solution de cam\u00e9ra pour bus de transport en commun<\/a><\/h4>\n<\/div><\/section><\/p><\/div>\n<div class='flex_column av-1w0job-f7b39fefdc55abed3e88101aa0d2c13e av_one_third  avia-builder-el-16  el_after_av_one_third  el_before_av_one_full  first flex_column_div column-top-margin'   ><p>\n<style type=\"text\/css\" data-created_by=\"avia_inline_auto\" id=\"style-css-av-l2vl6wsn-3eb8652bf30ed41a3377db0a128a5853\">\n.avia-image-container.av-l2vl6wsn-3eb8652bf30ed41a3377db0a128a5853 .av-image-caption-overlay-center{\ncolor:#ffffff;\n}\n<\/style>\n<div  class='avia-image-container av-l2vl6wsn-3eb8652bf30ed41a3377db0a128a5853 av-styling- avia-align-center  avia-builder-el-17  el_before_av_textblock  avia-builder-el-first'  itemprop=\"image\" itemscope=\"itemscope\" itemtype=\"https:\/\/schema.org\/ImageObject\" ><div class=\"avia-image-container-inner\"><div class=\"avia-image-overlay-wrap\"><a href=\"https:\/\/luview.com\/fr\/solutions\/buses\/coach-bus-camera-system\/\" class='avia_image' ><img decoding=\"async\" class='wp-image-23309 avia-img-lazy-loading-not-23309 avia_image lazyload' data-src=\"https:\/\/luview.com\/wp-content\/uploads\/2022\/07\/Coach-Bus-Camera-Solution.jpg\" alt='Solution de cam\u00e9ra pour autocar' title='Solution de cam\u00e9ra pour autocar'  height=\"400\" width=\"400\"  itemprop=\"thumbnailUrl\" data-srcset=\"https:\/\/luview.com\/wp-content\/uploads\/2022\/07\/Coach-Bus-Camera-Solution.jpg 400w, https:\/\/luview.com\/wp-content\/uploads\/2022\/07\/Coach-Bus-Camera-Solution-100x100.jpg 100w, https:\/\/luview.com\/wp-content\/uploads\/2022\/07\/Coach-Bus-Camera-Solution-300x300.jpg 300w, https:\/\/luview.com\/wp-content\/uploads\/2022\/07\/Coach-Bus-Camera-Solution-80x80.jpg 80w, https:\/\/luview.com\/wp-content\/uploads\/2022\/07\/Coach-Bus-Camera-Solution-36x36.jpg 36w, https:\/\/luview.com\/wp-content\/uploads\/2022\/07\/Coach-Bus-Camera-Solution-180x180.jpg 180w\" data-sizes=\"(max-width: 400px) 100vw, 400px\" src=\"data:image\/svg+xml;base64,PHN2ZyB3aWR0aD0iMSIgaGVpZ2h0PSIxIiB4bWxucz0iaHR0cDovL3d3dy53My5vcmcvMjAwMC9zdmciPjwvc3ZnPg==\" style=\"--smush-placeholder-width: 400px; --smush-placeholder-aspect-ratio: 400\/400;\" \/><\/a><\/div><\/div><\/div><br \/>\n\n<style type=\"text\/css\" data-created_by=\"avia_inline_auto\" id=\"style-css-av-1p19dn-a970b6d55ba0d86edd4047305c5de9ec\">\n#top .av_textblock_section.av-1p19dn-a970b6d55ba0d86edd4047305c5de9ec .avia_textblock{\ntext-align:center;\n}\n<\/style>\n<section  class='av_textblock_section av-1p19dn-a970b6d55ba0d86edd4047305c5de9ec'  itemscope=\"itemscope\" itemtype=\"https:\/\/schema.org\/CreativeWork\" ><div class='avia_textblock'  itemprop=\"text\" ><h4 style=\"text-align: center;\"><a href=\"https:\/\/luview.com\/solutions\/buses\/coach-bus-camera-system\/\">Solution de cam\u00e9ra pour autocar<\/a><\/h4>\n<\/div><\/section><\/p><\/div>\n<div class='flex_column av-3hu5mrs-1951f09a8b08a557305000f8e7f262ee av_one_full  avia-builder-el-19  el_after_av_one_third  el_before_av_one_full  first flex_column_div column-top-margin'   ><section  class='av_textblock_section av-2vrkitk-10ce4722a6037c90eb8d662fe54653ae'  itemscope=\"itemscope\" itemtype=\"https:\/\/schema.org\/CreativeWork\" ><div class='avia_textblock'  itemprop=\"text\" ><h3>Pourquoi la cam\u00e9ra de recul est importante pour les bus<\/h3>\n<\/div><\/section><br \/>\n<section  class='av_textblock_section av-9oynm0-ca7191500711bb93c01ebef3c70b7ad4'  itemscope=\"itemscope\" itemtype=\"https:\/\/schema.org\/CreativeWork\" ><div class='avia_textblock'  itemprop=\"text\" ><p>Les cam\u00e9ras de recul pour autobus sont particuli\u00e8rement utiles lorsque l'autobus roule \u00e0 grande vitesse. Elles peuvent \u00e9galement aider les conducteurs \u00e0 voir les pi\u00e9tons, les enfants et les voitures en exc\u00e8s de vitesse derri\u00e8re le bus.<\/p>\n<p>La cam\u00e9ra capture une image de tout ce qui se trouve au-del\u00e0 du pare-chocs arri\u00e8re, comme les objets situ\u00e9s dans l'angle mort du conducteur ou les pi\u00e9tons qui traversent la route. Ces images sont ensuite projet\u00e9es sur un moniteur afin que le conducteur puisse voir ce qu'il recule et man\u0153uvrer l'autobus en toute s\u00e9curit\u00e9.<\/p>\n<p>Une \u00e9tude de la National Highway Traffic Safety Administration (NHTSA) a montr\u00e9 que l'installation de cam\u00e9ras de recul dans les autobus a permis de r\u00e9duire de 30 % le nombre d'incidents li\u00e9s \u00e0 des collisions par renversement.<\/p>\n<\/div><\/section><br \/>\n<section  class='av_textblock_section av-2a70ui0-a3e798fbad357ca47d6fb01bff177906'  itemscope=\"itemscope\" itemtype=\"https:\/\/schema.org\/CreativeWork\" ><div class='avia_textblock'  itemprop=\"text\" ><h3>Cam\u00e9ra de recul pour bus avec ou sans fil<\/h3>\n<\/div><\/section><br \/>\n<section  class='av_textblock_section av-1gvq0qw-56eb931562b753b1736eea498d4498fb'  itemscope=\"itemscope\" itemtype=\"https:\/\/schema.org\/CreativeWork\" ><div class='avia_textblock'  itemprop=\"text\" ><p>La premi\u00e8re question que vous devez vous poser est de savoir si vous devez acheter une cam\u00e9ra de recul pour bus avec ou sans fil. Bien qu'une cam\u00e9ra de bus sans fil pr\u00e9sente de nombreux avantages, la qualit\u00e9 de l'image n'est pas toujours la meilleure. Les cam\u00e9ras de secours sans fil sont sujettes aux interf\u00e9rences, au d\u00e9calage et \u00e0 la perte de qualit\u00e9 g\u00e9n\u00e9rale de l'image. De plus, si la transmission est faible en raison d'influences environnementales, les images peuvent \u00eatre floues ou pixellis\u00e9es. Cela peut nuire \u00e0 la s\u00e9curit\u00e9 de vos passagers.<\/p>\n<p>Une cam\u00e9ra de recul filaire pour bus est plus fiable et fournit une image plus claire qu'une cam\u00e9ra sans fil. La connexion filaire permet de recevoir les images plus rapidement et est meilleure pour la qualit\u00e9 de l'image. Une cam\u00e9ra filaire est plus ch\u00e8re qu'une cam\u00e9ra sans fil, mais elle offre une meilleure qualit\u00e9 d'image. Si vous craignez de perdre la qualit\u00e9 de l'image en cas d'urgence, les cam\u00e9ras filaires sont un bon choix. Elles sont \u00e0 la fois efficaces pour la sauvegarde du bus et peuvent vous aider \u00e0 \u00e9viter des co\u00fbts et des inconv\u00e9nients inutiles.<\/p>\n<\/div><\/section><br \/>\n<section  class='av_textblock_section av-19r470o-f8412ec96ed6ccaed45ade25ea1d5602'  itemscope=\"itemscope\" itemtype=\"https:\/\/schema.org\/CreativeWork\" ><div class='avia_textblock'  itemprop=\"text\" ><h3>Comment choisir la meilleure cam\u00e9ra de recul pour bus<\/h3>\n<\/div><\/section><br \/>\n<section  class='av_textblock_section av-2e82co-74e49afb3fbacfd86ee9222998cd1a07'  itemscope=\"itemscope\" itemtype=\"https:\/\/schema.org\/CreativeWork\" ><div class='avia_textblock'  itemprop=\"text\" ><p>Il y a quelques \u00e9l\u00e9ments cl\u00e9s \u00e0 prendre en compte lors du choix de la meilleure cam\u00e9ra de recul pour bus. L'une des caract\u00e9ristiques les plus importantes est l'angle de vision de la cam\u00e9ra. Une cam\u00e9ra avec un angle de vision de 120 degr\u00e9s est importante pour capturer les angles morts. Une autre caract\u00e9ristique importante \u00e0 prendre en compte est la durabilit\u00e9 de la cam\u00e9ra. La cam\u00e9ra pour bus Luview est l'une des plus durables, elle est \u00e9tanche et r\u00e9sistante aux chocs et fonctionne bien dans les environnements ext\u00e9rieurs difficiles.<\/p>\n<\/div><\/section><\/p><\/div>\n\n<style type=\"text\/css\" data-created_by=\"avia_inline_auto\" id=\"style-css-av-l2vletd8-6873c757f85d604bdfa88a557a400ac2\">\n.flex_column.av-l2vletd8-6873c757f85d604bdfa88a557a400ac2{\nborder-radius:15px 15px 15px 15px;\n-webkit-border-radius:15px 15px 15px 15px;\n-moz-border-radius:15px 15px 15px 15px;\npadding:50px 50px 50px 50px;\nbox-shadow:0 0 10px 0 #e0e0e0;\n-webkit-box-shadow:0 0 10px 0 #e0e0e0;\n-moz-box-shadow:0 0 10px 0 #e0e0e0;\nbackground-color:#ffffff;\n}\n<\/style>\n<div class='flex_column av-l2vletd8-6873c757f85d604bdfa88a557a400ac2 av_one_full  avia-builder-el-26  el_after_av_one_full  avia-builder-el-last  first flex_column_div column-top-margin'   ><style type=\"text\/css\" data-created_by=\"avia_inline_auto\" id=\"style-css-av-1pn56r-c5797cae44e1194cd88c41e4e080c4a0\">\n#top .av_textblock_section.av-1pn56r-c5797cae44e1194cd88c41e4e080c4a0 .avia_textblock{\ntext-align:center;\n}\n<\/style>\n<section  class='av_textblock_section av-1pn56r-c5797cae44e1194cd88c41e4e080c4a0'  itemscope=\"itemscope\" itemtype=\"https:\/\/schema.org\/CreativeWork\" ><div class='avia_textblock'  itemprop=\"text\" ><h3>Devis personnalis\u00e9<\/h3>\n<\/div><\/section><br \/>\n\n<style type=\"text\/css\" data-created_by=\"avia_inline_auto\" id=\"style-css-av-1me14z-8350f34feb640d6e4b487e997fe59277\">\n#top .hr.hr-invisible.av-1me14z-8350f34feb640d6e4b487e997fe59277{\nheight:30px;\n}\n<\/style>\n<div  class='hr av-1me14z-8350f34feb640d6e4b487e997fe59277 hr-invisible  avia-builder-el-28  el_after_av_textblock  el_before_av_codeblock'><span class='hr-inner'><span class=\"hr-inner-style\"><\/span><\/span><\/div><br \/>\n<\/p><\/div>","protected":false},"excerpt":{"rendered":"","protected":false},"author":1,"featured_media":0,"parent":387,"menu_order":0,"comment_status":"closed","ping_status":"closed","template":"","meta":{"_monsterinsights_skip_tracking":false,"_monsterinsights_sitenote_active":false,"_monsterinsights_sitenote_note":"","_monsterinsights_sitenote_category":0,"footnotes":""},"class_list":["post-23272","page","type-page","status-publish","hentry"],"_links":{"self":[{"href":"https:\/\/luview.com\/fr\/wp-json\/wp\/v2\/pages\/23272","targetHints":{"allow":["GET"]}}],"collection":[{"href":"https:\/\/luview.com\/fr\/wp-json\/wp\/v2\/pages"}],"about":[{"href":"https:\/\/luview.com\/fr\/wp-json\/wp\/v2\/types\/page"}],"author":[{"embeddable":true,"href":"https:\/\/luview.com\/fr\/wp-json\/wp\/v2\/users\/1"}],"replies":[{"embeddable":true,"href":"https:\/\/luview.com\/fr\/wp-json\/wp\/v2\/comments?post=23272"}],"version-history":[{"count":1,"href":"https:\/\/luview.com\/fr\/wp-json\/wp\/v2\/pages\/23272\/revisions"}],"predecessor-version":[{"id":43377,"href":"https:\/\/luview.com\/fr\/wp-json\/wp\/v2\/pages\/23272\/revisions\/43377"}],"up":[{"embeddable":true,"href":"https:\/\/luview.com\/fr\/wp-json\/wp\/v2\/pages\/387"}],"wp:attachment":[{"href":"https:\/\/luview.com\/fr\/wp-json\/wp\/v2\/media?parent=23272"}],"curies":[{"name":"wp","href":"https:\/\/api.w.org\/{rel}","templated":true}]}}