{"id":23561,"date":"2022-08-24T10:28:08","date_gmt":"2022-08-24T10:28:08","guid":{"rendered":"https:\/\/luview.com\/?page_id=23561"},"modified":"2025-08-07T07:42:07","modified_gmt":"2025-08-07T07:42:07","slug":"systeme-de-cameras-pour-caravane-a-sellette","status":"publish","type":"page","link":"https:\/\/luview.com\/fr\/solutions\/rvs\/fifth-wheel-camper-camera-system\/","title":{"rendered":"Syst\u00e8me de cam\u00e9ras pour camping-car \u00e0 sellette"},"content":{"rendered":"<style type=\"text\/css\" data-created_by=\"avia_inline_auto\" id=\"style-css-av-l2mxefv0-35bb32fcfe7f503a8ac259e0986fd26a\">\n.avia-section.av-l2mxefv0-35bb32fcfe7f503a8ac259e0986fd26a{\nbackground-repeat:no-repeat;\nbackground-image:url(https:\/\/luview.com\/wp-content\/uploads\/2022\/05\/solution-head.jpg);\nbackground-position:50% 50%;\nbackground-attachment:scroll;\n}\n.avia-section.av-l2mxefv0-35bb32fcfe7f503a8ac259e0986fd26a .av-section-color-overlay{\nopacity:0.8;\nbackground-color:#222222;\n}\n<\/style>\n<div id='av_section_1'  class='avia-section av-l2mxefv0-35bb32fcfe7f503a8ac259e0986fd26a main_color avia-section-default avia-no-border-styling  avia-builder-el-0  el_before_av_one_full  avia-builder-el-first  titlebarbox avia-bg-style-scroll av-section-color-overlay-active container_wrap sidebar_left'  data-section-bg-repeat='no-repeat'><div class=\"av-section-color-overlay-wrap\"><div class=\"av-section-color-overlay\"><\/div><div class='container av-section-cont-open' ><main  role=\"main\" itemprop=\"mainContentOfPage\"  class='template-page content  av-content-small units'><div class='post-entry post-entry-type-page post-entry-23561'><div class='entry-content-wrapper clearfix'>\n\n<style type=\"text\/css\" data-created_by=\"avia_inline_auto\" id=\"style-css-av-l2mxr7wy-b4eaf1ebf22700ba8c0e3ddaf64fafea\">\n.flex_column.av-l2mxr7wy-b4eaf1ebf22700ba8c0e3ddaf64fafea{\npadding:10% 0 10% 0;\n}\n<\/style>\n<div class='flex_column av-l2mxr7wy-b4eaf1ebf22700ba8c0e3ddaf64fafea av_one_full  avia-builder-el-1  avia-builder-el-no-sibling  first flex_column_div'   ><style type=\"text\/css\" data-created_by=\"avia_inline_auto\" id=\"style-css-av-l2mxewun-812b60f9f631bff3f3cece738bb226b9\">\n#top .av_textblock_section.av-l2mxewun-812b60f9f631bff3f3cece738bb226b9 .avia_textblock{\ncolor:#ffffff;\ntext-align:center;\n}\n<\/style>\n<section  class='av_textblock_section av-l2mxewun-812b60f9f631bff3f3cece738bb226b9'  itemscope=\"itemscope\" itemtype=\"https:\/\/schema.org\/CreativeWork\" ><div class='avia_textblock av_inherit_color'  itemprop=\"text\" ><h1>Syst\u00e8me de cam\u00e9ras pour camping-car \u00e0 sellette<\/h1>\n<\/div><\/section><br \/>\n<\/p><\/div>\n<\/div><\/div><\/main><!-- close content main element --><\/div><\/div><\/div><div id='after_section_1'  class='main_color av_default_container_wrap container_wrap sidebar_left'  ><div class='container av-section-cont-open' ><div class='template-page content  av-content-small units'><div class='post-entry post-entry-type-page post-entry-23561'><div class='entry-content-wrapper clearfix'>\n<div class='flex_column av-36otn7-68283b50c5d531435b3089733b837bd2 av_one_full  avia-builder-el-4  el_after_av_section  el_before_av_two_third  avia-builder-el-first  first flex_column_div'   ><style type=\"text\/css\" data-created_by=\"avia_inline_auto\" id=\"style-css-av-l2vl0whv-12c18fcd60407881c4a552325390afb9\">\n#top .av_textblock_section.av-l2vl0whv-12c18fcd60407881c4a552325390afb9 .avia_textblock{\ncolor:#333333;\n}\n<\/style>\n<section  class='av_textblock_section av-l2vl0whv-12c18fcd60407881c4a552325390afb9'  itemscope=\"itemscope\" itemtype=\"https:\/\/schema.org\/CreativeWork\" ><div class='avia_textblock av_inherit_color'  itemprop=\"text\" ><h3>Solution de cam\u00e9ra pour camping-car \u00e0 sellette<\/h3>\n<\/div><\/section><br \/>\n<section  class='av_textblock_section av-l6tgj0he-99e9f8273172b315d83a09d5deeb5b7b'  itemscope=\"itemscope\" itemtype=\"https:\/\/schema.org\/CreativeWork\" ><div class='avia_textblock'  itemprop=\"text\" ><p>En raison de la structure particuli\u00e8re des caravanes \u00e0 sellette, de nombreux probl\u00e8mes de s\u00e9curit\u00e9 se posent lorsque le v\u00e9hicule avance ou recule. Le syst\u00e8me de cam\u00e9ras pour caravanes \u00e0 sellette Luview permet de r\u00e9duire efficacement les accidents caus\u00e9s par les angles morts. N'h\u00e9sitez pas \u00e0 nous contacter pour plus d'informations : <a href=\"mailto:sales@luview.com\">sales@luview.com<\/a> .<\/p>\n<\/div><\/section><br \/>\n\n<style type=\"text\/css\" data-created_by=\"avia_inline_auto\" id=\"style-css-av-l2vl2xqc-3e4d894aea0113ad77945d4f6a664a1d\">\n.avia-image-container.av-l2vl2xqc-3e4d894aea0113ad77945d4f6a664a1d .av-image-caption-overlay-center{\ncolor:#ffffff;\n}\n<\/style>\n<div  class='avia-image-container av-l2vl2xqc-3e4d894aea0113ad77945d4f6a664a1d av-styling- avia-align-center  avia-builder-el-7  el_after_av_textblock  avia-builder-el-last'  itemprop=\"image\" itemscope=\"itemscope\" itemtype=\"https:\/\/schema.org\/ImageObject\" ><div class=\"avia-image-container-inner\"><div class=\"avia-image-overlay-wrap\"><img decoding=\"async\" class='wp-image-23562 avia-img-lazy-loading-not-23562 avia_image lazyload' data-src=\"https:\/\/luview.com\/wp-content\/uploads\/2022\/08\/Fifth-Wheel-Camper-Camera-System.jpg\" alt='Syst\u00e8me de cam\u00e9ras pour camping-car \u00e0 sellette' title='Syst\u00e8me de cam\u00e9ras pour camping-car \u00e0 sellette'  height=\"510\" width=\"1061\"  itemprop=\"thumbnailUrl\" data-srcset=\"https:\/\/luview.com\/wp-content\/uploads\/2022\/08\/Fifth-Wheel-Camper-Camera-System.jpg 1061w, https:\/\/luview.com\/wp-content\/uploads\/2022\/08\/Fifth-Wheel-Camper-Camera-System-800x385.jpg 800w, https:\/\/luview.com\/wp-content\/uploads\/2022\/08\/Fifth-Wheel-Camper-Camera-System-300x144.jpg 300w, https:\/\/luview.com\/wp-content\/uploads\/2022\/08\/Fifth-Wheel-Camper-Camera-System-1030x495.jpg 1030w, https:\/\/luview.com\/wp-content\/uploads\/2022\/08\/Fifth-Wheel-Camper-Camera-System-768x369.jpg 768w, https:\/\/luview.com\/wp-content\/uploads\/2022\/08\/Fifth-Wheel-Camper-Camera-System-705x339.jpg 705w, https:\/\/luview.com\/wp-content\/uploads\/2022\/08\/Fifth-Wheel-Camper-Camera-System-600x288.jpg 600w\" data-sizes=\"(max-width: 1061px) 100vw, 1061px\" src=\"data:image\/svg+xml;base64,PHN2ZyB3aWR0aD0iMSIgaGVpZ2h0PSIxIiB4bWxucz0iaHR0cDovL3d3dy53My5vcmcvMjAwMC9zdmciPjwvc3ZnPg==\" style=\"--smush-placeholder-width: 1061px; --smush-placeholder-aspect-ratio: 1061\/510;\" \/><\/div><\/div><\/div><\/p><\/div>\n<div class='flex_column_table av-l2vuent2-113f0c374e6e63ea3bcfcd112cd4ec3d sc-av_two_third av-equal-height-column-flextable'><div class='flex_column av-l2vuent2-113f0c374e6e63ea3bcfcd112cd4ec3d av_two_third  avia-builder-el-8  el_after_av_one_full  el_before_av_one_third  first flex_column_table_cell av-equal-height-column av-align-middle column-top-margin'   ><style type=\"text\/css\" data-created_by=\"avia_inline_auto\" id=\"style-css-av-l2vucuj8-ccab866384f21b62ed7daf286d2eabda\">\n#top .av_textblock_section.av-l2vucuj8-ccab866384f21b62ed7daf286d2eabda .avia_textblock{\ncolor:#333333;\n}\n<\/style>\n<section  class='av_textblock_section av-l2vucuj8-ccab866384f21b62ed7daf286d2eabda'  itemscope=\"itemscope\" itemtype=\"https:\/\/schema.org\/CreativeWork\" ><div class='avia_textblock av_inherit_color'  itemprop=\"text\" ><h2>Comment fonctionne la cam\u00e9ra pour caravane \u00e0 sellette ?<\/h2>\n<\/div><\/section><br \/>\n<section  class='av_textblock_section av-l2vucyq1-7aafae540286fe3356a0a7f87fe1c1d5'  itemscope=\"itemscope\" itemtype=\"https:\/\/schema.org\/CreativeWork\" ><div class='avia_textblock'  itemprop=\"text\" ><p>Si vous \u00eates \u00e0 la recherche d'une nouvelle caravane \u00e0 sellette, l'une des options les plus populaires est le syst\u00e8me de cam\u00e9ras. En g\u00e9n\u00e9ral, le syst\u00e8me de cam\u00e9ras pour caravane \u00e0 sellette utilise deux cam\u00e9ras vid\u00e9o mont\u00e9es dos \u00e0 dos derri\u00e8re la caravane. Lorsque le camion recule, le moniteur dans la cabine affiche les images de la cam\u00e9ra orient\u00e9e vers l'arri\u00e8re. Le conducteur peut ainsi voir ce qui se passe autour de la caravane et, en cas de probl\u00e8me, intervenir avant qu'il ne soit trop tard.<\/p>\n<p>La cam\u00e9ra de recul est situ\u00e9e au-dessus de la lunette arri\u00e8re pleine largeur, tandis que les cam\u00e9ras lat\u00e9rales sont mont\u00e9es \u00e0 hauteur d'\u00e9paule \u00e0 l'avant des portes de rangement crois\u00e9es. Le c\u00e2blage de la cam\u00e9ra arri\u00e8re traverse le toit de la sellette d'attelage, maintenu par Decor, et p\u00e9n\u00e8tre dans une moulure d'angle. Une fois \u00e0 l'int\u00e9rieur, il suit le cadre de la sellette d'attelage jusqu'au compartiment de rangement avant. Les fils des cam\u00e9ras lat\u00e9rales traversent le compartiment de rangement avant, o\u00f9 ils sont attach\u00e9s \u00e0 un c\u00e2ble \u00e0 7 voies \u00e0 l'aide d'attaches zip.<\/p>\n<\/div><\/section><\/p><\/div>\n<div class='av-flex-placeholder'><\/div><div class='flex_column av-33x9jf-1c424f85e815b2819914c47335725612 av_one_third  avia-builder-el-11  el_after_av_two_third  el_before_av_one_full  flex_column_table_cell av-equal-height-column av-align-middle column-top-margin'   ><style type=\"text\/css\" data-created_by=\"avia_inline_auto\" id=\"style-css-av-4bt46-73c61440af8d19801478e4762920687e\">\n.avia-image-container.av-4bt46-73c61440af8d19801478e4762920687e .av-image-caption-overlay-center{\ncolor:#ffffff;\n}\n<\/style>\n<div  class='avia-image-container av-4bt46-73c61440af8d19801478e4762920687e av-styling- avia-align-center  avia-builder-el-12  avia-builder-el-no-sibling'  itemprop=\"image\" itemscope=\"itemscope\" itemtype=\"https:\/\/schema.org\/ImageObject\" ><div class=\"avia-image-container-inner\"><div class=\"avia-image-overlay-wrap\"><img decoding=\"async\" class='wp-image-23563 avia-img-lazy-loading-not-23563 avia_image lazyload' data-src=\"https:\/\/luview.com\/wp-content\/uploads\/2022\/08\/Fifth-Wheel-Camper-Camera-Solution.jpg\" alt='Solution de cam\u00e9ra pour camping-car \u00e0 sellette' title='Solution de cam\u00e9ra pour camping-car \u00e0 sellette'  height=\"400\" width=\"400\"  itemprop=\"thumbnailUrl\" data-srcset=\"https:\/\/luview.com\/wp-content\/uploads\/2022\/08\/Fifth-Wheel-Camper-Camera-Solution.jpg 400w, https:\/\/luview.com\/wp-content\/uploads\/2022\/08\/Fifth-Wheel-Camper-Camera-Solution-100x100.jpg 100w, https:\/\/luview.com\/wp-content\/uploads\/2022\/08\/Fifth-Wheel-Camper-Camera-Solution-300x300.jpg 300w, https:\/\/luview.com\/wp-content\/uploads\/2022\/08\/Fifth-Wheel-Camper-Camera-Solution-80x80.jpg 80w, https:\/\/luview.com\/wp-content\/uploads\/2022\/08\/Fifth-Wheel-Camper-Camera-Solution-36x36.jpg 36w, https:\/\/luview.com\/wp-content\/uploads\/2022\/08\/Fifth-Wheel-Camper-Camera-Solution-180x180.jpg 180w\" data-sizes=\"(max-width: 400px) 100vw, 400px\" src=\"data:image\/svg+xml;base64,PHN2ZyB3aWR0aD0iMSIgaGVpZ2h0PSIxIiB4bWxucz0iaHR0cDovL3d3dy53My5vcmcvMjAwMC9zdmciPjwvc3ZnPg==\" style=\"--smush-placeholder-width: 400px; --smush-placeholder-aspect-ratio: 400\/400;\" \/><\/div><\/div><\/div><\/div><\/div><!--close column table wrapper. Autoclose: 1 -->\n<div class='flex_column av-vg8j76-f671cbd66d0afc4262e7300d1137b03c av_one_full  avia-builder-el-13  el_after_av_one_third  el_before_av_one_third  first flex_column_div column-top-margin'   ><style type=\"text\/css\" data-created_by=\"avia_inline_auto\" id=\"style-css-av-l6texmjs-77543e287af0038bc9d5eaf2d697f507\">\n#top .av_textblock_section.av-l6texmjs-77543e287af0038bc9d5eaf2d697f507 .avia_textblock{\ncolor:#333333;\n}\n<\/style>\n<section  class='av_textblock_section av-l6texmjs-77543e287af0038bc9d5eaf2d697f507'  itemscope=\"itemscope\" itemtype=\"https:\/\/schema.org\/CreativeWork\" ><div class='avia_textblock av_inherit_color'  itemprop=\"text\" ><h2 style=\"text-align: center;\">Combien de cam\u00e9ras un camping-car \u00e0 sellette devrait-il avoir ?<\/h2>\n<\/div><\/section><br \/>\n<section  class='av_textblock_section av-l6texz40-4c77d4073ca1b54a7332860a10763364'  itemscope=\"itemscope\" itemtype=\"https:\/\/schema.org\/CreativeWork\" ><div class='avia_textblock'  itemprop=\"text\" ><p>Selon le type de cam\u00e9ra qui vous int\u00e9resse, les camping-cars \u00e0 sellette peuvent en avoir entre une et trois. Nous recommandons une sellette \u00e9quip\u00e9e de trois cam\u00e9ras : une cam\u00e9ra de recul mont\u00e9e \u00e0 l'ext\u00e9rieur sur toute la largeur de la lunette arri\u00e8re et deux cam\u00e9ras lat\u00e9rales \u00e0 l'avant des portes de rangement crois\u00e9es.<\/p>\n<\/div><\/section><\/p><\/div>\n<div class='flex_column av-zah7a-ba1830be2d4d11e4983aa8cca0b036ad av_one_third  avia-builder-el-16  el_after_av_one_full  el_before_av_one_third  first flex_column_div column-top-margin'   ><p>\n<style type=\"text\/css\" data-created_by=\"avia_inline_auto\" id=\"style-css-av-l2vucd71-8b97d8b9af1aee551fa68d2b4e6549e6\">\n.avia-image-container.av-l2vucd71-8b97d8b9af1aee551fa68d2b4e6549e6 .av-image-caption-overlay-center{\ncolor:#ffffff;\n}\n<\/style>\n<div  class='avia-image-container av-l2vucd71-8b97d8b9af1aee551fa68d2b4e6549e6 av-styling- avia-align-center  avia-builder-el-17  el_before_av_textblock  avia-builder-el-first'  itemprop=\"image\" itemscope=\"itemscope\" itemtype=\"https:\/\/schema.org\/ImageObject\" ><div class=\"avia-image-container-inner\"><div class=\"avia-image-overlay-wrap\"><a href=\"https:\/\/luview.com\/fr\/product\/jy-027-mini-camera-with-sony-starlight-wide-dynamic-sensor\/\" class='avia_image' ><img decoding=\"async\" class='wp-image-955 avia-img-lazy-loading-not-955 avia_image lazyload' data-src=\"https:\/\/luview.com\/wp-content\/uploads\/2022\/06\/JY-027-mini-camera.jpg\" alt='Mini cam\u00e9ra JY-027 avec capteur Sony Starlight \u00e0 large plage dynamique' title='Mini cam\u00e9ra JY-027 avec capteur Sony Starlight \u00e0 large plage dynamique'  height=\"800\" width=\"800\"  itemprop=\"thumbnailUrl\" data-srcset=\"https:\/\/luview.com\/wp-content\/uploads\/2022\/06\/JY-027-mini-camera.jpg 800w, https:\/\/luview.com\/wp-content\/uploads\/2022\/06\/JY-027-mini-camera-600x600.jpg 600w, https:\/\/luview.com\/wp-content\/uploads\/2022\/06\/JY-027-mini-camera-100x100.jpg 100w, https:\/\/luview.com\/wp-content\/uploads\/2022\/06\/JY-027-mini-camera-300x300.jpg 300w, https:\/\/luview.com\/wp-content\/uploads\/2022\/06\/JY-027-mini-camera-80x80.jpg 80w, https:\/\/luview.com\/wp-content\/uploads\/2022\/06\/JY-027-mini-camera-768x768.jpg 768w, https:\/\/luview.com\/wp-content\/uploads\/2022\/06\/JY-027-mini-camera-36x36.jpg 36w, https:\/\/luview.com\/wp-content\/uploads\/2022\/06\/JY-027-mini-camera-180x180.jpg 180w, https:\/\/luview.com\/wp-content\/uploads\/2022\/06\/JY-027-mini-camera-705x705.jpg 705w\" data-sizes=\"(max-width: 800px) 100vw, 800px\" src=\"data:image\/svg+xml;base64,PHN2ZyB3aWR0aD0iMSIgaGVpZ2h0PSIxIiB4bWxucz0iaHR0cDovL3d3dy53My5vcmcvMjAwMC9zdmciPjwvc3ZnPg==\" style=\"--smush-placeholder-width: 800px; --smush-placeholder-aspect-ratio: 800\/800;\" \/><\/a><\/div><\/div><\/div><br \/>\n\n<style type=\"text\/css\" data-created_by=\"avia_inline_auto\" id=\"style-css-av-l2vugtbd-f5ebea5a4705b3b5018cc5728b8d05be\">\n#top .av_textblock_section.av-l2vugtbd-f5ebea5a4705b3b5018cc5728b8d05be .avia_textblock{\ntext-align:center;\n}\n<\/style>\n<section  class='av_textblock_section av-l2vugtbd-f5ebea5a4705b3b5018cc5728b8d05be'  itemscope=\"itemscope\" itemtype=\"https:\/\/schema.org\/CreativeWork\" ><div class='avia_textblock av_inherit_color'  itemprop=\"text\" ><p style=\"text-align: center;\">JY-027 Cam\u00e9ra de recul<\/p>\n<\/div><\/section><\/p><\/div>\n<div class='flex_column av-r4xau-359a78e09f788191996619a375f594d1 av_one_third  avia-builder-el-19  el_after_av_one_third  el_before_av_one_third  flex_column_div column-top-margin'   ><p>\n<style type=\"text\/css\" data-created_by=\"avia_inline_auto\" id=\"style-css-av-l2vullqs-75bae672a2936677bff3eb2a2f46d806\">\n.avia-image-container.av-l2vullqs-75bae672a2936677bff3eb2a2f46d806 .av-image-caption-overlay-center{\ncolor:#ffffff;\n}\n<\/style>\n<div  class='avia-image-container av-l2vullqs-75bae672a2936677bff3eb2a2f46d806 av-styling- avia-align-center  avia-builder-el-20  el_before_av_textblock  avia-builder-el-first'  itemprop=\"image\" itemscope=\"itemscope\" itemtype=\"https:\/\/schema.org\/ImageObject\" ><div class=\"avia-image-container-inner\"><div class=\"avia-image-overlay-wrap\"><a href=\"https:\/\/luview.com\/fr\/product\/jy-831-960p-wdr-ip69k-waterproof-mini-side-view-camera\/\" class='avia_image' ><img decoding=\"async\" class='wp-image-1069 avia-img-lazy-loading-not-1069 avia_image lazyload' data-src=\"https:\/\/luview.com\/wp-content\/uploads\/2022\/06\/JY-831-side-view-camera-for-various-large-vehicles.jpg\" alt='JY-831 960P WDR IP69K mini cam\u00e9ra lat\u00e9rale \u00e9tanche' title='JY-831 960P WDR IP69K mini cam\u00e9ra lat\u00e9rale \u00e9tanche'  height=\"800\" width=\"800\"  itemprop=\"thumbnailUrl\" data-srcset=\"https:\/\/luview.com\/wp-content\/uploads\/2022\/06\/JY-831-side-view-camera-for-various-large-vehicles.jpg 800w, https:\/\/luview.com\/wp-content\/uploads\/2022\/06\/JY-831-side-view-camera-for-various-large-vehicles-600x600.jpg 600w, https:\/\/luview.com\/wp-content\/uploads\/2022\/06\/JY-831-side-view-camera-for-various-large-vehicles-100x100.jpg 100w, https:\/\/luview.com\/wp-content\/uploads\/2022\/06\/JY-831-side-view-camera-for-various-large-vehicles-300x300.jpg 300w, https:\/\/luview.com\/wp-content\/uploads\/2022\/06\/JY-831-side-view-camera-for-various-large-vehicles-80x80.jpg 80w, https:\/\/luview.com\/wp-content\/uploads\/2022\/06\/JY-831-side-view-camera-for-various-large-vehicles-768x768.jpg 768w, https:\/\/luview.com\/wp-content\/uploads\/2022\/06\/JY-831-side-view-camera-for-various-large-vehicles-36x36.jpg 36w, https:\/\/luview.com\/wp-content\/uploads\/2022\/06\/JY-831-side-view-camera-for-various-large-vehicles-180x180.jpg 180w, https:\/\/luview.com\/wp-content\/uploads\/2022\/06\/JY-831-side-view-camera-for-various-large-vehicles-705x705.jpg 705w\" data-sizes=\"(max-width: 800px) 100vw, 800px\" src=\"data:image\/svg+xml;base64,PHN2ZyB3aWR0aD0iMSIgaGVpZ2h0PSIxIiB4bWxucz0iaHR0cDovL3d3dy53My5vcmcvMjAwMC9zdmciPjwvc3ZnPg==\" style=\"--smush-placeholder-width: 800px; --smush-placeholder-aspect-ratio: 800\/800;\" \/><\/a><\/div><\/div><\/div><br \/>\n\n<style type=\"text\/css\" data-created_by=\"avia_inline_auto\" id=\"style-css-av-l2vulpvz-99f04c506acff7143dcb9a13782c9583\">\n#top .av_textblock_section.av-l2vulpvz-99f04c506acff7143dcb9a13782c9583 .avia_textblock{\ntext-align:center;\n}\n<\/style>\n<section  class='av_textblock_section av-l2vulpvz-99f04c506acff7143dcb9a13782c9583'  itemscope=\"itemscope\" itemtype=\"https:\/\/schema.org\/CreativeWork\" ><div class='avia_textblock av_inherit_color'  itemprop=\"text\" ><p style=\"text-align: center;\">Cam\u00e9ra lat\u00e9rale JY-831<\/p>\n<\/div><\/section><\/p><\/div>\n<div class='flex_column av-ln2m6-e9165f1890d6f956d9e1b9257fbac0a3 av_one_third  avia-builder-el-22  el_after_av_one_third  el_before_av_one_full  flex_column_div column-top-margin'   ><p>\n<style type=\"text\/css\" data-created_by=\"avia_inline_auto\" id=\"style-css-av-l2vum8bl-c736d867137af1cd2c847c8d31e4006a\">\n.avia-image-container.av-l2vum8bl-c736d867137af1cd2c847c8d31e4006a .av-image-caption-overlay-center{\ncolor:#ffffff;\n}\n<\/style>\n<div  class='avia-image-container av-l2vum8bl-c736d867137af1cd2c847c8d31e4006a av-styling- avia-align-center  avia-builder-el-23  el_before_av_textblock  avia-builder-el-first'  itemprop=\"image\" itemscope=\"itemscope\" itemtype=\"https:\/\/schema.org\/ImageObject\" ><div class=\"avia-image-container-inner\"><div class=\"avia-image-overlay-wrap\"><a href=\"https:\/\/luview.com\/fr\/product\/jy-pt08-ultrasonic-parking-sensor-system-with-parking-sensors-backup-cameras-monitor\/\" class='avia_image' ><img decoding=\"async\" class='wp-image-1305 avia-img-lazy-loading-not-1305 avia_image lazyload' data-src=\"https:\/\/luview.com\/wp-content\/uploads\/2022\/06\/PT08-parking-sensor-for-truck.jpg\" alt='Syst\u00e8me de capteurs de stationnement \u00e0 ultrasons JY-PT08 avec capteurs de stationnement, cam\u00e9ras de recul et moniteur' title='Syst\u00e8me de capteurs de stationnement \u00e0 ultrasons JY-PT08 avec capteurs de stationnement, cam\u00e9ras de recul et moniteur'  height=\"800\" width=\"800\"  itemprop=\"thumbnailUrl\" data-srcset=\"https:\/\/luview.com\/wp-content\/uploads\/2022\/06\/PT08-parking-sensor-for-truck.jpg 800w, https:\/\/luview.com\/wp-content\/uploads\/2022\/06\/PT08-parking-sensor-for-truck-600x600.jpg 600w, https:\/\/luview.com\/wp-content\/uploads\/2022\/06\/PT08-parking-sensor-for-truck-100x100.jpg 100w, https:\/\/luview.com\/wp-content\/uploads\/2022\/06\/PT08-parking-sensor-for-truck-300x300.jpg 300w, https:\/\/luview.com\/wp-content\/uploads\/2022\/06\/PT08-parking-sensor-for-truck-80x80.jpg 80w, https:\/\/luview.com\/wp-content\/uploads\/2022\/06\/PT08-parking-sensor-for-truck-768x768.jpg 768w, https:\/\/luview.com\/wp-content\/uploads\/2022\/06\/PT08-parking-sensor-for-truck-36x36.jpg 36w, https:\/\/luview.com\/wp-content\/uploads\/2022\/06\/PT08-parking-sensor-for-truck-180x180.jpg 180w, https:\/\/luview.com\/wp-content\/uploads\/2022\/06\/PT08-parking-sensor-for-truck-705x705.jpg 705w\" data-sizes=\"(max-width: 800px) 100vw, 800px\" src=\"data:image\/svg+xml;base64,PHN2ZyB3aWR0aD0iMSIgaGVpZ2h0PSIxIiB4bWxucz0iaHR0cDovL3d3dy53My5vcmcvMjAwMC9zdmciPjwvc3ZnPg==\" style=\"--smush-placeholder-width: 800px; --smush-placeholder-aspect-ratio: 800\/800;\" \/><\/a><\/div><\/div><\/div><br \/>\n\n<style type=\"text\/css\" data-created_by=\"avia_inline_auto\" id=\"style-css-av-l2vumcyv-7ed320688919b7591f187670d5c75687\">\n#top .av_textblock_section.av-l2vumcyv-7ed320688919b7591f187670d5c75687 .avia_textblock{\ntext-align:center;\n}\n<\/style>\n<section  class='av_textblock_section av-l2vumcyv-7ed320688919b7591f187670d5c75687'  itemscope=\"itemscope\" itemtype=\"https:\/\/schema.org\/CreativeWork\" ><div class='avia_textblock av_inherit_color'  itemprop=\"text\" ><p style=\"text-align: center;\">Syst\u00e8me de capteurs de stationnement \u00e0 ultrasons JY-PT08<\/p>\n<\/div><\/section><\/p><\/div>\n<div class='flex_column_table av-ptt5ef-e4db29735c5bd79bb3b23a382b83e0e1 sc-av_one_full av-equal-height-column-flextable'><div class='flex_column av-ptt5ef-e4db29735c5bd79bb3b23a382b83e0e1 av_one_full  avia-builder-el-25  el_after_av_one_third  el_before_av_one_full  first flex_column_table_cell av-equal-height-column av-align-middle column-top-margin'   ><style type=\"text\/css\" data-created_by=\"avia_inline_auto\" id=\"style-css-av-l5gv95n1-52962a14e1f5ce04f6420ca585b86a9c\">\n#top .av_textblock_section.av-l5gv95n1-52962a14e1f5ce04f6420ca585b86a9c .avia_textblock{\ncolor:#333333;\n}\n<\/style>\n<section  class='av_textblock_section av-l5gv95n1-52962a14e1f5ce04f6420ca585b86a9c'  itemscope=\"itemscope\" itemtype=\"https:\/\/schema.org\/CreativeWork\" ><div class='avia_textblock av_inherit_color'  itemprop=\"text\" ><h2>Co\u00fbt du syst\u00e8me de cam\u00e9ras pour caravane \u00e0 sellette<\/h2>\n<\/div><\/section><br \/>\n<section  class='av_textblock_section av-l5gv9hgg-59d30e6d59d4377f5e6e2c8ec147cd2f'  itemscope=\"itemscope\" itemtype=\"https:\/\/schema.org\/CreativeWork\" ><div class='avia_textblock'  itemprop=\"text\" ><p>Un syst\u00e8me de cam\u00e9ras pour caravane \u00e0 sellette peut \u00eatre achet\u00e9 pour diverses raisons. L'une des plus importantes est la s\u00e9curit\u00e9. Utiliser une cam\u00e9ra pour surveiller votre caravane \u00e0 sellette est un moyen intelligent de la prot\u00e9ger. Non seulement cela prot\u00e9gera vos biens, mais cela vous alertera \u00e9galement des dangers potentiels lorsque vous reculez. De plus, les cam\u00e9ras peuvent enregistrer tout incident \u00e0 des fins juridiques. Le co\u00fbt d'un syst\u00e8me de cam\u00e9ras pour caravane \u00e0 sellette est d'environ 100$~200$ et cela vaut la peine de l'acheter.<\/p>\n<\/div><\/section><\/p><\/div><\/div><!--close column table wrapper. Autoclose: 1 -->\n\n<style type=\"text\/css\" data-created_by=\"avia_inline_auto\" id=\"style-css-av-l2vletd8-6873c757f85d604bdfa88a557a400ac2\">\n.flex_column.av-l2vletd8-6873c757f85d604bdfa88a557a400ac2{\nborder-radius:15px 15px 15px 15px;\n-webkit-border-radius:15px 15px 15px 15px;\n-moz-border-radius:15px 15px 15px 15px;\npadding:50px 50px 50px 50px;\nbox-shadow:0 0 10px 0 #e0e0e0;\n-webkit-box-shadow:0 0 10px 0 #e0e0e0;\n-moz-box-shadow:0 0 10px 0 #e0e0e0;\nbackground-color:#ffffff;\n}\n<\/style>\n<div class='flex_column av-l2vletd8-6873c757f85d604bdfa88a557a400ac2 av_one_full  avia-builder-el-28  el_after_av_one_full  avia-builder-el-last  first flex_column_div column-top-margin'   ><style type=\"text\/css\" data-created_by=\"avia_inline_auto\" id=\"style-css-av-1pn56r-c5797cae44e1194cd88c41e4e080c4a0\">\n#top .av_textblock_section.av-1pn56r-c5797cae44e1194cd88c41e4e080c4a0 .avia_textblock{\ntext-align:center;\n}\n<\/style>\n<section  class='av_textblock_section av-1pn56r-c5797cae44e1194cd88c41e4e080c4a0'  itemscope=\"itemscope\" itemtype=\"https:\/\/schema.org\/CreativeWork\" ><div class='avia_textblock'  itemprop=\"text\" ><h2 style=\"text-transform: uppercase;\">Devis personnalis\u00e9<\/h2>\n<\/div><\/section><br \/>\n\n<style type=\"text\/css\" data-created_by=\"avia_inline_auto\" id=\"style-css-av-1me14z-8350f34feb640d6e4b487e997fe59277\">\n#top .hr.hr-invisible.av-1me14z-8350f34feb640d6e4b487e997fe59277{\nheight:30px;\n}\n<\/style>\n<div  class='hr av-1me14z-8350f34feb640d6e4b487e997fe59277 hr-invisible  avia-builder-el-30  el_after_av_textblock  el_before_av_codeblock'><span class='hr-inner'><span class=\"hr-inner-style\"><\/span><\/span><\/div><br \/>\n<\/p><\/div>","protected":false},"excerpt":{"rendered":"","protected":false},"author":1,"featured_media":0,"parent":23279,"menu_order":0,"comment_status":"closed","ping_status":"closed","template":"","meta":{"_monsterinsights_skip_tracking":false,"_monsterinsights_sitenote_active":false,"_monsterinsights_sitenote_note":"","_monsterinsights_sitenote_category":0,"footnotes":""},"class_list":["post-23561","page","type-page","status-publish","hentry"],"_links":{"self":[{"href":"https:\/\/luview.com\/fr\/wp-json\/wp\/v2\/pages\/23561","targetHints":{"allow":["GET"]}}],"collection":[{"href":"https:\/\/luview.com\/fr\/wp-json\/wp\/v2\/pages"}],"about":[{"href":"https:\/\/luview.com\/fr\/wp-json\/wp\/v2\/types\/page"}],"author":[{"embeddable":true,"href":"https:\/\/luview.com\/fr\/wp-json\/wp\/v2\/users\/1"}],"replies":[{"embeddable":true,"href":"https:\/\/luview.com\/fr\/wp-json\/wp\/v2\/comments?post=23561"}],"version-history":[{"count":0,"href":"https:\/\/luview.com\/fr\/wp-json\/wp\/v2\/pages\/23561\/revisions"}],"up":[{"embeddable":true,"href":"https:\/\/luview.com\/fr\/wp-json\/wp\/v2\/pages\/23279"}],"wp:attachment":[{"href":"https:\/\/luview.com\/fr\/wp-json\/wp\/v2\/media?parent=23561"}],"curies":[{"name":"wp","href":"https:\/\/api.w.org\/{rel}","templated":true}]}}