{"id":348,"date":"2022-05-06T09:18:57","date_gmt":"2022-05-06T09:18:57","guid":{"rendered":"https:\/\/luview.com\/?page_id=348"},"modified":"2026-01-12T07:38:27","modified_gmt":"2026-01-12T07:38:27","slug":"jalon","status":"publish","type":"page","link":"https:\/\/luview.com\/fr\/about-us\/milestone\/","title":{"rendered":"\u00e9tape importante"},"content":{"rendered":"<style type=\"text\/css\" data-created_by=\"avia_inline_auto\" id=\"style-css-av-18z5gw-d3cb0968a7a182e73214c3d3fb97ba75\">\n.avia-section.av-18z5gw-d3cb0968a7a182e73214c3d3fb97ba75{\nbackground-color:#8cb823;\nbackground-image:url(https:\/\/luview.com\/wp-content\/uploads\/2026\/01\/Development-Journey-of-the-Luview.jpg);\nbackground-repeat:no-repeat;\nbackground-position:50% 50%;\nbackground-attachment:scroll;\n}\n.avia-section.av-18z5gw-d3cb0968a7a182e73214c3d3fb97ba75 .av-section-color-overlay{\nopacity:0.8;\nbackground-color:#222222;\n}\n<\/style>\n<div id='av_section_1'  class='avia-section av-18z5gw-d3cb0968a7a182e73214c3d3fb97ba75 main_color avia-section-default avia-no-border-styling  avia-builder-el-0  el_before_av_one_full  avia-builder-el-first  titlebarbox avia-full-contain avia-bg-style-scroll av-section-color-overlay-active container_wrap sidebar_left'  data-section-bg-repeat='contain'><div class=\"av-section-color-overlay-wrap\"><div class=\"av-section-color-overlay\"><\/div><div class='container av-section-cont-open' ><main  role=\"main\" itemprop=\"mainContentOfPage\"  class='template-page content  av-content-small units'><div class='post-entry post-entry-type-page post-entry-348'><div class='entry-content-wrapper clearfix'>\n\n<style type=\"text\/css\" data-created_by=\"avia_inline_auto\" id=\"style-css-av-1521zs-f76749d04838b68ec1c420eb2583ac0b\">\n.flex_column.av-1521zs-f76749d04838b68ec1c420eb2583ac0b{\npadding:10% 0 10% 0;\n}\n<\/style>\n<div class='flex_column av-1521zs-f76749d04838b68ec1c420eb2583ac0b av_one_full  avia-builder-el-1  avia-builder-el-no-sibling  first flex_column_div'   ><style type=\"text\/css\" data-created_by=\"avia_inline_auto\" id=\"style-css-av-l2sgt1ph-700bbb6893565c08fc2e803faf810ebc\">\n#top .av_textblock_section.av-l2sgt1ph-700bbb6893565c08fc2e803faf810ebc .avia_textblock{\ncolor:#ffffff;\ntext-align:center;\n}\n<\/style>\n<section  class='av_textblock_section av-l2sgt1ph-700bbb6893565c08fc2e803faf810ebc'  itemscope=\"itemscope\" itemtype=\"https:\/\/schema.org\/CreativeWork\" ><div class='avia_textblock av_inherit_color'  itemprop=\"text\" ><h1>\u00e9tape importante<\/h1>\n<\/div><\/section><br \/>\n\n<style type=\"text\/css\" data-created_by=\"avia_inline_auto\" id=\"style-css-av-l2sgtr0i-7d783ce11f71ad1d611d63fd2462a3f3\">\n#top .av_textblock_section.av-l2sgtr0i-7d783ce11f71ad1d611d63fd2462a3f3 .avia_textblock{\ncolor:#ffffff;\ntext-align:center;\n}\n<\/style>\n<section  class='av_textblock_section av-l2sgtr0i-7d783ce11f71ad1d611d63fd2462a3f3'  itemscope=\"itemscope\" itemtype=\"https:\/\/schema.org\/CreativeWork\" ><div class='avia_textblock av_inherit_color'  itemprop=\"text\" ><h3 style=\"margin-bottom: 20px;\">Fabricant professionnel d'\u00e9lectronique de s\u00e9curit\u00e9 pour v\u00e9hicules<\/h3>\n<\/div><\/section><br \/>\n<\/p><\/div>\n<\/div><\/div><\/main><!-- close content main element --><\/div><\/div><\/div><div id='after_section_1'  class='main_color av_default_container_wrap container_wrap sidebar_left'  ><div class='container av-section-cont-open' ><div class='template-page content  av-content-small units'><div class='post-entry post-entry-type-page post-entry-348'><div class='entry-content-wrapper clearfix'>\n<div class='flex_column av-59i05-cc3e90031a9c0698033cabf4ba20ccd4 av_one_full  avia-builder-el-5  el_after_av_section  el_before_av_one_full  avia-builder-el-first  first flex_column_div'   ><style type=\"text\/css\" data-created_by=\"avia_inline_auto\" id=\"style-css-av-18lxil-0fee5068079ef881947562621f70d3df\">\n#top .av_textblock_section.av-18lxil-0fee5068079ef881947562621f70d3df .avia_textblock{\ncolor:#85b61c;\ntext-align:center;\n}\n<\/style>\n<section  class='av_textblock_section av-18lxil-0fee5068079ef881947562621f70d3df'  itemscope=\"itemscope\" itemtype=\"https:\/\/schema.org\/CreativeWork\" ><div class='avia_textblock av_inherit_color'  itemprop=\"text\" ><h3>\u00e9tape importante<\/h3>\n<\/div><\/section><\/div>\n\n<style type=\"text\/css\" data-created_by=\"avia_inline_auto\" id=\"style-css-av-l2u81g9b-9cdcfa5e97aca6cf78f3b9390f6d46cd\">\n#top .flex_column.av-l2u81g9b-9cdcfa5e97aca6cf78f3b9390f6d46cd{\nmargin-top:0px;\nmargin-bottom:0px;\n}\n.responsive #top #wrap_all .flex_column.av-l2u81g9b-9cdcfa5e97aca6cf78f3b9390f6d46cd{\nmargin-top:0px;\nmargin-bottom:0px;\n}\n<\/style>\n<div class='flex_column av-l2u81g9b-9cdcfa5e97aca6cf78f3b9390f6d46cd av_one_full  avia-builder-el-7  el_after_av_one_full  avia-builder-el-last  first flex_column_div column-top-margin'   ><div  id=\"avia-timeline-1\"  class='avia-timeline-container av-l2u93jns-9059b97ac2d3c2cc53c14b148be4c33b  avia-builder-el-8  avia-builder-el-no-sibling' ><ul class='avia-timeline avia-timeline-vertical av-milestone-placement-alternate avia-timeline-boxshadow avia_animate_when_almost_visible avia-timeline-animate'>\n<li  class='av-milestone av-l2u925j0-471997ebe35da94d3b3bd8528dbbe956 av-animated-generic fade-in av-milestone-valign-baseline av-milestone-odd'><h2 class='av-milestone-date' id='milestone-luview-in-2006'><strong>LUVIEW EN 2006<span class='av-milestone-indicator'><\/span><\/strong><\/h2><div class=\"av-milestone-icon-wrap\"><span class='av-milestone-icon milestone_icon'><span class='av-milestone-icon-inner milestone_inner'><span class='milestone_number'>1<\/span><\/span><\/span><\/div><article class='av-milestone-content-wrap'><div class='av-milestone-contentbox'><div class='av-milestone-content'><p>En 2006, nous avons d\u00e9velopp\u00e9 avec succ\u00e8s les cam\u00e9ras de recul HD et sommes devenus l'une des premi\u00e8res entreprises \u00e0 entrer dans ce secteur, ce qui a jet\u00e9 des bases solides pour le d\u00e9veloppement futur de l'entreprise.<\/p>\n<\/div><\/div><footer class='av-milestone-article-footer entry-footer'><\/footer><\/article><\/li>\n<li  class='av-milestone av-l2u925j0-15-24348a29b86c81f0b4c2d4784008e4b2 av-animated-generic fade-in av-milestone-valign-baseline av-milestone-even'><h2 class='av-milestone-date' id='milestone-luview-in-2007'><strong>LUVIEW EN 2007<span class='av-milestone-indicator'><\/span><\/strong><\/h2><article class='av-milestone-content-wrap'><div class='av-milestone-contentbox'><div class='av-milestone-content'><p>Luview est bas\u00e9e \u00e0 Shenzhen et a pour mission de \u201crendre la conduite plus s\u00fbre\u201d, en se concentrant sur le domaine de l'\u00e9lectronique automobile.<\/p>\n<\/div><\/div><footer class='av-milestone-article-footer entry-footer'><\/footer><\/article><div class=\"av-milestone-icon-wrap\"><span class='av-milestone-icon milestone_icon'><span class='av-milestone-icon-inner milestone_inner'><span class='milestone_number'>2<\/span><\/span><\/span><\/div><h2 class='av-milestone-date' id='milestone-luview-in-2007'><strong>LUVIEW EN 2007<span class='av-milestone-indicator'><\/span><\/strong><\/h2><\/li>\n<li  class='av-milestone av-l2u925j0-14-f811b95b1e308bbb2757f32ea830e8c0 av-animated-generic fade-in av-milestone-valign-baseline av-milestone-odd'><h2 class='av-milestone-date' id='milestone-luview-in-2008'><strong>LUVIEW EN 2008<span class='av-milestone-indicator'><\/span><\/strong><\/h2><div class=\"av-milestone-icon-wrap\"><span class='av-milestone-icon milestone_icon'><span class='av-milestone-icon-inner milestone_inner'><span class='milestone_number'>3<\/span><\/span><\/span><\/div><article class='av-milestone-content-wrap'><div class='av-milestone-contentbox'><div class='av-milestone-content'><p>Avec pour valeurs \u201cprofessionnalisme, coop\u00e9ration, efficacit\u00e9, innovation\u201d et pour concept de d\u00e9veloppement \u201cla gentillesse envers les autres et la force des lions\u201d, l'\u00e9quipe de LUVIEW s'est progressivement d\u00e9velopp\u00e9e et agrandie au cours des deux ann\u00e9es qui ont suivi sa cr\u00e9ation.<\/p>\n<\/div><\/div><footer class='av-milestone-article-footer entry-footer'><\/footer><\/article><\/li>\n<li  class='av-milestone av-l2u925j0-13-bced26b8a3cfd98cf12fc58cc24c037e av-animated-generic fade-in av-milestone-valign-baseline av-milestone-even'><h2 class='av-milestone-date' id='milestone-luview-in-2009'><strong>LUVIEW EN 2009<span class='av-milestone-indicator'><\/span><\/strong><\/h2><article class='av-milestone-content-wrap'><div class='av-milestone-contentbox'><div class='av-milestone-content'><p>En 2009, nous avons d\u00e9velopp\u00e9 avec succ\u00e8s la dashcam et sommes devenus l'une des premi\u00e8res entreprises \u00e0 entrer dans ce secteur, ce qui a jet\u00e9 des bases solides pour le d\u00e9veloppement futur de l'entreprise.<\/p>\n<\/div><\/div><footer class='av-milestone-article-footer entry-footer'><\/footer><\/article><div class=\"av-milestone-icon-wrap\"><span class='av-milestone-icon milestone_icon'><span class='av-milestone-icon-inner milestone_inner'><span class='milestone_number'>4<\/span><\/span><\/span><\/div><h2 class='av-milestone-date' id='milestone-luview-in-2009'><strong>LUVIEW EN 2009<span class='av-milestone-indicator'><\/span><\/strong><\/h2><\/li>\n<li  class='av-milestone av-l2u925j0-12-8e5bb0295f10a4f8d477b493bea07e82 av-animated-generic fade-in av-milestone-valign-baseline av-milestone-odd'><h2 class='av-milestone-date' id='milestone-luview-in-2010'><strong>LUVIEW EN 2010<span class='av-milestone-indicator'><\/span><\/strong><\/h2><div class=\"av-milestone-icon-wrap\"><span class='av-milestone-icon milestone_icon'><span class='av-milestone-icon-inner milestone_inner'><span class='milestone_number'>5<\/span><\/span><\/span><\/div><article class='av-milestone-content-wrap'><div class='av-milestone-contentbox'><div class='av-milestone-content'><p>En 2010, notre \u00e9quipe s'est construite et d\u00e9velopp\u00e9e de mani\u00e8re stable. L'entreprise a organis\u00e9 r\u00e9guli\u00e8rement des formations sp\u00e9ciales pour les employ\u00e9s de tous les d\u00e9partements, ce qui a consid\u00e9rablement am\u00e9lior\u00e9 leur coh\u00e9sion et leur coop\u00e9ration.<\/p>\n<\/div><\/div><footer class='av-milestone-article-footer entry-footer'><\/footer><\/article><\/li>\n<li  class='av-milestone av-l2u925j0-11-fae63933ecbac75bac8e0a2c94725370 av-animated-generic fade-in av-milestone-valign-baseline av-milestone-even'><h2 class='av-milestone-date' id='milestone-luview-in-2011'><strong>LUVIEW EN 2011<span class='av-milestone-indicator'><\/span><\/strong><\/h2><article class='av-milestone-content-wrap'><div class='av-milestone-contentbox'><div class='av-milestone-content'><p>En 2011, les activit\u00e9s de l'entreprise ont rayonn\u00e9 dans le monde entier, ce qui lui a permis de s'implanter \u00e0 l'\u00e9chelle mondiale.<\/p>\n<\/div><\/div><footer class='av-milestone-article-footer entry-footer'><\/footer><\/article><div class=\"av-milestone-icon-wrap\"><span class='av-milestone-icon milestone_icon'><span class='av-milestone-icon-inner milestone_inner'><span class='milestone_number'>6<\/span><\/span><\/span><\/div><h2 class='av-milestone-date' id='milestone-luview-in-2011'><strong>LUVIEW EN 2011<span class='av-milestone-indicator'><\/span><\/strong><\/h2><\/li>\n<li  class='av-milestone av-l2u925j0-10-6c8d1b85947de043b7f8f3cae375e5fe av-animated-generic fade-in av-milestone-valign-baseline av-milestone-odd'><h2 class='av-milestone-date' id='milestone-luview-in-2012'><strong>LUVIEW EN 2012<span class='av-milestone-indicator'><\/span><\/strong><\/h2><div class=\"av-milestone-icon-wrap\"><span class='av-milestone-icon milestone_icon'><span class='av-milestone-icon-inner milestone_inner'><span class='milestone_number'>7<\/span><\/span><\/span><\/div><article class='av-milestone-content-wrap'><div class='av-milestone-contentbox'><div class='av-milestone-content'><p>En 2012, notre moniteur \u00e9tanche IP69K de 7 pouces a \u00e9t\u00e9 d\u00e9velopp\u00e9 avec succ\u00e8s et mis sur le march\u00e9. Les produits de la soci\u00e9t\u00e9 ont \u00e9t\u00e9 encore am\u00e9lior\u00e9s et nous avons accumul\u00e9 de nombreux clients fid\u00e8les gr\u00e2ce \u00e0 la qualit\u00e9 des produits qui a \u00e9t\u00e9 test\u00e9e par le march\u00e9.<\/p>\n<\/div><\/div><footer class='av-milestone-article-footer entry-footer'><\/footer><\/article><\/li>\n<li  class='av-milestone av-l2u925j0-9-fd7db60d84af04873935113d95faef33 av-animated-generic fade-in av-milestone-valign-baseline av-milestone-even'><h2 class='av-milestone-date' id='milestone-luview-in-2013'><strong>LUVIEW EN 2013<span class='av-milestone-indicator'><\/span><\/strong><\/h2><article class='av-milestone-content-wrap'><div class='av-milestone-contentbox'><div class='av-milestone-content'><p>En 2013, l'entreprise a introduit avec succ\u00e8s le syst\u00e8me de gestion ERP et a adopt\u00e9 le mode d'op\u00e9ration de gestion d'entreprise moderne pour maximiser les avantages des ressources et am\u00e9liorer l'efficacit\u00e9 de la gestion et de la production en optimisant les ressources de l'entreprise.<\/p>\n<\/div><\/div><footer class='av-milestone-article-footer entry-footer'><\/footer><\/article><div class=\"av-milestone-icon-wrap\"><span class='av-milestone-icon milestone_icon'><span class='av-milestone-icon-inner milestone_inner'><span class='milestone_number'>8<\/span><\/span><\/span><\/div><h2 class='av-milestone-date' id='milestone-luview-in-2013'><strong>LUVIEW EN 2013<span class='av-milestone-indicator'><\/span><\/strong><\/h2><\/li>\n<li  class='av-milestone av-l2u925j0-8-147e1581e831fa9785dc493f3d6f2f9a av-animated-generic fade-in av-milestone-valign-baseline av-milestone-odd'><h2 class='av-milestone-date' id='milestone-luview-in-2014'><strong>LUVIEW EN 2014<span class='av-milestone-indicator'><\/span><\/strong><\/h2><div class=\"av-milestone-icon-wrap\"><span class='av-milestone-icon milestone_icon'><span class='av-milestone-icon-inner milestone_inner'><span class='milestone_number'>9<\/span><\/span><\/span><\/div><article class='av-milestone-content-wrap'><div class='av-milestone-contentbox'><div class='av-milestone-content'><p>En 2014, nous avons enregistr\u00e9 la marque \u201cMercy Lion\u201d, en nous concentrant sur la recherche et le d\u00e9veloppement de la dashcam cach\u00e9e WiFi, \u00e9quip\u00e9e de la puce de qualit\u00e9 industrielle de l'aviation am\u00e9ricaine Ambarella A12, faisant ainsi un grand pas en avant dans le domaine de la dashcam exclusive pour voiture.<\/p>\n<\/div><\/div><footer class='av-milestone-article-footer entry-footer'><\/footer><\/article><\/li>\n<li  class='av-milestone av-l2u925j0-7-d4ae41b95c5feea1fc0e6fb25fe6b245 av-animated-generic fade-in av-milestone-valign-baseline av-milestone-even'><h2 class='av-milestone-date' id='milestone-luview-in-2015'><strong>LUVIEW EN 2015<span class='av-milestone-indicator'><\/span><\/strong><\/h2><article class='av-milestone-content-wrap'><div class='av-milestone-contentbox'><div class='av-milestone-content'><p>L'enregistreur de conduite automobile sp\u00e9cial et l'enregistreur de conduite \u00e0 usage g\u00e9n\u00e9ral de Luview ont \u00e9t\u00e9 largement pl\u00e9biscit\u00e9s par le march\u00e9 national moyen et haut de gamme. Luview a commenc\u00e9 \u00e0 se d\u00e9ployer sur les march\u00e9s \u00e9trangers afin de r\u00e9pondre aux besoins d'un plus grand nombre d'utilisateurs.<\/p>\n<\/div><\/div><footer class='av-milestone-article-footer entry-footer'><\/footer><\/article><div class=\"av-milestone-icon-wrap\"><span class='av-milestone-icon milestone_icon'><span class='av-milestone-icon-inner milestone_inner'><span class='milestone_number'>10<\/span><\/span><\/span><\/div><h2 class='av-milestone-date' id='milestone-luview-in-2015'><strong>LUVIEW EN 2015<span class='av-milestone-indicator'><\/span><\/strong><\/h2><\/li>\n<li  class='av-milestone av-l2u925j0-6-a4ce308d7281095c4534d895db6bd43a av-animated-generic fade-in av-milestone-valign-baseline av-milestone-odd'><h2 class='av-milestone-date' id='milestone-luview-in-2016'><strong>LUVIEW EN 2016<span class='av-milestone-indicator'><\/span><\/strong><\/h2><div class=\"av-milestone-icon-wrap\"><span class='av-milestone-icon milestone_icon'><span class='av-milestone-icon-inner milestone_inner'><span class='milestone_number'>11<\/span><\/span><\/span><\/div><article class='av-milestone-content-wrap'><div class='av-milestone-contentbox'><div class='av-milestone-content'><p>En 2016, nous avons rejoint la F\u00e9d\u00e9ration des syndicats de Shenzhen et cr\u00e9\u00e9 le syndicat d'entreprise LUVIEW, d\u00e9termin\u00e9 \u00e0 servir les travailleurs, les gens et la soci\u00e9t\u00e9. Nous esp\u00e9rons que, tout en promouvant le d\u00e9veloppement des entreprises, nous pr\u00eaterons \u00e9galement attention \u00e0 la symbiose, \u00e0 l'harmonie et au d\u00e9veloppement durable entre l'homme et l'environnement.<\/p>\n<\/div><\/div><footer class='av-milestone-article-footer entry-footer'><\/footer><\/article><\/li>\n<li  class='av-milestone av-l2u925j0-5-97afad0faed69b7fea4c77e8a4785b27 av-animated-generic fade-in av-milestone-valign-baseline av-milestone-even'><h2 class='av-milestone-date' id='milestone-luview-in-2017'><strong>LUVIEW EN 2017<span class='av-milestone-indicator'><\/span><\/strong><\/h2><article class='av-milestone-content-wrap'><div class='av-milestone-contentbox'><div class='av-milestone-content'><p>En 2017, LUVIEW a \u00e9t\u00e9 reconnue comme une entreprise de haute technologie et a obtenu la certification du syst\u00e8me IATF16949 qui fait autorit\u00e9.<\/p>\n<\/div><\/div><footer class='av-milestone-article-footer entry-footer'><\/footer><\/article><div class=\"av-milestone-icon-wrap\"><span class='av-milestone-icon milestone_icon'><span class='av-milestone-icon-inner milestone_inner'><span class='milestone_number'>12<\/span><\/span><\/span><\/div><h2 class='av-milestone-date' id='milestone-luview-in-2017'><strong>LUVIEW EN 2017<span class='av-milestone-indicator'><\/span><\/strong><\/h2><\/li>\n<li  class='av-milestone av-l2u925j0-4-ae482b877816173d0081500120063c05 av-animated-generic fade-in av-milestone-valign-baseline av-milestone-odd'><h2 class='av-milestone-date' id='milestone-luview-in-2018'><strong>LUVIEW EN 2018<span class='av-milestone-indicator'><\/span><\/strong><\/h2><div class=\"av-milestone-icon-wrap\"><span class='av-milestone-icon milestone_icon'><span class='av-milestone-icon-inner milestone_inner'><span class='milestone_number'>13<\/span><\/span><\/span><\/div><article class='av-milestone-content-wrap'><div class='av-milestone-contentbox'><div class='av-milestone-content'><p>En 2018, avec des ann\u00e9es d'exp\u00e9rience dans l'industrie et une cha\u00eene d'approvisionnement de produits de haute qualit\u00e9, LUVIEW a gagn\u00e9 la r\u00e9putation dans le domaine international, et est apparu avec succ\u00e8s \u00e0 Shenzhen Jiuzhou Electronics.<\/p>\n<\/div><\/div><footer class='av-milestone-article-footer entry-footer'><\/footer><\/article><\/li>\n<li  class='av-milestone av-l2u925j0-3-0d6f98879819a8def0e9aaa84d4473fa av-animated-generic fade-in av-milestone-valign-baseline av-milestone-even'><h2 class='av-milestone-date' id='milestone-luview-in-2019'><strong>LUVIEW EN 2019<span class='av-milestone-indicator'><\/span><\/strong><\/h2><article class='av-milestone-content-wrap'><div class='av-milestone-contentbox'><div class='av-milestone-content'><p>En 2019, notre cam\u00e9ra de tableau de bord 4G et notre cam\u00e9ra de tableau de bord pour moto ont \u00e9t\u00e9 d\u00e9velopp\u00e9es avec succ\u00e8s, et nos employ\u00e9s ont atteint plus de 200. Afin de construire une \u00e9quipe d'entreprise plus coh\u00e9sive et de servir les clients beaucoup mieux, nous avons organis\u00e9 tous les coll\u00e8gues de l'entreprise pour effectuer des activit\u00e9s de construction de groupe en plein air.<\/p>\n<\/div><\/div><footer class='av-milestone-article-footer entry-footer'><\/footer><\/article><div class=\"av-milestone-icon-wrap\"><span class='av-milestone-icon milestone_icon'><span class='av-milestone-icon-inner milestone_inner'><span class='milestone_number'>14<\/span><\/span><\/span><\/div><h2 class='av-milestone-date' id='milestone-luview-in-2019'><strong>LUVIEW EN 2019<span class='av-milestone-indicator'><\/span><\/strong><\/h2><\/li>\n<li  class='av-milestone av-l2u925j0-2-1c0a205c3d43d5887f3c51888707faa8 av-animated-generic fade-in av-milestone-valign-baseline av-milestone-odd'><h2 class='av-milestone-date' id='milestone-luview-in-2020'><strong>LUVIEW EN 2020<span class='av-milestone-indicator'><\/span><\/strong><\/h2><div class=\"av-milestone-icon-wrap\"><span class='av-milestone-icon milestone_icon'><span class='av-milestone-icon-inner milestone_inner'><span class='milestone_number'>15<\/span><\/span><\/span><\/div><article class='av-milestone-content-wrap'><div class='av-milestone-contentbox'><div class='av-milestone-content'><p>Pour r\u00e9pondre aux besoins des utilisateurs et des march\u00e9s mondiaux, le site web officiel de LUVIEW vient d'\u00eatre lanc\u00e9.<\/p>\n<\/div><\/div><footer class='av-milestone-article-footer entry-footer'><\/footer><\/article><\/li>\n<li  class='av-milestone av-l2u925j0-1-00b10d2187ed443408d982bccd815336 av-animated-generic fade-in av-milestone-valign-baseline av-milestone-even'><h2 class='av-milestone-date' id='milestone-luview-in-2021'><strong>LUVIEW EN 2021<span class='av-milestone-indicator'><\/span><\/strong><\/h2><article class='av-milestone-content-wrap'><div class='av-milestone-contentbox'><div class='av-milestone-content'><p>Luview a d\u00e9m\u00e9nag\u00e9 dans le parc industriel de Liwei, couvrant une superficie de plus de 16 000 m\u00e8tres carr\u00e9s.<\/p>\n<\/div><\/div><footer class='av-milestone-article-footer entry-footer'><\/footer><\/article><div class=\"av-milestone-icon-wrap\"><span class='av-milestone-icon milestone_icon'><span class='av-milestone-icon-inner milestone_inner'><span class='milestone_number'>16<\/span><\/span><\/span><\/div><h2 class='av-milestone-date' id='milestone-luview-in-2021'><strong>LUVIEW EN 2021<span class='av-milestone-indicator'><\/span><\/strong><\/h2><\/li>\n<li  class='av-milestone av-l2u925j0-1-1-903ba7f6ccadff3dd9f33418c4926297 av-animated-generic fade-in av-milestone-valign-baseline av-milestone-odd'><h2 class='av-milestone-date' id='milestone-luview-in-2023'><strong>LUVIEW EN 2023<span class='av-milestone-indicator'><\/span><\/strong><\/h2><div class=\"av-milestone-icon-wrap\"><span class='av-milestone-icon milestone_icon'><span class='av-milestone-icon-inner milestone_inner'><span class='milestone_number'>17<\/span><\/span><\/span><\/div><article class='av-milestone-content-wrap'><div class='av-milestone-contentbox'><div class='av-milestone-content'><p>Luview a re\u00e7u le titre d'entreprise sp\u00e9cialis\u00e9e, raffin\u00e9e et nouvelle de la province de Guangdong.<\/p>\n<\/div><\/div><footer class='av-milestone-article-footer entry-footer'><\/footer><\/article><\/li>\n<li  class='av-milestone av-l2u925j0-1-1-1-a3b3fed44091dee80bac98b770e5fbd8 av-animated-generic fade-in av-milestone-valign-baseline av-milestone-even'><h2 class='av-milestone-date' id='milestone-luview-in-2025'><strong>LUVIEW EN 2025<span class='av-milestone-indicator'><\/span><\/strong><\/h2><article class='av-milestone-content-wrap'><div class='av-milestone-contentbox'><div class='av-milestone-content'><p>LUVIEW a obtenu la certification ISO45001.<\/p>\n<\/div><\/div><footer class='av-milestone-article-footer entry-footer'><\/footer><\/article><div class=\"av-milestone-icon-wrap\"><span class='av-milestone-icon milestone_icon'><span class='av-milestone-icon-inner milestone_inner'><span class='milestone_number'>18<\/span><\/span><\/span><\/div><h2 class='av-milestone-date' id='milestone-luview-in-2025'><strong>LUVIEW EN 2025<span class='av-milestone-indicator'><\/span><\/strong><\/h2><\/li>\n<li  class='av-milestone av-l2u925j0-1-1-1-5b66ecf31636fb9f8cd1a684cd99814e av-animated-generic fade-in av-milestone-valign-baseline av-milestone-odd'><h2 class='av-milestone-date' id='milestone-luview-in-2026'><strong>LUVIEW EN 2026<span class='av-milestone-indicator'><\/span><\/strong><\/h2><div class=\"av-milestone-icon-wrap\"><span class='av-milestone-icon milestone_icon'><span class='av-milestone-icon-inner milestone_inner'><span class='milestone_number'>19<\/span><\/span><\/span><\/div><article class='av-milestone-content-wrap'><div class='av-milestone-contentbox'><div class='av-milestone-content'><p>L'usine de LUVIEW en Malaisie est officiellement mise en production<\/p>\n<\/div><\/div><footer class='av-milestone-article-footer entry-footer'><\/footer><\/article><\/li>\n<\/ul><\/div><\/div>","protected":false},"excerpt":{"rendered":"","protected":false},"author":1,"featured_media":0,"parent":152,"menu_order":0,"comment_status":"closed","ping_status":"closed","template":"","meta":{"_monsterinsights_skip_tracking":false,"_monsterinsights_sitenote_active":false,"_monsterinsights_sitenote_note":"","_monsterinsights_sitenote_category":0,"footnotes":""},"class_list":["post-348","page","type-page","status-publish","hentry"],"_links":{"self":[{"href":"https:\/\/luview.com\/fr\/wp-json\/wp\/v2\/pages\/348","targetHints":{"allow":["GET"]}}],"collection":[{"href":"https:\/\/luview.com\/fr\/wp-json\/wp\/v2\/pages"}],"about":[{"href":"https:\/\/luview.com\/fr\/wp-json\/wp\/v2\/types\/page"}],"author":[{"embeddable":true,"href":"https:\/\/luview.com\/fr\/wp-json\/wp\/v2\/users\/1"}],"replies":[{"embeddable":true,"href":"https:\/\/luview.com\/fr\/wp-json\/wp\/v2\/comments?post=348"}],"version-history":[{"count":3,"href":"https:\/\/luview.com\/fr\/wp-json\/wp\/v2\/pages\/348\/revisions"}],"predecessor-version":[{"id":43807,"href":"https:\/\/luview.com\/fr\/wp-json\/wp\/v2\/pages\/348\/revisions\/43807"}],"up":[{"embeddable":true,"href":"https:\/\/luview.com\/fr\/wp-json\/wp\/v2\/pages\/152"}],"wp:attachment":[{"href":"https:\/\/luview.com\/fr\/wp-json\/wp\/v2\/media?parent=348"}],"curies":[{"name":"wp","href":"https:\/\/api.w.org\/{rel}","templated":true}]}}