{"id":631,"date":"2022-05-23T07:58:39","date_gmt":"2022-05-23T07:58:39","guid":{"rendered":"https:\/\/luview.com\/?page_id=631"},"modified":"2026-03-10T02:44:22","modified_gmt":"2026-03-10T02:44:22","slug":"cameras-de-plaque-dimmatriculation","status":"publish","type":"page","link":"https:\/\/luview.com\/fr\/products\/cameras\/license-plate-cameras\/","title":{"rendered":"Cam\u00e9ras de surveillance des plaques d'immatriculation"},"content":{"rendered":"<style type=\"text\/css\" data-created_by=\"avia_inline_auto\" id=\"style-css-av-l2y9d09l-37c459b1fe29d7efeee039a33e01dd4f\">\n.avia-section.av-l2y9d09l-37c459b1fe29d7efeee039a33e01dd4f{\nbackground-repeat:no-repeat;\nbackground-image:url(https:\/\/luview.com\/wp-content\/uploads\/2024\/11\/1111.jpg);\nbackground-position:50% 50%;\nbackground-attachment:scroll;\n}\n.avia-section.av-l2y9d09l-37c459b1fe29d7efeee039a33e01dd4f .av-section-color-overlay{\nopacity:0.8;\nbackground-color:#222222;\n}\n<\/style>\n<div id='av_section_1'  class='avia-section av-l2y9d09l-37c459b1fe29d7efeee039a33e01dd4f main_color avia-section-default avia-no-border-styling  avia-builder-el-0  el_before_av_one_full  avia-builder-el-first  titlebarbox avia-full-stretch avia-bg-style-scroll av-section-color-overlay-active container_wrap sidebar_left'  data-section-bg-repeat='stretch'><div class=\"av-section-color-overlay-wrap\"><div class=\"av-section-color-overlay\"><\/div><div class='container av-section-cont-open' ><main  role=\"main\" itemprop=\"mainContentOfPage\"  class='template-page content  av-content-small units'><div class='post-entry post-entry-type-page post-entry-631'><div class='entry-content-wrapper clearfix'>\n\n<style type=\"text\/css\" data-created_by=\"avia_inline_auto\" id=\"style-css-av-ro2v-a87e36abb91cc5e18f3d0098b40720d3\">\n.flex_column.av-ro2v-a87e36abb91cc5e18f3d0098b40720d3{\npadding:10% 0 10% 0;\n}\n<\/style>\n<div class='flex_column av-ro2v-a87e36abb91cc5e18f3d0098b40720d3 av_one_full  avia-builder-el-1  avia-builder-el-no-sibling  first flex_column_div'   ><style type=\"text\/css\" data-created_by=\"avia_inline_auto\" id=\"style-css-av-l2y9au29-bf07c75c092d3a9f62676db415f615f7\">\n#top .av_textblock_section.av-l2y9au29-bf07c75c092d3a9f62676db415f615f7 .avia_textblock{\ncolor:#ffffff;\ntext-align:center;\n}\n<\/style>\n<section  class='av_textblock_section av-l2y9au29-bf07c75c092d3a9f62676db415f615f7'  itemscope=\"itemscope\" itemtype=\"https:\/\/schema.org\/CreativeWork\" ><div class='avia_textblock av_inherit_color'  itemprop=\"text\" ><h1>Cam\u00e9ras de surveillance des plaques d'immatriculation<\/h1>\n<\/div><\/section><br \/>\n<\/p><\/div>\n<\/div><\/div><\/main><!-- close content main element --><\/div><\/div><\/div><div id='after_section_1'  class='main_color av_default_container_wrap container_wrap sidebar_left'  ><div class='container av-section-cont-open' ><div class='template-page content  av-content-small units'><div class='post-entry post-entry-type-page post-entry-631'><div class='entry-content-wrapper clearfix'>\n<div class='flex_column av-6hmib-0f7b6fcf00f9273a80dfc45f533798fb av_one_full  avia-builder-el-4  el_after_av_section  el_before_av_one_full  avia-builder-el-first  first flex_column_div'   ><section  class='av_textblock_section av-l2y9squj-e76031f6dac70c55a963b220d7b8ed83'  itemscope=\"itemscope\" itemtype=\"https:\/\/schema.org\/CreativeWork\" ><div class='avia_textblock'  itemprop=\"text\" ><h3 style=\"font-weight: bold;\">Toutes les cam\u00e9ras de surveillance des plaques d'immatriculation<\/h3>\n<\/div><\/section><br \/>\n<section  class='av_textblock_section av-l2y9tm1e-80c30be322df05d44e75397a617f5c97'  itemscope=\"itemscope\" itemtype=\"https:\/\/schema.org\/CreativeWork\" ><div class='avia_textblock'  itemprop=\"text\" ><p>Installing one of our\u00a0license plate camera\u00a0in your vehicle improves the driver&#8217;s visibility\u00a0exponentially! With\u00a0options including\u00a0multiple views around the vehicle, night vision, waterproof durability, and 150-170\u00b0\u00a0field of vision, Luview manufacture high quality license plate cameras and rear view system to meet you &amp;\u00a0your fleet\u2019s needs. Consult us\u00a0by <a href=\"http:\/\/mailto:sales@luview.com\/\">sales@luview.com<\/a>\u00a0!<\/p>\n<\/div><\/section><br \/>\n<div  class='avia-button-wrap avia-button-left  avia-builder-el-7  el_after_av_textblock  avia-builder-el-last' ><a href='https:\/\/luview.com\/fr\/contact\/'  class='avia-button av-l2y9umzk-d16bac7bf4e11df2896cb79984c1e31c avia-icon_select-no avia-size-large avia-position-left avia-color-theme-color' ><span class='avia_iconbox_title' >Demande d'informations<\/span><\/a><\/div><\/p><\/div>\n<div class='flex_column av-5hzen-23301fe4c356e81a47b358eb060165d1 av_one_full  avia-builder-el-8  el_after_av_one_full  el_before_av_one_full  first flex_column_div column-top-margin'   ><div  class='avia-product-slider-container av-l2y9wj0i-95e2f03cbb65345e10b02865878b62d3 template-shop avia-content-slider avia-content-grid-active shop_columns_3  avia-builder-el-9  avia-builder-el-no-sibling  myproducts avia-content-slider-odd  avia-builder-el-9  avia-builder-el-no-sibling  myproducts avia-product-slider1'  data-autoplay=''  data-interval='5'  data-animation='fade'  data-hoverpause='1' ><div class='avia-content-slider-inner'><ul class=\"products\"><li class=\"product type-product post-935 status-publish first instock product_cat-license-plate-camera has-post-thumbnail shipping-taxable product-type-simple\">\n\t<div class='inner_product main_color wrapped_style noLightbox  av-product-class-no_button'><a href=\"https:\/\/luview.com\/fr\/product\/jy-022a-license-plate-camera-with-ip69k-and-wide-view-angle\/\" class=\"woocommerce-LoopProduct-link woocommerce-loop-product__link\"><div class='thumbnail_container'><img decoding=\"async\" width=\"600\" height=\"600\" data-src=\"https:\/\/luview.com\/wp-content\/uploads\/2022\/06\/022A\u5e26\u57ab\u5708\u6b3e\u9996\u9875\u65b9\u5411-1-600x600.jpg\" class=\"wp-image-44063 avia-img-lazy-loading-44063 attachment-woocommerce_thumbnail size-woocommerce_thumbnail wp-post-image lazyload\"  data-srcset=\"https:\/\/luview.com\/wp-content\/uploads\/2022\/06\/022A\u5e26\u57ab\u5708\u6b3e\u9996\u9875\u65b9\u5411-1-600x600.jpg 600w, https:\/\/luview.com\/wp-content\/uploads\/2022\/06\/022A\u5e26\u57ab\u5708\u6b3e\u9996\u9875\u65b9\u5411-1-300x300.jpg 300w, https:\/\/luview.com\/wp-content\/uploads\/2022\/06\/022A\u5e26\u57ab\u5708\u6b3e\u9996\u9875\u65b9\u5411-1-80x80.jpg 80w, https:\/\/luview.com\/wp-content\/uploads\/2022\/06\/022A\u5e26\u57ab\u5708\u6b3e\u9996\u9875\u65b9\u5411-1-768x768.jpg 768w, https:\/\/luview.com\/wp-content\/uploads\/2022\/06\/022A\u5e26\u57ab\u5708\u6b3e\u9996\u9875\u65b9\u5411-1-12x12.jpg 12w, https:\/\/luview.com\/wp-content\/uploads\/2022\/06\/022A\u5e26\u57ab\u5708\u6b3e\u9996\u9875\u65b9\u5411-1-36x36.jpg 36w, https:\/\/luview.com\/wp-content\/uploads\/2022\/06\/022A\u5e26\u57ab\u5708\u6b3e\u9996\u9875\u65b9\u5411-1-180x180.jpg 180w, https:\/\/luview.com\/wp-content\/uploads\/2022\/06\/022A\u5e26\u57ab\u5708\u6b3e\u9996\u9875\u65b9\u5411-1-430x430.jpg 430w, https:\/\/luview.com\/wp-content\/uploads\/2022\/06\/022A\u5e26\u57ab\u5708\u6b3e\u9996\u9875\u65b9\u5411-1-630x630.jpg 630w, https:\/\/luview.com\/wp-content\/uploads\/2022\/06\/022A\u5e26\u57ab\u5708\u6b3e\u9996\u9875\u65b9\u5411-1-705x705.jpg 705w, https:\/\/luview.com\/wp-content\/uploads\/2022\/06\/022A\u5e26\u57ab\u5708\u6b3e\u9996\u9875\u65b9\u5411-1-321x321.jpg 321w, https:\/\/luview.com\/wp-content\/uploads\/2022\/06\/022A\u5e26\u57ab\u5708\u6b3e\u9996\u9875\u65b9\u5411-1-120x120.jpg 120w, https:\/\/luview.com\/wp-content\/uploads\/2022\/06\/022A\u5e26\u57ab\u5708\u6b3e\u9996\u9875\u65b9\u5411-1-450x450.jpg 450w, https:\/\/luview.com\/wp-content\/uploads\/2022\/06\/022A\u5e26\u57ab\u5708\u6b3e\u9996\u9875\u65b9\u5411-1-100x100.jpg 100w, https:\/\/luview.com\/wp-content\/uploads\/2022\/06\/022A\u5e26\u57ab\u5708\u6b3e\u9996\u9875\u65b9\u5411-1.jpg 800w\" data-sizes=\"(max-width: 600px) 100vw, 600px\" title=\"JY-022A Cam\u00e9ra pour plaque d&#039;immatriculation avec IP69K et grand angle de vue\u7f29\u7565\u56fe\" alt=\"JY-022A Cam\u00e9ra pour plaque d&#039;immatriculation avec IP69K et grand angle de vue\u7f29\u7565\u56fe\" src=\"data:image\/svg+xml;base64,PHN2ZyB3aWR0aD0iMSIgaGVpZ2h0PSIxIiB4bWxucz0iaHR0cDovL3d3dy53My5vcmcvMjAwMC9zdmciPjwvc3ZnPg==\" style=\"--smush-placeholder-width: 600px; --smush-placeholder-aspect-ratio: 600\/600;\" \/><span class='cart-loading'><\/span><\/div><div class='inner_product_header'><div class='avia-arrow'><\/div><div class='inner_product_header_table'><div class='inner_product_header_cell'><h2 class=\"woocommerce-loop-product__title\">JY-022A Cam\u00e9ra pour plaque d'immatriculation avec IP69K et grand angle de vue<\/h2>\n<\/div><\/div><\/div><\/a><\/div><\/li>\n<\/ul><\/div><\/div><div class=\"clear\"><\/div><\/div><div class='flex_column av-4ubxv-213bc428d71aa730c5a18fbc0d9954c9 av_one_full  avia-builder-el-0  el_before_av_three_fourth  avia-builder-el-first  first flex_column_div'   ><section  class='av_textblock_section av-4bhe3-b5d2024edd0490f6b2ae124c64cf457e'  itemscope=\"itemscope\" itemtype=\"https:\/\/schema.org\/CreativeWork\" ><div class='avia_textblock'  itemprop=\"text\" ><h3>Qu'est-ce qu'une cam\u00e9ra de plaque d'immatriculation ?<\/h3>\n<p>La cam\u00e9ra de plaque d'immatriculation est une sorte de cam\u00e9ra de recul sp\u00e9ciale pour les voitures sp\u00e9ciales. Cette cam\u00e9ra de recul mesure la position d'installation la plus appropri\u00e9e pour chaque mod\u00e8le (principalement le feu de plaque d'immatriculation ou la poign\u00e9e du coffre) et est continuellement modifi\u00e9e sur le moule, de sorte que la cam\u00e9ra et l'ensemble du v\u00e9hicule sont int\u00e9gr\u00e9s. Le produit couvre la plupart des marques automobiles sur le march\u00e9 (Honda, Toyota, Nissan, Hyundai, Kia, etc.), soit plus de 400 mod\u00e8les.<\/p>\n<h3>Comment fonctionne une cam\u00e9ra de plaque d'immatriculation ?<\/h3>\n<p>La cam\u00e9ra arri\u00e8re pour plaque d'immatriculation offre au conducteur une vue large et claire de 150 \u00e0 170 degr\u00e9s de ce qui se trouve derri\u00e8re le v\u00e9hicule, lui permettant ainsi de reculer en toute s\u00e9curit\u00e9, quelles que soient les conditions m\u00e9t\u00e9orologiques. Ce large champ de vision entra\u00eene g\u00e9n\u00e9ralement une distorsion de type \u201c fish-eye \u201d sur le moniteur, mais les bonnes cam\u00e9ras pour plaque d'immatriculation sont \u00e9quip\u00e9es d'une technologie de correction num\u00e9rique qui corrige l'image et la restitue correctement. Conviviale et simple, cette cam\u00e9ra se fixe sur votre plaque d'immatriculation arri\u00e8re existante, ce qui permet de l'installer sur les trous d\u00e9j\u00e0 pr\u00e9sents sur la plaque d'immatriculation du v\u00e9hicule. Elle est parfaite pour les mini-fourgonnettes, les SUV, les berlines, les camionnettes et bien d'autres v\u00e9hicules.<\/p>\n<h3>Avantages de la cam\u00e9ra de plaque d'immatriculation<\/h3>\n<p><strong><b>qualit\u00e9 HD<\/b><\/strong><\/p>\n<p>Gr\u00e2ce \u00e0 l'utilisation de lentilles en verre de haute pr\u00e9cision, m\u00eame \u00e0 des temp\u00e9ratures \u00e9lev\u00e9es ou basses, elles ne se d\u00e9forment pas et offrent une bonne transmission de la lumi\u00e8re et une bonne sensibilit\u00e9, pour une qualit\u00e9 d'image plus stable.<\/p>\n<p><strong><b>\u00c9tanche et r\u00e9sistant aux chocs<\/b><\/strong><\/p>\n<p>Gr\u00e2ce \u00e0 un processus de remplissage \u00e0 la colle fine, apr\u00e8s des tests rigoureux de bulles d'eau et de vibrations, la cam\u00e9ra peut continuer \u00e0 fonctionner normalement dans un tunnel de lavage automatique, sous la pluie, dans des conditions de turbulence et dans d'autres conditions routi\u00e8res.<\/p>\n<p><strong><b>Angle de vision large de 170\u00b0<\/b><\/strong><\/p>\n<p>Objectif grand angle 170\u00b0 en option, champ de vision plus large, stationnement et marche arri\u00e8re plus s\u00fbrs et plus pratiques.<\/p>\n<p><strong><b>N<\/b><\/strong><strong><b>vision nocturne <\/b><\/strong><strong><b>disponible<\/b><\/strong><\/p>\n<p>Une configuration LED haute luminosit\u00e9 en option offre une image nette m\u00eame dans l'obscurit\u00e9 totale.<\/p>\n<h3>Comment installer une cam\u00e9ra de plaque d'immatriculation<\/h3>\n<p>Selon le mod\u00e8le choisi, vous pouvez fixer la cam\u00e9ra sur la plaque d'immatriculation ou le coffre de votre voiture. Une fois la cam\u00e9ra install\u00e9e, vous devrez connecter les c\u00e2bles d'alimentation et RCA \u00e0 votre voiture. Veillez \u00e0 tester la cam\u00e9ra avant de la remonter.<\/p>\n<p>En g\u00e9n\u00e9ral, l'installation d'une cam\u00e9ra de plaque d'immatriculation peut \u00eatre r\u00e9sum\u00e9e en plusieurs \u00e9tapes :<\/p>\n<ol>\n<li>Installez la cam\u00e9ra sur la plaque d'immatriculation de votre voiture, la lunette arri\u00e8re ou tout autre endroit appropri\u00e9.<\/li>\n<li>R\u00e9glez l'objectif de l'appareil photo dans la meilleure position possible.<\/li>\n<li>Connectez le c\u00e2ble d'alimentation (rouge et noir) au syst\u00e8me d'alimentation 12 V CC de votre v\u00e9hicule.<\/li>\n<li>Connectez la sortie vid\u00e9o (fil jaune) de la cam\u00e9ra \u00e0 l'\u00e9cran de votre v\u00e9hicule.<\/li>\n<\/ol>\n<h3>Combien co\u00fbte une cam\u00e9ra de plaque d'immatriculation ?<\/h3>\n<p>La cam\u00e9ra pour plaque d'immatriculation peut \u00eatre facilement install\u00e9e au-dessus de tous les types de plaques d'immatriculation et transmet une vid\u00e9o en couleur via une prise RCA. Le syst\u00e8me est compatible avec une large gamme d'\u00e9crans et de moniteurs qui vous permettent de voir tout ce qui se trouve derri\u00e8re vous. En g\u00e9n\u00e9ral, le prix d'une cam\u00e9ra de plaque d'immatriculation seule est d'environ 15 \u00e0 150 dollars am\u00e9ricains. Si vous souhaitez b\u00e9n\u00e9ficier d'une meilleure exp\u00e9rience visuelle et am\u00e9liorer la s\u00e9curit\u00e9 de conduite dans toutes les directions, il est pr\u00e9f\u00e9rable d'utiliser un moniteur pour former un syst\u00e8me de vision arri\u00e8re complet. Le prix est d'environ 200 \u00e0 300 dollars am\u00e9ricains.<\/p>\n<p>Si vous souhaitez acheter des cam\u00e9ras de reconnaissance des plaques d'immatriculation en grande quantit\u00e9 ou personnaliser vos cam\u00e9ras, veuillez envoyer un e-mail \u00e0 <a href=\"mailto:sales@luview.com\"><u>sales@luview.com<\/u><\/a>\u00a0pour conna\u00eetre le co\u00fbt exact.<\/p>\n<h3>Trouvez un fabricant fiable de cam\u00e9ras pour plaques d'immatriculation<\/h3>\n<p>Voici quelques \u00e9l\u00e9ments \u00e0 prendre en compte lors du choix d'une cam\u00e9ra pour plaque d'immatriculation. Un fabricant fiable devrait offrir les caract\u00e9ristiques suivantes :<\/p>\n<p>Recherchez des cam\u00e9ras haute d\u00e9finition. Ces cam\u00e9ras capturent clairement les plaques d'immatriculation et sont disponibles en plusieurs tailles. Une cam\u00e9ra 2 MP (1080p) est capable de reconna\u00eetre les plaques d'immatriculation jusqu'\u00e0 une distance de 4 m\u00e8tres, bien que cela puisse s'av\u00e9rer insuffisant dans certaines situations. Il est important de comprendre que certaines de ces cam\u00e9ras peuvent manquer une plaque d'immatriculation parce qu'elle se d\u00e9place trop rapidement ou se trouve \u00e0 une distance trop \u00e9loign\u00e9e. Que vous choisissiez une cam\u00e9ra 1080p ou une cam\u00e9ra \u00e0 plus haute r\u00e9solution, assurez-vous de choisir une entreprise offrant un service client de haute qualit\u00e9.<\/p>\n<p>If you need a high-resolution license plate camera, you can choose the long night vision security camera. Its night vision range is 13 meters, making it a superior choice among vehicle security products. Luview has 18 years of R &amp; D and production experience in the automotive electronics industry, providing various types of high-quality automotive camera products for global users, please feel free to consult us: <a href=\"http:\/\/mailto:sales@luview.com\/\">sales@luview.com<\/a>\u00a0.<\/p>\n<\/div><\/section><\/div><\/p>","protected":false},"excerpt":{"rendered":"","protected":false},"author":1,"featured_media":0,"parent":620,"menu_order":0,"comment_status":"closed","ping_status":"closed","template":"","meta":{"_monsterinsights_skip_tracking":false,"_monsterinsights_sitenote_active":false,"_monsterinsights_sitenote_note":"","_monsterinsights_sitenote_category":0,"footnotes":""},"class_list":["post-631","page","type-page","status-publish","hentry"],"_links":{"self":[{"href":"https:\/\/luview.com\/fr\/wp-json\/wp\/v2\/pages\/631","targetHints":{"allow":["GET"]}}],"collection":[{"href":"https:\/\/luview.com\/fr\/wp-json\/wp\/v2\/pages"}],"about":[{"href":"https:\/\/luview.com\/fr\/wp-json\/wp\/v2\/types\/page"}],"author":[{"embeddable":true,"href":"https:\/\/luview.com\/fr\/wp-json\/wp\/v2\/users\/1"}],"replies":[{"embeddable":true,"href":"https:\/\/luview.com\/fr\/wp-json\/wp\/v2\/comments?post=631"}],"version-history":[{"count":3,"href":"https:\/\/luview.com\/fr\/wp-json\/wp\/v2\/pages\/631\/revisions"}],"predecessor-version":[{"id":44504,"href":"https:\/\/luview.com\/fr\/wp-json\/wp\/v2\/pages\/631\/revisions\/44504"}],"up":[{"embeddable":true,"href":"https:\/\/luview.com\/fr\/wp-json\/wp\/v2\/pages\/620"}],"wp:attachment":[{"href":"https:\/\/luview.com\/fr\/wp-json\/wp\/v2\/media?parent=631"}],"curies":[{"name":"wp","href":"https:\/\/api.w.org\/{rel}","templated":true}]}}