{"id":644,"date":"2022-05-23T11:00:07","date_gmt":"2022-05-23T11:00:07","guid":{"rendered":"https:\/\/luview.com\/?page_id=644"},"modified":"2026-03-10T02:46:53","modified_gmt":"2026-03-10T02:46:53","slug":"4-moniteurs-de-6-pouces","status":"publish","type":"page","link":"https:\/\/luview.com\/fr\/products\/monitors\/4-6-inch-monitors\/","title":{"rendered":"Moniteurs 4-6 pouces"},"content":{"rendered":"<style type=\"text\/css\" data-created_by=\"avia_inline_auto\" id=\"style-css-av-l2y9d09l-9a59c050fd7cc562363a6e26bd127e73\">\n.avia-section.av-l2y9d09l-9a59c050fd7cc562363a6e26bd127e73{\nbackground-repeat:no-repeat;\nbackground-image:url(https:\/\/luview.com\/wp-content\/uploads\/2024\/08\/0.jpg);\nbackground-position:50% 50%;\nbackground-attachment:scroll;\n}\n.avia-section.av-l2y9d09l-9a59c050fd7cc562363a6e26bd127e73 .av-section-color-overlay{\nopacity:0.8;\nbackground-color:#222222;\n}\n<\/style>\n<div id='av_section_1'  class='avia-section av-l2y9d09l-9a59c050fd7cc562363a6e26bd127e73 main_color avia-section-default avia-no-border-styling  avia-builder-el-0  el_before_av_one_full  avia-builder-el-first  titlebarbox avia-full-stretch avia-bg-style-scroll av-section-color-overlay-active container_wrap sidebar_left'  data-section-bg-repeat='stretch'><div class=\"av-section-color-overlay-wrap\"><div class=\"av-section-color-overlay\"><\/div><div class='container av-section-cont-open' ><main  role=\"main\" itemprop=\"mainContentOfPage\"  class='template-page content  av-content-small units'><div class='post-entry post-entry-type-page post-entry-644'><div class='entry-content-wrapper clearfix'>\n\n<style type=\"text\/css\" data-created_by=\"avia_inline_auto\" id=\"style-css-av-ro2v-a87e36abb91cc5e18f3d0098b40720d3\">\n.flex_column.av-ro2v-a87e36abb91cc5e18f3d0098b40720d3{\npadding:10% 0 10% 0;\n}\n<\/style>\n<div class='flex_column av-ro2v-a87e36abb91cc5e18f3d0098b40720d3 av_one_full  avia-builder-el-1  avia-builder-el-no-sibling  first flex_column_div'   ><style type=\"text\/css\" data-created_by=\"avia_inline_auto\" id=\"style-css-av-l2y9au29-bf07c75c092d3a9f62676db415f615f7\">\n#top .av_textblock_section.av-l2y9au29-bf07c75c092d3a9f62676db415f615f7 .avia_textblock{\ncolor:#ffffff;\ntext-align:center;\n}\n<\/style>\n<section  class='av_textblock_section av-l2y9au29-bf07c75c092d3a9f62676db415f615f7'  itemscope=\"itemscope\" itemtype=\"https:\/\/schema.org\/CreativeWork\" ><div class='avia_textblock av_inherit_color'  itemprop=\"text\" ><h1>Moniteurs 4-6 pouces<\/h1>\n<\/div><\/section><br \/>\n<\/p><\/div>\n<\/div><\/div><\/main><!-- close content main element --><\/div><\/div><\/div><div id='after_section_1'  class='main_color av_default_container_wrap container_wrap sidebar_left'  ><div class='container av-section-cont-open' ><div class='template-page content  av-content-small units'><div class='post-entry post-entry-type-page post-entry-644'><div class='entry-content-wrapper clearfix'>\n<div class='flex_column av-6hmib-0f7b6fcf00f9273a80dfc45f533798fb av_one_full  avia-builder-el-4  el_after_av_section  el_before_av_one_full  avia-builder-el-first  first flex_column_div'   ><section  class='av_textblock_section av-l2y9squj-e76031f6dac70c55a963b220d7b8ed83'  itemscope=\"itemscope\" itemtype=\"https:\/\/schema.org\/CreativeWork\" ><div class='avia_textblock'  itemprop=\"text\" ><h3 style=\"font-weight: bold;\">Tous les moniteurs 4-6 pouces<\/h3>\n<\/div><\/section><br \/>\n<section  class='av_textblock_section av-l2y9tm1e-80c30be322df05d44e75397a617f5c97'  itemscope=\"itemscope\" itemtype=\"https:\/\/schema.org\/CreativeWork\" ><div class='avia_textblock'  itemprop=\"text\" ><p>Les moniteurs Luview 4-6 pouces pour v\u00e9hicules peuvent \u00eatre combin\u00e9s avec une cam\u00e9ra pour former un syst\u00e8me de surveillance visuelle complet, qui peut \u00eatre utilis\u00e9 pour la surveillance des marches arri\u00e8re ou pour la publicit\u00e9 sur les bus, les rames de m\u00e9tro, etc. Les moniteurs 4-6 pouces disponibles sur le march\u00e9 sont d\u00e9sormais \u00e9quip\u00e9s d'un syst\u00e8me audio externe, d'une carte SD lisible, d'un port USB et d'autres fonctions. Les moniteurs 4-6 pouces conviennent aux camions, bus, chariots \u00e9l\u00e9vateurs, moissonneuses, camions de pompiers, camions de mine, chariots \u00e9l\u00e9vateurs, v\u00e9hicules d'ing\u00e9nierie, bulldozers, camions \u00e0 ordures, camions-citernes, remorques, bus scolaires et autres v\u00e9hicules. Luview est un fabricant professionnel de moniteur de recul en Chine. Que vous soyez un d\u00e9taillant ou un grossiste, vous pouvez acheter la meilleure cam\u00e9ra de recul 4-6 pouces avec un bon prix chez nous. <a href=\"mailto:sales@luview.com\"><u>sales@luview.com<\/u><\/a>\u00a0.<\/p>\n<\/div><\/section><br \/>\n<div  class='avia-button-wrap avia-button-left  avia-builder-el-7  el_after_av_textblock  avia-builder-el-last' ><a href='https:\/\/luview.com\/fr\/contact\/'  class='avia-button av-l2y9umzk-d16bac7bf4e11df2896cb79984c1e31c avia-icon_select-no avia-size-large avia-position-left avia-color-theme-color' ><span class='avia_iconbox_title' >Demande d'informations<\/span><\/a><\/div><\/p><\/div>\n<div class='flex_column av-5hzen-23301fe4c356e81a47b358eb060165d1 av_one_full  avia-builder-el-8  el_after_av_one_full  el_before_av_one_full  first flex_column_div column-top-margin'   ><div  class='avia-product-slider-container av-l2y9wj0i-73d20c12f8899ac2eb23aba17dec6b38 template-shop avia-content-slider avia-content-grid-active shop_columns_3  avia-builder-el-9  avia-builder-el-no-sibling  myproducts avia-content-slider-odd  avia-builder-el-9  avia-builder-el-no-sibling  myproducts avia-product-slider1'  data-autoplay=''  data-interval='5'  data-animation='fade'  data-hoverpause='1' ><div class='avia-content-slider-inner'><ul class=\"products\"><li class=\"product type-product post-44966 status-publish first instock product_cat-4-6-inch-monitors has-post-thumbnail shipping-taxable product-type-simple\">\n\t<div class='inner_product main_color wrapped_style noLightbox  av-product-class-no_button'><a href=\"https:\/\/luview.com\/fr\/product\/jy-m430w-4-3-inch-vehicle-split-screen-wireless-backup-monitor\/\" class=\"woocommerce-LoopProduct-link woocommerce-loop-product__link\"><div class='thumbnail_container'><img decoding=\"async\" width=\"600\" height=\"600\" data-src=\"https:\/\/luview.com\/wp-content\/uploads\/2024\/07\/M570W\u5185\u9875-1-600x600.jpg\" class=\"wp-image-36490 avia-img-lazy-loading-36490 attachment-woocommerce_thumbnail size-woocommerce_thumbnail wp-post-image lazyload\"  data-srcset=\"https:\/\/luview.com\/wp-content\/uploads\/2024\/07\/M570W\u5185\u9875-1-600x600.jpg 600w, https:\/\/luview.com\/wp-content\/uploads\/2024\/07\/M570W\u5185\u9875-1-100x100.jpg 100w, https:\/\/luview.com\/wp-content\/uploads\/2024\/07\/M570W\u5185\u9875-1-300x300.jpg 300w, https:\/\/luview.com\/wp-content\/uploads\/2024\/07\/M570W\u5185\u9875-1-80x80.jpg 80w, https:\/\/luview.com\/wp-content\/uploads\/2024\/07\/M570W\u5185\u9875-1-768x768.jpg 768w, https:\/\/luview.com\/wp-content\/uploads\/2024\/07\/M570W\u5185\u9875-1-36x36.jpg 36w, https:\/\/luview.com\/wp-content\/uploads\/2024\/07\/M570W\u5185\u9875-1-180x180.jpg 180w, https:\/\/luview.com\/wp-content\/uploads\/2024\/07\/M570W\u5185\u9875-1-430x430.jpg 430w, https:\/\/luview.com\/wp-content\/uploads\/2024\/07\/M570W\u5185\u9875-1-630x630.jpg 630w, https:\/\/luview.com\/wp-content\/uploads\/2024\/07\/M570W\u5185\u9875-1-705x705.jpg 705w, https:\/\/luview.com\/wp-content\/uploads\/2024\/07\/M570W\u5185\u9875-1-321x321.jpg 321w, https:\/\/luview.com\/wp-content\/uploads\/2024\/07\/M570W\u5185\u9875-1-120x120.jpg 120w, https:\/\/luview.com\/wp-content\/uploads\/2024\/07\/M570W\u5185\u9875-1-450x450.jpg 450w, https:\/\/luview.com\/wp-content\/uploads\/2024\/07\/M570W\u5185\u9875-1-500x500.jpg 500w, https:\/\/luview.com\/wp-content\/uploads\/2024\/07\/M570W\u5185\u9875-1.jpg 800w\" data-sizes=\"(max-width: 600px) 100vw, 600px\" title=\"JY-M430W 4.3 Inch vehicle split-screen wireless backup monitor\u7f29\u7565\u56fe (Moniteur de recul sans fil \u00e0 \u00e9cran partag\u00e9)\" alt=\"JY-M430W 4.3 Inch vehicle split-screen wireless backup monitor\u7f29\u7565\u56fe (Moniteur de recul sans fil \u00e0 \u00e9cran partag\u00e9)\" src=\"data:image\/svg+xml;base64,PHN2ZyB3aWR0aD0iMSIgaGVpZ2h0PSIxIiB4bWxucz0iaHR0cDovL3d3dy53My5vcmcvMjAwMC9zdmciPjwvc3ZnPg==\" style=\"--smush-placeholder-width: 600px; --smush-placeholder-aspect-ratio: 600\/600;\" \/><span class='cart-loading'><\/span><\/div><div class='inner_product_header'><div class='avia-arrow'><\/div><div class='inner_product_header_table'><div class='inner_product_header_cell'><h2 class=\"woocommerce-loop-product__title\">JY-M430W Moniteur de recul sans fil \u00e0 \u00e9cran partag\u00e9 pour v\u00e9hicules de 4,3 pouces<\/h2>\n<\/div><\/div><\/div><\/a><\/div><\/li>\n<li class=\"product type-product post-25902 status-publish instock product_cat-4-6-inch-monitors has-post-thumbnail shipping-taxable product-type-simple\">\n\t<div class='inner_product main_color wrapped_style noLightbox  av-product-class-no_button'><a href=\"https:\/\/luview.com\/fr\/product\/jy-m570w-5-inch-wireless-split-screen-rear-view-monitor\/\" class=\"woocommerce-LoopProduct-link woocommerce-loop-product__link\"><div class='thumbnail_container'><img decoding=\"async\" width=\"600\" height=\"600\" data-src=\"https:\/\/luview.com\/wp-content\/uploads\/2024\/07\/M570W\u9996\u9875\u65b9\u5411-1-600x600.jpg\" class=\"wp-image-36488 avia-img-lazy-loading-36488 attachment-woocommerce_thumbnail size-woocommerce_thumbnail wp-post-image lazyload\"  data-srcset=\"https:\/\/luview.com\/wp-content\/uploads\/2024\/07\/M570W\u9996\u9875\u65b9\u5411-1-600x600.jpg 600w, https:\/\/luview.com\/wp-content\/uploads\/2024\/07\/M570W\u9996\u9875\u65b9\u5411-1-100x100.jpg 100w, https:\/\/luview.com\/wp-content\/uploads\/2024\/07\/M570W\u9996\u9875\u65b9\u5411-1-300x300.jpg 300w, https:\/\/luview.com\/wp-content\/uploads\/2024\/07\/M570W\u9996\u9875\u65b9\u5411-1-80x80.jpg 80w, https:\/\/luview.com\/wp-content\/uploads\/2024\/07\/M570W\u9996\u9875\u65b9\u5411-1-768x768.jpg 768w, https:\/\/luview.com\/wp-content\/uploads\/2024\/07\/M570W\u9996\u9875\u65b9\u5411-1-36x36.jpg 36w, https:\/\/luview.com\/wp-content\/uploads\/2024\/07\/M570W\u9996\u9875\u65b9\u5411-1-180x180.jpg 180w, https:\/\/luview.com\/wp-content\/uploads\/2024\/07\/M570W\u9996\u9875\u65b9\u5411-1-430x430.jpg 430w, https:\/\/luview.com\/wp-content\/uploads\/2024\/07\/M570W\u9996\u9875\u65b9\u5411-1-630x630.jpg 630w, https:\/\/luview.com\/wp-content\/uploads\/2024\/07\/M570W\u9996\u9875\u65b9\u5411-1-705x705.jpg 705w, https:\/\/luview.com\/wp-content\/uploads\/2024\/07\/M570W\u9996\u9875\u65b9\u5411-1-321x321.jpg 321w, https:\/\/luview.com\/wp-content\/uploads\/2024\/07\/M570W\u9996\u9875\u65b9\u5411-1-120x120.jpg 120w, https:\/\/luview.com\/wp-content\/uploads\/2024\/07\/M570W\u9996\u9875\u65b9\u5411-1-450x450.jpg 450w, https:\/\/luview.com\/wp-content\/uploads\/2024\/07\/M570W\u9996\u9875\u65b9\u5411-1-500x500.jpg 500w, https:\/\/luview.com\/wp-content\/uploads\/2024\/07\/M570W\u9996\u9875\u65b9\u5411-1.jpg 800w\" data-sizes=\"(max-width: 600px) 100vw, 600px\" title=\"JY-M570W Moniteur de recul sans fil \u00e0 \u00e9cran divis\u00e9 de 5 pouces\u7f29\u7565\u56fe\" alt=\"JY-M570W Moniteur de recul sans fil \u00e0 \u00e9cran divis\u00e9 de 5 pouces\u7f29\u7565\u56fe\" src=\"data:image\/svg+xml;base64,PHN2ZyB3aWR0aD0iMSIgaGVpZ2h0PSIxIiB4bWxucz0iaHR0cDovL3d3dy53My5vcmcvMjAwMC9zdmciPjwvc3ZnPg==\" style=\"--smush-placeholder-width: 600px; --smush-placeholder-aspect-ratio: 600\/600;\" \/><span class='cart-loading'><\/span><\/div><div class='inner_product_header'><div class='avia-arrow'><\/div><div class='inner_product_header_table'><div class='inner_product_header_cell'><h2 class=\"woocommerce-loop-product__title\">JY-M570W Moniteur de recul sans fil \u00e0 \u00e9cran divis\u00e9 de 5 pouces<\/h2>\n<\/div><\/div><\/div><\/a><\/div><\/li>\n<li class=\"product type-product post-1362 status-publish last instock product_cat-4-6-inch-monitors has-post-thumbnail shipping-taxable product-type-simple\">\n\t<div class='inner_product main_color wrapped_style noLightbox  av-product-class-no_button'><a href=\"https:\/\/luview.com\/fr\/product\/jy-m500-5-inch-sunshade-2-channels-input-digital-tft-lcd-monitor\/\" class=\"woocommerce-LoopProduct-link woocommerce-loop-product__link\"><div class='thumbnail_container'><img decoding=\"async\" width=\"600\" height=\"600\" data-src=\"https:\/\/luview.com\/wp-content\/uploads\/2022\/06\/500-600x600.jpg\" class=\"wp-image-25778 avia-img-lazy-loading-25778 attachment-woocommerce_thumbnail size-woocommerce_thumbnail wp-post-image lazyload\"  data-srcset=\"https:\/\/luview.com\/wp-content\/uploads\/2022\/06\/500-600x600.jpg 600w, https:\/\/luview.com\/wp-content\/uploads\/2022\/06\/500-100x100.jpg 100w, https:\/\/luview.com\/wp-content\/uploads\/2022\/06\/500-300x300.jpg 300w, https:\/\/luview.com\/wp-content\/uploads\/2022\/06\/500-80x80.jpg 80w, https:\/\/luview.com\/wp-content\/uploads\/2022\/06\/500-768x768.jpg 768w, https:\/\/luview.com\/wp-content\/uploads\/2022\/06\/500-36x36.jpg 36w, https:\/\/luview.com\/wp-content\/uploads\/2022\/06\/500-180x180.jpg 180w, https:\/\/luview.com\/wp-content\/uploads\/2022\/06\/500-430x430.jpg 430w, https:\/\/luview.com\/wp-content\/uploads\/2022\/06\/500-630x630.jpg 630w, https:\/\/luview.com\/wp-content\/uploads\/2022\/06\/500-705x705.jpg 705w, https:\/\/luview.com\/wp-content\/uploads\/2022\/06\/500-321x321.jpg 321w, https:\/\/luview.com\/wp-content\/uploads\/2022\/06\/500-120x120.jpg 120w, https:\/\/luview.com\/wp-content\/uploads\/2022\/06\/500-450x450.jpg 450w, https:\/\/luview.com\/wp-content\/uploads\/2022\/06\/500.jpg 800w\" data-sizes=\"(max-width: 600px) 100vw, 600px\" title=\"JY-M500 Pare-soleil 5 pouces Moniteur LCD TFT num\u00e9rique \u00e0 2 entr\u00e9es\u7f29\u7565\u56fe\" alt=\"JY-M500 Pare-soleil 5 pouces Moniteur LCD TFT num\u00e9rique \u00e0 2 entr\u00e9es\u7f29\u7565\u56fe\" src=\"data:image\/svg+xml;base64,PHN2ZyB3aWR0aD0iMSIgaGVpZ2h0PSIxIiB4bWxucz0iaHR0cDovL3d3dy53My5vcmcvMjAwMC9zdmciPjwvc3ZnPg==\" style=\"--smush-placeholder-width: 600px; --smush-placeholder-aspect-ratio: 600\/600;\" \/><span class='cart-loading'><\/span><\/div><div class='inner_product_header'><div class='avia-arrow'><\/div><div class='inner_product_header_table'><div class='inner_product_header_cell'><h2 class=\"woocommerce-loop-product__title\">JY-M500 Pare-soleil 5 pouces Moniteur LCD TFT num\u00e9rique \u00e0 2 canaux d'entr\u00e9e<\/h2>\n<\/div><\/div><\/div><\/a><\/div><\/li>\n<li class=\"product type-product post-1203 status-publish first instock product_cat-4-6-inch-monitors product_cat-waterproof-monitors has-post-thumbnail shipping-taxable product-type-simple\">\n\t<div class='inner_product main_color wrapped_style noLightbox  av-product-class-no_button'><a href=\"https:\/\/luview.com\/fr\/product\/jy-m550-2-ch-5-inch-ip69k-waterproof-flipped-image-tft-monitor\/\" class=\"woocommerce-LoopProduct-link woocommerce-loop-product__link\"><div class='thumbnail_container'><img decoding=\"async\" width=\"600\" height=\"600\" data-src=\"https:\/\/luview.com\/wp-content\/uploads\/2022\/06\/M550\u9996\u9875\u65b9\u5411-1-1-600x600.jpg\" class=\"wp-image-35862 avia-img-lazy-loading-35862 attachment-woocommerce_thumbnail size-woocommerce_thumbnail wp-post-image lazyload\"  data-srcset=\"https:\/\/luview.com\/wp-content\/uploads\/2022\/06\/M550\u9996\u9875\u65b9\u5411-1-1-600x600.jpg 600w, https:\/\/luview.com\/wp-content\/uploads\/2022\/06\/M550\u9996\u9875\u65b9\u5411-1-1-100x100.jpg 100w, https:\/\/luview.com\/wp-content\/uploads\/2022\/06\/M550\u9996\u9875\u65b9\u5411-1-1-300x300.jpg 300w, https:\/\/luview.com\/wp-content\/uploads\/2022\/06\/M550\u9996\u9875\u65b9\u5411-1-1-80x80.jpg 80w, https:\/\/luview.com\/wp-content\/uploads\/2022\/06\/M550\u9996\u9875\u65b9\u5411-1-1-768x768.jpg 768w, https:\/\/luview.com\/wp-content\/uploads\/2022\/06\/M550\u9996\u9875\u65b9\u5411-1-1-36x36.jpg 36w, https:\/\/luview.com\/wp-content\/uploads\/2022\/06\/M550\u9996\u9875\u65b9\u5411-1-1-180x180.jpg 180w, https:\/\/luview.com\/wp-content\/uploads\/2022\/06\/M550\u9996\u9875\u65b9\u5411-1-1-430x430.jpg 430w, https:\/\/luview.com\/wp-content\/uploads\/2022\/06\/M550\u9996\u9875\u65b9\u5411-1-1-630x630.jpg 630w, https:\/\/luview.com\/wp-content\/uploads\/2022\/06\/M550\u9996\u9875\u65b9\u5411-1-1-705x705.jpg 705w, https:\/\/luview.com\/wp-content\/uploads\/2022\/06\/M550\u9996\u9875\u65b9\u5411-1-1-321x321.jpg 321w, https:\/\/luview.com\/wp-content\/uploads\/2022\/06\/M550\u9996\u9875\u65b9\u5411-1-1-120x120.jpg 120w, https:\/\/luview.com\/wp-content\/uploads\/2022\/06\/M550\u9996\u9875\u65b9\u5411-1-1-450x450.jpg 450w, https:\/\/luview.com\/wp-content\/uploads\/2022\/06\/M550\u9996\u9875\u65b9\u5411-1-1-500x500.jpg 500w, https:\/\/luview.com\/wp-content\/uploads\/2022\/06\/M550\u9996\u9875\u65b9\u5411-1-1.jpg 800w\" data-sizes=\"(max-width: 600px) 100vw, 600px\" title=\"JY-M550 2 CH 5 pouces IP69K \u00e9tanche image invers\u00e9e moniteur TFT\u7f29\u7565\u56fe\" alt=\"JY-M550 2 CH 5 pouces IP69K \u00e9tanche image invers\u00e9e moniteur TFT\u7f29\u7565\u56fe\" src=\"data:image\/svg+xml;base64,PHN2ZyB3aWR0aD0iMSIgaGVpZ2h0PSIxIiB4bWxucz0iaHR0cDovL3d3dy53My5vcmcvMjAwMC9zdmciPjwvc3ZnPg==\" style=\"--smush-placeholder-width: 600px; --smush-placeholder-aspect-ratio: 600\/600;\" \/><span class='cart-loading'><\/span><\/div><div class='inner_product_header'><div class='avia-arrow'><\/div><div class='inner_product_header_table'><div class='inner_product_header_cell'><h2 class=\"woocommerce-loop-product__title\">JY-M550 Moniteur TFT \u00e0 image invers\u00e9e \u00e9tanche IP69K 2 canaux 5 pouces<\/h2>\n<\/div><\/div><\/div><\/a><\/div><\/li>\n<\/ul><\/div><\/div><div class=\"clear\"><\/div><\/div><div class='flex_column av-4ubxv-213bc428d71aa730c5a18fbc0d9954c9 av_one_full  avia-builder-el-0  el_before_av_three_fourth  avia-builder-el-first  first flex_column_div'   ><section  class='av_textblock_section av-4bhe3-b5d2024edd0490f6b2ae124c64cf457e'  itemscope=\"itemscope\" itemtype=\"https:\/\/schema.org\/CreativeWork\" ><div class='avia_textblock'  itemprop=\"text\" ><h3>Avantages du moniteur LCD pour v\u00e9hicule Luview 4-6 pouces<\/h3>\n<p><strong>Conformit\u00e9 avec le syst\u00e8me de surveillance de la vue arri\u00e8re Luview<\/strong><br \/>\nLe syst\u00e8me de moniteur LCD Luview 4-6 pouces combine une cam\u00e9ra haute d\u00e9finition et un moniteur LCD num\u00e9rique. Ces deux \u00e9l\u00e9ments travaillent ensemble pour am\u00e9liorer le champ de vision du conducteur. Ils \u00e9largissent le champ de vision du conducteur, ce qui lui permet de capturer une image parfaite en marche arri\u00e8re et de rep\u00e9rer \u00e0 temps les obstacles \u00e9ventuels. Gr\u00e2ce \u00e0 sa conception \u00e9tanche multicouche, le moniteur Luview peut \u00eatre utilis\u00e9 sur des machines de construction, des moissonneuses, des excavateurs, etc.<\/p>\n<p><strong>High quality &amp; waterproof<\/strong><br \/>\nLuview fournit des moniteurs de v\u00e9hicule haute d\u00e9finition pour de nombreuses applications. Nos moniteurs de recul de 4 \u00e0 6 pouces offrent \u00e9galement des menus multilingues, ce qui les rend compatibles avec une utilisation dans de nombreux pays. Ces moniteurs sont \u00e9galement dot\u00e9s de fonctions anti-poussi\u00e8re et anti-vibrations, et r\u00e9sistent aux hautes et basses temp\u00e9ratures, ce qui permet de les utiliser dans les conditions les plus difficiles.<\/p>\n<h3>Caract\u00e9ristiques \u00e0 rechercher lors du choix du meilleur moniteur 4-6 pouces<\/h3>\n<p>Moniteur de voiture 4-6 pouces avec 2 entr\u00e9es vid\u00e9o, commutation automatique de la priorit\u00e9 de marche arri\u00e8re, effet clair et qualit\u00e9 d'image d\u00e9licate. Vous n'arrivez toujours pas \u00e0 trouver le bon moniteur pour la marche arri\u00e8re ? Quel est le meilleur moniteur de recul pour v\u00e9hicule ? S'il poss\u00e8de les fonctions et caract\u00e9ristiques suivantes, votre choix doit \u00eatre le bon.<\/p>\n<ol>\n<li>2 canaux d'entr\u00e9e vid\u00e9o, un canal peut \u00eatre utilis\u00e9 pour les DVD, VCD, TV, GPS, etc., et l'autre canal vid\u00e9o est utilis\u00e9 pour la vue arri\u00e8re en marche arri\u00e8re.<\/li>\n<li>Une fois la cam\u00e9ra connect\u00e9e, elle peut assurer la commutation automatique de la vue arri\u00e8re et la fonction de r\u00e9veil automatique.<\/li>\n<li>Commutation automatique en marche arri\u00e8re : lorsque le v\u00e9hicule est mis en marche, il passe automatiquement \u00e0 l'\u00e9cran affich\u00e9 par la cam\u00e9ra en marche arri\u00e8re, et revient automatiquement \u00e0 l'\u00e9cran pr\u00e9c\u00e9demment affich\u00e9 apr\u00e8s la marche arri\u00e8re. En mode veille : En marche arri\u00e8re, l'appareil s'allume automatiquement pour afficher la sc\u00e8ne derri\u00e8re la voiture et s'\u00e9teint automatiquement apr\u00e8s la marche arri\u00e8re.<\/li>\n<li>Lentille optique sp\u00e9ciale, l'\u00e9cran peut \u00eatre utilis\u00e9 comme r\u00e9troviseur d'origine apr\u00e8s l'extinction de l'\u00e9cran, et dispose d'une fonction antireflet.<\/li>\n<li>L'installation est simple, le d\u00e9montage est pratique, il n'est pas n\u00e9cessaire de changer la voiture d'origine, et le style de la voiture d'origine est coh\u00e9rent.<\/li>\n<li>T\u00e9l\u00e9commande \u00e0 fonctions compl\u00e8tes, menu OSD en anglais.<\/li>\n<li>Bel aspect, performances stables, image claire, couleurs vives, fonctionnement simple<\/li>\n<li>Les composants import\u00e9s originaux \u00e0 haute fr\u00e9quence et \u00e0 faible r\u00e9sistance sont utilis\u00e9s, ce qui permet d'\u00e9viter efficacement les interf\u00e9rences \u00e0 haute fr\u00e9quence du moteur.<\/li>\n<li>L'adoption d'un transformateur haute tension de haute qualit\u00e9 et d'un circuit de r\u00e9tro\u00e9clairage haute luminosit\u00e9 \u00e0 faible consommation permet d'am\u00e9liorer la haute d\u00e9finition du produit et sa dur\u00e9e de vie.<\/li>\n<li>La coque est fabriqu\u00e9e en plastique ABS import\u00e9, vaporis\u00e9e d'une peinture d'origine import\u00e9e r\u00e9sistante \u00e0 l'usure et \u00e0 l'alcool, de sorte que la coque est r\u00e9sistante \u00e0 l'usure et ne vieillit pas facilement.<\/li>\n<\/ol>\n<\/div><\/section><\/div><\/p>","protected":false},"excerpt":{"rendered":"","protected":false},"author":1,"featured_media":0,"parent":640,"menu_order":0,"comment_status":"closed","ping_status":"closed","template":"","meta":{"_monsterinsights_skip_tracking":false,"_monsterinsights_sitenote_active":false,"_monsterinsights_sitenote_note":"","_monsterinsights_sitenote_category":0,"footnotes":""},"class_list":["post-644","page","type-page","status-publish","hentry"],"_links":{"self":[{"href":"https:\/\/luview.com\/fr\/wp-json\/wp\/v2\/pages\/644","targetHints":{"allow":["GET"]}}],"collection":[{"href":"https:\/\/luview.com\/fr\/wp-json\/wp\/v2\/pages"}],"about":[{"href":"https:\/\/luview.com\/fr\/wp-json\/wp\/v2\/types\/page"}],"author":[{"embeddable":true,"href":"https:\/\/luview.com\/fr\/wp-json\/wp\/v2\/users\/1"}],"replies":[{"embeddable":true,"href":"https:\/\/luview.com\/fr\/wp-json\/wp\/v2\/comments?post=644"}],"version-history":[{"count":2,"href":"https:\/\/luview.com\/fr\/wp-json\/wp\/v2\/pages\/644\/revisions"}],"predecessor-version":[{"id":44510,"href":"https:\/\/luview.com\/fr\/wp-json\/wp\/v2\/pages\/644\/revisions\/44510"}],"up":[{"embeddable":true,"href":"https:\/\/luview.com\/fr\/wp-json\/wp\/v2\/pages\/640"}],"wp:attachment":[{"href":"https:\/\/luview.com\/fr\/wp-json\/wp\/v2\/media?parent=644"}],"curies":[{"name":"wp","href":"https:\/\/api.w.org\/{rel}","templated":true}]}}