{"id":661,"date":"2022-05-23T11:23:46","date_gmt":"2022-05-23T11:23:46","guid":{"rendered":"https:\/\/luview.com\/?page_id=661"},"modified":"2026-03-10T02:51:04","modified_gmt":"2026-03-10T02:51:04","slug":"moniteurs-de-retroviseurs","status":"publish","type":"page","link":"https:\/\/luview.com\/fr\/products\/monitors\/rearview-mirror-monitors\/","title":{"rendered":"Moniteurs de r\u00e9troviseur"},"content":{"rendered":"<style type=\"text\/css\" data-created_by=\"avia_inline_auto\" id=\"style-css-av-l2y9d09l-9a59c050fd7cc562363a6e26bd127e73\">\n.avia-section.av-l2y9d09l-9a59c050fd7cc562363a6e26bd127e73{\nbackground-repeat:no-repeat;\nbackground-image:url(https:\/\/luview.com\/wp-content\/uploads\/2024\/08\/0.jpg);\nbackground-position:50% 50%;\nbackground-attachment:scroll;\n}\n.avia-section.av-l2y9d09l-9a59c050fd7cc562363a6e26bd127e73 .av-section-color-overlay{\nopacity:0.8;\nbackground-color:#222222;\n}\n<\/style>\n<div id='av_section_1'  class='avia-section av-l2y9d09l-9a59c050fd7cc562363a6e26bd127e73 main_color avia-section-default avia-no-border-styling  avia-builder-el-0  el_before_av_one_full  avia-builder-el-first  titlebarbox avia-full-stretch avia-bg-style-scroll av-section-color-overlay-active container_wrap sidebar_left'  data-section-bg-repeat='stretch'><div class=\"av-section-color-overlay-wrap\"><div class=\"av-section-color-overlay\"><\/div><div class='container av-section-cont-open' ><main  role=\"main\" itemprop=\"mainContentOfPage\"  class='template-page content  av-content-small units'><div class='post-entry post-entry-type-page post-entry-661'><div class='entry-content-wrapper clearfix'>\n\n<style type=\"text\/css\" data-created_by=\"avia_inline_auto\" id=\"style-css-av-ro2v-a87e36abb91cc5e18f3d0098b40720d3\">\n.flex_column.av-ro2v-a87e36abb91cc5e18f3d0098b40720d3{\npadding:10% 0 10% 0;\n}\n<\/style>\n<div class='flex_column av-ro2v-a87e36abb91cc5e18f3d0098b40720d3 av_one_full  avia-builder-el-1  avia-builder-el-no-sibling  first flex_column_div'   ><style type=\"text\/css\" data-created_by=\"avia_inline_auto\" id=\"style-css-av-l2y9au29-bf07c75c092d3a9f62676db415f615f7\">\n#top .av_textblock_section.av-l2y9au29-bf07c75c092d3a9f62676db415f615f7 .avia_textblock{\ncolor:#ffffff;\ntext-align:center;\n}\n<\/style>\n<section  class='av_textblock_section av-l2y9au29-bf07c75c092d3a9f62676db415f615f7'  itemscope=\"itemscope\" itemtype=\"https:\/\/schema.org\/CreativeWork\" ><div class='avia_textblock av_inherit_color'  itemprop=\"text\" ><h1>Moniteurs de r\u00e9troviseur<\/h1>\n<\/div><\/section><br \/>\n<\/p><\/div>\n<\/div><\/div><\/main><!-- close content main element --><\/div><\/div><\/div><div id='after_section_1'  class='main_color av_default_container_wrap container_wrap sidebar_left'  ><div class='container av-section-cont-open' ><div class='template-page content  av-content-small units'><div class='post-entry post-entry-type-page post-entry-661'><div class='entry-content-wrapper clearfix'>\n<div class='flex_column av-6hmib-0f7b6fcf00f9273a80dfc45f533798fb av_one_full  avia-builder-el-4  el_after_av_section  el_before_av_one_full  avia-builder-el-first  first flex_column_div'   ><section  class='av_textblock_section av-l2y9squj-e76031f6dac70c55a963b220d7b8ed83'  itemscope=\"itemscope\" itemtype=\"https:\/\/schema.org\/CreativeWork\" ><div class='avia_textblock'  itemprop=\"text\" ><h3 style=\"font-weight: bold;\">Tous les moniteurs de r\u00e9troviseurs<\/h3>\n<\/div><\/section><br \/>\n<section  class='av_textblock_section av-l2y9tm1e-80c30be322df05d44e75397a617f5c97'  itemscope=\"itemscope\" itemtype=\"https:\/\/schema.org\/CreativeWork\" ><div class='avia_textblock'  itemprop=\"text\" ><p>Le moniteur de r\u00e9troviseur de Luview ne fournit pas seulement aux conducteurs une image arri\u00e8re plus claire et plus large, mais int\u00e8gre \u00e9galement une multitude de fonctions ADAS pour rendre la conduite plus s\u00fbre ; le design raffin\u00e9 est plein de technologie, ce qui peut r\u00e9duire le coefficient de tra\u00een\u00e9e et la consommation d'\u00e9nergie. Luview d\u00e9veloppe, fabrique et fournit des solutions de surveillance des r\u00e9troviseurs pour les grossistes et les d\u00e9taillants du monde entier. Diff\u00e9rents types de moniteurs peuvent \u00eatre personnalis\u00e9s, n'h\u00e9sitez pas \u00e0 nous contacter.\u00a0<a href=\"http:\/\/mailto:sales@luview.com\/\">sales@luview.com<\/a>\u00a0.<\/p>\n<\/div><\/section><br \/>\n<div  class='avia-button-wrap avia-button-left  avia-builder-el-7  el_after_av_textblock  avia-builder-el-last' ><a href='https:\/\/luview.com\/fr\/contact\/'  class='avia-button av-l2y9umzk-d16bac7bf4e11df2896cb79984c1e31c avia-icon_select-no avia-size-large avia-position-left avia-color-theme-color' ><span class='avia_iconbox_title' >Demande d'informations<\/span><\/a><\/div><\/p><\/div>\n<div class='flex_column av-5hzen-23301fe4c356e81a47b358eb060165d1 av_one_full  avia-builder-el-8  el_after_av_one_full  el_before_av_one_full  first flex_column_div column-top-margin'   ><div  class='avia-product-slider-container av-l2y9wj0i-b8ed698bca1bc6b07e3ebd4481a6c00c template-shop avia-content-slider avia-content-grid-active shop_columns_3  avia-builder-el-9  avia-builder-el-no-sibling  myproducts avia-content-slider-odd  avia-builder-el-9  avia-builder-el-no-sibling  myproducts avia-product-slider1'  data-autoplay=''  data-interval='5'  data-animation='fade'  data-hoverpause='1' ><div class='avia-content-slider-inner'><ul class=\"products\"><li class=\"product type-product post-1192 status-publish first instock product_cat-7-inch-monitors product_cat-rearview-mirror-monitors has-post-thumbnail shipping-taxable product-type-simple\">\n\t<div class='inner_product main_color wrapped_style noLightbox  av-product-class-no_button'><a href=\"https:\/\/luview.com\/fr\/product\/jy-mr07-7-inch-hd-lcd-rearview-mirror-monitor-with-speaker\/\" class=\"woocommerce-LoopProduct-link woocommerce-loop-product__link\"><div class='thumbnail_container'><img decoding=\"async\" width=\"600\" height=\"600\" data-src=\"https:\/\/luview.com\/wp-content\/uploads\/2022\/06\/MR07\u9996\u9875\u65b9\u5411-1-600x600.jpg\" class=\"wp-image-36567 avia-img-lazy-loading-36567 attachment-woocommerce_thumbnail size-woocommerce_thumbnail wp-post-image lazyload\"  data-srcset=\"https:\/\/luview.com\/wp-content\/uploads\/2022\/06\/MR07\u9996\u9875\u65b9\u5411-1-600x600.jpg 600w, https:\/\/luview.com\/wp-content\/uploads\/2022\/06\/MR07\u9996\u9875\u65b9\u5411-1-100x100.jpg 100w, https:\/\/luview.com\/wp-content\/uploads\/2022\/06\/MR07\u9996\u9875\u65b9\u5411-1-300x300.jpg 300w, https:\/\/luview.com\/wp-content\/uploads\/2022\/06\/MR07\u9996\u9875\u65b9\u5411-1-80x80.jpg 80w, https:\/\/luview.com\/wp-content\/uploads\/2022\/06\/MR07\u9996\u9875\u65b9\u5411-1-768x768.jpg 768w, https:\/\/luview.com\/wp-content\/uploads\/2022\/06\/MR07\u9996\u9875\u65b9\u5411-1-36x36.jpg 36w, https:\/\/luview.com\/wp-content\/uploads\/2022\/06\/MR07\u9996\u9875\u65b9\u5411-1-180x180.jpg 180w, https:\/\/luview.com\/wp-content\/uploads\/2022\/06\/MR07\u9996\u9875\u65b9\u5411-1-430x430.jpg 430w, https:\/\/luview.com\/wp-content\/uploads\/2022\/06\/MR07\u9996\u9875\u65b9\u5411-1-630x630.jpg 630w, https:\/\/luview.com\/wp-content\/uploads\/2022\/06\/MR07\u9996\u9875\u65b9\u5411-1-705x705.jpg 705w, https:\/\/luview.com\/wp-content\/uploads\/2022\/06\/MR07\u9996\u9875\u65b9\u5411-1-321x321.jpg 321w, https:\/\/luview.com\/wp-content\/uploads\/2022\/06\/MR07\u9996\u9875\u65b9\u5411-1-120x120.jpg 120w, https:\/\/luview.com\/wp-content\/uploads\/2022\/06\/MR07\u9996\u9875\u65b9\u5411-1-450x450.jpg 450w, https:\/\/luview.com\/wp-content\/uploads\/2022\/06\/MR07\u9996\u9875\u65b9\u5411-1-500x500.jpg 500w, https:\/\/luview.com\/wp-content\/uploads\/2022\/06\/MR07\u9996\u9875\u65b9\u5411-1.jpg 800w\" data-sizes=\"(max-width: 600px) 100vw, 600px\" title=\"JY-MR07 Moniteur r\u00e9troviseur LCD HD 7 pouces avec haut-parleur\u7f29\u7565\u56fe\" alt=\"JY-MR07 Moniteur r\u00e9troviseur LCD HD 7 pouces avec haut-parleur\u7f29\u7565\u56fe\" src=\"data:image\/svg+xml;base64,PHN2ZyB3aWR0aD0iMSIgaGVpZ2h0PSIxIiB4bWxucz0iaHR0cDovL3d3dy53My5vcmcvMjAwMC9zdmciPjwvc3ZnPg==\" style=\"--smush-placeholder-width: 600px; --smush-placeholder-aspect-ratio: 600\/600;\" \/><span class='cart-loading'><\/span><\/div><div class='inner_product_header'><div class='avia-arrow'><\/div><div class='inner_product_header_table'><div class='inner_product_header_cell'><h2 class=\"woocommerce-loop-product__title\">JY-MR07 Moniteur r\u00e9troviseur LCD HD 7 pouces avec haut-parleur<\/h2>\n<\/div><\/div><\/div><\/a><\/div><\/li>\n<\/ul><\/div><\/div><div class=\"clear\"><\/div><\/div><div class='flex_column av-4ubxv-213bc428d71aa730c5a18fbc0d9954c9 av_one_full  avia-builder-el-0  el_before_av_three_fourth  avia-builder-el-first  first flex_column_div'   ><section  class='av_textblock_section av-4bhe3-b5d2024edd0490f6b2ae124c64cf457e'  itemscope=\"itemscope\" itemtype=\"https:\/\/schema.org\/CreativeWork\" ><div class='avia_textblock'  itemprop=\"text\" ><h3>Qu'est-ce qu'un moniteur de r\u00e9troviseur ?<\/h3>\n<p>Les syst\u00e8mes de surveillance des r\u00e9troviseurs remplacent le r\u00e9troviseur traditionnel par des fonctions num\u00e9riques. Ils constituent un excellent compl\u00e9ment aux voitures qui ne sont pas \u00e9quip\u00e9es de cam\u00e9ras de recul int\u00e9gr\u00e9es. Non seulement ces cam\u00e9ras aident les conducteurs \u00e0 \u00e9viter les embouteillages et \u00e0 reculer en toute s\u00e9curit\u00e9, mais elles peuvent \u00e9galement contribuer \u00e0 pr\u00e9venir les accidents en leur permettant de voir ce qui se trouve derri\u00e8re leur v\u00e9hicule. Le moniteur est \u00e9galement utile pour les conducteurs qui se trouvent dans des angles morts, car il leur permet de voir les dangers et les autres v\u00e9hicules dans le r\u00e9troviseur.<\/p>\n<h3>Comment fonctionne un moniteur de r\u00e9troviseur ?<\/h3>\n<p>Si vous avez r\u00e9cemment achet\u00e9 un nouveau syst\u00e8me de r\u00e9troviseur num\u00e9rique pour votre v\u00e9hicule, vous vous demandez probablement comment il fonctionne.<\/p>\n<p>Contrairement \u00e0 un r\u00e9troviseur traditionnel, un r\u00e9troviseur num\u00e9rique affiche une image vid\u00e9o provenant d'une cam\u00e9ra mont\u00e9e sur le c\u00f4t\u00e9 du v\u00e9hicule. Cela peut vous aider \u00e0 \u00e9viter les angles morts pendant la conduite et peut m\u00eame faciliter le stationnement. Le moniteur est compatible avec la plupart des mod\u00e8les de v\u00e9hicules. Certains mod\u00e8les de r\u00e9troviseurs moniteurs permettent de changer le mode d'affichage de l'image vid\u00e9o. Certains r\u00e9troviseurs sont m\u00eame dot\u00e9s d'un mode de conduite adaptatif. Ce mode vous aide \u00e0 s\u00e9lectionner le mode qui convient le mieux \u00e0 votre conduite.<\/p>\n<h3>Avantages du moniteur de r\u00e9troviseur<\/h3>\n<p>Les moniteurs de r\u00e9troviseurs offrent de nombreux avantages aux conducteurs.<\/p>\n<ol>\n<li><b><\/b><strong><b>Am\u00e9liorer la vitesse de r\u00e9action<\/b><\/strong><\/li>\n<\/ol>\n<p>Les moniteurs de r\u00e9troviseurs pourraient<strong><b>\u00a0<\/b><\/strong>r\u00e9duisent le temps que les conducteurs passent \u00e0 regarder ce qu'il y a derri\u00e8re eux. Le grand angle de la cam\u00e9ra offre aux conducteurs une excellente visibilit\u00e9.<\/p>\n<ol start=\"2\">\n<li><b><\/b><strong><b>adapt\u00e9 \u00e0 la conduite de nuit<\/b><\/strong><\/li>\n<\/ol>\n<p>L'affichage num\u00e9rique du r\u00e9troviseur est clair comme de l'eau de roche, ce qui \u00e9limine les reflets caus\u00e9s par les phares arri\u00e8re. Cette fonction est id\u00e9ale pour la conduite de nuit, car elle \u00e9vite d'utiliser le r\u00e9troviseur pour v\u00e9rifier la zone environnante.<\/p>\n<ol start=\"3\">\n<li><b><\/b><strong><b>Une vue \u00e0 plus haute d\u00e9finition<\/b><\/strong><\/li>\n<\/ol>\n<p>Les r\u00e9troviseurs sont peu pratiques pour les conducteurs ayant une mauvaise vue. Les r\u00e9troviseurs refl\u00e8tent la lumi\u00e8re des objets existants et doivent se d\u00e9placer jusqu'aux yeux du conducteur. C'est pourquoi de nombreux conducteurs ont une mauvaise vue, y compris ceux qui souffrent d'hyperm\u00e9tropie li\u00e9e \u00e0 l'\u00e2ge. Heureusement, ce probl\u00e8me est r\u00e9solu gr\u00e2ce \u00e0 un moniteur de r\u00e9troviseur. Ce dispositif transmet les images \u00e0 un \u00e9cran, ce qui les rend beaucoup plus proches et plus visibles.<\/p>\n<ol start=\"4\">\n<li><b><\/b><strong><b>Applicable par mauvais temps<\/b><\/strong><\/li>\n<\/ol>\n<p>Quatri\u00e8mement, un moniteur de r\u00e9troviseur offre une meilleure protection aux conducteurs en cas de mauvais temps. Contrairement aux r\u00e9troviseurs qui risquent d'\u00eatre endommag\u00e9s, une version num\u00e9rique peut \u00eatre utilis\u00e9e par tous les temps. La cam\u00e9ra \u00e9tant mont\u00e9e \u00e0 l'ext\u00e9rieur du v\u00e9hicule, elle peut voir \u00e0 travers le brouillard ou la pluie. Un r\u00e9troviseur num\u00e9rique utilise un type d'affichage diff\u00e9rent qui peut filtrer la pluie et la neige pour projeter des images claires de la circulation en sens inverse. Il s'agit d'une option int\u00e9ressante pour la s\u00e9curit\u00e9 du conducteur et les \u00e9conomies r\u00e9alis\u00e9es.<\/p>\n<h3>Comment installer un moniteur de r\u00e9troviseur<\/h3>\n<p>Lors de l'achat d'un moniteur de r\u00e9troviseur, veillez \u00e0 choisir un mod\u00e8le facile \u00e0 installer et \u00e0 utiliser. Certains mod\u00e8les ont un processus d'installation compliqu\u00e9, ce qui les rend moins adapt\u00e9s aux d\u00e9butants. Si vous n'avez pas beaucoup de temps \u00e0 consacrer \u00e0 l'installation, optez pour un appareil simple qui s'installe comme un r\u00e9troviseur. Il est conseill\u00e9 de v\u00e9rifier la r\u00e9solution et l'orientation de l'\u00e9cran avant d'acheter un nouvel appareil.<\/p>\n<p>Assurez-vous que le fabricant fournit des instructions compl\u00e8tes pour l'installation. Certains syst\u00e8mes n\u00e9cessitent une programmation et des r\u00e9glages suppl\u00e9mentaires. Il se peut que vous deviez travailler avec le syst\u00e8me \u00e9lectrique de votre v\u00e9hicule pour installer ces fonctions. N'oubliez pas que l'installation d'un syst\u00e8me de surveillance du r\u00e9troviseur est un projet de bricolage et qu'elle n\u00e9cessite quelques connaissances techniques. Mais une fois le moniteur install\u00e9, vous serez sur la bonne voie pour une conduite plus s\u00fbre et plus pratique.<\/p>\n<p>Dans certains cas, le syst\u00e8me peut n\u00e9cessiter des accessoires suppl\u00e9mentaires tels que des capteurs ou des cam\u00e9ras de recul. Quel que soit le type de moniteur que vous choisissez, vous devez suivre toutes les instructions avec soin et rigueur.<\/p>\n<h3>Caract\u00e9ristiques \u00e0 prendre en compte lors du choix du meilleur moniteur de r\u00e9troviseur int\u00e9rieur<\/h3>\n<p>Il existe de nombreuses caract\u00e9ristiques \u00e0 rechercher lors de l'achat d'un moniteur de r\u00e9troviseur. Certains des meilleurs appareils sont dot\u00e9s d'un \u00e9cran tactile accessible par les boutons du r\u00e9troviseur. Les \u00e9crans tactiles de ces appareils vous donnent une bien meilleure vue de la route et peuvent vous aider \u00e0 r\u00e9gler la luminosit\u00e9 de l'\u00e9cran pour am\u00e9liorer votre vision dans des conditions de faible luminosit\u00e9.<\/p>\n<p>Certains sont \u00e9galement capables de prendre en charge plusieurs cam\u00e9ras, ce qui vous offre encore plus d'options. Ils offrent \u00e9galement des fonctions d'incrustation d'image ou d'affichage plein \u00e9cran, ce qui les rend parfaits pour les conducteurs sur la route.<\/p>\n<h3>Combien co\u00fbte un moniteur de r\u00e9troviseur ?<\/h3>\n<p>Les moniteurs de r\u00e9troviseurs remplacent les r\u00e9troviseurs traditionnels par des fonctions num\u00e9riques. Ils peuvent m\u00eame \u00eatre ajout\u00e9s aux voitures d\u00e9pourvues de syst\u00e8me de cam\u00e9ra de recul. Ces cam\u00e9ras de recul sont plus qu'un simple remplacement de r\u00e9troviseur. Elles aident les conducteurs \u00e0 voir ce qui les entoure afin d'\u00e9viter les retards et les accidents. Elles aident \u00e9galement les conducteurs \u00e0 rester attentifs aux angles morts. Combien co\u00fbte un moniteur de r\u00e9troviseur ? Lisez la suite pour le savoir !<\/p>\n<p>Le prix d'un syst\u00e8me de surveillance du r\u00e9troviseur d\u00e9pend du nombre de fonctions qu'il comporte. Certains mod\u00e8les sont \u00e9quip\u00e9s de capteurs ou de cam\u00e9ras de recul. D'autres ne comportent que le r\u00e9troviseur. L'installation peut s'av\u00e9rer compliqu\u00e9e, mais le co\u00fbt suppl\u00e9mentaire en vaut la peine. Avant d'acheter un syst\u00e8me de surveillance du r\u00e9troviseur, veillez \u00e0 lire les instructions. Certains syst\u00e8mes n\u00e9cessitent une programmation ou une configuration suppl\u00e9mentaire pour fonctionner correctement. Il est important de v\u00e9rifier aupr\u00e8s de votre concessionnaire local avant de d\u00e9penser de l'argent pour cette am\u00e9lioration.<\/p>\n<p>La plupart des moniteurs de r\u00e9troviseurs utilisent une cam\u00e9ra vid\u00e9o. En fonction de vos besoins, il existe plusieurs types de mod\u00e8les. La plupart des mod\u00e8les sont \u00e9quip\u00e9s d'une cam\u00e9ra int\u00e9gr\u00e9e, tandis que d'autres sont mont\u00e9s directement sur le r\u00e9troviseur. La cam\u00e9ra doit \u00eatre capable de filmer sous tous les angles. En fonction de vos besoins, vous devrez peut-\u00eatre tenir compte de la longueur du c\u00e2ble afin de vous assurer qu'il n'est pas trop court.<\/p>\n<p>Les \u00e9crans de r\u00e9troviseurs peuvent aller de mod\u00e8les tr\u00e8s bon march\u00e9 \u00e0 des mod\u00e8les plus on\u00e9reux. Pour moins de $100, vous pouvez obtenir un bon \u00e9cran LCD avec des commandes tactiles. Ces \u00e9crans s'adapteront probablement \u00e0 votre r\u00e9troviseur existant et certains int\u00e8grent une cam\u00e9ra pour le tableau de bord. D'autres \u00e9crans ont plus de fonctionnalit\u00e9s et vous co\u00fbteront environ $200 ou plus. Bon nombre de ces appareils sont \u00e9galement dot\u00e9s d'un syst\u00e8me d'assistance au maintien de la trajectoire, d'un syst\u00e8me d'aide au stationnement, et bien plus encore. La qualit\u00e9 de la vid\u00e9o qu'ils affichent d\u00e9pend de vos besoins, mais ils vous permettront de vous sentir plus en s\u00e9curit\u00e9 et plus confiant au volant.<\/p>\n<\/div><\/section><\/div><\/p>","protected":false},"excerpt":{"rendered":"","protected":false},"author":1,"featured_media":0,"parent":640,"menu_order":0,"comment_status":"closed","ping_status":"closed","template":"","meta":{"_monsterinsights_skip_tracking":false,"_monsterinsights_sitenote_active":false,"_monsterinsights_sitenote_note":"","_monsterinsights_sitenote_category":0,"footnotes":""},"class_list":["post-661","page","type-page","status-publish","hentry"],"_links":{"self":[{"href":"https:\/\/luview.com\/fr\/wp-json\/wp\/v2\/pages\/661","targetHints":{"allow":["GET"]}}],"collection":[{"href":"https:\/\/luview.com\/fr\/wp-json\/wp\/v2\/pages"}],"about":[{"href":"https:\/\/luview.com\/fr\/wp-json\/wp\/v2\/types\/page"}],"author":[{"embeddable":true,"href":"https:\/\/luview.com\/fr\/wp-json\/wp\/v2\/users\/1"}],"replies":[{"embeddable":true,"href":"https:\/\/luview.com\/fr\/wp-json\/wp\/v2\/comments?post=661"}],"version-history":[{"count":3,"href":"https:\/\/luview.com\/fr\/wp-json\/wp\/v2\/pages\/661\/revisions"}],"predecessor-version":[{"id":44516,"href":"https:\/\/luview.com\/fr\/wp-json\/wp\/v2\/pages\/661\/revisions\/44516"}],"up":[{"embeddable":true,"href":"https:\/\/luview.com\/fr\/wp-json\/wp\/v2\/pages\/640"}],"wp:attachment":[{"href":"https:\/\/luview.com\/fr\/wp-json\/wp\/v2\/media?parent=661"}],"curies":[{"name":"wp","href":"https:\/\/api.w.org\/{rel}","templated":true}]}}