{"id":663,"date":"2022-05-23T14:43:18","date_gmt":"2022-05-23T14:43:18","guid":{"rendered":"https:\/\/luview.com\/?page_id=663"},"modified":"2026-03-10T02:51:32","modified_gmt":"2026-03-10T02:51:32","slug":"moniteurs-etanches","status":"publish","type":"page","link":"https:\/\/luview.com\/fr\/products\/monitors\/waterproof-monitors\/","title":{"rendered":"Moniteurs \u00e9tanches"},"content":{"rendered":"<style type=\"text\/css\" data-created_by=\"avia_inline_auto\" id=\"style-css-av-l2y9d09l-9a59c050fd7cc562363a6e26bd127e73\">\n.avia-section.av-l2y9d09l-9a59c050fd7cc562363a6e26bd127e73{\nbackground-repeat:no-repeat;\nbackground-image:url(https:\/\/luview.com\/wp-content\/uploads\/2024\/08\/0.jpg);\nbackground-position:50% 50%;\nbackground-attachment:scroll;\n}\n.avia-section.av-l2y9d09l-9a59c050fd7cc562363a6e26bd127e73 .av-section-color-overlay{\nopacity:0.8;\nbackground-color:#222222;\n}\n<\/style>\n<div id='av_section_1'  class='avia-section av-l2y9d09l-9a59c050fd7cc562363a6e26bd127e73 main_color avia-section-default avia-no-border-styling  avia-builder-el-0  el_before_av_one_full  avia-builder-el-first  titlebarbox avia-full-stretch avia-bg-style-scroll av-section-color-overlay-active container_wrap sidebar_left'  data-section-bg-repeat='stretch'><div class=\"av-section-color-overlay-wrap\"><div class=\"av-section-color-overlay\"><\/div><div class='container av-section-cont-open' ><main  role=\"main\" itemprop=\"mainContentOfPage\"  class='template-page content  av-content-small units'><div class='post-entry post-entry-type-page post-entry-663'><div class='entry-content-wrapper clearfix'>\n\n<style type=\"text\/css\" data-created_by=\"avia_inline_auto\" id=\"style-css-av-ro2v-a87e36abb91cc5e18f3d0098b40720d3\">\n.flex_column.av-ro2v-a87e36abb91cc5e18f3d0098b40720d3{\npadding:10% 0 10% 0;\n}\n<\/style>\n<div class='flex_column av-ro2v-a87e36abb91cc5e18f3d0098b40720d3 av_one_full  avia-builder-el-1  avia-builder-el-no-sibling  first flex_column_div'   ><style type=\"text\/css\" data-created_by=\"avia_inline_auto\" id=\"style-css-av-l2y9au29-bf07c75c092d3a9f62676db415f615f7\">\n#top .av_textblock_section.av-l2y9au29-bf07c75c092d3a9f62676db415f615f7 .avia_textblock{\ncolor:#ffffff;\ntext-align:center;\n}\n<\/style>\n<section  class='av_textblock_section av-l2y9au29-bf07c75c092d3a9f62676db415f615f7'  itemscope=\"itemscope\" itemtype=\"https:\/\/schema.org\/CreativeWork\" ><div class='avia_textblock av_inherit_color'  itemprop=\"text\" ><h1>Moniteurs \u00e9tanches<\/h1>\n<\/div><\/section><br \/>\n<\/p><\/div>\n<\/div><\/div><\/main><!-- close content main element --><\/div><\/div><\/div><div id='after_section_1'  class='main_color av_default_container_wrap container_wrap sidebar_left'  ><div class='container av-section-cont-open' ><div class='template-page content  av-content-small units'><div class='post-entry post-entry-type-page post-entry-663'><div class='entry-content-wrapper clearfix'>\n<div class='flex_column av-6hmib-0f7b6fcf00f9273a80dfc45f533798fb av_one_full  avia-builder-el-4  el_after_av_section  el_before_av_one_full  avia-builder-el-first  first flex_column_div'   ><section  class='av_textblock_section av-l2y9squj-e76031f6dac70c55a963b220d7b8ed83'  itemscope=\"itemscope\" itemtype=\"https:\/\/schema.org\/CreativeWork\" ><div class='avia_textblock'  itemprop=\"text\" ><h3 style=\"font-weight: bold;\">Tous les moniteurs \u00e9tanches<\/h3>\n<\/div><\/section><br \/>\n<section  class='av_textblock_section av-l2y9tm1e-80c30be322df05d44e75397a617f5c97'  itemscope=\"itemscope\" itemtype=\"https:\/\/schema.org\/CreativeWork\" ><div class='avia_textblock'  itemprop=\"text\" ><p>Avec le d\u00e9veloppement rapide de la soci\u00e9t\u00e9, l'utilisation des moniteurs de sauvegarde devient de plus en plus courante, mais la fonction d'\u00e9tanch\u00e9it\u00e9 des moniteurs de sauvegarde est \u00e9galement un probl\u00e8me dont nous devons nous pr\u00e9occuper, en particulier pour les moniteurs de sauvegarde ext\u00e9rieurs. Luview est un fabricant et fournisseur professionnel de moniteur de cam\u00e9ra \u00e9tanche de secours en Chine. Nous acceptons les commandes OEM, ODM et autres moniteurs \u00e9tanches personnalis\u00e9s et offrons une solution unique. <a href=\"mailto:sales@luview.com\"><u>sales@luview.com<\/u><\/a>\u00a0si vous avez de tels besoins.<\/p>\n<\/div><\/section><br \/>\n<div  class='avia-button-wrap avia-button-left  avia-builder-el-7  el_after_av_textblock  avia-builder-el-last' ><a href='https:\/\/luview.com\/fr\/contact\/'  class='avia-button av-l2y9umzk-d16bac7bf4e11df2896cb79984c1e31c avia-icon_select-no avia-size-large avia-position-left avia-color-theme-color' ><span class='avia_iconbox_title' >Demande d'informations<\/span><\/a><\/div><\/p><\/div>\n<div class='flex_column av-5hzen-23301fe4c356e81a47b358eb060165d1 av_one_full  avia-builder-el-8  el_after_av_one_full  el_before_av_one_full  first flex_column_div column-top-margin'   ><div  class='avia-product-slider-container av-l2y9wj0i-0bc2b166ec09a979217e894406115c6c template-shop avia-content-slider avia-content-grid-active shop_columns_3  avia-builder-el-9  avia-builder-el-no-sibling  myproducts avia-content-slider-odd  avia-builder-el-9  avia-builder-el-no-sibling  myproducts avia-product-slider1'  data-autoplay=''  data-interval='5'  data-animation='fade'  data-hoverpause='1' ><div class='avia-content-slider-inner'><ul class=\"products\"><li class=\"product type-product post-26113 status-publish first instock product_cat-7-inch-monitors product_cat-waterproof-monitors has-post-thumbnail shipping-taxable product-type-simple\">\n\t<div class='inner_product main_color wrapped_style noLightbox  av-product-class-no_button'><a href=\"https:\/\/luview.com\/fr\/product\/jy-m756-7-inch-4-channel-lcd-waterproof-rear-view-monitor-for-truck-bus-tailer\/\" class=\"woocommerce-LoopProduct-link woocommerce-loop-product__link\"><div class='thumbnail_container'><img decoding=\"async\" width=\"600\" height=\"600\" data-src=\"https:\/\/luview.com\/wp-content\/uploads\/2024\/09\/M756\u9996\u9875\u65b9\u5411-1--600x600.jpg\" class=\"wp-image-36518 avia-img-lazy-loading-36518 attachment-woocommerce_thumbnail size-woocommerce_thumbnail wp-post-image lazyload\"  data-srcset=\"https:\/\/luview.com\/wp-content\/uploads\/2024\/09\/M756\u9996\u9875\u65b9\u5411-1--600x600.jpg 600w, https:\/\/luview.com\/wp-content\/uploads\/2024\/09\/M756\u9996\u9875\u65b9\u5411-1--100x100.jpg 100w, https:\/\/luview.com\/wp-content\/uploads\/2024\/09\/M756\u9996\u9875\u65b9\u5411-1--300x300.jpg 300w, https:\/\/luview.com\/wp-content\/uploads\/2024\/09\/M756\u9996\u9875\u65b9\u5411-1--80x80.jpg 80w, https:\/\/luview.com\/wp-content\/uploads\/2024\/09\/M756\u9996\u9875\u65b9\u5411-1--768x768.jpg 768w, https:\/\/luview.com\/wp-content\/uploads\/2024\/09\/M756\u9996\u9875\u65b9\u5411-1--36x36.jpg 36w, https:\/\/luview.com\/wp-content\/uploads\/2024\/09\/M756\u9996\u9875\u65b9\u5411-1--180x180.jpg 180w, https:\/\/luview.com\/wp-content\/uploads\/2024\/09\/M756\u9996\u9875\u65b9\u5411-1--430x430.jpg 430w, https:\/\/luview.com\/wp-content\/uploads\/2024\/09\/M756\u9996\u9875\u65b9\u5411-1--630x630.jpg 630w, https:\/\/luview.com\/wp-content\/uploads\/2024\/09\/M756\u9996\u9875\u65b9\u5411-1--705x705.jpg 705w, https:\/\/luview.com\/wp-content\/uploads\/2024\/09\/M756\u9996\u9875\u65b9\u5411-1--321x321.jpg 321w, https:\/\/luview.com\/wp-content\/uploads\/2024\/09\/M756\u9996\u9875\u65b9\u5411-1--120x120.jpg 120w, https:\/\/luview.com\/wp-content\/uploads\/2024\/09\/M756\u9996\u9875\u65b9\u5411-1--450x450.jpg 450w, https:\/\/luview.com\/wp-content\/uploads\/2024\/09\/M756\u9996\u9875\u65b9\u5411-1--500x500.jpg 500w, https:\/\/luview.com\/wp-content\/uploads\/2024\/09\/M756\u9996\u9875\u65b9\u5411-1-.jpg 800w\" data-sizes=\"(max-width: 600px) 100vw, 600px\" title=\"JY-M756 Moniteur de recul LCD \u00e9tanche 7 pouces \u00e0 4 canaux pour camion, bus et remorque\u7f29\u7565\u56fe\" alt=\"JY-M756 Moniteur de recul LCD \u00e9tanche 7 pouces \u00e0 4 canaux pour camion, bus et remorque\u7f29\u7565\u56fe\" src=\"data:image\/svg+xml;base64,PHN2ZyB3aWR0aD0iMSIgaGVpZ2h0PSIxIiB4bWxucz0iaHR0cDovL3d3dy53My5vcmcvMjAwMC9zdmciPjwvc3ZnPg==\" style=\"--smush-placeholder-width: 600px; --smush-placeholder-aspect-ratio: 600\/600;\" \/><span class='cart-loading'><\/span><\/div><div class='inner_product_header'><div class='avia-arrow'><\/div><div class='inner_product_header_table'><div class='inner_product_header_cell'><h2 class=\"woocommerce-loop-product__title\">JY-M756 Moniteur de recul LCD \u00e9tanche \u00e0 4 canaux de 7 pouces pour camion, bus et remorque<\/h2>\n<\/div><\/div><\/div><\/a><\/div><\/li>\n<li class=\"product type-product post-1204 status-publish instock product_cat-7-inch-monitors product_cat-waterproof-monitors has-post-thumbnail shipping-taxable product-type-simple\">\n\t<div class='inner_product main_color wrapped_style noLightbox  av-product-class-no_button'><a href=\"https:\/\/luview.com\/fr\/product\/jy-m755-4-ch-7-inch-ip67-waterproof-digital-ahd-lcd-monitor\/\" class=\"woocommerce-LoopProduct-link woocommerce-loop-product__link\"><div class='thumbnail_container'><img decoding=\"async\" width=\"600\" height=\"600\" data-src=\"https:\/\/luview.com\/wp-content\/uploads\/2022\/06\/M755\u9996\u9875\u65b9\u5411-1-600x600.jpg\" class=\"wp-image-36514 avia-img-lazy-loading-36514 attachment-woocommerce_thumbnail size-woocommerce_thumbnail wp-post-image lazyload\"  data-srcset=\"https:\/\/luview.com\/wp-content\/uploads\/2022\/06\/M755\u9996\u9875\u65b9\u5411-1-600x600.jpg 600w, https:\/\/luview.com\/wp-content\/uploads\/2022\/06\/M755\u9996\u9875\u65b9\u5411-1-100x100.jpg 100w, https:\/\/luview.com\/wp-content\/uploads\/2022\/06\/M755\u9996\u9875\u65b9\u5411-1-300x300.jpg 300w, https:\/\/luview.com\/wp-content\/uploads\/2022\/06\/M755\u9996\u9875\u65b9\u5411-1-80x80.jpg 80w, https:\/\/luview.com\/wp-content\/uploads\/2022\/06\/M755\u9996\u9875\u65b9\u5411-1-768x768.jpg 768w, https:\/\/luview.com\/wp-content\/uploads\/2022\/06\/M755\u9996\u9875\u65b9\u5411-1-36x36.jpg 36w, https:\/\/luview.com\/wp-content\/uploads\/2022\/06\/M755\u9996\u9875\u65b9\u5411-1-180x180.jpg 180w, https:\/\/luview.com\/wp-content\/uploads\/2022\/06\/M755\u9996\u9875\u65b9\u5411-1-430x430.jpg 430w, https:\/\/luview.com\/wp-content\/uploads\/2022\/06\/M755\u9996\u9875\u65b9\u5411-1-630x630.jpg 630w, https:\/\/luview.com\/wp-content\/uploads\/2022\/06\/M755\u9996\u9875\u65b9\u5411-1-705x705.jpg 705w, https:\/\/luview.com\/wp-content\/uploads\/2022\/06\/M755\u9996\u9875\u65b9\u5411-1-321x321.jpg 321w, https:\/\/luview.com\/wp-content\/uploads\/2022\/06\/M755\u9996\u9875\u65b9\u5411-1-120x120.jpg 120w, https:\/\/luview.com\/wp-content\/uploads\/2022\/06\/M755\u9996\u9875\u65b9\u5411-1-450x450.jpg 450w, https:\/\/luview.com\/wp-content\/uploads\/2022\/06\/M755\u9996\u9875\u65b9\u5411-1-500x500.jpg 500w, https:\/\/luview.com\/wp-content\/uploads\/2022\/06\/M755\u9996\u9875\u65b9\u5411-1.jpg 800w\" data-sizes=\"(max-width: 600px) 100vw, 600px\" title=\"JY-M755 Moniteur LCD num\u00e9rique AHD \u00e9tanche IP67 4 canaux 7 pouces\u7f29\u7565\u56fe\" alt=\"JY-M755 Moniteur LCD num\u00e9rique AHD \u00e9tanche IP67 4 canaux 7 pouces\u7f29\u7565\u56fe\" src=\"data:image\/svg+xml;base64,PHN2ZyB3aWR0aD0iMSIgaGVpZ2h0PSIxIiB4bWxucz0iaHR0cDovL3d3dy53My5vcmcvMjAwMC9zdmciPjwvc3ZnPg==\" style=\"--smush-placeholder-width: 600px; --smush-placeholder-aspect-ratio: 600\/600;\" \/><span class='cart-loading'><\/span><\/div><div class='inner_product_header'><div class='avia-arrow'><\/div><div class='inner_product_header_table'><div class='inner_product_header_cell'><h2 class=\"woocommerce-loop-product__title\">JY-M755 Moniteur LCD num\u00e9rique AHD \u00e9tanche IP67 4 canaux 7 pouces<\/h2>\n<\/div><\/div><\/div><\/a><\/div><\/li>\n<li class=\"product type-product post-1203 status-publish last instock product_cat-4-6-inch-monitors product_cat-waterproof-monitors has-post-thumbnail shipping-taxable product-type-simple\">\n\t<div class='inner_product main_color wrapped_style noLightbox  av-product-class-no_button'><a href=\"https:\/\/luview.com\/fr\/product\/jy-m550-2-ch-5-inch-ip69k-waterproof-flipped-image-tft-monitor\/\" class=\"woocommerce-LoopProduct-link woocommerce-loop-product__link\"><div class='thumbnail_container'><img decoding=\"async\" width=\"600\" height=\"600\" data-src=\"https:\/\/luview.com\/wp-content\/uploads\/2022\/06\/M550\u9996\u9875\u65b9\u5411-1-1-600x600.jpg\" class=\"wp-image-35862 avia-img-lazy-loading-35862 attachment-woocommerce_thumbnail size-woocommerce_thumbnail wp-post-image lazyload\"  data-srcset=\"https:\/\/luview.com\/wp-content\/uploads\/2022\/06\/M550\u9996\u9875\u65b9\u5411-1-1-600x600.jpg 600w, https:\/\/luview.com\/wp-content\/uploads\/2022\/06\/M550\u9996\u9875\u65b9\u5411-1-1-100x100.jpg 100w, https:\/\/luview.com\/wp-content\/uploads\/2022\/06\/M550\u9996\u9875\u65b9\u5411-1-1-300x300.jpg 300w, https:\/\/luview.com\/wp-content\/uploads\/2022\/06\/M550\u9996\u9875\u65b9\u5411-1-1-80x80.jpg 80w, https:\/\/luview.com\/wp-content\/uploads\/2022\/06\/M550\u9996\u9875\u65b9\u5411-1-1-768x768.jpg 768w, https:\/\/luview.com\/wp-content\/uploads\/2022\/06\/M550\u9996\u9875\u65b9\u5411-1-1-36x36.jpg 36w, https:\/\/luview.com\/wp-content\/uploads\/2022\/06\/M550\u9996\u9875\u65b9\u5411-1-1-180x180.jpg 180w, https:\/\/luview.com\/wp-content\/uploads\/2022\/06\/M550\u9996\u9875\u65b9\u5411-1-1-430x430.jpg 430w, https:\/\/luview.com\/wp-content\/uploads\/2022\/06\/M550\u9996\u9875\u65b9\u5411-1-1-630x630.jpg 630w, https:\/\/luview.com\/wp-content\/uploads\/2022\/06\/M550\u9996\u9875\u65b9\u5411-1-1-705x705.jpg 705w, https:\/\/luview.com\/wp-content\/uploads\/2022\/06\/M550\u9996\u9875\u65b9\u5411-1-1-321x321.jpg 321w, https:\/\/luview.com\/wp-content\/uploads\/2022\/06\/M550\u9996\u9875\u65b9\u5411-1-1-120x120.jpg 120w, https:\/\/luview.com\/wp-content\/uploads\/2022\/06\/M550\u9996\u9875\u65b9\u5411-1-1-450x450.jpg 450w, https:\/\/luview.com\/wp-content\/uploads\/2022\/06\/M550\u9996\u9875\u65b9\u5411-1-1-500x500.jpg 500w, https:\/\/luview.com\/wp-content\/uploads\/2022\/06\/M550\u9996\u9875\u65b9\u5411-1-1.jpg 800w\" data-sizes=\"(max-width: 600px) 100vw, 600px\" title=\"JY-M550 2 CH 5 pouces IP69K \u00e9tanche image invers\u00e9e moniteur TFT\u7f29\u7565\u56fe\" alt=\"JY-M550 2 CH 5 pouces IP69K \u00e9tanche image invers\u00e9e moniteur TFT\u7f29\u7565\u56fe\" src=\"data:image\/svg+xml;base64,PHN2ZyB3aWR0aD0iMSIgaGVpZ2h0PSIxIiB4bWxucz0iaHR0cDovL3d3dy53My5vcmcvMjAwMC9zdmciPjwvc3ZnPg==\" style=\"--smush-placeholder-width: 600px; --smush-placeholder-aspect-ratio: 600\/600;\" \/><span class='cart-loading'><\/span><\/div><div class='inner_product_header'><div class='avia-arrow'><\/div><div class='inner_product_header_table'><div class='inner_product_header_cell'><h2 class=\"woocommerce-loop-product__title\">JY-M550 Moniteur TFT \u00e0 image invers\u00e9e \u00e9tanche IP69K 2 canaux 5 pouces<\/h2>\n<\/div><\/div><\/div><\/a><\/div><\/li>\n<li class=\"product type-product post-1197 status-publish first instock product_cat-7-inch-monitors product_cat-waterproof-monitors has-post-thumbnail shipping-taxable product-type-simple\">\n\t<div class='inner_product main_color wrapped_style noLightbox  av-product-class-no_button'><a href=\"https:\/\/luview.com\/fr\/product\/jy-m750-169-wide-screen-4-ch-7-inch-ip69k-waterproof-monitor\/\" class=\"woocommerce-LoopProduct-link woocommerce-loop-product__link\"><div class='thumbnail_container'><img decoding=\"async\" width=\"600\" height=\"600\" data-src=\"https:\/\/luview.com\/wp-content\/uploads\/2022\/06\/M750\u9996\u9875\u65b9\u5411-1-600x600.jpg\" class=\"wp-image-35854 avia-img-lazy-loading-35854 attachment-woocommerce_thumbnail size-woocommerce_thumbnail wp-post-image lazyload\"  data-srcset=\"https:\/\/luview.com\/wp-content\/uploads\/2022\/06\/M750\u9996\u9875\u65b9\u5411-1-600x600.jpg 600w, https:\/\/luview.com\/wp-content\/uploads\/2022\/06\/M750\u9996\u9875\u65b9\u5411-1-100x100.jpg 100w, https:\/\/luview.com\/wp-content\/uploads\/2022\/06\/M750\u9996\u9875\u65b9\u5411-1-300x300.jpg 300w, https:\/\/luview.com\/wp-content\/uploads\/2022\/06\/M750\u9996\u9875\u65b9\u5411-1-80x80.jpg 80w, https:\/\/luview.com\/wp-content\/uploads\/2022\/06\/M750\u9996\u9875\u65b9\u5411-1-768x768.jpg 768w, https:\/\/luview.com\/wp-content\/uploads\/2022\/06\/M750\u9996\u9875\u65b9\u5411-1-36x36.jpg 36w, https:\/\/luview.com\/wp-content\/uploads\/2022\/06\/M750\u9996\u9875\u65b9\u5411-1-180x180.jpg 180w, https:\/\/luview.com\/wp-content\/uploads\/2022\/06\/M750\u9996\u9875\u65b9\u5411-1-430x430.jpg 430w, https:\/\/luview.com\/wp-content\/uploads\/2022\/06\/M750\u9996\u9875\u65b9\u5411-1-630x630.jpg 630w, https:\/\/luview.com\/wp-content\/uploads\/2022\/06\/M750\u9996\u9875\u65b9\u5411-1-705x705.jpg 705w, https:\/\/luview.com\/wp-content\/uploads\/2022\/06\/M750\u9996\u9875\u65b9\u5411-1-321x321.jpg 321w, https:\/\/luview.com\/wp-content\/uploads\/2022\/06\/M750\u9996\u9875\u65b9\u5411-1-120x120.jpg 120w, https:\/\/luview.com\/wp-content\/uploads\/2022\/06\/M750\u9996\u9875\u65b9\u5411-1-450x450.jpg 450w, https:\/\/luview.com\/wp-content\/uploads\/2022\/06\/M750\u9996\u9875\u65b9\u5411-1-500x500.jpg 500w, https:\/\/luview.com\/wp-content\/uploads\/2022\/06\/M750\u9996\u9875\u65b9\u5411-1.jpg 800w\" data-sizes=\"(max-width: 600px) 100vw, 600px\" title=\"JY-M750 \u00c9cran large 16:9 4 canaux 7 pouces IP69K \u00e9tanche\u7f29\u7565\u56fe\" alt=\"JY-M750 \u00c9cran large 16:9 4 canaux 7 pouces IP69K \u00e9tanche\u7f29\u7565\u56fe\" src=\"data:image\/svg+xml;base64,PHN2ZyB3aWR0aD0iMSIgaGVpZ2h0PSIxIiB4bWxucz0iaHR0cDovL3d3dy53My5vcmcvMjAwMC9zdmciPjwvc3ZnPg==\" style=\"--smush-placeholder-width: 600px; --smush-placeholder-aspect-ratio: 600\/600;\" \/><span class='cart-loading'><\/span><\/div><div class='inner_product_header'><div class='avia-arrow'><\/div><div class='inner_product_header_table'><div class='inner_product_header_cell'><h2 class=\"woocommerce-loop-product__title\">JY-M750 \u00c9cran large 16:9 4 canaux 7 pouces IP69K \u00e9tanche<\/h2>\n<\/div><\/div><\/div><\/a><\/div><\/li>\n<\/ul><\/div><\/div><div class=\"clear\"><\/div><\/div><div class='flex_column av-4ubxv-213bc428d71aa730c5a18fbc0d9954c9 av_one_full  avia-builder-el-0  el_before_av_three_fourth  avia-builder-el-first  first flex_column_div'   ><section  class='av_textblock_section av-4bhe3-b5d2024edd0490f6b2ae124c64cf457e'  itemscope=\"itemscope\" itemtype=\"https:\/\/schema.org\/CreativeWork\" ><div class='avia_textblock'  itemprop=\"text\" ><h3>Exigences relatives aux moniteurs de secours \u00e9tanches<\/h3>\n<p>Le niveau de protection du moniteur de secours \u00e9tanche est g\u00e9n\u00e9ralement indiqu\u00e9 sous la forme IPXY, par exemple : IP65, X repr\u00e9sente le niveau de protection du moniteur num\u00e9rique contre la poussi\u00e8re et l'intrusion d'objets ext\u00e9rieurs, et Y repr\u00e9sente l'\u00e9tanch\u00e9it\u00e9 du moniteur de secours contre l'humidit\u00e9 et l'intrusion d'eau. Plus le niveau de protection est \u00e9lev\u00e9, plus la signification des nombres X et Y sera discut\u00e9e ci-dessous.<\/p>\n<p><strong><b>X repr\u00e9sente la signification du code num\u00e9rique :<\/b><\/strong><\/p>\n<p>0 : pas de protection<\/p>\n<p>1 : Protection contre les exosomes solides de 50 mm de diam\u00e8tre et plus<\/p>\n<p>2 : Protection contre les exosomes solides de 12,5 mm de diam\u00e8tre et plus<\/p>\n<p>3 : Protection contre les exosomes solides de 2,5 mm de diam\u00e8tre et plus<\/p>\n<p>4 : Protection contre les exosomes solides de 1,0 mm de diam\u00e8tre et plus<\/p>\n<p>5 : Emp\u00eacher l'accumulation de poussi\u00e8res nocives (il est impossible d'emp\u00eacher compl\u00e8tement l'entr\u00e9e de poussi\u00e8res, mais la quantit\u00e9 de poussi\u00e8res entrant ne causera pas de dommages \u00e0 l'\u00e9quipement).<\/p>\n<p>6 : Emp\u00eacher compl\u00e8tement la poussi\u00e8re de p\u00e9n\u00e9trer (la poussi\u00e8re ne doit pas p\u00e9n\u00e9trer dans l'armoire \u00e0 une basse pression de 20 mbar).<\/p>\n<p><strong><b>Y repr\u00e9sente la signification du code num\u00e9rique<\/b><\/strong><\/p>\n<p>0 : pas de protection<\/p>\n<p>1 : Protection contre les gouttes d'eau (les gouttes d'eau tombant verticalement ne devraient pas causer de dommages)<\/p>\n<p>2 : Lorsque la coque est inclin\u00e9e \u00e0 15 degr\u00e9s, elle est prot\u00e9g\u00e9e des gouttes d'eau, et les gouttes d'eau tombant verticalement ne devraient pas causer de dommages.<\/p>\n<p>3 : Protection contre les projections d'eau (l'eau ou la pluie provenant d'un angle de 60 degr\u00e9s par rapport \u00e0 la coque n'a aucun effet)<\/p>\n<p>4 : Jet d'eau protecteur (le liquide projet\u00e9 sur la coque depuis n'importe quelle direction n'a pas d'effet dommageable)<\/p>\n<p>5 : Jets d'eau protecteurs (ils projettent de l'eau dans toutes les directions vers l'armoire sans l'endommager)<\/p>\n<p>6 : Protection contre les jets d'eau puissants (les jets d'eau puissants dirig\u00e9s de toutes parts sur le bo\u00eetier ne causeront aucun dommage)<\/p>\n<p>7 : Peut r\u00e9sister \u00e0 une immersion dans l'eau de courte dur\u00e9e (1m)<\/p>\n<p>8 : Il peut \u00eatre tremp\u00e9 dans l'eau pendant une longue p\u00e9riode sous une certaine pression.<\/p>\n<p>Le niveau d'\u00e9tanch\u00e9it\u00e9 de la coque du moniteur num\u00e9rique est diff\u00e9rent selon qu'il s'agit d'un usage int\u00e9rieur ou ext\u00e9rieur. Le niveau d'\u00e9tanch\u00e9it\u00e9 ext\u00e9rieur est g\u00e9n\u00e9ralement plus \u00e9lev\u00e9 que celui de l'int\u00e9rieur, car l'\u00e9cran num\u00e9rique ext\u00e9rieur est plus expos\u00e9 \u00e0 la pluie ou doit \u00eatre plus \u00e9tanche que l'\u00e9cran num\u00e9rique int\u00e9rieur.<\/p>\n<h3>Avantages des moniteurs de secours \u00e9tanches Luview<\/h3>\n<p><strong><b>\u00c9tanch\u00e9it\u00e9 IP6<\/b><\/strong><strong><b>8<\/b><\/strong><\/p>\n<p>Un moniteur de recul \u00e9tanche de qualit\u00e9 peut vous apporter la tranquillit\u00e9 d'esprit lorsque vous conduisez par temps de pluie. Ce type de cam\u00e9ra de recul est dot\u00e9 d'une v\u00e9ritable conception \u00e9tanche Ip68. La cam\u00e9ra utilise 18 lumi\u00e8res infrarouges pour voir derri\u00e8re la voiture et dispose d'un panneau Ips qui facilite la visualisation quel que soit l'angle. Le moniteur offre une haute r\u00e9solution de 1024 x 600 pixels avec une fonction d'am\u00e9lioration des couleurs pour r\u00e9duire le bruit de l'image.<\/p>\n<p><strong><b>Angle de vision de 150\u00b0.<\/b><\/strong><\/p>\n<p>Un syst\u00e8me de surveillance de recul de qualit\u00e9 doit pr\u00e9senter des caract\u00e9ristiques telles qu'un grand angle de vision de 150 degr\u00e9s, un mode de super vision nocturne et une t\u00e9l\u00e9commande. Certains mod\u00e8les sont \u00e9quip\u00e9s de plusieurs cam\u00e9ras, ce qui rend l'exp\u00e9rience de visionnage plus facile et plus s\u00fbre. Ce type de cam\u00e9ra de recul doit \u00eatre aliment\u00e9 par une tension de 9 \u00e0 14 V et pouvoir fonctionner avec un connecteur RCA.<\/p>\n<h3>V\u00e9hicules n\u00e9cessitant un moniteur de recul \u00e9tanche<\/h3>\n<p>Le moniteur de recul \u00e9tanche permet de conduire en toute s\u00e9curit\u00e9 et de r\u00e9soudre les probl\u00e8mes d'angle mort et de marche arri\u00e8re difficile qui se posent pendant la conduite. Le moniteur de recul \u00e9tanche Luview est dot\u00e9 d'un \u00e9cran LCD num\u00e9rique offrant une qualit\u00e9 d'image claire. Il est \u00e9quip\u00e9 d'une cam\u00e9ra qui permet au v\u00e9hicule d'\u00e9viter les accidents de la circulation caus\u00e9s par l'angle mort \u00e0 l'arri\u00e8re de la voiture pendant la marche arri\u00e8re.<\/p>\n<p>Le moniteur \u00e9tanche peut \u00eatre appliqu\u00e9 aux grands v\u00e9hicules tels que les autobus, les v\u00e9hicules d'ing\u00e9nierie et les camions. Les syst\u00e8mes de surveillance \u00e9tanches ont g\u00e9n\u00e9ralement des fonctions telles que l'inversion, la commutation automatique et la surveillance multi-\u00e9crans.<\/p>\n<h3>Comment choisir un fabricant de moniteurs fiable<\/h3>\n<p>Comment trouver un fabricant ou un fournisseur de moniteurs de secours \u00e9tanches ? Est-il pr\u00e9f\u00e9rable de travailler avec des fabricants proches de chez moi ou \u00e0 l'\u00e9tranger ? Comment puis-je savoir si un fabricant est l\u00e9gitime ? Que vous ayez l'intention de fabriquer quelque chose vous-m\u00eame ou de trouver des fournisseurs pour vous approvisionner aupr\u00e8s d'un grossiste, il n'est pas toujours facile de trouver de bons produits. La liste suivante \u00e9num\u00e8re plusieurs options \u00e0 titre de r\u00e9f\u00e9rence.<\/p>\n<ol>\n<li><strong>Tout d'abord<\/strong>, En cas de probl\u00e8mes d'approvisionnement, il convient de s\u00e9lectionner les fabricants qui peuvent fournir des produits de mani\u00e8re stable pendant une longue p\u00e9riode. Certains fabricants baisseront le prix sur une courte p\u00e9riode parce qu'ils veulent se battre pour le droit d'approvisionnement, mais l'approvisionnement est instable. Les fabricants dont l'offre est stable doivent \u00eatre list\u00e9s en priorit\u00e9.<\/li>\n<li><strong>Deuxi\u00e8mement<\/strong>, le probl\u00e8me de la qualit\u00e9. Si l'approvisionnement en marchandises est garanti, il est n\u00e9cessaire de juger en fonction de la qualit\u00e9 et d'utiliser des fabricants de meilleure qualit\u00e9. Par exemple, pour un m\u00eame \u00e9cran \u00e9tanche, certains sont \u00e9tanches IP68, d'autres IP65, nous recommandons de choisir un fabricant ayant de meilleures performances en mati\u00e8re d'\u00e9tanch\u00e9it\u00e9.<\/li>\n<li><strong>Troisi\u00e8mement<\/strong>, la question du prix. Comparez les prix lorsque les deux conditions ci-dessus sont remplies.<\/li>\n<\/ol>\n<p>En plus des diff\u00e9rents types de moniteurs de recul \u00e9tanches, Luview fournit \u00e9galement des solutions visuelles telles que des cam\u00e9ras de v\u00e9hicule, des cam\u00e9ras de tableau de bord, etc. N'h\u00e9sitez pas \u00e0 nous contacter par <a href=\"http:\/\/mailto:sales@luview.com\/\">sales@luview.com<\/a>\u00a0.<\/p>\n<\/div><\/section><\/div><\/p>","protected":false},"excerpt":{"rendered":"","protected":false},"author":1,"featured_media":0,"parent":640,"menu_order":0,"comment_status":"closed","ping_status":"closed","template":"","meta":{"_monsterinsights_skip_tracking":false,"_monsterinsights_sitenote_active":false,"_monsterinsights_sitenote_note":"","_monsterinsights_sitenote_category":0,"footnotes":""},"class_list":["post-663","page","type-page","status-publish","hentry"],"_links":{"self":[{"href":"https:\/\/luview.com\/fr\/wp-json\/wp\/v2\/pages\/663","targetHints":{"allow":["GET"]}}],"collection":[{"href":"https:\/\/luview.com\/fr\/wp-json\/wp\/v2\/pages"}],"about":[{"href":"https:\/\/luview.com\/fr\/wp-json\/wp\/v2\/types\/page"}],"author":[{"embeddable":true,"href":"https:\/\/luview.com\/fr\/wp-json\/wp\/v2\/users\/1"}],"replies":[{"embeddable":true,"href":"https:\/\/luview.com\/fr\/wp-json\/wp\/v2\/comments?post=663"}],"version-history":[{"count":3,"href":"https:\/\/luview.com\/fr\/wp-json\/wp\/v2\/pages\/663\/revisions"}],"predecessor-version":[{"id":44518,"href":"https:\/\/luview.com\/fr\/wp-json\/wp\/v2\/pages\/663\/revisions\/44518"}],"up":[{"embeddable":true,"href":"https:\/\/luview.com\/fr\/wp-json\/wp\/v2\/pages\/640"}],"wp:attachment":[{"href":"https:\/\/luview.com\/fr\/wp-json\/wp\/v2\/media?parent=663"}],"curies":[{"name":"wp","href":"https:\/\/api.w.org\/{rel}","templated":true}]}}