{"id":679,"date":"2022-05-24T04:57:45","date_gmt":"2022-05-24T04:57:45","guid":{"rendered":"https:\/\/luview.com\/?page_id=679"},"modified":"2026-03-10T02:58:15","modified_gmt":"2026-03-10T02:58:15","slug":"systeme-de-cameras-360","status":"publish","type":"page","link":"https:\/\/luview.com\/fr\/products\/rear-view-system\/360-surround-camera-system\/","title":{"rendered":"Syst\u00e8me de cam\u00e9ra panoramique \u00e0 360\u00b0"},"content":{"rendered":"<style type=\"text\/css\" data-created_by=\"avia_inline_auto\" id=\"style-css-av-l2y9d09l-dba2ddc1697532ae540078bc5bf8a8e6\">\n.avia-section.av-l2y9d09l-dba2ddc1697532ae540078bc5bf8a8e6{\nbackground-repeat:no-repeat;\nbackground-image:url(https:\/\/luview.com\/wp-content\/uploads\/2024\/11\/\u540e\u89c6.jpg);\nbackground-position:50% 50%;\nbackground-attachment:scroll;\n}\n.avia-section.av-l2y9d09l-dba2ddc1697532ae540078bc5bf8a8e6 .av-section-color-overlay{\nopacity:0.8;\nbackground-color:#222222;\n}\n<\/style>\n<div id='av_section_1'  class='avia-section av-l2y9d09l-dba2ddc1697532ae540078bc5bf8a8e6 main_color avia-section-default avia-no-border-styling  avia-builder-el-0  el_before_av_one_full  avia-builder-el-first  titlebarbox avia-full-stretch avia-bg-style-scroll av-section-color-overlay-active container_wrap sidebar_left'  data-section-bg-repeat='stretch'><div class=\"av-section-color-overlay-wrap\"><div class=\"av-section-color-overlay\"><\/div><div class='container av-section-cont-open' ><main  role=\"main\" itemprop=\"mainContentOfPage\"  class='template-page content  av-content-small units'><div class='post-entry post-entry-type-page post-entry-679'><div class='entry-content-wrapper clearfix'>\n\n<style type=\"text\/css\" data-created_by=\"avia_inline_auto\" id=\"style-css-av-ro2v-a87e36abb91cc5e18f3d0098b40720d3\">\n.flex_column.av-ro2v-a87e36abb91cc5e18f3d0098b40720d3{\npadding:10% 0 10% 0;\n}\n<\/style>\n<div class='flex_column av-ro2v-a87e36abb91cc5e18f3d0098b40720d3 av_one_full  avia-builder-el-1  avia-builder-el-no-sibling  first flex_column_div'   ><style type=\"text\/css\" data-created_by=\"avia_inline_auto\" id=\"style-css-av-l2y9au29-bf07c75c092d3a9f62676db415f615f7\">\n#top .av_textblock_section.av-l2y9au29-bf07c75c092d3a9f62676db415f615f7 .avia_textblock{\ncolor:#ffffff;\ntext-align:center;\n}\n<\/style>\n<section  class='av_textblock_section av-l2y9au29-bf07c75c092d3a9f62676db415f615f7'  itemscope=\"itemscope\" itemtype=\"https:\/\/schema.org\/CreativeWork\" ><div class='avia_textblock av_inherit_color'  itemprop=\"text\" ><h1>Syst\u00e8me de cam\u00e9ra panoramique \u00e0 360\u00b0<\/h1>\n<\/div><\/section><br \/>\n<\/p><\/div>\n<\/div><\/div><\/main><!-- close content main element --><\/div><\/div><\/div><div id='after_section_1'  class='main_color av_default_container_wrap container_wrap sidebar_left'  ><div class='container av-section-cont-open' ><div class='template-page content  av-content-small units'><div class='post-entry post-entry-type-page post-entry-679'><div class='entry-content-wrapper clearfix'>\n<div class='flex_column av-6hmib-0f7b6fcf00f9273a80dfc45f533798fb av_one_full  avia-builder-el-4  el_after_av_section  el_before_av_one_full  avia-builder-el-first  first flex_column_div'   ><section  class='av_textblock_section av-l2y9squj-e76031f6dac70c55a963b220d7b8ed83'  itemscope=\"itemscope\" itemtype=\"https:\/\/schema.org\/CreativeWork\" ><div class='avia_textblock'  itemprop=\"text\" ><h3 style=\"font-weight: bold;\">Syst\u00e8me de cam\u00e9ras 360<\/h3>\n<\/div><\/section><br \/>\n<section  class='av_textblock_section av-l2y9tm1e-80c30be322df05d44e75397a617f5c97'  itemscope=\"itemscope\" itemtype=\"https:\/\/schema.org\/CreativeWork\" ><div class='avia_textblock'  itemprop=\"text\" ><p>Le syst\u00e8me de cam\u00e9ra panoramique 360\u00b0 de Luview peut montrer au conducteur une image \u00e0 360\u00b0 de l'\u00e9tat de la route autour du v\u00e9hicule gr\u00e2ce \u00e0 4 cam\u00e9ras situ\u00e9es \u00e0 l'ext\u00e9rieur de la voiture, et aider le conducteur \u00e0 \u00e9viter les accidents caus\u00e9s par les angles morts dans les sections de route \u00e9troites et dans les sc\u00e9narios de stationnement en marche arri\u00e8re. Luview est un fabricant professionnel de syst\u00e8mes de cam\u00e9ras de vision \u00e0 360\u00b0 et un fournisseur de solutions en Chine, n'h\u00e9sitez pas \u00e0 nous contacter. <a href=\"mailto:sales@luview.com\"><u>sales@luview.com<\/u><\/a>\u00a0si vous avez des questions.<\/p>\n<\/div><\/section><br \/>\n<div  class='avia-button-wrap avia-button-left  avia-builder-el-7  el_after_av_textblock  avia-builder-el-last' ><a href='https:\/\/luview.com\/fr\/contact\/'  class='avia-button av-l2y9umzk-d16bac7bf4e11df2896cb79984c1e31c avia-icon_select-no avia-size-large avia-position-left avia-color-theme-color' ><span class='avia_iconbox_title' >Demande d'informations<\/span><\/a><\/div><\/p><\/div>\n<div class='flex_column av-5hzen-23301fe4c356e81a47b358eb060165d1 av_one_full  avia-builder-el-8  el_after_av_one_full  el_before_av_one_full  first flex_column_div column-top-margin'   ><div  class='avia-product-slider-container av-l2y9wj0i-13495f0fae3907e4dfba74992f90dcda template-shop avia-content-slider avia-content-grid-active shop_columns_3  avia-builder-el-9  avia-builder-el-no-sibling  myproducts avia-content-slider-odd  avia-builder-el-9  avia-builder-el-no-sibling  myproducts avia-product-slider1'  data-autoplay=''  data-interval='5'  data-animation='fade'  data-hoverpause='1' ><div class='avia-content-slider-inner'><ul class=\"products\"><li class=\"product type-product post-25961 status-publish first instock product_cat-360-surround-view-system product_cat-hot-product has-post-thumbnail shipping-taxable product-type-simple\">\n\t<div class='inner_product main_color wrapped_style noLightbox  av-product-class-no_button'><a href=\"https:\/\/luview.com\/fr\/product\/jy-fv04-360-degree-panoramic-radar-surveillance-system-with-intelligent-ai-alert\/\" class=\"woocommerce-LoopProduct-link woocommerce-loop-product__link\"><div class='thumbnail_container'><img decoding=\"async\" width=\"600\" height=\"600\" data-src=\"https:\/\/luview.com\/wp-content\/uploads\/2024\/07\/8-1-600x600.jpg\" class=\"wp-image-25963 avia-img-lazy-loading-25963 attachment-woocommerce_thumbnail size-woocommerce_thumbnail wp-post-image lazyload\"  data-srcset=\"https:\/\/luview.com\/wp-content\/uploads\/2024\/07\/8-1-600x600.jpg 600w, https:\/\/luview.com\/wp-content\/uploads\/2024\/07\/8-1-100x100.jpg 100w, https:\/\/luview.com\/wp-content\/uploads\/2024\/07\/8-1-300x300.jpg 300w, https:\/\/luview.com\/wp-content\/uploads\/2024\/07\/8-1-80x80.jpg 80w, https:\/\/luview.com\/wp-content\/uploads\/2024\/07\/8-1-768x768.jpg 768w, https:\/\/luview.com\/wp-content\/uploads\/2024\/07\/8-1-36x36.jpg 36w, https:\/\/luview.com\/wp-content\/uploads\/2024\/07\/8-1-180x180.jpg 180w, https:\/\/luview.com\/wp-content\/uploads\/2024\/07\/8-1-430x430.jpg 430w, https:\/\/luview.com\/wp-content\/uploads\/2024\/07\/8-1-630x630.jpg 630w, https:\/\/luview.com\/wp-content\/uploads\/2024\/07\/8-1-705x705.jpg 705w, https:\/\/luview.com\/wp-content\/uploads\/2024\/07\/8-1-321x321.jpg 321w, https:\/\/luview.com\/wp-content\/uploads\/2024\/07\/8-1-120x120.jpg 120w, https:\/\/luview.com\/wp-content\/uploads\/2024\/07\/8-1-450x450.jpg 450w, https:\/\/luview.com\/wp-content\/uploads\/2024\/07\/8-1.jpg 800w\" data-sizes=\"(max-width: 600px) 100vw, 600px\" title=\"JY-FV04 Syst\u00e8me de surveillance radar panoramique \u00e0 360 degr\u00e9s avec alerte IA intelligente\u7f29\u7565\u56fe\" alt=\"JY-FV04 Syst\u00e8me de surveillance radar panoramique \u00e0 360 degr\u00e9s avec alerte IA intelligente\u7f29\u7565\u56fe\" src=\"data:image\/svg+xml;base64,PHN2ZyB3aWR0aD0iMSIgaGVpZ2h0PSIxIiB4bWxucz0iaHR0cDovL3d3dy53My5vcmcvMjAwMC9zdmciPjwvc3ZnPg==\" style=\"--smush-placeholder-width: 600px; --smush-placeholder-aspect-ratio: 600\/600;\" \/><span class='cart-loading'><\/span><\/div><div class='inner_product_header'><div class='avia-arrow'><\/div><div class='inner_product_header_table'><div class='inner_product_header_cell'><h2 class=\"woocommerce-loop-product__title\">JY-FV04 Syst\u00e8me de surveillance radar panoramique \u00e0 360 degr\u00e9s avec alerte IA intelligente<\/h2>\n<\/div><\/div><\/div><\/a><\/div><\/li>\n<li class=\"product type-product post-1278 status-publish instock product_cat-360-surround-view-system has-post-thumbnail shipping-taxable product-type-simple\">\n\t<div class='inner_product main_color wrapped_style noLightbox  av-product-class-no_button'><a href=\"https:\/\/luview.com\/fr\/product\/jy-bv360-360-degree-panoramic-image-surround-view-backup-camera-system\/\" class=\"woocommerce-LoopProduct-link woocommerce-loop-product__link\"><div class='thumbnail_container'><img decoding=\"async\" width=\"600\" height=\"600\" data-src=\"https:\/\/luview.com\/wp-content\/uploads\/2022\/06\/8-600x600.jpg\" class=\"wp-image-25975 avia-img-lazy-loading-25975 attachment-woocommerce_thumbnail size-woocommerce_thumbnail wp-post-image lazyload\"  data-srcset=\"https:\/\/luview.com\/wp-content\/uploads\/2022\/06\/8-600x600.jpg 600w, https:\/\/luview.com\/wp-content\/uploads\/2022\/06\/8-100x100.jpg 100w, https:\/\/luview.com\/wp-content\/uploads\/2022\/06\/8-300x300.jpg 300w, https:\/\/luview.com\/wp-content\/uploads\/2022\/06\/8-80x80.jpg 80w, https:\/\/luview.com\/wp-content\/uploads\/2022\/06\/8-768x768.jpg 768w, https:\/\/luview.com\/wp-content\/uploads\/2022\/06\/8-36x36.jpg 36w, https:\/\/luview.com\/wp-content\/uploads\/2022\/06\/8-180x180.jpg 180w, https:\/\/luview.com\/wp-content\/uploads\/2022\/06\/8-430x430.jpg 430w, https:\/\/luview.com\/wp-content\/uploads\/2022\/06\/8-630x630.jpg 630w, https:\/\/luview.com\/wp-content\/uploads\/2022\/06\/8-705x705.jpg 705w, https:\/\/luview.com\/wp-content\/uploads\/2022\/06\/8-321x321.jpg 321w, https:\/\/luview.com\/wp-content\/uploads\/2022\/06\/8-120x120.jpg 120w, https:\/\/luview.com\/wp-content\/uploads\/2022\/06\/8-450x450.jpg 450w, https:\/\/luview.com\/wp-content\/uploads\/2022\/06\/8.jpg 800w\" data-sizes=\"(max-width: 600px) 100vw, 600px\" title=\"JY-BV360 Syst\u00e8me de cam\u00e9ra de recul avec vue panoramique \u00e0 360 degr\u00e9s\" alt=\"JY-BV360 Syst\u00e8me de cam\u00e9ra de recul avec vue panoramique \u00e0 360 degr\u00e9s\" src=\"data:image\/svg+xml;base64,PHN2ZyB3aWR0aD0iMSIgaGVpZ2h0PSIxIiB4bWxucz0iaHR0cDovL3d3dy53My5vcmcvMjAwMC9zdmciPjwvc3ZnPg==\" style=\"--smush-placeholder-width: 600px; --smush-placeholder-aspect-ratio: 600\/600;\" \/><span class='cart-loading'><\/span><\/div><div class='inner_product_header'><div class='avia-arrow'><\/div><div class='inner_product_header_table'><div class='inner_product_header_cell'><h2 class=\"woocommerce-loop-product__title\">JY-BV360 Syst\u00e8me de cam\u00e9ra de recul \u00e0 vision panoramique \u00e0 360 degr\u00e9s<\/h2>\n<\/div><\/div><\/div><\/a><\/div><\/li>\n<\/ul><\/div><\/div><div class=\"clear\"><\/div><\/div><div class='flex_column av-4ubxv-213bc428d71aa730c5a18fbc0d9954c9 av_one_full  avia-builder-el-0  el_before_av_three_fourth  avia-builder-el-first  first flex_column_div'   ><section  class='av_textblock_section av-4bhe3-b5d2024edd0490f6b2ae124c64cf457e'  itemscope=\"itemscope\" itemtype=\"https:\/\/schema.org\/CreativeWork\" ><div class='avia_textblock'  itemprop=\"text\" ><h3>Qu'est-ce qu'un syst\u00e8me de cam\u00e9ra \u00e0 360\u00b0 ?<\/h3>\n<p>Qu'est-ce qu'un syst\u00e8me de cam\u00e9ra panoramique \u00e0 360 degr\u00e9s ? Comme son nom l'indique, le syst\u00e8me \u00e0 360 degr\u00e9s utilise quatre cam\u00e9ras : une cam\u00e9ra sous chaque r\u00e9troviseur lat\u00e9ral, une derri\u00e8re le r\u00e9troviseur et une cam\u00e9ra de recul. Ensemble, ces cam\u00e9ras offrent une vue virtuelle \u00e0 360 degr\u00e9s de votre v\u00e9hicule. Ces cam\u00e9ras peuvent vous aider \u00e0 d\u00e9tecter tout danger qui pourrait \u00eatre cach\u00e9 derri\u00e8re d'autres voitures. Ce syst\u00e8me pr\u00e9sente de nombreux avantages.<\/p>\n<p>La technologie qui sous-tend un syst\u00e8me de cam\u00e9ra \u00e0 360 degr\u00e9s fait appel \u00e0 quatre cam\u00e9ras : une cam\u00e9ra de recul, exig\u00e9e par les r\u00e9glementations gouvernementales, une cam\u00e9ra lat\u00e9rale mont\u00e9e dans les r\u00e9troviseurs ext\u00e9rieurs et une cam\u00e9ra frontale. Ces quatre cam\u00e9ras sont ensuite assembl\u00e9es \u00e0 l'aide d'un logiciel. Dans la plupart des cas, les images sont affich\u00e9es sur un seul \u00e9cran qui est g\u00e9n\u00e9ralement le syst\u00e8me d'infodivertissement.<\/p>\n<p>Les syst\u00e8mes de cam\u00e9ra \u00e0 360 degr\u00e9s du march\u00e9 des pi\u00e8ces de rechange peuvent \u00eatre install\u00e9s dans l'habitacle d'une voiture, ce qui rend l'installation plus facile et moins co\u00fbteuse. Bien que de nombreux v\u00e9hicules r\u00e9cents soient \u00e9quip\u00e9s de cette technologie, des syst\u00e8mes du march\u00e9 secondaire peuvent \u00eatre ajout\u00e9s aux voitures qui ne sont pas \u00e9quip\u00e9es d'un syst\u00e8me de vision \u00e0 360 degr\u00e9s. Une fois install\u00e9, un syst\u00e8me de cam\u00e9ras \u00e0 360 degr\u00e9s peut fonctionner comme un enregistreur num\u00e9rique standard. Les cam\u00e9ras sont contr\u00f4l\u00e9es par un capteur de choc qui d\u00e9clenche l'enregistrement.<\/p>\n<h3>Avantages d'un syst\u00e8me de cam\u00e9ra \u00e0 vision panoramique \u00e0 360<\/h3>\n<p>L'un des principaux avantages d'un syst\u00e8me de cam\u00e9ra panoramique \u00e0 360\u00b0 est sa capacit\u00e9 \u00e0 aider les conducteurs \u00e0 \u00e9viter les angles morts. Gr\u00e2ce \u00e0 une vue \u00e0 360 degr\u00e9s de la voiture, les conducteurs peuvent facilement \u00e9viter les angles morts et am\u00e9liorer leur efficacit\u00e9 de conduite.<\/p>\n<p>En outre, ils r\u00e9duisent la charge de travail du conducteur. En \u00e9liminant les angles morts, ces syst\u00e8mes sont \u00e9galement utiles pour se garer en parall\u00e8le et se garer dans des espaces restreints. Ils vous permettent de voir toute la route devant vous sans bloquer la vue de votre r\u00e9troviseur.<\/p>\n<h3>Quel est le co\u00fbt d'un syst\u00e8me de cam\u00e9ras 360\u00b0 ?<\/h3>\n<p>Quel est le co\u00fbt d'un syst\u00e8me de cam\u00e9ras de surveillance \u00e0 360 degr\u00e9s ? Le co\u00fbt d'un syst\u00e8me install\u00e9 en usine est proche de $3 000, mais il y a des exceptions. Les syst\u00e8mes du march\u00e9 secondaire ne sont pas aussi performants que ceux install\u00e9s en usine. Les syst\u00e8mes d'usine b\u00e9n\u00e9ficient du fait que les ing\u00e9nieurs adaptent les cam\u00e9ras \u00e0 un mod\u00e8le sp\u00e9cifique, alors que les syst\u00e8mes du march\u00e9 secondaire ne peuvent pas \u00eatre personnalis\u00e9s pour s'adapter \u00e0 une voiture particuli\u00e8re. La plupart des kits du march\u00e9 secondaire comprennent quatre cam\u00e9ras et les c\u00e2bles n\u00e9cessaires. Ils peuvent \u00e9galement \u00eatre accompagn\u00e9s d'un \u00e9cran d'affichage et d'une t\u00e9l\u00e9commande. Les prix varient entre $200 et $900, mais l'installation par un tiers peut ajouter $300 ou $500.<\/p>\n<h3>Comment installer un syst\u00e8me de cam\u00e9ras \u00e0 360\u00b0 ?<\/h3>\n<p>Si vous souhaitez ajouter un syst\u00e8me de cam\u00e9ra panoramique \u00e0 360\u00b0 \u00e0 votre voiture, vous devez savoir comment l'installer. Il s'agit en fait d'un processus tr\u00e8s simple, \u00e0 condition d'avoir des connaissances de base sur les syst\u00e8mes automobiles.<\/p>\n<p>La premi\u00e8re \u00e9tape consiste \u00e0 retirer les r\u00e9troviseurs lat\u00e9raux. Vous devrez les d\u00e9brancher avant d'installer le syst\u00e8me de cam\u00e9ra.<\/p>\n<p>Ensuite, installez un anneau en caoutchouc pour fixer les cam\u00e9ras. Vous pouvez obtenir un anneau plat ou un anneau avec une inclinaison de 15 degr\u00e9s.<\/p>\n<p>Ensuite, le syst\u00e8me utilise un logiciel pour interpr\u00e9ter l'image de chaque cam\u00e9ra et les assembler pour cr\u00e9er une image sur l'\u00e9cran d'infodivertissement de votre voiture.<\/p>\n<h3>Meilleur fabricant de syst\u00e8mes de cam\u00e9ras \u00e0 vision panoramique 360<\/h3>\n<p>Le syst\u00e8me de vision panoramique Luview 360 peut \u00eatre utilis\u00e9 pour les v\u00e9hicules de loisirs, les bus scolaires, les bus, les camions et d'autres v\u00e9hicules afin d'aider les conducteurs \u00e0 v\u00e9rifier facilement les alentours du v\u00e9hicule. Il peut passer d'un angle de vue \u00e0 l'autre en fonction des besoins de l'utilisateur et afficher les images des deux c\u00f4t\u00e9s du v\u00e9hicule en m\u00eame temps. Les angles morts \u00e0 l'avant, \u00e0 l'arri\u00e8re, \u00e0 gauche et \u00e0 droite du v\u00e9hicule sont visibles d'un seul coup d'\u0153il, ce qui permet d'\u00e9liminer efficacement les risques cach\u00e9s au d\u00e9marrage du v\u00e9hicule.<\/p>\n<p>Le syst\u00e8me met en \u0153uvre un traitement d'\u00e9pissage et de synth\u00e8se en temps r\u00e9el en installant 4 cam\u00e9ras fisheye sur le v\u00e9hicule et en utilisant des algorithmes logiciels pour r\u00e9aliser des effets visuels du v\u00e9hicule et des images panoramiques en trois dimensions. Il am\u00e9liore efficacement la s\u00e9curit\u00e9 et la commodit\u00e9 de la conduite dans divers parkings et voies \u00e9troites.<\/p>\n<p>Luview is one of the first companies to apply 360\u00b0 surround view camera system\u00a0to vehicles. Since its establishment, it has adhered to independent research and development and technological innovation, and has established a research and development center in the field of 360 panoramic and ADAS systems. It has a team of more than 30 people with high quality.\u00a0After years of development and accumulation, the R\u00a0&amp;\u00a0D team has applied for more than 30 patents and software copyrights, and the cumulative sales of 360 surround viewing systems\u00a0have exceeded 500,000 units.\u00a0If you want to improve driving safety and purchase 360 monitoring systems in bulk, please contact us\u00a0by <a href=\"mailto:sales@luview.com\"><u>sales@luview.com<\/u><\/a>\u00a0.<\/p>\n<\/div><\/section><\/div><\/p>","protected":false},"excerpt":{"rendered":"","protected":false},"author":1,"featured_media":0,"parent":689,"menu_order":0,"comment_status":"closed","ping_status":"closed","template":"","meta":{"_monsterinsights_skip_tracking":false,"_monsterinsights_sitenote_active":false,"_monsterinsights_sitenote_note":"","_monsterinsights_sitenote_category":0,"footnotes":""},"class_list":["post-679","page","type-page","status-publish","hentry"],"_links":{"self":[{"href":"https:\/\/luview.com\/fr\/wp-json\/wp\/v2\/pages\/679","targetHints":{"allow":["GET"]}}],"collection":[{"href":"https:\/\/luview.com\/fr\/wp-json\/wp\/v2\/pages"}],"about":[{"href":"https:\/\/luview.com\/fr\/wp-json\/wp\/v2\/types\/page"}],"author":[{"embeddable":true,"href":"https:\/\/luview.com\/fr\/wp-json\/wp\/v2\/users\/1"}],"replies":[{"embeddable":true,"href":"https:\/\/luview.com\/fr\/wp-json\/wp\/v2\/comments?post=679"}],"version-history":[{"count":2,"href":"https:\/\/luview.com\/fr\/wp-json\/wp\/v2\/pages\/679\/revisions"}],"predecessor-version":[{"id":44540,"href":"https:\/\/luview.com\/fr\/wp-json\/wp\/v2\/pages\/679\/revisions\/44540"}],"up":[{"embeddable":true,"href":"https:\/\/luview.com\/fr\/wp-json\/wp\/v2\/pages\/689"}],"wp:attachment":[{"href":"https:\/\/luview.com\/fr\/wp-json\/wp\/v2\/media?parent=679"}],"curies":[{"name":"wp","href":"https:\/\/api.w.org\/{rel}","templated":true}]}}