{"id":23272,"date":"2022-07-11T10:49:17","date_gmt":"2022-07-11T10:49:17","guid":{"rendered":"https:\/\/luview.com\/?page_id=23272"},"modified":"2025-08-07T09:13:39","modified_gmt":"2025-08-07T09:13:39","slug":"autobus","status":"publish","type":"page","link":"https:\/\/luview.com\/it\/solutions\/buses\/","title":{"rendered":"Autobus"},"content":{"rendered":"<style type=\"text\/css\" data-created_by=\"avia_inline_auto\" id=\"style-css-av-l2mxefv0-35bb32fcfe7f503a8ac259e0986fd26a\">\n.avia-section.av-l2mxefv0-35bb32fcfe7f503a8ac259e0986fd26a{\nbackground-repeat:no-repeat;\nbackground-image:url(https:\/\/luview.com\/wp-content\/uploads\/2022\/05\/solution-head.jpg);\nbackground-position:50% 50%;\nbackground-attachment:scroll;\n}\n.avia-section.av-l2mxefv0-35bb32fcfe7f503a8ac259e0986fd26a .av-section-color-overlay{\nopacity:0.8;\nbackground-color:#222222;\n}\n<\/style>\n<div id='av_section_1'  class='avia-section av-l2mxefv0-35bb32fcfe7f503a8ac259e0986fd26a main_color avia-section-default avia-no-border-styling  avia-builder-el-0  el_before_av_one_full  avia-builder-el-first  titlebarbox avia-bg-style-scroll av-section-color-overlay-active container_wrap sidebar_left'  data-section-bg-repeat='no-repeat'><div class=\"av-section-color-overlay-wrap\"><div class=\"av-section-color-overlay\"><\/div><div class='container av-section-cont-open' ><main  role=\"main\" itemprop=\"mainContentOfPage\"  class='template-page content  av-content-small units'><div class='post-entry post-entry-type-page post-entry-23272'><div class='entry-content-wrapper clearfix'>\n\n<style type=\"text\/css\" data-created_by=\"avia_inline_auto\" id=\"style-css-av-l2mxr7wy-b4eaf1ebf22700ba8c0e3ddaf64fafea\">\n.flex_column.av-l2mxr7wy-b4eaf1ebf22700ba8c0e3ddaf64fafea{\npadding:10% 0 10% 0;\n}\n<\/style>\n<div class='flex_column av-l2mxr7wy-b4eaf1ebf22700ba8c0e3ddaf64fafea av_one_full  avia-builder-el-1  avia-builder-el-no-sibling  first flex_column_div'   ><style type=\"text\/css\" data-created_by=\"avia_inline_auto\" id=\"style-css-av-l2mxewun-812b60f9f631bff3f3cece738bb226b9\">\n#top .av_textblock_section.av-l2mxewun-812b60f9f631bff3f3cece738bb226b9 .avia_textblock{\ncolor:#ffffff;\ntext-align:center;\n}\n<\/style>\n<section  class='av_textblock_section av-l2mxewun-812b60f9f631bff3f3cece738bb226b9'  itemscope=\"itemscope\" itemtype=\"https:\/\/schema.org\/CreativeWork\" ><div class='avia_textblock av_inherit_color'  itemprop=\"text\" ><h1>Soluzioni per autobus<\/h1>\n<\/div><\/section><br \/>\n<\/p><\/div>\n<\/div><\/div><\/main><!-- close content main element --><\/div><\/div><\/div><div id='after_section_1'  class='main_color av_default_container_wrap container_wrap sidebar_left'  ><div class='container av-section-cont-open' ><div class='template-page content  av-content-small units'><div class='post-entry post-entry-type-page post-entry-23272'><div class='entry-content-wrapper clearfix'>\n<div class='flex_column av-zn923-2998580518e3833d33293177f79d69a5 av_one_full  avia-builder-el-4  el_after_av_section  el_before_av_one_third  avia-builder-el-first  first flex_column_div'   ><section  class='av_textblock_section av-l2vl9sc8-321202df39fd446ec8d30e8813d0d1d6'  itemscope=\"itemscope\" itemtype=\"https:\/\/schema.org\/CreativeWork\" ><div class='avia_textblock'  itemprop=\"text\" ><h3>Bus Backup Camera System &amp; Solution<\/h3>\n<\/div><\/section><br \/>\n<section  class='av_textblock_section av-l2vla2no-02a9d235c6ee455249ee410d4d085d73'  itemscope=\"itemscope\" itemtype=\"https:\/\/schema.org\/CreativeWork\" ><div class='avia_textblock'  itemprop=\"text\" ><p>Che abbiate bisogno di una nuova telecamera di backup per scuolabus o di migliorare la sicurezza della vostra flotta, da Luview potete trovare la soluzione giusta per le vostre esigenze.<\/p>\n<p>Shenzhen Luview Co., Ltd. \u00e8 stata fondata nel 2006 e vanta pi\u00f9 di 18 anni di esperienza nel settore del monitoraggio dei veicoli. \u00c8 possibile ottenere vari prodotti di telecamere per autobus con un prezzo piacevole da noi via e-mail a : <a href=\"mailto:sales@luview.com\"><u>sales@luview.com<\/u><\/a>\u00a0.<\/p>\n<\/div><\/section><\/p><\/div>\n<div class='flex_column av-2ps3aj-3e87c5f96607d28e3a55d1356f20c5cd av_one_third  avia-builder-el-7  el_after_av_one_full  el_before_av_one_third  first flex_column_div column-top-margin'   ><p>\n<style type=\"text\/css\" data-created_by=\"avia_inline_auto\" id=\"style-css-av-l2vl5f5x-c00ffa9b4d75974962cc409903ae049e\">\n.avia-image-container.av-l2vl5f5x-c00ffa9b4d75974962cc409903ae049e .av-image-caption-overlay-center{\ncolor:#ffffff;\n}\n<\/style>\n<div  class='avia-image-container av-l2vl5f5x-c00ffa9b4d75974962cc409903ae049e av-styling- avia-align-center  avia-builder-el-8  el_before_av_textblock  avia-builder-el-first'  itemprop=\"image\" itemscope=\"itemscope\" itemtype=\"https:\/\/schema.org\/ImageObject\" ><div class=\"avia-image-container-inner\"><div class=\"avia-image-overlay-wrap\"><a href=\"https:\/\/luview.com\/it\/solutions\/buses\/school-bus-camera-solution\/\" class='avia_image' ><img decoding=\"async\" class='wp-image-23303 avia-img-lazy-loading-not-23303 avia_image lazyload' data-src=\"https:\/\/luview.com\/wp-content\/uploads\/2022\/07\/SCHOOL-BUS-CAMERA-SOLUTION.jpg\" alt='SOLUZIONE CON TELECAMERA PER SCUOLABUS' title='SOLUZIONE CON TELECAMERA PER SCUOLABUS'  height=\"400\" width=\"400\"  itemprop=\"thumbnailUrl\" data-srcset=\"https:\/\/luview.com\/wp-content\/uploads\/2022\/07\/SCHOOL-BUS-CAMERA-SOLUTION.jpg 400w, https:\/\/luview.com\/wp-content\/uploads\/2022\/07\/SCHOOL-BUS-CAMERA-SOLUTION-100x100.jpg 100w, https:\/\/luview.com\/wp-content\/uploads\/2022\/07\/SCHOOL-BUS-CAMERA-SOLUTION-300x300.jpg 300w, https:\/\/luview.com\/wp-content\/uploads\/2022\/07\/SCHOOL-BUS-CAMERA-SOLUTION-80x80.jpg 80w, https:\/\/luview.com\/wp-content\/uploads\/2022\/07\/SCHOOL-BUS-CAMERA-SOLUTION-36x36.jpg 36w, https:\/\/luview.com\/wp-content\/uploads\/2022\/07\/SCHOOL-BUS-CAMERA-SOLUTION-180x180.jpg 180w\" data-sizes=\"(max-width: 400px) 100vw, 400px\" src=\"data:image\/svg+xml;base64,PHN2ZyB3aWR0aD0iMSIgaGVpZ2h0PSIxIiB4bWxucz0iaHR0cDovL3d3dy53My5vcmcvMjAwMC9zdmciPjwvc3ZnPg==\" style=\"--smush-placeholder-width: 400px; --smush-placeholder-aspect-ratio: 400\/400;\" \/><\/a><\/div><\/div><\/div><br \/>\n\n<style type=\"text\/css\" data-created_by=\"avia_inline_auto\" id=\"style-css-av-2m67d7-f8b3e92bddd972c8958c08357236f45c\">\n#top .av_textblock_section.av-2m67d7-f8b3e92bddd972c8958c08357236f45c .avia_textblock{\ntext-align:center;\n}\n<\/style>\n<section  class='av_textblock_section av-2m67d7-f8b3e92bddd972c8958c08357236f45c'  itemscope=\"itemscope\" itemtype=\"https:\/\/schema.org\/CreativeWork\" ><div class='avia_textblock'  itemprop=\"text\" ><h4 style=\"text-align: center;\"><a href=\"https:\/\/luview.com\/solutions\/buses\/school-bus-camera-solution\/\">Soluzione con telecamera per scuolabus<\/a><\/h4>\n<\/div><\/section><\/p><\/div>\n<div class='flex_column av-2ejarf-e202d8942680281a68fcdb041db7e656 av_one_third  avia-builder-el-10  el_after_av_one_third  el_before_av_one_third  flex_column_div column-top-margin'   ><p>\n<style type=\"text\/css\" data-created_by=\"avia_inline_auto\" id=\"style-css-av-l2vl5vyn-d769fd9577e4189e0c2864aa7e1a25d8\">\n.avia-image-container.av-l2vl5vyn-d769fd9577e4189e0c2864aa7e1a25d8 .av-image-caption-overlay-center{\ncolor:#ffffff;\n}\n<\/style>\n<div  class='avia-image-container av-l2vl5vyn-d769fd9577e4189e0c2864aa7e1a25d8 av-styling- avia-align-center  avia-builder-el-11  el_before_av_textblock  avia-builder-el-first'  itemprop=\"image\" itemscope=\"itemscope\" itemtype=\"https:\/\/schema.org\/ImageObject\" ><div class=\"avia-image-container-inner\"><div class=\"avia-image-overlay-wrap\"><a href=\"https:\/\/luview.com\/it\/solutions\/buses\/shuttle-bus-camera-system\/\" class='avia_image' ><img decoding=\"async\" class='wp-image-23317 avia-img-lazy-loading-not-23317 avia_image lazyload' data-src=\"https:\/\/luview.com\/wp-content\/uploads\/2022\/07\/Shuttle-Bus-Camera-Solution.jpg\" alt='Soluzione con telecamera per bus navetta' title='Soluzione con telecamera per bus navetta'  height=\"400\" width=\"400\"  itemprop=\"thumbnailUrl\" data-srcset=\"https:\/\/luview.com\/wp-content\/uploads\/2022\/07\/Shuttle-Bus-Camera-Solution.jpg 400w, https:\/\/luview.com\/wp-content\/uploads\/2022\/07\/Shuttle-Bus-Camera-Solution-100x100.jpg 100w, https:\/\/luview.com\/wp-content\/uploads\/2022\/07\/Shuttle-Bus-Camera-Solution-300x300.jpg 300w, https:\/\/luview.com\/wp-content\/uploads\/2022\/07\/Shuttle-Bus-Camera-Solution-80x80.jpg 80w, https:\/\/luview.com\/wp-content\/uploads\/2022\/07\/Shuttle-Bus-Camera-Solution-36x36.jpg 36w, https:\/\/luview.com\/wp-content\/uploads\/2022\/07\/Shuttle-Bus-Camera-Solution-180x180.jpg 180w\" data-sizes=\"(max-width: 400px) 100vw, 400px\" src=\"data:image\/svg+xml;base64,PHN2ZyB3aWR0aD0iMSIgaGVpZ2h0PSIxIiB4bWxucz0iaHR0cDovL3d3dy53My5vcmcvMjAwMC9zdmciPjwvc3ZnPg==\" style=\"--smush-placeholder-width: 400px; --smush-placeholder-aspect-ratio: 400\/400;\" \/><\/a><\/div><\/div><\/div><br \/>\n\n<style type=\"text\/css\" data-created_by=\"avia_inline_auto\" id=\"style-css-av-2ame8b-12b496c1614357556a4c7bab706be968\">\n#top .av_textblock_section.av-2ame8b-12b496c1614357556a4c7bab706be968 .avia_textblock{\ntext-align:center;\n}\n<\/style>\n<section  class='av_textblock_section av-2ame8b-12b496c1614357556a4c7bab706be968'  itemscope=\"itemscope\" itemtype=\"https:\/\/schema.org\/CreativeWork\" ><div class='avia_textblock'  itemprop=\"text\" ><h4 style=\"text-align: center;\"><a href=\"https:\/\/luview.com\/solutions\/buses\/shuttle-bus-camera-system\/\">Soluzione con telecamera per bus navetta<\/a><\/h4>\n<\/div><\/section><\/p><\/div>\n<div class='flex_column av-33x9jf-1c424f85e815b2819914c47335725612 av_one_third  avia-builder-el-13  el_after_av_one_third  el_before_av_one_third  flex_column_div column-top-margin'   ><p>\n<style type=\"text\/css\" data-created_by=\"avia_inline_auto\" id=\"style-css-av-l2vl2xqc-48c861c2c8570efb51ed9417c92f5c85\">\n.avia-image-container.av-l2vl2xqc-48c861c2c8570efb51ed9417c92f5c85 .av-image-caption-overlay-center{\ncolor:#ffffff;\n}\n<\/style>\n<div  class='avia-image-container av-l2vl2xqc-48c861c2c8570efb51ed9417c92f5c85 av-styling- avia-align-center  avia-builder-el-14  el_before_av_textblock  avia-builder-el-first'  itemprop=\"image\" itemscope=\"itemscope\" itemtype=\"https:\/\/schema.org\/ImageObject\" ><div class=\"avia-image-container-inner\"><div class=\"avia-image-overlay-wrap\"><a href=\"https:\/\/luview.com\/it\/solutions\/buses\/transit-bus-camera-system\/\" class='avia_image' ><img decoding=\"async\" class='wp-image-23313 avia-img-lazy-loading-not-23313 avia_image lazyload' data-src=\"https:\/\/luview.com\/wp-content\/uploads\/2022\/07\/Transit-Bus-Camera-Solution.jpg\" alt='Soluzione con telecamera per autobus di linea' title='Soluzione con telecamera per autobus di linea'  height=\"400\" width=\"400\"  itemprop=\"thumbnailUrl\" data-srcset=\"https:\/\/luview.com\/wp-content\/uploads\/2022\/07\/Transit-Bus-Camera-Solution.jpg 400w, https:\/\/luview.com\/wp-content\/uploads\/2022\/07\/Transit-Bus-Camera-Solution-100x100.jpg 100w, https:\/\/luview.com\/wp-content\/uploads\/2022\/07\/Transit-Bus-Camera-Solution-300x300.jpg 300w, https:\/\/luview.com\/wp-content\/uploads\/2022\/07\/Transit-Bus-Camera-Solution-80x80.jpg 80w, https:\/\/luview.com\/wp-content\/uploads\/2022\/07\/Transit-Bus-Camera-Solution-36x36.jpg 36w, https:\/\/luview.com\/wp-content\/uploads\/2022\/07\/Transit-Bus-Camera-Solution-180x180.jpg 180w\" data-sizes=\"(max-width: 400px) 100vw, 400px\" src=\"data:image\/svg+xml;base64,PHN2ZyB3aWR0aD0iMSIgaGVpZ2h0PSIxIiB4bWxucz0iaHR0cDovL3d3dy53My5vcmcvMjAwMC9zdmciPjwvc3ZnPg==\" style=\"--smush-placeholder-width: 400px; --smush-placeholder-aspect-ratio: 400\/400;\" \/><\/a><\/div><\/div><\/div><br \/>\n\n<style type=\"text\/css\" data-created_by=\"avia_inline_auto\" id=\"style-css-av-l2vl44qd-a9fd2e80f8564808c6bd161526b1aaa5\">\n#top .av_textblock_section.av-l2vl44qd-a9fd2e80f8564808c6bd161526b1aaa5 .avia_textblock{\ntext-align:center;\n}\n<\/style>\n<section  class='av_textblock_section av-l2vl44qd-a9fd2e80f8564808c6bd161526b1aaa5'  itemscope=\"itemscope\" itemtype=\"https:\/\/schema.org\/CreativeWork\" ><div class='avia_textblock'  itemprop=\"text\" ><h4 style=\"text-align: center;\"><a href=\"https:\/\/luview.com\/solutions\/buses\/transit-bus-camera-system\/\">Soluzione con telecamera per autobus di linea<\/a><\/h4>\n<\/div><\/section><\/p><\/div>\n<div class='flex_column av-1w0job-f7b39fefdc55abed3e88101aa0d2c13e av_one_third  avia-builder-el-16  el_after_av_one_third  el_before_av_one_full  first flex_column_div column-top-margin'   ><p>\n<style type=\"text\/css\" data-created_by=\"avia_inline_auto\" id=\"style-css-av-l2vl6wsn-3eb8652bf30ed41a3377db0a128a5853\">\n.avia-image-container.av-l2vl6wsn-3eb8652bf30ed41a3377db0a128a5853 .av-image-caption-overlay-center{\ncolor:#ffffff;\n}\n<\/style>\n<div  class='avia-image-container av-l2vl6wsn-3eb8652bf30ed41a3377db0a128a5853 av-styling- avia-align-center  avia-builder-el-17  el_before_av_textblock  avia-builder-el-first'  itemprop=\"image\" itemscope=\"itemscope\" itemtype=\"https:\/\/schema.org\/ImageObject\" ><div class=\"avia-image-container-inner\"><div class=\"avia-image-overlay-wrap\"><a href=\"https:\/\/luview.com\/it\/solutions\/buses\/coach-bus-camera-system\/\" class='avia_image' ><img decoding=\"async\" class='wp-image-23309 avia-img-lazy-loading-not-23309 avia_image lazyload' data-src=\"https:\/\/luview.com\/wp-content\/uploads\/2022\/07\/Coach-Bus-Camera-Solution.jpg\" alt='Soluzione per telecamere su autobus turistici' title='Soluzione per telecamere su autobus turistici'  height=\"400\" width=\"400\"  itemprop=\"thumbnailUrl\" data-srcset=\"https:\/\/luview.com\/wp-content\/uploads\/2022\/07\/Coach-Bus-Camera-Solution.jpg 400w, https:\/\/luview.com\/wp-content\/uploads\/2022\/07\/Coach-Bus-Camera-Solution-100x100.jpg 100w, https:\/\/luview.com\/wp-content\/uploads\/2022\/07\/Coach-Bus-Camera-Solution-300x300.jpg 300w, https:\/\/luview.com\/wp-content\/uploads\/2022\/07\/Coach-Bus-Camera-Solution-80x80.jpg 80w, https:\/\/luview.com\/wp-content\/uploads\/2022\/07\/Coach-Bus-Camera-Solution-36x36.jpg 36w, https:\/\/luview.com\/wp-content\/uploads\/2022\/07\/Coach-Bus-Camera-Solution-180x180.jpg 180w\" data-sizes=\"(max-width: 400px) 100vw, 400px\" src=\"data:image\/svg+xml;base64,PHN2ZyB3aWR0aD0iMSIgaGVpZ2h0PSIxIiB4bWxucz0iaHR0cDovL3d3dy53My5vcmcvMjAwMC9zdmciPjwvc3ZnPg==\" style=\"--smush-placeholder-width: 400px; --smush-placeholder-aspect-ratio: 400\/400;\" \/><\/a><\/div><\/div><\/div><br \/>\n\n<style type=\"text\/css\" data-created_by=\"avia_inline_auto\" id=\"style-css-av-1p19dn-a970b6d55ba0d86edd4047305c5de9ec\">\n#top .av_textblock_section.av-1p19dn-a970b6d55ba0d86edd4047305c5de9ec .avia_textblock{\ntext-align:center;\n}\n<\/style>\n<section  class='av_textblock_section av-1p19dn-a970b6d55ba0d86edd4047305c5de9ec'  itemscope=\"itemscope\" itemtype=\"https:\/\/schema.org\/CreativeWork\" ><div class='avia_textblock'  itemprop=\"text\" ><h4 style=\"text-align: center;\"><a href=\"https:\/\/luview.com\/solutions\/buses\/coach-bus-camera-system\/\">Soluzione per telecamere su autobus turistici<\/a><\/h4>\n<\/div><\/section><\/p><\/div>\n<div class='flex_column av-3hu5mrs-1951f09a8b08a557305000f8e7f262ee av_one_full  avia-builder-el-19  el_after_av_one_third  el_before_av_one_full  first flex_column_div column-top-margin'   ><section  class='av_textblock_section av-2vrkitk-10ce4722a6037c90eb8d662fe54653ae'  itemscope=\"itemscope\" itemtype=\"https:\/\/schema.org\/CreativeWork\" ><div class='avia_textblock'  itemprop=\"text\" ><h3>Perch\u00e9 la telecamera di backup \u00e8 importante per gli autobus<\/h3>\n<\/div><\/section><br \/>\n<section  class='av_textblock_section av-9oynm0-ca7191500711bb93c01ebef3c70b7ad4'  itemscope=\"itemscope\" itemtype=\"https:\/\/schema.org\/CreativeWork\" ><div class='avia_textblock'  itemprop=\"text\" ><p>Le telecamere di sicurezza per autobus sono particolarmente utili se l'autobus viaggia ad alta velocit\u00e0. Possono anche aiutare i conducenti a vedere pedoni, bambini e auto in corsa dietro l'autobus.<\/p>\n<p>La telecamera cattura un'immagine di tutto ci\u00f2 che si trova al di l\u00e0 del paraurti posteriore, come gli oggetti che si trovano nell'angolo cieco del conducente o i pedoni che attraversano la strada. Queste immagini vengono poi proiettate su un monitor in modo che l'autista possa vedere ci\u00f2 che sta facendo retromarcia per manovrare in sicurezza l'autobus.<\/p>\n<p>Uno studio della National Highway Traffic Safety Administration (NHTSA) ha rilevato che quando gli autobus hanno installato le telecamere di backup, il numero di incidenti con collisioni in retromarcia \u00e8 diminuito del 30%.<\/p>\n<\/div><\/section><br \/>\n<section  class='av_textblock_section av-2a70ui0-a3e798fbad357ca47d6fb01bff177906'  itemscope=\"itemscope\" itemtype=\"https:\/\/schema.org\/CreativeWork\" ><div class='avia_textblock'  itemprop=\"text\" ><h3>Telecamera di backup per autobus con o senza fili<\/h3>\n<\/div><\/section><br \/>\n<section  class='av_textblock_section av-1gvq0qw-56eb931562b753b1736eea498d4498fb'  itemscope=\"itemscope\" itemtype=\"https:\/\/schema.org\/CreativeWork\" ><div class='avia_textblock'  itemprop=\"text\" ><p>La prima domanda da porsi \u00e8 se sia meglio acquistare una telecamera di backup per autobus con o senza fili. Sebbene una telecamera per autobus wireless offra molti vantaggi, la qualit\u00e0 dell'immagine non \u00e8 sempre la migliore. Le telecamere di backup wireless sono soggette a interferenze, ritardi e perdita di qualit\u00e0 generale dell'immagine. Inoltre, se la trasmissione \u00e8 debole a causa di influenze ambientali, le immagini possono risultare sfocate o pixelate. Ci\u00f2 pu\u00f2 compromettere la sicurezza dei passeggeri.<\/p>\n<p>Una telecamera di backup bus cablata \u00e8 pi\u00f9 affidabile e fornisce un'immagine pi\u00f9 chiara rispetto a una telecamera wireless. La connessione cablata consente di ricevere le immagini pi\u00f9 velocemente ed \u00e8 migliore per la qualit\u00e0 delle immagini. Una telecamera cablata sar\u00e0 pi\u00f9 costosa di una wireless, ma fornir\u00e0 una migliore qualit\u00e0 dell'immagine. Se si teme di perdere qualit\u00e0 durante un'emergenza, le telecamere cablate sono una buona scelta. Sono entrambe efficaci per il backup del bus e possono aiutarvi a evitare costi e inconvenienti inutili.<\/p>\n<\/div><\/section><br \/>\n<section  class='av_textblock_section av-19r470o-f8412ec96ed6ccaed45ade25ea1d5602'  itemscope=\"itemscope\" itemtype=\"https:\/\/schema.org\/CreativeWork\" ><div class='avia_textblock'  itemprop=\"text\" ><h3>Come scegliere la migliore telecamera di backup per autobus<\/h3>\n<\/div><\/section><br \/>\n<section  class='av_textblock_section av-2e82co-74e49afb3fbacfd86ee9222998cd1a07'  itemscope=\"itemscope\" itemtype=\"https:\/\/schema.org\/CreativeWork\" ><div class='avia_textblock'  itemprop=\"text\" ><p>Ci sono alcuni elementi chiave da considerare quando si sceglie la migliore telecamera di backup per autobus. Una delle caratteristiche pi\u00f9 importanti da ricercare \u00e8 l'angolo di visuale della telecamera. Una telecamera con un'ampia visuale di 120 gradi \u00e8 importante per catturare i punti ciechi. Un'altra caratteristica importante da considerare \u00e8 la durata. La telecamera per autobus Luview \u00e8 una delle pi\u00f9 resistenti, \u00e8 impermeabile e antiurto e funziona bene anche in ambienti esterni difficili.<\/p>\n<\/div><\/section><\/p><\/div>\n\n<style type=\"text\/css\" data-created_by=\"avia_inline_auto\" id=\"style-css-av-l2vletd8-6873c757f85d604bdfa88a557a400ac2\">\n.flex_column.av-l2vletd8-6873c757f85d604bdfa88a557a400ac2{\nborder-radius:15px 15px 15px 15px;\n-webkit-border-radius:15px 15px 15px 15px;\n-moz-border-radius:15px 15px 15px 15px;\npadding:50px 50px 50px 50px;\nbox-shadow:0 0 10px 0 #e0e0e0;\n-webkit-box-shadow:0 0 10px 0 #e0e0e0;\n-moz-box-shadow:0 0 10px 0 #e0e0e0;\nbackground-color:#ffffff;\n}\n<\/style>\n<div class='flex_column av-l2vletd8-6873c757f85d604bdfa88a557a400ac2 av_one_full  avia-builder-el-26  el_after_av_one_full  avia-builder-el-last  first flex_column_div column-top-margin'   ><style type=\"text\/css\" data-created_by=\"avia_inline_auto\" id=\"style-css-av-1pn56r-c5797cae44e1194cd88c41e4e080c4a0\">\n#top .av_textblock_section.av-1pn56r-c5797cae44e1194cd88c41e4e080c4a0 .avia_textblock{\ntext-align:center;\n}\n<\/style>\n<section  class='av_textblock_section av-1pn56r-c5797cae44e1194cd88c41e4e080c4a0'  itemscope=\"itemscope\" itemtype=\"https:\/\/schema.org\/CreativeWork\" ><div class='avia_textblock'  itemprop=\"text\" ><h3>Preventivo personalizzato<\/h3>\n<\/div><\/section><br \/>\n\n<style type=\"text\/css\" data-created_by=\"avia_inline_auto\" id=\"style-css-av-1me14z-8350f34feb640d6e4b487e997fe59277\">\n#top .hr.hr-invisible.av-1me14z-8350f34feb640d6e4b487e997fe59277{\nheight:30px;\n}\n<\/style>\n<div  class='hr av-1me14z-8350f34feb640d6e4b487e997fe59277 hr-invisible  avia-builder-el-28  el_after_av_textblock  el_before_av_codeblock'><span class='hr-inner'><span class=\"hr-inner-style\"><\/span><\/span><\/div><br \/>\n<\/p><\/div>","protected":false},"excerpt":{"rendered":"","protected":false},"author":1,"featured_media":0,"parent":387,"menu_order":0,"comment_status":"closed","ping_status":"closed","template":"","meta":{"_monsterinsights_skip_tracking":false,"_monsterinsights_sitenote_active":false,"_monsterinsights_sitenote_note":"","_monsterinsights_sitenote_category":0,"footnotes":""},"class_list":["post-23272","page","type-page","status-publish","hentry"],"_links":{"self":[{"href":"https:\/\/luview.com\/it\/wp-json\/wp\/v2\/pages\/23272","targetHints":{"allow":["GET"]}}],"collection":[{"href":"https:\/\/luview.com\/it\/wp-json\/wp\/v2\/pages"}],"about":[{"href":"https:\/\/luview.com\/it\/wp-json\/wp\/v2\/types\/page"}],"author":[{"embeddable":true,"href":"https:\/\/luview.com\/it\/wp-json\/wp\/v2\/users\/1"}],"replies":[{"embeddable":true,"href":"https:\/\/luview.com\/it\/wp-json\/wp\/v2\/comments?post=23272"}],"version-history":[{"count":1,"href":"https:\/\/luview.com\/it\/wp-json\/wp\/v2\/pages\/23272\/revisions"}],"predecessor-version":[{"id":43377,"href":"https:\/\/luview.com\/it\/wp-json\/wp\/v2\/pages\/23272\/revisions\/43377"}],"up":[{"embeddable":true,"href":"https:\/\/luview.com\/it\/wp-json\/wp\/v2\/pages\/387"}],"wp:attachment":[{"href":"https:\/\/luview.com\/it\/wp-json\/wp\/v2\/media?parent=23272"}],"curies":[{"name":"wp","href":"https:\/\/api.w.org\/{rel}","templated":true}]}}