{"id":348,"date":"2022-05-06T09:18:57","date_gmt":"2022-05-06T09:18:57","guid":{"rendered":"https:\/\/luview.com\/?page_id=348"},"modified":"2026-04-08T08:16:51","modified_gmt":"2026-04-08T08:16:51","slug":"pietra-miliare","status":"publish","type":"page","link":"https:\/\/luview.com\/it\/about-us\/milestone\/","title":{"rendered":"Pietra miliare"},"content":{"rendered":"<style type=\"text\/css\" data-created_by=\"avia_inline_auto\" id=\"style-css-av-18z5gw-d3cb0968a7a182e73214c3d3fb97ba75\">\n.avia-section.av-18z5gw-d3cb0968a7a182e73214c3d3fb97ba75{\nbackground-color:#8cb823;\nbackground-image:url(https:\/\/luview.com\/wp-content\/uploads\/2026\/01\/Development-Journey-of-the-Luview.jpg);\nbackground-repeat:no-repeat;\nbackground-position:50% 50%;\nbackground-attachment:scroll;\n}\n.avia-section.av-18z5gw-d3cb0968a7a182e73214c3d3fb97ba75 .av-section-color-overlay{\nopacity:0.8;\nbackground-color:#222222;\n}\n<\/style>\n<div id='av_section_1'  class='avia-section av-18z5gw-d3cb0968a7a182e73214c3d3fb97ba75 main_color avia-section-default avia-no-border-styling  avia-builder-el-0  el_before_av_one_full  avia-builder-el-first  titlebarbox avia-full-contain avia-bg-style-scroll av-section-color-overlay-active container_wrap sidebar_left'  data-section-bg-repeat='contain'><div class=\"av-section-color-overlay-wrap\"><div class=\"av-section-color-overlay\"><\/div><div class='container av-section-cont-open' ><main  role=\"main\" itemprop=\"mainContentOfPage\"  class='template-page content  av-content-small units'><div class='post-entry post-entry-type-page post-entry-348'><div class='entry-content-wrapper clearfix'>\n\n<style type=\"text\/css\" data-created_by=\"avia_inline_auto\" id=\"style-css-av-1521zs-f76749d04838b68ec1c420eb2583ac0b\">\n.flex_column.av-1521zs-f76749d04838b68ec1c420eb2583ac0b{\npadding:10% 0 10% 0;\n}\n<\/style>\n<div class='flex_column av-1521zs-f76749d04838b68ec1c420eb2583ac0b av_one_full  avia-builder-el-1  avia-builder-el-no-sibling  first flex_column_div'   ><style type=\"text\/css\" data-created_by=\"avia_inline_auto\" id=\"style-css-av-l2sgt1ph-700bbb6893565c08fc2e803faf810ebc\">\n#top .av_textblock_section.av-l2sgt1ph-700bbb6893565c08fc2e803faf810ebc .avia_textblock{\ncolor:#ffffff;\ntext-align:center;\n}\n<\/style>\n<section  class='av_textblock_section av-l2sgt1ph-700bbb6893565c08fc2e803faf810ebc'  itemscope=\"itemscope\" itemtype=\"https:\/\/schema.org\/CreativeWork\" ><div class='avia_textblock av_inherit_color'  itemprop=\"text\" ><h1>Pietra miliare<\/h1>\n<\/div><\/section><br \/>\n\n<style type=\"text\/css\" data-created_by=\"avia_inline_auto\" id=\"style-css-av-l2sgtr0i-7d783ce11f71ad1d611d63fd2462a3f3\">\n#top .av_textblock_section.av-l2sgtr0i-7d783ce11f71ad1d611d63fd2462a3f3 .avia_textblock{\ncolor:#ffffff;\ntext-align:center;\n}\n<\/style>\n<section  class='av_textblock_section av-l2sgtr0i-7d783ce11f71ad1d611d63fd2462a3f3'  itemscope=\"itemscope\" itemtype=\"https:\/\/schema.org\/CreativeWork\" ><div class='avia_textblock av_inherit_color'  itemprop=\"text\" ><h3 style=\"margin-bottom: 20px;\">Produttore professionale di elettronica di sicurezza per veicoli<\/h3>\n<\/div><\/section><br \/>\n<\/p><\/div>\n<\/div><\/div><\/main><!-- close content main element --><\/div><\/div><\/div><div id='after_section_1'  class='main_color av_default_container_wrap container_wrap sidebar_left'  ><div class='container av-section-cont-open' ><div class='template-page content  av-content-small units'><div class='post-entry post-entry-type-page post-entry-348'><div class='entry-content-wrapper clearfix'>\n<div class='flex_column av-59i05-cc3e90031a9c0698033cabf4ba20ccd4 av_one_full  avia-builder-el-5  el_after_av_section  el_before_av_one_full  avia-builder-el-first  first flex_column_div'   ><style type=\"text\/css\" data-created_by=\"avia_inline_auto\" id=\"style-css-av-18lxil-0fee5068079ef881947562621f70d3df\">\n#top .av_textblock_section.av-18lxil-0fee5068079ef881947562621f70d3df .avia_textblock{\ncolor:#85b61c;\ntext-align:center;\n}\n<\/style>\n<section  class='av_textblock_section av-18lxil-0fee5068079ef881947562621f70d3df'  itemscope=\"itemscope\" itemtype=\"https:\/\/schema.org\/CreativeWork\" ><div class='avia_textblock av_inherit_color'  itemprop=\"text\" ><h3>Pietra miliare<\/h3>\n<\/div><\/section><\/div>\n\n<style type=\"text\/css\" data-created_by=\"avia_inline_auto\" id=\"style-css-av-l2u81g9b-9cdcfa5e97aca6cf78f3b9390f6d46cd\">\n#top .flex_column.av-l2u81g9b-9cdcfa5e97aca6cf78f3b9390f6d46cd{\nmargin-top:0px;\nmargin-bottom:0px;\n}\n.responsive #top #wrap_all .flex_column.av-l2u81g9b-9cdcfa5e97aca6cf78f3b9390f6d46cd{\nmargin-top:0px;\nmargin-bottom:0px;\n}\n<\/style>\n<div class='flex_column av-l2u81g9b-9cdcfa5e97aca6cf78f3b9390f6d46cd av_one_full  avia-builder-el-7  el_after_av_one_full  avia-builder-el-last  first flex_column_div column-top-margin'   ><div  id=\"avia-timeline-1\"  class='avia-timeline-container av-l2u93jns-9059b97ac2d3c2cc53c14b148be4c33b  avia-builder-el-8  avia-builder-el-no-sibling' ><ul class='avia-timeline avia-timeline-vertical av-milestone-placement-alternate avia-timeline-boxshadow avia_animate_when_almost_visible avia-timeline-animate'>\n<li  class='av-milestone av-l2u925j0-471997ebe35da94d3b3bd8528dbbe956 av-animated-generic fade-in av-milestone-valign-baseline av-milestone-odd'><h2 class='av-milestone-date' id='milestone-luview-in-2006'><strong>LUVIEW NEL 2006<span class='av-milestone-indicator'><\/span><\/strong><\/h2><div class=\"av-milestone-icon-wrap\"><span class='av-milestone-icon milestone_icon'><span class='av-milestone-icon-inner milestone_inner'><span class='milestone_number'>1<\/span><\/span><\/span><\/div><article class='av-milestone-content-wrap'><div class='av-milestone-contentbox'><div class='av-milestone-content'><div>\u00b7Luview was founded in 2006<\/div>\n<\/div><\/div><footer class='av-milestone-article-footer entry-footer'><\/footer><\/article><\/li>\n<li  class='av-milestone av-l2u925j0-15-24348a29b86c81f0b4c2d4784008e4b2 av-animated-generic fade-in av-milestone-valign-baseline av-milestone-even'><h2 class='av-milestone-date' id='milestone-luview-in-2007'><strong>LUVIEW NEL 2007<span class='av-milestone-indicator'><\/span><\/strong><\/h2><article class='av-milestone-content-wrap'><div class='av-milestone-contentbox'><div class='av-milestone-content'><p style=\"text-align: left;\">Luview ha sede a Shenzhen, con la missione aziendale di \u201crendere la guida pi\u00f9 sicura\u201d, concentrandosi sul settore dell'elettronica automobilistica.<\/p>\n<\/div><\/div><footer class='av-milestone-article-footer entry-footer'><\/footer><\/article><div class=\"av-milestone-icon-wrap\"><span class='av-milestone-icon milestone_icon'><span class='av-milestone-icon-inner milestone_inner'><span class='milestone_number'>2<\/span><\/span><\/span><\/div><h2 class='av-milestone-date' id='milestone-luview-in-2007'><strong>LUVIEW NEL 2007<span class='av-milestone-indicator'><\/span><\/strong><\/h2><\/li>\n<li  class='av-milestone av-l2u925j0-14-f811b95b1e308bbb2757f32ea830e8c0 av-animated-generic fade-in av-milestone-valign-baseline av-milestone-odd'><h2 class='av-milestone-date' id='milestone-luview-in-2008'><strong>LUVIEW NEL 2008<span class='av-milestone-indicator'><\/span><\/strong><\/h2><div class=\"av-milestone-icon-wrap\"><span class='av-milestone-icon milestone_icon'><span class='av-milestone-icon-inner milestone_inner'><span class='milestone_number'>3<\/span><\/span><\/span><\/div><article class='av-milestone-content-wrap'><div class='av-milestone-contentbox'><div class='av-milestone-content'><p>Con \u201cprofessionalit\u00e0, cooperazione, efficienza, innovazione\u201d come valori e \u201cessere gentili con gli altri e la forza dei leoni\u201d come concetto di sviluppo, il team LUVIEW si \u00e8 gradualmente sviluppato e cresciuto nei due anni della sua fondazione.<\/p>\n<\/div><\/div><footer class='av-milestone-article-footer entry-footer'><\/footer><\/article><\/li>\n<li  class='av-milestone av-l2u925j0-13-bced26b8a3cfd98cf12fc58cc24c037e av-animated-generic fade-in av-milestone-valign-baseline av-milestone-even'><h2 class='av-milestone-date' id='milestone-luview-in-2009'><strong>LUVIEW NEL 2009<span class='av-milestone-indicator'><\/span><\/strong><\/h2><article class='av-milestone-content-wrap'><div class='av-milestone-contentbox'><div class='av-milestone-content'><p style=\"text-align: left;\">Nel 2009 abbiamo sviluppato con successo la dashcam e siamo diventati una delle prime aziende ad entrare in questo settore, gettando cos\u00ec solide basi per lo sviluppo futuro dell'azienda.<\/p>\n<\/div><\/div><footer class='av-milestone-article-footer entry-footer'><\/footer><\/article><div class=\"av-milestone-icon-wrap\"><span class='av-milestone-icon milestone_icon'><span class='av-milestone-icon-inner milestone_inner'><span class='milestone_number'>4<\/span><\/span><\/span><\/div><h2 class='av-milestone-date' id='milestone-luview-in-2009'><strong>LUVIEW NEL 2009<span class='av-milestone-indicator'><\/span><\/strong><\/h2><\/li>\n<li  class='av-milestone av-l2u925j0-12-8e5bb0295f10a4f8d477b493bea07e82 av-animated-generic fade-in av-milestone-valign-baseline av-milestone-odd'><h2 class='av-milestone-date' id='milestone-luview-in-2010'><strong>LUVIEW NEL 2010<span class='av-milestone-indicator'><\/span><\/strong><\/h2><div class=\"av-milestone-icon-wrap\"><span class='av-milestone-icon milestone_icon'><span class='av-milestone-icon-inner milestone_inner'><span class='milestone_number'>5<\/span><\/span><\/span><\/div><article class='av-milestone-content-wrap'><div class='av-milestone-contentbox'><div class='av-milestone-content'><div>\u00b7Obtained ISO9001 certificate in 2010<\/div>\n<\/div><\/div><footer class='av-milestone-article-footer entry-footer'><\/footer><\/article><\/li>\n<li  class='av-milestone av-l2u925j0-11-fae63933ecbac75bac8e0a2c94725370 av-animated-generic fade-in av-milestone-valign-baseline av-milestone-even'><h2 class='av-milestone-date' id='milestone-luview-in-2011'><strong>LUVIEW NEL 2011<span class='av-milestone-indicator'><\/span><\/strong><\/h2><article class='av-milestone-content-wrap'><div class='av-milestone-contentbox'><div class='av-milestone-content'><p style=\"text-align: left;\">Nel 2011, le attivit\u00e0 dell'azienda si sono irradiate in tutto il mondo, raggiungendo sostanzialmente un assetto globale.<\/p>\n<\/div><\/div><footer class='av-milestone-article-footer entry-footer'><\/footer><\/article><div class=\"av-milestone-icon-wrap\"><span class='av-milestone-icon milestone_icon'><span class='av-milestone-icon-inner milestone_inner'><span class='milestone_number'>6<\/span><\/span><\/span><\/div><h2 class='av-milestone-date' id='milestone-luview-in-2011'><strong>LUVIEW NEL 2011<span class='av-milestone-indicator'><\/span><\/strong><\/h2><\/li>\n<li  class='av-milestone av-l2u925j0-10-6c8d1b85947de043b7f8f3cae375e5fe av-animated-generic fade-in av-milestone-valign-baseline av-milestone-odd'><h2 class='av-milestone-date' id='milestone-luview-in-2012'><strong>LUVIEW NEL 2012<span class='av-milestone-indicator'><\/span><\/strong><\/h2><div class=\"av-milestone-icon-wrap\"><span class='av-milestone-icon milestone_icon'><span class='av-milestone-icon-inner milestone_inner'><span class='milestone_number'>7<\/span><\/span><\/span><\/div><article class='av-milestone-content-wrap'><div class='av-milestone-contentbox'><div class='av-milestone-content'><p>Nel 2012, il nostro monitor impermeabile da 7 pollici IP69K \u00e8 stato sviluppato e immesso sul mercato con successo. I prodotti dell'azienda sono stati ulteriormente migliorati e abbiamo accumulato molti clienti fedeli grazie alla qualit\u00e0 dei prodotti testata dal mercato.<\/p>\n<\/div><\/div><footer class='av-milestone-article-footer entry-footer'><\/footer><\/article><\/li>\n<li  class='av-milestone av-l2u925j0-9-fd7db60d84af04873935113d95faef33 av-animated-generic fade-in av-milestone-valign-baseline av-milestone-even'><h2 class='av-milestone-date' id='milestone-luview-in-2013'><strong>LUVIEW NEL 2013<span class='av-milestone-indicator'><\/span><\/strong><\/h2><article class='av-milestone-content-wrap'><div class='av-milestone-contentbox'><div class='av-milestone-content'><p style=\"text-align: left;\">Nel 2013 l'azienda ha introdotto con successo il sistema di gestione ERP e ha adottato la moderna modalit\u00e0 di gestione aziendale per massimizzare i benefici delle risorse e migliorare la gestione e l'efficienza produttiva ottimizzando le risorse aziendali.<\/p>\n<\/div><\/div><footer class='av-milestone-article-footer entry-footer'><\/footer><\/article><div class=\"av-milestone-icon-wrap\"><span class='av-milestone-icon milestone_icon'><span class='av-milestone-icon-inner milestone_inner'><span class='milestone_number'>8<\/span><\/span><\/span><\/div><h2 class='av-milestone-date' id='milestone-luview-in-2013'><strong>LUVIEW NEL 2013<span class='av-milestone-indicator'><\/span><\/strong><\/h2><\/li>\n<li  class='av-milestone av-l2u925j0-8-147e1581e831fa9785dc493f3d6f2f9a av-animated-generic fade-in av-milestone-valign-baseline av-milestone-odd'><h2 class='av-milestone-date' id='milestone-luview-in-2014'><strong>LUVIEW NEL 2014<span class='av-milestone-indicator'><\/span><\/strong><\/h2><div class=\"av-milestone-icon-wrap\"><span class='av-milestone-icon milestone_icon'><span class='av-milestone-icon-inner milestone_inner'><span class='milestone_number'>9<\/span><\/span><\/span><\/div><article class='av-milestone-content-wrap'><div class='av-milestone-contentbox'><div class='av-milestone-content'><div>\u00b7High-tech enterprise and passed<\/div>\n<div>\u00b7IATF16949 system certification<\/div>\n<\/div><\/div><footer class='av-milestone-article-footer entry-footer'><\/footer><\/article><\/li>\n<li  class='av-milestone av-l2u925j0-7-d4ae41b95c5feea1fc0e6fb25fe6b245 av-animated-generic fade-in av-milestone-valign-baseline av-milestone-even'><h2 class='av-milestone-date' id='milestone-luview-in-2015'><strong>LUVIEW NEL 2015<span class='av-milestone-indicator'><\/span><\/strong><\/h2><article class='av-milestone-content-wrap'><div class='av-milestone-contentbox'><div class='av-milestone-content'><p style=\"text-align: left;\">Il registratore di guida per auto speciali e il registratore di guida per uso generale di Luview sono stati ampiamente apprezzati dal mercato nazionale di fascia medio-alta, Luview ha iniziato a distribuirsi sui mercati esteri per soddisfare le esigenze di un maggior numero di utenti.<\/p>\n<\/div><\/div><footer class='av-milestone-article-footer entry-footer'><\/footer><\/article><div class=\"av-milestone-icon-wrap\"><span class='av-milestone-icon milestone_icon'><span class='av-milestone-icon-inner milestone_inner'><span class='milestone_number'>10<\/span><\/span><\/span><\/div><h2 class='av-milestone-date' id='milestone-luview-in-2015'><strong>LUVIEW NEL 2015<span class='av-milestone-indicator'><\/span><\/strong><\/h2><\/li>\n<li  class='av-milestone av-l2u925j0-6-a4ce308d7281095c4534d895db6bd43a av-animated-generic fade-in av-milestone-valign-baseline av-milestone-odd'><h2 class='av-milestone-date' id='milestone-luview-in-2016'><strong>LUVIEW NEL 2016<span class='av-milestone-indicator'><\/span><\/strong><\/h2><div class=\"av-milestone-icon-wrap\"><span class='av-milestone-icon milestone_icon'><span class='av-milestone-icon-inner milestone_inner'><span class='milestone_number'>11<\/span><\/span><\/span><\/div><article class='av-milestone-content-wrap'><div class='av-milestone-contentbox'><div class='av-milestone-content'><p>Nel 2016 ci siamo uniti alla Federazione dei sindacati di Shenzhen e abbiamo fondato il sindacato delle imprese LUVIEW, determinati a servire i lavoratori, le persone e la societ\u00e0. Ci auguriamo che, nel promuovere lo sviluppo delle imprese, si presti attenzione anche alla simbiosi, all'armonia e allo sviluppo sostenibile tra uomo e ambiente.<\/p>\n<\/div><\/div><footer class='av-milestone-article-footer entry-footer'><\/footer><\/article><\/li>\n<li  class='av-milestone av-l2u925j0-5-97afad0faed69b7fea4c77e8a4785b27 av-animated-generic fade-in av-milestone-valign-baseline av-milestone-even'><h2 class='av-milestone-date' id='milestone-luview-in-2017'><strong>LUVIEW NEL 2017<span class='av-milestone-indicator'><\/span><\/strong><\/h2><article class='av-milestone-content-wrap'><div class='av-milestone-contentbox'><div class='av-milestone-content'><div style=\"text-align: left;\">\u00b7High-tech enterprise and passed<\/div>\n<div style=\"text-align: left;\">\u00b7IATF16949 system certification<\/div>\n<\/div><\/div><footer class='av-milestone-article-footer entry-footer'><\/footer><\/article><div class=\"av-milestone-icon-wrap\"><span class='av-milestone-icon milestone_icon'><span class='av-milestone-icon-inner milestone_inner'><span class='milestone_number'>12<\/span><\/span><\/span><\/div><h2 class='av-milestone-date' id='milestone-luview-in-2017'><strong>LUVIEW NEL 2017<span class='av-milestone-indicator'><\/span><\/strong><\/h2><\/li>\n<li  class='av-milestone av-l2u925j0-4-ae482b877816173d0081500120063c05 av-animated-generic fade-in av-milestone-valign-baseline av-milestone-odd'><h2 class='av-milestone-date' id='milestone-luview-in-2018'><strong>LUVIEW NEL 2018<span class='av-milestone-indicator'><\/span><\/strong><\/h2><div class=\"av-milestone-icon-wrap\"><span class='av-milestone-icon milestone_icon'><span class='av-milestone-icon-inner milestone_inner'><span class='milestone_number'>13<\/span><\/span><\/span><\/div><article class='av-milestone-content-wrap'><div class='av-milestone-contentbox'><div class='av-milestone-content'><p>Nel 2018, grazie ad anni di esperienza nel settore e ad una catena di fornitura di prodotti di alta qualit\u00e0, LUVIEW ha conquistato la reputazione in campo internazionale ed \u00e8 apparsa con successo a Shenzhen Jiuzhou Electronics.<\/p>\n<\/div><\/div><footer class='av-milestone-article-footer entry-footer'><\/footer><\/article><\/li>\n<li  class='av-milestone av-l2u925j0-3-0d6f98879819a8def0e9aaa84d4473fa av-animated-generic fade-in av-milestone-valign-baseline av-milestone-even'><h2 class='av-milestone-date' id='milestone-luview-in-2019'><strong>LUVIEW NEL 2019<span class='av-milestone-indicator'><\/span><\/strong><\/h2><article class='av-milestone-content-wrap'><div class='av-milestone-contentbox'><div class='av-milestone-content'><p style=\"text-align: left;\">Nel 2019, la nostra telecamera da cruscotto 4G e la telecamera da cruscotto per motocicli sono state sviluppate con successo e i nostri dipendenti hanno superato le 200 unit\u00e0. Per costruire un team aziendale pi\u00f9 coeso e servire meglio i clienti, abbiamo organizzato tutti i colleghi dell'azienda per svolgere attivit\u00e0 di gruppo all'aperto.<\/p>\n<\/div><\/div><footer class='av-milestone-article-footer entry-footer'><\/footer><\/article><div class=\"av-milestone-icon-wrap\"><span class='av-milestone-icon milestone_icon'><span class='av-milestone-icon-inner milestone_inner'><span class='milestone_number'>14<\/span><\/span><\/span><\/div><h2 class='av-milestone-date' id='milestone-luview-in-2019'><strong>LUVIEW NEL 2019<span class='av-milestone-indicator'><\/span><\/strong><\/h2><\/li>\n<li  class='av-milestone av-l2u925j0-2-1c0a205c3d43d5887f3c51888707faa8 av-animated-generic fade-in av-milestone-valign-baseline av-milestone-odd'><h2 class='av-milestone-date' id='milestone-luview-in-2020'><strong>LUVIEW NEL 2020<span class='av-milestone-indicator'><\/span><\/strong><\/h2><div class=\"av-milestone-icon-wrap\"><span class='av-milestone-icon milestone_icon'><span class='av-milestone-icon-inner milestone_inner'><span class='milestone_number'>15<\/span><\/span><\/span><\/div><article class='av-milestone-content-wrap'><div class='av-milestone-contentbox'><div class='av-milestone-content'><div>\u00b7Factory relocation to expand production capacity<\/div>\n<div>\u00b7200 employees<\/div>\n<\/div><\/div><footer class='av-milestone-article-footer entry-footer'><\/footer><\/article><\/li>\n<li  class='av-milestone av-l2u925j0-1-00b10d2187ed443408d982bccd815336 av-animated-generic fade-in av-milestone-valign-baseline av-milestone-even'><h2 class='av-milestone-date' id='milestone-luview-in-2021'><strong>LUVIEW NEL 2021<span class='av-milestone-indicator'><\/span><\/strong><\/h2><article class='av-milestone-content-wrap'><div class='av-milestone-contentbox'><div class='av-milestone-content'><p style=\"text-align: left;\">Luview si \u00e8 trasferita nel Parco Industriale di Liwei, su un'area di oltre 16.000 metri quadrati.<\/p>\n<\/div><\/div><footer class='av-milestone-article-footer entry-footer'><\/footer><\/article><div class=\"av-milestone-icon-wrap\"><span class='av-milestone-icon milestone_icon'><span class='av-milestone-icon-inner milestone_inner'><span class='milestone_number'>16<\/span><\/span><\/span><\/div><h2 class='av-milestone-date' id='milestone-luview-in-2021'><strong>LUVIEW NEL 2021<span class='av-milestone-indicator'><\/span><\/strong><\/h2><\/li>\n<li  class='av-milestone av-l2u925j0-1-1-903ba7f6ccadff3dd9f33418c4926297 av-animated-generic fade-in av-milestone-valign-baseline av-milestone-odd'><h2 class='av-milestone-date' id='milestone-luview-in-2023'><strong>LUVIEW NEL 2023<span class='av-milestone-indicator'><\/span><\/strong><\/h2><div class=\"av-milestone-icon-wrap\"><span class='av-milestone-icon milestone_icon'><span class='av-milestone-icon-inner milestone_inner'><span class='milestone_number'>17<\/span><\/span><\/span><\/div><article class='av-milestone-content-wrap'><div class='av-milestone-contentbox'><div class='av-milestone-content'><div>\u00b7Establishment of a dedicatedin-house Al algorithm team<\/div>\n<\/div><\/div><footer class='av-milestone-article-footer entry-footer'><\/footer><\/article><\/li>\n<li  class='av-milestone av-l2u925j0-1-1-1-a3b3fed44091dee80bac98b770e5fbd8 av-animated-generic fade-in av-milestone-valign-baseline av-milestone-even'><h2 class='av-milestone-date' id='milestone-luview-in-2025'><strong>LUVIGAZIONE NEL 2025<span class='av-milestone-indicator'><\/span><\/strong><\/h2><article class='av-milestone-content-wrap'><div class='av-milestone-contentbox'><div class='av-milestone-content'><div style=\"text-align: left;\">\u00b7Malaysia factory in production<\/div>\n<\/div><\/div><footer class='av-milestone-article-footer entry-footer'><\/footer><\/article><div class=\"av-milestone-icon-wrap\"><span class='av-milestone-icon milestone_icon'><span class='av-milestone-icon-inner milestone_inner'><span class='milestone_number'>18<\/span><\/span><\/span><\/div><h2 class='av-milestone-date' id='milestone-luview-in-2025'><strong>LUVIGAZIONE NEL 2025<span class='av-milestone-indicator'><\/span><\/strong><\/h2><\/li>\n<li  class='av-milestone av-l2u925j0-1-1-1-1-f3f592f7fa398f5a3b1018c30c5fbf49 av-animated-generic fade-in av-milestone-valign-baseline av-milestone-odd'><h2 class='av-milestone-date' id='milestone-luview-in-2026'><strong>LUVIEW NEL 2026<span class='av-milestone-indicator'><\/span><\/strong><\/h2><div class=\"av-milestone-icon-wrap\"><span class='av-milestone-icon milestone_icon'><span class='av-milestone-icon-inner milestone_inner'><span class='milestone_number'>19<\/span><\/span><\/span><\/div><article class='av-milestone-content-wrap'><div class='av-milestone-contentbox'><div class='av-milestone-content'><div>\u00b7Luview&#8217;s 20th anniversary<\/div>\n<\/div><\/div><footer class='av-milestone-article-footer entry-footer'><\/footer><\/article><\/li>\n<\/ul><\/div><\/div>","protected":false},"excerpt":{"rendered":"","protected":false},"author":1,"featured_media":0,"parent":152,"menu_order":0,"comment_status":"closed","ping_status":"closed","template":"","meta":{"_monsterinsights_skip_tracking":false,"_monsterinsights_sitenote_active":false,"_monsterinsights_sitenote_note":"","_monsterinsights_sitenote_category":0,"footnotes":""},"class_list":["post-348","page","type-page","status-publish","hentry"],"_links":{"self":[{"href":"https:\/\/luview.com\/it\/wp-json\/wp\/v2\/pages\/348","targetHints":{"allow":["GET"]}}],"collection":[{"href":"https:\/\/luview.com\/it\/wp-json\/wp\/v2\/pages"}],"about":[{"href":"https:\/\/luview.com\/it\/wp-json\/wp\/v2\/types\/page"}],"author":[{"embeddable":true,"href":"https:\/\/luview.com\/it\/wp-json\/wp\/v2\/users\/1"}],"replies":[{"embeddable":true,"href":"https:\/\/luview.com\/it\/wp-json\/wp\/v2\/comments?post=348"}],"version-history":[{"count":5,"href":"https:\/\/luview.com\/it\/wp-json\/wp\/v2\/pages\/348\/revisions"}],"predecessor-version":[{"id":45113,"href":"https:\/\/luview.com\/it\/wp-json\/wp\/v2\/pages\/348\/revisions\/45113"}],"up":[{"embeddable":true,"href":"https:\/\/luview.com\/it\/wp-json\/wp\/v2\/pages\/152"}],"wp:attachment":[{"href":"https:\/\/luview.com\/it\/wp-json\/wp\/v2\/media?parent=348"}],"curies":[{"name":"wp","href":"https:\/\/api.w.org\/{rel}","templated":true}]}}