{"id":365,"date":"2022-05-06T18:43:22","date_gmt":"2022-05-06T18:43:22","guid":{"rendered":"https:\/\/luview.com\/?page_id=365"},"modified":"2026-01-07T09:23:41","modified_gmt":"2026-01-07T09:23:41","slug":"concetto-di-talento","status":"publish","type":"page","link":"https:\/\/luview.com\/it\/about-us\/talent-concept\/","title":{"rendered":"Concetto di talento"},"content":{"rendered":"<style type=\"text\/css\" data-created_by=\"avia_inline_auto\" id=\"style-css-av-18z5gw-80867b087a1e5d2535a21a4a09287ecb\">\n.avia-section.av-18z5gw-80867b087a1e5d2535a21a4a09287ecb{\nbackground-repeat:no-repeat;\nbackground-image:url(https:\/\/luview.com\/wp-content\/uploads\/2022\/05\/Talent_Concept.jpg);\nbackground-position:50% 50%;\nbackground-attachment:scroll;\n}\n.avia-section.av-18z5gw-80867b087a1e5d2535a21a4a09287ecb .av-section-color-overlay{\nopacity:0.8;\nbackground-color:#222222;\n}\n<\/style>\n<div id='av_section_1'  class='avia-section av-18z5gw-80867b087a1e5d2535a21a4a09287ecb main_color avia-section-default avia-no-border-styling  avia-builder-el-0  el_before_av_one_full  avia-builder-el-first  titlebarbox avia-bg-style-scroll av-section-color-overlay-active container_wrap sidebar_left'  data-section-bg-repeat='no-repeat'><div class=\"av-section-color-overlay-wrap\"><div class=\"av-section-color-overlay\"><\/div><div class='container av-section-cont-open' ><main  role=\"main\" itemprop=\"mainContentOfPage\"  class='template-page content  av-content-small units'><div class='post-entry post-entry-type-page post-entry-365'><div class='entry-content-wrapper clearfix'>\n\n<style type=\"text\/css\" data-created_by=\"avia_inline_auto\" id=\"style-css-av-1521zs-f76749d04838b68ec1c420eb2583ac0b\">\n.flex_column.av-1521zs-f76749d04838b68ec1c420eb2583ac0b{\npadding:10% 0 10% 0;\n}\n<\/style>\n<div class='flex_column av-1521zs-f76749d04838b68ec1c420eb2583ac0b av_one_full  avia-builder-el-1  avia-builder-el-no-sibling  first flex_column_div'   ><style type=\"text\/css\" data-created_by=\"avia_inline_auto\" id=\"style-css-av-l2sgt1ph-700bbb6893565c08fc2e803faf810ebc\">\n#top .av_textblock_section.av-l2sgt1ph-700bbb6893565c08fc2e803faf810ebc .avia_textblock{\ncolor:#ffffff;\ntext-align:center;\n}\n<\/style>\n<section  class='av_textblock_section av-l2sgt1ph-700bbb6893565c08fc2e803faf810ebc'  itemscope=\"itemscope\" itemtype=\"https:\/\/schema.org\/CreativeWork\" ><div class='avia_textblock av_inherit_color'  itemprop=\"text\" ><h1>Concetto di talento<\/h1>\n<\/div><\/section><br \/>\n\n<style type=\"text\/css\" data-created_by=\"avia_inline_auto\" id=\"style-css-av-l2sgtr0i-7d783ce11f71ad1d611d63fd2462a3f3\">\n#top .av_textblock_section.av-l2sgtr0i-7d783ce11f71ad1d611d63fd2462a3f3 .avia_textblock{\ncolor:#ffffff;\ntext-align:center;\n}\n<\/style>\n<section  class='av_textblock_section av-l2sgtr0i-7d783ce11f71ad1d611d63fd2462a3f3'  itemscope=\"itemscope\" itemtype=\"https:\/\/schema.org\/CreativeWork\" ><div class='avia_textblock av_inherit_color'  itemprop=\"text\" ><h3 style=\"margin-bottom: 20px;\">Produttore professionale di elettronica di sicurezza per veicoli<\/h3>\n<\/div><\/section><br \/>\n<\/p><\/div>\n<\/div><\/div><\/main><!-- close content main element --><\/div><\/div><\/div><div id='after_section_1'  class='main_color av_default_container_wrap container_wrap sidebar_left'  ><div class='container av-section-cont-open' ><div class='template-page content  av-content-small units'><div class='post-entry post-entry-type-page post-entry-365'><div class='entry-content-wrapper clearfix'>\n<div class='flex_column av-59i05-cc3e90031a9c0698033cabf4ba20ccd4 av_one_full  avia-builder-el-5  el_after_av_section  el_before_av_one_full  avia-builder-el-first  first flex_column_div'   ><style type=\"text\/css\" data-created_by=\"avia_inline_auto\" id=\"style-css-av-18lxil-c62731705958e65422ab23543ad824b4\">\n#top .av_textblock_section.av-18lxil-c62731705958e65422ab23543ad824b4 .avia_textblock{\ncolor:#85b61c;\n}\n<\/style>\n<section  class='av_textblock_section av-18lxil-c62731705958e65422ab23543ad824b4'  itemscope=\"itemscope\" itemtype=\"https:\/\/schema.org\/CreativeWork\" ><div class='avia_textblock av_inherit_color'  itemprop=\"text\" ><h3>Concetto di talento LUVIEW<\/h3>\n<\/div><\/section><\/div>\n\n<style type=\"text\/css\" data-created_by=\"avia_inline_auto\" id=\"style-css-av-l2u81g9b-7150e202c18e5266f51484820fd9b855\">\n#top .flex_column.av-l2u81g9b-7150e202c18e5266f51484820fd9b855{\nmargin-top:0px;\nmargin-bottom:20px;\n}\n.responsive #top #wrap_all .flex_column.av-l2u81g9b-7150e202c18e5266f51484820fd9b855{\nmargin-top:0px;\nmargin-bottom:20px;\n}\n<\/style>\n<div class='flex_column av-l2u81g9b-7150e202c18e5266f51484820fd9b855 av_one_full  avia-builder-el-7  el_after_av_one_full  el_before_av_one_half  first flex_column_div column-top-margin'   ><section  class='av_textblock_section av-l2usfclr-2c55607af1831f09c1ea7fe3849f1dae'  itemscope=\"itemscope\" itemtype=\"https:\/\/schema.org\/CreativeWork\" ><div class='avia_textblock'  itemprop=\"text\" ><p style=\"text-align: justify; text-justify: inter-ideograph;\">I talenti eccellenti sono la base per raggiungere gli obiettivi strategici di un'impresa e la forza trainante per il suo sviluppo sostenibile. Lo standard occupazionale sostenuto da LUVIEW \u00e8 quello di avere sia l'integrit\u00e0 politica che il talento, di mettere la virt\u00f9 al primo posto, di selezionare talenti eccellenti, di utilizzare con coraggio e di sfruttare appieno il ruolo dei talenti. Fornendo una variet\u00e0 di piattaforme per mostrare i talenti di ciascun dipendente; svolgendo tutti i tipi di attivit\u00e0 fisiche e mentali benefiche, sfruttando appieno le capacit\u00e0 di ciascun dipendente in modo ragionevole e realizzando realmente il valore personale e mettendo in evidenza le capacit\u00e0.<\/p>\n<\/div><\/section><\/div>\n<div class='flex_column_table av-l2usizjh-5b83700b315486e7b38f6dcbdba5dec0 sc-av_one_half av-equal-height-column-flextable'>\n<style type=\"text\/css\" data-created_by=\"avia_inline_auto\" id=\"style-css-av-l2usizjh-5b83700b315486e7b38f6dcbdba5dec0\">\n#top .flex_column_table.av-equal-height-column-flextable.av-l2usizjh-5b83700b315486e7b38f6dcbdba5dec0{\nmargin-top:0px;\nmargin-bottom:0px;\n}\n<\/style>\n<div class='flex_column av-l2usizjh-5b83700b315486e7b38f6dcbdba5dec0 av_one_half  avia-builder-el-9  el_after_av_one_full  el_before_av_one_half  first flex_column_table_cell av-equal-height-column av-align-middle column-top-margin'   ><section  class='av_textblock_section av-l2ushjix-36a0d4351a9c6aa0aee96f64a008e035'  itemscope=\"itemscope\" itemtype=\"https:\/\/schema.org\/CreativeWork\" ><div class='avia_textblock'  itemprop=\"text\" ><p><strong>Mettere la virt\u00f9 al primo posto ed essere allo stesso tempo virtuosi e capaci<\/strong><\/p>\n<p style=\"text-align: justify; text-justify: inter-ideograph;\">LUVIEW \u00e8 un'impresa high-tech di Shenzhen, che ha superato la certificazione ISO\/TS16949. Abbiamo 20 anni di sviluppo, progettazione, gestione della qualit\u00e0 e capacit\u00e0 di produzione nel campo dell'elettronica automobilistica, il che garantisce che l'azienda possa soddisfare le esigenze diversificate dei proprietari di automobili e fornire ai clienti buoni prodotti e servizi.<\/p>\n<\/div><\/section><\/div><div class='av-flex-placeholder'><\/div>\n<style type=\"text\/css\" data-created_by=\"avia_inline_auto\" id=\"style-css-av-juen9-d723f6cfbc9b54571d6da18c0664ec6f\">\n#top .flex_column_table.av-equal-height-column-flextable.av-juen9-d723f6cfbc9b54571d6da18c0664ec6f{\nmargin-top:0px;\nmargin-bottom:0px;\n}\n<\/style>\n<div class='flex_column av-juen9-d723f6cfbc9b54571d6da18c0664ec6f av_one_half  avia-builder-el-11  el_after_av_one_half  el_before_av_one_half  flex_column_table_cell av-equal-height-column av-align-middle column-top-margin'   ><style type=\"text\/css\" data-created_by=\"avia_inline_auto\" id=\"style-css-av-l2usik90-0e75e170de611e254f02703d250e912c\">\n.avia-image-container.av-l2usik90-0e75e170de611e254f02703d250e912c .av-image-caption-overlay-center{\ncolor:#ffffff;\n}\n<\/style>\n<div  class='avia-image-container av-l2usik90-0e75e170de611e254f02703d250e912c av-styling- avia-align-center  avia-builder-el-12  avia-builder-el-no-sibling'  itemprop=\"image\" itemscope=\"itemscope\" itemtype=\"https:\/\/schema.org\/ImageObject\" ><div class=\"avia-image-container-inner\"><div class=\"avia-image-overlay-wrap\"><img decoding=\"async\" class='wp-image-372 avia-img-lazy-loading-not-372 avia_image lazyload' data-src=\"https:\/\/luview.com\/wp-content\/uploads\/2022\/05\/Talent-Concept1.jpg\"  title='Talento-Concetto1'  height=\"314\" width=\"437\"  itemprop=\"thumbnailUrl\" data-srcset=\"https:\/\/luview.com\/wp-content\/uploads\/2022\/05\/Talent-Concept1.jpg 437w, https:\/\/luview.com\/wp-content\/uploads\/2022\/05\/Talent-Concept1-300x216.jpg 300w\" data-sizes=\"(max-width: 437px) 100vw, 437px\" alt=\"Talent Concept\u63d2\u56fe\" src=\"data:image\/svg+xml;base64,PHN2ZyB3aWR0aD0iMSIgaGVpZ2h0PSIxIiB4bWxucz0iaHR0cDovL3d3dy53My5vcmcvMjAwMC9zdmciPjwvc3ZnPg==\" style=\"--smush-placeholder-width: 437px; --smush-placeholder-aspect-ratio: 437\/314;\" \/><\/div><\/div><\/div><\/div><\/div><!--close column table wrapper. Autoclose: 1 --><\/p>\n<div class='flex_column_table av-l2uskh8l-7bc4c46e29dede0a2b11177ce52b9893 sc-av_one_half av-equal-height-column-flextable'>\n<style type=\"text\/css\" data-created_by=\"avia_inline_auto\" id=\"style-css-av-l2uskh8l-7bc4c46e29dede0a2b11177ce52b9893\">\n#top .flex_column_table.av-equal-height-column-flextable.av-l2uskh8l-7bc4c46e29dede0a2b11177ce52b9893{\nmargin-top:0px;\nmargin-bottom:0px;\n}\n<\/style>\n<div class='flex_column av-l2uskh8l-7bc4c46e29dede0a2b11177ce52b9893 av_one_half  avia-builder-el-13  el_after_av_one_half  el_before_av_one_half  first flex_column_table_cell av-equal-height-column av-align-middle column-top-margin'   ><style type=\"text\/css\" data-created_by=\"avia_inline_auto\" id=\"style-css-av-l2uskstw-78bbb541d61dc7e5be6f15972596f9c0\">\n.avia-image-container.av-l2uskstw-78bbb541d61dc7e5be6f15972596f9c0 .av-image-caption-overlay-center{\ncolor:#ffffff;\n}\n<\/style>\n<div  class='avia-image-container av-l2uskstw-78bbb541d61dc7e5be6f15972596f9c0 av-styling- avia-align-center  avia-builder-el-14  avia-builder-el-no-sibling'  itemprop=\"image\" itemscope=\"itemscope\" itemtype=\"https:\/\/schema.org\/ImageObject\" ><div class=\"avia-image-container-inner\"><div class=\"avia-image-overlay-wrap\"><img decoding=\"async\" class='wp-image-378 avia-img-lazy-loading-not-378 avia_image lazyload' data-src=\"https:\/\/luview.com\/wp-content\/uploads\/2022\/05\/Talent-Concept2.jpg\"  title='Talento-Concept2'  height=\"314\" width=\"437\"  itemprop=\"thumbnailUrl\" data-srcset=\"https:\/\/luview.com\/wp-content\/uploads\/2022\/05\/Talent-Concept2.jpg 437w, https:\/\/luview.com\/wp-content\/uploads\/2022\/05\/Talent-Concept2-300x216.jpg 300w\" data-sizes=\"(max-width: 437px) 100vw, 437px\" alt=\"Talent Concept\u63d2\u56fe1\" src=\"data:image\/svg+xml;base64,PHN2ZyB3aWR0aD0iMSIgaGVpZ2h0PSIxIiB4bWxucz0iaHR0cDovL3d3dy53My5vcmcvMjAwMC9zdmciPjwvc3ZnPg==\" style=\"--smush-placeholder-width: 437px; --smush-placeholder-aspect-ratio: 437\/314;\" \/><\/div><\/div><\/div><\/div>\n<div class='av-flex-placeholder'><\/div>\n<style type=\"text\/css\" data-created_by=\"avia_inline_auto\" id=\"style-css-av-hrsot-ede235c2c8411f45df1a109ec393e351\">\n#top .flex_column_table.av-equal-height-column-flextable.av-hrsot-ede235c2c8411f45df1a109ec393e351{\nmargin-top:0px;\nmargin-bottom:0px;\n}\n<\/style>\n<div class='flex_column av-hrsot-ede235c2c8411f45df1a109ec393e351 av_one_half  avia-builder-el-15  el_after_av_one_half  el_before_av_one_half  flex_column_table_cell av-equal-height-column av-align-middle column-top-margin'   ><section  class='av_textblock_section av-l2uslh4i-145a849de9c62391ce1d53c68c8a8f00'  itemscope=\"itemscope\" itemtype=\"https:\/\/schema.org\/CreativeWork\" ><div class='avia_textblock'  itemprop=\"text\" ><p><strong>Le persone sfruttano al meglio i loro talenti<br \/>\n<\/strong><\/p>\n<p style=\"text-align: justify; text-justify: inter-ideograph;\">In LUVIEW, ogni dipendente pu\u00f2 mettere a frutto i propri talenti e le proprie capacit\u00e0, in modo da sfruttare i propri punti di forza ed evitare le debolezze, e la persona giusta pu\u00f2 fare la cosa giusta. L'azienda chiarisce le responsabilit\u00e0 di ogni posizione, la selezione e la nomina scientifica, la capacit\u00e0 della persona e la tecnologia specializzata si adattano alla posizione, porta avanti l'adeguamento della posizione in base ai cambiamenti effettivi.<\/p>\n<\/div><\/section><\/div><\/div><!--close column table wrapper. Autoclose: 1 -->\n<div class='flex_column_table av-l2usm0kt-3b4cf32c0dfbd60848c3c952e41fda58 sc-av_one_half av-equal-height-column-flextable'>\n<style type=\"text\/css\" data-created_by=\"avia_inline_auto\" id=\"style-css-av-l2usm0kt-3b4cf32c0dfbd60848c3c952e41fda58\">\n#top .flex_column_table.av-equal-height-column-flextable.av-l2usm0kt-3b4cf32c0dfbd60848c3c952e41fda58{\nmargin-top:0px;\nmargin-bottom:0px;\n}\n<\/style>\n<div class='flex_column av-l2usm0kt-3b4cf32c0dfbd60848c3c952e41fda58 av_one_half  avia-builder-el-17  el_after_av_one_half  el_before_av_one_half  first flex_column_table_cell av-equal-height-column av-align-middle column-top-margin'   ><section  class='av_textblock_section av-l2usmjpc-0d9cbe7ef18a6f415cb38467a761303e'  itemscope=\"itemscope\" itemtype=\"https:\/\/schema.org\/CreativeWork\" ><div class='avia_textblock'  itemprop=\"text\" ><p><strong>Scegliere i punti di forza delle persone e tollerare le differenze.<\/strong><\/p>\n<p style=\"text-align: justify; text-justify: inter-ideograph;\">Tutti i fiumi sfociano nel mare. Quanto pi\u00f9 grandi sono la mente e lo schema di una persona, tanto pi\u00f9 grandi saranno i suoi risultati. Tutti hanno punti positivi e punti negativi. Se si \u00e8 bravi a fare qualcosa, si deve avere qualcosa di corto. Le foreste fioriscono grazie alla diversit\u00e0 della vita, e lo sviluppo della carriera dipende da una variet\u00e0 di talenti. Crediamo che mettendo insieme la saggezza di ognuno, il team possa essere pi\u00f9 combattivo e l'impresa pi\u00f9 prospera.<\/p>\n<\/div><\/section><\/div>\n<div class='av-flex-placeholder'><\/div>\n<style type=\"text\/css\" data-created_by=\"avia_inline_auto\" id=\"style-css-av-85tfx-65353a521752f43ed81898a9f765c4e9\">\n#top .flex_column_table.av-equal-height-column-flextable.av-85tfx-65353a521752f43ed81898a9f765c4e9{\nmargin-top:0px;\nmargin-bottom:0px;\n}\n<\/style>\n<div class='flex_column av-85tfx-65353a521752f43ed81898a9f765c4e9 av_one_half  avia-builder-el-19  el_after_av_one_half  avia-builder-el-last  flex_column_table_cell av-equal-height-column av-align-middle column-top-margin'   ><style type=\"text\/css\" data-created_by=\"avia_inline_auto\" id=\"style-css-av-l2usmsbv-28fcd2226a327d01c0dfe51e36145b5c\">\n.avia-image-container.av-l2usmsbv-28fcd2226a327d01c0dfe51e36145b5c .av-image-caption-overlay-center{\ncolor:#ffffff;\n}\n<\/style>\n<div  class='avia-image-container av-l2usmsbv-28fcd2226a327d01c0dfe51e36145b5c av-styling- avia-align-center  avia-builder-el-20  avia-builder-el-no-sibling'  itemprop=\"image\" itemscope=\"itemscope\" itemtype=\"https:\/\/schema.org\/ImageObject\" ><div class=\"avia-image-container-inner\"><div class=\"avia-image-overlay-wrap\"><img decoding=\"async\" class='wp-image-379 avia-img-lazy-loading-not-379 avia_image lazyload' data-src=\"https:\/\/luview.com\/wp-content\/uploads\/2022\/05\/Talent-Concept3.jpg\"  title='Talento-Concept3'  height=\"314\" width=\"437\"  itemprop=\"thumbnailUrl\" data-srcset=\"https:\/\/luview.com\/wp-content\/uploads\/2022\/05\/Talent-Concept3.jpg 437w, https:\/\/luview.com\/wp-content\/uploads\/2022\/05\/Talent-Concept3-300x216.jpg 300w\" data-sizes=\"(max-width: 437px) 100vw, 437px\" alt=\"Talent Concept\u63d2\u56fe2\" src=\"data:image\/svg+xml;base64,PHN2ZyB3aWR0aD0iMSIgaGVpZ2h0PSIxIiB4bWxucz0iaHR0cDovL3d3dy53My5vcmcvMjAwMC9zdmciPjwvc3ZnPg==\" style=\"--smush-placeholder-width: 437px; --smush-placeholder-aspect-ratio: 437\/314;\" \/><\/div><\/div><\/div><\/div><\/div><!--close column table wrapper. Autoclose: 1 -->","protected":false},"excerpt":{"rendered":"","protected":false},"author":1,"featured_media":0,"parent":152,"menu_order":0,"comment_status":"closed","ping_status":"closed","template":"","meta":{"_monsterinsights_skip_tracking":false,"_monsterinsights_sitenote_active":false,"_monsterinsights_sitenote_note":"","_monsterinsights_sitenote_category":0,"footnotes":""},"class_list":["post-365","page","type-page","status-publish","hentry"],"_links":{"self":[{"href":"https:\/\/luview.com\/it\/wp-json\/wp\/v2\/pages\/365","targetHints":{"allow":["GET"]}}],"collection":[{"href":"https:\/\/luview.com\/it\/wp-json\/wp\/v2\/pages"}],"about":[{"href":"https:\/\/luview.com\/it\/wp-json\/wp\/v2\/types\/page"}],"author":[{"embeddable":true,"href":"https:\/\/luview.com\/it\/wp-json\/wp\/v2\/users\/1"}],"replies":[{"embeddable":true,"href":"https:\/\/luview.com\/it\/wp-json\/wp\/v2\/comments?post=365"}],"version-history":[{"count":2,"href":"https:\/\/luview.com\/it\/wp-json\/wp\/v2\/pages\/365\/revisions"}],"predecessor-version":[{"id":43755,"href":"https:\/\/luview.com\/it\/wp-json\/wp\/v2\/pages\/365\/revisions\/43755"}],"up":[{"embeddable":true,"href":"https:\/\/luview.com\/it\/wp-json\/wp\/v2\/pages\/152"}],"wp:attachment":[{"href":"https:\/\/luview.com\/it\/wp-json\/wp\/v2\/media?parent=365"}],"curies":[{"name":"wp","href":"https:\/\/api.w.org\/{rel}","templated":true}]}}