{"id":631,"date":"2022-05-23T07:58:39","date_gmt":"2022-05-23T07:58:39","guid":{"rendered":"https:\/\/luview.com\/?page_id=631"},"modified":"2026-03-10T02:44:22","modified_gmt":"2026-03-10T02:44:22","slug":"telecamere-per-targhe-automobilistiche","status":"publish","type":"page","link":"https:\/\/luview.com\/it\/products\/cameras\/license-plate-cameras\/","title":{"rendered":"Telecamere per targhe automobilistiche"},"content":{"rendered":"<style type=\"text\/css\" data-created_by=\"avia_inline_auto\" id=\"style-css-av-l2y9d09l-37c459b1fe29d7efeee039a33e01dd4f\">\n.avia-section.av-l2y9d09l-37c459b1fe29d7efeee039a33e01dd4f{\nbackground-repeat:no-repeat;\nbackground-image:url(https:\/\/luview.com\/wp-content\/uploads\/2024\/11\/1111.jpg);\nbackground-position:50% 50%;\nbackground-attachment:scroll;\n}\n.avia-section.av-l2y9d09l-37c459b1fe29d7efeee039a33e01dd4f .av-section-color-overlay{\nopacity:0.8;\nbackground-color:#222222;\n}\n<\/style>\n<div id='av_section_1'  class='avia-section av-l2y9d09l-37c459b1fe29d7efeee039a33e01dd4f main_color avia-section-default avia-no-border-styling  avia-builder-el-0  el_before_av_one_full  avia-builder-el-first  titlebarbox avia-full-stretch avia-bg-style-scroll av-section-color-overlay-active container_wrap sidebar_left'  data-section-bg-repeat='stretch'><div class=\"av-section-color-overlay-wrap\"><div class=\"av-section-color-overlay\"><\/div><div class='container av-section-cont-open' ><main  role=\"main\" itemprop=\"mainContentOfPage\"  class='template-page content  av-content-small units'><div class='post-entry post-entry-type-page post-entry-631'><div class='entry-content-wrapper clearfix'>\n\n<style type=\"text\/css\" data-created_by=\"avia_inline_auto\" id=\"style-css-av-ro2v-a87e36abb91cc5e18f3d0098b40720d3\">\n.flex_column.av-ro2v-a87e36abb91cc5e18f3d0098b40720d3{\npadding:10% 0 10% 0;\n}\n<\/style>\n<div class='flex_column av-ro2v-a87e36abb91cc5e18f3d0098b40720d3 av_one_full  avia-builder-el-1  avia-builder-el-no-sibling  first flex_column_div'   ><style type=\"text\/css\" data-created_by=\"avia_inline_auto\" id=\"style-css-av-l2y9au29-bf07c75c092d3a9f62676db415f615f7\">\n#top .av_textblock_section.av-l2y9au29-bf07c75c092d3a9f62676db415f615f7 .avia_textblock{\ncolor:#ffffff;\ntext-align:center;\n}\n<\/style>\n<section  class='av_textblock_section av-l2y9au29-bf07c75c092d3a9f62676db415f615f7'  itemscope=\"itemscope\" itemtype=\"https:\/\/schema.org\/CreativeWork\" ><div class='avia_textblock av_inherit_color'  itemprop=\"text\" ><h1>Telecamere per targhe automobilistiche<\/h1>\n<\/div><\/section><br \/>\n<\/p><\/div>\n<\/div><\/div><\/main><!-- close content main element --><\/div><\/div><\/div><div id='after_section_1'  class='main_color av_default_container_wrap container_wrap sidebar_left'  ><div class='container av-section-cont-open' ><div class='template-page content  av-content-small units'><div class='post-entry post-entry-type-page post-entry-631'><div class='entry-content-wrapper clearfix'>\n<div class='flex_column av-6hmib-0f7b6fcf00f9273a80dfc45f533798fb av_one_full  avia-builder-el-4  el_after_av_section  el_before_av_one_full  avia-builder-el-first  first flex_column_div'   ><section  class='av_textblock_section av-l2y9squj-e76031f6dac70c55a963b220d7b8ed83'  itemscope=\"itemscope\" itemtype=\"https:\/\/schema.org\/CreativeWork\" ><div class='avia_textblock'  itemprop=\"text\" ><h3 style=\"font-weight: bold;\">Tutte le telecamere per targhe automobilistiche<\/h3>\n<\/div><\/section><br \/>\n<section  class='av_textblock_section av-l2y9tm1e-80c30be322df05d44e75397a617f5c97'  itemscope=\"itemscope\" itemtype=\"https:\/\/schema.org\/CreativeWork\" ><div class='avia_textblock'  itemprop=\"text\" ><p>Installing one of our\u00a0license plate camera\u00a0in your vehicle improves the driver&#8217;s visibility\u00a0exponentially! With\u00a0options including\u00a0multiple views around the vehicle, night vision, waterproof durability, and 150-170\u00b0\u00a0field of vision, Luview manufacture high quality license plate cameras and rear view system to meet you &amp;\u00a0your fleet\u2019s needs. Consult us\u00a0by <a href=\"http:\/\/mailto:sales@luview.com\/\">sales@luview.com<\/a>\u00a0!<\/p>\n<\/div><\/section><br \/>\n<div  class='avia-button-wrap avia-button-left  avia-builder-el-7  el_after_av_textblock  avia-builder-el-last' ><a href='https:\/\/luview.com\/it\/contact\/'  class='avia-button av-l2y9umzk-d16bac7bf4e11df2896cb79984c1e31c avia-icon_select-no avia-size-large avia-position-left avia-color-theme-color' ><span class='avia_iconbox_title' >Richiedi informazioni ora<\/span><\/a><\/div><\/p><\/div>\n<div class='flex_column av-5hzen-23301fe4c356e81a47b358eb060165d1 av_one_full  avia-builder-el-8  el_after_av_one_full  el_before_av_one_full  first flex_column_div column-top-margin'   ><div  class='avia-product-slider-container av-l2y9wj0i-95e2f03cbb65345e10b02865878b62d3 template-shop avia-content-slider avia-content-grid-active shop_columns_3  avia-builder-el-9  avia-builder-el-no-sibling  myproducts avia-content-slider-odd  avia-builder-el-9  avia-builder-el-no-sibling  myproducts avia-product-slider1'  data-autoplay=''  data-interval='5'  data-animation='fade'  data-hoverpause='1' ><div class='avia-content-slider-inner'><ul class=\"products\"><li class=\"product type-product post-935 status-publish first instock product_cat-license-plate-camera has-post-thumbnail shipping-taxable product-type-simple\">\n\t<div class='inner_product main_color wrapped_style noLightbox  av-product-class-no_button'><a href=\"https:\/\/luview.com\/it\/product\/jy-022a-license-plate-camera-with-ip69k-and-wide-view-angle\/\" class=\"woocommerce-LoopProduct-link woocommerce-loop-product__link\"><div class='thumbnail_container'><img decoding=\"async\" width=\"600\" height=\"600\" data-src=\"https:\/\/luview.com\/wp-content\/uploads\/2022\/06\/022A\u5e26\u57ab\u5708\u6b3e\u9996\u9875\u65b9\u5411-1-600x600.jpg\" class=\"wp-image-44063 avia-img-lazy-loading-44063 attachment-woocommerce_thumbnail size-woocommerce_thumbnail wp-post-image lazyload\"  data-srcset=\"https:\/\/luview.com\/wp-content\/uploads\/2022\/06\/022A\u5e26\u57ab\u5708\u6b3e\u9996\u9875\u65b9\u5411-1-600x600.jpg 600w, https:\/\/luview.com\/wp-content\/uploads\/2022\/06\/022A\u5e26\u57ab\u5708\u6b3e\u9996\u9875\u65b9\u5411-1-300x300.jpg 300w, https:\/\/luview.com\/wp-content\/uploads\/2022\/06\/022A\u5e26\u57ab\u5708\u6b3e\u9996\u9875\u65b9\u5411-1-80x80.jpg 80w, https:\/\/luview.com\/wp-content\/uploads\/2022\/06\/022A\u5e26\u57ab\u5708\u6b3e\u9996\u9875\u65b9\u5411-1-768x768.jpg 768w, https:\/\/luview.com\/wp-content\/uploads\/2022\/06\/022A\u5e26\u57ab\u5708\u6b3e\u9996\u9875\u65b9\u5411-1-12x12.jpg 12w, https:\/\/luview.com\/wp-content\/uploads\/2022\/06\/022A\u5e26\u57ab\u5708\u6b3e\u9996\u9875\u65b9\u5411-1-36x36.jpg 36w, https:\/\/luview.com\/wp-content\/uploads\/2022\/06\/022A\u5e26\u57ab\u5708\u6b3e\u9996\u9875\u65b9\u5411-1-180x180.jpg 180w, https:\/\/luview.com\/wp-content\/uploads\/2022\/06\/022A\u5e26\u57ab\u5708\u6b3e\u9996\u9875\u65b9\u5411-1-430x430.jpg 430w, https:\/\/luview.com\/wp-content\/uploads\/2022\/06\/022A\u5e26\u57ab\u5708\u6b3e\u9996\u9875\u65b9\u5411-1-630x630.jpg 630w, https:\/\/luview.com\/wp-content\/uploads\/2022\/06\/022A\u5e26\u57ab\u5708\u6b3e\u9996\u9875\u65b9\u5411-1-705x705.jpg 705w, https:\/\/luview.com\/wp-content\/uploads\/2022\/06\/022A\u5e26\u57ab\u5708\u6b3e\u9996\u9875\u65b9\u5411-1-321x321.jpg 321w, https:\/\/luview.com\/wp-content\/uploads\/2022\/06\/022A\u5e26\u57ab\u5708\u6b3e\u9996\u9875\u65b9\u5411-1-120x120.jpg 120w, https:\/\/luview.com\/wp-content\/uploads\/2022\/06\/022A\u5e26\u57ab\u5708\u6b3e\u9996\u9875\u65b9\u5411-1-450x450.jpg 450w, https:\/\/luview.com\/wp-content\/uploads\/2022\/06\/022A\u5e26\u57ab\u5708\u6b3e\u9996\u9875\u65b9\u5411-1-100x100.jpg 100w, https:\/\/luview.com\/wp-content\/uploads\/2022\/06\/022A\u5e26\u57ab\u5708\u6b3e\u9996\u9875\u65b9\u5411-1.jpg 800w\" data-sizes=\"(max-width: 600px) 100vw, 600px\" title=\"JY-022A Telecamera per targhe con IP69K e ampio angolo di visione\u7f29\u7565\u56fe\" alt=\"JY-022A Telecamera per targhe con IP69K e ampio angolo di visione\u7f29\u7565\u56fe\" src=\"data:image\/svg+xml;base64,PHN2ZyB3aWR0aD0iMSIgaGVpZ2h0PSIxIiB4bWxucz0iaHR0cDovL3d3dy53My5vcmcvMjAwMC9zdmciPjwvc3ZnPg==\" style=\"--smush-placeholder-width: 600px; --smush-placeholder-aspect-ratio: 600\/600;\" \/><span class='cart-loading'><\/span><\/div><div class='inner_product_header'><div class='avia-arrow'><\/div><div class='inner_product_header_table'><div class='inner_product_header_cell'><h2 class=\"woocommerce-loop-product__title\">JY-022A Telecamera per targhe con IP69K e ampio angolo di visione<\/h2>\n<\/div><\/div><\/div><\/a><\/div><\/li>\n<\/ul><\/div><\/div><div class=\"clear\"><\/div><\/div><div class='flex_column av-4ubxv-213bc428d71aa730c5a18fbc0d9954c9 av_one_full  avia-builder-el-0  el_before_av_three_fourth  avia-builder-el-first  first flex_column_div'   ><section  class='av_textblock_section av-4bhe3-b5d2024edd0490f6b2ae124c64cf457e'  itemscope=\"itemscope\" itemtype=\"https:\/\/schema.org\/CreativeWork\" ><div class='avia_textblock'  itemprop=\"text\" ><h3>Cos'\u00e8 una telecamera per targhe automobilistiche<\/h3>\n<p>La telecamera per targa \u00e8 un tipo di telecamera posteriore speciale per auto speciali. Questa telecamera di retromarcia misura la posizione di installazione pi\u00f9 adatta per ogni modello (principalmente la luce della targa o la maniglia del bagagliaio) e viene continuamente modificata sullo stampo, in modo che la telecamera e l'intera auto siano integrate, e il prodotto ha coperto la maggior parte delle marche di auto sul mercato (Honda, Toyota, Nissan, Hyundai, Kia, ecc.), per un totale di oltre 400 modelli.<\/p>\n<h3>Come funziona la telecamera per targhe automobilistiche<\/h3>\n<p>La telecamera posteriore per targa offre al conducente una visione ampia e chiara a 150-170 gradi di ci\u00f2 che si trova dietro al veicolo, consentendogli di effettuare retromarce in sicurezza in qualsiasi condizione atmosferica. Questi ampi campi visivi generalmente provocano una distorsione dell'immagine sul monitor, ma le telecamere per targa di buona qualit\u00e0 dispongono di una tecnologia di correzione digitale che corregge l'immagine e la riproduce correttamente. Il design pratico e semplice si fissa sulla targa posteriore esistente, consentendo l'installazione della telecamera sui fori della targa gi\u00e0 presenti sul veicolo. Perfetta per minivan, SUV, berline, pick-up e altro ancora.<\/p>\n<h3>Vantaggi della telecamera per targhe automobilistiche<\/h3>\n<p><strong><b>Qualit\u00e0 HD<\/b><\/strong><\/p>\n<p>Grazie alle lenti in vetro ad alta precisione, anche a temperature elevate o basse non si deformano e garantiscono una buona trasmissione della luce e sensibilit\u00e0, offrendo una qualit\u00e0 dell'immagine pi\u00f9 stabile.<\/p>\n<p><strong><b>Impermeabile e resistente agli urti<\/b><\/strong><\/p>\n<p>Utilizzando un processo di riempimento con colla fine, dopo rigorosi test di bolle d'aria e vibrazioni, la telecamera pu\u00f2 continuare a funzionare normalmente anche in presenza di lavaggi automatici, pioggia, turbolenze e altre condizioni stradali.<\/p>\n<p><strong><b>Angolo di visione ampio di 170\u00b0<\/b><\/strong><\/p>\n<p>Obiettivo grandangolare opzionale da 170\u00b0, campo visivo pi\u00f9 ampio, parcheggio e retromarcia pi\u00f9 sicuri e comodi.<\/p>\n<p><strong><b>N<\/b><\/strong><strong><b>visione notturna <\/b><\/strong><strong><b>disponibile<\/b><\/strong><\/p>\n<p>Una configurazione LED opzionale ad alta luminosit\u00e0 garantisce immagini nitide anche nel buio pi\u00f9 totale.<\/p>\n<h3>Come installare una telecamera per targhe automobilistiche<\/h3>\n<p>A seconda della telecamera scelta, \u00e8 possibile montarla sulla targa dell'auto o sul bagagliaio. Una volta installata la telecamera, sar\u00e0 necessario collegare i cavi di alimentazione e RCA all'auto. Assicurarsi di testare la telecamera prima di rimontarla.<\/p>\n<p>In generale, l'installazione di una telecamera per targhe pu\u00f2 essere riassunta nei seguenti passaggi:<\/p>\n<ol>\n<li>Monta la telecamera sulla targa della tua auto, sul lunotto posteriore o in qualsiasi altro posto adatto.<\/li>\n<li>Regola l'obiettivo della fotocamera nella posizione migliore.<\/li>\n<li>Collegare il cavo di alimentazione (rosso e nero) al sistema di alimentazione CC 12 V del veicolo.<\/li>\n<li>Collegare l'uscita video (cavo giallo) della telecamera al display del veicolo.<\/li>\n<\/ol>\n<h3>Quanto costa una telecamera per targhe automobilistiche?<\/h3>\n<p>La telecamera per targhe pu\u00f2 essere montata facilmente sopra tutti i tipi di targhe e trasmettere video a colori tramite jack RCA. Il sistema \u00e8 compatibile con un'ampia gamma di schermi e monitor che consentono di vedere tutto ci\u00f2 che si trova dietro di voi. In genere, il prezzo di una singola telecamera per targa \u00e8 di circa 15-150 dollari USA. Se desiderate un'esperienza visiva migliore e volete migliorare la sicurezza di guida in tutte le direzioni, \u00e8 preferibile utilizzare un monitor per creare un sistema di retrovisione completo. Il prezzo \u00e8 di circa 200-300 dollari USA.<\/p>\n<p>Se desiderate acquistare telecamere per targhe in grandi quantit\u00e0 o volete personalizzare le vostre telecamere per targhe, inviate un'e-mail all'indirizzo <a href=\"mailto:sales@luview.com\"><u>sales@luview.com<\/u><\/a>\u00a0per il costo esatto.<\/p>\n<h3>Trova un produttore affidabile di telecamere per targhe automobilistiche<\/h3>\n<p>Ecco alcune caratteristiche da ricercare in una telecamera per targhe automobilistiche. Un produttore affidabile dovrebbe offrire le seguenti caratteristiche:<\/p>\n<p>Cercate telecamere ad alta definizione. Queste telecamere riprendono chiaramente le targhe e sono disponibili in diverse dimensioni. Una telecamera da 2 MP (1080p) \u00e8 in grado di riconoscere le targhe fino a una distanza di 4 metri, anche se in alcune situazioni questo potrebbe non essere l'ideale. \u00c8 importante comprendere che alcune di queste telecamere potrebbero non riuscire a rilevare una targa perch\u00e9 questa si muove troppo velocemente o si trova a una distanza eccessiva. Sia che scegliate una telecamera da 1080p o con una risoluzione superiore, assicuratevi di scegliere un'azienda che offra un'assistenza clienti di alta qualit\u00e0.<\/p>\n<p>If you need a high-resolution license plate camera, you can choose the long night vision security camera. Its night vision range is 13 meters, making it a superior choice among vehicle security products. Luview has 18 years of R &amp; D and production experience in the automotive electronics industry, providing various types of high-quality automotive camera products for global users, please feel free to consult us: <a href=\"http:\/\/mailto:sales@luview.com\/\">sales@luview.com<\/a>\u00a0.<\/p>\n<\/div><\/section><\/div><\/p>","protected":false},"excerpt":{"rendered":"","protected":false},"author":1,"featured_media":0,"parent":620,"menu_order":0,"comment_status":"closed","ping_status":"closed","template":"","meta":{"_monsterinsights_skip_tracking":false,"_monsterinsights_sitenote_active":false,"_monsterinsights_sitenote_note":"","_monsterinsights_sitenote_category":0,"footnotes":""},"class_list":["post-631","page","type-page","status-publish","hentry"],"_links":{"self":[{"href":"https:\/\/luview.com\/it\/wp-json\/wp\/v2\/pages\/631","targetHints":{"allow":["GET"]}}],"collection":[{"href":"https:\/\/luview.com\/it\/wp-json\/wp\/v2\/pages"}],"about":[{"href":"https:\/\/luview.com\/it\/wp-json\/wp\/v2\/types\/page"}],"author":[{"embeddable":true,"href":"https:\/\/luview.com\/it\/wp-json\/wp\/v2\/users\/1"}],"replies":[{"embeddable":true,"href":"https:\/\/luview.com\/it\/wp-json\/wp\/v2\/comments?post=631"}],"version-history":[{"count":3,"href":"https:\/\/luview.com\/it\/wp-json\/wp\/v2\/pages\/631\/revisions"}],"predecessor-version":[{"id":44504,"href":"https:\/\/luview.com\/it\/wp-json\/wp\/v2\/pages\/631\/revisions\/44504"}],"up":[{"embeddable":true,"href":"https:\/\/luview.com\/it\/wp-json\/wp\/v2\/pages\/620"}],"wp:attachment":[{"href":"https:\/\/luview.com\/it\/wp-json\/wp\/v2\/media?parent=631"}],"curies":[{"name":"wp","href":"https:\/\/api.w.org\/{rel}","templated":true}]}}