{"id":661,"date":"2022-05-23T11:23:46","date_gmt":"2022-05-23T11:23:46","guid":{"rendered":"https:\/\/luview.com\/?page_id=661"},"modified":"2026-03-10T02:51:04","modified_gmt":"2026-03-10T02:51:04","slug":"monitor-per-specchietti-retrovisori","status":"publish","type":"page","link":"https:\/\/luview.com\/it\/products\/monitors\/rearview-mirror-monitors\/","title":{"rendered":"Monitor retrovisori"},"content":{"rendered":"<style type=\"text\/css\" data-created_by=\"avia_inline_auto\" id=\"style-css-av-l2y9d09l-9a59c050fd7cc562363a6e26bd127e73\">\n.avia-section.av-l2y9d09l-9a59c050fd7cc562363a6e26bd127e73{\nbackground-repeat:no-repeat;\nbackground-image:url(https:\/\/luview.com\/wp-content\/uploads\/2024\/08\/0.jpg);\nbackground-position:50% 50%;\nbackground-attachment:scroll;\n}\n.avia-section.av-l2y9d09l-9a59c050fd7cc562363a6e26bd127e73 .av-section-color-overlay{\nopacity:0.8;\nbackground-color:#222222;\n}\n<\/style>\n<div id='av_section_1'  class='avia-section av-l2y9d09l-9a59c050fd7cc562363a6e26bd127e73 main_color avia-section-default avia-no-border-styling  avia-builder-el-0  el_before_av_one_full  avia-builder-el-first  titlebarbox avia-full-stretch avia-bg-style-scroll av-section-color-overlay-active container_wrap sidebar_left'  data-section-bg-repeat='stretch'><div class=\"av-section-color-overlay-wrap\"><div class=\"av-section-color-overlay\"><\/div><div class='container av-section-cont-open' ><main  role=\"main\" itemprop=\"mainContentOfPage\"  class='template-page content  av-content-small units'><div class='post-entry post-entry-type-page post-entry-661'><div class='entry-content-wrapper clearfix'>\n\n<style type=\"text\/css\" data-created_by=\"avia_inline_auto\" id=\"style-css-av-ro2v-a87e36abb91cc5e18f3d0098b40720d3\">\n.flex_column.av-ro2v-a87e36abb91cc5e18f3d0098b40720d3{\npadding:10% 0 10% 0;\n}\n<\/style>\n<div class='flex_column av-ro2v-a87e36abb91cc5e18f3d0098b40720d3 av_one_full  avia-builder-el-1  avia-builder-el-no-sibling  first flex_column_div'   ><style type=\"text\/css\" data-created_by=\"avia_inline_auto\" id=\"style-css-av-l2y9au29-bf07c75c092d3a9f62676db415f615f7\">\n#top .av_textblock_section.av-l2y9au29-bf07c75c092d3a9f62676db415f615f7 .avia_textblock{\ncolor:#ffffff;\ntext-align:center;\n}\n<\/style>\n<section  class='av_textblock_section av-l2y9au29-bf07c75c092d3a9f62676db415f615f7'  itemscope=\"itemscope\" itemtype=\"https:\/\/schema.org\/CreativeWork\" ><div class='avia_textblock av_inherit_color'  itemprop=\"text\" ><h1>Monitor retrovisori<\/h1>\n<\/div><\/section><br \/>\n<\/p><\/div>\n<\/div><\/div><\/main><!-- close content main element --><\/div><\/div><\/div><div id='after_section_1'  class='main_color av_default_container_wrap container_wrap sidebar_left'  ><div class='container av-section-cont-open' ><div class='template-page content  av-content-small units'><div class='post-entry post-entry-type-page post-entry-661'><div class='entry-content-wrapper clearfix'>\n<div class='flex_column av-6hmib-0f7b6fcf00f9273a80dfc45f533798fb av_one_full  avia-builder-el-4  el_after_av_section  el_before_av_one_full  avia-builder-el-first  first flex_column_div'   ><section  class='av_textblock_section av-l2y9squj-e76031f6dac70c55a963b220d7b8ed83'  itemscope=\"itemscope\" itemtype=\"https:\/\/schema.org\/CreativeWork\" ><div class='avia_textblock'  itemprop=\"text\" ><h3 style=\"font-weight: bold;\">Tutti i monitor per specchietti retrovisori<\/h3>\n<\/div><\/section><br \/>\n<section  class='av_textblock_section av-l2y9tm1e-80c30be322df05d44e75397a617f5c97'  itemscope=\"itemscope\" itemtype=\"https:\/\/schema.org\/CreativeWork\" ><div class='avia_textblock'  itemprop=\"text\" ><p>Il monitor dello specchietto retrovisore Luview non solo offre ai conducenti un'immagine posteriore pi\u00f9 chiara e pi\u00f9 ampia, ma integra anche una serie di funzioni ADAS per rendere la guida pi\u00f9 sicura; il design raffinato \u00e8 ricco di tecnologia, in grado di ridurre il coefficiente di resistenza aerodinamica e il consumo energetico. Luview sviluppa, produce e fornisce soluzioni per il monitoraggio degli specchietti retrovisori per grossisti e rivenditori di tutto il mondo; vari tipi di monitor possono essere personalizzati, si prega di chiedere a\u00a0<a href=\"http:\/\/mailto:sales@luview.com\/\">sales@luview.com<\/a>\u00a0.<\/p>\n<\/div><\/section><br \/>\n<div  class='avia-button-wrap avia-button-left  avia-builder-el-7  el_after_av_textblock  avia-builder-el-last' ><a href='https:\/\/luview.com\/it\/contact\/'  class='avia-button av-l2y9umzk-d16bac7bf4e11df2896cb79984c1e31c avia-icon_select-no avia-size-large avia-position-left avia-color-theme-color' ><span class='avia_iconbox_title' >Richiedi informazioni ora<\/span><\/a><\/div><\/p><\/div>\n<div class='flex_column av-5hzen-23301fe4c356e81a47b358eb060165d1 av_one_full  avia-builder-el-8  el_after_av_one_full  el_before_av_one_full  first flex_column_div column-top-margin'   ><div  class='avia-product-slider-container av-l2y9wj0i-b8ed698bca1bc6b07e3ebd4481a6c00c template-shop avia-content-slider avia-content-grid-active shop_columns_3  avia-builder-el-9  avia-builder-el-no-sibling  myproducts avia-content-slider-odd  avia-builder-el-9  avia-builder-el-no-sibling  myproducts avia-product-slider1'  data-autoplay=''  data-interval='5'  data-animation='fade'  data-hoverpause='1' ><div class='avia-content-slider-inner'><ul class=\"products\"><li class=\"product type-product post-1192 status-publish first instock product_cat-7-inch-monitors product_cat-rearview-mirror-monitors has-post-thumbnail shipping-taxable product-type-simple\">\n\t<div class='inner_product main_color wrapped_style noLightbox  av-product-class-no_button'><a href=\"https:\/\/luview.com\/it\/product\/jy-mr07-7-inch-hd-lcd-rearview-mirror-monitor-with-speaker\/\" class=\"woocommerce-LoopProduct-link woocommerce-loop-product__link\"><div class='thumbnail_container'><img decoding=\"async\" width=\"600\" height=\"600\" data-src=\"https:\/\/luview.com\/wp-content\/uploads\/2022\/06\/MR07\u9996\u9875\u65b9\u5411-1-600x600.jpg\" class=\"wp-image-36567 avia-img-lazy-loading-36567 attachment-woocommerce_thumbnail size-woocommerce_thumbnail wp-post-image lazyload\"  data-srcset=\"https:\/\/luview.com\/wp-content\/uploads\/2022\/06\/MR07\u9996\u9875\u65b9\u5411-1-600x600.jpg 600w, https:\/\/luview.com\/wp-content\/uploads\/2022\/06\/MR07\u9996\u9875\u65b9\u5411-1-100x100.jpg 100w, https:\/\/luview.com\/wp-content\/uploads\/2022\/06\/MR07\u9996\u9875\u65b9\u5411-1-300x300.jpg 300w, https:\/\/luview.com\/wp-content\/uploads\/2022\/06\/MR07\u9996\u9875\u65b9\u5411-1-80x80.jpg 80w, https:\/\/luview.com\/wp-content\/uploads\/2022\/06\/MR07\u9996\u9875\u65b9\u5411-1-768x768.jpg 768w, https:\/\/luview.com\/wp-content\/uploads\/2022\/06\/MR07\u9996\u9875\u65b9\u5411-1-36x36.jpg 36w, https:\/\/luview.com\/wp-content\/uploads\/2022\/06\/MR07\u9996\u9875\u65b9\u5411-1-180x180.jpg 180w, https:\/\/luview.com\/wp-content\/uploads\/2022\/06\/MR07\u9996\u9875\u65b9\u5411-1-430x430.jpg 430w, https:\/\/luview.com\/wp-content\/uploads\/2022\/06\/MR07\u9996\u9875\u65b9\u5411-1-630x630.jpg 630w, https:\/\/luview.com\/wp-content\/uploads\/2022\/06\/MR07\u9996\u9875\u65b9\u5411-1-705x705.jpg 705w, https:\/\/luview.com\/wp-content\/uploads\/2022\/06\/MR07\u9996\u9875\u65b9\u5411-1-321x321.jpg 321w, https:\/\/luview.com\/wp-content\/uploads\/2022\/06\/MR07\u9996\u9875\u65b9\u5411-1-120x120.jpg 120w, https:\/\/luview.com\/wp-content\/uploads\/2022\/06\/MR07\u9996\u9875\u65b9\u5411-1-450x450.jpg 450w, https:\/\/luview.com\/wp-content\/uploads\/2022\/06\/MR07\u9996\u9875\u65b9\u5411-1-500x500.jpg 500w, https:\/\/luview.com\/wp-content\/uploads\/2022\/06\/MR07\u9996\u9875\u65b9\u5411-1.jpg 800w\" data-sizes=\"(max-width: 600px) 100vw, 600px\" title=\"JY-MR07 Monitor retrovisore LCD HD da 7 pollici con altoparlante\u7f29\u7565\u56fe\" alt=\"JY-MR07 Monitor retrovisore LCD HD da 7 pollici con altoparlante\u7f29\u7565\u56fe\" src=\"data:image\/svg+xml;base64,PHN2ZyB3aWR0aD0iMSIgaGVpZ2h0PSIxIiB4bWxucz0iaHR0cDovL3d3dy53My5vcmcvMjAwMC9zdmciPjwvc3ZnPg==\" style=\"--smush-placeholder-width: 600px; --smush-placeholder-aspect-ratio: 600\/600;\" \/><span class='cart-loading'><\/span><\/div><div class='inner_product_header'><div class='avia-arrow'><\/div><div class='inner_product_header_table'><div class='inner_product_header_cell'><h2 class=\"woocommerce-loop-product__title\">JY-MR07 Monitor retrovisore LCD HD da 7 pollici con altoparlante<\/h2>\n<\/div><\/div><\/div><\/a><\/div><\/li>\n<\/ul><\/div><\/div><div class=\"clear\"><\/div><\/div><div class='flex_column av-4ubxv-213bc428d71aa730c5a18fbc0d9954c9 av_one_full  avia-builder-el-0  el_before_av_three_fourth  avia-builder-el-first  first flex_column_div'   ><section  class='av_textblock_section av-4bhe3-b5d2024edd0490f6b2ae124c64cf457e'  itemscope=\"itemscope\" itemtype=\"https:\/\/schema.org\/CreativeWork\" ><div class='avia_textblock'  itemprop=\"text\" ><h3>Cos'\u00e8 un monitor per specchietti retrovisori<\/h3>\n<p>I sistemi di monitor per specchietti retrovisori sostituiscono il tradizionale specchietto retrovisore con funzionalit\u00e0 digitali. Sono un'ottima integrazione per le auto che non dispongono di telecamere di backup integrate. Queste telecamere non solo aiutano i conducenti a evitare gli ingorghi e a fare retromarcia in modo pi\u00f9 sicuro, ma possono anche contribuire a prevenire gli incidenti consentendo loro di vedere cosa c'\u00e8 dietro il loro veicolo. Il monitor \u00e8 utile anche per i conducenti che si trovano in angoli ciechi, perch\u00e9 pu\u00f2 aiutarli a vedere i pericoli e gli altri veicoli nello specchietto retrovisore.<\/p>\n<h3>Come funziona il monitor dello specchietto retrovisore<\/h3>\n<p>Se avete recentemente acquistato un nuovo sistema di monitoraggio digitale degli specchietti per il vostro veicolo, vi starete chiedendo come funziona.<\/p>\n<p>A differenza di uno specchietto retrovisore tradizionale, uno specchietto digitale visualizza un'immagine video proveniente da una telecamera montata sul lato del veicolo. Questo pu\u00f2 aiutare a evitare gli angoli ciechi durante la guida e pu\u00f2 persino facilitare il parcheggio. Il monitor \u00e8 compatibile con la maggior parte dei modelli di veicoli. Alcuni modelli di monitor per specchietti consentono di cambiare la modalit\u00e0 di visualizzazione del video. Alcuni monitor a specchio dispongono anche di una modalit\u00e0 di guida adattiva. Questa modalit\u00e0 consente di selezionare la modalit\u00e0 pi\u00f9 adatta alle proprie esigenze di guida.<\/p>\n<h3>Vantaggi del monitor dello specchietto retrovisore<\/h3>\n<p>I monitor degli specchietti retrovisori offrono molti vantaggi ai conducenti.<\/p>\n<ol>\n<li><b><\/b><strong><b>Migliorare la velocit\u00e0 di reazione<\/b><\/strong><\/li>\n<\/ol>\n<p>I monitor degli specchietti retrovisori potrebbero<strong><b>\u00a0<\/b><\/strong>ridurre la quantit\u00e0 di tempo che i conducenti passano a guardare cosa c'\u00e8 dietro di loro. L'angolo di visione grandangolare della telecamera offre al conducente un'eccellente visibilit\u00e0.<\/p>\n<ol start=\"2\">\n<li><b><\/b><strong><b>adatto alla guida notturna<\/b><\/strong><\/li>\n<\/ol>\n<p>Il display digitale dello specchietto retrovisore \u00e8 cristallino ed elimina i riflessi causati dai fari posteriori. Questa caratteristica \u00e8 ideale per la guida notturna perch\u00e9 elimina la necessit\u00e0 di utilizzare lo specchietto per controllare l'area circostante.<\/p>\n<ol start=\"3\">\n<li><b><\/b><strong><b>Una visione ad alta definizione<\/b><\/strong><\/li>\n<\/ol>\n<p>Gli specchi sono scomodi se il conducente ha problemi di vista. Gli specchi riflettono la luce degli oggetti presenti e devono raggiungere gli occhi del conducente. Di conseguenza, molti conducenti hanno una vista scarsa, compresi quelli affetti da ipermetropia senile. Fortunatamente, questo problema viene risolto con un monitor per specchietti retrovisori. Questo dispositivo trasmette le immagini a un display, rendendole molto pi\u00f9 vicine e visibili.<\/p>\n<ol start=\"4\">\n<li><b><\/b><strong><b>Applicabile in caso di maltempo<\/b><\/strong><\/li>\n<\/ol>\n<p>In quarto luogo, il monitor dello specchietto retrovisore offre una maggiore protezione ai conducenti in caso di maltempo. A differenza degli specchietti che sono vulnerabili ai danni, una versione digitale pu\u00f2 essere utilizzata in qualsiasi condizione atmosferica. Poich\u00e9 la telecamera \u00e8 montata all'esterno del veicolo, pu\u00f2 vedere attraverso la nebbia o la pioggia. Un monitor digitale per specchietti retrovisori utilizza un tipo diverso di display in grado di filtrare pioggia e neve per proiettare immagini chiare del traffico in arrivo. Si tratta di un'ottima opzione per la sicurezza del conducente e per il risparmio economico.<\/p>\n<h3>Come installare il monitor dello specchietto retrovisore<\/h3>\n<p>Quando si acquista un monitor per specchietti retrovisori, assicurarsi di scegliere un modello facile da installare e utilizzare. Alcuni modelli hanno un processo di installazione complicato, che li rende meno adatti ai principianti. Se non avete molto tempo da dedicare all'installazione, optate per un'unit\u00e0 semplice che si monta come uno specchietto retrovisore. \u00c8 consigliabile verificare la risoluzione del display e l'orientamento dello schermo prima di acquistare una nuova unit\u00e0.<\/p>\n<p>Assicuratevi che il produttore offra istruzioni complete per l'installazione. Alcuni sistemi richiedono una programmazione e una configurazione aggiuntiva. Potrebbe essere necessario intervenire sull'impianto elettrico del veicolo per installare queste funzioni. Ricordate che l'installazione di un sistema di monitor per specchietti retrovisori \u00e8 un progetto fai-da-te e richiede alcune conoscenze tecniche. Tuttavia, una volta installato il monitor, sarete sulla buona strada per un'esperienza di guida pi\u00f9 sicura e conveniente.<\/p>\n<p>In alcuni casi, il sistema pu\u00f2 richiedere accessori aggiuntivi come sensori o telecamere di backup. Indipendentemente dal tipo di monitor scelto, \u00e8 necessario seguire attentamente tutte le istruzioni.<\/p>\n<h3>Caratteristiche da ricercare nella scelta del miglior monitor per specchietti retrovisori<\/h3>\n<p>Quando si acquista un monitor per specchietto retrovisore, \u00e8 necessario ricercare una serie di caratteristiche. Alcune delle migliori unit\u00e0 sono dotate di uno schermo tattile a cui si pu\u00f2 accedere tramite i pulsanti dello specchietto. Gli schermi tattili di queste unit\u00e0 offrono una visione molto migliore della strada e possono aiutare a regolare la luminosit\u00e0 dello schermo per migliorare la visione in condizioni di scarsa illuminazione.<\/p>\n<p>Alcune sono anche multi-telecamera, per offrire ancora pi\u00f9 opzioni. Inoltre, sono in grado di offrire visualizzazioni picture-in-picture o a schermo intero, il che li rende perfetti per i conducenti in viaggio.<\/p>\n<h3>Quanto costa un monitor per specchietti retrovisori<\/h3>\n<p>I monitor per specchietti retrovisori stanno sostituendo gli specchietti tradizionali con funzionalit\u00e0 digitali. Possono essere aggiunti anche alle auto che non dispongono di un sistema di telecamere posteriori. Queste telecamere di backup sono pi\u00f9 di una semplice sostituzione dello specchietto. Aiutano i conducenti a vedere ci\u00f2 che li circonda, in modo da evitare ritardi e incidenti. Inoltre, aiutano i conducenti a prestare attenzione agli angoli ciechi. Quanto costa un monitor per specchietti retrovisori? Continuate a leggere per scoprirlo!<\/p>\n<p>Il prezzo di un sistema di monitor per specchietti retrovisori dipende dal numero di funzioni incluse. Alcuni modelli sono dotati di sensori di backup o telecamere di backup. Altri hanno solo lo specchietto retrovisore. L'installazione pu\u00f2 essere complicata, ma vale il costo aggiuntivo. Prima di acquistare un sistema di monitoraggio dello specchietto retrovisore, assicuratevi di leggere le istruzioni. Alcuni sistemi richiedono una programmazione o una configurazione aggiuntiva per funzionare correttamente. \u00c8 importante verificare con il concessionario di zona prima di spendere soldi per questo aggiornamento.<\/p>\n<p>La maggior parte dei monitor per specchietti retrovisori utilizza una videocamera. A seconda delle esigenze, sono disponibili diversi tipi di modelli. La maggior parte dei modelli \u00e8 dotata di una telecamera integrata, mentre altri sono montati direttamente sullo specchietto. La telecamera deve essere in grado di acquisire video da tutte le angolazioni. In base alle vostre esigenze, potreste considerare la lunghezza del cavo per assicurarvi di non avere un cavo corto.<\/p>\n<p>Gli schermi degli specchietti retrovisori possono variare da modelli molto economici a modelli costosi. Per meno di $100, \u00e8 possibile ottenere un buon schermo LCD con comandi a sfioramento. Questi schermi possono essere montati sullo specchietto esistente e alcuni includono una telecamera da cruscotto. Altri schermi sono dotati di maggiori funzioni e costeranno circa $200 o pi\u00f9. Molte di queste unit\u00e0 sono dotate anche di assistenza al mantenimento della corsia, sistema di assistenza al parcheggio e altro ancora. La qualit\u00e0 dei video visualizzati dipender\u00e0 dalle vostre esigenze, ma vi faranno sentire pi\u00f9 sicuri al volante.<\/p>\n<\/div><\/section><\/div><\/p>","protected":false},"excerpt":{"rendered":"","protected":false},"author":1,"featured_media":0,"parent":640,"menu_order":0,"comment_status":"closed","ping_status":"closed","template":"","meta":{"_monsterinsights_skip_tracking":false,"_monsterinsights_sitenote_active":false,"_monsterinsights_sitenote_note":"","_monsterinsights_sitenote_category":0,"footnotes":""},"class_list":["post-661","page","type-page","status-publish","hentry"],"_links":{"self":[{"href":"https:\/\/luview.com\/it\/wp-json\/wp\/v2\/pages\/661","targetHints":{"allow":["GET"]}}],"collection":[{"href":"https:\/\/luview.com\/it\/wp-json\/wp\/v2\/pages"}],"about":[{"href":"https:\/\/luview.com\/it\/wp-json\/wp\/v2\/types\/page"}],"author":[{"embeddable":true,"href":"https:\/\/luview.com\/it\/wp-json\/wp\/v2\/users\/1"}],"replies":[{"embeddable":true,"href":"https:\/\/luview.com\/it\/wp-json\/wp\/v2\/comments?post=661"}],"version-history":[{"count":3,"href":"https:\/\/luview.com\/it\/wp-json\/wp\/v2\/pages\/661\/revisions"}],"predecessor-version":[{"id":44516,"href":"https:\/\/luview.com\/it\/wp-json\/wp\/v2\/pages\/661\/revisions\/44516"}],"up":[{"embeddable":true,"href":"https:\/\/luview.com\/it\/wp-json\/wp\/v2\/pages\/640"}],"wp:attachment":[{"href":"https:\/\/luview.com\/it\/wp-json\/wp\/v2\/media?parent=661"}],"curies":[{"name":"wp","href":"https:\/\/api.w.org\/{rel}","templated":true}]}}