{"id":663,"date":"2022-05-23T14:43:18","date_gmt":"2022-05-23T14:43:18","guid":{"rendered":"https:\/\/luview.com\/?page_id=663"},"modified":"2026-03-10T02:51:32","modified_gmt":"2026-03-10T02:51:32","slug":"monitor-impermeabili","status":"publish","type":"page","link":"https:\/\/luview.com\/it\/products\/monitors\/waterproof-monitors\/","title":{"rendered":"Monitor impermeabili"},"content":{"rendered":"<style type=\"text\/css\" data-created_by=\"avia_inline_auto\" id=\"style-css-av-l2y9d09l-9a59c050fd7cc562363a6e26bd127e73\">\n.avia-section.av-l2y9d09l-9a59c050fd7cc562363a6e26bd127e73{\nbackground-repeat:no-repeat;\nbackground-image:url(https:\/\/luview.com\/wp-content\/uploads\/2024\/08\/0.jpg);\nbackground-position:50% 50%;\nbackground-attachment:scroll;\n}\n.avia-section.av-l2y9d09l-9a59c050fd7cc562363a6e26bd127e73 .av-section-color-overlay{\nopacity:0.8;\nbackground-color:#222222;\n}\n<\/style>\n<div id='av_section_1'  class='avia-section av-l2y9d09l-9a59c050fd7cc562363a6e26bd127e73 main_color avia-section-default avia-no-border-styling  avia-builder-el-0  el_before_av_one_full  avia-builder-el-first  titlebarbox avia-full-stretch avia-bg-style-scroll av-section-color-overlay-active container_wrap sidebar_left'  data-section-bg-repeat='stretch'><div class=\"av-section-color-overlay-wrap\"><div class=\"av-section-color-overlay\"><\/div><div class='container av-section-cont-open' ><main  role=\"main\" itemprop=\"mainContentOfPage\"  class='template-page content  av-content-small units'><div class='post-entry post-entry-type-page post-entry-663'><div class='entry-content-wrapper clearfix'>\n\n<style type=\"text\/css\" data-created_by=\"avia_inline_auto\" id=\"style-css-av-ro2v-a87e36abb91cc5e18f3d0098b40720d3\">\n.flex_column.av-ro2v-a87e36abb91cc5e18f3d0098b40720d3{\npadding:10% 0 10% 0;\n}\n<\/style>\n<div class='flex_column av-ro2v-a87e36abb91cc5e18f3d0098b40720d3 av_one_full  avia-builder-el-1  avia-builder-el-no-sibling  first flex_column_div'   ><style type=\"text\/css\" data-created_by=\"avia_inline_auto\" id=\"style-css-av-l2y9au29-bf07c75c092d3a9f62676db415f615f7\">\n#top .av_textblock_section.av-l2y9au29-bf07c75c092d3a9f62676db415f615f7 .avia_textblock{\ncolor:#ffffff;\ntext-align:center;\n}\n<\/style>\n<section  class='av_textblock_section av-l2y9au29-bf07c75c092d3a9f62676db415f615f7'  itemscope=\"itemscope\" itemtype=\"https:\/\/schema.org\/CreativeWork\" ><div class='avia_textblock av_inherit_color'  itemprop=\"text\" ><h1>Monitor impermeabili<\/h1>\n<\/div><\/section><br \/>\n<\/p><\/div>\n<\/div><\/div><\/main><!-- close content main element --><\/div><\/div><\/div><div id='after_section_1'  class='main_color av_default_container_wrap container_wrap sidebar_left'  ><div class='container av-section-cont-open' ><div class='template-page content  av-content-small units'><div class='post-entry post-entry-type-page post-entry-663'><div class='entry-content-wrapper clearfix'>\n<div class='flex_column av-6hmib-0f7b6fcf00f9273a80dfc45f533798fb av_one_full  avia-builder-el-4  el_after_av_section  el_before_av_one_full  avia-builder-el-first  first flex_column_div'   ><section  class='av_textblock_section av-l2y9squj-e76031f6dac70c55a963b220d7b8ed83'  itemscope=\"itemscope\" itemtype=\"https:\/\/schema.org\/CreativeWork\" ><div class='avia_textblock'  itemprop=\"text\" ><h3 style=\"font-weight: bold;\">Tutti i monitor impermeabili<\/h3>\n<\/div><\/section><br \/>\n<section  class='av_textblock_section av-l2y9tm1e-80c30be322df05d44e75397a617f5c97'  itemscope=\"itemscope\" itemtype=\"https:\/\/schema.org\/CreativeWork\" ><div class='avia_textblock'  itemprop=\"text\" ><p>Con il rapido sviluppo della societ\u00e0, l'uso di monitor di backup sta diventando sempre pi\u00f9 comune, ma la funzione impermeabile dei monitor di backup \u00e8 anche un problema che dobbiamo preoccuparci, soprattutto per i monitor di backup all'aperto. Luview \u00e8 un produttore professionale di monitor fotocamera impermeabile di backup, fornitore dalla Cina, accettiamo OEM, ODM e altri ordini personalizzati monitor impermeabile cos\u00ec come offrire una soluzione di arresto, si prega di fare e-mail <a href=\"mailto:sales@luview.com\"><u>sales@luview.com<\/u><\/a>\u00a0se avete tali esigenze.<\/p>\n<\/div><\/section><br \/>\n<div  class='avia-button-wrap avia-button-left  avia-builder-el-7  el_after_av_textblock  avia-builder-el-last' ><a href='https:\/\/luview.com\/it\/contact\/'  class='avia-button av-l2y9umzk-d16bac7bf4e11df2896cb79984c1e31c avia-icon_select-no avia-size-large avia-position-left avia-color-theme-color' ><span class='avia_iconbox_title' >Richiedi informazioni ora<\/span><\/a><\/div><\/p><\/div>\n<div class='flex_column av-5hzen-23301fe4c356e81a47b358eb060165d1 av_one_full  avia-builder-el-8  el_after_av_one_full  el_before_av_one_full  first flex_column_div column-top-margin'   ><div  class='avia-product-slider-container av-l2y9wj0i-0bc2b166ec09a979217e894406115c6c template-shop avia-content-slider avia-content-grid-active shop_columns_3  avia-builder-el-9  avia-builder-el-no-sibling  myproducts avia-content-slider-odd  avia-builder-el-9  avia-builder-el-no-sibling  myproducts avia-product-slider1'  data-autoplay=''  data-interval='5'  data-animation='fade'  data-hoverpause='1' ><div class='avia-content-slider-inner'><ul class=\"products\"><li class=\"product type-product post-26113 status-publish first instock product_cat-7-inch-monitors product_cat-waterproof-monitors has-post-thumbnail shipping-taxable product-type-simple\">\n\t<div class='inner_product main_color wrapped_style noLightbox  av-product-class-no_button'><a href=\"https:\/\/luview.com\/it\/product\/jy-m756-7-inch-4-channel-lcd-waterproof-rear-view-monitor-for-truck-bus-tailer\/\" class=\"woocommerce-LoopProduct-link woocommerce-loop-product__link\"><div class='thumbnail_container'><img decoding=\"async\" width=\"600\" height=\"600\" data-src=\"https:\/\/luview.com\/wp-content\/uploads\/2024\/09\/M756\u9996\u9875\u65b9\u5411-1--600x600.jpg\" class=\"wp-image-36518 avia-img-lazy-loading-36518 attachment-woocommerce_thumbnail size-woocommerce_thumbnail wp-post-image lazyload\"  data-srcset=\"https:\/\/luview.com\/wp-content\/uploads\/2024\/09\/M756\u9996\u9875\u65b9\u5411-1--600x600.jpg 600w, https:\/\/luview.com\/wp-content\/uploads\/2024\/09\/M756\u9996\u9875\u65b9\u5411-1--100x100.jpg 100w, https:\/\/luview.com\/wp-content\/uploads\/2024\/09\/M756\u9996\u9875\u65b9\u5411-1--300x300.jpg 300w, https:\/\/luview.com\/wp-content\/uploads\/2024\/09\/M756\u9996\u9875\u65b9\u5411-1--80x80.jpg 80w, https:\/\/luview.com\/wp-content\/uploads\/2024\/09\/M756\u9996\u9875\u65b9\u5411-1--768x768.jpg 768w, https:\/\/luview.com\/wp-content\/uploads\/2024\/09\/M756\u9996\u9875\u65b9\u5411-1--36x36.jpg 36w, https:\/\/luview.com\/wp-content\/uploads\/2024\/09\/M756\u9996\u9875\u65b9\u5411-1--180x180.jpg 180w, https:\/\/luview.com\/wp-content\/uploads\/2024\/09\/M756\u9996\u9875\u65b9\u5411-1--430x430.jpg 430w, https:\/\/luview.com\/wp-content\/uploads\/2024\/09\/M756\u9996\u9875\u65b9\u5411-1--630x630.jpg 630w, https:\/\/luview.com\/wp-content\/uploads\/2024\/09\/M756\u9996\u9875\u65b9\u5411-1--705x705.jpg 705w, https:\/\/luview.com\/wp-content\/uploads\/2024\/09\/M756\u9996\u9875\u65b9\u5411-1--321x321.jpg 321w, https:\/\/luview.com\/wp-content\/uploads\/2024\/09\/M756\u9996\u9875\u65b9\u5411-1--120x120.jpg 120w, https:\/\/luview.com\/wp-content\/uploads\/2024\/09\/M756\u9996\u9875\u65b9\u5411-1--450x450.jpg 450w, https:\/\/luview.com\/wp-content\/uploads\/2024\/09\/M756\u9996\u9875\u65b9\u5411-1--500x500.jpg 500w, https:\/\/luview.com\/wp-content\/uploads\/2024\/09\/M756\u9996\u9875\u65b9\u5411-1-.jpg 800w\" data-sizes=\"(max-width: 600px) 100vw, 600px\" title=\"JY-M756 Monitor posteriore LCD impermeabile da 7 pollici a 4 canali per camion, autobus e rimorchi\u7f29\u7565\u56fe\" alt=\"JY-M756 Monitor posteriore LCD impermeabile da 7 pollici a 4 canali per camion, autobus e rimorchi\u7f29\u7565\u56fe\" src=\"data:image\/svg+xml;base64,PHN2ZyB3aWR0aD0iMSIgaGVpZ2h0PSIxIiB4bWxucz0iaHR0cDovL3d3dy53My5vcmcvMjAwMC9zdmciPjwvc3ZnPg==\" style=\"--smush-placeholder-width: 600px; --smush-placeholder-aspect-ratio: 600\/600;\" \/><span class='cart-loading'><\/span><\/div><div class='inner_product_header'><div class='avia-arrow'><\/div><div class='inner_product_header_table'><div class='inner_product_header_cell'><h2 class=\"woocommerce-loop-product__title\">JY-M756 Monitor posteriore LCD impermeabile da 7 pollici a 4 canali per camion, autobus e rimorchi<\/h2>\n<\/div><\/div><\/div><\/a><\/div><\/li>\n<li class=\"product type-product post-1204 status-publish instock product_cat-7-inch-monitors product_cat-waterproof-monitors has-post-thumbnail shipping-taxable product-type-simple\">\n\t<div class='inner_product main_color wrapped_style noLightbox  av-product-class-no_button'><a href=\"https:\/\/luview.com\/it\/product\/jy-m755-4-ch-7-inch-ip67-waterproof-digital-ahd-lcd-monitor\/\" class=\"woocommerce-LoopProduct-link woocommerce-loop-product__link\"><div class='thumbnail_container'><img decoding=\"async\" width=\"600\" height=\"600\" data-src=\"https:\/\/luview.com\/wp-content\/uploads\/2022\/06\/M755\u9996\u9875\u65b9\u5411-1-600x600.jpg\" class=\"wp-image-36514 avia-img-lazy-loading-36514 attachment-woocommerce_thumbnail size-woocommerce_thumbnail wp-post-image lazyload\"  data-srcset=\"https:\/\/luview.com\/wp-content\/uploads\/2022\/06\/M755\u9996\u9875\u65b9\u5411-1-600x600.jpg 600w, https:\/\/luview.com\/wp-content\/uploads\/2022\/06\/M755\u9996\u9875\u65b9\u5411-1-100x100.jpg 100w, https:\/\/luview.com\/wp-content\/uploads\/2022\/06\/M755\u9996\u9875\u65b9\u5411-1-300x300.jpg 300w, https:\/\/luview.com\/wp-content\/uploads\/2022\/06\/M755\u9996\u9875\u65b9\u5411-1-80x80.jpg 80w, https:\/\/luview.com\/wp-content\/uploads\/2022\/06\/M755\u9996\u9875\u65b9\u5411-1-768x768.jpg 768w, https:\/\/luview.com\/wp-content\/uploads\/2022\/06\/M755\u9996\u9875\u65b9\u5411-1-36x36.jpg 36w, https:\/\/luview.com\/wp-content\/uploads\/2022\/06\/M755\u9996\u9875\u65b9\u5411-1-180x180.jpg 180w, https:\/\/luview.com\/wp-content\/uploads\/2022\/06\/M755\u9996\u9875\u65b9\u5411-1-430x430.jpg 430w, https:\/\/luview.com\/wp-content\/uploads\/2022\/06\/M755\u9996\u9875\u65b9\u5411-1-630x630.jpg 630w, https:\/\/luview.com\/wp-content\/uploads\/2022\/06\/M755\u9996\u9875\u65b9\u5411-1-705x705.jpg 705w, https:\/\/luview.com\/wp-content\/uploads\/2022\/06\/M755\u9996\u9875\u65b9\u5411-1-321x321.jpg 321w, https:\/\/luview.com\/wp-content\/uploads\/2022\/06\/M755\u9996\u9875\u65b9\u5411-1-120x120.jpg 120w, https:\/\/luview.com\/wp-content\/uploads\/2022\/06\/M755\u9996\u9875\u65b9\u5411-1-450x450.jpg 450w, https:\/\/luview.com\/wp-content\/uploads\/2022\/06\/M755\u9996\u9875\u65b9\u5411-1-500x500.jpg 500w, https:\/\/luview.com\/wp-content\/uploads\/2022\/06\/M755\u9996\u9875\u65b9\u5411-1.jpg 800w\" data-sizes=\"(max-width: 600px) 100vw, 600px\" title=\"JY-M755 Monitor LCD digitale AHD impermeabile IP67 a 4 canali da 7 pollici\u7f29\u7565\u56fe\" alt=\"JY-M755 Monitor LCD digitale AHD impermeabile IP67 a 4 canali da 7 pollici\u7f29\u7565\u56fe\" src=\"data:image\/svg+xml;base64,PHN2ZyB3aWR0aD0iMSIgaGVpZ2h0PSIxIiB4bWxucz0iaHR0cDovL3d3dy53My5vcmcvMjAwMC9zdmciPjwvc3ZnPg==\" style=\"--smush-placeholder-width: 600px; --smush-placeholder-aspect-ratio: 600\/600;\" \/><span class='cart-loading'><\/span><\/div><div class='inner_product_header'><div class='avia-arrow'><\/div><div class='inner_product_header_table'><div class='inner_product_header_cell'><h2 class=\"woocommerce-loop-product__title\">JY-M755 Monitor LCD digitale AHD impermeabile IP67 a 4 canali da 7 pollici<\/h2>\n<\/div><\/div><\/div><\/a><\/div><\/li>\n<li class=\"product type-product post-1203 status-publish last instock product_cat-4-6-inch-monitors product_cat-waterproof-monitors has-post-thumbnail shipping-taxable product-type-simple\">\n\t<div class='inner_product main_color wrapped_style noLightbox  av-product-class-no_button'><a href=\"https:\/\/luview.com\/it\/product\/jy-m550-2-ch-5-inch-ip69k-waterproof-flipped-image-tft-monitor\/\" class=\"woocommerce-LoopProduct-link woocommerce-loop-product__link\"><div class='thumbnail_container'><img decoding=\"async\" width=\"600\" height=\"600\" data-src=\"https:\/\/luview.com\/wp-content\/uploads\/2022\/06\/M550\u9996\u9875\u65b9\u5411-1-1-600x600.jpg\" class=\"wp-image-35862 avia-img-lazy-loading-35862 attachment-woocommerce_thumbnail size-woocommerce_thumbnail wp-post-image lazyload\"  data-srcset=\"https:\/\/luview.com\/wp-content\/uploads\/2022\/06\/M550\u9996\u9875\u65b9\u5411-1-1-600x600.jpg 600w, https:\/\/luview.com\/wp-content\/uploads\/2022\/06\/M550\u9996\u9875\u65b9\u5411-1-1-100x100.jpg 100w, https:\/\/luview.com\/wp-content\/uploads\/2022\/06\/M550\u9996\u9875\u65b9\u5411-1-1-300x300.jpg 300w, https:\/\/luview.com\/wp-content\/uploads\/2022\/06\/M550\u9996\u9875\u65b9\u5411-1-1-80x80.jpg 80w, https:\/\/luview.com\/wp-content\/uploads\/2022\/06\/M550\u9996\u9875\u65b9\u5411-1-1-768x768.jpg 768w, https:\/\/luview.com\/wp-content\/uploads\/2022\/06\/M550\u9996\u9875\u65b9\u5411-1-1-36x36.jpg 36w, https:\/\/luview.com\/wp-content\/uploads\/2022\/06\/M550\u9996\u9875\u65b9\u5411-1-1-180x180.jpg 180w, https:\/\/luview.com\/wp-content\/uploads\/2022\/06\/M550\u9996\u9875\u65b9\u5411-1-1-430x430.jpg 430w, https:\/\/luview.com\/wp-content\/uploads\/2022\/06\/M550\u9996\u9875\u65b9\u5411-1-1-630x630.jpg 630w, https:\/\/luview.com\/wp-content\/uploads\/2022\/06\/M550\u9996\u9875\u65b9\u5411-1-1-705x705.jpg 705w, https:\/\/luview.com\/wp-content\/uploads\/2022\/06\/M550\u9996\u9875\u65b9\u5411-1-1-321x321.jpg 321w, https:\/\/luview.com\/wp-content\/uploads\/2022\/06\/M550\u9996\u9875\u65b9\u5411-1-1-120x120.jpg 120w, https:\/\/luview.com\/wp-content\/uploads\/2022\/06\/M550\u9996\u9875\u65b9\u5411-1-1-450x450.jpg 450w, https:\/\/luview.com\/wp-content\/uploads\/2022\/06\/M550\u9996\u9875\u65b9\u5411-1-1-500x500.jpg 500w, https:\/\/luview.com\/wp-content\/uploads\/2022\/06\/M550\u9996\u9875\u65b9\u5411-1-1.jpg 800w\" data-sizes=\"(max-width: 600px) 100vw, 600px\" title=\"JY-M550 Monitor TFT impermeabile IP69K a 2 canali da 5 pollici con immagine capovolta\u7f29\u7565\u56fe\" alt=\"JY-M550 Monitor TFT impermeabile IP69K a 2 canali da 5 pollici con immagine capovolta\u7f29\u7565\u56fe\" src=\"data:image\/svg+xml;base64,PHN2ZyB3aWR0aD0iMSIgaGVpZ2h0PSIxIiB4bWxucz0iaHR0cDovL3d3dy53My5vcmcvMjAwMC9zdmciPjwvc3ZnPg==\" style=\"--smush-placeholder-width: 600px; --smush-placeholder-aspect-ratio: 600\/600;\" \/><span class='cart-loading'><\/span><\/div><div class='inner_product_header'><div class='avia-arrow'><\/div><div class='inner_product_header_table'><div class='inner_product_header_cell'><h2 class=\"woocommerce-loop-product__title\">JY-M550 Monitor TFT impermeabile IP69K a 2 canali da 5 pollici con immagine capovolta<\/h2>\n<\/div><\/div><\/div><\/a><\/div><\/li>\n<li class=\"product type-product post-1197 status-publish first instock product_cat-7-inch-monitors product_cat-waterproof-monitors has-post-thumbnail shipping-taxable product-type-simple\">\n\t<div class='inner_product main_color wrapped_style noLightbox  av-product-class-no_button'><a href=\"https:\/\/luview.com\/it\/product\/jy-m750-169-wide-screen-4-ch-7-inch-ip69k-waterproof-monitor\/\" class=\"woocommerce-LoopProduct-link woocommerce-loop-product__link\"><div class='thumbnail_container'><img decoding=\"async\" width=\"600\" height=\"600\" data-src=\"https:\/\/luview.com\/wp-content\/uploads\/2022\/06\/M750\u9996\u9875\u65b9\u5411-1-600x600.jpg\" class=\"wp-image-35854 avia-img-lazy-loading-35854 attachment-woocommerce_thumbnail size-woocommerce_thumbnail wp-post-image lazyload\"  data-srcset=\"https:\/\/luview.com\/wp-content\/uploads\/2022\/06\/M750\u9996\u9875\u65b9\u5411-1-600x600.jpg 600w, https:\/\/luview.com\/wp-content\/uploads\/2022\/06\/M750\u9996\u9875\u65b9\u5411-1-100x100.jpg 100w, https:\/\/luview.com\/wp-content\/uploads\/2022\/06\/M750\u9996\u9875\u65b9\u5411-1-300x300.jpg 300w, https:\/\/luview.com\/wp-content\/uploads\/2022\/06\/M750\u9996\u9875\u65b9\u5411-1-80x80.jpg 80w, https:\/\/luview.com\/wp-content\/uploads\/2022\/06\/M750\u9996\u9875\u65b9\u5411-1-768x768.jpg 768w, https:\/\/luview.com\/wp-content\/uploads\/2022\/06\/M750\u9996\u9875\u65b9\u5411-1-36x36.jpg 36w, https:\/\/luview.com\/wp-content\/uploads\/2022\/06\/M750\u9996\u9875\u65b9\u5411-1-180x180.jpg 180w, https:\/\/luview.com\/wp-content\/uploads\/2022\/06\/M750\u9996\u9875\u65b9\u5411-1-430x430.jpg 430w, https:\/\/luview.com\/wp-content\/uploads\/2022\/06\/M750\u9996\u9875\u65b9\u5411-1-630x630.jpg 630w, https:\/\/luview.com\/wp-content\/uploads\/2022\/06\/M750\u9996\u9875\u65b9\u5411-1-705x705.jpg 705w, https:\/\/luview.com\/wp-content\/uploads\/2022\/06\/M750\u9996\u9875\u65b9\u5411-1-321x321.jpg 321w, https:\/\/luview.com\/wp-content\/uploads\/2022\/06\/M750\u9996\u9875\u65b9\u5411-1-120x120.jpg 120w, https:\/\/luview.com\/wp-content\/uploads\/2022\/06\/M750\u9996\u9875\u65b9\u5411-1-450x450.jpg 450w, https:\/\/luview.com\/wp-content\/uploads\/2022\/06\/M750\u9996\u9875\u65b9\u5411-1-500x500.jpg 500w, https:\/\/luview.com\/wp-content\/uploads\/2022\/06\/M750\u9996\u9875\u65b9\u5411-1.jpg 800w\" data-sizes=\"(max-width: 600px) 100vw, 600px\" title=\"JY-M750 Monitor impermeabile IP69K con schermo panoramico 16:9, 4 canali e 7 pollici\u7f29\u7565\u56fe\" alt=\"JY-M750 Monitor impermeabile IP69K con schermo panoramico 16:9, 4 canali e 7 pollici\u7f29\u7565\u56fe\" src=\"data:image\/svg+xml;base64,PHN2ZyB3aWR0aD0iMSIgaGVpZ2h0PSIxIiB4bWxucz0iaHR0cDovL3d3dy53My5vcmcvMjAwMC9zdmciPjwvc3ZnPg==\" style=\"--smush-placeholder-width: 600px; --smush-placeholder-aspect-ratio: 600\/600;\" \/><span class='cart-loading'><\/span><\/div><div class='inner_product_header'><div class='avia-arrow'><\/div><div class='inner_product_header_table'><div class='inner_product_header_cell'><h2 class=\"woocommerce-loop-product__title\">JY-M750 Monitor impermeabile IP69K da 7 pollici con schermo panoramico 16:9 a 4 canali<\/h2>\n<\/div><\/div><\/div><\/a><\/div><\/li>\n<\/ul><\/div><\/div><div class=\"clear\"><\/div><\/div><div class='flex_column av-4ubxv-213bc428d71aa730c5a18fbc0d9954c9 av_one_full  avia-builder-el-0  el_before_av_three_fourth  avia-builder-el-first  first flex_column_div'   ><section  class='av_textblock_section av-4bhe3-b5d2024edd0490f6b2ae124c64cf457e'  itemscope=\"itemscope\" itemtype=\"https:\/\/schema.org\/CreativeWork\" ><div class='avia_textblock'  itemprop=\"text\" ><h3>Requisiti dei monitor di backup impermeabili<\/h3>\n<p>Il livello di protezione del monitor di backup impermeabile \u00e8 generalmente indicato come IPXY, ad esempio: IP65, X rappresenta il livello di protezione del monitor digitale contro la polvere e l'intrusione di oggetti esterni, mentre Y rappresenta l'ermeticit\u00e0 del monitor di backup contro l'umidit\u00e0 e l'intrusione di acqua. Pi\u00f9 alto \u00e8 il livello di protezione, pi\u00f9 il significato dei numeri X e Y sar\u00e0 discusso di seguito.<\/p>\n<p><strong><b>X rappresenta il significato del codice digitale:<\/b><\/strong><\/p>\n<p>0: nessuna protezione<\/p>\n<p>1: Protezione contro gli esosomi solidi di 50 mm di diametro o pi\u00f9 grandi<\/p>\n<p>2: Protezione contro gli esosomi solidi di diametro pari o superiore a 12,5 mm<\/p>\n<p>3: protezione contro gli esosomi solidi di diametro pari o superiore a 2,5 mm<\/p>\n<p>4: Protezione contro gli esosomi solidi di diametro pari o superiore a 1,0 mm<\/p>\n<p>5: Impedire l'accumulo di polvere nociva (\u00e8 impossibile impedire completamente l'ingresso della polvere, ma la quantit\u00e0 di polvere che entra non causer\u00e0 danni all'apparecchiatura)<\/p>\n<p>6: Impedire completamente l'ingresso di polvere (la polvere non deve entrare nell'armadio ad una bassa pressione di 20 mbar)<\/p>\n<p><strong><b>Y rappresenta il significato del codice digitale<\/b><\/strong><\/p>\n<p>0: nessuna protezione<\/p>\n<p>1: Protezione dalle gocce d'acqua (le gocce d'acqua che cadono verticalmente non dovrebbero causare danni)<\/p>\n<p>2: Quando il guscio \u00e8 inclinato di 15 gradi, \u00e8 protetto dalle gocce d'acqua e le gocce d'acqua che cadono verticalmente non dovrebbero causare danni.<\/p>\n<p>3: Protezione contro gli spruzzi d'acqua (l'acqua o la pioggia provenienti da un angolo di 60 gradi rispetto alla scocca non hanno effetto)<\/p>\n<p>4: Spruzzo d'acqua protettivo (il liquido spruzzato sul guscio da qualsiasi direzione non ha alcun effetto dannoso)<\/p>\n<p>5: Getti d'acqua protettivi (che sparano acqua da ogni direzione verso il mobile senza alcun danno)<\/p>\n<p>6: Protezione contro i forti getti d'acqua (i forti getti d'acqua indirizzati verso l'armadio da ogni direzione non causeranno alcun danno)<\/p>\n<p>7: Pu\u00f2 resistere all'immersione in acqua in breve tempo (1m)<\/p>\n<p>8: Pu\u00f2 essere immerso in acqua per lungo tempo a determinate pressioni.<\/p>\n<p>La classificazione del livello di impermeabilit\u00e0 del monitor digitale per interni e per esterni \u00e8 diversa. Il livello di impermeabilit\u00e0 per esterni \u00e8 generalmente pi\u00f9 alto di quello per interni, perch\u00e9 il display digitale per esterni \u00e8 pi\u00f9 soggetto a pioggia o necessita di impermeabilit\u00e0 rispetto al monitor digitale per interni.<\/p>\n<h3>Vantaggi dei monitor di backup impermeabili Luview<\/h3>\n<p><strong><b>Impermeabile IP6<\/b><\/strong><strong><b>8<\/b><\/strong><\/p>\n<p>Un monitor di backup impermeabile di qualit\u00e0 pu\u00f2 garantire la massima tranquillit\u00e0 quando si guida in condizioni di pioggia. Questo tipo di telecamera di backup presenta un design impermeabile Ip68. La telecamera utilizza 18 luci a infrarossi per vedere dietro l'auto ed \u00e8 dotata di un pannello Ips che facilita la visione a prescindere dall'angolazione. Il monitor ha una risoluzione di 1024 x 600 pixel ad alta risoluzione con una funzione di miglioramento del colore per ridurre il rumore dell'immagine.<\/p>\n<p><strong><b>Angolo di visione ampio 150\u00b0<\/b><\/strong><\/p>\n<p>Un sistema di monitoraggio di backup di qualit\u00e0 dovrebbe avere caratteristiche come un ampio angolo di visione di 150 gradi, una modalit\u00e0 di super visione notturna e un telecomando. Alcuni modelli sono dotati di pi\u00f9 telecamere, che rendono l'esperienza di visione pi\u00f9 facile e sicura. Questo tipo di telecamera di backup deve essere alimentata da 9-14 V e deve essere in grado di funzionare con un connettore RCA.<\/p>\n<h3>Veicoli che richiedono un monitor di backup impermeabile<\/h3>\n<p>Il monitor di backup impermeabile \u00e8 ottimo per una guida sicura e risolve i problemi di angoli ciechi e difficolt\u00e0 di retromarcia che si verificano durante la guida. Il monitor impermeabile per auto Luview adotta uno schermo LCD digitale con una qualit\u00e0 d'immagine chiara. \u00c8 dotato di una telecamera per auto che consente al veicolo di evitare gli incidenti stradali causati dal punto cieco nella parte posteriore dell'auto durante la retromarcia.<\/p>\n<p>Il monitor impermeabile pu\u00f2 essere applicato a veicoli di grandi dimensioni come autobus, veicoli tecnici e camion. I sistemi di monitor impermeabili sono generalmente dotati di funzioni quali la retromarcia, la commutazione automatica e il monitoraggio multischermo.<\/p>\n<h3>Come scegliere un produttore di monitor affidabile<\/h3>\n<p>Come posso trovare un produttore o un fornitore di monitor di backup impermeabili? \u00c8 meglio lavorare con produttori vicini a me o all'estero? Come faccio a sapere se un produttore \u00e8 legittimo? Sia che si intenda produrre qualcosa in proprio, sia che si vogliano trovare dei fornitori da cui acquistare all'ingrosso, non \u00e8 sempre facile trovare prodotti validi. Di seguito sono elencate alcune opzioni di riferimento.<\/p>\n<ol>\n<li><strong>In primo luogo<\/strong>, In caso di problemi di approvvigionamento, \u00e8 necessario selezionare i produttori in grado di fornire in modo stabile per un lungo periodo di tempo. Alcuni produttori abbasseranno il prezzo in un breve periodo di tempo perch\u00e9 vogliono lottare per il diritto di fornitura, ma la fornitura \u00e8 instabile. I produttori con forniture stabili dovrebbero essere elencati come prima priorit\u00e0.<\/li>\n<li><strong>In secondo luogo<\/strong>, il problema della qualit\u00e0. Se la fornitura di beni \u00e8 garantita, \u00e8 necessario giudicare in base alla qualit\u00e0 e utilizzare produttori con una qualit\u00e0 migliore. Ad esempio, lo stesso display impermeabile, alcuni sono impermeabili IP68, altri IP65, si consiglia di scegliere un produttore con prestazioni impermeabili migliori.<\/li>\n<li><strong>Terzo<\/strong>, il problema del prezzo. Confrontate i prezzi quando entrambe le condizioni sono soddisfatte.<\/li>\n<\/ol>\n<p>Oltre a vari tipi di monitor di backup impermeabili, Luview fornisce anche soluzioni visive come telecamere per veicoli, telecamere da cruscotto, ecc. Non esitate a contattarci <a href=\"http:\/\/mailto:sales@luview.com\/\">sales@luview.com<\/a>\u00a0.<\/p>\n<\/div><\/section><\/div><\/p>","protected":false},"excerpt":{"rendered":"","protected":false},"author":1,"featured_media":0,"parent":640,"menu_order":0,"comment_status":"closed","ping_status":"closed","template":"","meta":{"_monsterinsights_skip_tracking":false,"_monsterinsights_sitenote_active":false,"_monsterinsights_sitenote_note":"","_monsterinsights_sitenote_category":0,"footnotes":""},"class_list":["post-663","page","type-page","status-publish","hentry"],"_links":{"self":[{"href":"https:\/\/luview.com\/it\/wp-json\/wp\/v2\/pages\/663","targetHints":{"allow":["GET"]}}],"collection":[{"href":"https:\/\/luview.com\/it\/wp-json\/wp\/v2\/pages"}],"about":[{"href":"https:\/\/luview.com\/it\/wp-json\/wp\/v2\/types\/page"}],"author":[{"embeddable":true,"href":"https:\/\/luview.com\/it\/wp-json\/wp\/v2\/users\/1"}],"replies":[{"embeddable":true,"href":"https:\/\/luview.com\/it\/wp-json\/wp\/v2\/comments?post=663"}],"version-history":[{"count":3,"href":"https:\/\/luview.com\/it\/wp-json\/wp\/v2\/pages\/663\/revisions"}],"predecessor-version":[{"id":44518,"href":"https:\/\/luview.com\/it\/wp-json\/wp\/v2\/pages\/663\/revisions\/44518"}],"up":[{"embeddable":true,"href":"https:\/\/luview.com\/it\/wp-json\/wp\/v2\/pages\/640"}],"wp:attachment":[{"href":"https:\/\/luview.com\/it\/wp-json\/wp\/v2\/media?parent=663"}],"curies":[{"name":"wp","href":"https:\/\/api.w.org\/{rel}","templated":true}]}}