{"id":679,"date":"2022-05-24T04:57:45","date_gmt":"2022-05-24T04:57:45","guid":{"rendered":"https:\/\/luview.com\/?page_id=679"},"modified":"2026-03-10T02:58:15","modified_gmt":"2026-03-10T02:58:15","slug":"360-surround-camerasysteem","status":"publish","type":"page","link":"https:\/\/luview.com\/nl\/products\/rear-view-system\/360-surround-camera-system\/","title":{"rendered":"360\u00b0 surround camerasysteem"},"content":{"rendered":"<style type=\"text\/css\" data-created_by=\"avia_inline_auto\" id=\"style-css-av-l2y9d09l-dba2ddc1697532ae540078bc5bf8a8e6\">\n.avia-section.av-l2y9d09l-dba2ddc1697532ae540078bc5bf8a8e6{\nbackground-repeat:no-repeat;\nbackground-image:url(https:\/\/luview.com\/wp-content\/uploads\/2024\/11\/\u540e\u89c6.jpg);\nbackground-position:50% 50%;\nbackground-attachment:scroll;\n}\n.avia-section.av-l2y9d09l-dba2ddc1697532ae540078bc5bf8a8e6 .av-section-color-overlay{\nopacity:0.8;\nbackground-color:#222222;\n}\n<\/style>\n<div id='av_section_1'  class='avia-section av-l2y9d09l-dba2ddc1697532ae540078bc5bf8a8e6 main_color avia-section-default avia-no-border-styling  avia-builder-el-0  el_before_av_one_full  avia-builder-el-first  titlebarbox avia-full-stretch avia-bg-style-scroll av-section-color-overlay-active container_wrap sidebar_left'  data-section-bg-repeat='stretch'><div class=\"av-section-color-overlay-wrap\"><div class=\"av-section-color-overlay\"><\/div><div class='container av-section-cont-open' ><main  role=\"main\" itemprop=\"mainContentOfPage\"  class='template-page content  av-content-small units'><div class='post-entry post-entry-type-page post-entry-679'><div class='entry-content-wrapper clearfix'>\n\n<style type=\"text\/css\" data-created_by=\"avia_inline_auto\" id=\"style-css-av-ro2v-a87e36abb91cc5e18f3d0098b40720d3\">\n.flex_column.av-ro2v-a87e36abb91cc5e18f3d0098b40720d3{\npadding:10% 0 10% 0;\n}\n<\/style>\n<div class='flex_column av-ro2v-a87e36abb91cc5e18f3d0098b40720d3 av_one_full  avia-builder-el-1  avia-builder-el-no-sibling  first flex_column_div'   ><style type=\"text\/css\" data-created_by=\"avia_inline_auto\" id=\"style-css-av-l2y9au29-bf07c75c092d3a9f62676db415f615f7\">\n#top .av_textblock_section.av-l2y9au29-bf07c75c092d3a9f62676db415f615f7 .avia_textblock{\ncolor:#ffffff;\ntext-align:center;\n}\n<\/style>\n<section  class='av_textblock_section av-l2y9au29-bf07c75c092d3a9f62676db415f615f7'  itemscope=\"itemscope\" itemtype=\"https:\/\/schema.org\/CreativeWork\" ><div class='avia_textblock av_inherit_color'  itemprop=\"text\" ><h1>360\u00b0 surround camerasysteem<\/h1>\n<\/div><\/section><br \/>\n<\/p><\/div>\n<\/div><\/div><\/main><!-- close content main element --><\/div><\/div><\/div><div id='after_section_1'  class='main_color av_default_container_wrap container_wrap sidebar_left'  ><div class='container av-section-cont-open' ><div class='template-page content  av-content-small units'><div class='post-entry post-entry-type-page post-entry-679'><div class='entry-content-wrapper clearfix'>\n<div class='flex_column av-6hmib-0f7b6fcf00f9273a80dfc45f533798fb av_one_full  avia-builder-el-4  el_after_av_section  el_before_av_one_full  avia-builder-el-first  first flex_column_div'   ><section  class='av_textblock_section av-l2y9squj-e76031f6dac70c55a963b220d7b8ed83'  itemscope=\"itemscope\" itemtype=\"https:\/\/schema.org\/CreativeWork\" ><div class='avia_textblock'  itemprop=\"text\" ><h3 style=\"font-weight: bold;\">Alle 360 Surround-camerasystemen<\/h3>\n<\/div><\/section><br \/>\n<section  class='av_textblock_section av-l2y9tm1e-80c30be322df05d44e75397a617f5c97'  itemscope=\"itemscope\" itemtype=\"https:\/\/schema.org\/CreativeWork\" ><div class='avia_textblock'  itemprop=\"text\" ><p>Luview 360\u00b0 surround view camerasysteem kan de bestuurder een 360\u00b0 beeld van de wegomstandigheden rond het voertuig tonen via 4 camera's buiten de auto, en helpt de bestuurder ongelukken te voorkomen die worden veroorzaakt door dode hoeken in smalle weggedeelten en bij achteruit inparkeren. Luview is een professionele 360 graden surround view camerasysteem fabrikant en leverancier van oplossingen uit China, welkom om ons te contacteren door <a href=\"mailto:sales@luview.com\"><u>sales@luview.com<\/u><\/a>\u00a0als je vragen hebt.<\/p>\n<\/div><\/section><br \/>\n<div  class='avia-button-wrap avia-button-left  avia-builder-el-7  el_after_av_textblock  avia-builder-el-last' ><a href='https:\/\/luview.com\/nl\/contact\/'  class='avia-button av-l2y9umzk-d16bac7bf4e11df2896cb79984c1e31c avia-icon_select-no avia-size-large avia-position-left avia-color-theme-color' ><span class='avia_iconbox_title' >Nu informeren<\/span><\/a><\/div><\/p><\/div>\n<div class='flex_column av-5hzen-23301fe4c356e81a47b358eb060165d1 av_one_full  avia-builder-el-8  el_after_av_one_full  el_before_av_one_full  first flex_column_div column-top-margin'   ><div  class='avia-product-slider-container av-l2y9wj0i-13495f0fae3907e4dfba74992f90dcda template-shop avia-content-slider avia-content-grid-active shop_columns_3  avia-builder-el-9  avia-builder-el-no-sibling  myproducts avia-content-slider-odd  avia-builder-el-9  avia-builder-el-no-sibling  myproducts avia-product-slider1'  data-autoplay=''  data-interval='5'  data-animation='fade'  data-hoverpause='1' ><div class='avia-content-slider-inner'><ul class=\"products\"><li class=\"product type-product post-25961 status-publish first instock product_cat-360-surround-view-system product_cat-hot-product has-post-thumbnail shipping-taxable product-type-simple\">\n\t<div class='inner_product main_color wrapped_style noLightbox  av-product-class-no_button'><a href=\"https:\/\/luview.com\/nl\/product\/jy-fv04-360-degree-panoramic-radar-surveillance-system-with-intelligent-ai-alert\/\" class=\"woocommerce-LoopProduct-link woocommerce-loop-product__link\"><div class='thumbnail_container'><img decoding=\"async\" width=\"600\" height=\"600\" data-src=\"https:\/\/luview.com\/wp-content\/uploads\/2024\/07\/8-1-600x600.jpg\" class=\"wp-image-25963 avia-img-lazy-loading-25963 attachment-woocommerce_thumbnail size-woocommerce_thumbnail wp-post-image lazyload\"  data-srcset=\"https:\/\/luview.com\/wp-content\/uploads\/2024\/07\/8-1-600x600.jpg 600w, https:\/\/luview.com\/wp-content\/uploads\/2024\/07\/8-1-100x100.jpg 100w, https:\/\/luview.com\/wp-content\/uploads\/2024\/07\/8-1-300x300.jpg 300w, https:\/\/luview.com\/wp-content\/uploads\/2024\/07\/8-1-80x80.jpg 80w, https:\/\/luview.com\/wp-content\/uploads\/2024\/07\/8-1-768x768.jpg 768w, https:\/\/luview.com\/wp-content\/uploads\/2024\/07\/8-1-36x36.jpg 36w, https:\/\/luview.com\/wp-content\/uploads\/2024\/07\/8-1-180x180.jpg 180w, https:\/\/luview.com\/wp-content\/uploads\/2024\/07\/8-1-430x430.jpg 430w, https:\/\/luview.com\/wp-content\/uploads\/2024\/07\/8-1-630x630.jpg 630w, https:\/\/luview.com\/wp-content\/uploads\/2024\/07\/8-1-705x705.jpg 705w, https:\/\/luview.com\/wp-content\/uploads\/2024\/07\/8-1-321x321.jpg 321w, https:\/\/luview.com\/wp-content\/uploads\/2024\/07\/8-1-120x120.jpg 120w, https:\/\/luview.com\/wp-content\/uploads\/2024\/07\/8-1-450x450.jpg 450w, https:\/\/luview.com\/wp-content\/uploads\/2024\/07\/8-1.jpg 800w\" data-sizes=\"(max-width: 600px) 100vw, 600px\" title=\"JY-FV04 360 graden panoramisch radarsurveillancesysteem met intelligente AI-waarschuwing\u7f29\u7565\u56fe\" alt=\"JY-FV04 360 graden panoramisch radarsurveillancesysteem met intelligente AI-waarschuwing\u7f29\u7565\u56fe\" src=\"data:image\/svg+xml;base64,PHN2ZyB3aWR0aD0iMSIgaGVpZ2h0PSIxIiB4bWxucz0iaHR0cDovL3d3dy53My5vcmcvMjAwMC9zdmciPjwvc3ZnPg==\" style=\"--smush-placeholder-width: 600px; --smush-placeholder-aspect-ratio: 600\/600;\" \/><span class='cart-loading'><\/span><\/div><div class='inner_product_header'><div class='avia-arrow'><\/div><div class='inner_product_header_table'><div class='inner_product_header_cell'><h2 class=\"woocommerce-loop-product__title\">JY-FV04 360 graden panoramisch radarbewakingssysteem met intelligente AI-waarschuwing<\/h2>\n<\/div><\/div><\/div><\/a><\/div><\/li>\n<li class=\"product type-product post-1278 status-publish instock product_cat-360-surround-view-system has-post-thumbnail shipping-taxable product-type-simple\">\n\t<div class='inner_product main_color wrapped_style noLightbox  av-product-class-no_button'><a href=\"https:\/\/luview.com\/nl\/product\/jy-bv360-360-degree-panoramic-image-surround-view-backup-camera-system\/\" class=\"woocommerce-LoopProduct-link woocommerce-loop-product__link\"><div class='thumbnail_container'><img decoding=\"async\" width=\"600\" height=\"600\" data-src=\"https:\/\/luview.com\/wp-content\/uploads\/2022\/06\/8-600x600.jpg\" class=\"wp-image-25975 avia-img-lazy-loading-25975 attachment-woocommerce_thumbnail size-woocommerce_thumbnail wp-post-image lazyload\"  data-srcset=\"https:\/\/luview.com\/wp-content\/uploads\/2022\/06\/8-600x600.jpg 600w, https:\/\/luview.com\/wp-content\/uploads\/2022\/06\/8-100x100.jpg 100w, https:\/\/luview.com\/wp-content\/uploads\/2022\/06\/8-300x300.jpg 300w, https:\/\/luview.com\/wp-content\/uploads\/2022\/06\/8-80x80.jpg 80w, https:\/\/luview.com\/wp-content\/uploads\/2022\/06\/8-768x768.jpg 768w, https:\/\/luview.com\/wp-content\/uploads\/2022\/06\/8-36x36.jpg 36w, https:\/\/luview.com\/wp-content\/uploads\/2022\/06\/8-180x180.jpg 180w, https:\/\/luview.com\/wp-content\/uploads\/2022\/06\/8-430x430.jpg 430w, https:\/\/luview.com\/wp-content\/uploads\/2022\/06\/8-630x630.jpg 630w, https:\/\/luview.com\/wp-content\/uploads\/2022\/06\/8-705x705.jpg 705w, https:\/\/luview.com\/wp-content\/uploads\/2022\/06\/8-321x321.jpg 321w, https:\/\/luview.com\/wp-content\/uploads\/2022\/06\/8-120x120.jpg 120w, https:\/\/luview.com\/wp-content\/uploads\/2022\/06\/8-450x450.jpg 450w, https:\/\/luview.com\/wp-content\/uploads\/2022\/06\/8.jpg 800w\" data-sizes=\"(max-width: 600px) 100vw, 600px\" title=\"JY-BV360 360 graden panoramisch beeld surround view back-up camerasysteem\u7f29\u7565\u56fe\" alt=\"JY-BV360 360 graden panoramisch beeld surround view back-up camerasysteem\u7f29\u7565\u56fe\" src=\"data:image\/svg+xml;base64,PHN2ZyB3aWR0aD0iMSIgaGVpZ2h0PSIxIiB4bWxucz0iaHR0cDovL3d3dy53My5vcmcvMjAwMC9zdmciPjwvc3ZnPg==\" style=\"--smush-placeholder-width: 600px; --smush-placeholder-aspect-ratio: 600\/600;\" \/><span class='cart-loading'><\/span><\/div><div class='inner_product_header'><div class='avia-arrow'><\/div><div class='inner_product_header_table'><div class='inner_product_header_cell'><h2 class=\"woocommerce-loop-product__title\">JY-BV360 360 graden panoramisch beeld surround view back-up camerasysteem<\/h2>\n<\/div><\/div><\/div><\/a><\/div><\/li>\n<\/ul><\/div><\/div><div class=\"clear\"><\/div><\/div><div class='flex_column av-4ubxv-213bc428d71aa730c5a18fbc0d9954c9 av_one_full  avia-builder-el-0  el_before_av_three_fourth  avia-builder-el-first  first flex_column_div'   ><section  class='av_textblock_section av-4bhe3-b5d2024edd0490f6b2ae124c64cf457e'  itemscope=\"itemscope\" itemtype=\"https:\/\/schema.org\/CreativeWork\" ><div class='avia_textblock'  itemprop=\"text\" ><h3>Wat is 360 surround view camerasysteem<\/h3>\n<p>Wat is een 360-graden surround view camerasysteem? Zoals de naam al aangeeft, gebruikt het 360-graden systeem vier camera's: een camera onder elke zijspiegel, een camera achter de achteruitkijkspiegel en een achteruitrijcamera. Samen geven deze camera's een virtueel 360-graden beeld van uw voertuig. Met deze camera's kun je eventuele gevaren detecteren die achter andere auto's schuilgaan. Dit systeem heeft veel voordelen.<\/p>\n<p>De technologie achter een 360-graden camerasysteem bestaat uit vier camera's: een achteruitkijkcamera, die vereist is door overheidsvoorschriften, een zijzichtcamera in de buitenspiegels en een frontcamera. Deze vier camera's worden vervolgens met behulp van software aan elkaar gekoppeld. In de meeste gevallen worden de beelden weergegeven op \u00e9\u00e9n scherm, meestal het infotainmentsysteem.<\/p>\n<p>Aftermarket 360-graden camerasystemen kunnen worden ge\u00efnstalleerd in het interieur van een auto, waardoor de installatie eenvoudiger en goedkoper is. Hoewel veel nieuwere auto's zijn uitgerust met deze technologie, kunnen aftermarket systemen worden toegevoegd aan auto's zonder een 360-graden surround view-systeem. Eenmaal ge\u00efnstalleerd kan een 360-graden camerasysteem fungeren als een standaard auto DVR. De camera's worden aangestuurd door een schoksensor die de opname activeert.<\/p>\n<h3>Voordelen van 360 surround view camerasysteem<\/h3>\n<p>Een van de grootste voordelen van een 360 surround view camerasysteem is de mogelijkheid om bestuurders te helpen dode hoeken te vermijden. Door een 360-graden zicht op de auto te bieden, kunnen bestuurders gemakkelijk dode hoeken vermijden en hun rijeffici\u00ebntie verbeteren.<\/p>\n<p>Bovendien wordt de bestuurder minder belast. Omdat ze de dode hoek wegnemen, zijn deze systemen ook handig bij parallel parkeren en het inparkeren in krappe parkeervakken. Ze helpen je om de hele weg voor je te zien zonder het zicht van je achteruitkijkspiegel te blokkeren.<\/p>\n<h3>Hoeveel kost een 360 surround view camerasysteem<\/h3>\n<p>Hoeveel kost een 360-graden surround view camerasysteem? Een in de fabriek ge\u00efnstalleerd systeem kost bijna $3.000, maar er zijn enkele uitzonderingen. Aftermarket systemen zijn niet zo goed als in de fabriek ge\u00efnstalleerde systemen. Fabriekssystemen hebben het voordeel dat ingenieurs de camera's hebben aangepast aan een specifiek model, terwijl aftermarket systemen niet kunnen worden aangepast aan een specifieke auto. De meeste aftermarket kits bevatten vier camera's en de nodige kabels. Ze kunnen ook worden geleverd met een scherm en afstandsbediening. Prijzen vari\u00ebren van $200 tot $900, maar installatie door derden kan nog eens $300 of $500 toevoegen.<\/p>\n<h3>Hoe installeer je een 360 surround view camerasysteem<\/h3>\n<p>Als je een 360 surround view camerasysteem aan je auto wilt toevoegen, moet je weten hoe je het toestel installeert. Het is eigenlijk een heel eenvoudig proces, als je maar een beetje verstand hebt van voertuigsystemen.<\/p>\n<p>De eerste stap is het verwijderen van de zijspiegels. Je moet ze loskoppelen voordat je het camerasysteem installeert.<\/p>\n<p>Plaats vervolgens een rubberen ring om de camera's te bevestigen. Je kunt een platte ring krijgen of een ring met een hoek van 15 graden.<\/p>\n<p>Vervolgens gebruikt het systeem software om het beeld van elke camera te interpreteren en samen te voegen tot een beeld op het infotainmentscherm van je auto.<\/p>\n<h3>Beste fabrikant van 360 surround view camerasystemen<\/h3>\n<p>Luview 360 surround viewing systeem kan worden gebruikt voor campers, schoolbussen, bussen, vrachtwagens en andere voertuigen om bestuurders te helpen de omgeving van het voertuig gemakkelijk te controleren. Het kan schakelen tussen verschillende kijkhoeken naargelang de behoeften van het gebruik en de beelden aan beide zijden van het voertuig tegelijkertijd weergeven. De visuele dode hoeken aan de voor-, achter-, linker- en rechterkant van het voertuig zijn in \u00e9\u00e9n oogopslag duidelijk, waardoor verborgen veiligheidsrisico's bij het starten van het voertuig effectief worden ge\u00eblimineerd.<\/p>\n<p>Het systeem implementeert real-time splicing en syntheseverwerking door 4 fisheye-camera's op het voertuig te installeren en softwarealgoritmen te gebruiken om visuele effecten van het voertuig en driedimensionale panoramische beelden met surroundweergave te realiseren. Verbetert effectief de veiligheid en het gemak van het rijden in verschillende parkeergarages en smalle rijstroken.<\/p>\n<p>Luview is one of the first companies to apply 360\u00b0 surround view camera system\u00a0to vehicles. Since its establishment, it has adhered to independent research and development and technological innovation, and has established a research and development center in the field of 360 panoramic and ADAS systems. It has a team of more than 30 people with high quality.\u00a0After years of development and accumulation, the R\u00a0&amp;\u00a0D team has applied for more than 30 patents and software copyrights, and the cumulative sales of 360 surround viewing systems\u00a0have exceeded 500,000 units.\u00a0If you want to improve driving safety and purchase 360 monitoring systems in bulk, please contact us\u00a0by <a href=\"mailto:sales@luview.com\"><u>sales@luview.com<\/u><\/a>\u00a0.<\/p>\n<\/div><\/section><\/div><\/p>","protected":false},"excerpt":{"rendered":"","protected":false},"author":1,"featured_media":0,"parent":689,"menu_order":0,"comment_status":"closed","ping_status":"closed","template":"","meta":{"_monsterinsights_skip_tracking":false,"_monsterinsights_sitenote_active":false,"_monsterinsights_sitenote_note":"","_monsterinsights_sitenote_category":0,"footnotes":""},"class_list":["post-679","page","type-page","status-publish","hentry"],"_links":{"self":[{"href":"https:\/\/luview.com\/nl\/wp-json\/wp\/v2\/pages\/679","targetHints":{"allow":["GET"]}}],"collection":[{"href":"https:\/\/luview.com\/nl\/wp-json\/wp\/v2\/pages"}],"about":[{"href":"https:\/\/luview.com\/nl\/wp-json\/wp\/v2\/types\/page"}],"author":[{"embeddable":true,"href":"https:\/\/luview.com\/nl\/wp-json\/wp\/v2\/users\/1"}],"replies":[{"embeddable":true,"href":"https:\/\/luview.com\/nl\/wp-json\/wp\/v2\/comments?post=679"}],"version-history":[{"count":2,"href":"https:\/\/luview.com\/nl\/wp-json\/wp\/v2\/pages\/679\/revisions"}],"predecessor-version":[{"id":44540,"href":"https:\/\/luview.com\/nl\/wp-json\/wp\/v2\/pages\/679\/revisions\/44540"}],"up":[{"embeddable":true,"href":"https:\/\/luview.com\/nl\/wp-json\/wp\/v2\/pages\/689"}],"wp:attachment":[{"href":"https:\/\/luview.com\/nl\/wp-json\/wp\/v2\/media?parent=679"}],"curies":[{"name":"wp","href":"https:\/\/api.w.org\/{rel}","templated":true}]}}