{"id":23272,"date":"2022-07-11T10:49:17","date_gmt":"2022-07-11T10:49:17","guid":{"rendered":"https:\/\/luview.com\/?page_id=23272"},"modified":"2025-08-07T09:13:39","modified_gmt":"2025-08-07T09:13:39","slug":"autobusy","status":"publish","type":"page","link":"https:\/\/luview.com\/pl\/solutions\/buses\/","title":{"rendered":"Autobusy"},"content":{"rendered":"<style type=\"text\/css\" data-created_by=\"avia_inline_auto\" id=\"style-css-av-l2mxefv0-35bb32fcfe7f503a8ac259e0986fd26a\">\n.avia-section.av-l2mxefv0-35bb32fcfe7f503a8ac259e0986fd26a{\nbackground-repeat:no-repeat;\nbackground-image:url(https:\/\/luview.com\/wp-content\/uploads\/2022\/05\/solution-head.jpg);\nbackground-position:50% 50%;\nbackground-attachment:scroll;\n}\n.avia-section.av-l2mxefv0-35bb32fcfe7f503a8ac259e0986fd26a .av-section-color-overlay{\nopacity:0.8;\nbackground-color:#222222;\n}\n<\/style>\n<div id='av_section_1'  class='avia-section av-l2mxefv0-35bb32fcfe7f503a8ac259e0986fd26a main_color avia-section-default avia-no-border-styling  avia-builder-el-0  el_before_av_one_full  avia-builder-el-first  titlebarbox avia-bg-style-scroll av-section-color-overlay-active container_wrap sidebar_left'  data-section-bg-repeat='no-repeat'><div class=\"av-section-color-overlay-wrap\"><div class=\"av-section-color-overlay\"><\/div><div class='container av-section-cont-open' ><main  role=\"main\" itemprop=\"mainContentOfPage\"  class='template-page content  av-content-small units'><div class='post-entry post-entry-type-page post-entry-23272'><div class='entry-content-wrapper clearfix'>\n\n<style type=\"text\/css\" data-created_by=\"avia_inline_auto\" id=\"style-css-av-l2mxr7wy-b4eaf1ebf22700ba8c0e3ddaf64fafea\">\n.flex_column.av-l2mxr7wy-b4eaf1ebf22700ba8c0e3ddaf64fafea{\npadding:10% 0 10% 0;\n}\n<\/style>\n<div class='flex_column av-l2mxr7wy-b4eaf1ebf22700ba8c0e3ddaf64fafea av_one_full  avia-builder-el-1  avia-builder-el-no-sibling  first flex_column_div'   ><style type=\"text\/css\" data-created_by=\"avia_inline_auto\" id=\"style-css-av-l2mxewun-812b60f9f631bff3f3cece738bb226b9\">\n#top .av_textblock_section.av-l2mxewun-812b60f9f631bff3f3cece738bb226b9 .avia_textblock{\ncolor:#ffffff;\ntext-align:center;\n}\n<\/style>\n<section  class='av_textblock_section av-l2mxewun-812b60f9f631bff3f3cece738bb226b9'  itemscope=\"itemscope\" itemtype=\"https:\/\/schema.org\/CreativeWork\" ><div class='avia_textblock av_inherit_color'  itemprop=\"text\" ><h1>Rozwi\u0105zania dla autobus\u00f3w<\/h1>\n<\/div><\/section><br \/>\n<\/p><\/div>\n<\/div><\/div><\/main><!-- close content main element --><\/div><\/div><\/div><div id='after_section_1'  class='main_color av_default_container_wrap container_wrap sidebar_left'  ><div class='container av-section-cont-open' ><div class='template-page content  av-content-small units'><div class='post-entry post-entry-type-page post-entry-23272'><div class='entry-content-wrapper clearfix'>\n<div class='flex_column av-zn923-2998580518e3833d33293177f79d69a5 av_one_full  avia-builder-el-4  el_after_av_section  el_before_av_one_third  avia-builder-el-first  first flex_column_div'   ><section  class='av_textblock_section av-l2vl9sc8-321202df39fd446ec8d30e8813d0d1d6'  itemscope=\"itemscope\" itemtype=\"https:\/\/schema.org\/CreativeWork\" ><div class='avia_textblock'  itemprop=\"text\" ><h3>Bus Backup Camera System &amp; Solution<\/h3>\n<\/div><\/section><br \/>\n<section  class='av_textblock_section av-l2vla2no-02a9d235c6ee455249ee410d4d085d73'  itemscope=\"itemscope\" itemtype=\"https:\/\/schema.org\/CreativeWork\" ><div class='avia_textblock'  itemprop=\"text\" ><p>Niezale\u017cnie od tego, czy potrzebujesz nowej kamery cofania do autobusu szkolnego, czy te\u017c chcesz poprawi\u0107 bezpiecze\u0144stwo swojej floty, w Luview znajdziesz odpowiednie rozwi\u0105zanie dla swoich potrzeb.<\/p>\n<p>Firma Shenzhen Luview Co., Ltd. zosta\u0142a za\u0142o\u017cona w 2006 roku i posiada ponad 18-letnie do\u015bwiadczenie w bran\u017cy monitoringu pojazd\u00f3w. Mo\u017cesz uzyska\u0107 od nas r\u00f3\u017cne produkty do kamer autobusowych w atrakcyjnej cenie, wysy\u0142aj\u0105c do nas e-mail na adres : <a href=\"mailto:sales@luview.com\"><u>sales@luview.com<\/u><\/a>\u00a0.<\/p>\n<\/div><\/section><\/p><\/div>\n<div class='flex_column av-2ps3aj-3e87c5f96607d28e3a55d1356f20c5cd av_one_third  avia-builder-el-7  el_after_av_one_full  el_before_av_one_third  first flex_column_div column-top-margin'   ><p>\n<style type=\"text\/css\" data-created_by=\"avia_inline_auto\" id=\"style-css-av-l2vl5f5x-c00ffa9b4d75974962cc409903ae049e\">\n.avia-image-container.av-l2vl5f5x-c00ffa9b4d75974962cc409903ae049e .av-image-caption-overlay-center{\ncolor:#ffffff;\n}\n<\/style>\n<div  class='avia-image-container av-l2vl5f5x-c00ffa9b4d75974962cc409903ae049e av-styling- avia-align-center  avia-builder-el-8  el_before_av_textblock  avia-builder-el-first'  itemprop=\"image\" itemscope=\"itemscope\" itemtype=\"https:\/\/schema.org\/ImageObject\" ><div class=\"avia-image-container-inner\"><div class=\"avia-image-overlay-wrap\"><a href=\"https:\/\/luview.com\/pl\/solutions\/buses\/school-bus-camera-solution\/\" class='avia_image' ><img decoding=\"async\" class='wp-image-23303 avia-img-lazy-loading-not-23303 avia_image lazyload' data-src=\"https:\/\/luview.com\/wp-content\/uploads\/2022\/07\/SCHOOL-BUS-CAMERA-SOLUTION.jpg\" alt='ROZWI\u0104ZANIE W ZAKRESIE KAMER W AUTOBUSACH SZKOLNYCH' title='ROZWI\u0104ZANIE W ZAKRESIE KAMER W AUTOBUSACH SZKOLNYCH'  height=\"400\" width=\"400\"  itemprop=\"thumbnailUrl\" data-srcset=\"https:\/\/luview.com\/wp-content\/uploads\/2022\/07\/SCHOOL-BUS-CAMERA-SOLUTION.jpg 400w, https:\/\/luview.com\/wp-content\/uploads\/2022\/07\/SCHOOL-BUS-CAMERA-SOLUTION-100x100.jpg 100w, https:\/\/luview.com\/wp-content\/uploads\/2022\/07\/SCHOOL-BUS-CAMERA-SOLUTION-300x300.jpg 300w, https:\/\/luview.com\/wp-content\/uploads\/2022\/07\/SCHOOL-BUS-CAMERA-SOLUTION-80x80.jpg 80w, https:\/\/luview.com\/wp-content\/uploads\/2022\/07\/SCHOOL-BUS-CAMERA-SOLUTION-36x36.jpg 36w, https:\/\/luview.com\/wp-content\/uploads\/2022\/07\/SCHOOL-BUS-CAMERA-SOLUTION-180x180.jpg 180w\" data-sizes=\"(max-width: 400px) 100vw, 400px\" src=\"data:image\/svg+xml;base64,PHN2ZyB3aWR0aD0iMSIgaGVpZ2h0PSIxIiB4bWxucz0iaHR0cDovL3d3dy53My5vcmcvMjAwMC9zdmciPjwvc3ZnPg==\" style=\"--smush-placeholder-width: 400px; --smush-placeholder-aspect-ratio: 400\/400;\" \/><\/a><\/div><\/div><\/div><br \/>\n\n<style type=\"text\/css\" data-created_by=\"avia_inline_auto\" id=\"style-css-av-2m67d7-f8b3e92bddd972c8958c08357236f45c\">\n#top .av_textblock_section.av-2m67d7-f8b3e92bddd972c8958c08357236f45c .avia_textblock{\ntext-align:center;\n}\n<\/style>\n<section  class='av_textblock_section av-2m67d7-f8b3e92bddd972c8958c08357236f45c'  itemscope=\"itemscope\" itemtype=\"https:\/\/schema.org\/CreativeWork\" ><div class='avia_textblock'  itemprop=\"text\" ><h4 style=\"text-align: center;\"><a href=\"https:\/\/luview.com\/solutions\/buses\/school-bus-camera-solution\/\">Rozwi\u0105zanie w zakresie kamer w autobusach szkolnych<\/a><\/h4>\n<\/div><\/section><\/p><\/div>\n<div class='flex_column av-2ejarf-e202d8942680281a68fcdb041db7e656 av_one_third  avia-builder-el-10  el_after_av_one_third  el_before_av_one_third  flex_column_div column-top-margin'   ><p>\n<style type=\"text\/css\" data-created_by=\"avia_inline_auto\" id=\"style-css-av-l2vl5vyn-d769fd9577e4189e0c2864aa7e1a25d8\">\n.avia-image-container.av-l2vl5vyn-d769fd9577e4189e0c2864aa7e1a25d8 .av-image-caption-overlay-center{\ncolor:#ffffff;\n}\n<\/style>\n<div  class='avia-image-container av-l2vl5vyn-d769fd9577e4189e0c2864aa7e1a25d8 av-styling- avia-align-center  avia-builder-el-11  el_before_av_textblock  avia-builder-el-first'  itemprop=\"image\" itemscope=\"itemscope\" itemtype=\"https:\/\/schema.org\/ImageObject\" ><div class=\"avia-image-container-inner\"><div class=\"avia-image-overlay-wrap\"><a href=\"https:\/\/luview.com\/pl\/solutions\/buses\/shuttle-bus-camera-system\/\" class='avia_image' ><img decoding=\"async\" class='wp-image-23317 avia-img-lazy-loading-not-23317 avia_image lazyload' data-src=\"https:\/\/luview.com\/wp-content\/uploads\/2022\/07\/Shuttle-Bus-Camera-Solution.jpg\" alt='Kamera do autobus\u00f3w wahad\u0142owych' title='Kamera do autobus\u00f3w wahad\u0142owych'  height=\"400\" width=\"400\"  itemprop=\"thumbnailUrl\" data-srcset=\"https:\/\/luview.com\/wp-content\/uploads\/2022\/07\/Shuttle-Bus-Camera-Solution.jpg 400w, https:\/\/luview.com\/wp-content\/uploads\/2022\/07\/Shuttle-Bus-Camera-Solution-100x100.jpg 100w, https:\/\/luview.com\/wp-content\/uploads\/2022\/07\/Shuttle-Bus-Camera-Solution-300x300.jpg 300w, https:\/\/luview.com\/wp-content\/uploads\/2022\/07\/Shuttle-Bus-Camera-Solution-80x80.jpg 80w, https:\/\/luview.com\/wp-content\/uploads\/2022\/07\/Shuttle-Bus-Camera-Solution-36x36.jpg 36w, https:\/\/luview.com\/wp-content\/uploads\/2022\/07\/Shuttle-Bus-Camera-Solution-180x180.jpg 180w\" data-sizes=\"(max-width: 400px) 100vw, 400px\" src=\"data:image\/svg+xml;base64,PHN2ZyB3aWR0aD0iMSIgaGVpZ2h0PSIxIiB4bWxucz0iaHR0cDovL3d3dy53My5vcmcvMjAwMC9zdmciPjwvc3ZnPg==\" style=\"--smush-placeholder-width: 400px; --smush-placeholder-aspect-ratio: 400\/400;\" \/><\/a><\/div><\/div><\/div><br \/>\n\n<style type=\"text\/css\" data-created_by=\"avia_inline_auto\" id=\"style-css-av-2ame8b-12b496c1614357556a4c7bab706be968\">\n#top .av_textblock_section.av-2ame8b-12b496c1614357556a4c7bab706be968 .avia_textblock{\ntext-align:center;\n}\n<\/style>\n<section  class='av_textblock_section av-2ame8b-12b496c1614357556a4c7bab706be968'  itemscope=\"itemscope\" itemtype=\"https:\/\/schema.org\/CreativeWork\" ><div class='avia_textblock'  itemprop=\"text\" ><h4 style=\"text-align: center;\"><a href=\"https:\/\/luview.com\/solutions\/buses\/shuttle-bus-camera-system\/\">Kamera do autobus\u00f3w wahad\u0142owych<\/a><\/h4>\n<\/div><\/section><\/p><\/div>\n<div class='flex_column av-33x9jf-1c424f85e815b2819914c47335725612 av_one_third  avia-builder-el-13  el_after_av_one_third  el_before_av_one_third  flex_column_div column-top-margin'   ><p>\n<style type=\"text\/css\" data-created_by=\"avia_inline_auto\" id=\"style-css-av-l2vl2xqc-48c861c2c8570efb51ed9417c92f5c85\">\n.avia-image-container.av-l2vl2xqc-48c861c2c8570efb51ed9417c92f5c85 .av-image-caption-overlay-center{\ncolor:#ffffff;\n}\n<\/style>\n<div  class='avia-image-container av-l2vl2xqc-48c861c2c8570efb51ed9417c92f5c85 av-styling- avia-align-center  avia-builder-el-14  el_before_av_textblock  avia-builder-el-first'  itemprop=\"image\" itemscope=\"itemscope\" itemtype=\"https:\/\/schema.org\/ImageObject\" ><div class=\"avia-image-container-inner\"><div class=\"avia-image-overlay-wrap\"><a href=\"https:\/\/luview.com\/pl\/solutions\/buses\/transit-bus-camera-system\/\" class='avia_image' ><img decoding=\"async\" class='wp-image-23313 avia-img-lazy-loading-not-23313 avia_image lazyload' data-src=\"https:\/\/luview.com\/wp-content\/uploads\/2022\/07\/Transit-Bus-Camera-Solution.jpg\" alt='Kamera do autobus\u00f3w tranzytowych' title='Kamera do autobus\u00f3w tranzytowych'  height=\"400\" width=\"400\"  itemprop=\"thumbnailUrl\" data-srcset=\"https:\/\/luview.com\/wp-content\/uploads\/2022\/07\/Transit-Bus-Camera-Solution.jpg 400w, https:\/\/luview.com\/wp-content\/uploads\/2022\/07\/Transit-Bus-Camera-Solution-100x100.jpg 100w, https:\/\/luview.com\/wp-content\/uploads\/2022\/07\/Transit-Bus-Camera-Solution-300x300.jpg 300w, https:\/\/luview.com\/wp-content\/uploads\/2022\/07\/Transit-Bus-Camera-Solution-80x80.jpg 80w, https:\/\/luview.com\/wp-content\/uploads\/2022\/07\/Transit-Bus-Camera-Solution-36x36.jpg 36w, https:\/\/luview.com\/wp-content\/uploads\/2022\/07\/Transit-Bus-Camera-Solution-180x180.jpg 180w\" data-sizes=\"(max-width: 400px) 100vw, 400px\" src=\"data:image\/svg+xml;base64,PHN2ZyB3aWR0aD0iMSIgaGVpZ2h0PSIxIiB4bWxucz0iaHR0cDovL3d3dy53My5vcmcvMjAwMC9zdmciPjwvc3ZnPg==\" style=\"--smush-placeholder-width: 400px; --smush-placeholder-aspect-ratio: 400\/400;\" \/><\/a><\/div><\/div><\/div><br \/>\n\n<style type=\"text\/css\" data-created_by=\"avia_inline_auto\" id=\"style-css-av-l2vl44qd-a9fd2e80f8564808c6bd161526b1aaa5\">\n#top .av_textblock_section.av-l2vl44qd-a9fd2e80f8564808c6bd161526b1aaa5 .avia_textblock{\ntext-align:center;\n}\n<\/style>\n<section  class='av_textblock_section av-l2vl44qd-a9fd2e80f8564808c6bd161526b1aaa5'  itemscope=\"itemscope\" itemtype=\"https:\/\/schema.org\/CreativeWork\" ><div class='avia_textblock'  itemprop=\"text\" ><h4 style=\"text-align: center;\"><a href=\"https:\/\/luview.com\/solutions\/buses\/transit-bus-camera-system\/\">Kamera do autobus\u00f3w tranzytowych<\/a><\/h4>\n<\/div><\/section><\/p><\/div>\n<div class='flex_column av-1w0job-f7b39fefdc55abed3e88101aa0d2c13e av_one_third  avia-builder-el-16  el_after_av_one_third  el_before_av_one_full  first flex_column_div column-top-margin'   ><p>\n<style type=\"text\/css\" data-created_by=\"avia_inline_auto\" id=\"style-css-av-l2vl6wsn-3eb8652bf30ed41a3377db0a128a5853\">\n.avia-image-container.av-l2vl6wsn-3eb8652bf30ed41a3377db0a128a5853 .av-image-caption-overlay-center{\ncolor:#ffffff;\n}\n<\/style>\n<div  class='avia-image-container av-l2vl6wsn-3eb8652bf30ed41a3377db0a128a5853 av-styling- avia-align-center  avia-builder-el-17  el_before_av_textblock  avia-builder-el-first'  itemprop=\"image\" itemscope=\"itemscope\" itemtype=\"https:\/\/schema.org\/ImageObject\" ><div class=\"avia-image-container-inner\"><div class=\"avia-image-overlay-wrap\"><a href=\"https:\/\/luview.com\/pl\/solutions\/buses\/coach-bus-camera-system\/\" class='avia_image' ><img decoding=\"async\" class='wp-image-23309 avia-img-lazy-loading-not-23309 avia_image lazyload' data-src=\"https:\/\/luview.com\/wp-content\/uploads\/2022\/07\/Coach-Bus-Camera-Solution.jpg\" alt='Kamera do autobusu autokarowego' title='Kamera do autobusu autokarowego'  height=\"400\" width=\"400\"  itemprop=\"thumbnailUrl\" data-srcset=\"https:\/\/luview.com\/wp-content\/uploads\/2022\/07\/Coach-Bus-Camera-Solution.jpg 400w, https:\/\/luview.com\/wp-content\/uploads\/2022\/07\/Coach-Bus-Camera-Solution-100x100.jpg 100w, https:\/\/luview.com\/wp-content\/uploads\/2022\/07\/Coach-Bus-Camera-Solution-300x300.jpg 300w, https:\/\/luview.com\/wp-content\/uploads\/2022\/07\/Coach-Bus-Camera-Solution-80x80.jpg 80w, https:\/\/luview.com\/wp-content\/uploads\/2022\/07\/Coach-Bus-Camera-Solution-36x36.jpg 36w, https:\/\/luview.com\/wp-content\/uploads\/2022\/07\/Coach-Bus-Camera-Solution-180x180.jpg 180w\" data-sizes=\"(max-width: 400px) 100vw, 400px\" src=\"data:image\/svg+xml;base64,PHN2ZyB3aWR0aD0iMSIgaGVpZ2h0PSIxIiB4bWxucz0iaHR0cDovL3d3dy53My5vcmcvMjAwMC9zdmciPjwvc3ZnPg==\" style=\"--smush-placeholder-width: 400px; --smush-placeholder-aspect-ratio: 400\/400;\" \/><\/a><\/div><\/div><\/div><br \/>\n\n<style type=\"text\/css\" data-created_by=\"avia_inline_auto\" id=\"style-css-av-1p19dn-a970b6d55ba0d86edd4047305c5de9ec\">\n#top .av_textblock_section.av-1p19dn-a970b6d55ba0d86edd4047305c5de9ec .avia_textblock{\ntext-align:center;\n}\n<\/style>\n<section  class='av_textblock_section av-1p19dn-a970b6d55ba0d86edd4047305c5de9ec'  itemscope=\"itemscope\" itemtype=\"https:\/\/schema.org\/CreativeWork\" ><div class='avia_textblock'  itemprop=\"text\" ><h4 style=\"text-align: center;\"><a href=\"https:\/\/luview.com\/solutions\/buses\/coach-bus-camera-system\/\">Kamera do autobusu autokarowego<\/a><\/h4>\n<\/div><\/section><\/p><\/div>\n<div class='flex_column av-3hu5mrs-1951f09a8b08a557305000f8e7f262ee av_one_full  avia-builder-el-19  el_after_av_one_third  el_before_av_one_full  first flex_column_div column-top-margin'   ><section  class='av_textblock_section av-2vrkitk-10ce4722a6037c90eb8d662fe54653ae'  itemscope=\"itemscope\" itemtype=\"https:\/\/schema.org\/CreativeWork\" ><div class='avia_textblock'  itemprop=\"text\" ><h3>Dlaczego kamera cofania jest wa\u017cna dla autobusu<\/h3>\n<\/div><\/section><br \/>\n<section  class='av_textblock_section av-9oynm0-ca7191500711bb93c01ebef3c70b7ad4'  itemscope=\"itemscope\" itemtype=\"https:\/\/schema.org\/CreativeWork\" ><div class='avia_textblock'  itemprop=\"text\" ><p>Kamery cofania w autobusach s\u0105 szczeg\u00f3lnie przydatne, gdy autobus jedzie z du\u017c\u0105 pr\u0119dko\u015bci\u0105. Mog\u0105 one r\u00f3wnie\u017c pom\u00f3c kierowcom dostrzec pieszych, dzieci i p\u0119dz\u0105ce samochody za autobusem.<\/p>\n<p>Kamera rejestruje obraz wszystkiego, co znajduje si\u0119 poza tylnym zderzakiem, np. obiekt\u00f3w w martwym polu widzenia kierowcy lub pieszych przechodz\u0105cych przez jezdni\u0119. Obrazy te s\u0105 nast\u0119pnie wy\u015bwietlane na monitorze, dzi\u0119ki czemu kierowca mo\u017ce zobaczy\u0107, do czego si\u0119 cofa, aby bezpiecznie manewrowa\u0107 autobusem do ty\u0142u.<\/p>\n<p>Badanie przeprowadzone przez National Highway Traffic Safety Administration (NHTSA) wykaza\u0142o, \u017ce gdy w autobusach zainstalowano kamery cofania, liczba wypadk\u00f3w z najechaniem na ty\u0142 pojazdu spad\u0142a o 30%.<\/p>\n<\/div><\/section><br \/>\n<section  class='av_textblock_section av-2a70ui0-a3e798fbad357ca47d6fb01bff177906'  itemscope=\"itemscope\" itemtype=\"https:\/\/schema.org\/CreativeWork\" ><div class='avia_textblock'  itemprop=\"text\" ><h3>Przewodowa lub bezprzewodowa kamera cofania autobusu<\/h3>\n<\/div><\/section><br \/>\n<section  class='av_textblock_section av-1gvq0qw-56eb931562b753b1736eea498d4498fb'  itemscope=\"itemscope\" itemtype=\"https:\/\/schema.org\/CreativeWork\" ><div class='avia_textblock'  itemprop=\"text\" ><p>Pierwszym pytaniem, kt\u00f3re nale\u017cy sobie zada\u0107, jest to, czy nale\u017cy kupi\u0107 przewodow\u0105 czy bezprzewodow\u0105 kamer\u0119 do autobusu. Chocia\u017c bezprzewodowa kamera do autobusu ma wiele zalet, jako\u015b\u0107 obrazu nie zawsze jest najlepsza. Bezprzewodowe kamery s\u0105 podatne na zak\u0142\u00f3cenia, op\u00f3\u017anienia i og\u00f3ln\u0105 utrat\u0119 jako\u015bci obrazu. Co wi\u0119cej, je\u015bli transmisja jest s\u0142aba ze wzgl\u0119du na wp\u0142ywy \u015brodowiskowe, obrazy mog\u0105 by\u0107 rozmyte lub pikselowane. Mo\u017ce to mie\u0107 wp\u0142yw na bezpiecze\u0144stwo pasa\u017cer\u00f3w.<\/p>\n<p>Przewodowa kamera cofania do autobusu jest bardziej niezawodna i zapewnia wyra\u017aniejszy obraz ni\u017c kamera bezprzewodowa. Po\u0142\u0105czenie przewodowe umo\u017cliwia szybsze odbieranie obraz\u00f3w i zapewnia lepsz\u0105 jako\u015b\u0107 obrazu. Kamera przewodowa b\u0119dzie dro\u017csza ni\u017c bezprzewodowa, ale zapewni lepsz\u0105 jako\u015b\u0107 obrazu. Je\u015bli obawiasz si\u0119 utraty jako\u015bci w sytuacji awaryjnej, kamery przewodowe s\u0105 dobrym wyborem. S\u0105 one zar\u00f3wno skuteczne do tworzenia kopii zapasowych magistrali, jak i mog\u0105 pom\u00f3c unikn\u0105\u0107 niepotrzebnych koszt\u00f3w i niedogodno\u015bci.<\/p>\n<\/div><\/section><br \/>\n<section  class='av_textblock_section av-19r470o-f8412ec96ed6ccaed45ade25ea1d5602'  itemscope=\"itemscope\" itemtype=\"https:\/\/schema.org\/CreativeWork\" ><div class='avia_textblock'  itemprop=\"text\" ><h3>Jak wybra\u0107 najlepsz\u0105 kamer\u0119 cofania do autobusu?<\/h3>\n<\/div><\/section><br \/>\n<section  class='av_textblock_section av-2e82co-74e49afb3fbacfd86ee9222998cd1a07'  itemscope=\"itemscope\" itemtype=\"https:\/\/schema.org\/CreativeWork\" ><div class='avia_textblock'  itemprop=\"text\" ><p>Wybieraj\u0105c najlepsz\u0105 kamer\u0119 cofania do autobusu, nale\u017cy wzi\u0105\u0107 pod uwag\u0119 kilka kluczowych kwestii. Jedn\u0105 z najwa\u017cniejszych cech jest k\u0105t widzenia kamery. Kamera z szerokim, 120-stopniowym k\u0105tem widzenia jest wa\u017cna do rejestrowania martwych punkt\u00f3w. Kolejn\u0105 wa\u017cn\u0105 cech\u0105, kt\u00f3r\u0105 nale\u017cy wzi\u0105\u0107 pod uwag\u0119, jest trwa\u0142o\u015b\u0107. Kamera do autobusu Luview jest jedn\u0105 z najtrwalszych, jest wodoodporna i odporna na wstrz\u0105sy oraz dobrze sprawdza si\u0119 w trudnych warunkach zewn\u0119trznych.<\/p>\n<\/div><\/section><\/p><\/div>\n\n<style type=\"text\/css\" data-created_by=\"avia_inline_auto\" id=\"style-css-av-l2vletd8-6873c757f85d604bdfa88a557a400ac2\">\n.flex_column.av-l2vletd8-6873c757f85d604bdfa88a557a400ac2{\nborder-radius:15px 15px 15px 15px;\n-webkit-border-radius:15px 15px 15px 15px;\n-moz-border-radius:15px 15px 15px 15px;\npadding:50px 50px 50px 50px;\nbox-shadow:0 0 10px 0 #e0e0e0;\n-webkit-box-shadow:0 0 10px 0 #e0e0e0;\n-moz-box-shadow:0 0 10px 0 #e0e0e0;\nbackground-color:#ffffff;\n}\n<\/style>\n<div class='flex_column av-l2vletd8-6873c757f85d604bdfa88a557a400ac2 av_one_full  avia-builder-el-26  el_after_av_one_full  avia-builder-el-last  first flex_column_div column-top-margin'   ><style type=\"text\/css\" data-created_by=\"avia_inline_auto\" id=\"style-css-av-1pn56r-c5797cae44e1194cd88c41e4e080c4a0\">\n#top .av_textblock_section.av-1pn56r-c5797cae44e1194cd88c41e4e080c4a0 .avia_textblock{\ntext-align:center;\n}\n<\/style>\n<section  class='av_textblock_section av-1pn56r-c5797cae44e1194cd88c41e4e080c4a0'  itemscope=\"itemscope\" itemtype=\"https:\/\/schema.org\/CreativeWork\" ><div class='avia_textblock'  itemprop=\"text\" ><h3>Indywidualna wycena<\/h3>\n<\/div><\/section><br \/>\n\n<style type=\"text\/css\" data-created_by=\"avia_inline_auto\" id=\"style-css-av-1me14z-8350f34feb640d6e4b487e997fe59277\">\n#top .hr.hr-invisible.av-1me14z-8350f34feb640d6e4b487e997fe59277{\nheight:30px;\n}\n<\/style>\n<div  class='hr av-1me14z-8350f34feb640d6e4b487e997fe59277 hr-invisible  avia-builder-el-28  el_after_av_textblock  el_before_av_codeblock'><span class='hr-inner'><span class=\"hr-inner-style\"><\/span><\/span><\/div><br \/>\n<\/p><\/div>","protected":false},"excerpt":{"rendered":"","protected":false},"author":1,"featured_media":0,"parent":387,"menu_order":0,"comment_status":"closed","ping_status":"closed","template":"","meta":{"_monsterinsights_skip_tracking":false,"_monsterinsights_sitenote_active":false,"_monsterinsights_sitenote_note":"","_monsterinsights_sitenote_category":0,"footnotes":""},"class_list":["post-23272","page","type-page","status-publish","hentry"],"_links":{"self":[{"href":"https:\/\/luview.com\/pl\/wp-json\/wp\/v2\/pages\/23272","targetHints":{"allow":["GET"]}}],"collection":[{"href":"https:\/\/luview.com\/pl\/wp-json\/wp\/v2\/pages"}],"about":[{"href":"https:\/\/luview.com\/pl\/wp-json\/wp\/v2\/types\/page"}],"author":[{"embeddable":true,"href":"https:\/\/luview.com\/pl\/wp-json\/wp\/v2\/users\/1"}],"replies":[{"embeddable":true,"href":"https:\/\/luview.com\/pl\/wp-json\/wp\/v2\/comments?post=23272"}],"version-history":[{"count":1,"href":"https:\/\/luview.com\/pl\/wp-json\/wp\/v2\/pages\/23272\/revisions"}],"predecessor-version":[{"id":43377,"href":"https:\/\/luview.com\/pl\/wp-json\/wp\/v2\/pages\/23272\/revisions\/43377"}],"up":[{"embeddable":true,"href":"https:\/\/luview.com\/pl\/wp-json\/wp\/v2\/pages\/387"}],"wp:attachment":[{"href":"https:\/\/luview.com\/pl\/wp-json\/wp\/v2\/media?parent=23272"}],"curies":[{"name":"wp","href":"https:\/\/api.w.org\/{rel}","templated":true}]}}