{"id":24623,"date":"2023-06-26T02:50:28","date_gmt":"2023-06-26T02:50:28","guid":{"rendered":"https:\/\/luview.com\/?page_id=24623"},"modified":"2026-03-10T02:55:12","modified_gmt":"2026-03-10T02:55:12","slug":"kamera-policyjna","status":"publish","type":"page","link":"https:\/\/luview.com\/pl\/products\/dash-cameras\/police-body-camera\/","title":{"rendered":"Kamera policyjna"},"content":{"rendered":"<style type=\"text\/css\" data-created_by=\"avia_inline_auto\" id=\"style-css-av-l2y9d09l-7a95ab9cf3f7a848718744ae8d01c009\">\n.avia-section.av-l2y9d09l-7a95ab9cf3f7a848718744ae8d01c009{\nbackground-repeat:no-repeat;\nbackground-image:url(https:\/\/luview.com\/wp-content\/uploads\/2024\/11\/\u8bb0\u5f55\u4eea.jpg);\nbackground-position:50% 50%;\nbackground-attachment:scroll;\n}\n.avia-section.av-l2y9d09l-7a95ab9cf3f7a848718744ae8d01c009 .av-section-color-overlay{\nopacity:0.8;\nbackground-color:#222222;\n}\n<\/style>\n<div id='av_section_1'  class='avia-section av-l2y9d09l-7a95ab9cf3f7a848718744ae8d01c009 main_color avia-section-default avia-no-border-styling  avia-builder-el-0  el_before_av_one_full  avia-builder-el-first  titlebarbox avia-full-stretch avia-bg-style-scroll av-section-color-overlay-active container_wrap sidebar_left'  data-section-bg-repeat='stretch'><div class=\"av-section-color-overlay-wrap\"><div class=\"av-section-color-overlay\"><\/div><div class='container av-section-cont-open' ><main  role=\"main\" itemprop=\"mainContentOfPage\"  class='template-page content  av-content-small units'><div class='post-entry post-entry-type-page post-entry-24623'><div class='entry-content-wrapper clearfix'>\n\n<style type=\"text\/css\" data-created_by=\"avia_inline_auto\" id=\"style-css-av-ro2v-a87e36abb91cc5e18f3d0098b40720d3\">\n.flex_column.av-ro2v-a87e36abb91cc5e18f3d0098b40720d3{\npadding:10% 0 10% 0;\n}\n<\/style>\n<div class='flex_column av-ro2v-a87e36abb91cc5e18f3d0098b40720d3 av_one_full  avia-builder-el-1  avia-builder-el-no-sibling  first flex_column_div'   ><style type=\"text\/css\" data-created_by=\"avia_inline_auto\" id=\"style-css-av-l2y9au29-bf07c75c092d3a9f62676db415f615f7\">\n#top .av_textblock_section.av-l2y9au29-bf07c75c092d3a9f62676db415f615f7 .avia_textblock{\ncolor:#ffffff;\ntext-align:center;\n}\n<\/style>\n<section  class='av_textblock_section av-l2y9au29-bf07c75c092d3a9f62676db415f615f7'  itemscope=\"itemscope\" itemtype=\"https:\/\/schema.org\/CreativeWork\" ><div class='avia_textblock av_inherit_color'  itemprop=\"text\" ><h1>Kamera policyjna<\/h1>\n<\/div><\/section><br \/>\n<\/p><\/div>\n<\/div><\/div><\/main><!-- close content main element --><\/div><\/div><\/div><div id='after_section_1'  class='main_color av_default_container_wrap container_wrap sidebar_left'  ><div class='container av-section-cont-open' ><div class='template-page content  av-content-small units'><div class='post-entry post-entry-type-page post-entry-24623'><div class='entry-content-wrapper clearfix'>\n<div class='flex_column av-6hmib-0f7b6fcf00f9273a80dfc45f533798fb av_one_full  avia-builder-el-4  el_after_av_section  el_before_av_one_full  avia-builder-el-first  first flex_column_div'   ><section  class='av_textblock_section av-l2y9squj-e76031f6dac70c55a963b220d7b8ed83'  itemscope=\"itemscope\" itemtype=\"https:\/\/schema.org\/CreativeWork\" ><div class='avia_textblock'  itemprop=\"text\" ><h3 style=\"font-weight: bold;\">Wszystkie kamery policyjne<\/h3>\n<\/div><\/section><br \/>\n<section  class='av_textblock_section av-l2y9tm1e-80c30be322df05d44e75397a617f5c97'  itemscope=\"itemscope\" itemtype=\"https:\/\/schema.org\/CreativeWork\" ><div class='avia_textblock'  itemprop=\"text\" ><p>G\u0142\u00f3wn\u0105 funkcj\u0105 kamery policyjnej jest nagrywanie materia\u0142u wideo, kt\u00f3ry mo\u017ce stanowi\u0107 kluczowy dow\u00f3d w przypadku incydentu lub dochodzenia. Ponadto wysokiej jako\u015bci obiektyw mo\u017ce pom\u00f3c funkcjonariuszom organ\u00f3w \u015bcigania lepiej obserwowa\u0107 i ocenia\u0107 sytuacje, zapewniaj\u0105c bezpiecze\u0144stwo zar\u00f3wno funkcjonariuszom, jak i cywilom. Dzi\u0119ki ponad 18-letniemu do\u015bwiadczeniu w badaniach, rozwoju, produkcji i dostarczaniu produkt\u00f3w, takich jak kamery organ\u00f3w \u015bcigania i kamery policyjne, Luview jest zaufanym partnerem w zakresie kamer policyjnych. W przypadku pyta\u0144 i wsp\u00f3\u0142pracy prosimy o kontakt pod adresem <a href=\"http:\/\/mailto:sales@luview.com\/\">sales@luview.com<\/a>.<\/p>\n<\/div><\/section><br \/>\n<div  class='avia-button-wrap avia-button-left  avia-builder-el-7  el_after_av_textblock  avia-builder-el-last' ><a href='https:\/\/luview.com\/pl\/contact\/'  class='avia-button av-l2y9umzk-d16bac7bf4e11df2896cb79984c1e31c avia-icon_select-no avia-size-large avia-position-left avia-color-theme-color' ><span class='avia_iconbox_title' >Zapytaj teraz<\/span><\/a><\/div><\/p><\/div>\n<div class='flex_column av-5hzen-23301fe4c356e81a47b358eb060165d1 av_one_full  avia-builder-el-8  el_after_av_one_full  el_before_av_one_full  first flex_column_div column-top-margin'   ><div  class='avia-product-slider-container av-l2y9wj0i-46e71945a915a3873bf11f6bf9f4bd30 template-shop avia-content-slider avia-content-grid-active shop_columns_3  avia-builder-el-9  avia-builder-el-no-sibling  myproducts avia-content-slider-odd  avia-builder-el-9  avia-builder-el-no-sibling  myproducts avia-product-slider1'  data-autoplay=''  data-interval='5'  data-animation='fade'  data-hoverpause='1' ><div class='avia-content-slider-inner'><ul class=\"products\"><li class=\"product type-product post-24655 status-publish first instock product_cat-police-body-worn-camera has-post-thumbnail featured shipping-taxable product-type-simple\">\n\t<div class='inner_product main_color wrapped_style noLightbox  av-product-class-no_button'><a href=\"https:\/\/luview.com\/pl\/product\/w2000-2-inch-full-color-ips-touch-screen-ip67-hd-loop-recording-police-body-camera\/\" class=\"woocommerce-LoopProduct-link woocommerce-loop-product__link\"><div class='thumbnail_container'><img decoding=\"async\" width=\"600\" height=\"600\" data-src=\"https:\/\/luview.com\/wp-content\/uploads\/2023\/06\/W2000-1-600x600.jpg\" class=\"wp-image-24656 avia-img-lazy-loading-24656 attachment-woocommerce_thumbnail size-woocommerce_thumbnail wp-post-image lazyload\" alt=\"W2000 2-calowy kolorowy ekran dotykowy IPS IP67 HD Kamera policyjna z funkcj\u0105 nagrywania w p\u0119tli\" data-srcset=\"https:\/\/luview.com\/wp-content\/uploads\/2023\/06\/W2000-1-600x600.jpg 600w, https:\/\/luview.com\/wp-content\/uploads\/2023\/06\/W2000-1-100x100.jpg 100w, https:\/\/luview.com\/wp-content\/uploads\/2023\/06\/W2000-1-300x300.jpg 300w, https:\/\/luview.com\/wp-content\/uploads\/2023\/06\/W2000-1-80x80.jpg 80w, https:\/\/luview.com\/wp-content\/uploads\/2023\/06\/W2000-1-768x768.jpg 768w, https:\/\/luview.com\/wp-content\/uploads\/2023\/06\/W2000-1-36x36.jpg 36w, https:\/\/luview.com\/wp-content\/uploads\/2023\/06\/W2000-1-180x180.jpg 180w, https:\/\/luview.com\/wp-content\/uploads\/2023\/06\/W2000-1-430x430.jpg 430w, https:\/\/luview.com\/wp-content\/uploads\/2023\/06\/W2000-1-630x630.jpg 630w, https:\/\/luview.com\/wp-content\/uploads\/2023\/06\/W2000-1-705x705.jpg 705w, https:\/\/luview.com\/wp-content\/uploads\/2023\/06\/W2000-1-321x321.jpg 321w, https:\/\/luview.com\/wp-content\/uploads\/2023\/06\/W2000-1-120x120.jpg 120w, https:\/\/luview.com\/wp-content\/uploads\/2023\/06\/W2000-1-450x450.jpg 450w, https:\/\/luview.com\/wp-content\/uploads\/2023\/06\/W2000-1.jpg 800w\" data-sizes=\"(max-width: 600px) 100vw, 600px\" title=\"W2000 2-calowy kolorowy ekran dotykowy IPS IP67 HD kamera policyjna nagrywaj\u0105ca w p\u0119tli \u7f29\u7565\u56fe\" src=\"data:image\/svg+xml;base64,PHN2ZyB3aWR0aD0iMSIgaGVpZ2h0PSIxIiB4bWxucz0iaHR0cDovL3d3dy53My5vcmcvMjAwMC9zdmciPjwvc3ZnPg==\" style=\"--smush-placeholder-width: 600px; --smush-placeholder-aspect-ratio: 600\/600;\" \/><span class='cart-loading'><\/span><\/div><div class='inner_product_header'><div class='avia-arrow'><\/div><div class='inner_product_header_table'><div class='inner_product_header_cell'><h2 class=\"woocommerce-loop-product__title\">W2000 2-calowy kolorowy ekran dotykowy IPS IP67 HD nagrywanie w p\u0119tli policyjna kamera cia\u0142a<\/h2>\n<\/div><\/div><\/div><\/a><\/div><\/li>\n<li class=\"product type-product post-24651 status-publish instock product_cat-police-body-worn-camera has-post-thumbnail featured shipping-taxable product-type-simple\">\n\t<div class='inner_product main_color wrapped_style noLightbox  av-product-class-no_button'><a href=\"https:\/\/luview.com\/pl\/product\/w3-high-strength-integrated-wifi-connectivity-police-body-camera-with-full-color-ips-display\/\" class=\"woocommerce-LoopProduct-link woocommerce-loop-product__link\"><div class='thumbnail_container'><img decoding=\"async\" width=\"600\" height=\"600\" data-src=\"https:\/\/luview.com\/wp-content\/uploads\/2023\/06\/1-2-600x600.jpg\" class=\"wp-image-24652 avia-img-lazy-loading-24652 attachment-woocommerce_thumbnail size-woocommerce_thumbnail wp-post-image lazyload\" alt=\"W4 \u2013 policyjna kamera cia\u0142a o wysokiej wytrzyma\u0142o\u015bci z wbudowanym modu\u0142em Wi-Fi i kolorowym wy\u015bwietlaczem IPS\" data-srcset=\"https:\/\/luview.com\/wp-content\/uploads\/2023\/06\/1-2-600x600.jpg 600w, https:\/\/luview.com\/wp-content\/uploads\/2023\/06\/1-2-100x100.jpg 100w, https:\/\/luview.com\/wp-content\/uploads\/2023\/06\/1-2-300x300.jpg 300w, https:\/\/luview.com\/wp-content\/uploads\/2023\/06\/1-2-80x80.jpg 80w, https:\/\/luview.com\/wp-content\/uploads\/2023\/06\/1-2-768x768.jpg 768w, https:\/\/luview.com\/wp-content\/uploads\/2023\/06\/1-2-36x36.jpg 36w, https:\/\/luview.com\/wp-content\/uploads\/2023\/06\/1-2-180x180.jpg 180w, https:\/\/luview.com\/wp-content\/uploads\/2023\/06\/1-2-430x430.jpg 430w, https:\/\/luview.com\/wp-content\/uploads\/2023\/06\/1-2-630x630.jpg 630w, https:\/\/luview.com\/wp-content\/uploads\/2023\/06\/1-2-705x705.jpg 705w, https:\/\/luview.com\/wp-content\/uploads\/2023\/06\/1-2-321x321.jpg 321w, https:\/\/luview.com\/wp-content\/uploads\/2023\/06\/1-2-120x120.jpg 120w, https:\/\/luview.com\/wp-content\/uploads\/2023\/06\/1-2-450x450.jpg 450w, https:\/\/luview.com\/wp-content\/uploads\/2023\/06\/1-2.jpg 800w\" data-sizes=\"(max-width: 600px) 100vw, 600px\" title=\"W3 Wysokowytrzyma\u0142a kamera policyjna z wbudowanym modu\u0142em Wi-Fi i kolorowym wy\u015bwietlaczem IPS.\" src=\"data:image\/svg+xml;base64,PHN2ZyB3aWR0aD0iMSIgaGVpZ2h0PSIxIiB4bWxucz0iaHR0cDovL3d3dy53My5vcmcvMjAwMC9zdmciPjwvc3ZnPg==\" style=\"--smush-placeholder-width: 600px; --smush-placeholder-aspect-ratio: 600\/600;\" \/><span class='cart-loading'><\/span><\/div><div class='inner_product_header'><div class='avia-arrow'><\/div><div class='inner_product_header_table'><div class='inner_product_header_cell'><h2 class=\"woocommerce-loop-product__title\">W3 Wysokowytrzyma\u0142a kamera policyjna z wbudowanym modu\u0142em Wi-Fi i kolorowym wy\u015bwietlaczem IPS<\/h2>\n<\/div><\/div><\/div><\/a><\/div><\/li>\n<li class=\"product type-product post-24645 status-publish last instock product_cat-police-body-worn-camera has-post-thumbnail featured shipping-taxable product-type-simple\">\n\t<div class='inner_product main_color wrapped_style noLightbox  av-product-class-no_button'><a href=\"https:\/\/luview.com\/pl\/product\/w4-waterproof-ip65-wifi-wireless-color-ips-display-mini-police-body-camera\/\" class=\"woocommerce-LoopProduct-link woocommerce-loop-product__link\"><div class='thumbnail_container'><img decoding=\"async\" width=\"600\" height=\"600\" data-src=\"https:\/\/luview.com\/wp-content\/uploads\/2023\/06\/1-1-600x600.jpg\" class=\"wp-image-24647 avia-img-lazy-loading-24647 attachment-woocommerce_thumbnail size-woocommerce_thumbnail wp-post-image lazyload\" alt=\"W3 Wodoodporny bezprzewodowy kolorowy wy\u015bwietlacz IPS IP65 WIFI Mini kamera policyjna\" data-srcset=\"https:\/\/luview.com\/wp-content\/uploads\/2023\/06\/1-1-600x600.jpg 600w, https:\/\/luview.com\/wp-content\/uploads\/2023\/06\/1-1-100x100.jpg 100w, https:\/\/luview.com\/wp-content\/uploads\/2023\/06\/1-1-300x300.jpg 300w, https:\/\/luview.com\/wp-content\/uploads\/2023\/06\/1-1-80x80.jpg 80w, https:\/\/luview.com\/wp-content\/uploads\/2023\/06\/1-1-768x768.jpg 768w, https:\/\/luview.com\/wp-content\/uploads\/2023\/06\/1-1-36x36.jpg 36w, https:\/\/luview.com\/wp-content\/uploads\/2023\/06\/1-1-180x180.jpg 180w, https:\/\/luview.com\/wp-content\/uploads\/2023\/06\/1-1-430x430.jpg 430w, https:\/\/luview.com\/wp-content\/uploads\/2023\/06\/1-1-630x630.jpg 630w, https:\/\/luview.com\/wp-content\/uploads\/2023\/06\/1-1-705x705.jpg 705w, https:\/\/luview.com\/wp-content\/uploads\/2023\/06\/1-1-321x321.jpg 321w, https:\/\/luview.com\/wp-content\/uploads\/2023\/06\/1-1-120x120.jpg 120w, https:\/\/luview.com\/wp-content\/uploads\/2023\/06\/1-1-450x450.jpg 450w, https:\/\/luview.com\/wp-content\/uploads\/2023\/06\/1-1.jpg 800w\" data-sizes=\"(max-width: 600px) 100vw, 600px\" title=\"W4 Wodoodporny bezprzewodowy kolorowy wy\u015bwietlacz IPS IP65 WIFI mini kamera policyjna\" src=\"data:image\/svg+xml;base64,PHN2ZyB3aWR0aD0iMSIgaGVpZ2h0PSIxIiB4bWxucz0iaHR0cDovL3d3dy53My5vcmcvMjAwMC9zdmciPjwvc3ZnPg==\" style=\"--smush-placeholder-width: 600px; --smush-placeholder-aspect-ratio: 600\/600;\" \/><span class='cart-loading'><\/span><\/div><div class='inner_product_header'><div class='avia-arrow'><\/div><div class='inner_product_header_table'><div class='inner_product_header_cell'><h2 class=\"woocommerce-loop-product__title\">W4 Wodoodporny bezprzewodowy kolorowy wy\u015bwietlacz IPS IP65 WIFI mini kamera policyjna<\/h2>\n<\/div><\/div><\/div><\/a><\/div><\/li>\n<li class=\"product type-product post-24640 status-publish first instock product_cat-police-body-worn-camera has-post-thumbnail featured shipping-taxable product-type-simple\">\n\t<div class='inner_product main_color wrapped_style noLightbox  av-product-class-no_button'><a href=\"https:\/\/luview.com\/pl\/product\/w1-portable-hd-mini-police-body-camera-with-infrared-night-vision\/\" class=\"woocommerce-LoopProduct-link woocommerce-loop-product__link\"><div class='thumbnail_container'><img decoding=\"async\" width=\"600\" height=\"600\" data-src=\"https:\/\/luview.com\/wp-content\/uploads\/2023\/06\/1-600x600.jpg\" class=\"wp-image-24641 avia-img-lazy-loading-24641 attachment-woocommerce_thumbnail size-woocommerce_thumbnail wp-post-image lazyload\" alt=\"W1 Przeno\u015bna kamera policyjna HD mini z noktowizorem na podczerwie\u0144\" data-srcset=\"https:\/\/luview.com\/wp-content\/uploads\/2023\/06\/1-600x600.jpg 600w, https:\/\/luview.com\/wp-content\/uploads\/2023\/06\/1-100x100.jpg 100w, https:\/\/luview.com\/wp-content\/uploads\/2023\/06\/1-300x300.jpg 300w, https:\/\/luview.com\/wp-content\/uploads\/2023\/06\/1-80x80.jpg 80w, https:\/\/luview.com\/wp-content\/uploads\/2023\/06\/1-768x768.jpg 768w, https:\/\/luview.com\/wp-content\/uploads\/2023\/06\/1-36x36.jpg 36w, https:\/\/luview.com\/wp-content\/uploads\/2023\/06\/1-180x180.jpg 180w, https:\/\/luview.com\/wp-content\/uploads\/2023\/06\/1-430x430.jpg 430w, https:\/\/luview.com\/wp-content\/uploads\/2023\/06\/1-630x630.jpg 630w, https:\/\/luview.com\/wp-content\/uploads\/2023\/06\/1-705x705.jpg 705w, https:\/\/luview.com\/wp-content\/uploads\/2023\/06\/1-321x321.jpg 321w, https:\/\/luview.com\/wp-content\/uploads\/2023\/06\/1-120x120.jpg 120w, https:\/\/luview.com\/wp-content\/uploads\/2023\/06\/1-450x450.jpg 450w, https:\/\/luview.com\/wp-content\/uploads\/2023\/06\/1.jpg 800w\" data-sizes=\"(max-width: 600px) 100vw, 600px\" title=\"W1 Przeno\u015bna kamera policyjna HD mini z noktowizorem na podczerwie\u0144\u7f29\u7565\u56fe\" src=\"data:image\/svg+xml;base64,PHN2ZyB3aWR0aD0iMSIgaGVpZ2h0PSIxIiB4bWxucz0iaHR0cDovL3d3dy53My5vcmcvMjAwMC9zdmciPjwvc3ZnPg==\" style=\"--smush-placeholder-width: 600px; --smush-placeholder-aspect-ratio: 600\/600;\" \/><span class='cart-loading'><\/span><\/div><div class='inner_product_header'><div class='avia-arrow'><\/div><div class='inner_product_header_table'><div class='inner_product_header_cell'><h2 class=\"woocommerce-loop-product__title\">W1 Przeno\u015bna kamera policyjna HD mini z noktowizorem na podczerwie\u0144<\/h2>\n<\/div><\/div><\/div><\/a><\/div><\/li>\n<\/ul><\/div><\/div><div class=\"clear\"><\/div><\/div><div class='flex_column av-4ubxv-213bc428d71aa730c5a18fbc0d9954c9 av_one_full  avia-builder-el-0  el_before_av_three_fourth  avia-builder-el-first  first flex_column_div'   ><section  class='av_textblock_section av-4bhe3-b5d2024edd0490f6b2ae124c64cf457e'  itemscope=\"itemscope\" itemtype=\"https:\/\/schema.org\/CreativeWork\" ><div class='avia_textblock'  itemprop=\"text\" ><h3>Co to jest kamera policyjna\uff1f<\/h3>\n<p>Kamera policyjna to niewielka kamera do noszenia, kt\u00f3ra jest przymocowana do munduru lub wyposa\u017cenia funkcjonariuszy organ\u00f3w \u015bcigania. Kamera ta zosta\u0142a zaprojektowana do nagrywania d\u017awi\u0119ku i obrazu z interakcji mi\u0119dzy funkcjonariuszami a spo\u0142ecze\u0144stwem, zapewniaj\u0105c obiektywny zapis wydarze\u0144, kt\u00f3ry mo\u017cna wykorzysta\u0107 w dochodzeniach i sprawach s\u0105dowych. Kamery policyjne s\u0105 niezb\u0119dnym narz\u0119dziem do poprawy przejrzysto\u015bci, odpowiedzialno\u015bci i zaufania publicznego do organ\u00f3w \u015bcigania. Mog\u0105 r\u00f3wnie\u017c s\u0142u\u017cy\u0107 jako \u015brodek odstraszaj\u0105cy przed niew\u0142a\u015bciwym post\u0119powaniem i dostarcza\u0107 cennych dowod\u00f3w w przypadku incydent\u00f3w z udzia\u0142em funkcjonariuszy. Dzi\u0119ki zaawansowanym funkcjom, takim jak ci\u0105g\u0142e nagrywanie w p\u0119tli i trwa\u0142a konstrukcja, kamery policyjne s\u0105 cenn\u0105 inwestycj\u0105 dla organ\u00f3w \u015bcigania, kt\u00f3re chc\u0105 usprawni\u0107 swoje dzia\u0142ania i zwi\u0119kszy\u0107 bezpiecze\u0144stwo zar\u00f3wno funkcjonariuszy, jak i cywil\u00f3w.<\/p>\n<h3>Jak dzia\u0142aj\u0105 policyjne kamery cia\u0142a\uff1f<\/h3>\n<p>Kamery policyjne s\u0105 noszone na ciele funkcjonariusza organ\u00f3w \u015bcigania i s\u0105 przeznaczone do nagrywania materia\u0142\u00f3w audio i wideo z interakcji ze spo\u0142ecze\u0144stwem. Kamery s\u0105 zazwyczaj noszone na klatce piersiowej lub ramieniu i s\u0105 aktywowane przez funkcjonariusza na pocz\u0105tku zmiany lub gdy odpowiada na wezwanie.<\/p>\n<p>Kamery na ciele wykorzystuj\u0105 kombinacj\u0119 sprz\u0119tu i oprogramowania do przechwytywania i przechowywania nagra\u0144. Sama kamera jest zwykle wyposa\u017cona w szerokok\u0105tny obiektyw i czujnik o wysokiej rozdzielczo\u015bci, kt\u00f3ry rejestruje obraz i d\u017awi\u0119k w czasie rzeczywistym. Nagrania s\u0105 nast\u0119pnie zapisywane w pami\u0119ci wewn\u0119trznej kamery lub na zewn\u0119trznym urz\u0105dzeniu pami\u0119ci masowej, takim jak karta microSD.<\/p>\n<p>Wiele kamer na ciele jest wyposa\u017conych w funkcje takie jak noktowizor, stabilizacja obrazu i \u015bledzenie GPS, kt\u00f3re mog\u0105 zapewni\u0107 dodatkowy kontekst i informacje o nagranym materiale. Kamery mog\u0105 mie\u0107 r\u00f3wnie\u017c wbudowan\u0105 \u0142\u0105czno\u015b\u0107 Wi-Fi lub Bluetooth, kt\u00f3ra mo\u017ce by\u0107 u\u017cywana do przesy\u0142ania nagra\u0144 do centralnego serwera lub innych urz\u0105dze\u0144 w celu przechowywania i analizy.<\/p>\n<p>Og\u00f3lnie rzecz bior\u0105c, kamery policyjne s\u0105 niezb\u0119dnym narz\u0119dziem dla funkcjonariuszy organ\u00f3w \u015bcigania, zapewniaj\u0105c wiarygodny i obiektywny zapis ich interakcji ze spo\u0142ecze\u0144stwem oraz pomagaj\u0105c poprawi\u0107 przejrzysto\u015b\u0107, odpowiedzialno\u015b\u0107 i zaufanie publiczne.<\/p>\n<h3>Zalety kamer policyjnych<\/h3>\n<ol>\n<li>Wi\u0119ksza odpowiedzialno\u015b\u0107: Kamery na ciele zapewniaj\u0105 obiektywny zapis interakcji mi\u0119dzy funkcjonariuszami policji a cywilami, kt\u00f3ry mo\u017cna wykorzysta\u0107 do poci\u0105gni\u0119cia funkcjonariuszy do odpowiedzialno\u015bci za ich dzia\u0142ania. Mo\u017ce to promowa\u0107 profesjonalizm i przestrzeganie zasad i procedur departamentu.<\/li>\n<li>Zwi\u0119kszona przejrzysto\u015b\u0107: Korzystanie z kamer na ciele mo\u017ce zwi\u0119kszy\u0107 przejrzysto\u015b\u0107 dzia\u0142a\u0144 policji, zapewniaj\u0105c wyra\u017any zapis wydarze\u0144. Mo\u017ce to pom\u00f3c w budowaniu zaufania mi\u0119dzy organami \u015bcigania a spo\u0142eczno\u015bciami, kt\u00f3rym s\u0142u\u017c\u0105.<\/li>\n<li>Odstraszanie od niew\u0142a\u015bciwego post\u0119powania: Obecno\u015b\u0107 kamer na ciele mo\u017ce zniech\u0119ci\u0107 funkcjonariuszy do anga\u017cowania si\u0119 w niew\u0142a\u015bciwe lub obra\u017aliwe zachowania, poniewa\u017c wiedz\u0105 oni, \u017ce ich dzia\u0142ania s\u0105 rejestrowane.<\/li>\n<li>Gromadzenie dowod\u00f3w: Kamery na ciele mog\u0105 stanowi\u0107 cenny dow\u00f3d w dochodzeniach i sprawach s\u0105dowych. Nagrania zarejestrowane przez kamery cia\u0142a mog\u0105 by\u0107 wykorzystane do poparcia lub obalenia roszcze\u0144 funkcjonariuszy lub os\u00f3b cywilnych.<\/li>\n<li>Wi\u0119ksze bezpiecze\u0144stwo funkcjonariuszy: Kamery na ciele mog\u0105 poprawi\u0107 bezpiecze\u0144stwo funkcjonariuszy, zapewniaj\u0105c zapis potencjalnie niebezpiecznych sytuacji. Mo\u017ce to pom\u00f3c w dochodzeniu w sprawie incydent\u00f3w i zapobiec ich wyst\u0105pieniu w przysz\u0142o\u015bci.<\/li>\n<li>Szkolenie i ocena: Kamery na ciele mog\u0105 by\u0107 wykorzystywane do cel\u00f3w szkoleniowych, umo\u017cliwiaj\u0105c funkcjonariuszom przegl\u0105d ich dzia\u0142a\u0144 i identyfikacj\u0119 obszar\u00f3w wymagaj\u0105cych poprawy. Mog\u0105 by\u0107 r\u00f3wnie\u017c wykorzystywane do cel\u00f3w ewaluacyjnych, umo\u017cliwiaj\u0105c departamentom identyfikacj\u0119 i rozwi\u0105zywanie problematycznych zachowa\u0144. Og\u00f3lnie rzecz bior\u0105c, kamery policyjne s\u0105 wa\u017cnym narz\u0119dziem dla organ\u00f3w \u015bcigania, zapewniaj\u0105c szereg korzy\u015bci, kt\u00f3re mog\u0105 poprawi\u0107 odpowiedzialno\u015b\u0107, przejrzysto\u015b\u0107 i zaufanie publiczne.<\/li>\n<\/ol>\n<h3>Ile kosztuj\u0105 policyjne kamery cia\u0142a?<\/h3>\n<p>Kamery policyjne r\u00f3\u017cni\u0105 si\u0119 cen\u0105 w zale\u017cno\u015bci od marki, funkcji i mo\u017cliwo\u015bci przechowywania. Ceny mog\u0105 waha\u0107 si\u0119 od kilkuset dolar\u00f3w do ponad tysi\u0105ca dolar\u00f3w za kamer\u0119. Wa\u017cne jest, aby wybra\u0107 trwa\u0142\u0105 i wysokiej jako\u015bci kamer\u0119 wykonan\u0105 z materia\u0142\u00f3w takich jak aluminium lub stal nierdzewna. Wa\u017cna jest r\u00f3wnie\u017c przyjazna dla u\u017cytkownika kamera o d\u0142ugiej \u017cywotno\u015bci baterii. We\u017a pod uwag\u0119 maksymaln\u0105 pojemno\u015b\u0107 karty pami\u0119ci kamery, a tak\u017ce to, czy ma ona funkcj\u0119 ci\u0105g\u0142ego nagrywania w p\u0119tli lub niestandardowy czas nagrywania. Chocia\u017c dost\u0119pne s\u0105 niedrogie opcje, mog\u0105 one nie dzia\u0142a\u0107 tak dobrze, jak modele z wy\u017cszej p\u00f3\u0142ki.<\/p>\n<h3>Znajd\u017a niezawodnego producenta kamer policyjnych<\/h3>\n<p>Je\u015bli chodzi o zakup kamer policyjnych, wa\u017cne jest, aby wybra\u0107 wiarygodnego producenta. Nie zadowalaj si\u0119 tanim produktem, poniewa\u017c mo\u017ce to skutkowa\u0107 nisk\u0105 jako\u015bci\u0105 wideo i innymi problemami. Tanie kamery cz\u0119sto maj\u0105 gorsze przetworniki obrazu, niskiej jako\u015bci obudowy i \u0142amliwe narz\u0119dzia monta\u017cowe. Dlatego wa\u017cne jest, aby zainwestowa\u0107 w trwa\u0142\u0105 kamer\u0119 wykonan\u0105 z wysokiej jako\u015bci materia\u0142\u00f3w, takich jak aluminium lub stal nierdzewna. Ponadto, nale\u017cy wzi\u0105\u0107 pod uwag\u0119 obiektywy kamery i interfejs u\u017cytkownika, aby zapewni\u0107 \u0142atwo\u015b\u0107 obs\u0142ugi i optymaln\u0105 wydajno\u015b\u0107.<\/p>\n<p>Luview to zaufany producent z 18-letnim do\u015bwiadczeniem w projektowaniu, opracowywaniu i wytwarzaniu wysokiej jako\u015bci produkt\u00f3w elektronicznych do pojazd\u00f3w, w tym kamer policyjnych. Nasze produkty zosta\u0142y zaprojektowane z my\u015bl\u0105 o potrzebach organ\u00f3w \u015bcigania i zapewniaj\u0105 niezawodne dzia\u0142anie w terenie.<\/p>\n<\/div><\/section><\/div><\/p>","protected":false},"excerpt":{"rendered":"","protected":false},"author":1,"featured_media":0,"parent":667,"menu_order":0,"comment_status":"closed","ping_status":"closed","template":"","meta":{"_monsterinsights_skip_tracking":false,"_monsterinsights_sitenote_active":false,"_monsterinsights_sitenote_note":"","_monsterinsights_sitenote_category":0,"footnotes":""},"class_list":["post-24623","page","type-page","status-publish","hentry"],"_links":{"self":[{"href":"https:\/\/luview.com\/pl\/wp-json\/wp\/v2\/pages\/24623","targetHints":{"allow":["GET"]}}],"collection":[{"href":"https:\/\/luview.com\/pl\/wp-json\/wp\/v2\/pages"}],"about":[{"href":"https:\/\/luview.com\/pl\/wp-json\/wp\/v2\/types\/page"}],"author":[{"embeddable":true,"href":"https:\/\/luview.com\/pl\/wp-json\/wp\/v2\/users\/1"}],"replies":[{"embeddable":true,"href":"https:\/\/luview.com\/pl\/wp-json\/wp\/v2\/comments?post=24623"}],"version-history":[{"count":3,"href":"https:\/\/luview.com\/pl\/wp-json\/wp\/v2\/pages\/24623\/revisions"}],"predecessor-version":[{"id":44528,"href":"https:\/\/luview.com\/pl\/wp-json\/wp\/v2\/pages\/24623\/revisions\/44528"}],"up":[{"embeddable":true,"href":"https:\/\/luview.com\/pl\/wp-json\/wp\/v2\/pages\/667"}],"wp:attachment":[{"href":"https:\/\/luview.com\/pl\/wp-json\/wp\/v2\/media?parent=24623"}],"curies":[{"name":"wp","href":"https:\/\/api.w.org\/{rel}","templated":true}]}}