{"id":348,"date":"2022-05-06T09:18:57","date_gmt":"2022-05-06T09:18:57","guid":{"rendered":"https:\/\/luview.com\/?page_id=348"},"modified":"2026-04-08T08:16:51","modified_gmt":"2026-04-08T08:16:51","slug":"kamien-milowy","status":"publish","type":"page","link":"https:\/\/luview.com\/pl\/about-us\/milestone\/","title":{"rendered":"Kamie\u0144 milowy"},"content":{"rendered":"<style type=\"text\/css\" data-created_by=\"avia_inline_auto\" id=\"style-css-av-18z5gw-d3cb0968a7a182e73214c3d3fb97ba75\">\n.avia-section.av-18z5gw-d3cb0968a7a182e73214c3d3fb97ba75{\nbackground-color:#8cb823;\nbackground-image:url(https:\/\/luview.com\/wp-content\/uploads\/2026\/01\/Development-Journey-of-the-Luview.jpg);\nbackground-repeat:no-repeat;\nbackground-position:50% 50%;\nbackground-attachment:scroll;\n}\n.avia-section.av-18z5gw-d3cb0968a7a182e73214c3d3fb97ba75 .av-section-color-overlay{\nopacity:0.8;\nbackground-color:#222222;\n}\n<\/style>\n<div id='av_section_1'  class='avia-section av-18z5gw-d3cb0968a7a182e73214c3d3fb97ba75 main_color avia-section-default avia-no-border-styling  avia-builder-el-0  el_before_av_one_full  avia-builder-el-first  titlebarbox avia-full-contain avia-bg-style-scroll av-section-color-overlay-active container_wrap sidebar_left'  data-section-bg-repeat='contain'><div class=\"av-section-color-overlay-wrap\"><div class=\"av-section-color-overlay\"><\/div><div class='container av-section-cont-open' ><main  role=\"main\" itemprop=\"mainContentOfPage\"  class='template-page content  av-content-small units'><div class='post-entry post-entry-type-page post-entry-348'><div class='entry-content-wrapper clearfix'>\n\n<style type=\"text\/css\" data-created_by=\"avia_inline_auto\" id=\"style-css-av-1521zs-f76749d04838b68ec1c420eb2583ac0b\">\n.flex_column.av-1521zs-f76749d04838b68ec1c420eb2583ac0b{\npadding:10% 0 10% 0;\n}\n<\/style>\n<div class='flex_column av-1521zs-f76749d04838b68ec1c420eb2583ac0b av_one_full  avia-builder-el-1  avia-builder-el-no-sibling  first flex_column_div'   ><style type=\"text\/css\" data-created_by=\"avia_inline_auto\" id=\"style-css-av-l2sgt1ph-700bbb6893565c08fc2e803faf810ebc\">\n#top .av_textblock_section.av-l2sgt1ph-700bbb6893565c08fc2e803faf810ebc .avia_textblock{\ncolor:#ffffff;\ntext-align:center;\n}\n<\/style>\n<section  class='av_textblock_section av-l2sgt1ph-700bbb6893565c08fc2e803faf810ebc'  itemscope=\"itemscope\" itemtype=\"https:\/\/schema.org\/CreativeWork\" ><div class='avia_textblock av_inherit_color'  itemprop=\"text\" ><h1>Kamie\u0144 milowy<\/h1>\n<\/div><\/section><br \/>\n\n<style type=\"text\/css\" data-created_by=\"avia_inline_auto\" id=\"style-css-av-l2sgtr0i-7d783ce11f71ad1d611d63fd2462a3f3\">\n#top .av_textblock_section.av-l2sgtr0i-7d783ce11f71ad1d611d63fd2462a3f3 .avia_textblock{\ncolor:#ffffff;\ntext-align:center;\n}\n<\/style>\n<section  class='av_textblock_section av-l2sgtr0i-7d783ce11f71ad1d611d63fd2462a3f3'  itemscope=\"itemscope\" itemtype=\"https:\/\/schema.org\/CreativeWork\" ><div class='avia_textblock av_inherit_color'  itemprop=\"text\" ><h3 style=\"margin-bottom: 20px;\">Profesjonalny producent elektroniki bezpiecze\u0144stwa pojazd\u00f3w<\/h3>\n<\/div><\/section><br \/>\n<\/p><\/div>\n<\/div><\/div><\/main><!-- close content main element --><\/div><\/div><\/div><div id='after_section_1'  class='main_color av_default_container_wrap container_wrap sidebar_left'  ><div class='container av-section-cont-open' ><div class='template-page content  av-content-small units'><div class='post-entry post-entry-type-page post-entry-348'><div class='entry-content-wrapper clearfix'>\n<div class='flex_column av-59i05-cc3e90031a9c0698033cabf4ba20ccd4 av_one_full  avia-builder-el-5  el_after_av_section  el_before_av_one_full  avia-builder-el-first  first flex_column_div'   ><style type=\"text\/css\" data-created_by=\"avia_inline_auto\" id=\"style-css-av-18lxil-0fee5068079ef881947562621f70d3df\">\n#top .av_textblock_section.av-18lxil-0fee5068079ef881947562621f70d3df .avia_textblock{\ncolor:#85b61c;\ntext-align:center;\n}\n<\/style>\n<section  class='av_textblock_section av-18lxil-0fee5068079ef881947562621f70d3df'  itemscope=\"itemscope\" itemtype=\"https:\/\/schema.org\/CreativeWork\" ><div class='avia_textblock av_inherit_color'  itemprop=\"text\" ><h3>Kamie\u0144 milowy<\/h3>\n<\/div><\/section><\/div>\n\n<style type=\"text\/css\" data-created_by=\"avia_inline_auto\" id=\"style-css-av-l2u81g9b-9cdcfa5e97aca6cf78f3b9390f6d46cd\">\n#top .flex_column.av-l2u81g9b-9cdcfa5e97aca6cf78f3b9390f6d46cd{\nmargin-top:0px;\nmargin-bottom:0px;\n}\n.responsive #top #wrap_all .flex_column.av-l2u81g9b-9cdcfa5e97aca6cf78f3b9390f6d46cd{\nmargin-top:0px;\nmargin-bottom:0px;\n}\n<\/style>\n<div class='flex_column av-l2u81g9b-9cdcfa5e97aca6cf78f3b9390f6d46cd av_one_full  avia-builder-el-7  el_after_av_one_full  avia-builder-el-last  first flex_column_div column-top-margin'   ><div  id=\"avia-timeline-1\"  class='avia-timeline-container av-l2u93jns-9059b97ac2d3c2cc53c14b148be4c33b  avia-builder-el-8  avia-builder-el-no-sibling' ><ul class='avia-timeline avia-timeline-vertical av-milestone-placement-alternate avia-timeline-boxshadow avia_animate_when_almost_visible avia-timeline-animate'>\n<li  class='av-milestone av-l2u925j0-471997ebe35da94d3b3bd8528dbbe956 av-animated-generic fade-in av-milestone-valign-baseline av-milestone-odd'><h2 class='av-milestone-date' id='milestone-luview-in-2006'><strong>LUVIEW W 2006 R.<span class='av-milestone-indicator'><\/span><\/strong><\/h2><div class=\"av-milestone-icon-wrap\"><span class='av-milestone-icon milestone_icon'><span class='av-milestone-icon-inner milestone_inner'><span class='milestone_number'>1<\/span><\/span><\/span><\/div><article class='av-milestone-content-wrap'><div class='av-milestone-contentbox'><div class='av-milestone-content'><div>-Luview zosta\u0142o za\u0142o\u017cone w 2006 roku<\/div>\n<\/div><\/div><footer class='av-milestone-article-footer entry-footer'><\/footer><\/article><\/li>\n<li  class='av-milestone av-l2u925j0-15-24348a29b86c81f0b4c2d4784008e4b2 av-animated-generic fade-in av-milestone-valign-baseline av-milestone-even'><h2 class='av-milestone-date' id='milestone-luview-in-2007'><strong>LUVIEW W 2007 R.<span class='av-milestone-indicator'><\/span><\/strong><\/h2><article class='av-milestone-content-wrap'><div class='av-milestone-contentbox'><div class='av-milestone-content'><p style=\"text-align: left;\">Luview ma siedzib\u0119 w Shenzhen, a jej misj\u0105 korporacyjn\u0105 jest \u201cuczynienie jazdy bezpieczniejsz\u0105\u201d, koncentruj\u0105c si\u0119 na elektronice samochodowej.<\/p>\n<\/div><\/div><footer class='av-milestone-article-footer entry-footer'><\/footer><\/article><div class=\"av-milestone-icon-wrap\"><span class='av-milestone-icon milestone_icon'><span class='av-milestone-icon-inner milestone_inner'><span class='milestone_number'>2<\/span><\/span><\/span><\/div><h2 class='av-milestone-date' id='milestone-luview-in-2007'><strong>LUVIEW W 2007 R.<span class='av-milestone-indicator'><\/span><\/strong><\/h2><\/li>\n<li  class='av-milestone av-l2u925j0-14-f811b95b1e308bbb2757f32ea830e8c0 av-animated-generic fade-in av-milestone-valign-baseline av-milestone-odd'><h2 class='av-milestone-date' id='milestone-luview-in-2008'><strong>LUVIEW W 2008 R.<span class='av-milestone-indicator'><\/span><\/strong><\/h2><div class=\"av-milestone-icon-wrap\"><span class='av-milestone-icon milestone_icon'><span class='av-milestone-icon-inner milestone_inner'><span class='milestone_number'>3<\/span><\/span><\/span><\/div><article class='av-milestone-content-wrap'><div class='av-milestone-contentbox'><div class='av-milestone-content'><p>Z \u201cprofesjonalizmem, wsp\u00f3\u0142prac\u0105, wydajno\u015bci\u0105, innowacyjno\u015bci\u0105\u201d jako warto\u015bciami i \u201cbyciem \u017cyczliwym dla innych i si\u0142\u0105 lw\u00f3w\u201d jako koncepcj\u0105 rozwoju, zesp\u00f3\u0142 LUVIEW stopniowo rozwija\u0142 si\u0119 i r\u00f3s\u0142 w ci\u0105gu dw\u00f3ch lat od za\u0142o\u017cenia.<\/p>\n<\/div><\/div><footer class='av-milestone-article-footer entry-footer'><\/footer><\/article><\/li>\n<li  class='av-milestone av-l2u925j0-13-bced26b8a3cfd98cf12fc58cc24c037e av-animated-generic fade-in av-milestone-valign-baseline av-milestone-even'><h2 class='av-milestone-date' id='milestone-luview-in-2009'><strong>LUVIEW W 2009 R.<span class='av-milestone-indicator'><\/span><\/strong><\/h2><article class='av-milestone-content-wrap'><div class='av-milestone-contentbox'><div class='av-milestone-content'><p style=\"text-align: left;\">W 2009 roku z powodzeniem opracowali\u015bmy kamer\u0119 samochodow\u0105 i stali\u015bmy si\u0119 jedn\u0105 z pierwszych firm, kt\u00f3re wesz\u0142y do tej bran\u017cy, co po\u0142o\u017cy\u0142o solidne podstawy pod przysz\u0142y rozw\u00f3j przedsi\u0119biorstwa.<\/p>\n<\/div><\/div><footer class='av-milestone-article-footer entry-footer'><\/footer><\/article><div class=\"av-milestone-icon-wrap\"><span class='av-milestone-icon milestone_icon'><span class='av-milestone-icon-inner milestone_inner'><span class='milestone_number'>4<\/span><\/span><\/span><\/div><h2 class='av-milestone-date' id='milestone-luview-in-2009'><strong>LUVIEW W 2009 R.<span class='av-milestone-indicator'><\/span><\/strong><\/h2><\/li>\n<li  class='av-milestone av-l2u925j0-12-8e5bb0295f10a4f8d477b493bea07e82 av-animated-generic fade-in av-milestone-valign-baseline av-milestone-odd'><h2 class='av-milestone-date' id='milestone-luview-in-2010'><strong>LUVIEW W 2010 R.<span class='av-milestone-indicator'><\/span><\/strong><\/h2><div class=\"av-milestone-icon-wrap\"><span class='av-milestone-icon milestone_icon'><span class='av-milestone-icon-inner milestone_inner'><span class='milestone_number'>5<\/span><\/span><\/span><\/div><article class='av-milestone-content-wrap'><div class='av-milestone-contentbox'><div class='av-milestone-content'><div>-Uzyskanie certyfikatu ISO9001 w 2010 r.<\/div>\n<\/div><\/div><footer class='av-milestone-article-footer entry-footer'><\/footer><\/article><\/li>\n<li  class='av-milestone av-l2u925j0-11-fae63933ecbac75bac8e0a2c94725370 av-animated-generic fade-in av-milestone-valign-baseline av-milestone-even'><h2 class='av-milestone-date' id='milestone-luview-in-2011'><strong>LUVIEW W 2011 R.<span class='av-milestone-indicator'><\/span><\/strong><\/h2><article class='av-milestone-content-wrap'><div class='av-milestone-contentbox'><div class='av-milestone-content'><p style=\"text-align: left;\">W 2011 roku firma rozpocz\u0119\u0142a dzia\u0142alno\u015b\u0107 na ca\u0142ym \u015bwiecie, osi\u0105gaj\u0105c globalny zasi\u0119g.<\/p>\n<\/div><\/div><footer class='av-milestone-article-footer entry-footer'><\/footer><\/article><div class=\"av-milestone-icon-wrap\"><span class='av-milestone-icon milestone_icon'><span class='av-milestone-icon-inner milestone_inner'><span class='milestone_number'>6<\/span><\/span><\/span><\/div><h2 class='av-milestone-date' id='milestone-luview-in-2011'><strong>LUVIEW W 2011 R.<span class='av-milestone-indicator'><\/span><\/strong><\/h2><\/li>\n<li  class='av-milestone av-l2u925j0-10-6c8d1b85947de043b7f8f3cae375e5fe av-animated-generic fade-in av-milestone-valign-baseline av-milestone-odd'><h2 class='av-milestone-date' id='milestone-luview-in-2012'><strong>LUVIEW W 2012 R.<span class='av-milestone-indicator'><\/span><\/strong><\/h2><div class=\"av-milestone-icon-wrap\"><span class='av-milestone-icon milestone_icon'><span class='av-milestone-icon-inner milestone_inner'><span class='milestone_number'>7<\/span><\/span><\/span><\/div><article class='av-milestone-content-wrap'><div class='av-milestone-contentbox'><div class='av-milestone-content'><p>W 2012 roku nasz 7-calowy wodoodporny monitor IP69K zosta\u0142 pomy\u015blnie opracowany i wprowadzony na rynek. Produkty firmy zosta\u0142y jeszcze bardziej ulepszone i zgromadzili\u015bmy wielu lojalnych klient\u00f3w dzi\u0119ki jako\u015bci produktu, kt\u00f3ra zosta\u0142a przetestowana przez rynek.<\/p>\n<\/div><\/div><footer class='av-milestone-article-footer entry-footer'><\/footer><\/article><\/li>\n<li  class='av-milestone av-l2u925j0-9-fd7db60d84af04873935113d95faef33 av-animated-generic fade-in av-milestone-valign-baseline av-milestone-even'><h2 class='av-milestone-date' id='milestone-luview-in-2013'><strong>LUVIEW W 2013 R.<span class='av-milestone-indicator'><\/span><\/strong><\/h2><article class='av-milestone-content-wrap'><div class='av-milestone-contentbox'><div class='av-milestone-content'><p style=\"text-align: left;\">W 2013 roku firma z powodzeniem wprowadzi\u0142a system zarz\u0105dzania ERP i przyj\u0119\u0142a nowoczesny tryb zarz\u0105dzania przedsi\u0119biorstwem, aby zmaksymalizowa\u0107 korzy\u015bci z zasob\u00f3w oraz poprawi\u0107 zarz\u0105dzanie i wydajno\u015b\u0107 produkcji poprzez optymalizacj\u0119 zasob\u00f3w przedsi\u0119biorstwa.<\/p>\n<\/div><\/div><footer class='av-milestone-article-footer entry-footer'><\/footer><\/article><div class=\"av-milestone-icon-wrap\"><span class='av-milestone-icon milestone_icon'><span class='av-milestone-icon-inner milestone_inner'><span class='milestone_number'>8<\/span><\/span><\/span><\/div><h2 class='av-milestone-date' id='milestone-luview-in-2013'><strong>LUVIEW W 2013 R.<span class='av-milestone-indicator'><\/span><\/strong><\/h2><\/li>\n<li  class='av-milestone av-l2u925j0-8-147e1581e831fa9785dc493f3d6f2f9a av-animated-generic fade-in av-milestone-valign-baseline av-milestone-odd'><h2 class='av-milestone-date' id='milestone-luview-in-2014'><strong>LUVIEW W 2014 R.<span class='av-milestone-indicator'><\/span><\/strong><\/h2><div class=\"av-milestone-icon-wrap\"><span class='av-milestone-icon milestone_icon'><span class='av-milestone-icon-inner milestone_inner'><span class='milestone_number'>9<\/span><\/span><\/span><\/div><article class='av-milestone-content-wrap'><div class='av-milestone-contentbox'><div class='av-milestone-content'><div>-Przedsi\u0119biorstwo high-tech i przeszed\u0142<\/div>\n<div>-Certyfikat systemu IATF16949<\/div>\n<\/div><\/div><footer class='av-milestone-article-footer entry-footer'><\/footer><\/article><\/li>\n<li  class='av-milestone av-l2u925j0-7-d4ae41b95c5feea1fc0e6fb25fe6b245 av-animated-generic fade-in av-milestone-valign-baseline av-milestone-even'><h2 class='av-milestone-date' id='milestone-luview-in-2015'><strong>LUVIEW W 2015 R.<span class='av-milestone-indicator'><\/span><\/strong><\/h2><article class='av-milestone-content-wrap'><div class='av-milestone-contentbox'><div class='av-milestone-content'><p style=\"text-align: left;\">Specjalny rejestrator jazdy Luview i rejestrator jazdy og\u00f3lnego przeznaczenia zosta\u0142y powszechnie docenione przez krajowy rynek \u015bredniej i wysokiej klasy, Luview zacz\u0105\u0142 wdra\u017ca\u0107 rynki zagraniczne, aby zaspokoi\u0107 potrzeby wi\u0119kszej liczby u\u017cytkownik\u00f3w.<\/p>\n<\/div><\/div><footer class='av-milestone-article-footer entry-footer'><\/footer><\/article><div class=\"av-milestone-icon-wrap\"><span class='av-milestone-icon milestone_icon'><span class='av-milestone-icon-inner milestone_inner'><span class='milestone_number'>10<\/span><\/span><\/span><\/div><h2 class='av-milestone-date' id='milestone-luview-in-2015'><strong>LUVIEW W 2015 R.<span class='av-milestone-indicator'><\/span><\/strong><\/h2><\/li>\n<li  class='av-milestone av-l2u925j0-6-a4ce308d7281095c4534d895db6bd43a av-animated-generic fade-in av-milestone-valign-baseline av-milestone-odd'><h2 class='av-milestone-date' id='milestone-luview-in-2016'><strong>LUVIEW W 2016 R.<span class='av-milestone-indicator'><\/span><\/strong><\/h2><div class=\"av-milestone-icon-wrap\"><span class='av-milestone-icon milestone_icon'><span class='av-milestone-icon-inner milestone_inner'><span class='milestone_number'>11<\/span><\/span><\/span><\/div><article class='av-milestone-content-wrap'><div class='av-milestone-contentbox'><div class='av-milestone-content'><p>W 2016 r. do\u0142\u0105czyli\u015bmy do Federacji Zwi\u0105zk\u00f3w Zawodowych Shenzhen i za\u0142o\u017cyli\u015bmy LUVIEW Enterprise Trade Union, zdeterminowany, by s\u0142u\u017cy\u0107 pracownikom, ludziom i spo\u0142ecze\u0144stwu. Mamy nadziej\u0119, \u017ce promuj\u0105c rozw\u00f3j przedsi\u0119biorstw, zwracamy r\u00f3wnie\u017c uwag\u0119 na symbioz\u0119, harmoni\u0119 i zr\u00f3wnowa\u017cony rozw\u00f3j mi\u0119dzy cz\u0142owiekiem a \u015brodowiskiem.<\/p>\n<\/div><\/div><footer class='av-milestone-article-footer entry-footer'><\/footer><\/article><\/li>\n<li  class='av-milestone av-l2u925j0-5-97afad0faed69b7fea4c77e8a4785b27 av-animated-generic fade-in av-milestone-valign-baseline av-milestone-even'><h2 class='av-milestone-date' id='milestone-luview-in-2017'><strong>LUVIEW W 2017 R.<span class='av-milestone-indicator'><\/span><\/strong><\/h2><article class='av-milestone-content-wrap'><div class='av-milestone-contentbox'><div class='av-milestone-content'><div style=\"text-align: left;\">-Przedsi\u0119biorstwo high-tech i przeszed\u0142<\/div>\n<div style=\"text-align: left;\">-Certyfikat systemu IATF16949<\/div>\n<\/div><\/div><footer class='av-milestone-article-footer entry-footer'><\/footer><\/article><div class=\"av-milestone-icon-wrap\"><span class='av-milestone-icon milestone_icon'><span class='av-milestone-icon-inner milestone_inner'><span class='milestone_number'>12<\/span><\/span><\/span><\/div><h2 class='av-milestone-date' id='milestone-luview-in-2017'><strong>LUVIEW W 2017 R.<span class='av-milestone-indicator'><\/span><\/strong><\/h2><\/li>\n<li  class='av-milestone av-l2u925j0-4-ae482b877816173d0081500120063c05 av-animated-generic fade-in av-milestone-valign-baseline av-milestone-odd'><h2 class='av-milestone-date' id='milestone-luview-in-2018'><strong>LUVIEW W 2018 R.<span class='av-milestone-indicator'><\/span><\/strong><\/h2><div class=\"av-milestone-icon-wrap\"><span class='av-milestone-icon milestone_icon'><span class='av-milestone-icon-inner milestone_inner'><span class='milestone_number'>13<\/span><\/span><\/span><\/div><article class='av-milestone-content-wrap'><div class='av-milestone-contentbox'><div class='av-milestone-content'><p>W 2018 roku, dzi\u0119ki wieloletniemu do\u015bwiadczeniu w bran\u017cy i wysokiej jako\u015bci \u0142a\u0144cuchowi dostaw produkt\u00f3w, LUVIEW zdoby\u0142 reputacj\u0119 na arenie mi\u0119dzynarodowej i z powodzeniem pojawi\u0142 si\u0119 w Shenzhen Jiuzhou Electronics<\/p>\n<\/div><\/div><footer class='av-milestone-article-footer entry-footer'><\/footer><\/article><\/li>\n<li  class='av-milestone av-l2u925j0-3-0d6f98879819a8def0e9aaa84d4473fa av-animated-generic fade-in av-milestone-valign-baseline av-milestone-even'><h2 class='av-milestone-date' id='milestone-luview-in-2019'><strong>LUVIEW W 2019 R.<span class='av-milestone-indicator'><\/span><\/strong><\/h2><article class='av-milestone-content-wrap'><div class='av-milestone-contentbox'><div class='av-milestone-content'><p style=\"text-align: left;\">W 2019 roku nasza kamera samochodowa 4G i motocyklowa kamera samochodowa zosta\u0142y pomy\u015blnie opracowane, a liczba naszych pracownik\u00f3w przekroczy\u0142a 200. Aby zbudowa\u0107 bardziej sp\u00f3jny zesp\u00f3\u0142 przedsi\u0119biorstwa i lepiej s\u0142u\u017cy\u0107 klientom, zorganizowali\u015bmy dla wszystkich wsp\u00f3\u0142pracownik\u00f3w firmy zaj\u0119cia grupowe na \u015bwie\u017cym powietrzu.<\/p>\n<\/div><\/div><footer class='av-milestone-article-footer entry-footer'><\/footer><\/article><div class=\"av-milestone-icon-wrap\"><span class='av-milestone-icon milestone_icon'><span class='av-milestone-icon-inner milestone_inner'><span class='milestone_number'>14<\/span><\/span><\/span><\/div><h2 class='av-milestone-date' id='milestone-luview-in-2019'><strong>LUVIEW W 2019 R.<span class='av-milestone-indicator'><\/span><\/strong><\/h2><\/li>\n<li  class='av-milestone av-l2u925j0-2-1c0a205c3d43d5887f3c51888707faa8 av-animated-generic fade-in av-milestone-valign-baseline av-milestone-odd'><h2 class='av-milestone-date' id='milestone-luview-in-2020'><strong>LUVIEW W 2020 R.<span class='av-milestone-indicator'><\/span><\/strong><\/h2><div class=\"av-milestone-icon-wrap\"><span class='av-milestone-icon milestone_icon'><span class='av-milestone-icon-inner milestone_inner'><span class='milestone_number'>15<\/span><\/span><\/span><\/div><article class='av-milestone-content-wrap'><div class='av-milestone-contentbox'><div class='av-milestone-content'><div>-Przeniesienie fabryki w celu zwi\u0119kszenia mocy produkcyjnych<\/div>\n<div>-200 pracownik\u00f3w<\/div>\n<\/div><\/div><footer class='av-milestone-article-footer entry-footer'><\/footer><\/article><\/li>\n<li  class='av-milestone av-l2u925j0-1-00b10d2187ed443408d982bccd815336 av-animated-generic fade-in av-milestone-valign-baseline av-milestone-even'><h2 class='av-milestone-date' id='milestone-luview-in-2021'><strong>LUVIEW W 2021 R.<span class='av-milestone-indicator'><\/span><\/strong><\/h2><article class='av-milestone-content-wrap'><div class='av-milestone-contentbox'><div class='av-milestone-content'><p style=\"text-align: left;\">Firma Luview przenios\u0142a si\u0119 do parku przemys\u0142owego Liwei o powierzchni ponad 16 000 metr\u00f3w kwadratowych.<\/p>\n<\/div><\/div><footer class='av-milestone-article-footer entry-footer'><\/footer><\/article><div class=\"av-milestone-icon-wrap\"><span class='av-milestone-icon milestone_icon'><span class='av-milestone-icon-inner milestone_inner'><span class='milestone_number'>16<\/span><\/span><\/span><\/div><h2 class='av-milestone-date' id='milestone-luview-in-2021'><strong>LUVIEW W 2021 R.<span class='av-milestone-indicator'><\/span><\/strong><\/h2><\/li>\n<li  class='av-milestone av-l2u925j0-1-1-903ba7f6ccadff3dd9f33418c4926297 av-animated-generic fade-in av-milestone-valign-baseline av-milestone-odd'><h2 class='av-milestone-date' id='milestone-luview-in-2023'><strong>LUVIEW W 2023 R.<span class='av-milestone-indicator'><\/span><\/strong><\/h2><div class=\"av-milestone-icon-wrap\"><span class='av-milestone-icon milestone_icon'><span class='av-milestone-icon-inner milestone_inner'><span class='milestone_number'>17<\/span><\/span><\/span><\/div><article class='av-milestone-content-wrap'><div class='av-milestone-contentbox'><div class='av-milestone-content'><div>-Utworzenie dedykowanego wewn\u0119trznego zespo\u0142u ds. algorytm\u00f3w Al.<\/div>\n<\/div><\/div><footer class='av-milestone-article-footer entry-footer'><\/footer><\/article><\/li>\n<li  class='av-milestone av-l2u925j0-1-1-1-a3b3fed44091dee80bac98b770e5fbd8 av-animated-generic fade-in av-milestone-valign-baseline av-milestone-even'><h2 class='av-milestone-date' id='milestone-luview-in-2025'><strong>LUVIEW W 2025 R.<span class='av-milestone-indicator'><\/span><\/strong><\/h2><article class='av-milestone-content-wrap'><div class='av-milestone-contentbox'><div class='av-milestone-content'><div style=\"text-align: left;\">-Fabryka w Malezji w produkcji<\/div>\n<\/div><\/div><footer class='av-milestone-article-footer entry-footer'><\/footer><\/article><div class=\"av-milestone-icon-wrap\"><span class='av-milestone-icon milestone_icon'><span class='av-milestone-icon-inner milestone_inner'><span class='milestone_number'>18<\/span><\/span><\/span><\/div><h2 class='av-milestone-date' id='milestone-luview-in-2025'><strong>LUVIEW W 2025 R.<span class='av-milestone-indicator'><\/span><\/strong><\/h2><\/li>\n<li  class='av-milestone av-l2u925j0-1-1-1-1-f3f592f7fa398f5a3b1018c30c5fbf49 av-animated-generic fade-in av-milestone-valign-baseline av-milestone-odd'><h2 class='av-milestone-date' id='milestone-luview-in-2026'><strong>LUVIEW W 2026 R.<span class='av-milestone-indicator'><\/span><\/strong><\/h2><div class=\"av-milestone-icon-wrap\"><span class='av-milestone-icon milestone_icon'><span class='av-milestone-icon-inner milestone_inner'><span class='milestone_number'>19<\/span><\/span><\/span><\/div><article class='av-milestone-content-wrap'><div class='av-milestone-contentbox'><div class='av-milestone-content'><div>-20. rocznica Luview<\/div>\n<\/div><\/div><footer class='av-milestone-article-footer entry-footer'><\/footer><\/article><\/li>\n<\/ul><\/div><\/div>","protected":false},"excerpt":{"rendered":"","protected":false},"author":1,"featured_media":0,"parent":152,"menu_order":0,"comment_status":"closed","ping_status":"closed","template":"","meta":{"_monsterinsights_skip_tracking":false,"_monsterinsights_sitenote_active":false,"_monsterinsights_sitenote_note":"","_monsterinsights_sitenote_category":0,"footnotes":""},"class_list":["post-348","page","type-page","status-publish","hentry"],"_links":{"self":[{"href":"https:\/\/luview.com\/pl\/wp-json\/wp\/v2\/pages\/348","targetHints":{"allow":["GET"]}}],"collection":[{"href":"https:\/\/luview.com\/pl\/wp-json\/wp\/v2\/pages"}],"about":[{"href":"https:\/\/luview.com\/pl\/wp-json\/wp\/v2\/types\/page"}],"author":[{"embeddable":true,"href":"https:\/\/luview.com\/pl\/wp-json\/wp\/v2\/users\/1"}],"replies":[{"embeddable":true,"href":"https:\/\/luview.com\/pl\/wp-json\/wp\/v2\/comments?post=348"}],"version-history":[{"count":5,"href":"https:\/\/luview.com\/pl\/wp-json\/wp\/v2\/pages\/348\/revisions"}],"predecessor-version":[{"id":45113,"href":"https:\/\/luview.com\/pl\/wp-json\/wp\/v2\/pages\/348\/revisions\/45113"}],"up":[{"embeddable":true,"href":"https:\/\/luview.com\/pl\/wp-json\/wp\/v2\/pages\/152"}],"wp:attachment":[{"href":"https:\/\/luview.com\/pl\/wp-json\/wp\/v2\/media?parent=348"}],"curies":[{"name":"wp","href":"https:\/\/api.w.org\/{rel}","templated":true}]}}