{"id":365,"date":"2022-05-06T18:43:22","date_gmt":"2022-05-06T18:43:22","guid":{"rendered":"https:\/\/luview.com\/?page_id=365"},"modified":"2026-01-07T09:23:41","modified_gmt":"2026-01-07T09:23:41","slug":"koncepcja-talentu","status":"publish","type":"page","link":"https:\/\/luview.com\/pl\/about-us\/talent-concept\/","title":{"rendered":"Koncepcja talentu"},"content":{"rendered":"<style type=\"text\/css\" data-created_by=\"avia_inline_auto\" id=\"style-css-av-18z5gw-80867b087a1e5d2535a21a4a09287ecb\">\n.avia-section.av-18z5gw-80867b087a1e5d2535a21a4a09287ecb{\nbackground-repeat:no-repeat;\nbackground-image:url(https:\/\/luview.com\/wp-content\/uploads\/2022\/05\/Talent_Concept.jpg);\nbackground-position:50% 50%;\nbackground-attachment:scroll;\n}\n.avia-section.av-18z5gw-80867b087a1e5d2535a21a4a09287ecb .av-section-color-overlay{\nopacity:0.8;\nbackground-color:#222222;\n}\n<\/style>\n<div id='av_section_1'  class='avia-section av-18z5gw-80867b087a1e5d2535a21a4a09287ecb main_color avia-section-default avia-no-border-styling  avia-builder-el-0  el_before_av_one_full  avia-builder-el-first  titlebarbox avia-bg-style-scroll av-section-color-overlay-active container_wrap sidebar_left'  data-section-bg-repeat='no-repeat'><div class=\"av-section-color-overlay-wrap\"><div class=\"av-section-color-overlay\"><\/div><div class='container av-section-cont-open' ><main  role=\"main\" itemprop=\"mainContentOfPage\"  class='template-page content  av-content-small units'><div class='post-entry post-entry-type-page post-entry-365'><div class='entry-content-wrapper clearfix'>\n\n<style type=\"text\/css\" data-created_by=\"avia_inline_auto\" id=\"style-css-av-1521zs-f76749d04838b68ec1c420eb2583ac0b\">\n.flex_column.av-1521zs-f76749d04838b68ec1c420eb2583ac0b{\npadding:10% 0 10% 0;\n}\n<\/style>\n<div class='flex_column av-1521zs-f76749d04838b68ec1c420eb2583ac0b av_one_full  avia-builder-el-1  avia-builder-el-no-sibling  first flex_column_div'   ><style type=\"text\/css\" data-created_by=\"avia_inline_auto\" id=\"style-css-av-l2sgt1ph-700bbb6893565c08fc2e803faf810ebc\">\n#top .av_textblock_section.av-l2sgt1ph-700bbb6893565c08fc2e803faf810ebc .avia_textblock{\ncolor:#ffffff;\ntext-align:center;\n}\n<\/style>\n<section  class='av_textblock_section av-l2sgt1ph-700bbb6893565c08fc2e803faf810ebc'  itemscope=\"itemscope\" itemtype=\"https:\/\/schema.org\/CreativeWork\" ><div class='avia_textblock av_inherit_color'  itemprop=\"text\" ><h1>Koncepcja talentu<\/h1>\n<\/div><\/section><br \/>\n\n<style type=\"text\/css\" data-created_by=\"avia_inline_auto\" id=\"style-css-av-l2sgtr0i-7d783ce11f71ad1d611d63fd2462a3f3\">\n#top .av_textblock_section.av-l2sgtr0i-7d783ce11f71ad1d611d63fd2462a3f3 .avia_textblock{\ncolor:#ffffff;\ntext-align:center;\n}\n<\/style>\n<section  class='av_textblock_section av-l2sgtr0i-7d783ce11f71ad1d611d63fd2462a3f3'  itemscope=\"itemscope\" itemtype=\"https:\/\/schema.org\/CreativeWork\" ><div class='avia_textblock av_inherit_color'  itemprop=\"text\" ><h3 style=\"margin-bottom: 20px;\">Profesjonalny producent elektroniki bezpiecze\u0144stwa pojazd\u00f3w<\/h3>\n<\/div><\/section><br \/>\n<\/p><\/div>\n<\/div><\/div><\/main><!-- close content main element --><\/div><\/div><\/div><div id='after_section_1'  class='main_color av_default_container_wrap container_wrap sidebar_left'  ><div class='container av-section-cont-open' ><div class='template-page content  av-content-small units'><div class='post-entry post-entry-type-page post-entry-365'><div class='entry-content-wrapper clearfix'>\n<div class='flex_column av-59i05-cc3e90031a9c0698033cabf4ba20ccd4 av_one_full  avia-builder-el-5  el_after_av_section  el_before_av_one_full  avia-builder-el-first  first flex_column_div'   ><style type=\"text\/css\" data-created_by=\"avia_inline_auto\" id=\"style-css-av-18lxil-c62731705958e65422ab23543ad824b4\">\n#top .av_textblock_section.av-18lxil-c62731705958e65422ab23543ad824b4 .avia_textblock{\ncolor:#85b61c;\n}\n<\/style>\n<section  class='av_textblock_section av-18lxil-c62731705958e65422ab23543ad824b4'  itemscope=\"itemscope\" itemtype=\"https:\/\/schema.org\/CreativeWork\" ><div class='avia_textblock av_inherit_color'  itemprop=\"text\" ><h3>LUVIEW Talent Concept<\/h3>\n<\/div><\/section><\/div>\n\n<style type=\"text\/css\" data-created_by=\"avia_inline_auto\" id=\"style-css-av-l2u81g9b-7150e202c18e5266f51484820fd9b855\">\n#top .flex_column.av-l2u81g9b-7150e202c18e5266f51484820fd9b855{\nmargin-top:0px;\nmargin-bottom:20px;\n}\n.responsive #top #wrap_all .flex_column.av-l2u81g9b-7150e202c18e5266f51484820fd9b855{\nmargin-top:0px;\nmargin-bottom:20px;\n}\n<\/style>\n<div class='flex_column av-l2u81g9b-7150e202c18e5266f51484820fd9b855 av_one_full  avia-builder-el-7  el_after_av_one_full  el_before_av_one_half  first flex_column_div column-top-margin'   ><section  class='av_textblock_section av-l2usfclr-2c55607af1831f09c1ea7fe3849f1dae'  itemscope=\"itemscope\" itemtype=\"https:\/\/schema.org\/CreativeWork\" ><div class='avia_textblock'  itemprop=\"text\" ><p style=\"text-align: justify; text-justify: inter-ideograph;\">Doskona\u0142e talenty s\u0105 podstaw\u0105 do osi\u0105gni\u0119cia strategicznych cel\u00f3w przedsi\u0119biorstwa i si\u0142\u0105 nap\u0119dow\u0105 jego zr\u00f3wnowa\u017conego rozwoju. Standardem zatrudnienia zalecanym przez LUVIEW jest posiadanie zar\u00f3wno uczciwo\u015bci politycznej, jak i talentu, stawianie cnoty na pierwszym miejscu, wybieranie wybitnych talent\u00f3w, odwa\u017cne wykorzystywanie i pe\u0142ne wykorzystanie roli talent\u00f3w. Zapewniaj\u0105c r\u00f3\u017cnorodne platformy do prezentowania talent\u00f3w ka\u017cdego pracownika, przeprowadzaj\u0105c wszelkiego rodzaju korzystne dzia\u0142ania fizyczne i umys\u0142owe, w pe\u0142ni wykorzystuj\u0105c mo\u017cliwo\u015bci ka\u017cdego pracownika oraz prawdziwie realizuj\u0105c osobist\u0105 warto\u015b\u0107 i podkre\u015blaj\u0105c zdolno\u015bci.<\/p>\n<\/div><\/section><\/div>\n<div class='flex_column_table av-l2usizjh-5b83700b315486e7b38f6dcbdba5dec0 sc-av_one_half av-equal-height-column-flextable'>\n<style type=\"text\/css\" data-created_by=\"avia_inline_auto\" id=\"style-css-av-l2usizjh-5b83700b315486e7b38f6dcbdba5dec0\">\n#top .flex_column_table.av-equal-height-column-flextable.av-l2usizjh-5b83700b315486e7b38f6dcbdba5dec0{\nmargin-top:0px;\nmargin-bottom:0px;\n}\n<\/style>\n<div class='flex_column av-l2usizjh-5b83700b315486e7b38f6dcbdba5dec0 av_one_half  avia-builder-el-9  el_after_av_one_full  el_before_av_one_half  first flex_column_table_cell av-equal-height-column av-align-middle column-top-margin'   ><section  class='av_textblock_section av-l2ushjix-36a0d4351a9c6aa0aee96f64a008e035'  itemscope=\"itemscope\" itemtype=\"https:\/\/schema.org\/CreativeWork\" ><div class='avia_textblock'  itemprop=\"text\" ><p><strong>Stawiaj cnot\u0119 na pierwszym miejscu i b\u0105d\u017a zar\u00f3wno cnotliwy, jak i zdolny.<\/strong><\/p>\n<p style=\"text-align: justify; text-justify: inter-ideograph;\">LUVIEW jest przedsi\u0119biorstwem high-tech w Shenzhen, kt\u00f3re przesz\u0142o certyfikacj\u0119 ISO\/TS16949. Mamy 20 lat rozwoju, projektowania, zarz\u0105dzania jako\u015bci\u0105 i zdolno\u015bci produkcyjnych w dziedzinie elektroniki samochodowej, co gwarantuje, \u017ce firma mo\u017ce zaspokoi\u0107 zr\u00f3\u017cnicowane potrzeby w\u0142a\u015bcicieli samochod\u00f3w i zapewni\u0107 klientom dobre produkty i us\u0142ugi. Posiadamy w\u0142asne profesjonalne zespo\u0142y badawczo-rozwojowe, w tym prawie 40 in\u017cynier\u00f3w R&amp;D.<\/p>\n<\/div><\/section><\/div><div class='av-flex-placeholder'><\/div>\n<style type=\"text\/css\" data-created_by=\"avia_inline_auto\" id=\"style-css-av-juen9-d723f6cfbc9b54571d6da18c0664ec6f\">\n#top .flex_column_table.av-equal-height-column-flextable.av-juen9-d723f6cfbc9b54571d6da18c0664ec6f{\nmargin-top:0px;\nmargin-bottom:0px;\n}\n<\/style>\n<div class='flex_column av-juen9-d723f6cfbc9b54571d6da18c0664ec6f av_one_half  avia-builder-el-11  el_after_av_one_half  el_before_av_one_half  flex_column_table_cell av-equal-height-column av-align-middle column-top-margin'   ><style type=\"text\/css\" data-created_by=\"avia_inline_auto\" id=\"style-css-av-l2usik90-0e75e170de611e254f02703d250e912c\">\n.avia-image-container.av-l2usik90-0e75e170de611e254f02703d250e912c .av-image-caption-overlay-center{\ncolor:#ffffff;\n}\n<\/style>\n<div  class='avia-image-container av-l2usik90-0e75e170de611e254f02703d250e912c av-styling- avia-align-center  avia-builder-el-12  avia-builder-el-no-sibling'  itemprop=\"image\" itemscope=\"itemscope\" itemtype=\"https:\/\/schema.org\/ImageObject\" ><div class=\"avia-image-container-inner\"><div class=\"avia-image-overlay-wrap\"><img decoding=\"async\" class='wp-image-372 avia-img-lazy-loading-not-372 avia_image lazyload' data-src=\"https:\/\/luview.com\/wp-content\/uploads\/2022\/05\/Talent-Concept1.jpg\"  title='Talent-Concept1'  height=\"314\" width=\"437\"  itemprop=\"thumbnailUrl\" data-srcset=\"https:\/\/luview.com\/wp-content\/uploads\/2022\/05\/Talent-Concept1.jpg 437w, https:\/\/luview.com\/wp-content\/uploads\/2022\/05\/Talent-Concept1-300x216.jpg 300w\" data-sizes=\"(max-width: 437px) 100vw, 437px\" alt=\"Talent Concept\u63d2\u56fe\" src=\"data:image\/svg+xml;base64,PHN2ZyB3aWR0aD0iMSIgaGVpZ2h0PSIxIiB4bWxucz0iaHR0cDovL3d3dy53My5vcmcvMjAwMC9zdmciPjwvc3ZnPg==\" style=\"--smush-placeholder-width: 437px; --smush-placeholder-aspect-ratio: 437\/314;\" \/><\/div><\/div><\/div><\/div><\/div><!--close column table wrapper. Autoclose: 1 --><\/p>\n<div class='flex_column_table av-l2uskh8l-7bc4c46e29dede0a2b11177ce52b9893 sc-av_one_half av-equal-height-column-flextable'>\n<style type=\"text\/css\" data-created_by=\"avia_inline_auto\" id=\"style-css-av-l2uskh8l-7bc4c46e29dede0a2b11177ce52b9893\">\n#top .flex_column_table.av-equal-height-column-flextable.av-l2uskh8l-7bc4c46e29dede0a2b11177ce52b9893{\nmargin-top:0px;\nmargin-bottom:0px;\n}\n<\/style>\n<div class='flex_column av-l2uskh8l-7bc4c46e29dede0a2b11177ce52b9893 av_one_half  avia-builder-el-13  el_after_av_one_half  el_before_av_one_half  first flex_column_table_cell av-equal-height-column av-align-middle column-top-margin'   ><style type=\"text\/css\" data-created_by=\"avia_inline_auto\" id=\"style-css-av-l2uskstw-78bbb541d61dc7e5be6f15972596f9c0\">\n.avia-image-container.av-l2uskstw-78bbb541d61dc7e5be6f15972596f9c0 .av-image-caption-overlay-center{\ncolor:#ffffff;\n}\n<\/style>\n<div  class='avia-image-container av-l2uskstw-78bbb541d61dc7e5be6f15972596f9c0 av-styling- avia-align-center  avia-builder-el-14  avia-builder-el-no-sibling'  itemprop=\"image\" itemscope=\"itemscope\" itemtype=\"https:\/\/schema.org\/ImageObject\" ><div class=\"avia-image-container-inner\"><div class=\"avia-image-overlay-wrap\"><img decoding=\"async\" class='wp-image-378 avia-img-lazy-loading-not-378 avia_image lazyload' data-src=\"https:\/\/luview.com\/wp-content\/uploads\/2022\/05\/Talent-Concept2.jpg\"  title='Talent-Concept2'  height=\"314\" width=\"437\"  itemprop=\"thumbnailUrl\" data-srcset=\"https:\/\/luview.com\/wp-content\/uploads\/2022\/05\/Talent-Concept2.jpg 437w, https:\/\/luview.com\/wp-content\/uploads\/2022\/05\/Talent-Concept2-300x216.jpg 300w\" data-sizes=\"(max-width: 437px) 100vw, 437px\" alt=\"Talent Concept\u63d2\u56fe1\" src=\"data:image\/svg+xml;base64,PHN2ZyB3aWR0aD0iMSIgaGVpZ2h0PSIxIiB4bWxucz0iaHR0cDovL3d3dy53My5vcmcvMjAwMC9zdmciPjwvc3ZnPg==\" style=\"--smush-placeholder-width: 437px; --smush-placeholder-aspect-ratio: 437\/314;\" \/><\/div><\/div><\/div><\/div>\n<div class='av-flex-placeholder'><\/div>\n<style type=\"text\/css\" data-created_by=\"avia_inline_auto\" id=\"style-css-av-hrsot-ede235c2c8411f45df1a109ec393e351\">\n#top .flex_column_table.av-equal-height-column-flextable.av-hrsot-ede235c2c8411f45df1a109ec393e351{\nmargin-top:0px;\nmargin-bottom:0px;\n}\n<\/style>\n<div class='flex_column av-hrsot-ede235c2c8411f45df1a109ec393e351 av_one_half  avia-builder-el-15  el_after_av_one_half  el_before_av_one_half  flex_column_table_cell av-equal-height-column av-align-middle column-top-margin'   ><section  class='av_textblock_section av-l2uslh4i-145a849de9c62391ce1d53c68c8a8f00'  itemscope=\"itemscope\" itemtype=\"https:\/\/schema.org\/CreativeWork\" ><div class='avia_textblock'  itemprop=\"text\" ><p><strong>Ludzie w pe\u0142ni wykorzystuj\u0105 swoje talenty<br \/>\n<\/strong><\/p>\n<p style=\"text-align: justify; text-justify: inter-ideograph;\">W LUVIEW ka\u017cdy pracownik mo\u017ce w pe\u0142ni wykorzysta\u0107 swoje talenty i umiej\u0119tno\u015bci, dzi\u0119ki czemu mo\u017ce wykorzysta\u0107 swoje mocne strony i unikn\u0105\u0107 s\u0142abo\u015bci, a w\u0142a\u015bciwa osoba mo\u017ce zrobi\u0107 w\u0142a\u015bciw\u0105 rzecz. Firma jasno okre\u015bla obowi\u0105zki na ka\u017cdym stanowisku, selekcj\u0119 naukow\u0105 i mianowanie, umiej\u0119tno\u015bci danej osoby i specjalistyczn\u0105 technologi\u0119 dostosowan\u0105 do stanowiska, dostosowuje stanowisko do rzeczywistych zmian.<\/p>\n<\/div><\/section><\/div><\/div><!--close column table wrapper. Autoclose: 1 -->\n<div class='flex_column_table av-l2usm0kt-3b4cf32c0dfbd60848c3c952e41fda58 sc-av_one_half av-equal-height-column-flextable'>\n<style type=\"text\/css\" data-created_by=\"avia_inline_auto\" id=\"style-css-av-l2usm0kt-3b4cf32c0dfbd60848c3c952e41fda58\">\n#top .flex_column_table.av-equal-height-column-flextable.av-l2usm0kt-3b4cf32c0dfbd60848c3c952e41fda58{\nmargin-top:0px;\nmargin-bottom:0px;\n}\n<\/style>\n<div class='flex_column av-l2usm0kt-3b4cf32c0dfbd60848c3c952e41fda58 av_one_half  avia-builder-el-17  el_after_av_one_half  el_before_av_one_half  first flex_column_table_cell av-equal-height-column av-align-middle column-top-margin'   ><section  class='av_textblock_section av-l2usmjpc-0d9cbe7ef18a6f415cb38467a761303e'  itemscope=\"itemscope\" itemtype=\"https:\/\/schema.org\/CreativeWork\" ><div class='avia_textblock'  itemprop=\"text\" ><p><strong>Wybieranie mocnych stron i tolerowanie r\u00f3\u017cnic mi\u0119dzy lud\u017ami.<\/strong><\/p>\n<p style=\"text-align: justify; text-justify: inter-ideograph;\">Wszystkie rzeki wpadaj\u0105 do morza. Im wi\u0119kszy jest umys\u0142 i wzorzec danej osoby, tym wi\u0119ksze b\u0119d\u0105 jej osi\u0105gni\u0119cia. Ka\u017cdy ma zar\u00f3wno dobre, jak i z\u0142e strony. Je\u015bli jeste\u015b w czym\u015b dobry, musi ci czego\u015b brakowa\u0107. Lasy kwitn\u0105 dzi\u0119ki r\u00f3\u017cnorodno\u015bci \u017cycia, a rozw\u00f3j kariery zale\u017cy od r\u00f3\u017cnorodno\u015bci talent\u00f3w. Wierzymy, \u017ce \u0142\u0105cz\u0105c m\u0105dro\u015b\u0107 wszystkich, zesp\u00f3\u0142 mo\u017ce by\u0107 bardziej bojowy, a przedsi\u0119biorstwo mo\u017ce lepiej prosperowa\u0107.<\/p>\n<\/div><\/section><\/div>\n<div class='av-flex-placeholder'><\/div>\n<style type=\"text\/css\" data-created_by=\"avia_inline_auto\" id=\"style-css-av-85tfx-65353a521752f43ed81898a9f765c4e9\">\n#top .flex_column_table.av-equal-height-column-flextable.av-85tfx-65353a521752f43ed81898a9f765c4e9{\nmargin-top:0px;\nmargin-bottom:0px;\n}\n<\/style>\n<div class='flex_column av-85tfx-65353a521752f43ed81898a9f765c4e9 av_one_half  avia-builder-el-19  el_after_av_one_half  avia-builder-el-last  flex_column_table_cell av-equal-height-column av-align-middle column-top-margin'   ><style type=\"text\/css\" data-created_by=\"avia_inline_auto\" id=\"style-css-av-l2usmsbv-28fcd2226a327d01c0dfe51e36145b5c\">\n.avia-image-container.av-l2usmsbv-28fcd2226a327d01c0dfe51e36145b5c .av-image-caption-overlay-center{\ncolor:#ffffff;\n}\n<\/style>\n<div  class='avia-image-container av-l2usmsbv-28fcd2226a327d01c0dfe51e36145b5c av-styling- avia-align-center  avia-builder-el-20  avia-builder-el-no-sibling'  itemprop=\"image\" itemscope=\"itemscope\" itemtype=\"https:\/\/schema.org\/ImageObject\" ><div class=\"avia-image-container-inner\"><div class=\"avia-image-overlay-wrap\"><img decoding=\"async\" class='wp-image-379 avia-img-lazy-loading-not-379 avia_image lazyload' data-src=\"https:\/\/luview.com\/wp-content\/uploads\/2022\/05\/Talent-Concept3.jpg\"  title='Talent-Concept3'  height=\"314\" width=\"437\"  itemprop=\"thumbnailUrl\" data-srcset=\"https:\/\/luview.com\/wp-content\/uploads\/2022\/05\/Talent-Concept3.jpg 437w, https:\/\/luview.com\/wp-content\/uploads\/2022\/05\/Talent-Concept3-300x216.jpg 300w\" data-sizes=\"(max-width: 437px) 100vw, 437px\" alt=\"Talent Concept\u63d2\u56fe2\" src=\"data:image\/svg+xml;base64,PHN2ZyB3aWR0aD0iMSIgaGVpZ2h0PSIxIiB4bWxucz0iaHR0cDovL3d3dy53My5vcmcvMjAwMC9zdmciPjwvc3ZnPg==\" style=\"--smush-placeholder-width: 437px; --smush-placeholder-aspect-ratio: 437\/314;\" \/><\/div><\/div><\/div><\/div><\/div><!--close column table wrapper. Autoclose: 1 -->","protected":false},"excerpt":{"rendered":"","protected":false},"author":1,"featured_media":0,"parent":152,"menu_order":0,"comment_status":"closed","ping_status":"closed","template":"","meta":{"_monsterinsights_skip_tracking":false,"_monsterinsights_sitenote_active":false,"_monsterinsights_sitenote_note":"","_monsterinsights_sitenote_category":0,"footnotes":""},"class_list":["post-365","page","type-page","status-publish","hentry"],"_links":{"self":[{"href":"https:\/\/luview.com\/pl\/wp-json\/wp\/v2\/pages\/365","targetHints":{"allow":["GET"]}}],"collection":[{"href":"https:\/\/luview.com\/pl\/wp-json\/wp\/v2\/pages"}],"about":[{"href":"https:\/\/luview.com\/pl\/wp-json\/wp\/v2\/types\/page"}],"author":[{"embeddable":true,"href":"https:\/\/luview.com\/pl\/wp-json\/wp\/v2\/users\/1"}],"replies":[{"embeddable":true,"href":"https:\/\/luview.com\/pl\/wp-json\/wp\/v2\/comments?post=365"}],"version-history":[{"count":2,"href":"https:\/\/luview.com\/pl\/wp-json\/wp\/v2\/pages\/365\/revisions"}],"predecessor-version":[{"id":43755,"href":"https:\/\/luview.com\/pl\/wp-json\/wp\/v2\/pages\/365\/revisions\/43755"}],"up":[{"embeddable":true,"href":"https:\/\/luview.com\/pl\/wp-json\/wp\/v2\/pages\/152"}],"wp:attachment":[{"href":"https:\/\/luview.com\/pl\/wp-json\/wp\/v2\/media?parent=365"}],"curies":[{"name":"wp","href":"https:\/\/api.w.org\/{rel}","templated":true}]}}