{"id":42214,"date":"2025-09-18T01:25:26","date_gmt":"2025-09-18T01:25:26","guid":{"rendered":"https:\/\/luview.com\/?page_id=42214"},"modified":"2025-09-18T04:01:41","modified_gmt":"2025-09-18T04:01:41","slug":"zarejestruj-sie-teraz","status":"publish","type":"page","link":"https:\/\/luview.com\/pl\/exhibition\/register-now\/","title":{"rendered":"Zarejestruj si\u0119 teraz"},"content":{"rendered":"<style type=\"text\/css\" data-created_by=\"avia_inline_auto\" id=\"style-css-av-2a8iu4m-425e68723acd348cfd8f07e0fa570dd0\">\n.avia-section.av-2a8iu4m-425e68723acd348cfd8f07e0fa570dd0{\nbackground-repeat:no-repeat;\nbackground-image:url(https:\/\/luview.com\/wp-content\/uploads\/2025\/09\/bg-9464541.webp);\nbackground-position:0% 0%;\nbackground-attachment:scroll;\n}\n.avia-section.av-2a8iu4m-425e68723acd348cfd8f07e0fa570dd0 .av-section-color-overlay{\nopacity:0.7;\nbackground-color:#0a0a0a;\n}\n#top .avia-section.av-2a8iu4m-425e68723acd348cfd8f07e0fa570dd0 .scroll-down-link{\ncolor:#ffffff;\n}\n<\/style>\n<div id='av_section_1'  class='avia-section av-2a8iu4m-425e68723acd348cfd8f07e0fa570dd0 main_color avia-section-huge avia-no-border-styling  avia-builder-el-0  el_before_av_one_full  avia-builder-el-first  avia-bg-style-scroll av-section-color-overlay-active container_wrap sidebar_left'  data-section-bg-repeat='no-repeat'><div class=\"av-section-color-overlay-wrap\"><div class=\"av-section-color-overlay\"><\/div><a href='#next-section' title='' class='scroll-down-link av-custom-scroll-down-color' aria-hidden='true' data-av_icon='\ue877' data-av_iconfont='entypo-fontello'><\/a><div class='container av-section-cont-open' ><main  role=\"main\" itemprop=\"mainContentOfPage\"  class='template-page content  av-content-small units'><div class='post-entry post-entry-type-page post-entry-42214'><div class='entry-content-wrapper clearfix'>\n\n<style type=\"text\/css\" data-created_by=\"avia_inline_auto\" id=\"style-css-av-mfot2ghj-3bc66f78fdc7822898c58f00fc92e726\">\n#top .av-special-heading.av-mfot2ghj-3bc66f78fdc7822898c58f00fc92e726{\npadding-bottom:10px;\ncolor:#ffffff;\n}\nbody .av-special-heading.av-mfot2ghj-3bc66f78fdc7822898c58f00fc92e726 .av-special-heading-tag .heading-char{\nfont-size:25px;\n}\n.av-special-heading.av-mfot2ghj-3bc66f78fdc7822898c58f00fc92e726 .special-heading-inner-border{\nborder-color:#ffffff;\n}\n.av-special-heading.av-mfot2ghj-3bc66f78fdc7822898c58f00fc92e726 .av-subheading{\nfont-size:15px;\n}\n<\/style>\n<div  class='av-special-heading av-mfot2ghj-3bc66f78fdc7822898c58f00fc92e726 av-special-heading-h1 custom-color-heading blockquote modern-quote modern-centered  avia-builder-el-1  avia-builder-el-no-sibling'><h1 class='av-special-heading-tag'  itemprop=\"headline\"  >Zarejestruj si\u0119 teraz<\/h1><div class=\"special-heading-border\"><div class=\"special-heading-inner-border\"><\/div><\/div><\/div>\n<\/div><\/div><\/main><!-- close content main element --><\/div><\/div><\/div><div id='after_section_1'  class='main_color av_default_container_wrap container_wrap sidebar_left'  ><div class='container av-section-cont-open' ><div class='template-page content  av-content-small units'><div class='post-entry post-entry-type-page post-entry-42214'><div class='entry-content-wrapper clearfix'>\n<div class='flex_column av-1p6qbd2-9f0d332cd5d059309dd87909478f3874 av_one_full  avia-builder-el-2  el_after_av_section  el_before_av_one_full  avia-builder-el-first  first flex_column_div'   ><p>\n<style type=\"text\/css\" data-created_by=\"avia_inline_auto\" id=\"style-css-av-mfot3opr-002640d1205e904e1e4897cd8f20a454\">\n#top .av-special-heading.av-mfot3opr-002640d1205e904e1e4897cd8f20a454{\npadding-bottom:10px;\n}\nbody .av-special-heading.av-mfot3opr-002640d1205e904e1e4897cd8f20a454 .av-special-heading-tag .heading-char{\nfont-size:25px;\n}\n.av-special-heading.av-mfot3opr-002640d1205e904e1e4897cd8f20a454 .av-subheading{\nfont-size:15px;\n}\n<\/style>\n<div  class='av-special-heading av-mfot3opr-002640d1205e904e1e4897cd8f20a454 av-special-heading-h3 blockquote modern-quote  avia-builder-el-3  el_before_av_textblock  avia-builder-el-first'><h3 class='av-special-heading-tag'  itemprop=\"headline\"  >Oficjalne zaproszenie: Do\u0142\u0105cz do Luview na nadchodz\u0105cych wystawach<\/h3><div class=\"special-heading-border\"><div class=\"special-heading-inner-border\"><\/div><\/div><\/div><br \/>\n<section  class='av_textblock_section av-mfotbwfq-638d42830384e4db496094b7dfcb86ec'  itemscope=\"itemscope\" itemtype=\"https:\/\/schema.org\/CreativeWork\" ><div class='avia_textblock'  itemprop=\"text\" ><p>Serdecznie zapraszam do odwiedzenia nas na nadchodz\u0105cych targach w Europie i Azji w pa\u017adzierniku i listopadzie. B\u0119d\u0105 to doskona\u0142e okazje do zapoznania si\u0119 z najnowszymi rozwi\u0105zaniami Luview w zakresie bezpiecze\u0144stwa i nadzoru pojazd\u00f3w.<\/p>\n<p><strong>Kompleksowe rozwi\u0105zania:<\/strong> Zaprezentujemy nasz\u0105 r\u00f3\u017cnorodn\u0105 gam\u0119 rozwi\u0105za\u0144 w zakresie bezpiecze\u0144stwa i nadzoru pojazd\u00f3w, podkre\u015blaj\u0105c nasze podstawowe technologie i innowacyjne produkty.<\/p>\n<p><strong>Konsultacje z ekspertami:<\/strong> Nasz zesp\u00f3\u0142 b\u0119dzie na miejscu, aby udzieli\u0107 profesjonalnych wskaz\u00f3wek i om\u00f3wi\u0107, w jaki spos\u00f3b rozwi\u0105zania Luview mog\u0105 zwi\u0119kszy\u0107 bezpiecze\u0144stwo operacyjne i wydajno\u015b\u0107.<\/p>\n<p><strong>Oferta na wy\u0142\u0105czno\u015b\u0107:<\/strong> Zarejestruj si\u0119 i odwied\u017a nasze stoisko, aby otrzyma\u0107 bezp\u0142atne pr\u00f3bki naszych wystawianych linii produkt\u00f3w, do wyczerpania zapas\u00f3w.<\/p>\n<p>Z niecierpliwo\u015bci\u0105 czekamy na kontakt z Pa\u0144stwem na targach i zbadanie nowych mo\u017cliwo\u015bci wsp\u00f3\u0142pracy.<\/p>\n<\/div><\/section><\/p><\/div>\n<div class='flex_column av-18cp6p2-3a54c3250629455db7ec90798bfb0a6d av_one_full  avia-builder-el-5  el_after_av_one_full  avia-builder-el-last  first flex_column_div column-top-margin'   ><\/div>","protected":false},"excerpt":{"rendered":"","protected":false},"author":1,"featured_media":0,"parent":41939,"menu_order":0,"comment_status":"closed","ping_status":"closed","template":"","meta":{"_monsterinsights_skip_tracking":false,"_monsterinsights_sitenote_active":false,"_monsterinsights_sitenote_note":"","_monsterinsights_sitenote_category":0,"footnotes":""},"class_list":["post-42214","page","type-page","status-publish","hentry"],"_links":{"self":[{"href":"https:\/\/luview.com\/pl\/wp-json\/wp\/v2\/pages\/42214","targetHints":{"allow":["GET"]}}],"collection":[{"href":"https:\/\/luview.com\/pl\/wp-json\/wp\/v2\/pages"}],"about":[{"href":"https:\/\/luview.com\/pl\/wp-json\/wp\/v2\/types\/page"}],"author":[{"embeddable":true,"href":"https:\/\/luview.com\/pl\/wp-json\/wp\/v2\/users\/1"}],"replies":[{"embeddable":true,"href":"https:\/\/luview.com\/pl\/wp-json\/wp\/v2\/comments?post=42214"}],"version-history":[{"count":0,"href":"https:\/\/luview.com\/pl\/wp-json\/wp\/v2\/pages\/42214\/revisions"}],"up":[{"embeddable":true,"href":"https:\/\/luview.com\/pl\/wp-json\/wp\/v2\/pages\/41939"}],"wp:attachment":[{"href":"https:\/\/luview.com\/pl\/wp-json\/wp\/v2\/media?parent=42214"}],"curies":[{"name":"wp","href":"https:\/\/api.w.org\/{rel}","templated":true}]}}