{"id":631,"date":"2022-05-23T07:58:39","date_gmt":"2022-05-23T07:58:39","guid":{"rendered":"https:\/\/luview.com\/?page_id=631"},"modified":"2026-03-10T02:44:22","modified_gmt":"2026-03-10T02:44:22","slug":"kamery-tablic-rejestracyjnych","status":"publish","type":"page","link":"https:\/\/luview.com\/pl\/products\/cameras\/license-plate-cameras\/","title":{"rendered":"Kamery rejestruj\u0105ce tablice rejestracyjne"},"content":{"rendered":"<style type=\"text\/css\" data-created_by=\"avia_inline_auto\" id=\"style-css-av-l2y9d09l-37c459b1fe29d7efeee039a33e01dd4f\">\n.avia-section.av-l2y9d09l-37c459b1fe29d7efeee039a33e01dd4f{\nbackground-repeat:no-repeat;\nbackground-image:url(https:\/\/luview.com\/wp-content\/uploads\/2024\/11\/1111.jpg);\nbackground-position:50% 50%;\nbackground-attachment:scroll;\n}\n.avia-section.av-l2y9d09l-37c459b1fe29d7efeee039a33e01dd4f .av-section-color-overlay{\nopacity:0.8;\nbackground-color:#222222;\n}\n<\/style>\n<div id='av_section_1'  class='avia-section av-l2y9d09l-37c459b1fe29d7efeee039a33e01dd4f main_color avia-section-default avia-no-border-styling  avia-builder-el-0  el_before_av_one_full  avia-builder-el-first  titlebarbox avia-full-stretch avia-bg-style-scroll av-section-color-overlay-active container_wrap sidebar_left'  data-section-bg-repeat='stretch'><div class=\"av-section-color-overlay-wrap\"><div class=\"av-section-color-overlay\"><\/div><div class='container av-section-cont-open' ><main  role=\"main\" itemprop=\"mainContentOfPage\"  class='template-page content  av-content-small units'><div class='post-entry post-entry-type-page post-entry-631'><div class='entry-content-wrapper clearfix'>\n\n<style type=\"text\/css\" data-created_by=\"avia_inline_auto\" id=\"style-css-av-ro2v-a87e36abb91cc5e18f3d0098b40720d3\">\n.flex_column.av-ro2v-a87e36abb91cc5e18f3d0098b40720d3{\npadding:10% 0 10% 0;\n}\n<\/style>\n<div class='flex_column av-ro2v-a87e36abb91cc5e18f3d0098b40720d3 av_one_full  avia-builder-el-1  avia-builder-el-no-sibling  first flex_column_div'   ><style type=\"text\/css\" data-created_by=\"avia_inline_auto\" id=\"style-css-av-l2y9au29-bf07c75c092d3a9f62676db415f615f7\">\n#top .av_textblock_section.av-l2y9au29-bf07c75c092d3a9f62676db415f615f7 .avia_textblock{\ncolor:#ffffff;\ntext-align:center;\n}\n<\/style>\n<section  class='av_textblock_section av-l2y9au29-bf07c75c092d3a9f62676db415f615f7'  itemscope=\"itemscope\" itemtype=\"https:\/\/schema.org\/CreativeWork\" ><div class='avia_textblock av_inherit_color'  itemprop=\"text\" ><h1>Kamery rejestruj\u0105ce tablice rejestracyjne<\/h1>\n<\/div><\/section><br \/>\n<\/p><\/div>\n<\/div><\/div><\/main><!-- close content main element --><\/div><\/div><\/div><div id='after_section_1'  class='main_color av_default_container_wrap container_wrap sidebar_left'  ><div class='container av-section-cont-open' ><div class='template-page content  av-content-small units'><div class='post-entry post-entry-type-page post-entry-631'><div class='entry-content-wrapper clearfix'>\n<div class='flex_column av-6hmib-0f7b6fcf00f9273a80dfc45f533798fb av_one_full  avia-builder-el-4  el_after_av_section  el_before_av_one_full  avia-builder-el-first  first flex_column_div'   ><section  class='av_textblock_section av-l2y9squj-e76031f6dac70c55a963b220d7b8ed83'  itemscope=\"itemscope\" itemtype=\"https:\/\/schema.org\/CreativeWork\" ><div class='avia_textblock'  itemprop=\"text\" ><h3 style=\"font-weight: bold;\">Wszystkie kamery tablic rejestracyjnych<\/h3>\n<\/div><\/section><br \/>\n<section  class='av_textblock_section av-l2y9tm1e-80c30be322df05d44e75397a617f5c97'  itemscope=\"itemscope\" itemtype=\"https:\/\/schema.org\/CreativeWork\" ><div class='avia_textblock'  itemprop=\"text\" ><p>Installing one of our\u00a0license plate camera\u00a0in your vehicle improves the driver&#8217;s visibility\u00a0exponentially! With\u00a0options including\u00a0multiple views around the vehicle, night vision, waterproof durability, and 150-170\u00b0\u00a0field of vision, Luview manufacture high quality license plate cameras and rear view system to meet you &amp;\u00a0your fleet\u2019s needs. Consult us\u00a0by <a href=\"http:\/\/mailto:sales@luview.com\/\">sales@luview.com<\/a>\u00a0!<\/p>\n<\/div><\/section><br \/>\n<div  class='avia-button-wrap avia-button-left  avia-builder-el-7  el_after_av_textblock  avia-builder-el-last' ><a href='https:\/\/luview.com\/pl\/contact\/'  class='avia-button av-l2y9umzk-d16bac7bf4e11df2896cb79984c1e31c avia-icon_select-no avia-size-large avia-position-left avia-color-theme-color' ><span class='avia_iconbox_title' >Zapytaj teraz<\/span><\/a><\/div><\/p><\/div>\n<div class='flex_column av-5hzen-23301fe4c356e81a47b358eb060165d1 av_one_full  avia-builder-el-8  el_after_av_one_full  el_before_av_one_full  first flex_column_div column-top-margin'   ><div  class='avia-product-slider-container av-l2y9wj0i-95e2f03cbb65345e10b02865878b62d3 template-shop avia-content-slider avia-content-grid-active shop_columns_3  avia-builder-el-9  avia-builder-el-no-sibling  myproducts avia-content-slider-odd  avia-builder-el-9  avia-builder-el-no-sibling  myproducts avia-product-slider1'  data-autoplay=''  data-interval='5'  data-animation='fade'  data-hoverpause='1' ><div class='avia-content-slider-inner'><ul class=\"products\"><li class=\"product type-product post-935 status-publish first instock product_cat-license-plate-camera has-post-thumbnail shipping-taxable product-type-simple\">\n\t<div class='inner_product main_color wrapped_style noLightbox  av-product-class-no_button'><a href=\"https:\/\/luview.com\/pl\/product\/jy-022a-license-plate-camera-with-ip69k-and-wide-view-angle\/\" class=\"woocommerce-LoopProduct-link woocommerce-loop-product__link\"><div class='thumbnail_container'><img decoding=\"async\" width=\"600\" height=\"600\" data-src=\"https:\/\/luview.com\/wp-content\/uploads\/2022\/06\/022A\u5e26\u57ab\u5708\u6b3e\u9996\u9875\u65b9\u5411-1-600x600.jpg\" class=\"wp-image-44063 avia-img-lazy-loading-44063 attachment-woocommerce_thumbnail size-woocommerce_thumbnail wp-post-image lazyload\"  data-srcset=\"https:\/\/luview.com\/wp-content\/uploads\/2022\/06\/022A\u5e26\u57ab\u5708\u6b3e\u9996\u9875\u65b9\u5411-1-600x600.jpg 600w, https:\/\/luview.com\/wp-content\/uploads\/2022\/06\/022A\u5e26\u57ab\u5708\u6b3e\u9996\u9875\u65b9\u5411-1-300x300.jpg 300w, https:\/\/luview.com\/wp-content\/uploads\/2022\/06\/022A\u5e26\u57ab\u5708\u6b3e\u9996\u9875\u65b9\u5411-1-80x80.jpg 80w, https:\/\/luview.com\/wp-content\/uploads\/2022\/06\/022A\u5e26\u57ab\u5708\u6b3e\u9996\u9875\u65b9\u5411-1-768x768.jpg 768w, https:\/\/luview.com\/wp-content\/uploads\/2022\/06\/022A\u5e26\u57ab\u5708\u6b3e\u9996\u9875\u65b9\u5411-1-12x12.jpg 12w, https:\/\/luview.com\/wp-content\/uploads\/2022\/06\/022A\u5e26\u57ab\u5708\u6b3e\u9996\u9875\u65b9\u5411-1-36x36.jpg 36w, https:\/\/luview.com\/wp-content\/uploads\/2022\/06\/022A\u5e26\u57ab\u5708\u6b3e\u9996\u9875\u65b9\u5411-1-180x180.jpg 180w, https:\/\/luview.com\/wp-content\/uploads\/2022\/06\/022A\u5e26\u57ab\u5708\u6b3e\u9996\u9875\u65b9\u5411-1-430x430.jpg 430w, https:\/\/luview.com\/wp-content\/uploads\/2022\/06\/022A\u5e26\u57ab\u5708\u6b3e\u9996\u9875\u65b9\u5411-1-630x630.jpg 630w, https:\/\/luview.com\/wp-content\/uploads\/2022\/06\/022A\u5e26\u57ab\u5708\u6b3e\u9996\u9875\u65b9\u5411-1-705x705.jpg 705w, https:\/\/luview.com\/wp-content\/uploads\/2022\/06\/022A\u5e26\u57ab\u5708\u6b3e\u9996\u9875\u65b9\u5411-1-321x321.jpg 321w, https:\/\/luview.com\/wp-content\/uploads\/2022\/06\/022A\u5e26\u57ab\u5708\u6b3e\u9996\u9875\u65b9\u5411-1-120x120.jpg 120w, https:\/\/luview.com\/wp-content\/uploads\/2022\/06\/022A\u5e26\u57ab\u5708\u6b3e\u9996\u9875\u65b9\u5411-1-450x450.jpg 450w, https:\/\/luview.com\/wp-content\/uploads\/2022\/06\/022A\u5e26\u57ab\u5708\u6b3e\u9996\u9875\u65b9\u5411-1-100x100.jpg 100w, https:\/\/luview.com\/wp-content\/uploads\/2022\/06\/022A\u5e26\u57ab\u5708\u6b3e\u9996\u9875\u65b9\u5411-1.jpg 800w\" data-sizes=\"(max-width: 600px) 100vw, 600px\" title=\"JY-022A Kamera do rejestracji tablic rejestracyjnych z klas\u0105 ochrony IP69K i szerokim k\u0105tem widzenia Skr\u00f3t\" alt=\"JY-022A Kamera do rejestracji tablic rejestracyjnych z klas\u0105 ochrony IP69K i szerokim k\u0105tem widzenia Skr\u00f3t\" src=\"data:image\/svg+xml;base64,PHN2ZyB3aWR0aD0iMSIgaGVpZ2h0PSIxIiB4bWxucz0iaHR0cDovL3d3dy53My5vcmcvMjAwMC9zdmciPjwvc3ZnPg==\" style=\"--smush-placeholder-width: 600px; --smush-placeholder-aspect-ratio: 600\/600;\" \/><span class='cart-loading'><\/span><\/div><div class='inner_product_header'><div class='avia-arrow'><\/div><div class='inner_product_header_table'><div class='inner_product_header_cell'><h2 class=\"woocommerce-loop-product__title\">JY-022A Kamera do rejestracji tablic rejestracyjnych z klas\u0105 ochrony IP69K i szerokim k\u0105tem widzenia<\/h2>\n<\/div><\/div><\/div><\/a><\/div><\/li>\n<\/ul><\/div><\/div><div class=\"clear\"><\/div><\/div><div class='flex_column av-4ubxv-213bc428d71aa730c5a18fbc0d9954c9 av_one_full  avia-builder-el-0  el_before_av_three_fourth  avia-builder-el-first  first flex_column_div'   ><section  class='av_textblock_section av-4bhe3-b5d2024edd0490f6b2ae124c64cf457e'  itemscope=\"itemscope\" itemtype=\"https:\/\/schema.org\/CreativeWork\" ><div class='avia_textblock'  itemprop=\"text\" ><h3>Co to jest kamera do tablic rejestracyjnych<\/h3>\n<p>Kamera tablicy rejestracyjnej to rodzaj specjalnej kamery cofania do samochod\u00f3w specjalnych. Ta kamera cofania mierzy najbardziej odpowiedni\u0105 pozycj\u0119 instalacji dla ka\u017cdego modelu (g\u0142\u00f3wnie o\u015bwietlenie tablicy rejestracyjnej lub uchwyt baga\u017cnika) i jest stale modyfikowana na formie, dzi\u0119ki czemu kamera i ca\u0142y samoch\u00f3d s\u0105 zintegrowane, a produkt obejmuje wi\u0119kszo\u015b\u0107 marek samochod\u00f3w na rynku (Honda, Toyota, Nissan, Hyundai, Kia itp.), A\u017c ponad 400 modeli.<\/p>\n<h3>Jak dzia\u0142a kamera rejestracyjna?<\/h3>\n<p>Kamera widoku tylnej tablicy rejestracyjnej zapewnia kierowcy szeroki na 150-170 stopni i wyra\u017any widok tego, co znajduje si\u0119 za pojazdem, umo\u017cliwiaj\u0105c kierowcy bezpieczne cofanie w ka\u017cdych warunkach pogodowych. Tak szerokie pole widzenia generalnie skutkuje zniekszta\u0142conym obrazem \u201crybiego oka\u201d na monitorze, ale dobre kamery do tablic rejestracyjnych s\u0105 wyposa\u017cone w cyfrow\u0105 technologi\u0119 korekcji, kt\u00f3ra koryguje obraz i przedstawia go prawid\u0142owo. Wygodna i prosta konstrukcja mocowana jest na istniej\u0105cej tylnej tablicy rejestracyjnej, umo\u017cliwiaj\u0105c instalacj\u0119 kamery w istniej\u0105cych otworach tablicy rejestracyjnej pojazdu. Idealna do mini van\u00f3w, SUV-\u00f3w, sedan\u00f3w, pick-up\u00f3w i nie tylko.<\/p>\n<h3>Zalety kamery do tablic rejestracyjnych<\/h3>\n<p><strong><b>Jako\u015b\u0107 HD<\/b><\/strong><\/p>\n<p>Dzi\u0119ki zastosowaniu precyzyjnych szklanych soczewek, nawet w wysokiej lub niskiej temperaturze nie ulegnie deformacji, a tak\u017ce ma dobr\u0105 przepuszczalno\u015b\u0107 \u015bwiat\u0142a i czu\u0142o\u015b\u0107, zapewniaj\u0105c bardziej stabiln\u0105 jako\u015b\u0107 obrazu.<\/p>\n<p><strong><b>Wodoodporny i odporny na wstrz\u0105sy<\/b><\/strong><\/p>\n<p>Dzi\u0119ki zastosowaniu procesu wype\u0142niania drobnym klejem, po rygorystycznym te\u015bcie p\u0119cherzyk\u00f3w wody i wibracji, kamera mo\u017ce nadal normalnie dzia\u0142a\u0107 w automatycznej myjni samochodowej, deszczu, turbulencjach i innych warunkach drogowych.<\/p>\n<p><strong><b>K\u0105t widzenia 170\u00b0<\/b><\/strong><\/p>\n<p>Opcjonalny obiektyw szerokok\u0105tny 170\u00b0, szersze pole widzenia, bezpieczniejsze i wygodniejsze parkowanie i cofanie.<\/p>\n<p><strong><b>N<\/b><\/strong><strong><b>Widzenie w ciemno\u015bci <\/b><\/strong><strong><b>dost\u0119pny<\/b><\/strong><\/p>\n<p>Opcjonalna konfiguracja diod LED o wysokiej jasno\u015bci zapewnia ostry obraz nawet w ca\u0142kowitej ciemno\u015bci.<\/p>\n<h3>Jak zainstalowa\u0107 kamer\u0119 do tablic rejestracyjnych<\/h3>\n<p>W zale\u017cno\u015bci od wybranej kamery, mo\u017cna j\u0105 zamontowa\u0107 na tablicy rejestracyjnej samochodu lub w baga\u017cniku. Po zainstalowaniu kamery nale\u017cy pod\u0142\u0105czy\u0107 przewody zasilania i RCA do samochodu. Przed ponownym monta\u017cem nale\u017cy przetestowa\u0107 kamer\u0119.<\/p>\n<p>Og\u00f3lnie rzecz bior\u0105c, instalacj\u0119 kamery do tablic rejestracyjnych mo\u017cna podsumowa\u0107 w nast\u0119puj\u0105cych krokach:<\/p>\n<ol>\n<li>Zamontuj kamer\u0119 na tablicy rejestracyjnej samochodu, tylnej szybie lub w innym odpowiednim miejscu.<\/li>\n<li>Ustaw obiektyw kamery w najlepszej pozycji.<\/li>\n<li>Pod\u0142\u0105cz przew\u00f3d zasilaj\u0105cy (czerwony i czarny) do systemu zasilania DC 12V pojazdu.<\/li>\n<li>Pod\u0142\u0105cz wyj\u015bcie wideo (\u017c\u00f3\u0142ty przew\u00f3d) kamery do wy\u015bwietlacza w poje\u017adzie.<\/li>\n<\/ol>\n<h3>Ile kosztuje kamera do tablic rejestracyjnych?<\/h3>\n<p>Kamer\u0119 tablicy rejestracyjnej mo\u017cna \u0142atwo zamontowa\u0107 nad wszystkimi rodzajami tablic rejestracyjnych i przesy\u0142a\u0107 kolorowe wideo przez gniazdo RCA. System jest kompatybilny z szerok\u0105 gam\u0105 ekran\u00f3w i monitor\u00f3w, dzi\u0119ki czemu mo\u017cna zobaczy\u0107 wszystko za sob\u0105. Og\u00f3lnie rzecz bior\u0105c, cena pojedynczej kamery do tablic rejestracyjnych wynosi oko\u0142o 15-150 USD. Je\u015bli chcesz uzyska\u0107 lepsze wra\u017cenia wizualne i poprawi\u0107 bezpiecze\u0144stwo jazdy we wszystkich kierunkach, lepiej jest u\u017cy\u0107 monitora, aby utworzy\u0107 kompletny system widoku z ty\u0142u. Cena wynosi oko\u0142o 200-300 USD.<\/p>\n<p>Je\u015bli chcesz kupi\u0107 kamer\u0119 do tablic rejestracyjnych w ilo\u015bciach hurtowych lub chcesz spersonalizowa\u0107 swoje kamery do tablic rejestracyjnych, napisz e-mail <a href=\"mailto:sales@luview.com\"><u>sales@luview.com<\/u><\/a>\u00a0dok\u0142adny koszt.<\/p>\n<h3>Znajd\u017a niezawodnego producenta kamer do tablic rejestracyjnych<\/h3>\n<p>Oto kilka rzeczy, kt\u00f3rych nale\u017cy szuka\u0107 w kamerze do tablic rejestracyjnych. Niezawodny producent powinien oferowa\u0107 te funkcje:<\/p>\n<p>Szukaj kamer o wysokiej rozdzielczo\u015bci. Kamery te wyra\u017anie rejestruj\u0105 tablice rejestracyjne i s\u0105 dost\u0119pne w kilku rozmiarach. Kamera 2 MP (1080p) jest w stanie rozpozna\u0107 tablice rejestracyjne z odleg\u0142o\u015bci do 13 st\u00f3p, cho\u0107 w niekt\u00f3rych sytuacjach mo\u017ce to by\u0107 mniej ni\u017c idealne rozwi\u0105zanie. Wa\u017cne jest, aby zrozumie\u0107, \u017ce niekt\u00f3re z tych kamer mog\u0105 przeoczy\u0107 tablic\u0119, poniewa\u017c porusza si\u0119 zbyt szybko lub z du\u017cej odleg\u0142o\u015bci. Niezale\u017cnie od tego, czy wybierzesz kamer\u0119 1080p, czy o wy\u017cszej rozdzielczo\u015bci, upewnij si\u0119, \u017ce wybra\u0142e\u015b firm\u0119 z wysokiej jako\u015bci obs\u0142ug\u0105 klienta.<\/p>\n<p>If you need a high-resolution license plate camera, you can choose the long night vision security camera. Its night vision range is 13 meters, making it a superior choice among vehicle security products. Luview has 18 years of R &amp; D and production experience in the automotive electronics industry, providing various types of high-quality automotive camera products for global users, please feel free to consult us: <a href=\"http:\/\/mailto:sales@luview.com\/\">sales@luview.com<\/a>\u00a0.<\/p>\n<\/div><\/section><\/div><\/p>","protected":false},"excerpt":{"rendered":"","protected":false},"author":1,"featured_media":0,"parent":620,"menu_order":0,"comment_status":"closed","ping_status":"closed","template":"","meta":{"_monsterinsights_skip_tracking":false,"_monsterinsights_sitenote_active":false,"_monsterinsights_sitenote_note":"","_monsterinsights_sitenote_category":0,"footnotes":""},"class_list":["post-631","page","type-page","status-publish","hentry"],"_links":{"self":[{"href":"https:\/\/luview.com\/pl\/wp-json\/wp\/v2\/pages\/631","targetHints":{"allow":["GET"]}}],"collection":[{"href":"https:\/\/luview.com\/pl\/wp-json\/wp\/v2\/pages"}],"about":[{"href":"https:\/\/luview.com\/pl\/wp-json\/wp\/v2\/types\/page"}],"author":[{"embeddable":true,"href":"https:\/\/luview.com\/pl\/wp-json\/wp\/v2\/users\/1"}],"replies":[{"embeddable":true,"href":"https:\/\/luview.com\/pl\/wp-json\/wp\/v2\/comments?post=631"}],"version-history":[{"count":3,"href":"https:\/\/luview.com\/pl\/wp-json\/wp\/v2\/pages\/631\/revisions"}],"predecessor-version":[{"id":44504,"href":"https:\/\/luview.com\/pl\/wp-json\/wp\/v2\/pages\/631\/revisions\/44504"}],"up":[{"embeddable":true,"href":"https:\/\/luview.com\/pl\/wp-json\/wp\/v2\/pages\/620"}],"wp:attachment":[{"href":"https:\/\/luview.com\/pl\/wp-json\/wp\/v2\/media?parent=631"}],"curies":[{"name":"wp","href":"https:\/\/api.w.org\/{rel}","templated":true}]}}