{"id":644,"date":"2022-05-23T11:00:07","date_gmt":"2022-05-23T11:00:07","guid":{"rendered":"https:\/\/luview.com\/?page_id=644"},"modified":"2026-03-10T02:46:53","modified_gmt":"2026-03-10T02:46:53","slug":"4-monitory-6-calowe","status":"publish","type":"page","link":"https:\/\/luview.com\/pl\/products\/monitors\/4-6-inch-monitors\/","title":{"rendered":"Monitory 4-6 cali"},"content":{"rendered":"<style type=\"text\/css\" data-created_by=\"avia_inline_auto\" id=\"style-css-av-l2y9d09l-9a59c050fd7cc562363a6e26bd127e73\">\n.avia-section.av-l2y9d09l-9a59c050fd7cc562363a6e26bd127e73{\nbackground-repeat:no-repeat;\nbackground-image:url(https:\/\/luview.com\/wp-content\/uploads\/2024\/08\/0.jpg);\nbackground-position:50% 50%;\nbackground-attachment:scroll;\n}\n.avia-section.av-l2y9d09l-9a59c050fd7cc562363a6e26bd127e73 .av-section-color-overlay{\nopacity:0.8;\nbackground-color:#222222;\n}\n<\/style>\n<div id='av_section_1'  class='avia-section av-l2y9d09l-9a59c050fd7cc562363a6e26bd127e73 main_color avia-section-default avia-no-border-styling  avia-builder-el-0  el_before_av_one_full  avia-builder-el-first  titlebarbox avia-full-stretch avia-bg-style-scroll av-section-color-overlay-active container_wrap sidebar_left'  data-section-bg-repeat='stretch'><div class=\"av-section-color-overlay-wrap\"><div class=\"av-section-color-overlay\"><\/div><div class='container av-section-cont-open' ><main  role=\"main\" itemprop=\"mainContentOfPage\"  class='template-page content  av-content-small units'><div class='post-entry post-entry-type-page post-entry-644'><div class='entry-content-wrapper clearfix'>\n\n<style type=\"text\/css\" data-created_by=\"avia_inline_auto\" id=\"style-css-av-ro2v-a87e36abb91cc5e18f3d0098b40720d3\">\n.flex_column.av-ro2v-a87e36abb91cc5e18f3d0098b40720d3{\npadding:10% 0 10% 0;\n}\n<\/style>\n<div class='flex_column av-ro2v-a87e36abb91cc5e18f3d0098b40720d3 av_one_full  avia-builder-el-1  avia-builder-el-no-sibling  first flex_column_div'   ><style type=\"text\/css\" data-created_by=\"avia_inline_auto\" id=\"style-css-av-l2y9au29-bf07c75c092d3a9f62676db415f615f7\">\n#top .av_textblock_section.av-l2y9au29-bf07c75c092d3a9f62676db415f615f7 .avia_textblock{\ncolor:#ffffff;\ntext-align:center;\n}\n<\/style>\n<section  class='av_textblock_section av-l2y9au29-bf07c75c092d3a9f62676db415f615f7'  itemscope=\"itemscope\" itemtype=\"https:\/\/schema.org\/CreativeWork\" ><div class='avia_textblock av_inherit_color'  itemprop=\"text\" ><h1>Monitory 4-6 cali<\/h1>\n<\/div><\/section><br \/>\n<\/p><\/div>\n<\/div><\/div><\/main><!-- close content main element --><\/div><\/div><\/div><div id='after_section_1'  class='main_color av_default_container_wrap container_wrap sidebar_left'  ><div class='container av-section-cont-open' ><div class='template-page content  av-content-small units'><div class='post-entry post-entry-type-page post-entry-644'><div class='entry-content-wrapper clearfix'>\n<div class='flex_column av-6hmib-0f7b6fcf00f9273a80dfc45f533798fb av_one_full  avia-builder-el-4  el_after_av_section  el_before_av_one_full  avia-builder-el-first  first flex_column_div'   ><section  class='av_textblock_section av-l2y9squj-e76031f6dac70c55a963b220d7b8ed83'  itemscope=\"itemscope\" itemtype=\"https:\/\/schema.org\/CreativeWork\" ><div class='avia_textblock'  itemprop=\"text\" ><h3 style=\"font-weight: bold;\">Wszystkie monitory 4-6 cali<\/h3>\n<\/div><\/section><br \/>\n<section  class='av_textblock_section av-l2y9tm1e-80c30be322df05d44e75397a617f5c97'  itemscope=\"itemscope\" itemtype=\"https:\/\/schema.org\/CreativeWork\" ><div class='avia_textblock'  itemprop=\"text\" ><p>4-6-calowe monitory samochodowe Luview mo\u017cna \u0142\u0105czy\u0107 z kamer\u0105, tworz\u0105c kompletny system monitorowania wizualnego, kt\u00f3ry mo\u017ce by\u0107 u\u017cywany do monitorowania cofania lub do reklam w autobusach, poci\u0105gach metra itp. Dost\u0119pne na rynku 4-6-calowe monitory maj\u0105 teraz zewn\u0119trzne audio, mo\u017cliwo\u015b\u0107 odczytu z karty SD, USB i inne funkcje. Monitor 4-6 cali nadaje si\u0119 do ci\u0119\u017car\u00f3wek, autobus\u00f3w, w\u00f3zk\u00f3w wid\u0142owych, kombajn\u00f3w, woz\u00f3w stra\u017cackich, ci\u0119\u017car\u00f3wek kopalnianych, podno\u015bnik\u00f3w, pojazd\u00f3w in\u017cynieryjnych, buldo\u017cer\u00f3w, \u015bmieciarek, cystern paliwowych, przyczep, autobus\u00f3w szkolnych i innych pojazd\u00f3w. Luview jest profesjonalnym producentem monitor\u00f3w cofania z Chin, niezale\u017cnie od tego, czy jeste\u015b sprzedawc\u0105 detalicznym, czy hurtowym, mo\u017cesz kupi\u0107 u nas najlepsze kamery cofania 4-6 cali w dobrej cenie, zapraszamy do kontaktu z nami przez <a href=\"mailto:sales@luview.com\"><u>sales@luview.com<\/u><\/a>\u00a0.<\/p>\n<\/div><\/section><br \/>\n<div  class='avia-button-wrap avia-button-left  avia-builder-el-7  el_after_av_textblock  avia-builder-el-last' ><a href='https:\/\/luview.com\/pl\/contact\/'  class='avia-button av-l2y9umzk-d16bac7bf4e11df2896cb79984c1e31c avia-icon_select-no avia-size-large avia-position-left avia-color-theme-color' ><span class='avia_iconbox_title' >Zapytaj teraz<\/span><\/a><\/div><\/p><\/div>\n<div class='flex_column av-5hzen-23301fe4c356e81a47b358eb060165d1 av_one_full  avia-builder-el-8  el_after_av_one_full  el_before_av_one_full  first flex_column_div column-top-margin'   ><div  class='avia-product-slider-container av-l2y9wj0i-73d20c12f8899ac2eb23aba17dec6b38 template-shop avia-content-slider avia-content-grid-active shop_columns_3  avia-builder-el-9  avia-builder-el-no-sibling  myproducts avia-content-slider-odd  avia-builder-el-9  avia-builder-el-no-sibling  myproducts avia-product-slider1'  data-autoplay=''  data-interval='5'  data-animation='fade'  data-hoverpause='1' ><div class='avia-content-slider-inner'><ul class=\"products\"><li class=\"product type-product post-44966 status-publish first instock product_cat-4-6-inch-monitors has-post-thumbnail shipping-taxable product-type-simple\">\n\t<div class='inner_product main_color wrapped_style noLightbox  av-product-class-no_button'><a href=\"https:\/\/luview.com\/pl\/product\/jy-m430w-4-3-inch-vehicle-split-screen-wireless-backup-monitor\/\" class=\"woocommerce-LoopProduct-link woocommerce-loop-product__link\"><div class='thumbnail_container'><img decoding=\"async\" width=\"600\" height=\"600\" data-src=\"https:\/\/luview.com\/wp-content\/uploads\/2024\/07\/M570W\u5185\u9875-1-600x600.jpg\" class=\"wp-image-36490 avia-img-lazy-loading-36490 attachment-woocommerce_thumbnail size-woocommerce_thumbnail wp-post-image lazyload\"  data-srcset=\"https:\/\/luview.com\/wp-content\/uploads\/2024\/07\/M570W\u5185\u9875-1-600x600.jpg 600w, https:\/\/luview.com\/wp-content\/uploads\/2024\/07\/M570W\u5185\u9875-1-100x100.jpg 100w, https:\/\/luview.com\/wp-content\/uploads\/2024\/07\/M570W\u5185\u9875-1-300x300.jpg 300w, https:\/\/luview.com\/wp-content\/uploads\/2024\/07\/M570W\u5185\u9875-1-80x80.jpg 80w, https:\/\/luview.com\/wp-content\/uploads\/2024\/07\/M570W\u5185\u9875-1-768x768.jpg 768w, https:\/\/luview.com\/wp-content\/uploads\/2024\/07\/M570W\u5185\u9875-1-36x36.jpg 36w, https:\/\/luview.com\/wp-content\/uploads\/2024\/07\/M570W\u5185\u9875-1-180x180.jpg 180w, https:\/\/luview.com\/wp-content\/uploads\/2024\/07\/M570W\u5185\u9875-1-430x430.jpg 430w, https:\/\/luview.com\/wp-content\/uploads\/2024\/07\/M570W\u5185\u9875-1-630x630.jpg 630w, https:\/\/luview.com\/wp-content\/uploads\/2024\/07\/M570W\u5185\u9875-1-705x705.jpg 705w, https:\/\/luview.com\/wp-content\/uploads\/2024\/07\/M570W\u5185\u9875-1-321x321.jpg 321w, https:\/\/luview.com\/wp-content\/uploads\/2024\/07\/M570W\u5185\u9875-1-120x120.jpg 120w, https:\/\/luview.com\/wp-content\/uploads\/2024\/07\/M570W\u5185\u9875-1-450x450.jpg 450w, https:\/\/luview.com\/wp-content\/uploads\/2024\/07\/M570W\u5185\u9875-1-500x500.jpg 500w, https:\/\/luview.com\/wp-content\/uploads\/2024\/07\/M570W\u5185\u9875-1.jpg 800w\" data-sizes=\"(max-width: 600px) 100vw, 600px\" title=\"JY-M430W 4,3-calowy bezprzewodowy monitor zapasowy z dzielonym ekranem dla pojazd\u00f3w\u7f29\u7565\u56fe\" alt=\"JY-M430W 4,3-calowy bezprzewodowy monitor zapasowy z dzielonym ekranem dla pojazd\u00f3w\u7f29\u7565\u56fe\" src=\"data:image\/svg+xml;base64,PHN2ZyB3aWR0aD0iMSIgaGVpZ2h0PSIxIiB4bWxucz0iaHR0cDovL3d3dy53My5vcmcvMjAwMC9zdmciPjwvc3ZnPg==\" style=\"--smush-placeholder-width: 600px; --smush-placeholder-aspect-ratio: 600\/600;\" \/><span class='cart-loading'><\/span><\/div><div class='inner_product_header'><div class='avia-arrow'><\/div><div class='inner_product_header_table'><div class='inner_product_header_cell'><h2 class=\"woocommerce-loop-product__title\">JY-M430W 4,3-calowy bezprzewodowy monitor kopii zapasowej z dzielonym ekranem<\/h2>\n<\/div><\/div><\/div><\/a><\/div><\/li>\n<li class=\"product type-product post-25902 status-publish instock product_cat-4-6-inch-monitors has-post-thumbnail shipping-taxable product-type-simple\">\n\t<div class='inner_product main_color wrapped_style noLightbox  av-product-class-no_button'><a href=\"https:\/\/luview.com\/pl\/product\/jy-m570w-5-inch-wireless-split-screen-rear-view-monitor\/\" class=\"woocommerce-LoopProduct-link woocommerce-loop-product__link\"><div class='thumbnail_container'><img decoding=\"async\" width=\"600\" height=\"600\" data-src=\"https:\/\/luview.com\/wp-content\/uploads\/2024\/07\/M570W\u9996\u9875\u65b9\u5411-1-600x600.jpg\" class=\"wp-image-36488 avia-img-lazy-loading-36488 attachment-woocommerce_thumbnail size-woocommerce_thumbnail wp-post-image lazyload\"  data-srcset=\"https:\/\/luview.com\/wp-content\/uploads\/2024\/07\/M570W\u9996\u9875\u65b9\u5411-1-600x600.jpg 600w, https:\/\/luview.com\/wp-content\/uploads\/2024\/07\/M570W\u9996\u9875\u65b9\u5411-1-100x100.jpg 100w, https:\/\/luview.com\/wp-content\/uploads\/2024\/07\/M570W\u9996\u9875\u65b9\u5411-1-300x300.jpg 300w, https:\/\/luview.com\/wp-content\/uploads\/2024\/07\/M570W\u9996\u9875\u65b9\u5411-1-80x80.jpg 80w, https:\/\/luview.com\/wp-content\/uploads\/2024\/07\/M570W\u9996\u9875\u65b9\u5411-1-768x768.jpg 768w, https:\/\/luview.com\/wp-content\/uploads\/2024\/07\/M570W\u9996\u9875\u65b9\u5411-1-36x36.jpg 36w, https:\/\/luview.com\/wp-content\/uploads\/2024\/07\/M570W\u9996\u9875\u65b9\u5411-1-180x180.jpg 180w, https:\/\/luview.com\/wp-content\/uploads\/2024\/07\/M570W\u9996\u9875\u65b9\u5411-1-430x430.jpg 430w, https:\/\/luview.com\/wp-content\/uploads\/2024\/07\/M570W\u9996\u9875\u65b9\u5411-1-630x630.jpg 630w, https:\/\/luview.com\/wp-content\/uploads\/2024\/07\/M570W\u9996\u9875\u65b9\u5411-1-705x705.jpg 705w, https:\/\/luview.com\/wp-content\/uploads\/2024\/07\/M570W\u9996\u9875\u65b9\u5411-1-321x321.jpg 321w, https:\/\/luview.com\/wp-content\/uploads\/2024\/07\/M570W\u9996\u9875\u65b9\u5411-1-120x120.jpg 120w, https:\/\/luview.com\/wp-content\/uploads\/2024\/07\/M570W\u9996\u9875\u65b9\u5411-1-450x450.jpg 450w, https:\/\/luview.com\/wp-content\/uploads\/2024\/07\/M570W\u9996\u9875\u65b9\u5411-1-500x500.jpg 500w, https:\/\/luview.com\/wp-content\/uploads\/2024\/07\/M570W\u9996\u9875\u65b9\u5411-1.jpg 800w\" data-sizes=\"(max-width: 600px) 100vw, 600px\" title=\"JY-M570W 5-calowy bezprzewodowy monitor tylnej kamery z podzielonym ekranem\" alt=\"JY-M570W 5-calowy bezprzewodowy monitor tylnej kamery z podzielonym ekranem\" src=\"data:image\/svg+xml;base64,PHN2ZyB3aWR0aD0iMSIgaGVpZ2h0PSIxIiB4bWxucz0iaHR0cDovL3d3dy53My5vcmcvMjAwMC9zdmciPjwvc3ZnPg==\" style=\"--smush-placeholder-width: 600px; --smush-placeholder-aspect-ratio: 600\/600;\" \/><span class='cart-loading'><\/span><\/div><div class='inner_product_header'><div class='avia-arrow'><\/div><div class='inner_product_header_table'><div class='inner_product_header_cell'><h2 class=\"woocommerce-loop-product__title\">JY-M570W 5-calowy bezprzewodowy monitor cofania z podzielonym ekranem<\/h2>\n<\/div><\/div><\/div><\/a><\/div><\/li>\n<li class=\"product type-product post-1362 status-publish last instock product_cat-4-6-inch-monitors has-post-thumbnail shipping-taxable product-type-simple\">\n\t<div class='inner_product main_color wrapped_style noLightbox  av-product-class-no_button'><a href=\"https:\/\/luview.com\/pl\/product\/jy-m500-5-inch-sunshade-2-channels-input-digital-tft-lcd-monitor\/\" class=\"woocommerce-LoopProduct-link woocommerce-loop-product__link\"><div class='thumbnail_container'><img decoding=\"async\" width=\"600\" height=\"600\" data-src=\"https:\/\/luview.com\/wp-content\/uploads\/2022\/06\/500-600x600.jpg\" class=\"wp-image-25778 avia-img-lazy-loading-25778 attachment-woocommerce_thumbnail size-woocommerce_thumbnail wp-post-image lazyload\"  data-srcset=\"https:\/\/luview.com\/wp-content\/uploads\/2022\/06\/500-600x600.jpg 600w, https:\/\/luview.com\/wp-content\/uploads\/2022\/06\/500-100x100.jpg 100w, https:\/\/luview.com\/wp-content\/uploads\/2022\/06\/500-300x300.jpg 300w, https:\/\/luview.com\/wp-content\/uploads\/2022\/06\/500-80x80.jpg 80w, https:\/\/luview.com\/wp-content\/uploads\/2022\/06\/500-768x768.jpg 768w, https:\/\/luview.com\/wp-content\/uploads\/2022\/06\/500-36x36.jpg 36w, https:\/\/luview.com\/wp-content\/uploads\/2022\/06\/500-180x180.jpg 180w, https:\/\/luview.com\/wp-content\/uploads\/2022\/06\/500-430x430.jpg 430w, https:\/\/luview.com\/wp-content\/uploads\/2022\/06\/500-630x630.jpg 630w, https:\/\/luview.com\/wp-content\/uploads\/2022\/06\/500-705x705.jpg 705w, https:\/\/luview.com\/wp-content\/uploads\/2022\/06\/500-321x321.jpg 321w, https:\/\/luview.com\/wp-content\/uploads\/2022\/06\/500-120x120.jpg 120w, https:\/\/luview.com\/wp-content\/uploads\/2022\/06\/500-450x450.jpg 450w, https:\/\/luview.com\/wp-content\/uploads\/2022\/06\/500.jpg 800w\" data-sizes=\"(max-width: 600px) 100vw, 600px\" title=\"JY-M500 5-calowy monitor TFT LCD z os\u0142on\u0105 przeciws\u0142oneczn\u0105 i 2 kana\u0142ami wej\u015bciowymi\" alt=\"JY-M500 5-calowy monitor TFT LCD z os\u0142on\u0105 przeciws\u0142oneczn\u0105 i 2 kana\u0142ami wej\u015bciowymi\" src=\"data:image\/svg+xml;base64,PHN2ZyB3aWR0aD0iMSIgaGVpZ2h0PSIxIiB4bWxucz0iaHR0cDovL3d3dy53My5vcmcvMjAwMC9zdmciPjwvc3ZnPg==\" style=\"--smush-placeholder-width: 600px; --smush-placeholder-aspect-ratio: 600\/600;\" \/><span class='cart-loading'><\/span><\/div><div class='inner_product_header'><div class='avia-arrow'><\/div><div class='inner_product_header_table'><div class='inner_product_header_cell'><h2 class=\"woocommerce-loop-product__title\">JY-M500 5-calowy monitor TFT LCD z os\u0142on\u0105 przeciws\u0142oneczn\u0105 i 2 kana\u0142ami wej\u015bciowymi<\/h2>\n<\/div><\/div><\/div><\/a><\/div><\/li>\n<li class=\"product type-product post-1203 status-publish first instock product_cat-4-6-inch-monitors product_cat-waterproof-monitors has-post-thumbnail shipping-taxable product-type-simple\">\n\t<div class='inner_product main_color wrapped_style noLightbox  av-product-class-no_button'><a href=\"https:\/\/luview.com\/pl\/product\/jy-m550-2-ch-5-inch-ip69k-waterproof-flipped-image-tft-monitor\/\" class=\"woocommerce-LoopProduct-link woocommerce-loop-product__link\"><div class='thumbnail_container'><img decoding=\"async\" width=\"600\" height=\"600\" data-src=\"https:\/\/luview.com\/wp-content\/uploads\/2022\/06\/M550\u9996\u9875\u65b9\u5411-1-1-600x600.jpg\" class=\"wp-image-35862 avia-img-lazy-loading-35862 attachment-woocommerce_thumbnail size-woocommerce_thumbnail wp-post-image lazyload\"  data-srcset=\"https:\/\/luview.com\/wp-content\/uploads\/2022\/06\/M550\u9996\u9875\u65b9\u5411-1-1-600x600.jpg 600w, https:\/\/luview.com\/wp-content\/uploads\/2022\/06\/M550\u9996\u9875\u65b9\u5411-1-1-100x100.jpg 100w, https:\/\/luview.com\/wp-content\/uploads\/2022\/06\/M550\u9996\u9875\u65b9\u5411-1-1-300x300.jpg 300w, https:\/\/luview.com\/wp-content\/uploads\/2022\/06\/M550\u9996\u9875\u65b9\u5411-1-1-80x80.jpg 80w, https:\/\/luview.com\/wp-content\/uploads\/2022\/06\/M550\u9996\u9875\u65b9\u5411-1-1-768x768.jpg 768w, https:\/\/luview.com\/wp-content\/uploads\/2022\/06\/M550\u9996\u9875\u65b9\u5411-1-1-36x36.jpg 36w, https:\/\/luview.com\/wp-content\/uploads\/2022\/06\/M550\u9996\u9875\u65b9\u5411-1-1-180x180.jpg 180w, https:\/\/luview.com\/wp-content\/uploads\/2022\/06\/M550\u9996\u9875\u65b9\u5411-1-1-430x430.jpg 430w, https:\/\/luview.com\/wp-content\/uploads\/2022\/06\/M550\u9996\u9875\u65b9\u5411-1-1-630x630.jpg 630w, https:\/\/luview.com\/wp-content\/uploads\/2022\/06\/M550\u9996\u9875\u65b9\u5411-1-1-705x705.jpg 705w, https:\/\/luview.com\/wp-content\/uploads\/2022\/06\/M550\u9996\u9875\u65b9\u5411-1-1-321x321.jpg 321w, https:\/\/luview.com\/wp-content\/uploads\/2022\/06\/M550\u9996\u9875\u65b9\u5411-1-1-120x120.jpg 120w, https:\/\/luview.com\/wp-content\/uploads\/2022\/06\/M550\u9996\u9875\u65b9\u5411-1-1-450x450.jpg 450w, https:\/\/luview.com\/wp-content\/uploads\/2022\/06\/M550\u9996\u9875\u65b9\u5411-1-1-500x500.jpg 500w, https:\/\/luview.com\/wp-content\/uploads\/2022\/06\/M550\u9996\u9875\u65b9\u5411-1-1.jpg 800w\" data-sizes=\"(max-width: 600px) 100vw, 600px\" title=\"JY-M550 2-kana\u0142owy 5-calowy wodoodporny monitor TFT z odwr\u00f3conym obrazem, klasa ochrony IP69K\" alt=\"JY-M550 2-kana\u0142owy 5-calowy wodoodporny monitor TFT z odwr\u00f3conym obrazem, klasa ochrony IP69K\" src=\"data:image\/svg+xml;base64,PHN2ZyB3aWR0aD0iMSIgaGVpZ2h0PSIxIiB4bWxucz0iaHR0cDovL3d3dy53My5vcmcvMjAwMC9zdmciPjwvc3ZnPg==\" style=\"--smush-placeholder-width: 600px; --smush-placeholder-aspect-ratio: 600\/600;\" \/><span class='cart-loading'><\/span><\/div><div class='inner_product_header'><div class='avia-arrow'><\/div><div class='inner_product_header_table'><div class='inner_product_header_cell'><h2 class=\"woocommerce-loop-product__title\">JY-M550 2-kana\u0142owy, 5-calowy, wodoodporny monitor TFT z odwr\u00f3conym obrazem, klasa ochrony IP69K<\/h2>\n<\/div><\/div><\/div><\/a><\/div><\/li>\n<\/ul><\/div><\/div><div class=\"clear\"><\/div><\/div><div class='flex_column av-4ubxv-213bc428d71aa730c5a18fbc0d9954c9 av_one_full  avia-builder-el-0  el_before_av_three_fourth  avia-builder-el-first  first flex_column_div'   ><section  class='av_textblock_section av-4bhe3-b5d2024edd0490f6b2ae124c64cf457e'  itemscope=\"itemscope\" itemtype=\"https:\/\/schema.org\/CreativeWork\" ><div class='avia_textblock'  itemprop=\"text\" ><h3>Zalety 4-6-calowego samochodowego monitora LCD Luview<\/h3>\n<p><strong>Zgodno\u015b\u0107 z systemem monitorowania widoku z ty\u0142u Luview<\/strong><br \/>\nSystem 4-6-calowego monitora LCD Luview \u0142\u0105czy w sobie kamer\u0119 o wysokiej rozdzielczo\u015bci i cyfrowy monitor LCD. Te dwa komponenty wsp\u00f3\u0142pracuj\u0105 ze sob\u0105, aby poprawi\u0107 pole widzenia kierowcy. Poszerzaj\u0105 one pole widzenia kierowcy, umo\u017cliwiaj\u0105c mu uchwycenie idealnego obrazu cofania i dostrze\u017cenie ewentualnych przeszk\u00f3d na czas. Ze wzgl\u0119du na wielowarstwow\u0105 wodoodporn\u0105 konstrukcj\u0119, monitor Luview mo\u017ce by\u0107 u\u017cywany w maszynach budowlanych, kombajnach, koparkach i innych.<\/p>\n<p><strong>High quality &amp; waterproof<\/strong><br \/>\nLuview oferuje monitory samochodowe o wysokiej rozdzielczo\u015bci do wielu zastosowa\u0144. Nasze 4-6-calowe monitory cofania oferuj\u0105 r\u00f3wnie\u017c wieloj\u0119zyczne menu, dzi\u0119ki czemu s\u0105 kompatybilne z wieloma krajami. Monitory te s\u0105 r\u00f3wnie\u017c wyposa\u017cone w funkcje przeciwpy\u0142owe i wibracyjne oraz odporno\u015b\u0107 na wysokie i niskie temperatury, dzi\u0119ki czemu nadaj\u0105 si\u0119 do u\u017cytku w najtrudniejszych warunkach.<\/p>\n<h3>Cechy, na kt\u00f3re nale\u017cy zwr\u00f3ci\u0107 uwag\u0119 przy wyborze najlepszego monitora 4-6 cali<\/h3>\n<p>Monitor samochodowy 4-6 cali z 2 wej\u015bciami wideo, automatycznym prze\u0142\u0105czaniem priorytetu cofania, wyra\u017anym efektem i delikatn\u0105 jako\u015bci\u0105 obrazu. Czy nadal nie mo\u017cesz znale\u017a\u0107 odpowiedniego monitora do cofania? Jaki jest najlepszy monitor cofania? Je\u015bli ma nast\u0119puj\u0105ce funkcje i cechy, to wyb\u00f3r musi by\u0107 w\u0142a\u015bciwy.<\/p>\n<ol>\n<li>2 kana\u0142y wej\u015bcia wideo, jeden kana\u0142 mo\u017ce by\u0107 u\u017cywany do DVD, VCD, TV, GPS itp., a drugi kana\u0142 wideo jest u\u017cywany do cofania widoku z ty\u0142u.<\/li>\n<li>Po pod\u0142\u0105czeniu kamery mo\u017ce ona realizowa\u0107 automatyczne prze\u0142\u0105czanie widoku z ty\u0142u i funkcj\u0119 automatycznego wybudzania.<\/li>\n<li>Automatyczne prze\u0142\u0105czanie podczas cofania: gdy pojazd jest w\u0142\u0105czony, automatycznie prze\u0142\u0105czy si\u0119 na ekran wy\u015bwietlany przez kamer\u0119 podczas cofania i automatycznie prze\u0142\u0105czy si\u0119 z powrotem na poprzednio odtwarzany ekran po cofni\u0119ciu. W trybie u\u015bpienia: Podczas cofania automatycznie w\u0142\u0105czy si\u0119, aby wy\u015bwietli\u0107 scen\u0119 za samochodem, i automatycznie wy\u0142\u0105czy si\u0119 po cofni\u0119ciu.<\/li>\n<li>Specjalna soczewka optyczna, wy\u015bwietlacz mo\u017ce by\u0107 u\u017cywany jako oryginalne lusterko wsteczne po wy\u0142\u0105czeniu wy\u015bwietlacza i ma funkcj\u0119 przeciwodblaskow\u0105.<\/li>\n<li>Instalacja jest prosta, demonta\u017c jest wygodny, nie ma potrzeby zmiany oryginalnego samochodu, a styl oryginalnego samochodu jest sp\u00f3jny.<\/li>\n<li>W pe\u0142ni funkcjonalny pilot zdalnego sterowania, menu OSD w j\u0119zyku angielskim.<\/li>\n<li>Pi\u0119kny wygl\u0105d, stabilna wydajno\u015b\u0107, wyra\u017any obraz, jasny kolor, prosta obs\u0142uga<\/li>\n<li>Zastosowano oryginalne importowane komponenty o wysokiej cz\u0119stotliwo\u015bci i niskiej rezystancji, kt\u00f3re mog\u0105 skutecznie zapobiega\u0107 zak\u0142\u00f3ceniom silnika o wysokiej cz\u0119stotliwo\u015bci.<\/li>\n<li>Przyj\u0119cie wysokiej jako\u015bci transformatora wysokiego napi\u0119cia i obwodu pod\u015bwietlenia o niskiej mocy i wysokiej jasno\u015bci w celu poprawy wysokiej rozdzielczo\u015bci produktu i d\u0142ugiej \u017cywotno\u015bci.<\/li>\n<li>Pow\u0142oka wykonana jest z importowanego tworzywa ABS, spryskanego importowan\u0105 oryginaln\u0105 farb\u0105 odporn\u0105 na zu\u017cycie i alkohol, dzi\u0119ki czemu pow\u0142oka jest odporna na zu\u017cycie i nie\u0142atwo si\u0119 starzeje.<\/li>\n<\/ol>\n<\/div><\/section><\/div><\/p>","protected":false},"excerpt":{"rendered":"","protected":false},"author":1,"featured_media":0,"parent":640,"menu_order":0,"comment_status":"closed","ping_status":"closed","template":"","meta":{"_monsterinsights_skip_tracking":false,"_monsterinsights_sitenote_active":false,"_monsterinsights_sitenote_note":"","_monsterinsights_sitenote_category":0,"footnotes":""},"class_list":["post-644","page","type-page","status-publish","hentry"],"_links":{"self":[{"href":"https:\/\/luview.com\/pl\/wp-json\/wp\/v2\/pages\/644","targetHints":{"allow":["GET"]}}],"collection":[{"href":"https:\/\/luview.com\/pl\/wp-json\/wp\/v2\/pages"}],"about":[{"href":"https:\/\/luview.com\/pl\/wp-json\/wp\/v2\/types\/page"}],"author":[{"embeddable":true,"href":"https:\/\/luview.com\/pl\/wp-json\/wp\/v2\/users\/1"}],"replies":[{"embeddable":true,"href":"https:\/\/luview.com\/pl\/wp-json\/wp\/v2\/comments?post=644"}],"version-history":[{"count":2,"href":"https:\/\/luview.com\/pl\/wp-json\/wp\/v2\/pages\/644\/revisions"}],"predecessor-version":[{"id":44510,"href":"https:\/\/luview.com\/pl\/wp-json\/wp\/v2\/pages\/644\/revisions\/44510"}],"up":[{"embeddable":true,"href":"https:\/\/luview.com\/pl\/wp-json\/wp\/v2\/pages\/640"}],"wp:attachment":[{"href":"https:\/\/luview.com\/pl\/wp-json\/wp\/v2\/media?parent=644"}],"curies":[{"name":"wp","href":"https:\/\/api.w.org\/{rel}","templated":true}]}}