{"id":661,"date":"2022-05-23T11:23:46","date_gmt":"2022-05-23T11:23:46","guid":{"rendered":"https:\/\/luview.com\/?page_id=661"},"modified":"2026-03-10T02:51:04","modified_gmt":"2026-03-10T02:51:04","slug":"monitory-lusterek-wstecznych","status":"publish","type":"page","link":"https:\/\/luview.com\/pl\/products\/monitors\/rearview-mirror-monitors\/","title":{"rendered":"Monitory lusterek wstecznych"},"content":{"rendered":"<style type=\"text\/css\" data-created_by=\"avia_inline_auto\" id=\"style-css-av-l2y9d09l-9a59c050fd7cc562363a6e26bd127e73\">\n.avia-section.av-l2y9d09l-9a59c050fd7cc562363a6e26bd127e73{\nbackground-repeat:no-repeat;\nbackground-image:url(https:\/\/luview.com\/wp-content\/uploads\/2024\/08\/0.jpg);\nbackground-position:50% 50%;\nbackground-attachment:scroll;\n}\n.avia-section.av-l2y9d09l-9a59c050fd7cc562363a6e26bd127e73 .av-section-color-overlay{\nopacity:0.8;\nbackground-color:#222222;\n}\n<\/style>\n<div id='av_section_1'  class='avia-section av-l2y9d09l-9a59c050fd7cc562363a6e26bd127e73 main_color avia-section-default avia-no-border-styling  avia-builder-el-0  el_before_av_one_full  avia-builder-el-first  titlebarbox avia-full-stretch avia-bg-style-scroll av-section-color-overlay-active container_wrap sidebar_left'  data-section-bg-repeat='stretch'><div class=\"av-section-color-overlay-wrap\"><div class=\"av-section-color-overlay\"><\/div><div class='container av-section-cont-open' ><main  role=\"main\" itemprop=\"mainContentOfPage\"  class='template-page content  av-content-small units'><div class='post-entry post-entry-type-page post-entry-661'><div class='entry-content-wrapper clearfix'>\n\n<style type=\"text\/css\" data-created_by=\"avia_inline_auto\" id=\"style-css-av-ro2v-a87e36abb91cc5e18f3d0098b40720d3\">\n.flex_column.av-ro2v-a87e36abb91cc5e18f3d0098b40720d3{\npadding:10% 0 10% 0;\n}\n<\/style>\n<div class='flex_column av-ro2v-a87e36abb91cc5e18f3d0098b40720d3 av_one_full  avia-builder-el-1  avia-builder-el-no-sibling  first flex_column_div'   ><style type=\"text\/css\" data-created_by=\"avia_inline_auto\" id=\"style-css-av-l2y9au29-bf07c75c092d3a9f62676db415f615f7\">\n#top .av_textblock_section.av-l2y9au29-bf07c75c092d3a9f62676db415f615f7 .avia_textblock{\ncolor:#ffffff;\ntext-align:center;\n}\n<\/style>\n<section  class='av_textblock_section av-l2y9au29-bf07c75c092d3a9f62676db415f615f7'  itemscope=\"itemscope\" itemtype=\"https:\/\/schema.org\/CreativeWork\" ><div class='avia_textblock av_inherit_color'  itemprop=\"text\" ><h1>Monitory lusterek wstecznych<\/h1>\n<\/div><\/section><br \/>\n<\/p><\/div>\n<\/div><\/div><\/main><!-- close content main element --><\/div><\/div><\/div><div id='after_section_1'  class='main_color av_default_container_wrap container_wrap sidebar_left'  ><div class='container av-section-cont-open' ><div class='template-page content  av-content-small units'><div class='post-entry post-entry-type-page post-entry-661'><div class='entry-content-wrapper clearfix'>\n<div class='flex_column av-6hmib-0f7b6fcf00f9273a80dfc45f533798fb av_one_full  avia-builder-el-4  el_after_av_section  el_before_av_one_full  avia-builder-el-first  first flex_column_div'   ><section  class='av_textblock_section av-l2y9squj-e76031f6dac70c55a963b220d7b8ed83'  itemscope=\"itemscope\" itemtype=\"https:\/\/schema.org\/CreativeWork\" ><div class='avia_textblock'  itemprop=\"text\" ><h3 style=\"font-weight: bold;\">Wszystkie monitory lusterek wstecznych<\/h3>\n<\/div><\/section><br \/>\n<section  class='av_textblock_section av-l2y9tm1e-80c30be322df05d44e75397a617f5c97'  itemscope=\"itemscope\" itemtype=\"https:\/\/schema.org\/CreativeWork\" ><div class='avia_textblock'  itemprop=\"text\" ><p>Monitor lusterka wstecznego Luview nie tylko zapewnia kierowcom wyra\u017aniejszy i szerszy obraz z ty\u0142u, ale tak\u017ce integruje wiele funkcji ADAS, aby uczyni\u0107 jazd\u0119 bezpieczniejsz\u0105; wyrafinowana konstrukcja jest pe\u0142na technologii, kt\u00f3ra mo\u017ce zmniejszy\u0107 wsp\u00f3\u0142czynnik oporu powietrza i zu\u017cycie energii. Luview opracowuje, produkuje i dostarcza rozwi\u0105zania do monitorowania lusterek wstecznych dla hurtownik\u00f3w i sprzedawc\u00f3w detalicznych na ca\u0142ym \u015bwiecie, r\u00f3\u017cne typy monitor\u00f3w mo\u017cna dostosowa\u0107, zapraszamy do zapytania przez\u00a0<a href=\"http:\/\/mailto:sales@luview.com\/\">sales@luview.com<\/a>\u00a0.<\/p>\n<\/div><\/section><br \/>\n<div  class='avia-button-wrap avia-button-left  avia-builder-el-7  el_after_av_textblock  avia-builder-el-last' ><a href='https:\/\/luview.com\/pl\/contact\/'  class='avia-button av-l2y9umzk-d16bac7bf4e11df2896cb79984c1e31c avia-icon_select-no avia-size-large avia-position-left avia-color-theme-color' ><span class='avia_iconbox_title' >Zapytaj teraz<\/span><\/a><\/div><\/p><\/div>\n<div class='flex_column av-5hzen-23301fe4c356e81a47b358eb060165d1 av_one_full  avia-builder-el-8  el_after_av_one_full  el_before_av_one_full  first flex_column_div column-top-margin'   ><div  class='avia-product-slider-container av-l2y9wj0i-b8ed698bca1bc6b07e3ebd4481a6c00c template-shop avia-content-slider avia-content-grid-active shop_columns_3  avia-builder-el-9  avia-builder-el-no-sibling  myproducts avia-content-slider-odd  avia-builder-el-9  avia-builder-el-no-sibling  myproducts avia-product-slider1'  data-autoplay=''  data-interval='5'  data-animation='fade'  data-hoverpause='1' ><div class='avia-content-slider-inner'><ul class=\"products\"><li class=\"product type-product post-1192 status-publish first instock product_cat-7-inch-monitors product_cat-rearview-mirror-monitors has-post-thumbnail shipping-taxable product-type-simple\">\n\t<div class='inner_product main_color wrapped_style noLightbox  av-product-class-no_button'><a href=\"https:\/\/luview.com\/pl\/product\/jy-mr07-7-inch-hd-lcd-rearview-mirror-monitor-with-speaker\/\" class=\"woocommerce-LoopProduct-link woocommerce-loop-product__link\"><div class='thumbnail_container'><img decoding=\"async\" width=\"600\" height=\"600\" data-src=\"https:\/\/luview.com\/wp-content\/uploads\/2022\/06\/MR07\u9996\u9875\u65b9\u5411-1-600x600.jpg\" class=\"wp-image-36567 avia-img-lazy-loading-36567 attachment-woocommerce_thumbnail size-woocommerce_thumbnail wp-post-image lazyload\"  data-srcset=\"https:\/\/luview.com\/wp-content\/uploads\/2022\/06\/MR07\u9996\u9875\u65b9\u5411-1-600x600.jpg 600w, https:\/\/luview.com\/wp-content\/uploads\/2022\/06\/MR07\u9996\u9875\u65b9\u5411-1-100x100.jpg 100w, https:\/\/luview.com\/wp-content\/uploads\/2022\/06\/MR07\u9996\u9875\u65b9\u5411-1-300x300.jpg 300w, https:\/\/luview.com\/wp-content\/uploads\/2022\/06\/MR07\u9996\u9875\u65b9\u5411-1-80x80.jpg 80w, https:\/\/luview.com\/wp-content\/uploads\/2022\/06\/MR07\u9996\u9875\u65b9\u5411-1-768x768.jpg 768w, https:\/\/luview.com\/wp-content\/uploads\/2022\/06\/MR07\u9996\u9875\u65b9\u5411-1-36x36.jpg 36w, https:\/\/luview.com\/wp-content\/uploads\/2022\/06\/MR07\u9996\u9875\u65b9\u5411-1-180x180.jpg 180w, https:\/\/luview.com\/wp-content\/uploads\/2022\/06\/MR07\u9996\u9875\u65b9\u5411-1-430x430.jpg 430w, https:\/\/luview.com\/wp-content\/uploads\/2022\/06\/MR07\u9996\u9875\u65b9\u5411-1-630x630.jpg 630w, https:\/\/luview.com\/wp-content\/uploads\/2022\/06\/MR07\u9996\u9875\u65b9\u5411-1-705x705.jpg 705w, https:\/\/luview.com\/wp-content\/uploads\/2022\/06\/MR07\u9996\u9875\u65b9\u5411-1-321x321.jpg 321w, https:\/\/luview.com\/wp-content\/uploads\/2022\/06\/MR07\u9996\u9875\u65b9\u5411-1-120x120.jpg 120w, https:\/\/luview.com\/wp-content\/uploads\/2022\/06\/MR07\u9996\u9875\u65b9\u5411-1-450x450.jpg 450w, https:\/\/luview.com\/wp-content\/uploads\/2022\/06\/MR07\u9996\u9875\u65b9\u5411-1-500x500.jpg 500w, https:\/\/luview.com\/wp-content\/uploads\/2022\/06\/MR07\u9996\u9875\u65b9\u5411-1.jpg 800w\" data-sizes=\"(max-width: 600px) 100vw, 600px\" title=\"JY-MR07 7-calowy monitor lusterka wstecznego HD LCD z g\u0142o\u015bnikiem \u7f29\u7565\u56fe\" alt=\"JY-MR07 7-calowy monitor lusterka wstecznego HD LCD z g\u0142o\u015bnikiem \u7f29\u7565\u56fe\" src=\"data:image\/svg+xml;base64,PHN2ZyB3aWR0aD0iMSIgaGVpZ2h0PSIxIiB4bWxucz0iaHR0cDovL3d3dy53My5vcmcvMjAwMC9zdmciPjwvc3ZnPg==\" style=\"--smush-placeholder-width: 600px; --smush-placeholder-aspect-ratio: 600\/600;\" \/><span class='cart-loading'><\/span><\/div><div class='inner_product_header'><div class='avia-arrow'><\/div><div class='inner_product_header_table'><div class='inner_product_header_cell'><h2 class=\"woocommerce-loop-product__title\">JY-MR07 7-calowy monitor lusterka wstecznego HD LCD z g\u0142o\u015bnikiem<\/h2>\n<\/div><\/div><\/div><\/a><\/div><\/li>\n<\/ul><\/div><\/div><div class=\"clear\"><\/div><\/div><div class='flex_column av-4ubxv-213bc428d71aa730c5a18fbc0d9954c9 av_one_full  avia-builder-el-0  el_before_av_three_fourth  avia-builder-el-first  first flex_column_div'   ><section  class='av_textblock_section av-4bhe3-b5d2024edd0490f6b2ae124c64cf457e'  itemscope=\"itemscope\" itemtype=\"https:\/\/schema.org\/CreativeWork\" ><div class='avia_textblock'  itemprop=\"text\" ><h3>Co to jest monitor lusterka wstecznego<\/h3>\n<p>Systemy monitorowania lusterek wstecznych zast\u0119puj\u0105 tradycyjne lusterko wsteczne funkcjami cyfrowymi. S\u0105 one doskona\u0142ym dodatkiem do samochod\u00f3w, kt\u00f3re nie maj\u0105 wbudowanych kamer cofania. Kamery te nie tylko pomagaj\u0105 kierowcom unikn\u0105\u0107 kork\u00f3w i bezpieczniej cofa\u0107, ale mog\u0105 r\u00f3wnie\u017c pom\u00f3c w zapobieganiu wypadkom, umo\u017cliwiaj\u0105c im zobaczenie, co znajduje si\u0119 za ich pojazdami. Monitor jest r\u00f3wnie\u017c przydatny dla kierowc\u00f3w, kt\u00f3rzy znajduj\u0105 si\u0119 w martwym polu, poniewa\u017c mo\u017ce pom\u00f3c im dostrzec zagro\u017cenia i inne pojazdy w lusterku wstecznym.<\/p>\n<h3>Jak dzia\u0142a monitor lusterka wstecznego?<\/h3>\n<p>Je\u015bli niedawno kupi\u0142e\u015b nowy cyfrowy system monitorowania lusterek do swojego pojazdu, prawdopodobnie zastanawiasz si\u0119, jak on dzia\u0142a.<\/p>\n<p>W przeciwie\u0144stwie do tradycyjnego lusterka wstecznego, lusterko cyfrowe wy\u015bwietla obraz wideo z kamery zamontowanej z boku pojazdu. Mo\u017ce to pom\u00f3c unikn\u0105\u0107 martwych punkt\u00f3w podczas jazdy, a nawet u\u0142atwi\u0107 parkowanie. Monitor jest kompatybilny z wi\u0119kszo\u015bci\u0105 modeli pojazd\u00f3w. Niekt\u00f3re modele monitor\u00f3w lusterek umo\u017cliwiaj\u0105 zmian\u0119 trybu wy\u015bwietlania obrazu wideo. Niekt\u00f3re monitory lusterek maj\u0105 nawet adaptacyjny tryb jazdy. Tryb ten pomaga wybra\u0107 tryb, kt\u00f3ry najlepiej sprawdza si\u0119 podczas prowadzenia pojazdu.<\/p>\n<h3>Zalety monitora lusterka wstecznego<\/h3>\n<p>Monitory lusterek wstecznych zapewniaj\u0105 kierowcom wiele korzy\u015bci.<\/p>\n<ol>\n<li><b><\/b><strong><b>Poprawa szybko\u015bci reakcji<\/b><\/strong><\/li>\n<\/ol>\n<p>Monitory w lusterkach wstecznych mog\u0105<strong><b>\u00a0<\/b><\/strong>Zmniejsz ilo\u015b\u0107 czasu sp\u0119dzanego przez kierowc\u00f3w na obserwowaniu tego, co dzieje si\u0119 za nimi. Szeroki k\u0105t widzenia kamery zapewnia kierowcom doskona\u0142\u0105 widoczno\u015b\u0107.<\/p>\n<ol start=\"2\">\n<li><b><\/b><strong><b>nadaje si\u0119 do jazdy noc\u0105<\/b><\/strong><\/li>\n<\/ol>\n<p>Cyfrowy wy\u015bwietlacz lusterka wstecznego jest krystalicznie czysty, eliminuj\u0105c odblaski powodowane przez tylne reflektory. Funkcja ta jest idealna do jazdy noc\u0105, poniewa\u017c eliminuje potrzeb\u0119 korzystania z lusterka w celu sprawdzenia otoczenia.<\/p>\n<ol start=\"3\">\n<li><b><\/b><strong><b>Widok w wy\u017cszej rozdzielczo\u015bci<\/b><\/strong><\/li>\n<\/ol>\n<p>Lusterka s\u0105 niewygodne, je\u015bli kierowca ma s\u0142aby wzrok. Lusterka odbijaj\u0105 \u015bwiat\u0142o od istniej\u0105cych obiekt\u00f3w, kt\u00f3re musi dotrze\u0107 do oczu kierowcy. W rezultacie wielu kierowc\u00f3w ma s\u0142aby wzrok, w tym osoby z dalekowzroczno\u015bci\u0105 zwi\u0105zan\u0105 z wiekiem. Na szcz\u0119\u015bcie problem ten mo\u017cna rozwi\u0105za\u0107 za pomoc\u0105 monitora lusterka wstecznego. Urz\u0105dzenie to przesy\u0142a obrazy do wy\u015bwietlacza, dzi\u0119ki czemu s\u0105 one znacznie bli\u017csze i lepiej widoczne.<\/p>\n<ol start=\"4\">\n<li><b><\/b><strong><b>Ma zastosowanie przy z\u0142ej pogodzie<\/b><\/strong><\/li>\n<\/ol>\n<p>Po czwarte, monitor lusterka wstecznego zapewnia wi\u0119ksz\u0105 ochron\u0119 kierowcy podczas z\u0142ej pogody. W przeciwie\u0144stwie do lusterek, kt\u00f3re s\u0105 podatne na uszkodzenia, wersja cyfrowa mo\u017ce by\u0107 u\u017cywana w ka\u017cdych warunkach pogodowych. Poniewa\u017c kamera jest zamontowana na zewn\u0105trz pojazdu, mo\u017ce widzie\u0107 przez mg\u0142\u0119 lub deszcz. Cyfrowy monitor lusterka wstecznego wykorzystuje inny rodzaj wy\u015bwietlacza, kt\u00f3ry mo\u017ce odfiltrowa\u0107 deszcz i \u015bnieg, aby wy\u015bwietla\u0107 wyra\u017any obraz nadje\u017cd\u017caj\u0105cego ruchu. Jest to \u015bwietna opcja zapewniaj\u0105ca bezpiecze\u0144stwo kierowcy i oszcz\u0119dno\u015b\u0107 koszt\u00f3w.<\/p>\n<h3>Jak zainstalowa\u0107 monitor lusterka wstecznego<\/h3>\n<p>Kupuj\u0105c monitor lusterka wstecznego, upewnij si\u0119, \u017ce wybierasz model, kt\u00f3ry jest \u0142atwy w instalacji i obs\u0142udze. Niekt\u00f3re modele maj\u0105 skomplikowany proces instalacji, co czyni je mniej odpowiednimi dla pocz\u0105tkuj\u0105cych. Je\u015bli nie masz du\u017co czasu na instalacj\u0119, wybierz proste urz\u0105dzenie, kt\u00f3re jest montowane jak lusterko wsteczne. Zaleca si\u0119 sprawdzenie rozdzielczo\u015bci i orientacji ekranu przed zakupem nowego urz\u0105dzenia.<\/p>\n<p>Upewnij si\u0119, \u017ce producent oferuje pe\u0142n\u0105 instrukcj\u0119 instalacji. Niekt\u00f3re systemy wymagaj\u0105 programowania i dodatkowej konfiguracji. Aby zainstalowa\u0107 te funkcje, mo\u017ce by\u0107 konieczna praca z uk\u0142adem elektrycznym pojazdu. Pami\u0119taj, \u017ce instalacja systemu monitorowania lusterka wstecznego jest projektem DIY i b\u0119dzie wymaga\u0107 pewnej wiedzy technicznej. Jednak po zainstalowaniu monitora b\u0119dziesz na dobrej drodze do bezpieczniejszej i wygodniejszej jazdy.<\/p>\n<p>W niekt\u00f3rych przypadkach system mo\u017ce wymaga\u0107 dodatkowych akcesori\u00f3w, takich jak czujniki cofania lub kamery cofania. Niezale\u017cnie od wybranego typu monitora, nale\u017cy uwa\u017cnie i dok\u0142adnie przestrzega\u0107 wszystkich instrukcji.<\/p>\n<h3>Cechy, na kt\u00f3re nale\u017cy zwr\u00f3ci\u0107 uwag\u0119 przy wyborze najlepszego monitora lusterka wstecznego<\/h3>\n<p>Istnieje wiele funkcji, kt\u00f3rych nale\u017cy szuka\u0107 podczas zakupu monitora lusterka wstecznego. Niekt\u00f3re z najlepszych urz\u0105dze\u0144 maj\u0105 ekran dotykowy, do kt\u00f3rego mo\u017cna uzyska\u0107 dost\u0119p za pomoc\u0105 przycisk\u00f3w lusterka. Ekrany dotykowe w tych urz\u0105dzeniach zapewniaj\u0105 znacznie lepszy widok na drog\u0119 i mog\u0105 pom\u00f3c w dostosowaniu jasno\u015bci ekranu, aby poprawi\u0107 widoczno\u015b\u0107 w warunkach s\u0142abego o\u015bwietlenia.<\/p>\n<p>Niekt\u00f3re z nich obs\u0142uguj\u0105 r\u00f3wnie\u017c wiele kamer, co daje jeszcze wi\u0119cej mo\u017cliwo\u015bci. Oferuj\u0105 one r\u00f3wnie\u017c obraz w obrazie lub widok pe\u0142noekranowy, dzi\u0119ki czemu s\u0105 idealne dla kierowc\u00f3w w trasie.<\/p>\n<h3>Ile kosztuje monitor lusterka wstecznego?<\/h3>\n<p>Monitory lusterek wstecznych zast\u0119puj\u0105 tradycyjne lusterka funkcjami cyfrowymi. Mog\u0105 by\u0107 nawet dodawane do samochod\u00f3w bez systemu kamer cofania. Kamery cofania to co\u015b wi\u0119cej ni\u017c zwyk\u0142y zamiennik lusterka. Pomagaj\u0105 kierowcom zobaczy\u0107, co znajduje si\u0119 wok\u00f3\u0142 nich, dzi\u0119ki czemu mog\u0105 unikn\u0105\u0107 op\u00f3\u017anie\u0144 i wypadk\u00f3w. Pomagaj\u0105 r\u00f3wnie\u017c kierowcom zachowa\u0107 czujno\u015b\u0107 w martwych punktach. Ile kosztuje monitor lusterka wstecznego? Czytaj dalej, aby si\u0119 dowiedzie\u0107!<\/p>\n<p>Cena monitora lusterka wstecznego zale\u017cy od liczby funkcji, kt\u00f3re zawiera. Niekt\u00f3re modele s\u0105 wyposa\u017cone w czujniki cofania lub kamery cofania. Inne maj\u0105 tylko lusterko wsteczne. Instalacja mo\u017ce by\u0107 skomplikowana, ale jest warta dodatkowych koszt\u00f3w. Przed zakupem systemu monitorowania lusterka wstecznego nale\u017cy zapozna\u0107 si\u0119 z instrukcj\u0105. Niekt\u00f3re systemy wymagaj\u0105 dodatkowego programowania lub konfiguracji do prawid\u0142owego dzia\u0142ania. Wa\u017cne jest, aby skontaktowa\u0107 si\u0119 z lokalnym dealerem przed wydaniem pieni\u0119dzy na to ulepszenie.<\/p>\n<p>Wi\u0119kszo\u015b\u0107 monitor\u00f3w lusterek wstecznych wykorzystuje kamer\u0119 wideo. W zale\u017cno\u015bci od potrzeb, dost\u0119pnych jest kilka rodzaj\u00f3w modeli. Wi\u0119kszo\u015b\u0107 modeli ma wbudowan\u0105 kamer\u0119, podczas gdy inne s\u0105 montowane bezpo\u015brednio na lusterku. Kamera musi by\u0107 w stanie rejestrowa\u0107 obraz pod ka\u017cdym k\u0105tem. W zale\u017cno\u015bci od wymaga\u0144, warto rozwa\u017cy\u0107 d\u0142ugo\u015b\u0107 kabla, aby upewni\u0107 si\u0119, \u017ce nie jest on zbyt kr\u00f3tki.<\/p>\n<p>Ekrany lusterek wstecznych mog\u0105 obejmowa\u0107 zar\u00f3wno bardzo tanie modele, jak i drogie. Za mniej ni\u017c $100 mo\u017cna uzyska\u0107 dobry ekran LCD z przyciskami dotykowymi. B\u0119d\u0105 one prawdopodobnie pasowa\u0107 do istniej\u0105cego lusterka, a niekt\u00f3re b\u0119d\u0105 zawiera\u0107 kamer\u0119 samochodow\u0105. Inne ekrany maj\u0105 wi\u0119cej funkcji i b\u0119d\u0105 kosztowa\u0107 oko\u0142o $200 lub wi\u0119cej. Wiele z tych urz\u0105dze\u0144 posiada r\u00f3wnie\u017c asystenta pasa ruchu, system wspomagania parkowania i wiele innych. Jako\u015b\u0107 wy\u015bwietlanego obrazu b\u0119dzie zale\u017ce\u0107 od Twoich potrzeb, ale i tak sprawi\u0105, \u017ce poczujesz si\u0119 bezpieczniej i pewniej za kierownic\u0105.<\/p>\n<\/div><\/section><\/div><\/p>","protected":false},"excerpt":{"rendered":"","protected":false},"author":1,"featured_media":0,"parent":640,"menu_order":0,"comment_status":"closed","ping_status":"closed","template":"","meta":{"_monsterinsights_skip_tracking":false,"_monsterinsights_sitenote_active":false,"_monsterinsights_sitenote_note":"","_monsterinsights_sitenote_category":0,"footnotes":""},"class_list":["post-661","page","type-page","status-publish","hentry"],"_links":{"self":[{"href":"https:\/\/luview.com\/pl\/wp-json\/wp\/v2\/pages\/661","targetHints":{"allow":["GET"]}}],"collection":[{"href":"https:\/\/luview.com\/pl\/wp-json\/wp\/v2\/pages"}],"about":[{"href":"https:\/\/luview.com\/pl\/wp-json\/wp\/v2\/types\/page"}],"author":[{"embeddable":true,"href":"https:\/\/luview.com\/pl\/wp-json\/wp\/v2\/users\/1"}],"replies":[{"embeddable":true,"href":"https:\/\/luview.com\/pl\/wp-json\/wp\/v2\/comments?post=661"}],"version-history":[{"count":3,"href":"https:\/\/luview.com\/pl\/wp-json\/wp\/v2\/pages\/661\/revisions"}],"predecessor-version":[{"id":44516,"href":"https:\/\/luview.com\/pl\/wp-json\/wp\/v2\/pages\/661\/revisions\/44516"}],"up":[{"embeddable":true,"href":"https:\/\/luview.com\/pl\/wp-json\/wp\/v2\/pages\/640"}],"wp:attachment":[{"href":"https:\/\/luview.com\/pl\/wp-json\/wp\/v2\/media?parent=661"}],"curies":[{"name":"wp","href":"https:\/\/api.w.org\/{rel}","templated":true}]}}