{"id":663,"date":"2022-05-23T14:43:18","date_gmt":"2022-05-23T14:43:18","guid":{"rendered":"https:\/\/luview.com\/?page_id=663"},"modified":"2026-03-10T02:51:32","modified_gmt":"2026-03-10T02:51:32","slug":"wodoodporne-monitory","status":"publish","type":"page","link":"https:\/\/luview.com\/pl\/products\/monitors\/waterproof-monitors\/","title":{"rendered":"Wodoodporne monitory"},"content":{"rendered":"<style type=\"text\/css\" data-created_by=\"avia_inline_auto\" id=\"style-css-av-l2y9d09l-9a59c050fd7cc562363a6e26bd127e73\">\n.avia-section.av-l2y9d09l-9a59c050fd7cc562363a6e26bd127e73{\nbackground-repeat:no-repeat;\nbackground-image:url(https:\/\/luview.com\/wp-content\/uploads\/2024\/08\/0.jpg);\nbackground-position:50% 50%;\nbackground-attachment:scroll;\n}\n.avia-section.av-l2y9d09l-9a59c050fd7cc562363a6e26bd127e73 .av-section-color-overlay{\nopacity:0.8;\nbackground-color:#222222;\n}\n<\/style>\n<div id='av_section_1'  class='avia-section av-l2y9d09l-9a59c050fd7cc562363a6e26bd127e73 main_color avia-section-default avia-no-border-styling  avia-builder-el-0  el_before_av_one_full  avia-builder-el-first  titlebarbox avia-full-stretch avia-bg-style-scroll av-section-color-overlay-active container_wrap sidebar_left'  data-section-bg-repeat='stretch'><div class=\"av-section-color-overlay-wrap\"><div class=\"av-section-color-overlay\"><\/div><div class='container av-section-cont-open' ><main  role=\"main\" itemprop=\"mainContentOfPage\"  class='template-page content  av-content-small units'><div class='post-entry post-entry-type-page post-entry-663'><div class='entry-content-wrapper clearfix'>\n\n<style type=\"text\/css\" data-created_by=\"avia_inline_auto\" id=\"style-css-av-ro2v-a87e36abb91cc5e18f3d0098b40720d3\">\n.flex_column.av-ro2v-a87e36abb91cc5e18f3d0098b40720d3{\npadding:10% 0 10% 0;\n}\n<\/style>\n<div class='flex_column av-ro2v-a87e36abb91cc5e18f3d0098b40720d3 av_one_full  avia-builder-el-1  avia-builder-el-no-sibling  first flex_column_div'   ><style type=\"text\/css\" data-created_by=\"avia_inline_auto\" id=\"style-css-av-l2y9au29-bf07c75c092d3a9f62676db415f615f7\">\n#top .av_textblock_section.av-l2y9au29-bf07c75c092d3a9f62676db415f615f7 .avia_textblock{\ncolor:#ffffff;\ntext-align:center;\n}\n<\/style>\n<section  class='av_textblock_section av-l2y9au29-bf07c75c092d3a9f62676db415f615f7'  itemscope=\"itemscope\" itemtype=\"https:\/\/schema.org\/CreativeWork\" ><div class='avia_textblock av_inherit_color'  itemprop=\"text\" ><h1>Wodoodporne monitory<\/h1>\n<\/div><\/section><br \/>\n<\/p><\/div>\n<\/div><\/div><\/main><!-- close content main element --><\/div><\/div><\/div><div id='after_section_1'  class='main_color av_default_container_wrap container_wrap sidebar_left'  ><div class='container av-section-cont-open' ><div class='template-page content  av-content-small units'><div class='post-entry post-entry-type-page post-entry-663'><div class='entry-content-wrapper clearfix'>\n<div class='flex_column av-6hmib-0f7b6fcf00f9273a80dfc45f533798fb av_one_full  avia-builder-el-4  el_after_av_section  el_before_av_one_full  avia-builder-el-first  first flex_column_div'   ><section  class='av_textblock_section av-l2y9squj-e76031f6dac70c55a963b220d7b8ed83'  itemscope=\"itemscope\" itemtype=\"https:\/\/schema.org\/CreativeWork\" ><div class='avia_textblock'  itemprop=\"text\" ><h3 style=\"font-weight: bold;\">Wszystkie wodoodporne monitory<\/h3>\n<\/div><\/section><br \/>\n<section  class='av_textblock_section av-l2y9tm1e-80c30be322df05d44e75397a617f5c97'  itemscope=\"itemscope\" itemtype=\"https:\/\/schema.org\/CreativeWork\" ><div class='avia_textblock'  itemprop=\"text\" ><p>Wraz z szybkim rozwojem spo\u0142ecze\u0144stwa, korzystanie z monitor\u00f3w zapasowych staje si\u0119 coraz bardziej powszechne, ale wodoodporno\u015b\u0107 monitor\u00f3w zapasowych jest r\u00f3wnie\u017c problemem, o kt\u00f3ry musimy si\u0119 martwi\u0107, szczeg\u00f3lnie w przypadku zewn\u0119trznych monitor\u00f3w zapasowych. Luview jest profesjonalnym producentem wodoodpornych monitor\u00f3w do kamer zapasowych, dostawc\u0105 z Chin, akceptujemy zam\u00f3wienia OEM, ODM i inne niestandardowe wodoodporne monitory, a tak\u017ce oferujemy kompleksowe rozwi\u0105zania, prosimy o e-mail <a href=\"mailto:sales@luview.com\"><u>sales@luview.com<\/u><\/a>\u00a0je\u015bli masz takie potrzeby.<\/p>\n<\/div><\/section><br \/>\n<div  class='avia-button-wrap avia-button-left  avia-builder-el-7  el_after_av_textblock  avia-builder-el-last' ><a href='https:\/\/luview.com\/pl\/contact\/'  class='avia-button av-l2y9umzk-d16bac7bf4e11df2896cb79984c1e31c avia-icon_select-no avia-size-large avia-position-left avia-color-theme-color' ><span class='avia_iconbox_title' >Zapytaj teraz<\/span><\/a><\/div><\/p><\/div>\n<div class='flex_column av-5hzen-23301fe4c356e81a47b358eb060165d1 av_one_full  avia-builder-el-8  el_after_av_one_full  el_before_av_one_full  first flex_column_div column-top-margin'   ><div  class='avia-product-slider-container av-l2y9wj0i-0bc2b166ec09a979217e894406115c6c template-shop avia-content-slider avia-content-grid-active shop_columns_3  avia-builder-el-9  avia-builder-el-no-sibling  myproducts avia-content-slider-odd  avia-builder-el-9  avia-builder-el-no-sibling  myproducts avia-product-slider1'  data-autoplay=''  data-interval='5'  data-animation='fade'  data-hoverpause='1' ><div class='avia-content-slider-inner'><ul class=\"products\"><li class=\"product type-product post-26113 status-publish first instock product_cat-7-inch-monitors product_cat-waterproof-monitors has-post-thumbnail shipping-taxable product-type-simple\">\n\t<div class='inner_product main_color wrapped_style noLightbox  av-product-class-no_button'><a href=\"https:\/\/luview.com\/pl\/product\/jy-m756-7-inch-4-channel-lcd-waterproof-rear-view-monitor-for-truck-bus-tailer\/\" class=\"woocommerce-LoopProduct-link woocommerce-loop-product__link\"><div class='thumbnail_container'><img decoding=\"async\" width=\"600\" height=\"600\" data-src=\"https:\/\/luview.com\/wp-content\/uploads\/2024\/09\/M756\u9996\u9875\u65b9\u5411-1--600x600.jpg\" class=\"wp-image-36518 avia-img-lazy-loading-36518 attachment-woocommerce_thumbnail size-woocommerce_thumbnail wp-post-image lazyload\"  data-srcset=\"https:\/\/luview.com\/wp-content\/uploads\/2024\/09\/M756\u9996\u9875\u65b9\u5411-1--600x600.jpg 600w, https:\/\/luview.com\/wp-content\/uploads\/2024\/09\/M756\u9996\u9875\u65b9\u5411-1--100x100.jpg 100w, https:\/\/luview.com\/wp-content\/uploads\/2024\/09\/M756\u9996\u9875\u65b9\u5411-1--300x300.jpg 300w, https:\/\/luview.com\/wp-content\/uploads\/2024\/09\/M756\u9996\u9875\u65b9\u5411-1--80x80.jpg 80w, https:\/\/luview.com\/wp-content\/uploads\/2024\/09\/M756\u9996\u9875\u65b9\u5411-1--768x768.jpg 768w, https:\/\/luview.com\/wp-content\/uploads\/2024\/09\/M756\u9996\u9875\u65b9\u5411-1--36x36.jpg 36w, https:\/\/luview.com\/wp-content\/uploads\/2024\/09\/M756\u9996\u9875\u65b9\u5411-1--180x180.jpg 180w, https:\/\/luview.com\/wp-content\/uploads\/2024\/09\/M756\u9996\u9875\u65b9\u5411-1--430x430.jpg 430w, https:\/\/luview.com\/wp-content\/uploads\/2024\/09\/M756\u9996\u9875\u65b9\u5411-1--630x630.jpg 630w, https:\/\/luview.com\/wp-content\/uploads\/2024\/09\/M756\u9996\u9875\u65b9\u5411-1--705x705.jpg 705w, https:\/\/luview.com\/wp-content\/uploads\/2024\/09\/M756\u9996\u9875\u65b9\u5411-1--321x321.jpg 321w, https:\/\/luview.com\/wp-content\/uploads\/2024\/09\/M756\u9996\u9875\u65b9\u5411-1--120x120.jpg 120w, https:\/\/luview.com\/wp-content\/uploads\/2024\/09\/M756\u9996\u9875\u65b9\u5411-1--450x450.jpg 450w, https:\/\/luview.com\/wp-content\/uploads\/2024\/09\/M756\u9996\u9875\u65b9\u5411-1--500x500.jpg 500w, https:\/\/luview.com\/wp-content\/uploads\/2024\/09\/M756\u9996\u9875\u65b9\u5411-1-.jpg 800w\" data-sizes=\"(max-width: 600px) 100vw, 600px\" title=\"JY-M756 7-calowy, 4-kana\u0142owy, wodoodporny monitor LCD do podgl\u0105du tylnego dla ci\u0119\u017car\u00f3wek, autobus\u00f3w i przyczep\" alt=\"JY-M756 7-calowy, 4-kana\u0142owy, wodoodporny monitor LCD do podgl\u0105du tylnego dla ci\u0119\u017car\u00f3wek, autobus\u00f3w i przyczep\" src=\"data:image\/svg+xml;base64,PHN2ZyB3aWR0aD0iMSIgaGVpZ2h0PSIxIiB4bWxucz0iaHR0cDovL3d3dy53My5vcmcvMjAwMC9zdmciPjwvc3ZnPg==\" style=\"--smush-placeholder-width: 600px; --smush-placeholder-aspect-ratio: 600\/600;\" \/><span class='cart-loading'><\/span><\/div><div class='inner_product_header'><div class='avia-arrow'><\/div><div class='inner_product_header_table'><div class='inner_product_header_cell'><h2 class=\"woocommerce-loop-product__title\">JY-M756 7-calowy, 4-kana\u0142owy, wodoodporny monitor LCD do podgl\u0105du tylnego dla ci\u0119\u017car\u00f3wek, autobus\u00f3w i przyczep<\/h2>\n<\/div><\/div><\/div><\/a><\/div><\/li>\n<li class=\"product type-product post-1204 status-publish instock product_cat-7-inch-monitors product_cat-waterproof-monitors has-post-thumbnail shipping-taxable product-type-simple\">\n\t<div class='inner_product main_color wrapped_style noLightbox  av-product-class-no_button'><a href=\"https:\/\/luview.com\/pl\/product\/jy-m755-4-ch-7-inch-ip67-waterproof-digital-ahd-lcd-monitor\/\" class=\"woocommerce-LoopProduct-link woocommerce-loop-product__link\"><div class='thumbnail_container'><img decoding=\"async\" width=\"600\" height=\"600\" data-src=\"https:\/\/luview.com\/wp-content\/uploads\/2022\/06\/M755\u9996\u9875\u65b9\u5411-1-600x600.jpg\" class=\"wp-image-36514 avia-img-lazy-loading-36514 attachment-woocommerce_thumbnail size-woocommerce_thumbnail wp-post-image lazyload\"  data-srcset=\"https:\/\/luview.com\/wp-content\/uploads\/2022\/06\/M755\u9996\u9875\u65b9\u5411-1-600x600.jpg 600w, https:\/\/luview.com\/wp-content\/uploads\/2022\/06\/M755\u9996\u9875\u65b9\u5411-1-100x100.jpg 100w, https:\/\/luview.com\/wp-content\/uploads\/2022\/06\/M755\u9996\u9875\u65b9\u5411-1-300x300.jpg 300w, https:\/\/luview.com\/wp-content\/uploads\/2022\/06\/M755\u9996\u9875\u65b9\u5411-1-80x80.jpg 80w, https:\/\/luview.com\/wp-content\/uploads\/2022\/06\/M755\u9996\u9875\u65b9\u5411-1-768x768.jpg 768w, https:\/\/luview.com\/wp-content\/uploads\/2022\/06\/M755\u9996\u9875\u65b9\u5411-1-36x36.jpg 36w, https:\/\/luview.com\/wp-content\/uploads\/2022\/06\/M755\u9996\u9875\u65b9\u5411-1-180x180.jpg 180w, https:\/\/luview.com\/wp-content\/uploads\/2022\/06\/M755\u9996\u9875\u65b9\u5411-1-430x430.jpg 430w, https:\/\/luview.com\/wp-content\/uploads\/2022\/06\/M755\u9996\u9875\u65b9\u5411-1-630x630.jpg 630w, https:\/\/luview.com\/wp-content\/uploads\/2022\/06\/M755\u9996\u9875\u65b9\u5411-1-705x705.jpg 705w, https:\/\/luview.com\/wp-content\/uploads\/2022\/06\/M755\u9996\u9875\u65b9\u5411-1-321x321.jpg 321w, https:\/\/luview.com\/wp-content\/uploads\/2022\/06\/M755\u9996\u9875\u65b9\u5411-1-120x120.jpg 120w, https:\/\/luview.com\/wp-content\/uploads\/2022\/06\/M755\u9996\u9875\u65b9\u5411-1-450x450.jpg 450w, https:\/\/luview.com\/wp-content\/uploads\/2022\/06\/M755\u9996\u9875\u65b9\u5411-1-500x500.jpg 500w, https:\/\/luview.com\/wp-content\/uploads\/2022\/06\/M755\u9996\u9875\u65b9\u5411-1.jpg 800w\" data-sizes=\"(max-width: 600px) 100vw, 600px\" title=\"JY-M755 4-kana\u0142owy, 7-calowy, wodoodporny monitor LCD AHD IP67\" alt=\"JY-M755 4-kana\u0142owy, 7-calowy, wodoodporny monitor LCD AHD IP67\" src=\"data:image\/svg+xml;base64,PHN2ZyB3aWR0aD0iMSIgaGVpZ2h0PSIxIiB4bWxucz0iaHR0cDovL3d3dy53My5vcmcvMjAwMC9zdmciPjwvc3ZnPg==\" style=\"--smush-placeholder-width: 600px; --smush-placeholder-aspect-ratio: 600\/600;\" \/><span class='cart-loading'><\/span><\/div><div class='inner_product_header'><div class='avia-arrow'><\/div><div class='inner_product_header_table'><div class='inner_product_header_cell'><h2 class=\"woocommerce-loop-product__title\">JY-M755 4-kana\u0142owy, 7-calowy, wodoodporny monitor LCD AHD IP67<\/h2>\n<\/div><\/div><\/div><\/a><\/div><\/li>\n<li class=\"product type-product post-1203 status-publish last instock product_cat-4-6-inch-monitors product_cat-waterproof-monitors has-post-thumbnail shipping-taxable product-type-simple\">\n\t<div class='inner_product main_color wrapped_style noLightbox  av-product-class-no_button'><a href=\"https:\/\/luview.com\/pl\/product\/jy-m550-2-ch-5-inch-ip69k-waterproof-flipped-image-tft-monitor\/\" class=\"woocommerce-LoopProduct-link woocommerce-loop-product__link\"><div class='thumbnail_container'><img decoding=\"async\" width=\"600\" height=\"600\" data-src=\"https:\/\/luview.com\/wp-content\/uploads\/2022\/06\/M550\u9996\u9875\u65b9\u5411-1-1-600x600.jpg\" class=\"wp-image-35862 avia-img-lazy-loading-35862 attachment-woocommerce_thumbnail size-woocommerce_thumbnail wp-post-image lazyload\"  data-srcset=\"https:\/\/luview.com\/wp-content\/uploads\/2022\/06\/M550\u9996\u9875\u65b9\u5411-1-1-600x600.jpg 600w, https:\/\/luview.com\/wp-content\/uploads\/2022\/06\/M550\u9996\u9875\u65b9\u5411-1-1-100x100.jpg 100w, https:\/\/luview.com\/wp-content\/uploads\/2022\/06\/M550\u9996\u9875\u65b9\u5411-1-1-300x300.jpg 300w, https:\/\/luview.com\/wp-content\/uploads\/2022\/06\/M550\u9996\u9875\u65b9\u5411-1-1-80x80.jpg 80w, https:\/\/luview.com\/wp-content\/uploads\/2022\/06\/M550\u9996\u9875\u65b9\u5411-1-1-768x768.jpg 768w, https:\/\/luview.com\/wp-content\/uploads\/2022\/06\/M550\u9996\u9875\u65b9\u5411-1-1-36x36.jpg 36w, https:\/\/luview.com\/wp-content\/uploads\/2022\/06\/M550\u9996\u9875\u65b9\u5411-1-1-180x180.jpg 180w, https:\/\/luview.com\/wp-content\/uploads\/2022\/06\/M550\u9996\u9875\u65b9\u5411-1-1-430x430.jpg 430w, https:\/\/luview.com\/wp-content\/uploads\/2022\/06\/M550\u9996\u9875\u65b9\u5411-1-1-630x630.jpg 630w, https:\/\/luview.com\/wp-content\/uploads\/2022\/06\/M550\u9996\u9875\u65b9\u5411-1-1-705x705.jpg 705w, https:\/\/luview.com\/wp-content\/uploads\/2022\/06\/M550\u9996\u9875\u65b9\u5411-1-1-321x321.jpg 321w, https:\/\/luview.com\/wp-content\/uploads\/2022\/06\/M550\u9996\u9875\u65b9\u5411-1-1-120x120.jpg 120w, https:\/\/luview.com\/wp-content\/uploads\/2022\/06\/M550\u9996\u9875\u65b9\u5411-1-1-450x450.jpg 450w, https:\/\/luview.com\/wp-content\/uploads\/2022\/06\/M550\u9996\u9875\u65b9\u5411-1-1-500x500.jpg 500w, https:\/\/luview.com\/wp-content\/uploads\/2022\/06\/M550\u9996\u9875\u65b9\u5411-1-1.jpg 800w\" data-sizes=\"(max-width: 600px) 100vw, 600px\" title=\"JY-M550 2-kana\u0142owy 5-calowy wodoodporny monitor TFT z odwr\u00f3conym obrazem, klasa ochrony IP69K\" alt=\"JY-M550 2-kana\u0142owy 5-calowy wodoodporny monitor TFT z odwr\u00f3conym obrazem, klasa ochrony IP69K\" src=\"data:image\/svg+xml;base64,PHN2ZyB3aWR0aD0iMSIgaGVpZ2h0PSIxIiB4bWxucz0iaHR0cDovL3d3dy53My5vcmcvMjAwMC9zdmciPjwvc3ZnPg==\" style=\"--smush-placeholder-width: 600px; --smush-placeholder-aspect-ratio: 600\/600;\" \/><span class='cart-loading'><\/span><\/div><div class='inner_product_header'><div class='avia-arrow'><\/div><div class='inner_product_header_table'><div class='inner_product_header_cell'><h2 class=\"woocommerce-loop-product__title\">JY-M550 2-kana\u0142owy, 5-calowy, wodoodporny monitor TFT z odwr\u00f3conym obrazem, klasa ochrony IP69K<\/h2>\n<\/div><\/div><\/div><\/a><\/div><\/li>\n<li class=\"product type-product post-1197 status-publish first instock product_cat-7-inch-monitors product_cat-waterproof-monitors has-post-thumbnail shipping-taxable product-type-simple\">\n\t<div class='inner_product main_color wrapped_style noLightbox  av-product-class-no_button'><a href=\"https:\/\/luview.com\/pl\/product\/jy-m750-169-wide-screen-4-ch-7-inch-ip69k-waterproof-monitor\/\" class=\"woocommerce-LoopProduct-link woocommerce-loop-product__link\"><div class='thumbnail_container'><img decoding=\"async\" width=\"600\" height=\"600\" data-src=\"https:\/\/luview.com\/wp-content\/uploads\/2022\/06\/M750\u9996\u9875\u65b9\u5411-1-600x600.jpg\" class=\"wp-image-35854 avia-img-lazy-loading-35854 attachment-woocommerce_thumbnail size-woocommerce_thumbnail wp-post-image lazyload\"  data-srcset=\"https:\/\/luview.com\/wp-content\/uploads\/2022\/06\/M750\u9996\u9875\u65b9\u5411-1-600x600.jpg 600w, https:\/\/luview.com\/wp-content\/uploads\/2022\/06\/M750\u9996\u9875\u65b9\u5411-1-100x100.jpg 100w, https:\/\/luview.com\/wp-content\/uploads\/2022\/06\/M750\u9996\u9875\u65b9\u5411-1-300x300.jpg 300w, https:\/\/luview.com\/wp-content\/uploads\/2022\/06\/M750\u9996\u9875\u65b9\u5411-1-80x80.jpg 80w, https:\/\/luview.com\/wp-content\/uploads\/2022\/06\/M750\u9996\u9875\u65b9\u5411-1-768x768.jpg 768w, https:\/\/luview.com\/wp-content\/uploads\/2022\/06\/M750\u9996\u9875\u65b9\u5411-1-36x36.jpg 36w, https:\/\/luview.com\/wp-content\/uploads\/2022\/06\/M750\u9996\u9875\u65b9\u5411-1-180x180.jpg 180w, https:\/\/luview.com\/wp-content\/uploads\/2022\/06\/M750\u9996\u9875\u65b9\u5411-1-430x430.jpg 430w, https:\/\/luview.com\/wp-content\/uploads\/2022\/06\/M750\u9996\u9875\u65b9\u5411-1-630x630.jpg 630w, https:\/\/luview.com\/wp-content\/uploads\/2022\/06\/M750\u9996\u9875\u65b9\u5411-1-705x705.jpg 705w, https:\/\/luview.com\/wp-content\/uploads\/2022\/06\/M750\u9996\u9875\u65b9\u5411-1-321x321.jpg 321w, https:\/\/luview.com\/wp-content\/uploads\/2022\/06\/M750\u9996\u9875\u65b9\u5411-1-120x120.jpg 120w, https:\/\/luview.com\/wp-content\/uploads\/2022\/06\/M750\u9996\u9875\u65b9\u5411-1-450x450.jpg 450w, https:\/\/luview.com\/wp-content\/uploads\/2022\/06\/M750\u9996\u9875\u65b9\u5411-1-500x500.jpg 500w, https:\/\/luview.com\/wp-content\/uploads\/2022\/06\/M750\u9996\u9875\u65b9\u5411-1.jpg 800w\" data-sizes=\"(max-width: 600px) 100vw, 600px\" title=\"JY-M750 16:9 szeroki ekran 4 CH 7 cali IP69K wodoodporny monitor \u7f29\u7565\u56fe\" alt=\"JY-M750 16:9 szeroki ekran 4 CH 7 cali IP69K wodoodporny monitor \u7f29\u7565\u56fe\" src=\"data:image\/svg+xml;base64,PHN2ZyB3aWR0aD0iMSIgaGVpZ2h0PSIxIiB4bWxucz0iaHR0cDovL3d3dy53My5vcmcvMjAwMC9zdmciPjwvc3ZnPg==\" style=\"--smush-placeholder-width: 600px; --smush-placeholder-aspect-ratio: 600\/600;\" \/><span class='cart-loading'><\/span><\/div><div class='inner_product_header'><div class='avia-arrow'><\/div><div class='inner_product_header_table'><div class='inner_product_header_cell'><h2 class=\"woocommerce-loop-product__title\">JY-M750 16:9 szeroki ekran 4 CH 7 cali IP69K wodoodporny monitor<\/h2>\n<\/div><\/div><\/div><\/a><\/div><\/li>\n<\/ul><\/div><\/div><div class=\"clear\"><\/div><\/div><div class='flex_column av-4ubxv-213bc428d71aa730c5a18fbc0d9954c9 av_one_full  avia-builder-el-0  el_before_av_three_fourth  avia-builder-el-first  first flex_column_div'   ><section  class='av_textblock_section av-4bhe3-b5d2024edd0490f6b2ae124c64cf457e'  itemscope=\"itemscope\" itemtype=\"https:\/\/schema.org\/CreativeWork\" ><div class='avia_textblock'  itemprop=\"text\" ><h3>Wymagania dotycz\u0105ce wodoodpornych monitor\u00f3w zapasowych<\/h3>\n<p>Poziom ochrony wodoodpornego monitora zapasowego jest zwykle wy\u015bwietlany jako IPXY, na przyk\u0142ad: IP65, X oznacza poziom ochrony monitora cyfrowego przed wnikaniem py\u0142u i obiekt\u00f3w zewn\u0119trznych, a Y oznacza szczelno\u015b\u0107 monitora zapasowego przed wilgoci\u0105 i wnikaniem wody. Im wy\u017cszy poziom ochrony, tym znaczenie liczb X i Y zostanie om\u00f3wione poni\u017cej.<\/p>\n<p><strong><b>X reprezentuje znaczenie kodu cyfrowego:<\/b><\/strong><\/p>\n<p>0: brak ochrony<\/p>\n<p>1: Ochrona przed sta\u0142ymi egzosomami o \u015brednicy 50 mm i wi\u0119kszej<\/p>\n<p>2: Ochrona przed sta\u0142ymi egzosomami o \u015brednicy 12,5 mm i wi\u0119kszej<\/p>\n<p>3: Ochrona przed sta\u0142ymi egzosomami o \u015brednicy 2,5 mm i wi\u0119kszej<\/p>\n<p>4: Ochrona przed sta\u0142ymi egzosomami o \u015brednicy 1,0 mm i wi\u0119kszej<\/p>\n<p>5: Zapobieganie gromadzeniu si\u0119 szkodliwego py\u0142u (nie mo\u017cna ca\u0142kowicie zapobiec przedostawaniu si\u0119 py\u0142u, ale jego ilo\u015b\u0107 nie spowoduje uszkodzenia sprz\u0119tu).<\/p>\n<p>6: Ca\u0142kowite zapobieganie przedostawaniu si\u0119 py\u0142u (py\u0142 nie powinien przedostawa\u0107 si\u0119 do obudowy przy niskim ci\u015bnieniu 20 mbar).<\/p>\n<p><strong><b>Y reprezentuje znaczenie kodu cyfrowego<\/b><\/strong><\/p>\n<p>0: brak ochrony<\/p>\n<p>1: Ochrona przed kroplami wody (krople wody spadaj\u0105ce pionowo nie powinny powodowa\u0107 uszkodze\u0144)<\/p>\n<p>2: Gdy pow\u0142oka jest przechylona do 15 stopni, jest chroniona przed kroplami wody, a krople wody spadaj\u0105ce pionowo nie powinny powodowa\u0107 uszkodze\u0144<\/p>\n<p>3: Ochrona przed rozpryskami wody (woda lub deszcz z k\u0105ta 60 stopni do pow\u0142oki nie ma wp\u0142ywu)<\/p>\n<p>4: Ochronny strumie\u0144 wody (ciecz rozpryskiwana na pow\u0142ok\u0119 z dowolnego kierunku nie powoduje uszkodze\u0144)<\/p>\n<p>5: Ochronne dysze wodne (wystrzeliwuj\u0105ce wod\u0119 z ka\u017cdego kierunku na obudow\u0119 bez \u017cadnych uszkodze\u0144)<\/p>\n<p>6: Ochrona przed silnymi strumieniami wody (silne strumienie wody skierowane na obudow\u0119 z ka\u017cdego kierunku nie spowoduj\u0105 \u017cadnych uszkodze\u0144)<\/p>\n<p>7: Wytrzymuje zanurzenie w wodzie w kr\u00f3tkim czasie (1 m)<\/p>\n<p>8: Mo\u017ce by\u0107 moczony w wodzie przez d\u0142ugi czas pod pewnym ci\u015bnieniem<\/p>\n<p>Wewn\u0119trzna i zewn\u0119trzna klasyfikacja poziomu wodoodporno\u015bci obudowy monitora cyfrowego jest r\u00f3\u017cna. Zewn\u0119trzny poziom wodoodporno\u015bci jest generalnie wy\u017cszy ni\u017c wewn\u0119trzny, poniewa\u017c zewn\u0119trzny wy\u015bwietlacz cyfrowy jest bardziej nara\u017cony na deszcz lub musi by\u0107 wodoodporny ni\u017c wewn\u0119trzny monitor cyfrowy.<\/p>\n<h3>Zalety wodoodpornych monitor\u00f3w zapasowych Luview<\/h3>\n<p><strong><b>Wodoodporno\u015b\u0107 IP6<\/b><\/strong><strong><b>8<\/b><\/strong><\/p>\n<p>Wysokiej jako\u015bci wodoodporny monitor cofania mo\u017ce zapewni\u0107 spok\u00f3j ducha podczas jazdy w deszczow\u0105 pogod\u0119. Ten typ kamery cofania ma wodoodporn\u0105 konstrukcj\u0119 Ip68. Kamera wykorzystuje 18 \u015bwiate\u0142 podczerwonych, aby widzie\u0107 za samochodem i ma panel Ips, kt\u00f3ry u\u0142atwia ogl\u0105danie bez wzgl\u0119du na k\u0105t. Monitor ma wysok\u0105 rozdzielczo\u015b\u0107 1024 x 600 pikseli z funkcj\u0105 poprawy kolor\u00f3w w celu zmniejszenia zak\u0142\u00f3ce\u0144 obrazu.<\/p>\n<p><strong><b>Szeroki k\u0105t widzenia 150<\/b><\/strong><\/p>\n<p>Wysokiej jako\u015bci system monitorowania kopii zapasowych powinien mie\u0107 takie funkcje, jak szeroki k\u0105t widzenia 150 stopni, tryb super noktowizora i pilot zdalnego sterowania. Niekt\u00f3re modele maj\u0105 wiele kamer, kt\u00f3re u\u0142atwiaj\u0105 ogl\u0105danie i zwi\u0119kszaj\u0105 bezpiecze\u0144stwo. Tego typu kamera cofania powinna by\u0107 zasilana napi\u0119ciem 9-14 V i by\u0107 w stanie wsp\u00f3\u0142pracowa\u0107 ze z\u0142\u0105czem RCA.<\/p>\n<h3>Pojazdy wymagaj\u0105ce wodoodpornego monitora kopii zapasowej<\/h3>\n<p>Wodoodporny monitor cofania zapewnia bezpieczn\u0105 jazd\u0119 i rozwi\u0105zuje problemy zwi\u0105zane z martwymi punktami i utrudnionym cofaniem podczas jazdy. Wodoodporny monitor samochodowy Luview wyposa\u017cony jest w cyfrowy ekran LCD zapewniaj\u0105cy wyra\u017any obraz. Jest on wyposa\u017cony w kamer\u0119 samochodow\u0105, kt\u00f3ra u\u0142atwia unikni\u0119cie wypadk\u00f3w drogowych spowodowanych przez martwy punkt z ty\u0142u samochodu podczas cofania.<\/p>\n<p>Wodoodporny monitor mo\u017ce by\u0107 stosowany w du\u017cych pojazdach, takich jak autobusy, pojazdy in\u017cynieryjne i ci\u0119\u017car\u00f3wki. Wodoodporne systemy monitor\u00f3w maj\u0105 zazwyczaj takie funkcje, jak cofanie, automatyczne prze\u0142\u0105czanie i monitorowanie na wielu ekranach.<\/p>\n<h3>Jak wybra\u0107 niezawodnego producenta monitor\u00f3w?<\/h3>\n<p>Jak znale\u017a\u0107 producenta lub dostawc\u0119 wodoodpornych monitor\u00f3w zapasowych? Czy lepiej wsp\u00f3\u0142pracowa\u0107 z producentami w pobli\u017cu, czy za granic\u0105? Sk\u0105d mam wiedzie\u0107, czy producent jest legalny? Niezale\u017cnie od tego, czy planujesz wyprodukowa\u0107 co\u015b samodzielnie, czy znale\u017a\u0107 dostawc\u00f3w do zakupu od hurtownika, dobre produkty nie zawsze s\u0105 \u0142atwe do znalezienia. Poni\u017cej wymieniono kilka opcji.<\/p>\n<ol>\n<li><strong>Po pierwsze<\/strong>, W przypadku problem\u00f3w z poda\u017c\u0105 nale\u017cy wybiera\u0107 producent\u00f3w, kt\u00f3rzy s\u0105 w stanie zapewni\u0107 stabilne dostawy przez d\u0142ugi czas. Niekt\u00f3rzy producenci obni\u017caj\u0105 ceny w kr\u00f3tkim okresie czasu, poniewa\u017c chc\u0105 walczy\u0107 o prawo do dostaw, ale ich dostawy s\u0105 niestabilne. Producenci ze stabilnymi dostawami powinni by\u0107 traktowani priorytetowo.<\/li>\n<li><strong>Po drugie<\/strong>, Problem jako\u015bci. Je\u015bli dostawa towar\u00f3w jest gwarantowana, nale\u017cy oceni\u0107 jako\u015b\u0107 i korzysta\u0107 z producent\u00f3w o lepszej jako\u015bci. Na przyk\u0142ad, ten sam wodoodporny wy\u015bwietlacz, niekt\u00f3re s\u0105 wodoodporne IP68, niekt\u00f3re s\u0105 IP65, zalecamy wyb\u00f3r producenta o lepszej wodoodporno\u015bci.<\/li>\n<li><strong>Po trzecie<\/strong>, kwestia ceny. Por\u00f3wnaj ceny, gdy spe\u0142nione s\u0105 oba powy\u017csze warunki.<\/li>\n<\/ol>\n<p>Opr\u00f3cz r\u00f3\u017cnego rodzaju wodoodpornych monitor\u00f3w kopii zapasowych, Luview oferuje r\u00f3wnie\u017c rozwi\u0105zania wizualne, takie jak kamery samochodowe, kamery samochodowe itp. Zach\u0119camy do kontaktu z nami poprzez <a href=\"http:\/\/mailto:sales@luview.com\/\">sales@luview.com<\/a>\u00a0.<\/p>\n<\/div><\/section><\/div><\/p>","protected":false},"excerpt":{"rendered":"","protected":false},"author":1,"featured_media":0,"parent":640,"menu_order":0,"comment_status":"closed","ping_status":"closed","template":"","meta":{"_monsterinsights_skip_tracking":false,"_monsterinsights_sitenote_active":false,"_monsterinsights_sitenote_note":"","_monsterinsights_sitenote_category":0,"footnotes":""},"class_list":["post-663","page","type-page","status-publish","hentry"],"_links":{"self":[{"href":"https:\/\/luview.com\/pl\/wp-json\/wp\/v2\/pages\/663","targetHints":{"allow":["GET"]}}],"collection":[{"href":"https:\/\/luview.com\/pl\/wp-json\/wp\/v2\/pages"}],"about":[{"href":"https:\/\/luview.com\/pl\/wp-json\/wp\/v2\/types\/page"}],"author":[{"embeddable":true,"href":"https:\/\/luview.com\/pl\/wp-json\/wp\/v2\/users\/1"}],"replies":[{"embeddable":true,"href":"https:\/\/luview.com\/pl\/wp-json\/wp\/v2\/comments?post=663"}],"version-history":[{"count":3,"href":"https:\/\/luview.com\/pl\/wp-json\/wp\/v2\/pages\/663\/revisions"}],"predecessor-version":[{"id":44518,"href":"https:\/\/luview.com\/pl\/wp-json\/wp\/v2\/pages\/663\/revisions\/44518"}],"up":[{"embeddable":true,"href":"https:\/\/luview.com\/pl\/wp-json\/wp\/v2\/pages\/640"}],"wp:attachment":[{"href":"https:\/\/luview.com\/pl\/wp-json\/wp\/v2\/media?parent=663"}],"curies":[{"name":"wp","href":"https:\/\/api.w.org\/{rel}","templated":true}]}}