{"id":679,"date":"2022-05-24T04:57:45","date_gmt":"2022-05-24T04:57:45","guid":{"rendered":"https:\/\/luview.com\/?page_id=679"},"modified":"2026-03-10T02:58:15","modified_gmt":"2026-03-10T02:58:15","slug":"system-kamer-360-surround","status":"publish","type":"page","link":"https:\/\/luview.com\/pl\/products\/rear-view-system\/360-surround-camera-system\/","title":{"rendered":"System kamer 360 Surround"},"content":{"rendered":"<style type=\"text\/css\" data-created_by=\"avia_inline_auto\" id=\"style-css-av-l2y9d09l-dba2ddc1697532ae540078bc5bf8a8e6\">\n.avia-section.av-l2y9d09l-dba2ddc1697532ae540078bc5bf8a8e6{\nbackground-repeat:no-repeat;\nbackground-image:url(https:\/\/luview.com\/wp-content\/uploads\/2024\/11\/\u540e\u89c6.jpg);\nbackground-position:50% 50%;\nbackground-attachment:scroll;\n}\n.avia-section.av-l2y9d09l-dba2ddc1697532ae540078bc5bf8a8e6 .av-section-color-overlay{\nopacity:0.8;\nbackground-color:#222222;\n}\n<\/style>\n<div id='av_section_1'  class='avia-section av-l2y9d09l-dba2ddc1697532ae540078bc5bf8a8e6 main_color avia-section-default avia-no-border-styling  avia-builder-el-0  el_before_av_one_full  avia-builder-el-first  titlebarbox avia-full-stretch avia-bg-style-scroll av-section-color-overlay-active container_wrap sidebar_left'  data-section-bg-repeat='stretch'><div class=\"av-section-color-overlay-wrap\"><div class=\"av-section-color-overlay\"><\/div><div class='container av-section-cont-open' ><main  role=\"main\" itemprop=\"mainContentOfPage\"  class='template-page content  av-content-small units'><div class='post-entry post-entry-type-page post-entry-679'><div class='entry-content-wrapper clearfix'>\n\n<style type=\"text\/css\" data-created_by=\"avia_inline_auto\" id=\"style-css-av-ro2v-a87e36abb91cc5e18f3d0098b40720d3\">\n.flex_column.av-ro2v-a87e36abb91cc5e18f3d0098b40720d3{\npadding:10% 0 10% 0;\n}\n<\/style>\n<div class='flex_column av-ro2v-a87e36abb91cc5e18f3d0098b40720d3 av_one_full  avia-builder-el-1  avia-builder-el-no-sibling  first flex_column_div'   ><style type=\"text\/css\" data-created_by=\"avia_inline_auto\" id=\"style-css-av-l2y9au29-bf07c75c092d3a9f62676db415f615f7\">\n#top .av_textblock_section.av-l2y9au29-bf07c75c092d3a9f62676db415f615f7 .avia_textblock{\ncolor:#ffffff;\ntext-align:center;\n}\n<\/style>\n<section  class='av_textblock_section av-l2y9au29-bf07c75c092d3a9f62676db415f615f7'  itemscope=\"itemscope\" itemtype=\"https:\/\/schema.org\/CreativeWork\" ><div class='avia_textblock av_inherit_color'  itemprop=\"text\" ><h1>System kamer 360 Surround<\/h1>\n<\/div><\/section><br \/>\n<\/p><\/div>\n<\/div><\/div><\/main><!-- close content main element --><\/div><\/div><\/div><div id='after_section_1'  class='main_color av_default_container_wrap container_wrap sidebar_left'  ><div class='container av-section-cont-open' ><div class='template-page content  av-content-small units'><div class='post-entry post-entry-type-page post-entry-679'><div class='entry-content-wrapper clearfix'>\n<div class='flex_column av-6hmib-0f7b6fcf00f9273a80dfc45f533798fb av_one_full  avia-builder-el-4  el_after_av_section  el_before_av_one_full  avia-builder-el-first  first flex_column_div'   ><section  class='av_textblock_section av-l2y9squj-e76031f6dac70c55a963b220d7b8ed83'  itemscope=\"itemscope\" itemtype=\"https:\/\/schema.org\/CreativeWork\" ><div class='avia_textblock'  itemprop=\"text\" ><h3 style=\"font-weight: bold;\">Ca\u0142y system kamer 360 Surround<\/h3>\n<\/div><\/section><br \/>\n<section  class='av_textblock_section av-l2y9tm1e-80c30be322df05d44e75397a617f5c97'  itemscope=\"itemscope\" itemtype=\"https:\/\/schema.org\/CreativeWork\" ><div class='avia_textblock'  itemprop=\"text\" ><p>System kamer surround 360\u00b0 Luview mo\u017ce pokaza\u0107 kierowcy obraz 360\u00b0 warunk\u00f3w drogowych wok\u00f3\u0142 pojazdu za pomoc\u0105 4 kamer na zewn\u0105trz samochodu i pom\u00f3c kierowcy unikn\u0105\u0107 wypadk\u00f3w spowodowanych martwymi punktami na w\u0105skich odcinkach dr\u00f3g i podczas parkowania ty\u0142em. Luview jest profesjonalnym producentem i dostawc\u0105 kamer 360 stopni z Chin, zapraszamy do kontaktu z nami przez <a href=\"mailto:sales@luview.com\"><u>sales@luview.com<\/u><\/a>\u00a0w razie jakichkolwiek pyta\u0144.<\/p>\n<\/div><\/section><br \/>\n<div  class='avia-button-wrap avia-button-left  avia-builder-el-7  el_after_av_textblock  avia-builder-el-last' ><a href='https:\/\/luview.com\/pl\/contact\/'  class='avia-button av-l2y9umzk-d16bac7bf4e11df2896cb79984c1e31c avia-icon_select-no avia-size-large avia-position-left avia-color-theme-color' ><span class='avia_iconbox_title' >Zapytaj teraz<\/span><\/a><\/div><\/p><\/div>\n<div class='flex_column av-5hzen-23301fe4c356e81a47b358eb060165d1 av_one_full  avia-builder-el-8  el_after_av_one_full  el_before_av_one_full  first flex_column_div column-top-margin'   ><div  class='avia-product-slider-container av-l2y9wj0i-13495f0fae3907e4dfba74992f90dcda template-shop avia-content-slider avia-content-grid-active shop_columns_3  avia-builder-el-9  avia-builder-el-no-sibling  myproducts avia-content-slider-odd  avia-builder-el-9  avia-builder-el-no-sibling  myproducts avia-product-slider1'  data-autoplay=''  data-interval='5'  data-animation='fade'  data-hoverpause='1' ><div class='avia-content-slider-inner'><ul class=\"products\"><li class=\"product type-product post-25961 status-publish first instock product_cat-360-surround-view-system product_cat-hot-product has-post-thumbnail shipping-taxable product-type-simple\">\n\t<div class='inner_product main_color wrapped_style noLightbox  av-product-class-no_button'><a href=\"https:\/\/luview.com\/pl\/product\/jy-fv04-360-degree-panoramic-radar-surveillance-system-with-intelligent-ai-alert\/\" class=\"woocommerce-LoopProduct-link woocommerce-loop-product__link\"><div class='thumbnail_container'><img decoding=\"async\" width=\"600\" height=\"600\" data-src=\"https:\/\/luview.com\/wp-content\/uploads\/2024\/07\/8-1-600x600.jpg\" class=\"wp-image-25963 avia-img-lazy-loading-25963 attachment-woocommerce_thumbnail size-woocommerce_thumbnail wp-post-image lazyload\"  data-srcset=\"https:\/\/luview.com\/wp-content\/uploads\/2024\/07\/8-1-600x600.jpg 600w, https:\/\/luview.com\/wp-content\/uploads\/2024\/07\/8-1-100x100.jpg 100w, https:\/\/luview.com\/wp-content\/uploads\/2024\/07\/8-1-300x300.jpg 300w, https:\/\/luview.com\/wp-content\/uploads\/2024\/07\/8-1-80x80.jpg 80w, https:\/\/luview.com\/wp-content\/uploads\/2024\/07\/8-1-768x768.jpg 768w, https:\/\/luview.com\/wp-content\/uploads\/2024\/07\/8-1-36x36.jpg 36w, https:\/\/luview.com\/wp-content\/uploads\/2024\/07\/8-1-180x180.jpg 180w, https:\/\/luview.com\/wp-content\/uploads\/2024\/07\/8-1-430x430.jpg 430w, https:\/\/luview.com\/wp-content\/uploads\/2024\/07\/8-1-630x630.jpg 630w, https:\/\/luview.com\/wp-content\/uploads\/2024\/07\/8-1-705x705.jpg 705w, https:\/\/luview.com\/wp-content\/uploads\/2024\/07\/8-1-321x321.jpg 321w, https:\/\/luview.com\/wp-content\/uploads\/2024\/07\/8-1-120x120.jpg 120w, https:\/\/luview.com\/wp-content\/uploads\/2024\/07\/8-1-450x450.jpg 450w, https:\/\/luview.com\/wp-content\/uploads\/2024\/07\/8-1.jpg 800w\" data-sizes=\"(max-width: 600px) 100vw, 600px\" title=\"JY-FV04 System monitoringu radarowego z panoramicznym widokiem 360 stopni i inteligentnym systemem ostrzegania AI\" alt=\"JY-FV04 System monitoringu radarowego z panoramicznym widokiem 360 stopni i inteligentnym systemem ostrzegania AI\" src=\"data:image\/svg+xml;base64,PHN2ZyB3aWR0aD0iMSIgaGVpZ2h0PSIxIiB4bWxucz0iaHR0cDovL3d3dy53My5vcmcvMjAwMC9zdmciPjwvc3ZnPg==\" style=\"--smush-placeholder-width: 600px; --smush-placeholder-aspect-ratio: 600\/600;\" \/><span class='cart-loading'><\/span><\/div><div class='inner_product_header'><div class='avia-arrow'><\/div><div class='inner_product_header_table'><div class='inner_product_header_cell'><h2 class=\"woocommerce-loop-product__title\">JY-FV04 System monitoringu radarowego z panoramicznym widokiem 360 stopni i inteligentnym systemem ostrzegania AI<\/h2>\n<\/div><\/div><\/div><\/a><\/div><\/li>\n<li class=\"product type-product post-1278 status-publish instock product_cat-360-surround-view-system has-post-thumbnail shipping-taxable product-type-simple\">\n\t<div class='inner_product main_color wrapped_style noLightbox  av-product-class-no_button'><a href=\"https:\/\/luview.com\/pl\/product\/jy-bv360-360-degree-panoramic-image-surround-view-backup-camera-system\/\" class=\"woocommerce-LoopProduct-link woocommerce-loop-product__link\"><div class='thumbnail_container'><img decoding=\"async\" width=\"600\" height=\"600\" data-src=\"https:\/\/luview.com\/wp-content\/uploads\/2022\/06\/8-600x600.jpg\" class=\"wp-image-25975 avia-img-lazy-loading-25975 attachment-woocommerce_thumbnail size-woocommerce_thumbnail wp-post-image lazyload\"  data-srcset=\"https:\/\/luview.com\/wp-content\/uploads\/2022\/06\/8-600x600.jpg 600w, https:\/\/luview.com\/wp-content\/uploads\/2022\/06\/8-100x100.jpg 100w, https:\/\/luview.com\/wp-content\/uploads\/2022\/06\/8-300x300.jpg 300w, https:\/\/luview.com\/wp-content\/uploads\/2022\/06\/8-80x80.jpg 80w, https:\/\/luview.com\/wp-content\/uploads\/2022\/06\/8-768x768.jpg 768w, https:\/\/luview.com\/wp-content\/uploads\/2022\/06\/8-36x36.jpg 36w, https:\/\/luview.com\/wp-content\/uploads\/2022\/06\/8-180x180.jpg 180w, https:\/\/luview.com\/wp-content\/uploads\/2022\/06\/8-430x430.jpg 430w, https:\/\/luview.com\/wp-content\/uploads\/2022\/06\/8-630x630.jpg 630w, https:\/\/luview.com\/wp-content\/uploads\/2022\/06\/8-705x705.jpg 705w, https:\/\/luview.com\/wp-content\/uploads\/2022\/06\/8-321x321.jpg 321w, https:\/\/luview.com\/wp-content\/uploads\/2022\/06\/8-120x120.jpg 120w, https:\/\/luview.com\/wp-content\/uploads\/2022\/06\/8-450x450.jpg 450w, https:\/\/luview.com\/wp-content\/uploads\/2022\/06\/8.jpg 800w\" data-sizes=\"(max-width: 600px) 100vw, 600px\" title=\"JY-BV360 System kamer cofania z panoramicznym widokiem 360 stopni\" alt=\"JY-BV360 System kamer cofania z panoramicznym widokiem 360 stopni\" src=\"data:image\/svg+xml;base64,PHN2ZyB3aWR0aD0iMSIgaGVpZ2h0PSIxIiB4bWxucz0iaHR0cDovL3d3dy53My5vcmcvMjAwMC9zdmciPjwvc3ZnPg==\" style=\"--smush-placeholder-width: 600px; --smush-placeholder-aspect-ratio: 600\/600;\" \/><span class='cart-loading'><\/span><\/div><div class='inner_product_header'><div class='avia-arrow'><\/div><div class='inner_product_header_table'><div class='inner_product_header_cell'><h2 class=\"woocommerce-loop-product__title\">JY-BV360 System kamer cofania z panoramicznym obrazem 360 stopni<\/h2>\n<\/div><\/div><\/div><\/a><\/div><\/li>\n<\/ul><\/div><\/div><div class=\"clear\"><\/div><\/div><div class='flex_column av-4ubxv-213bc428d71aa730c5a18fbc0d9954c9 av_one_full  avia-builder-el-0  el_before_av_three_fourth  avia-builder-el-first  first flex_column_div'   ><section  class='av_textblock_section av-4bhe3-b5d2024edd0490f6b2ae124c64cf457e'  itemscope=\"itemscope\" itemtype=\"https:\/\/schema.org\/CreativeWork\" ><div class='avia_textblock'  itemprop=\"text\" ><h3>Co to jest system kamer 360 surround?<\/h3>\n<p>Czym jest system kamer 360 stopni? Jak sama nazwa wskazuje, system 360 stopni wykorzystuje cztery kamery - kamer\u0119 pod ka\u017cdym lusterkiem bocznym, jedn\u0105 za lusterkiem wstecznym i kamer\u0119 cofania. Razem kamery te zapewniaj\u0105 wirtualny widok 360 stopni pojazdu. Kamery te mog\u0105 pom\u00f3c wykry\u0107 wszelkie zagro\u017cenia, kt\u00f3re mog\u0105 by\u0107 ukryte za innymi samochodami. System ten ma wiele zalet.<\/p>\n<p>Technologia stoj\u0105ca za systemem kamer 360 stopni obejmuje cztery kamery: kamer\u0119 cofania, kt\u00f3ra jest wymagana przez przepisy rz\u0105dowe, kamer\u0119 boczn\u0105 zamontowan\u0105 w zewn\u0119trznych lusterkach wstecznych oraz kamer\u0119 przedni\u0105. Te cztery kamery s\u0105 nast\u0119pnie \u0142\u0105czone za pomoc\u0105 oprogramowania. W wi\u0119kszo\u015bci przypadk\u00f3w obrazy s\u0105 wy\u015bwietlane na jednym ekranie, kt\u00f3ry zwykle jest systemem informacyjno-rozrywkowym.<\/p>\n<p>Pochodz\u0105ce z rynku wt\u00f3rnego systemy kamer 360 stopni mo\u017cna zainstalowa\u0107 we wn\u0119trzu samochodu, dzi\u0119ki czemu instalacja jest \u0142atwiejsza i ta\u0144sza. Chocia\u017c wiele nowszych pojazd\u00f3w jest wyposa\u017conych w t\u0119 technologi\u0119, systemy z rynku wt\u00f3rnego mo\u017cna dodawa\u0107 do samochod\u00f3w bez systemu widoku przestrzennego 360 stopni. Po zainstalowaniu, system kamer 360 stopni mo\u017ce dzia\u0142a\u0107 jak standardowy samochodowy rejestrator DVR. Kamery s\u0105 sterowane przez czujnik wstrz\u0105s\u00f3w, kt\u00f3ry wyzwala nagrywanie.<\/p>\n<h3>Zalety systemu kamer 360 surround<\/h3>\n<p>Jedn\u0105 z najwi\u0119kszych zalet systemu kamer 360 surround jest jego zdolno\u015b\u0107 do pomagania kierowcom w unikaniu martwych punkt\u00f3w. Zapewniaj\u0105c 360-stopniowy widok samochodu, kierowcy mog\u0105 \u0142atwo unikn\u0105\u0107 martwych punkt\u00f3w i poprawi\u0107 wydajno\u015b\u0107 jazdy.<\/p>\n<p>Dodatkowo zmniejszaj\u0105 obci\u0105\u017cenie kierowcy. Eliminuj\u0105c martwe pole widzenia, systemy te s\u0105 r\u00f3wnie\u017c przydatne podczas parkowania r\u00f3wnoleg\u0142ego i wje\u017cd\u017cania w ciasne miejsca parkingowe. Pomagaj\u0105 widzie\u0107 ca\u0142\u0105 drog\u0119 przed sob\u0105 bez blokowania widoku w lusterku wstecznym.<\/p>\n<h3>Ile kosztuje system kamer 360 surround?<\/h3>\n<p>Ile kosztuje system kamer surround 360 stopni? Koszt fabrycznie zainstalowanego systemu jest zbli\u017cony do $3,000, ale s\u0105 pewne wyj\u0105tki. Systemy z rynku wt\u00f3rnego nie s\u0105 tak dobre, jak te instalowane fabrycznie. Systemy fabryczne korzystaj\u0105 z in\u017cynier\u00f3w dostosowuj\u0105cych kamery do konkretnego modelu, podczas gdy systemy nieoryginalne nie mog\u0105 by\u0107 dostosowane do konkretnego samochodu. Wi\u0119kszo\u015b\u0107 zestaw\u00f3w na rynku wt\u00f3rnym zawiera cztery kamery i niezb\u0119dne kable. Mog\u0105 by\u0107 r\u00f3wnie\u017c dostarczane z wy\u015bwietlaczem i pilotem zdalnego sterowania. Ceny wahaj\u0105 si\u0119 od $200 do $900, ale instalacja przez firm\u0119 zewn\u0119trzn\u0105 mo\u017ce doda\u0107 kolejne $300 lub $500.<\/p>\n<h3>Jak zainstalowa\u0107 system kamer 360 surround<\/h3>\n<p>Je\u015bli chcesz doda\u0107 system kamer 360 surround do swojego samochodu, musisz wiedzie\u0107, jak zainstalowa\u0107 urz\u0105dzenie. W rzeczywisto\u015bci jest to bardzo \u0142atwy proces, o ile masz podstawow\u0105 wiedz\u0119 na temat system\u00f3w samochodowych.<\/p>\n<p>Pierwszym krokiem jest demonta\u017c lusterek bocznych. Przed zainstalowaniem systemu kamer nale\u017cy je od\u0142\u0105czy\u0107.<\/p>\n<p>Nast\u0119pnie zainstaluj gumowy pier\u015bcie\u0144 do monta\u017cu kamer. Mo\u017cesz kupi\u0107 p\u0142aski pier\u015bcie\u0144 lub taki z 15-stopniowym nachyleniem.<\/p>\n<p>Nast\u0119pnie system wykorzystuje oprogramowanie do interpretacji obrazu z ka\u017cdej kamery i \u0142\u0105czenia ich w celu utworzenia obrazu na ekranie systemu informacyjno-rozrywkowego samochodu.<\/p>\n<h3>Najlepszy producent kamer 360 surround<\/h3>\n<p>System Luview 360 surround mo\u017ce by\u0107 u\u017cywany w kamperach, autobusach szkolnych, autobusach, ci\u0119\u017car\u00f3wkach i innych pojazdach, aby pom\u00f3c kierowcom \u0142atwo sprawdzi\u0107 otoczenie pojazdu. Mo\u017ce prze\u0142\u0105cza\u0107 si\u0119 mi\u0119dzy r\u00f3\u017cnymi k\u0105tami widzenia w zale\u017cno\u015bci od potrzeb u\u017cytkowania i wy\u015bwietla\u0107 obrazy po obu stronach pojazdu w tym samym czasie. Wizualne martwe punkty z przodu, z ty\u0142u, z lewej i z prawej strony pojazdu s\u0105 widoczne na pierwszy rzut oka, skutecznie eliminuj\u0105c ukryte zagro\u017cenia bezpiecze\u0144stwa podczas uruchamiania pojazdu.<\/p>\n<p>System realizuje przetwarzanie \u0142\u0105czenia i syntezy w czasie rzeczywistym, instaluj\u0105c 4 kamery typu rybie oko w poje\u017adzie i wykorzystuj\u0105c algorytmy oprogramowania do realizacji efekt\u00f3w wizualnych pojazdu i tr\u00f3jwymiarowych panoramicznych obraz\u00f3w surround. Skutecznie poprawia bezpiecze\u0144stwo i wygod\u0119 jazdy na r\u00f3\u017cnych parkingach i w\u0105skich pasach ruchu.<\/p>\n<p>Luview is one of the first companies to apply 360\u00b0 surround view camera system\u00a0to vehicles. Since its establishment, it has adhered to independent research and development and technological innovation, and has established a research and development center in the field of 360 panoramic and ADAS systems. It has a team of more than 30 people with high quality.\u00a0After years of development and accumulation, the R\u00a0&amp;\u00a0D team has applied for more than 30 patents and software copyrights, and the cumulative sales of 360 surround viewing systems\u00a0have exceeded 500,000 units.\u00a0If you want to improve driving safety and purchase 360 monitoring systems in bulk, please contact us\u00a0by <a href=\"mailto:sales@luview.com\"><u>sales@luview.com<\/u><\/a>\u00a0.<\/p>\n<\/div><\/section><\/div><\/p>","protected":false},"excerpt":{"rendered":"","protected":false},"author":1,"featured_media":0,"parent":689,"menu_order":0,"comment_status":"closed","ping_status":"closed","template":"","meta":{"_monsterinsights_skip_tracking":false,"_monsterinsights_sitenote_active":false,"_monsterinsights_sitenote_note":"","_monsterinsights_sitenote_category":0,"footnotes":""},"class_list":["post-679","page","type-page","status-publish","hentry"],"_links":{"self":[{"href":"https:\/\/luview.com\/pl\/wp-json\/wp\/v2\/pages\/679","targetHints":{"allow":["GET"]}}],"collection":[{"href":"https:\/\/luview.com\/pl\/wp-json\/wp\/v2\/pages"}],"about":[{"href":"https:\/\/luview.com\/pl\/wp-json\/wp\/v2\/types\/page"}],"author":[{"embeddable":true,"href":"https:\/\/luview.com\/pl\/wp-json\/wp\/v2\/users\/1"}],"replies":[{"embeddable":true,"href":"https:\/\/luview.com\/pl\/wp-json\/wp\/v2\/comments?post=679"}],"version-history":[{"count":2,"href":"https:\/\/luview.com\/pl\/wp-json\/wp\/v2\/pages\/679\/revisions"}],"predecessor-version":[{"id":44540,"href":"https:\/\/luview.com\/pl\/wp-json\/wp\/v2\/pages\/679\/revisions\/44540"}],"up":[{"embeddable":true,"href":"https:\/\/luview.com\/pl\/wp-json\/wp\/v2\/pages\/689"}],"wp:attachment":[{"href":"https:\/\/luview.com\/pl\/wp-json\/wp\/v2\/media?parent=679"}],"curies":[{"name":"wp","href":"https:\/\/api.w.org\/{rel}","templated":true}]}}