{"id":152,"date":"2022-05-05T03:44:05","date_gmt":"2022-05-05T03:44:05","guid":{"rendered":"https:\/\/luview.com\/?page_id=152"},"modified":"2025-11-26T06:46:57","modified_gmt":"2025-11-26T06:46:57","slug":"sobre-nos","status":"publish","type":"page","link":"https:\/\/luview.com\/pt\/about-us\/","title":{"rendered":"Sobre n\u00f3s"},"content":{"rendered":"<style type=\"text\/css\" data-created_by=\"avia_inline_auto\" id=\"style-css-av-18z5gw-eb31f3fad6e168ed721b1dc613a163ac\">\n.avia-section.av-18z5gw-eb31f3fad6e168ed721b1dc613a163ac{\nbackground-repeat:no-repeat;\nbackground-image:url(https:\/\/luview.com\/wp-content\/uploads\/2023\/12\/con-us-2.jpg);\nbackground-position:0% 0%;\nbackground-attachment:scroll;\n}\n.avia-section.av-18z5gw-eb31f3fad6e168ed721b1dc613a163ac .av-section-color-overlay{\nopacity:0.8;\nbackground-color:#222222;\n}\n<\/style>\n<div id='av_section_1'  class='avia-section av-18z5gw-eb31f3fad6e168ed721b1dc613a163ac main_color avia-section-default avia-no-border-styling  avia-builder-el-0  el_before_av_one_full  avia-builder-el-first  titlebarbox avia-bg-style-scroll av-section-color-overlay-active container_wrap sidebar_left'  data-section-bg-repeat='no-repeat'><div class=\"av-section-color-overlay-wrap\"><div class=\"av-section-color-overlay\"><\/div><div class='container av-section-cont-open' ><main  role=\"main\" itemprop=\"mainContentOfPage\"  class='template-page content  av-content-small units'><div class='post-entry post-entry-type-page post-entry-152'><div class='entry-content-wrapper clearfix'>\n\n<style type=\"text\/css\" data-created_by=\"avia_inline_auto\" id=\"style-css-av-1521zs-f76749d04838b68ec1c420eb2583ac0b\">\n.flex_column.av-1521zs-f76749d04838b68ec1c420eb2583ac0b{\npadding:10% 0 10% 0;\n}\n<\/style>\n<div class='flex_column av-1521zs-f76749d04838b68ec1c420eb2583ac0b av_one_full  avia-builder-el-1  avia-builder-el-no-sibling  first flex_column_div'   ><style type=\"text\/css\" data-created_by=\"avia_inline_auto\" id=\"style-css-av-l2sgt1ph-700bbb6893565c08fc2e803faf810ebc\">\n#top .av_textblock_section.av-l2sgt1ph-700bbb6893565c08fc2e803faf810ebc .avia_textblock{\ncolor:#ffffff;\ntext-align:center;\n}\n<\/style>\n<section  class='av_textblock_section av-l2sgt1ph-700bbb6893565c08fc2e803faf810ebc'  itemscope=\"itemscope\" itemtype=\"https:\/\/schema.org\/CreativeWork\" ><div class='avia_textblock av_inherit_color'  itemprop=\"text\" ><h1>Introdu\u00e7\u00e3o<\/h1>\n<\/div><\/section><br \/>\n\n<style type=\"text\/css\" data-created_by=\"avia_inline_auto\" id=\"style-css-av-l2sgtr0i-7d783ce11f71ad1d611d63fd2462a3f3\">\n#top .av_textblock_section.av-l2sgtr0i-7d783ce11f71ad1d611d63fd2462a3f3 .avia_textblock{\ncolor:#ffffff;\ntext-align:center;\n}\n<\/style>\n<section  class='av_textblock_section av-l2sgtr0i-7d783ce11f71ad1d611d63fd2462a3f3'  itemscope=\"itemscope\" itemtype=\"https:\/\/schema.org\/CreativeWork\" ><div class='avia_textblock av_inherit_color'  itemprop=\"text\" ><h3 style=\"margin-bottom: 20px;\">Fabricante profissional de eletr\u00f3nica de seguran\u00e7a para ve\u00edculos<\/h3>\n<\/div><\/section><br \/>\n<\/p><\/div>\n<\/div><\/div><\/main><!-- close content main element --><\/div><\/div><\/div><div id='after_section_1'  class='main_color av_default_container_wrap container_wrap sidebar_left'  ><div class='container av-section-cont-open' ><div class='template-page content  av-content-small units'><div class='post-entry post-entry-type-page post-entry-152'><div class='entry-content-wrapper clearfix'>\n<div class='flex_column av-2sqns-341806a2eab79928a2ec385a2e6e734f av_one_full  avia-builder-el-5  el_after_av_section  avia-builder-el-no-sibling  first flex_column_div'   ><section  class='av_textblock_section av-l0y48-a4ac6d8bdc78c59d2e7b425b71c91999'  itemscope=\"itemscope\" itemtype=\"https:\/\/schema.org\/CreativeWork\" ><div class='avia_textblock'  itemprop=\"text\" ><p style=\"text-align: justify; text-justify: inter-ideograph;\">Luview Co., Ltd. foi fundada em 2006. \u00c9 uma empresa de alta tecnologia que integra P&amp;D, produ\u00e7\u00e3o e vendas. A f\u00e1brica cobre uma \u00e1rea de mais de 9000 metros quadrados e tem mais de 200 funcion\u00e1rios. Concentrando-se no campo da eletr\u00f3nica autom\u00f3vel, os principais produtos s\u00e3o: c\u00e2mara de carro, monitor de carro, gravador de v\u00eddeo de carro MDVR, sistema de retrovisor de carro, sistema de dete\u00e7\u00e3o de radar, espelho retrovisor eletr\u00f3nico, gravador de condu\u00e7\u00e3o, sistema de vis\u00e3o de 360 p\u00e1ssaros, sensor de vis\u00e3o de imagem, m\u00f3dulo de c\u00e2mara, sistema de assist\u00eancia de condu\u00e7\u00e3o aut\u00f3noma, ADAS, DMS, BSD, etc.<\/p>\n<p style=\"text-align: justify; text-justify: inter-ideograph;\">A empresa obteve a certifica\u00e7\u00e3o nacional de empresa de alta tecnologia e foi aprovada na IATF 16949<!-- -->:2016<!-- --> certifica\u00e7\u00e3o, certifica\u00e7\u00e3o ISO9001:2015, certifica\u00e7\u00e3o BSCI e tem patentes de inven\u00e7\u00e3o de produtos, patentes de modelo de utilidade, patentes de apar\u00eancia, direitos de autor de software e outras patentes; os produtos passaram a certifica\u00e7\u00e3o CE, FCC, EMARK, DOT, SAE, bem como \u00e0 prova de \u00e1gua, \u00e0 prova de choque, n\u00e9voa salina, alta e baixa temperatura e outros testes, para fornecer aos clientes globais tecnologia de ponta, servi\u00e7os profissionais OEM e ODM de alta qualidade.<\/p>\n<\/div><\/section><br \/>\n\n<style type=\"text\/css\" data-created_by=\"avia_inline_auto\" id=\"style-css-av-ha3y8-65b3b593e59cc27dbd0e63dac904fccf\">\n#top .hr.hr-invisible.av-ha3y8-65b3b593e59cc27dbd0e63dac904fccf{\nheight:20px;\n}\n<\/style>\n<div  class='hr av-ha3y8-65b3b593e59cc27dbd0e63dac904fccf hr-invisible  avia-builder-el-7  el_after_av_textblock  el_before_av_video'><span class='hr-inner'><span class=\"hr-inner-style\"><\/span><\/span><\/div><br \/>\n<div  class='avia-video av-l2sgxvem-11bfc0edf99e967076bd593bf867b5b2 avia-video-16-9 av-no-preview-image avia-video-load-always av-lazyload-immediate av-lazyload-video-embed'  itemprop=\"video\" itemtype=\"https:\/\/schema.org\/VideoObject\"  data-original_url='https:\/\/youtu.be\/NOzJOntZuYk'><script type='text\/html' class='av-video-tmpl'><div class='avia-iframe-wrap'><iframe title=\"Luview Profile: Your Professional Rearview Vision System Manufacturer &amp; Solution Expert\" width=\"1500\" height=\"844\" data-src=\"https:\/\/www.youtube.com\/embed\/NOzJOntZuYk?feature=oembed&autoplay=0&loop=0&controls=1&mute=0\" frameborder=\"0\" allow=\"accelerometer; autoplay; clipboard-write; encrypted-media; gyroscope; picture-in-picture; web-share\" referrerpolicy=\"strict-origin-when-cross-origin\" allowfullscreen src=\"data:image\/svg+xml;base64,PHN2ZyB3aWR0aD0iMSIgaGVpZ2h0PSIxIiB4bWxucz0iaHR0cDovL3d3dy53My5vcmcvMjAwMC9zdmciPjwvc3ZnPg==\" class=\"lazyload\" data-load-mode=\"1\"><\/iframe><\/div><\/script><div class='av-click-to-play-overlay'><div class=\"avia_playpause_icon\"><\/div><\/div><\/div><br \/>\n\n<style type=\"text\/css\" data-created_by=\"avia_inline_auto\" id=\"style-css-av-1239c-0448895aeb8b19ef5d3855c12257dac2\">\n#top .hr.hr-invisible.av-1239c-0448895aeb8b19ef5d3855c12257dac2{\nheight:20px;\n}\n<\/style>\n<div  class='hr av-1239c-0448895aeb8b19ef5d3855c12257dac2 hr-invisible  avia-builder-el-9  el_after_av_video  el_before_av_textblock'><span class='hr-inner'><span class=\"hr-inner-style\"><\/span><\/span><\/div><br \/>\n<section  class='av_textblock_section av-l2sgwdyj-9fa154f9d4595c816b48c5ef92850446'  itemscope=\"itemscope\" itemtype=\"https:\/\/schema.org\/CreativeWork\" ><div class='avia_textblock'  itemprop=\"text\" ><h3 style=\"font-weight: bold; font-size: 2em; text-align: center;\">Mercado global da LUVIEW<\/h3>\n<\/div><\/section><br \/>\n\n<style type=\"text\/css\" data-created_by=\"avia_inline_auto\" id=\"style-css-av-l2sgydfi-f114b604842833327c13a9748bf32f7e\">\n#top .hr.hr-invisible.av-l2sgydfi-f114b604842833327c13a9748bf32f7e{\nheight:20px;\n}\n<\/style>\n<div  class='hr av-l2sgydfi-f114b604842833327c13a9748bf32f7e hr-invisible  avia-builder-el-11  el_after_av_textblock  el_before_av_image'><span class='hr-inner'><span class=\"hr-inner-style\"><\/span><\/span><\/div><br \/>\n\n<style type=\"text\/css\" data-created_by=\"avia_inline_auto\" id=\"style-css-av-l2sgzp8u-13f9b826f8d3e13300d04a8874dba21a\">\n.avia-image-container.av-l2sgzp8u-13f9b826f8d3e13300d04a8874dba21a .av-image-caption-overlay-center{\ncolor:#ffffff;\n}\n<\/style>\n<div  class='avia-image-container av-l2sgzp8u-13f9b826f8d3e13300d04a8874dba21a av-styling- avia-align-center  avia-builder-el-12  el_after_av_hr  avia-builder-el-last'  itemprop=\"image\" itemscope=\"itemscope\" itemtype=\"https:\/\/schema.org\/ImageObject\" ><div class=\"avia-image-container-inner\"><div class=\"avia-image-overlay-wrap\"><img decoding=\"async\" class='wp-image-43247 avia-img-lazy-loading-not-43247 avia_image lazyload' data-src=\"https:\/\/luview.com\/wp-content\/uploads\/2025\/11\/LUVIEWs-Global-Market-10.png\"    height=\"869\" width=\"1747\"  itemprop=\"thumbnailUrl\" data-srcset=\"https:\/\/luview.com\/wp-content\/uploads\/2025\/11\/LUVIEWs-Global-Market-10.png 1747w, https:\/\/luview.com\/wp-content\/uploads\/2025\/11\/LUVIEWs-Global-Market-10-300x149.png 300w, https:\/\/luview.com\/wp-content\/uploads\/2025\/11\/LUVIEWs-Global-Market-10-1030x512.png 1030w, https:\/\/luview.com\/wp-content\/uploads\/2025\/11\/LUVIEWs-Global-Market-10-768x382.png 768w, https:\/\/luview.com\/wp-content\/uploads\/2025\/11\/LUVIEWs-Global-Market-10-1536x764.png 1536w, https:\/\/luview.com\/wp-content\/uploads\/2025\/11\/LUVIEWs-Global-Market-10-18x9.png 18w, https:\/\/luview.com\/wp-content\/uploads\/2025\/11\/LUVIEWs-Global-Market-10-864x430.png 864w, https:\/\/luview.com\/wp-content\/uploads\/2025\/11\/LUVIEWs-Global-Market-10-1267x630.png 1267w, https:\/\/luview.com\/wp-content\/uploads\/2025\/11\/LUVIEWs-Global-Market-10-1500x746.png 1500w, https:\/\/luview.com\/wp-content\/uploads\/2025\/11\/LUVIEWs-Global-Market-10-705x351.png 705w, https:\/\/luview.com\/wp-content\/uploads\/2025\/11\/LUVIEWs-Global-Market-10-645x321.png 645w, https:\/\/luview.com\/wp-content\/uploads\/2025\/11\/LUVIEWs-Global-Market-10-450x224.png 450w, https:\/\/luview.com\/wp-content\/uploads\/2025\/11\/LUVIEWs-Global-Market-10-800x398.png 800w\" data-sizes=\"(max-width: 1747px) 100vw, 1747px\" title=\"About Us\u63d2\u56fe\" alt=\"About Us\u63d2\u56fe\" src=\"data:image\/svg+xml;base64,PHN2ZyB3aWR0aD0iMSIgaGVpZ2h0PSIxIiB4bWxucz0iaHR0cDovL3d3dy53My5vcmcvMjAwMC9zdmciPjwvc3ZnPg==\" style=\"--smush-placeholder-width: 1747px; --smush-placeholder-aspect-ratio: 1747\/869;\" \/><\/div><\/div><\/div><\/p><\/div>","protected":false},"excerpt":{"rendered":"","protected":false},"author":1,"featured_media":0,"parent":0,"menu_order":0,"comment_status":"closed","ping_status":"closed","template":"","meta":{"_monsterinsights_skip_tracking":false,"_monsterinsights_sitenote_active":false,"_monsterinsights_sitenote_note":"","_monsterinsights_sitenote_category":0,"footnotes":""},"class_list":["post-152","page","type-page","status-publish","hentry"],"_links":{"self":[{"href":"https:\/\/luview.com\/pt\/wp-json\/wp\/v2\/pages\/152","targetHints":{"allow":["GET"]}}],"collection":[{"href":"https:\/\/luview.com\/pt\/wp-json\/wp\/v2\/pages"}],"about":[{"href":"https:\/\/luview.com\/pt\/wp-json\/wp\/v2\/types\/page"}],"author":[{"embeddable":true,"href":"https:\/\/luview.com\/pt\/wp-json\/wp\/v2\/users\/1"}],"replies":[{"embeddable":true,"href":"https:\/\/luview.com\/pt\/wp-json\/wp\/v2\/comments?post=152"}],"version-history":[{"count":5,"href":"https:\/\/luview.com\/pt\/wp-json\/wp\/v2\/pages\/152\/revisions"}],"predecessor-version":[{"id":43773,"href":"https:\/\/luview.com\/pt\/wp-json\/wp\/v2\/pages\/152\/revisions\/43773"}],"wp:attachment":[{"href":"https:\/\/luview.com\/pt\/wp-json\/wp\/v2\/media?parent=152"}],"curies":[{"name":"wp","href":"https:\/\/api.w.org\/{rel}","templated":true}]}}