{"id":23272,"date":"2022-07-11T10:49:17","date_gmt":"2022-07-11T10:49:17","guid":{"rendered":"https:\/\/luview.com\/?page_id=23272"},"modified":"2025-08-07T09:13:39","modified_gmt":"2025-08-07T09:13:39","slug":"autocarros","status":"publish","type":"page","link":"https:\/\/luview.com\/pt\/solutions\/buses\/","title":{"rendered":"Autocarros"},"content":{"rendered":"<style type=\"text\/css\" data-created_by=\"avia_inline_auto\" id=\"style-css-av-l2mxefv0-35bb32fcfe7f503a8ac259e0986fd26a\">\n.avia-section.av-l2mxefv0-35bb32fcfe7f503a8ac259e0986fd26a{\nbackground-repeat:no-repeat;\nbackground-image:url(https:\/\/luview.com\/wp-content\/uploads\/2022\/05\/solution-head.jpg);\nbackground-position:50% 50%;\nbackground-attachment:scroll;\n}\n.avia-section.av-l2mxefv0-35bb32fcfe7f503a8ac259e0986fd26a .av-section-color-overlay{\nopacity:0.8;\nbackground-color:#222222;\n}\n<\/style>\n<div id='av_section_1'  class='avia-section av-l2mxefv0-35bb32fcfe7f503a8ac259e0986fd26a main_color avia-section-default avia-no-border-styling  avia-builder-el-0  el_before_av_one_full  avia-builder-el-first  titlebarbox avia-bg-style-scroll av-section-color-overlay-active container_wrap sidebar_left'  data-section-bg-repeat='no-repeat'><div class=\"av-section-color-overlay-wrap\"><div class=\"av-section-color-overlay\"><\/div><div class='container av-section-cont-open' ><main  role=\"main\" itemprop=\"mainContentOfPage\"  class='template-page content  av-content-small units'><div class='post-entry post-entry-type-page post-entry-23272'><div class='entry-content-wrapper clearfix'>\n\n<style type=\"text\/css\" data-created_by=\"avia_inline_auto\" id=\"style-css-av-l2mxr7wy-b4eaf1ebf22700ba8c0e3ddaf64fafea\">\n.flex_column.av-l2mxr7wy-b4eaf1ebf22700ba8c0e3ddaf64fafea{\npadding:10% 0 10% 0;\n}\n<\/style>\n<div class='flex_column av-l2mxr7wy-b4eaf1ebf22700ba8c0e3ddaf64fafea av_one_full  avia-builder-el-1  avia-builder-el-no-sibling  first flex_column_div'   ><style type=\"text\/css\" data-created_by=\"avia_inline_auto\" id=\"style-css-av-l2mxewun-812b60f9f631bff3f3cece738bb226b9\">\n#top .av_textblock_section.av-l2mxewun-812b60f9f631bff3f3cece738bb226b9 .avia_textblock{\ncolor:#ffffff;\ntext-align:center;\n}\n<\/style>\n<section  class='av_textblock_section av-l2mxewun-812b60f9f631bff3f3cece738bb226b9'  itemscope=\"itemscope\" itemtype=\"https:\/\/schema.org\/CreativeWork\" ><div class='avia_textblock av_inherit_color'  itemprop=\"text\" ><h1>Solu\u00e7\u00f5es para autocarros<\/h1>\n<\/div><\/section><br \/>\n<\/p><\/div>\n<\/div><\/div><\/main><!-- close content main element --><\/div><\/div><\/div><div id='after_section_1'  class='main_color av_default_container_wrap container_wrap sidebar_left'  ><div class='container av-section-cont-open' ><div class='template-page content  av-content-small units'><div class='post-entry post-entry-type-page post-entry-23272'><div class='entry-content-wrapper clearfix'>\n<div class='flex_column av-zn923-2998580518e3833d33293177f79d69a5 av_one_full  avia-builder-el-4  el_after_av_section  el_before_av_one_third  avia-builder-el-first  first flex_column_div'   ><section  class='av_textblock_section av-l2vl9sc8-321202df39fd446ec8d30e8813d0d1d6'  itemscope=\"itemscope\" itemtype=\"https:\/\/schema.org\/CreativeWork\" ><div class='avia_textblock'  itemprop=\"text\" ><h3>Bus Backup Camera System &amp; Solution<\/h3>\n<\/div><\/section><br \/>\n<section  class='av_textblock_section av-l2vla2no-02a9d235c6ee455249ee410d4d085d73'  itemscope=\"itemscope\" itemtype=\"https:\/\/schema.org\/CreativeWork\" ><div class='avia_textblock'  itemprop=\"text\" ><p>Quer necessite de uma nova c\u00e2mara de vigil\u00e2ncia para autocarros escolares ou de melhorar a seguran\u00e7a da sua frota, pode encontrar a solu\u00e7\u00e3o certa para as suas necessidades na Luview.<\/p>\n<p>Shenzhen Luview Co., Ltd. foi fundada em 2006, que tem mais de 18 anos de experi\u00eancia na ind\u00fastria de monitoriza\u00e7\u00e3o de ve\u00edculos. Voc\u00ea pode obter v\u00e1rios produtos de c\u00e2mera de \u00f4nibus com um bom pre\u00e7o de n\u00f3s por e-mail em : <a href=\"mailto:sales@luview.com\"><u>sales@luview.com<\/u><\/a>\u00a0.<\/p>\n<\/div><\/section><\/p><\/div>\n<div class='flex_column av-2ps3aj-3e87c5f96607d28e3a55d1356f20c5cd av_one_third  avia-builder-el-7  el_after_av_one_full  el_before_av_one_third  first flex_column_div column-top-margin'   ><p>\n<style type=\"text\/css\" data-created_by=\"avia_inline_auto\" id=\"style-css-av-l2vl5f5x-c00ffa9b4d75974962cc409903ae049e\">\n.avia-image-container.av-l2vl5f5x-c00ffa9b4d75974962cc409903ae049e .av-image-caption-overlay-center{\ncolor:#ffffff;\n}\n<\/style>\n<div  class='avia-image-container av-l2vl5f5x-c00ffa9b4d75974962cc409903ae049e av-styling- avia-align-center  avia-builder-el-8  el_before_av_textblock  avia-builder-el-first'  itemprop=\"image\" itemscope=\"itemscope\" itemtype=\"https:\/\/schema.org\/ImageObject\" ><div class=\"avia-image-container-inner\"><div class=\"avia-image-overlay-wrap\"><a href=\"https:\/\/luview.com\/pt\/solutions\/buses\/school-bus-camera-solution\/\" class='avia_image' ><img decoding=\"async\" class='wp-image-23303 avia-img-lazy-loading-not-23303 avia_image lazyload' data-src=\"https:\/\/luview.com\/wp-content\/uploads\/2022\/07\/SCHOOL-BUS-CAMERA-SOLUTION.jpg\" alt='SOLU\u00c7\u00c3O DE C\u00c2MARA PARA AUTOCARROS ESCOLARES' title='SOLU\u00c7\u00c3O DE C\u00c2MARA PARA AUTOCARROS ESCOLARES'  height=\"400\" width=\"400\"  itemprop=\"thumbnailUrl\" data-srcset=\"https:\/\/luview.com\/wp-content\/uploads\/2022\/07\/SCHOOL-BUS-CAMERA-SOLUTION.jpg 400w, https:\/\/luview.com\/wp-content\/uploads\/2022\/07\/SCHOOL-BUS-CAMERA-SOLUTION-100x100.jpg 100w, https:\/\/luview.com\/wp-content\/uploads\/2022\/07\/SCHOOL-BUS-CAMERA-SOLUTION-300x300.jpg 300w, https:\/\/luview.com\/wp-content\/uploads\/2022\/07\/SCHOOL-BUS-CAMERA-SOLUTION-80x80.jpg 80w, https:\/\/luview.com\/wp-content\/uploads\/2022\/07\/SCHOOL-BUS-CAMERA-SOLUTION-36x36.jpg 36w, https:\/\/luview.com\/wp-content\/uploads\/2022\/07\/SCHOOL-BUS-CAMERA-SOLUTION-180x180.jpg 180w\" data-sizes=\"(max-width: 400px) 100vw, 400px\" src=\"data:image\/svg+xml;base64,PHN2ZyB3aWR0aD0iMSIgaGVpZ2h0PSIxIiB4bWxucz0iaHR0cDovL3d3dy53My5vcmcvMjAwMC9zdmciPjwvc3ZnPg==\" style=\"--smush-placeholder-width: 400px; --smush-placeholder-aspect-ratio: 400\/400;\" \/><\/a><\/div><\/div><\/div><br \/>\n\n<style type=\"text\/css\" data-created_by=\"avia_inline_auto\" id=\"style-css-av-2m67d7-f8b3e92bddd972c8958c08357236f45c\">\n#top .av_textblock_section.av-2m67d7-f8b3e92bddd972c8958c08357236f45c .avia_textblock{\ntext-align:center;\n}\n<\/style>\n<section  class='av_textblock_section av-2m67d7-f8b3e92bddd972c8958c08357236f45c'  itemscope=\"itemscope\" itemtype=\"https:\/\/schema.org\/CreativeWork\" ><div class='avia_textblock'  itemprop=\"text\" ><h4 style=\"text-align: center;\"><a href=\"https:\/\/luview.com\/solutions\/buses\/school-bus-camera-solution\/\">Solu\u00e7\u00e3o de c\u00e2maras para autocarros escolares<\/a><\/h4>\n<\/div><\/section><\/p><\/div>\n<div class='flex_column av-2ejarf-e202d8942680281a68fcdb041db7e656 av_one_third  avia-builder-el-10  el_after_av_one_third  el_before_av_one_third  flex_column_div column-top-margin'   ><p>\n<style type=\"text\/css\" data-created_by=\"avia_inline_auto\" id=\"style-css-av-l2vl5vyn-d769fd9577e4189e0c2864aa7e1a25d8\">\n.avia-image-container.av-l2vl5vyn-d769fd9577e4189e0c2864aa7e1a25d8 .av-image-caption-overlay-center{\ncolor:#ffffff;\n}\n<\/style>\n<div  class='avia-image-container av-l2vl5vyn-d769fd9577e4189e0c2864aa7e1a25d8 av-styling- avia-align-center  avia-builder-el-11  el_before_av_textblock  avia-builder-el-first'  itemprop=\"image\" itemscope=\"itemscope\" itemtype=\"https:\/\/schema.org\/ImageObject\" ><div class=\"avia-image-container-inner\"><div class=\"avia-image-overlay-wrap\"><a href=\"https:\/\/luview.com\/pt\/solutions\/buses\/shuttle-bus-camera-system\/\" class='avia_image' ><img decoding=\"async\" class='wp-image-23317 avia-img-lazy-loading-not-23317 avia_image lazyload' data-src=\"https:\/\/luview.com\/wp-content\/uploads\/2022\/07\/Shuttle-Bus-Camera-Solution.jpg\" alt='Solu\u00e7\u00e3o de c\u00e2maras para autocarros shuttle' title='Solu\u00e7\u00e3o de c\u00e2maras para autocarros shuttle'  height=\"400\" width=\"400\"  itemprop=\"thumbnailUrl\" data-srcset=\"https:\/\/luview.com\/wp-content\/uploads\/2022\/07\/Shuttle-Bus-Camera-Solution.jpg 400w, https:\/\/luview.com\/wp-content\/uploads\/2022\/07\/Shuttle-Bus-Camera-Solution-100x100.jpg 100w, https:\/\/luview.com\/wp-content\/uploads\/2022\/07\/Shuttle-Bus-Camera-Solution-300x300.jpg 300w, https:\/\/luview.com\/wp-content\/uploads\/2022\/07\/Shuttle-Bus-Camera-Solution-80x80.jpg 80w, https:\/\/luview.com\/wp-content\/uploads\/2022\/07\/Shuttle-Bus-Camera-Solution-36x36.jpg 36w, https:\/\/luview.com\/wp-content\/uploads\/2022\/07\/Shuttle-Bus-Camera-Solution-180x180.jpg 180w\" data-sizes=\"(max-width: 400px) 100vw, 400px\" src=\"data:image\/svg+xml;base64,PHN2ZyB3aWR0aD0iMSIgaGVpZ2h0PSIxIiB4bWxucz0iaHR0cDovL3d3dy53My5vcmcvMjAwMC9zdmciPjwvc3ZnPg==\" style=\"--smush-placeholder-width: 400px; --smush-placeholder-aspect-ratio: 400\/400;\" \/><\/a><\/div><\/div><\/div><br \/>\n\n<style type=\"text\/css\" data-created_by=\"avia_inline_auto\" id=\"style-css-av-2ame8b-12b496c1614357556a4c7bab706be968\">\n#top .av_textblock_section.av-2ame8b-12b496c1614357556a4c7bab706be968 .avia_textblock{\ntext-align:center;\n}\n<\/style>\n<section  class='av_textblock_section av-2ame8b-12b496c1614357556a4c7bab706be968'  itemscope=\"itemscope\" itemtype=\"https:\/\/schema.org\/CreativeWork\" ><div class='avia_textblock'  itemprop=\"text\" ><h4 style=\"text-align: center;\"><a href=\"https:\/\/luview.com\/solutions\/buses\/shuttle-bus-camera-system\/\">Solu\u00e7\u00e3o de c\u00e2maras para autocarros shuttle<\/a><\/h4>\n<\/div><\/section><\/p><\/div>\n<div class='flex_column av-33x9jf-1c424f85e815b2819914c47335725612 av_one_third  avia-builder-el-13  el_after_av_one_third  el_before_av_one_third  flex_column_div column-top-margin'   ><p>\n<style type=\"text\/css\" data-created_by=\"avia_inline_auto\" id=\"style-css-av-l2vl2xqc-48c861c2c8570efb51ed9417c92f5c85\">\n.avia-image-container.av-l2vl2xqc-48c861c2c8570efb51ed9417c92f5c85 .av-image-caption-overlay-center{\ncolor:#ffffff;\n}\n<\/style>\n<div  class='avia-image-container av-l2vl2xqc-48c861c2c8570efb51ed9417c92f5c85 av-styling- avia-align-center  avia-builder-el-14  el_before_av_textblock  avia-builder-el-first'  itemprop=\"image\" itemscope=\"itemscope\" itemtype=\"https:\/\/schema.org\/ImageObject\" ><div class=\"avia-image-container-inner\"><div class=\"avia-image-overlay-wrap\"><a href=\"https:\/\/luview.com\/pt\/solutions\/buses\/transit-bus-camera-system\/\" class='avia_image' ><img decoding=\"async\" class='wp-image-23313 avia-img-lazy-loading-not-23313 avia_image lazyload' data-src=\"https:\/\/luview.com\/wp-content\/uploads\/2022\/07\/Transit-Bus-Camera-Solution.jpg\" alt='Solu\u00e7\u00e3o de c\u00e2maras para autocarros de tr\u00e2nsito' title='Solu\u00e7\u00e3o de c\u00e2maras para autocarros de tr\u00e2nsito'  height=\"400\" width=\"400\"  itemprop=\"thumbnailUrl\" data-srcset=\"https:\/\/luview.com\/wp-content\/uploads\/2022\/07\/Transit-Bus-Camera-Solution.jpg 400w, https:\/\/luview.com\/wp-content\/uploads\/2022\/07\/Transit-Bus-Camera-Solution-100x100.jpg 100w, https:\/\/luview.com\/wp-content\/uploads\/2022\/07\/Transit-Bus-Camera-Solution-300x300.jpg 300w, https:\/\/luview.com\/wp-content\/uploads\/2022\/07\/Transit-Bus-Camera-Solution-80x80.jpg 80w, https:\/\/luview.com\/wp-content\/uploads\/2022\/07\/Transit-Bus-Camera-Solution-36x36.jpg 36w, https:\/\/luview.com\/wp-content\/uploads\/2022\/07\/Transit-Bus-Camera-Solution-180x180.jpg 180w\" data-sizes=\"(max-width: 400px) 100vw, 400px\" src=\"data:image\/svg+xml;base64,PHN2ZyB3aWR0aD0iMSIgaGVpZ2h0PSIxIiB4bWxucz0iaHR0cDovL3d3dy53My5vcmcvMjAwMC9zdmciPjwvc3ZnPg==\" style=\"--smush-placeholder-width: 400px; --smush-placeholder-aspect-ratio: 400\/400;\" \/><\/a><\/div><\/div><\/div><br \/>\n\n<style type=\"text\/css\" data-created_by=\"avia_inline_auto\" id=\"style-css-av-l2vl44qd-a9fd2e80f8564808c6bd161526b1aaa5\">\n#top .av_textblock_section.av-l2vl44qd-a9fd2e80f8564808c6bd161526b1aaa5 .avia_textblock{\ntext-align:center;\n}\n<\/style>\n<section  class='av_textblock_section av-l2vl44qd-a9fd2e80f8564808c6bd161526b1aaa5'  itemscope=\"itemscope\" itemtype=\"https:\/\/schema.org\/CreativeWork\" ><div class='avia_textblock'  itemprop=\"text\" ><h4 style=\"text-align: center;\"><a href=\"https:\/\/luview.com\/solutions\/buses\/transit-bus-camera-system\/\">Solu\u00e7\u00e3o de c\u00e2maras para autocarros de tr\u00e2nsito<\/a><\/h4>\n<\/div><\/section><\/p><\/div>\n<div class='flex_column av-1w0job-f7b39fefdc55abed3e88101aa0d2c13e av_one_third  avia-builder-el-16  el_after_av_one_third  el_before_av_one_full  first flex_column_div column-top-margin'   ><p>\n<style type=\"text\/css\" data-created_by=\"avia_inline_auto\" id=\"style-css-av-l2vl6wsn-3eb8652bf30ed41a3377db0a128a5853\">\n.avia-image-container.av-l2vl6wsn-3eb8652bf30ed41a3377db0a128a5853 .av-image-caption-overlay-center{\ncolor:#ffffff;\n}\n<\/style>\n<div  class='avia-image-container av-l2vl6wsn-3eb8652bf30ed41a3377db0a128a5853 av-styling- avia-align-center  avia-builder-el-17  el_before_av_textblock  avia-builder-el-first'  itemprop=\"image\" itemscope=\"itemscope\" itemtype=\"https:\/\/schema.org\/ImageObject\" ><div class=\"avia-image-container-inner\"><div class=\"avia-image-overlay-wrap\"><a href=\"https:\/\/luview.com\/pt\/solutions\/buses\/coach-bus-camera-system\/\" class='avia_image' ><img decoding=\"async\" class='wp-image-23309 avia-img-lazy-loading-not-23309 avia_image lazyload' data-src=\"https:\/\/luview.com\/wp-content\/uploads\/2022\/07\/Coach-Bus-Camera-Solution.jpg\" alt='Solu\u00e7\u00e3o de c\u00e2maras para autocarros' title='Solu\u00e7\u00e3o de c\u00e2maras para autocarros'  height=\"400\" width=\"400\"  itemprop=\"thumbnailUrl\" data-srcset=\"https:\/\/luview.com\/wp-content\/uploads\/2022\/07\/Coach-Bus-Camera-Solution.jpg 400w, https:\/\/luview.com\/wp-content\/uploads\/2022\/07\/Coach-Bus-Camera-Solution-100x100.jpg 100w, https:\/\/luview.com\/wp-content\/uploads\/2022\/07\/Coach-Bus-Camera-Solution-300x300.jpg 300w, https:\/\/luview.com\/wp-content\/uploads\/2022\/07\/Coach-Bus-Camera-Solution-80x80.jpg 80w, https:\/\/luview.com\/wp-content\/uploads\/2022\/07\/Coach-Bus-Camera-Solution-36x36.jpg 36w, https:\/\/luview.com\/wp-content\/uploads\/2022\/07\/Coach-Bus-Camera-Solution-180x180.jpg 180w\" data-sizes=\"(max-width: 400px) 100vw, 400px\" src=\"data:image\/svg+xml;base64,PHN2ZyB3aWR0aD0iMSIgaGVpZ2h0PSIxIiB4bWxucz0iaHR0cDovL3d3dy53My5vcmcvMjAwMC9zdmciPjwvc3ZnPg==\" style=\"--smush-placeholder-width: 400px; --smush-placeholder-aspect-ratio: 400\/400;\" \/><\/a><\/div><\/div><\/div><br \/>\n\n<style type=\"text\/css\" data-created_by=\"avia_inline_auto\" id=\"style-css-av-1p19dn-a970b6d55ba0d86edd4047305c5de9ec\">\n#top .av_textblock_section.av-1p19dn-a970b6d55ba0d86edd4047305c5de9ec .avia_textblock{\ntext-align:center;\n}\n<\/style>\n<section  class='av_textblock_section av-1p19dn-a970b6d55ba0d86edd4047305c5de9ec'  itemscope=\"itemscope\" itemtype=\"https:\/\/schema.org\/CreativeWork\" ><div class='avia_textblock'  itemprop=\"text\" ><h4 style=\"text-align: center;\"><a href=\"https:\/\/luview.com\/solutions\/buses\/coach-bus-camera-system\/\">Solu\u00e7\u00e3o de c\u00e2maras para autocarros<\/a><\/h4>\n<\/div><\/section><\/p><\/div>\n<div class='flex_column av-3hu5mrs-1951f09a8b08a557305000f8e7f262ee av_one_full  avia-builder-el-19  el_after_av_one_third  el_before_av_one_full  first flex_column_div column-top-margin'   ><section  class='av_textblock_section av-2vrkitk-10ce4722a6037c90eb8d662fe54653ae'  itemscope=\"itemscope\" itemtype=\"https:\/\/schema.org\/CreativeWork\" ><div class='avia_textblock'  itemprop=\"text\" ><h3>Porque \u00e9 que a c\u00e2mara de vigil\u00e2ncia \u00e9 importante para o autocarro<\/h3>\n<\/div><\/section><br \/>\n<section  class='av_textblock_section av-9oynm0-ca7191500711bb93c01ebef3c70b7ad4'  itemscope=\"itemscope\" itemtype=\"https:\/\/schema.org\/CreativeWork\" ><div class='avia_textblock'  itemprop=\"text\" ><p>As c\u00e2maras de vigil\u00e2ncia dos autocarros s\u00e3o especialmente \u00fateis se o autocarro circular a alta velocidade. Tamb\u00e9m podem ajudar os condutores a ver pe\u00f5es, crian\u00e7as e carros em excesso de velocidade atr\u00e1s do autocarro.<\/p>\n<p>A c\u00e2mara capta uma imagem de tudo o que est\u00e1 para al\u00e9m do para-choques traseiro, como objectos no \u00e2ngulo morto do condutor ou pe\u00f5es a atravessar a estrada. Estas imagens s\u00e3o depois projectadas num monitor para que o condutor possa ver para onde est\u00e1 a fazer marcha-atr\u00e1s, de modo a manobrar o autocarro em seguran\u00e7a.<\/p>\n<p>Um estudo realizado pela National Highway Traffic Safety Administration (NHTSA) concluiu que, quando os autocarros instalaram c\u00e2maras de vigil\u00e2ncia, o n\u00famero de incidentes com colis\u00f5es em marcha-atr\u00e1s diminuiu 30%.<\/p>\n<\/div><\/section><br \/>\n<section  class='av_textblock_section av-2a70ui0-a3e798fbad357ca47d6fb01bff177906'  itemscope=\"itemscope\" itemtype=\"https:\/\/schema.org\/CreativeWork\" ><div class='avia_textblock'  itemprop=\"text\" ><h3>C\u00e2mara de vigil\u00e2ncia para autocarros com ou sem fios<\/h3>\n<\/div><\/section><br \/>\n<section  class='av_textblock_section av-1gvq0qw-56eb931562b753b1736eea498d4498fb'  itemscope=\"itemscope\" itemtype=\"https:\/\/schema.org\/CreativeWork\" ><div class='avia_textblock'  itemprop=\"text\" ><p>A primeira pergunta que tem de fazer a si pr\u00f3prio \u00e9 se deve comprar uma c\u00e2mara de vigil\u00e2ncia para autocarros com ou sem fios. Embora uma c\u00e2mara de autocarro sem fios tenha muitas vantagens, a qualidade da imagem nem sempre \u00e9 a melhor. As c\u00e2maras de vigil\u00e2ncia sem fios s\u00e3o propensas a interfer\u00eancias, atrasos e perda geral da qualidade da imagem. Al\u00e9m disso, se a transmiss\u00e3o for fraca devido a influ\u00eancias ambientais, as imagens podem ficar desfocadas ou pixelizadas. Isto pode afetar a seguran\u00e7a dos seus passageiros.<\/p>\n<p>Uma c\u00e2mara de reserva de autocarro com fios \u00e9 mais fi\u00e1vel e proporciona uma imagem mais n\u00edtida do que uma c\u00e2mara sem fios. A liga\u00e7\u00e3o com fios permite receber imagens mais rapidamente e \u00e9 melhor para a qualidade da imagem. Uma c\u00e2mara com fios ser\u00e1 mais cara do que uma c\u00e2mara sem fios, mas proporcionar\u00e1 uma melhor qualidade de imagem. Se estiver preocupado com a perda de qualidade durante uma emerg\u00eancia, as c\u00e2maras com fios s\u00e3o uma boa escolha. S\u00e3o ambas eficazes para o apoio ao autocarro e podem ajud\u00e1-lo a evitar custos e inconvenientes desnecess\u00e1rios.<\/p>\n<\/div><\/section><br \/>\n<section  class='av_textblock_section av-19r470o-f8412ec96ed6ccaed45ade25ea1d5602'  itemscope=\"itemscope\" itemtype=\"https:\/\/schema.org\/CreativeWork\" ><div class='avia_textblock'  itemprop=\"text\" ><h3>Como escolher a melhor c\u00e2mara de marcha atr\u00e1s para autocarros<\/h3>\n<\/div><\/section><br \/>\n<section  class='av_textblock_section av-2e82co-74e49afb3fbacfd86ee9222998cd1a07'  itemscope=\"itemscope\" itemtype=\"https:\/\/schema.org\/CreativeWork\" ><div class='avia_textblock'  itemprop=\"text\" ><p>H\u00e1 alguns aspectos importantes a ter em conta ao escolher a melhor c\u00e2mara de reserva para autocarros. Uma das carater\u00edsticas mais importantes a ter em conta \u00e9 o \u00e2ngulo de vis\u00e3o da c\u00e2mara. Uma c\u00e2mara com uma vis\u00e3o ampla de 120 graus \u00e9 importante para captar os \u00e2ngulos mortos. Outra carater\u00edstica importante a considerar \u00e9 a sua durabilidade. A c\u00e2mara para autocarros Luview \u00e9 uma das mais duradouras, \u00e0 prova de \u00e1gua e de choque, e funciona bem em ambientes exteriores adversos.<\/p>\n<\/div><\/section><\/p><\/div>\n\n<style type=\"text\/css\" data-created_by=\"avia_inline_auto\" id=\"style-css-av-l2vletd8-6873c757f85d604bdfa88a557a400ac2\">\n.flex_column.av-l2vletd8-6873c757f85d604bdfa88a557a400ac2{\nborder-radius:15px 15px 15px 15px;\n-webkit-border-radius:15px 15px 15px 15px;\n-moz-border-radius:15px 15px 15px 15px;\npadding:50px 50px 50px 50px;\nbox-shadow:0 0 10px 0 #e0e0e0;\n-webkit-box-shadow:0 0 10px 0 #e0e0e0;\n-moz-box-shadow:0 0 10px 0 #e0e0e0;\nbackground-color:#ffffff;\n}\n<\/style>\n<div class='flex_column av-l2vletd8-6873c757f85d604bdfa88a557a400ac2 av_one_full  avia-builder-el-26  el_after_av_one_full  avia-builder-el-last  first flex_column_div column-top-margin'   ><style type=\"text\/css\" data-created_by=\"avia_inline_auto\" id=\"style-css-av-1pn56r-c5797cae44e1194cd88c41e4e080c4a0\">\n#top .av_textblock_section.av-1pn56r-c5797cae44e1194cd88c41e4e080c4a0 .avia_textblock{\ntext-align:center;\n}\n<\/style>\n<section  class='av_textblock_section av-1pn56r-c5797cae44e1194cd88c41e4e080c4a0'  itemscope=\"itemscope\" itemtype=\"https:\/\/schema.org\/CreativeWork\" ><div class='avia_textblock'  itemprop=\"text\" ><h3>Or\u00e7amento personalizado<\/h3>\n<\/div><\/section><br \/>\n\n<style type=\"text\/css\" data-created_by=\"avia_inline_auto\" id=\"style-css-av-1me14z-8350f34feb640d6e4b487e997fe59277\">\n#top .hr.hr-invisible.av-1me14z-8350f34feb640d6e4b487e997fe59277{\nheight:30px;\n}\n<\/style>\n<div  class='hr av-1me14z-8350f34feb640d6e4b487e997fe59277 hr-invisible  avia-builder-el-28  el_after_av_textblock  el_before_av_codeblock'><span class='hr-inner'><span class=\"hr-inner-style\"><\/span><\/span><\/div><br \/>\n<\/p><\/div>","protected":false},"excerpt":{"rendered":"","protected":false},"author":1,"featured_media":0,"parent":387,"menu_order":0,"comment_status":"closed","ping_status":"closed","template":"","meta":{"_monsterinsights_skip_tracking":false,"_monsterinsights_sitenote_active":false,"_monsterinsights_sitenote_note":"","_monsterinsights_sitenote_category":0,"footnotes":""},"class_list":["post-23272","page","type-page","status-publish","hentry"],"_links":{"self":[{"href":"https:\/\/luview.com\/pt\/wp-json\/wp\/v2\/pages\/23272","targetHints":{"allow":["GET"]}}],"collection":[{"href":"https:\/\/luview.com\/pt\/wp-json\/wp\/v2\/pages"}],"about":[{"href":"https:\/\/luview.com\/pt\/wp-json\/wp\/v2\/types\/page"}],"author":[{"embeddable":true,"href":"https:\/\/luview.com\/pt\/wp-json\/wp\/v2\/users\/1"}],"replies":[{"embeddable":true,"href":"https:\/\/luview.com\/pt\/wp-json\/wp\/v2\/comments?post=23272"}],"version-history":[{"count":1,"href":"https:\/\/luview.com\/pt\/wp-json\/wp\/v2\/pages\/23272\/revisions"}],"predecessor-version":[{"id":43377,"href":"https:\/\/luview.com\/pt\/wp-json\/wp\/v2\/pages\/23272\/revisions\/43377"}],"up":[{"embeddable":true,"href":"https:\/\/luview.com\/pt\/wp-json\/wp\/v2\/pages\/387"}],"wp:attachment":[{"href":"https:\/\/luview.com\/pt\/wp-json\/wp\/v2\/media?parent=23272"}],"curies":[{"name":"wp","href":"https:\/\/api.w.org\/{rel}","templated":true}]}}