{"id":23276,"date":"2022-07-11T12:07:27","date_gmt":"2022-07-11T12:07:27","guid":{"rendered":"https:\/\/luview.com\/?page_id=23276"},"modified":"2025-08-07T08:41:07","modified_gmt":"2025-08-07T08:41:07","slug":"veiculos-de-emergencia","status":"publish","type":"page","link":"https:\/\/luview.com\/pt\/solutions\/emergency-vehicles\/","title":{"rendered":"Ve\u00edculos de emerg\u00eancia"},"content":{"rendered":"<style type=\"text\/css\" data-created_by=\"avia_inline_auto\" id=\"style-css-av-l2mxefv0-35bb32fcfe7f503a8ac259e0986fd26a\">\n.avia-section.av-l2mxefv0-35bb32fcfe7f503a8ac259e0986fd26a{\nbackground-repeat:no-repeat;\nbackground-image:url(https:\/\/luview.com\/wp-content\/uploads\/2022\/05\/solution-head.jpg);\nbackground-position:50% 50%;\nbackground-attachment:scroll;\n}\n.avia-section.av-l2mxefv0-35bb32fcfe7f503a8ac259e0986fd26a .av-section-color-overlay{\nopacity:0.8;\nbackground-color:#222222;\n}\n<\/style>\n<div id='av_section_1'  class='avia-section av-l2mxefv0-35bb32fcfe7f503a8ac259e0986fd26a main_color avia-section-default avia-no-border-styling  avia-builder-el-0  el_before_av_one_full  avia-builder-el-first  titlebarbox avia-bg-style-scroll av-section-color-overlay-active container_wrap sidebar_left'  data-section-bg-repeat='no-repeat'><div class=\"av-section-color-overlay-wrap\"><div class=\"av-section-color-overlay\"><\/div><div class='container av-section-cont-open' ><main  role=\"main\" itemprop=\"mainContentOfPage\"  class='template-page content  av-content-small units'><div class='post-entry post-entry-type-page post-entry-23276'><div class='entry-content-wrapper clearfix'>\n\n<style type=\"text\/css\" data-created_by=\"avia_inline_auto\" id=\"style-css-av-l2mxr7wy-b4eaf1ebf22700ba8c0e3ddaf64fafea\">\n.flex_column.av-l2mxr7wy-b4eaf1ebf22700ba8c0e3ddaf64fafea{\npadding:10% 0 10% 0;\n}\n<\/style>\n<div class='flex_column av-l2mxr7wy-b4eaf1ebf22700ba8c0e3ddaf64fafea av_one_full  avia-builder-el-1  avia-builder-el-no-sibling  first flex_column_div'   ><style type=\"text\/css\" data-created_by=\"avia_inline_auto\" id=\"style-css-av-l2mxewun-812b60f9f631bff3f3cece738bb226b9\">\n#top .av_textblock_section.av-l2mxewun-812b60f9f631bff3f3cece738bb226b9 .avia_textblock{\ncolor:#ffffff;\ntext-align:center;\n}\n<\/style>\n<section  class='av_textblock_section av-l2mxewun-812b60f9f631bff3f3cece738bb226b9'  itemscope=\"itemscope\" itemtype=\"https:\/\/schema.org\/CreativeWork\" ><div class='avia_textblock av_inherit_color'  itemprop=\"text\" ><h1>Solu\u00e7\u00f5es para ve\u00edculos de emerg\u00eancia<\/h1>\n<\/div><\/section><br \/>\n<\/p><\/div>\n<\/div><\/div><\/main><!-- close content main element --><\/div><\/div><\/div><div id='after_section_1'  class='main_color av_default_container_wrap container_wrap sidebar_left'  ><div class='container av-section-cont-open' ><div class='template-page content  av-content-small units'><div class='post-entry post-entry-type-page post-entry-23276'><div class='entry-content-wrapper clearfix'>\n<div class='flex_column av-36otn7-68283b50c5d531435b3089733b837bd2 av_one_full  avia-builder-el-4  el_after_av_section  el_before_av_one_third  avia-builder-el-first  first flex_column_div'   ><section  class='av_textblock_section av-l2vl0whv-9e31ed8ef585d492647868c52b55fc1a'  itemscope=\"itemscope\" itemtype=\"https:\/\/schema.org\/CreativeWork\" ><div class='avia_textblock av_inherit_color'  itemprop=\"text\" ><h3>Emergency Vehicle Backup Camera System &amp; Solution<\/h3>\n<\/div><\/section><br \/>\n<section  class='av_textblock_section av-l7lxlgjf-4b568e08eb1824761e5a339fb558e94d'  itemscope=\"itemscope\" itemtype=\"https:\/\/schema.org\/CreativeWork\" ><div class='avia_textblock'  itemprop=\"text\" ><p>A seguran\u00e7a dos ve\u00edculos de emerg\u00eancia \u00e9 muito importante e \u00e9 necess\u00e1rio instalar um sistema de c\u00e2mara de monitoriza\u00e7\u00e3o de reserva. O sistema de c\u00e2maras para ve\u00edculos de emerg\u00eancia da Luview pode fazer com que os condutores verifiquem a posi\u00e7\u00e3o, a velocidade, o estado de condu\u00e7\u00e3o e outras informa\u00e7\u00f5es em tempo real. A instala\u00e7\u00e3o do sistema tamb\u00e9m reduz muitas despesas desnecess\u00e1rias.<\/p>\n<\/div><\/section><\/p><\/div>\n<div class='flex_column av-2ps3aj-3e87c5f96607d28e3a55d1356f20c5cd av_one_third  avia-builder-el-7  el_after_av_one_full  el_before_av_one_third  first flex_column_div column-top-margin'   ><p>\n<style type=\"text\/css\" data-created_by=\"avia_inline_auto\" id=\"style-css-av-l2vl5f5x-13469dfd5a7835cc0cdd13a57a99cdc1\">\n.avia-image-container.av-l2vl5f5x-13469dfd5a7835cc0cdd13a57a99cdc1 .av-image-caption-overlay-center{\ncolor:#ffffff;\n}\n<\/style>\n<div  class='avia-image-container av-l2vl5f5x-13469dfd5a7835cc0cdd13a57a99cdc1 av-styling- avia-align-center  avia-builder-el-8  el_before_av_textblock  avia-builder-el-first'  itemprop=\"image\" itemscope=\"itemscope\" itemtype=\"https:\/\/schema.org\/ImageObject\" ><div class=\"avia-image-container-inner\"><div class=\"avia-image-overlay-wrap\"><a href=\"https:\/\/luview.com\/pt\/solutions\/emergency-vehicles\/ambulance-backup-camera-system\/\" class='avia_image' ><img decoding=\"async\" class='wp-image-23415 avia-img-lazy-loading-not-23415 avia_image lazyload' data-src=\"https:\/\/luview.com\/wp-content\/uploads\/2022\/08\/Ambulance-Backup-Camera-Solution.jpg\"  title='Solu\u00e7\u00e3o de c\u00e2mara de vigil\u00e2ncia para ambul\u00e2ncias'  height=\"400\" width=\"400\"  itemprop=\"thumbnailUrl\" data-srcset=\"https:\/\/luview.com\/wp-content\/uploads\/2022\/08\/Ambulance-Backup-Camera-Solution.jpg 400w, https:\/\/luview.com\/wp-content\/uploads\/2022\/08\/Ambulance-Backup-Camera-Solution-100x100.jpg 100w, https:\/\/luview.com\/wp-content\/uploads\/2022\/08\/Ambulance-Backup-Camera-Solution-300x300.jpg 300w, https:\/\/luview.com\/wp-content\/uploads\/2022\/08\/Ambulance-Backup-Camera-Solution-80x80.jpg 80w, https:\/\/luview.com\/wp-content\/uploads\/2022\/08\/Ambulance-Backup-Camera-Solution-36x36.jpg 36w, https:\/\/luview.com\/wp-content\/uploads\/2022\/08\/Ambulance-Backup-Camera-Solution-180x180.jpg 180w\" data-sizes=\"(max-width: 400px) 100vw, 400px\" alt=\"Emergency Vehicles\u63d2\u56fe\" src=\"data:image\/svg+xml;base64,PHN2ZyB3aWR0aD0iMSIgaGVpZ2h0PSIxIiB4bWxucz0iaHR0cDovL3d3dy53My5vcmcvMjAwMC9zdmciPjwvc3ZnPg==\" style=\"--smush-placeholder-width: 400px; --smush-placeholder-aspect-ratio: 400\/400;\" \/><\/a><\/div><\/div><\/div><br \/>\n\n<style type=\"text\/css\" data-created_by=\"avia_inline_auto\" id=\"style-css-av-2m67d7-f8b3e92bddd972c8958c08357236f45c\">\n#top .av_textblock_section.av-2m67d7-f8b3e92bddd972c8958c08357236f45c .avia_textblock{\ntext-align:center;\n}\n<\/style>\n<section  class='av_textblock_section av-2m67d7-f8b3e92bddd972c8958c08357236f45c'  itemscope=\"itemscope\" itemtype=\"https:\/\/schema.org\/CreativeWork\" ><div class='avia_textblock'  itemprop=\"text\" ><h4 style=\"text-align: center;\"><a href=\"https:\/\/luview.com\/solutions\/emergency-vehicles\/ambulance-backup-camera-system\/\">Solu\u00e7\u00e3o de c\u00e2mara para ambul\u00e2ncia<\/a><\/h4>\n<\/div><\/section><\/p><\/div>\n<div class='flex_column av-2ejarf-e202d8942680281a68fcdb041db7e656 av_one_third  avia-builder-el-10  el_after_av_one_third  el_before_av_one_third  flex_column_div column-top-margin'   ><p>\n<style type=\"text\/css\" data-created_by=\"avia_inline_auto\" id=\"style-css-av-l2vl5vyn-8534faf33397be2ef23350ad104ba25e\">\n.avia-image-container.av-l2vl5vyn-8534faf33397be2ef23350ad104ba25e .av-image-caption-overlay-center{\ncolor:#ffffff;\n}\n<\/style>\n<div  class='avia-image-container av-l2vl5vyn-8534faf33397be2ef23350ad104ba25e av-styling- avia-align-center  avia-builder-el-11  el_before_av_textblock  avia-builder-el-first'  itemprop=\"image\" itemscope=\"itemscope\" itemtype=\"https:\/\/schema.org\/ImageObject\" ><div class=\"avia-image-container-inner\"><div class=\"avia-image-overlay-wrap\"><a href=\"https:\/\/luview.com\/pt\/solutions\/emergency-vehicles\/police-car-camera-system\/\" class='avia_image' ><img decoding=\"async\" class='wp-image-23430 avia-img-lazy-loading-not-23430 avia_image lazyload' data-src=\"https:\/\/luview.com\/wp-content\/uploads\/2022\/08\/Police-Car-Camera-Solution.jpg\" alt='Solu\u00e7\u00e3o de c\u00e2maras para carros da pol\u00edcia' title='Solu\u00e7\u00e3o de c\u00e2maras para carros da pol\u00edcia'  height=\"400\" width=\"400\"  itemprop=\"thumbnailUrl\" data-srcset=\"https:\/\/luview.com\/wp-content\/uploads\/2022\/08\/Police-Car-Camera-Solution.jpg 400w, https:\/\/luview.com\/wp-content\/uploads\/2022\/08\/Police-Car-Camera-Solution-100x100.jpg 100w, https:\/\/luview.com\/wp-content\/uploads\/2022\/08\/Police-Car-Camera-Solution-300x300.jpg 300w, https:\/\/luview.com\/wp-content\/uploads\/2022\/08\/Police-Car-Camera-Solution-80x80.jpg 80w, https:\/\/luview.com\/wp-content\/uploads\/2022\/08\/Police-Car-Camera-Solution-36x36.jpg 36w, https:\/\/luview.com\/wp-content\/uploads\/2022\/08\/Police-Car-Camera-Solution-180x180.jpg 180w\" data-sizes=\"(max-width: 400px) 100vw, 400px\" src=\"data:image\/svg+xml;base64,PHN2ZyB3aWR0aD0iMSIgaGVpZ2h0PSIxIiB4bWxucz0iaHR0cDovL3d3dy53My5vcmcvMjAwMC9zdmciPjwvc3ZnPg==\" style=\"--smush-placeholder-width: 400px; --smush-placeholder-aspect-ratio: 400\/400;\" \/><\/a><\/div><\/div><\/div><br \/>\n\n<style type=\"text\/css\" data-created_by=\"avia_inline_auto\" id=\"style-css-av-2ame8b-12b496c1614357556a4c7bab706be968\">\n#top .av_textblock_section.av-2ame8b-12b496c1614357556a4c7bab706be968 .avia_textblock{\ntext-align:center;\n}\n<\/style>\n<section  class='av_textblock_section av-2ame8b-12b496c1614357556a4c7bab706be968'  itemscope=\"itemscope\" itemtype=\"https:\/\/schema.org\/CreativeWork\" ><div class='avia_textblock'  itemprop=\"text\" ><h4 style=\"text-align: center;\"><a href=\"https:\/\/luview.com\/solutions\/emergency-vehicles\/police-car-camera-system\/\">Solu\u00e7\u00e3o de c\u00e2maras para carros da pol\u00edcia<\/a><\/h4>\n<\/div><\/section><\/p><\/div>\n<div class='flex_column av-33x9jf-1c424f85e815b2819914c47335725612 av_one_third  avia-builder-el-13  el_after_av_one_third  el_before_av_one_third  flex_column_div column-top-margin'   ><p>\n<style type=\"text\/css\" data-created_by=\"avia_inline_auto\" id=\"style-css-av-l2vl2xqc-46e435006607f63eadc2344405f13cbc\">\n.avia-image-container.av-l2vl2xqc-46e435006607f63eadc2344405f13cbc .av-image-caption-overlay-center{\ncolor:#ffffff;\n}\n<\/style>\n<div  class='avia-image-container av-l2vl2xqc-46e435006607f63eadc2344405f13cbc av-styling- avia-align-center  avia-builder-el-14  el_before_av_textblock  avia-builder-el-first'  itemprop=\"image\" itemscope=\"itemscope\" itemtype=\"https:\/\/schema.org\/ImageObject\" ><div class=\"avia-image-container-inner\"><div class=\"avia-image-overlay-wrap\"><a href=\"https:\/\/luview.com\/pt\/solutions\/emergency-vehicles\/fire-truck-camera-system\/\" class='avia_image' ><img decoding=\"async\" class='wp-image-23420 avia-img-lazy-loading-not-23420 avia_image lazyload' data-src=\"https:\/\/luview.com\/wp-content\/uploads\/2022\/08\/Fire-Truck-Camera-Solution.jpg\" alt='Solu\u00e7\u00e3o de c\u00e2mara para cami\u00f5es de bombeiros' title='Solu\u00e7\u00e3o de c\u00e2mara para cami\u00f5es de bombeiros'  height=\"400\" width=\"400\"  itemprop=\"thumbnailUrl\" data-srcset=\"https:\/\/luview.com\/wp-content\/uploads\/2022\/08\/Fire-Truck-Camera-Solution.jpg 400w, https:\/\/luview.com\/wp-content\/uploads\/2022\/08\/Fire-Truck-Camera-Solution-100x100.jpg 100w, https:\/\/luview.com\/wp-content\/uploads\/2022\/08\/Fire-Truck-Camera-Solution-300x300.jpg 300w, https:\/\/luview.com\/wp-content\/uploads\/2022\/08\/Fire-Truck-Camera-Solution-80x80.jpg 80w, https:\/\/luview.com\/wp-content\/uploads\/2022\/08\/Fire-Truck-Camera-Solution-36x36.jpg 36w, https:\/\/luview.com\/wp-content\/uploads\/2022\/08\/Fire-Truck-Camera-Solution-180x180.jpg 180w\" data-sizes=\"(max-width: 400px) 100vw, 400px\" src=\"data:image\/svg+xml;base64,PHN2ZyB3aWR0aD0iMSIgaGVpZ2h0PSIxIiB4bWxucz0iaHR0cDovL3d3dy53My5vcmcvMjAwMC9zdmciPjwvc3ZnPg==\" style=\"--smush-placeholder-width: 400px; --smush-placeholder-aspect-ratio: 400\/400;\" \/><\/a><\/div><\/div><\/div><br \/>\n\n<style type=\"text\/css\" data-created_by=\"avia_inline_auto\" id=\"style-css-av-l2vl44qd-a9fd2e80f8564808c6bd161526b1aaa5\">\n#top .av_textblock_section.av-l2vl44qd-a9fd2e80f8564808c6bd161526b1aaa5 .avia_textblock{\ntext-align:center;\n}\n<\/style>\n<section  class='av_textblock_section av-l2vl44qd-a9fd2e80f8564808c6bd161526b1aaa5'  itemscope=\"itemscope\" itemtype=\"https:\/\/schema.org\/CreativeWork\" ><div class='avia_textblock'  itemprop=\"text\" ><h4 style=\"text-align: center;\"><a href=\"https:\/\/luview.com\/solutions\/emergency-vehicles\/fire-truck-camera-system\/\">Solu\u00e7\u00e3o de c\u00e2mara para cami\u00f5es de bombeiros<\/a><\/h4>\n<\/div><\/section><\/p><\/div>\n<div class='flex_column av-1w0job-f7b39fefdc55abed3e88101aa0d2c13e av_one_third  avia-builder-el-16  el_after_av_one_third  el_before_av_one_third  first flex_column_div column-top-margin'   ><p>\n<style type=\"text\/css\" data-created_by=\"avia_inline_auto\" id=\"style-css-av-l2vl6wsn-f5c86d12c6d0e6da21f500b80389b541\">\n.avia-image-container.av-l2vl6wsn-f5c86d12c6d0e6da21f500b80389b541 .av-image-caption-overlay-center{\ncolor:#ffffff;\n}\n<\/style>\n<div  class='avia-image-container av-l2vl6wsn-f5c86d12c6d0e6da21f500b80389b541 av-styling- avia-align-center  avia-builder-el-17  el_before_av_textblock  avia-builder-el-first'  itemprop=\"image\" itemscope=\"itemscope\" itemtype=\"https:\/\/schema.org\/ImageObject\" ><div class=\"avia-image-container-inner\"><div class=\"avia-image-overlay-wrap\"><a href=\"https:\/\/luview.com\/pt\/solutions\/emergency-vehicles\/hazard-response-vehicle-camera-system\/\" class='avia_image' ><img decoding=\"async\" class='wp-image-23425 avia-img-lazy-loading-not-23425 avia_image lazyload' data-src=\"https:\/\/luview.com\/wp-content\/uploads\/2022\/08\/Hazard-Response-Vehicle-Camera-Solution.jpg\" alt='Solu\u00e7\u00e3o de c\u00e2mara para ve\u00edculos de resposta a perigos' title='Solu\u00e7\u00e3o de c\u00e2mara para ve\u00edculos de resposta a perigos'  height=\"400\" width=\"400\"  itemprop=\"thumbnailUrl\" data-srcset=\"https:\/\/luview.com\/wp-content\/uploads\/2022\/08\/Hazard-Response-Vehicle-Camera-Solution.jpg 400w, https:\/\/luview.com\/wp-content\/uploads\/2022\/08\/Hazard-Response-Vehicle-Camera-Solution-100x100.jpg 100w, https:\/\/luview.com\/wp-content\/uploads\/2022\/08\/Hazard-Response-Vehicle-Camera-Solution-300x300.jpg 300w, https:\/\/luview.com\/wp-content\/uploads\/2022\/08\/Hazard-Response-Vehicle-Camera-Solution-80x80.jpg 80w, https:\/\/luview.com\/wp-content\/uploads\/2022\/08\/Hazard-Response-Vehicle-Camera-Solution-36x36.jpg 36w, https:\/\/luview.com\/wp-content\/uploads\/2022\/08\/Hazard-Response-Vehicle-Camera-Solution-180x180.jpg 180w\" data-sizes=\"(max-width: 400px) 100vw, 400px\" src=\"data:image\/svg+xml;base64,PHN2ZyB3aWR0aD0iMSIgaGVpZ2h0PSIxIiB4bWxucz0iaHR0cDovL3d3dy53My5vcmcvMjAwMC9zdmciPjwvc3ZnPg==\" style=\"--smush-placeholder-width: 400px; --smush-placeholder-aspect-ratio: 400\/400;\" \/><\/a><\/div><\/div><\/div><br \/>\n\n<style type=\"text\/css\" data-created_by=\"avia_inline_auto\" id=\"style-css-av-1p19dn-a970b6d55ba0d86edd4047305c5de9ec\">\n#top .av_textblock_section.av-1p19dn-a970b6d55ba0d86edd4047305c5de9ec .avia_textblock{\ntext-align:center;\n}\n<\/style>\n<section  class='av_textblock_section av-1p19dn-a970b6d55ba0d86edd4047305c5de9ec'  itemscope=\"itemscope\" itemtype=\"https:\/\/schema.org\/CreativeWork\" ><div class='avia_textblock'  itemprop=\"text\" ><h4 style=\"text-align: center;\"><a href=\"https:\/\/luview.com\/solutions\/emergency-vehicles\/hazard-response-vehicle-camera-system\/\">Solu\u00e7\u00e3o de c\u00e2mara para ve\u00edculos de resposta a perigos<\/a><\/h4>\n<\/div><\/section><\/p><\/div>\n<div class='flex_column av-24fj2z-0669ea80cabb754ad49006ee03e9e755 av_one_third  avia-builder-el-19  el_after_av_one_third  el_before_av_one_full  flex_column_div column-top-margin'   ><p>\n<style type=\"text\/css\" data-created_by=\"avia_inline_auto\" id=\"style-css-av-l2vl6a2o-54bfac8f962e30b383177e7147431546\">\n.avia-image-container.av-l2vl6a2o-54bfac8f962e30b383177e7147431546 .av-image-caption-overlay-center{\ncolor:#ffffff;\n}\n<\/style>\n<div  class='avia-image-container av-l2vl6a2o-54bfac8f962e30b383177e7147431546 av-styling- avia-align-center  avia-builder-el-20  el_before_av_textblock  avia-builder-el-first'  itemprop=\"image\" itemscope=\"itemscope\" itemtype=\"https:\/\/schema.org\/ImageObject\" ><div class=\"avia-image-container-inner\"><div class=\"avia-image-overlay-wrap\"><a href=\"https:\/\/luview.com\/pt\/solutions\/emergency-vehicles\/urban-rescue-vehicle-camera-system\/\" class='avia_image' ><img decoding=\"async\" class='wp-image-23434 avia-img-lazy-loading-not-23434 avia_image lazyload' data-src=\"https:\/\/luview.com\/wp-content\/uploads\/2022\/08\/Urban-Rescue-Vehicle-Camera-Solution.jpg\" alt='Solu\u00e7\u00e3o de c\u00e2mara para ve\u00edculos de salvamento urbano' title='Solu\u00e7\u00e3o de c\u00e2mara para ve\u00edculos de salvamento urbano'  height=\"400\" width=\"400\"  itemprop=\"thumbnailUrl\" data-srcset=\"https:\/\/luview.com\/wp-content\/uploads\/2022\/08\/Urban-Rescue-Vehicle-Camera-Solution.jpg 400w, https:\/\/luview.com\/wp-content\/uploads\/2022\/08\/Urban-Rescue-Vehicle-Camera-Solution-100x100.jpg 100w, https:\/\/luview.com\/wp-content\/uploads\/2022\/08\/Urban-Rescue-Vehicle-Camera-Solution-300x300.jpg 300w, https:\/\/luview.com\/wp-content\/uploads\/2022\/08\/Urban-Rescue-Vehicle-Camera-Solution-80x80.jpg 80w, https:\/\/luview.com\/wp-content\/uploads\/2022\/08\/Urban-Rescue-Vehicle-Camera-Solution-36x36.jpg 36w, https:\/\/luview.com\/wp-content\/uploads\/2022\/08\/Urban-Rescue-Vehicle-Camera-Solution-180x180.jpg 180w\" data-sizes=\"(max-width: 400px) 100vw, 400px\" src=\"data:image\/svg+xml;base64,PHN2ZyB3aWR0aD0iMSIgaGVpZ2h0PSIxIiB4bWxucz0iaHR0cDovL3d3dy53My5vcmcvMjAwMC9zdmciPjwvc3ZnPg==\" style=\"--smush-placeholder-width: 400px; --smush-placeholder-aspect-ratio: 400\/400;\" \/><\/a><\/div><\/div><\/div><br \/>\n\n<style type=\"text\/css\" data-created_by=\"avia_inline_auto\" id=\"style-css-av-l2vl6kaz-600c655cf69a56eca0cd7d73b7dced5c\">\n#top .av_textblock_section.av-l2vl6kaz-600c655cf69a56eca0cd7d73b7dced5c .avia_textblock{\ntext-align:center;\n}\n<\/style>\n<section  class='av_textblock_section av-l2vl6kaz-600c655cf69a56eca0cd7d73b7dced5c'  itemscope=\"itemscope\" itemtype=\"https:\/\/schema.org\/CreativeWork\" ><div class='avia_textblock'  itemprop=\"text\" ><h4 style=\"text-align: center;\"><a href=\"https:\/\/luview.com\/solutions\/emergency-vehicles\/urban-rescue-vehicle-camera-system\/\">Solu\u00e7\u00e3o de c\u00e2mara para ve\u00edculos de salvamento urbano<\/a><\/h4>\n<\/div><\/section><\/p><\/div>\n<div class='flex_column av-zn923-2998580518e3833d33293177f79d69a5 av_one_full  avia-builder-el-22  el_after_av_one_third  el_before_av_one_full  first flex_column_div column-top-margin'   ><section  class='av_textblock_section av-l2vl9sc8-321202df39fd446ec8d30e8813d0d1d6'  itemscope=\"itemscope\" itemtype=\"https:\/\/schema.org\/CreativeWork\" ><div class='avia_textblock'  itemprop=\"text\" ><h3>Tipos de ve\u00edculos de emerg\u00eancia<\/h3>\n<\/div><\/section><br \/>\n<section  class='av_textblock_section av-l2vla2no-02a9d235c6ee455249ee410d4d085d73'  itemscope=\"itemscope\" itemtype=\"https:\/\/schema.org\/CreativeWork\" ><div class='avia_textblock'  itemprop=\"text\" ><p>\u00c9 frequente vermos carros da pol\u00edcia, ambul\u00e2ncias, ve\u00edculos de demoli\u00e7\u00e3o e cami\u00f5es de bombeiros claramente assinalados, com as luzes de emerg\u00eancia acesas e as sirenes a tocar, a zunir pelas ruas com muito tr\u00e2nsito. Este tipo de ve\u00edculos aparece sempre no local de emerg\u00eancia a tempo de ajudar as pessoas a resolver os problemas, pelo que as pessoas lhes chamam ve\u00edculos de emerg\u00eancia. Os ve\u00edculos de emerg\u00eancia s\u00e3o geralmente utilizados em terramotos, inunda\u00e7\u00f5es, inc\u00eandios, acidentes de via\u00e7\u00e3o e outros acidentes de grande dimens\u00e3o e cat\u00e1strofes naturais. Est\u00e3o principalmente envolvidos no salvamento, no tratamento da qualidade da \u00e1gua ou na drenagem, no fornecimento de energia de emerg\u00eancia, bem como em ve\u00edculos para refei\u00e7\u00f5es, ve\u00edculos de campismo e ve\u00edculos de lavandaria para os socorristas.<\/p>\n<\/div><\/section><br \/>\n<section  class='av_textblock_section av-l7lxmq45-4ece056e49e4e354189b18040d81c0fc'  itemscope=\"itemscope\" itemtype=\"https:\/\/schema.org\/CreativeWork\" ><div class='avia_textblock'  itemprop=\"text\" ><h3>Porque \u00e9 que a c\u00e2mara de marcha-atr\u00e1s \u00e9 importante para os ve\u00edculos de emerg\u00eancia<\/h3>\n<\/div><\/section><br \/>\n<section  class='av_textblock_section av-l7lxn3df-a9bd46c70b7e1936f2dbf120c454473f'  itemscope=\"itemscope\" itemtype=\"https:\/\/schema.org\/CreativeWork\" ><div class='avia_textblock'  itemprop=\"text\" ><p>Os socorristas t\u00eam trabalhos de alta press\u00e3o e o p\u00fablico depende da sua capacidade de resposta r\u00e1pida. Por este motivo, estes ve\u00edculos t\u00eam de ser equipados com solu\u00e7\u00f5es de seguran\u00e7a fi\u00e1veis. Um sistema de c\u00e2mara pode melhorar a vis\u00e3o em marcha-atr\u00e1s e ajudar os socorristas a ver melhor os seus \u00e2ngulos mortos. A sua instala\u00e7\u00e3o \u00e9 relativamente f\u00e1cil e \u00e9 uma adi\u00e7\u00e3o de baixo custo aos ve\u00edculos de emerg\u00eancia.<\/p>\n<p>Al\u00e9m disso, uma c\u00e2mara de vigil\u00e2ncia pode compensar a inefici\u00eancia da conce\u00e7\u00e3o do ve\u00edculo. Ao instalar uma c\u00e2mara de vigil\u00e2ncia, o condutor n\u00e3o tem de estar constantemente a rodar a cabe\u00e7a para olhar pela janela traseira.<\/p>\n<\/div><\/section><br \/>\n<section  class='av_textblock_section av-l7lxnmjw-853e13fa4664a69b889ae2311acc2cb0'  itemscope=\"itemscope\" itemtype=\"https:\/\/schema.org\/CreativeWork\" ><div class='avia_textblock'  itemprop=\"text\" ><h3>Factores a considerar ao escolher c\u00e2maras de vigil\u00e2ncia para ve\u00edculos de emerg\u00eancia<\/h3>\n<\/div><\/section><br \/>\n<section  class='av_textblock_section av-l7lxo3pn-7dcb9ab98faf73ba0a02078fe8faabdd'  itemscope=\"itemscope\" itemtype=\"https:\/\/schema.org\/CreativeWork\" ><div class='avia_textblock'  itemprop=\"text\" ><p>Os ve\u00edculos de emerg\u00eancia aparecem frequentemente para efetuar servi\u00e7os de salvamento de emerg\u00eancia em condi\u00e7\u00f5es ambientais adversas. Os ve\u00edculos de emerg\u00eancia t\u00eam requisitos de qualidade mais elevados para o equipamento de monitoriza\u00e7\u00e3o, como as c\u00e2maras. Recomendamos que as c\u00e2maras utilizadas em ve\u00edculos de emerg\u00eancia sejam \u00e0 prova de \u00e1gua, de poeiras e de choques. Tamb\u00e9m s\u00e3o necess\u00e1rios efeitos de vis\u00e3o nocturna por infravermelhos.<\/p>\n<\/div><\/section><br \/>\n<section  class='av_textblock_section av-l7lxokmm-5d47f3258100d9002ffe8521b8b160e6'  itemscope=\"itemscope\" itemtype=\"https:\/\/schema.org\/CreativeWork\" ><div class='avia_textblock'  itemprop=\"text\" ><h3>Encontrar fabricante de c\u00e2maras de vigil\u00e2ncia para ve\u00edculos de emerg\u00eancia<\/h3>\n<\/div><\/section><br \/>\n<section  class='av_textblock_section av-l7lxov7u-b15c15bc61bb083fc8c9a6156b2cb346'  itemscope=\"itemscope\" itemtype=\"https:\/\/schema.org\/CreativeWork\" ><div class='avia_textblock'  itemprop=\"text\" ><p>Poder\u00e1 estar a perguntar-se onde pode encontrar um fabricante fi\u00e1vel de c\u00e2maras de vigil\u00e2ncia para ve\u00edculos de emerg\u00eancia. A boa not\u00edcia \u00e9 que a Luview pode ser uma boa escolha. \u00c9 um fabricante fi\u00e1vel com uma forte reputa\u00e7\u00e3o e deve ser capaz de fornecer exatamente aquilo de que necessita. L<\/p>\n<p>Luview is a high-tech enterprise integrating R&amp;D, production and sales, focusing on the field of automotive electronics. The main products are: car cameras, car monitors, car dash cameras, car rearview systems, radar systems, digital rearview mirrors and dash cameras.<\/p>\n<p>\u00c9 claro que tamb\u00e9m pode encontrar um fabricante de c\u00e2maras de vigil\u00e2ncia para ve\u00edculos de emerg\u00eancia pesquisando no Google.<\/p>\n<\/div><\/section><\/p><\/div>\n\n<style type=\"text\/css\" data-created_by=\"avia_inline_auto\" id=\"style-css-av-l2vletd8-6873c757f85d604bdfa88a557a400ac2\">\n.flex_column.av-l2vletd8-6873c757f85d604bdfa88a557a400ac2{\nborder-radius:15px 15px 15px 15px;\n-webkit-border-radius:15px 15px 15px 15px;\n-moz-border-radius:15px 15px 15px 15px;\npadding:50px 50px 50px 50px;\nbox-shadow:0 0 10px 0 #e0e0e0;\n-webkit-box-shadow:0 0 10px 0 #e0e0e0;\n-moz-box-shadow:0 0 10px 0 #e0e0e0;\nbackground-color:#ffffff;\n}\n<\/style>\n<div class='flex_column av-l2vletd8-6873c757f85d604bdfa88a557a400ac2 av_one_full  avia-builder-el-31  el_after_av_one_full  avia-builder-el-last  first flex_column_div column-top-margin'   ><style type=\"text\/css\" data-created_by=\"avia_inline_auto\" id=\"style-css-av-1pn56r-c5797cae44e1194cd88c41e4e080c4a0\">\n#top .av_textblock_section.av-1pn56r-c5797cae44e1194cd88c41e4e080c4a0 .avia_textblock{\ntext-align:center;\n}\n<\/style>\n<section  class='av_textblock_section av-1pn56r-c5797cae44e1194cd88c41e4e080c4a0'  itemscope=\"itemscope\" itemtype=\"https:\/\/schema.org\/CreativeWork\" ><div class='avia_textblock'  itemprop=\"text\" ><h3>Or\u00e7amento personalizado<\/h3>\n<\/div><\/section><br \/>\n\n<style type=\"text\/css\" data-created_by=\"avia_inline_auto\" id=\"style-css-av-1me14z-8350f34feb640d6e4b487e997fe59277\">\n#top .hr.hr-invisible.av-1me14z-8350f34feb640d6e4b487e997fe59277{\nheight:30px;\n}\n<\/style>\n<div  class='hr av-1me14z-8350f34feb640d6e4b487e997fe59277 hr-invisible  avia-builder-el-33  el_after_av_textblock  el_before_av_codeblock'><span class='hr-inner'><span class=\"hr-inner-style\"><\/span><\/span><\/div><br \/>\n<\/p><\/div>","protected":false},"excerpt":{"rendered":"","protected":false},"author":1,"featured_media":0,"parent":387,"menu_order":0,"comment_status":"closed","ping_status":"closed","template":"","meta":{"_monsterinsights_skip_tracking":false,"_monsterinsights_sitenote_active":false,"_monsterinsights_sitenote_note":"","_monsterinsights_sitenote_category":0,"footnotes":""},"class_list":["post-23276","page","type-page","status-publish","hentry"],"_links":{"self":[{"href":"https:\/\/luview.com\/pt\/wp-json\/wp\/v2\/pages\/23276","targetHints":{"allow":["GET"]}}],"collection":[{"href":"https:\/\/luview.com\/pt\/wp-json\/wp\/v2\/pages"}],"about":[{"href":"https:\/\/luview.com\/pt\/wp-json\/wp\/v2\/types\/page"}],"author":[{"embeddable":true,"href":"https:\/\/luview.com\/pt\/wp-json\/wp\/v2\/users\/1"}],"replies":[{"embeddable":true,"href":"https:\/\/luview.com\/pt\/wp-json\/wp\/v2\/comments?post=23276"}],"version-history":[{"count":0,"href":"https:\/\/luview.com\/pt\/wp-json\/wp\/v2\/pages\/23276\/revisions"}],"up":[{"embeddable":true,"href":"https:\/\/luview.com\/pt\/wp-json\/wp\/v2\/pages\/387"}],"wp:attachment":[{"href":"https:\/\/luview.com\/pt\/wp-json\/wp\/v2\/media?parent=23276"}],"curies":[{"name":"wp","href":"https:\/\/api.w.org\/{rel}","templated":true}]}}