{"id":23283,"date":"2022-07-11T12:14:11","date_gmt":"2022-07-11T12:14:11","guid":{"rendered":"https:\/\/luview.com\/?page_id=23283"},"modified":"2025-08-07T07:23:13","modified_gmt":"2025-08-07T07:23:13","slug":"camioes","status":"publish","type":"page","link":"https:\/\/luview.com\/pt\/solutions\/trucks\/","title":{"rendered":"Caminh\u00f5es"},"content":{"rendered":"<style type=\"text\/css\" data-created_by=\"avia_inline_auto\" id=\"style-css-av-l2mxefv0-35bb32fcfe7f503a8ac259e0986fd26a\">\n.avia-section.av-l2mxefv0-35bb32fcfe7f503a8ac259e0986fd26a{\nbackground-repeat:no-repeat;\nbackground-image:url(https:\/\/luview.com\/wp-content\/uploads\/2022\/05\/solution-head.jpg);\nbackground-position:50% 50%;\nbackground-attachment:scroll;\n}\n.avia-section.av-l2mxefv0-35bb32fcfe7f503a8ac259e0986fd26a .av-section-color-overlay{\nopacity:0.8;\nbackground-color:#222222;\n}\n<\/style>\n<div id='av_section_1'  class='avia-section av-l2mxefv0-35bb32fcfe7f503a8ac259e0986fd26a main_color avia-section-default avia-no-border-styling  avia-builder-el-0  el_before_av_one_full  avia-builder-el-first  titlebarbox avia-bg-style-scroll av-section-color-overlay-active container_wrap sidebar_left'  data-section-bg-repeat='no-repeat'><div class=\"av-section-color-overlay-wrap\"><div class=\"av-section-color-overlay\"><\/div><div class='container av-section-cont-open' ><main  role=\"main\" itemprop=\"mainContentOfPage\"  class='template-page content  av-content-small units'><div class='post-entry post-entry-type-page post-entry-23283'><div class='entry-content-wrapper clearfix'>\n\n<style type=\"text\/css\" data-created_by=\"avia_inline_auto\" id=\"style-css-av-l2mxr7wy-b4eaf1ebf22700ba8c0e3ddaf64fafea\">\n.flex_column.av-l2mxr7wy-b4eaf1ebf22700ba8c0e3ddaf64fafea{\npadding:10% 0 10% 0;\n}\n<\/style>\n<div class='flex_column av-l2mxr7wy-b4eaf1ebf22700ba8c0e3ddaf64fafea av_one_full  avia-builder-el-1  avia-builder-el-no-sibling  first flex_column_div'   ><style type=\"text\/css\" data-created_by=\"avia_inline_auto\" id=\"style-css-av-l2mxewun-812b60f9f631bff3f3cece738bb226b9\">\n#top .av_textblock_section.av-l2mxewun-812b60f9f631bff3f3cece738bb226b9 .avia_textblock{\ncolor:#ffffff;\ntext-align:center;\n}\n<\/style>\n<section  class='av_textblock_section av-l2mxewun-812b60f9f631bff3f3cece738bb226b9'  itemscope=\"itemscope\" itemtype=\"https:\/\/schema.org\/CreativeWork\" ><div class='avia_textblock av_inherit_color'  itemprop=\"text\" ><h1>Solu\u00e7\u00f5es para cami\u00f5es<\/h1>\n<\/div><\/section><br \/>\n<\/p><\/div>\n<\/div><\/div><\/main><!-- close content main element --><\/div><\/div><\/div><div id='after_section_1'  class='main_color av_default_container_wrap container_wrap sidebar_left'  ><div class='container av-section-cont-open' ><div class='template-page content  av-content-small units'><div class='post-entry post-entry-type-page post-entry-23283'><div class='entry-content-wrapper clearfix'>\n<div class='flex_column av-36otn7-68283b50c5d531435b3089733b837bd2 av_one_full  avia-builder-el-4  el_after_av_section  el_before_av_textblock  avia-builder-el-first  first flex_column_div'   ><section  class='av_textblock_section av-l2vl0whv-9e31ed8ef585d492647868c52b55fc1a'  itemscope=\"itemscope\" itemtype=\"https:\/\/schema.org\/CreativeWork\" ><div class='avia_textblock av_inherit_color'  itemprop=\"text\" ><h2>Backup Camera System &amp; Solution for Truck<\/h2>\n<\/div><\/section><\/div>\n<section  class='av_textblock_section av-jar7rn-fa46e8ff088fc2846e3364955e592bb8'  itemscope=\"itemscope\" itemtype=\"https:\/\/schema.org\/CreativeWork\" ><div class='avia_textblock'  itemprop=\"text\" ><p>As c\u00e2maras de marcha-atr\u00e1s podem ajudar os condutores de todos os tipos a navegar em situa\u00e7\u00f5es complicadas. Os cami\u00f5es, pela sua natureza, t\u00eam mais \u00e2ngulos mortos e \u00e1reas circundantes maiores. Os condutores precisam de uma ajuda extra para ver o que est\u00e1 atr\u00e1s deles. Estes dispositivos s\u00e3o uma ferramenta indispens\u00e1vel para os cami\u00f5es modernos. A Luview fabrica v\u00e1rios tipos de sistemas de c\u00e2maras de vigil\u00e2ncia para cami\u00f5es e tem 18 anos de experi\u00eancia em solu\u00e7\u00f5es de monitoriza\u00e7\u00e3o de ve\u00edculos. Contacte-nos atrav\u00e9s de <a href=\"mailto:sales@luview.com\">sales@luview.com<\/a>\u00a0se tiveres algum interesse.<\/p>\n<\/div><\/section>\n<div class='flex_column av-2ps3aj-3e87c5f96607d28e3a55d1356f20c5cd av_one_third  avia-builder-el-7  el_after_av_textblock  el_before_av_one_third  first flex_column_div column-top-margin'   ><p>\n<style type=\"text\/css\" data-created_by=\"avia_inline_auto\" id=\"style-css-av-l2vl5f5x-774e3f8866502100ce937d4510952324\">\n.avia-image-container.av-l2vl5f5x-774e3f8866502100ce937d4510952324 .av-image-caption-overlay-center{\ncolor:#ffffff;\n}\n<\/style>\n<div  class='avia-image-container av-l2vl5f5x-774e3f8866502100ce937d4510952324 av-styling- avia-align-center  avia-builder-el-8  el_before_av_textblock  avia-builder-el-first'  itemprop=\"image\" itemscope=\"itemscope\" itemtype=\"https:\/\/schema.org\/ImageObject\" ><div class=\"avia-image-container-inner\"><div class=\"avia-image-overlay-wrap\"><a href=\"https:\/\/luview.com\/pt\/solutions\/trucks\/box-truck-camera-system\/\" class='avia_image' ><img decoding=\"async\" class='wp-image-23596 avia-img-lazy-loading-not-23596 avia_image lazyload' data-src=\"https:\/\/luview.com\/wp-content\/uploads\/2022\/08\/Box-Truck-Camera-Solution.jpg\"  title='Solu\u00e7\u00e3o de c\u00e2mara para cami\u00f5es de caixa fechada'  height=\"400\" width=\"400\"  itemprop=\"thumbnailUrl\" data-srcset=\"https:\/\/luview.com\/wp-content\/uploads\/2022\/08\/Box-Truck-Camera-Solution.jpg 400w, https:\/\/luview.com\/wp-content\/uploads\/2022\/08\/Box-Truck-Camera-Solution-100x100.jpg 100w, https:\/\/luview.com\/wp-content\/uploads\/2022\/08\/Box-Truck-Camera-Solution-300x300.jpg 300w, https:\/\/luview.com\/wp-content\/uploads\/2022\/08\/Box-Truck-Camera-Solution-80x80.jpg 80w, https:\/\/luview.com\/wp-content\/uploads\/2022\/08\/Box-Truck-Camera-Solution-36x36.jpg 36w, https:\/\/luview.com\/wp-content\/uploads\/2022\/08\/Box-Truck-Camera-Solution-180x180.jpg 180w\" data-sizes=\"(max-width: 400px) 100vw, 400px\" alt=\"Trucks\u63d2\u56fe\" src=\"data:image\/svg+xml;base64,PHN2ZyB3aWR0aD0iMSIgaGVpZ2h0PSIxIiB4bWxucz0iaHR0cDovL3d3dy53My5vcmcvMjAwMC9zdmciPjwvc3ZnPg==\" style=\"--smush-placeholder-width: 400px; --smush-placeholder-aspect-ratio: 400\/400;\" \/><\/a><\/div><\/div><\/div><br \/>\n\n<style type=\"text\/css\" data-created_by=\"avia_inline_auto\" id=\"style-css-av-2m67d7-f8b3e92bddd972c8958c08357236f45c\">\n#top .av_textblock_section.av-2m67d7-f8b3e92bddd972c8958c08357236f45c .avia_textblock{\ntext-align:center;\n}\n<\/style>\n<section  class='av_textblock_section av-2m67d7-f8b3e92bddd972c8958c08357236f45c'  itemscope=\"itemscope\" itemtype=\"https:\/\/schema.org\/CreativeWork\" ><div class='avia_textblock'  itemprop=\"text\" ><h4 style=\"text-align: center;\"><a href=\"https:\/\/luview.com\/solutions\/trucks\/box-truck-camera-system\/\">Solu\u00e7\u00e3o de c\u00e2mara para cami\u00f5es de caixa fechada<\/a><\/h4>\n<\/div><\/section><\/p><\/div>\n<div class='flex_column av-2ejarf-e202d8942680281a68fcdb041db7e656 av_one_third  avia-builder-el-10  el_after_av_one_third  el_before_av_one_third  flex_column_div column-top-margin'   ><p>\n<style type=\"text\/css\" data-created_by=\"avia_inline_auto\" id=\"style-css-av-l2vl5vyn-b7547326f0ffaa0c2d6df6f01311d79e\">\n.avia-image-container.av-l2vl5vyn-b7547326f0ffaa0c2d6df6f01311d79e .av-image-caption-overlay-center{\ncolor:#ffffff;\n}\n<\/style>\n<div  class='avia-image-container av-l2vl5vyn-b7547326f0ffaa0c2d6df6f01311d79e av-styling- avia-align-center  avia-builder-el-11  el_before_av_textblock  avia-builder-el-first'  itemprop=\"image\" itemscope=\"itemscope\" itemtype=\"https:\/\/schema.org\/ImageObject\" ><div class=\"avia-image-container-inner\"><div class=\"avia-image-overlay-wrap\"><a href=\"https:\/\/luview.com\/pt\/solutions\/trucks\/dump-truck-camera-system\/\" class='avia_image' ><img decoding=\"async\" class='wp-image-23600 avia-img-lazy-loading-not-23600 avia_image lazyload' data-src=\"https:\/\/luview.com\/wp-content\/uploads\/2022\/08\/Dump-Truck-Camera-Solution.jpg\" alt='Solu\u00e7\u00e3o de c\u00e2mara para cami\u00f5es basculantes' title='Solu\u00e7\u00e3o de c\u00e2mara para cami\u00f5es basculantes'  height=\"400\" width=\"400\"  itemprop=\"thumbnailUrl\" data-srcset=\"https:\/\/luview.com\/wp-content\/uploads\/2022\/08\/Dump-Truck-Camera-Solution.jpg 400w, https:\/\/luview.com\/wp-content\/uploads\/2022\/08\/Dump-Truck-Camera-Solution-100x100.jpg 100w, https:\/\/luview.com\/wp-content\/uploads\/2022\/08\/Dump-Truck-Camera-Solution-300x300.jpg 300w, https:\/\/luview.com\/wp-content\/uploads\/2022\/08\/Dump-Truck-Camera-Solution-80x80.jpg 80w, https:\/\/luview.com\/wp-content\/uploads\/2022\/08\/Dump-Truck-Camera-Solution-36x36.jpg 36w, https:\/\/luview.com\/wp-content\/uploads\/2022\/08\/Dump-Truck-Camera-Solution-180x180.jpg 180w\" data-sizes=\"(max-width: 400px) 100vw, 400px\" src=\"data:image\/svg+xml;base64,PHN2ZyB3aWR0aD0iMSIgaGVpZ2h0PSIxIiB4bWxucz0iaHR0cDovL3d3dy53My5vcmcvMjAwMC9zdmciPjwvc3ZnPg==\" style=\"--smush-placeholder-width: 400px; --smush-placeholder-aspect-ratio: 400\/400;\" \/><\/a><\/div><\/div><\/div><br \/>\n\n<style type=\"text\/css\" data-created_by=\"avia_inline_auto\" id=\"style-css-av-2ame8b-12b496c1614357556a4c7bab706be968\">\n#top .av_textblock_section.av-2ame8b-12b496c1614357556a4c7bab706be968 .avia_textblock{\ntext-align:center;\n}\n<\/style>\n<section  class='av_textblock_section av-2ame8b-12b496c1614357556a4c7bab706be968'  itemscope=\"itemscope\" itemtype=\"https:\/\/schema.org\/CreativeWork\" ><div class='avia_textblock'  itemprop=\"text\" ><h4 style=\"text-align: center;\"><a href=\"https:\/\/luview.com\/solutions\/trucks\/dump-truck-camera-system\/\">Solu\u00e7\u00e3o de c\u00e2mara para cami\u00f5es basculantes<\/a><\/h4>\n<\/div><\/section><\/p><\/div>\n<div class='flex_column av-33x9jf-1c424f85e815b2819914c47335725612 av_one_third  avia-builder-el-13  el_after_av_one_third  el_before_av_one_third  flex_column_div column-top-margin'   ><p>\n<style type=\"text\/css\" data-created_by=\"avia_inline_auto\" id=\"style-css-av-l2vl2xqc-ed7edee545ab3756b98e69cef92a42ac\">\n.avia-image-container.av-l2vl2xqc-ed7edee545ab3756b98e69cef92a42ac .av-image-caption-overlay-center{\ncolor:#ffffff;\n}\n<\/style>\n<div  class='avia-image-container av-l2vl2xqc-ed7edee545ab3756b98e69cef92a42ac av-styling- avia-align-center  avia-builder-el-14  el_before_av_textblock  avia-builder-el-first'  itemprop=\"image\" itemscope=\"itemscope\" itemtype=\"https:\/\/schema.org\/ImageObject\" ><div class=\"avia-image-container-inner\"><div class=\"avia-image-overlay-wrap\"><a href=\"https:\/\/luview.com\/pt\/solutions\/trucks\/garbage-truck-camera-system\/\" class='avia_image' ><img decoding=\"async\" class='wp-image-23605 avia-img-lazy-loading-not-23605 avia_image lazyload' data-src=\"https:\/\/luview.com\/wp-content\/uploads\/2022\/08\/Garbage-Truck-Camera-Solution.jpg\"  title='Solu\u00e7\u00e3o de c\u00e2maras para cami\u00f5es do lixo'  height=\"400\" width=\"400\"  itemprop=\"thumbnailUrl\" data-srcset=\"https:\/\/luview.com\/wp-content\/uploads\/2022\/08\/Garbage-Truck-Camera-Solution.jpg 400w, https:\/\/luview.com\/wp-content\/uploads\/2022\/08\/Garbage-Truck-Camera-Solution-100x100.jpg 100w, https:\/\/luview.com\/wp-content\/uploads\/2022\/08\/Garbage-Truck-Camera-Solution-300x300.jpg 300w, https:\/\/luview.com\/wp-content\/uploads\/2022\/08\/Garbage-Truck-Camera-Solution-80x80.jpg 80w, https:\/\/luview.com\/wp-content\/uploads\/2022\/08\/Garbage-Truck-Camera-Solution-36x36.jpg 36w, https:\/\/luview.com\/wp-content\/uploads\/2022\/08\/Garbage-Truck-Camera-Solution-180x180.jpg 180w\" data-sizes=\"(max-width: 400px) 100vw, 400px\" alt=\"Trucks\u63d2\u56fe2\" src=\"data:image\/svg+xml;base64,PHN2ZyB3aWR0aD0iMSIgaGVpZ2h0PSIxIiB4bWxucz0iaHR0cDovL3d3dy53My5vcmcvMjAwMC9zdmciPjwvc3ZnPg==\" style=\"--smush-placeholder-width: 400px; --smush-placeholder-aspect-ratio: 400\/400;\" \/><\/a><\/div><\/div><\/div><br \/>\n\n<style type=\"text\/css\" data-created_by=\"avia_inline_auto\" id=\"style-css-av-l2vl44qd-a9fd2e80f8564808c6bd161526b1aaa5\">\n#top .av_textblock_section.av-l2vl44qd-a9fd2e80f8564808c6bd161526b1aaa5 .avia_textblock{\ntext-align:center;\n}\n<\/style>\n<section  class='av_textblock_section av-l2vl44qd-a9fd2e80f8564808c6bd161526b1aaa5'  itemscope=\"itemscope\" itemtype=\"https:\/\/schema.org\/CreativeWork\" ><div class='avia_textblock'  itemprop=\"text\" ><h4 style=\"text-align: center;\"><a href=\"https:\/\/luview.com\/solutions\/trucks\/dump-truck-camera-system\/\">Solu\u00e7\u00e3o de c\u00e2maras para cami\u00f5es do lixo<\/a><\/h4>\n<\/div><\/section><\/p><\/div>\n<div class='flex_column av-1w0job-f7b39fefdc55abed3e88101aa0d2c13e av_one_third  avia-builder-el-16  el_after_av_one_third  el_before_av_one_third  first flex_column_div column-top-margin'   ><p>\n<style type=\"text\/css\" data-created_by=\"avia_inline_auto\" id=\"style-css-av-l2vl6wsn-b5c5b0e7ccbf9d6f9114727706123b5f\">\n.avia-image-container.av-l2vl6wsn-b5c5b0e7ccbf9d6f9114727706123b5f .av-image-caption-overlay-center{\ncolor:#ffffff;\n}\n<\/style>\n<div  class='avia-image-container av-l2vl6wsn-b5c5b0e7ccbf9d6f9114727706123b5f av-styling- avia-align-center  avia-builder-el-17  el_before_av_textblock  avia-builder-el-first'  itemprop=\"image\" itemscope=\"itemscope\" itemtype=\"https:\/\/schema.org\/ImageObject\" ><div class=\"avia-image-container-inner\"><div class=\"avia-image-overlay-wrap\"><a href=\"https:\/\/luview.com\/pt\/solutions\/trucks\/pickup-truck-camera-system\/\" class='avia_image' ><img decoding=\"async\" class='wp-image-23611 avia-img-lazy-loading-not-23611 avia_image lazyload' data-src=\"https:\/\/luview.com\/wp-content\/uploads\/2022\/08\/Pickup-Truck-Camera-Solution.jpg\"  title='Solu\u00e7\u00e3o de c\u00e2mara para camionetas'  height=\"400\" width=\"400\"  itemprop=\"thumbnailUrl\" data-srcset=\"https:\/\/luview.com\/wp-content\/uploads\/2022\/08\/Pickup-Truck-Camera-Solution.jpg 400w, https:\/\/luview.com\/wp-content\/uploads\/2022\/08\/Pickup-Truck-Camera-Solution-100x100.jpg 100w, https:\/\/luview.com\/wp-content\/uploads\/2022\/08\/Pickup-Truck-Camera-Solution-300x300.jpg 300w, https:\/\/luview.com\/wp-content\/uploads\/2022\/08\/Pickup-Truck-Camera-Solution-80x80.jpg 80w, https:\/\/luview.com\/wp-content\/uploads\/2022\/08\/Pickup-Truck-Camera-Solution-36x36.jpg 36w, https:\/\/luview.com\/wp-content\/uploads\/2022\/08\/Pickup-Truck-Camera-Solution-180x180.jpg 180w\" data-sizes=\"(max-width: 400px) 100vw, 400px\" alt=\"Trucks\u63d2\u56fe3\" src=\"data:image\/svg+xml;base64,PHN2ZyB3aWR0aD0iMSIgaGVpZ2h0PSIxIiB4bWxucz0iaHR0cDovL3d3dy53My5vcmcvMjAwMC9zdmciPjwvc3ZnPg==\" style=\"--smush-placeholder-width: 400px; --smush-placeholder-aspect-ratio: 400\/400;\" \/><\/a><\/div><\/div><\/div><br \/>\n\n<style type=\"text\/css\" data-created_by=\"avia_inline_auto\" id=\"style-css-av-1p19dn-a970b6d55ba0d86edd4047305c5de9ec\">\n#top .av_textblock_section.av-1p19dn-a970b6d55ba0d86edd4047305c5de9ec .avia_textblock{\ntext-align:center;\n}\n<\/style>\n<section  class='av_textblock_section av-1p19dn-a970b6d55ba0d86edd4047305c5de9ec'  itemscope=\"itemscope\" itemtype=\"https:\/\/schema.org\/CreativeWork\" ><div class='avia_textblock'  itemprop=\"text\" ><h4 style=\"text-align: center;\"><a href=\"https:\/\/luview.com\/solutions\/trucks\/pickup-truck-camera-system\/\">Solu\u00e7\u00e3o de c\u00e2mara para camionetas<\/a><\/h4>\n<\/div><\/section><\/p><\/div>\n<div class='flex_column av-24fj2z-0669ea80cabb754ad49006ee03e9e755 av_one_third  avia-builder-el-19  el_after_av_one_third  el_before_av_one_third  flex_column_div column-top-margin'   ><p>\n<style type=\"text\/css\" data-created_by=\"avia_inline_auto\" id=\"style-css-av-l2vl6a2o-34e1ccd8234c48dd6b90fc0c8efd0014\">\n.avia-image-container.av-l2vl6a2o-34e1ccd8234c48dd6b90fc0c8efd0014 .av-image-caption-overlay-center{\ncolor:#ffffff;\n}\n<\/style>\n<div  class='avia-image-container av-l2vl6a2o-34e1ccd8234c48dd6b90fc0c8efd0014 av-styling- avia-align-center  avia-builder-el-20  el_before_av_textblock  avia-builder-el-first'  itemprop=\"image\" itemscope=\"itemscope\" itemtype=\"https:\/\/schema.org\/ImageObject\" ><div class=\"avia-image-container-inner\"><div class=\"avia-image-overlay-wrap\"><a href=\"https:\/\/luview.com\/pt\/solutions\/trucks\/tow-truck-camera-system\/\" class='avia_image' ><img decoding=\"async\" class='wp-image-23615 avia-img-lazy-loading-not-23615 avia_image lazyload' data-src=\"https:\/\/luview.com\/wp-content\/uploads\/2022\/08\/Tow-Truck-Camera-Solution.jpg\" alt='Solu\u00e7\u00e3o de c\u00e2mara para reboque' title='Solu\u00e7\u00e3o de c\u00e2mara para reboque'  height=\"400\" width=\"400\"  itemprop=\"thumbnailUrl\" data-srcset=\"https:\/\/luview.com\/wp-content\/uploads\/2022\/08\/Tow-Truck-Camera-Solution.jpg 400w, https:\/\/luview.com\/wp-content\/uploads\/2022\/08\/Tow-Truck-Camera-Solution-100x100.jpg 100w, https:\/\/luview.com\/wp-content\/uploads\/2022\/08\/Tow-Truck-Camera-Solution-300x300.jpg 300w, https:\/\/luview.com\/wp-content\/uploads\/2022\/08\/Tow-Truck-Camera-Solution-80x80.jpg 80w, https:\/\/luview.com\/wp-content\/uploads\/2022\/08\/Tow-Truck-Camera-Solution-36x36.jpg 36w, https:\/\/luview.com\/wp-content\/uploads\/2022\/08\/Tow-Truck-Camera-Solution-180x180.jpg 180w\" data-sizes=\"(max-width: 400px) 100vw, 400px\" src=\"data:image\/svg+xml;base64,PHN2ZyB3aWR0aD0iMSIgaGVpZ2h0PSIxIiB4bWxucz0iaHR0cDovL3d3dy53My5vcmcvMjAwMC9zdmciPjwvc3ZnPg==\" style=\"--smush-placeholder-width: 400px; --smush-placeholder-aspect-ratio: 400\/400;\" \/><\/a><\/div><\/div><\/div><br \/>\n\n<style type=\"text\/css\" data-created_by=\"avia_inline_auto\" id=\"style-css-av-l2vl6kaz-600c655cf69a56eca0cd7d73b7dced5c\">\n#top .av_textblock_section.av-l2vl6kaz-600c655cf69a56eca0cd7d73b7dced5c .avia_textblock{\ntext-align:center;\n}\n<\/style>\n<section  class='av_textblock_section av-l2vl6kaz-600c655cf69a56eca0cd7d73b7dced5c'  itemscope=\"itemscope\" itemtype=\"https:\/\/schema.org\/CreativeWork\" ><div class='avia_textblock'  itemprop=\"text\" ><h4 style=\"text-align: center;\"><a href=\"https:\/\/luview.com\/solutions\/trucks\/tow-truck-camera-system\/\">Solu\u00e7\u00e3o de c\u00e2mara para reboque<\/a><\/h4>\n<\/div><\/section><\/p><\/div>\n<div class='flex_column av-2y8uqr-a8be6aa194f6ab0d744c9255f994ae29 av_one_third  avia-builder-el-22  el_after_av_one_third  el_before_av_one_full  flex_column_div column-top-margin'   ><p>\n<style type=\"text\/css\" data-created_by=\"avia_inline_auto\" id=\"style-css-av-l2vl4x33-d1592c9c67517dcbcb8edaca71f672d2\">\n.avia-image-container.av-l2vl4x33-d1592c9c67517dcbcb8edaca71f672d2 .av-image-caption-overlay-center{\ncolor:#ffffff;\n}\n<\/style>\n<div  class='avia-image-container av-l2vl4x33-d1592c9c67517dcbcb8edaca71f672d2 av-styling- avia-align-center  avia-builder-el-23  el_before_av_textblock  avia-builder-el-first'  itemprop=\"image\" itemscope=\"itemscope\" itemtype=\"https:\/\/schema.org\/ImageObject\" ><div class=\"avia-image-container-inner\"><div class=\"avia-image-overlay-wrap\"><a href=\"https:\/\/luview.com\/pt\/solutions\/trucks\/oil-tanker-truck-camera-system\/\" class='avia_image' ><img decoding=\"async\" class='wp-image-23619 avia-img-lazy-loading-not-23619 avia_image lazyload' data-src=\"https:\/\/luview.com\/wp-content\/uploads\/2022\/08\/Oil-Tanker-Truck-Camera-Solution.jpg\"  title='Solu\u00e7\u00e3o de c\u00e2maras para cami\u00f5es-cisterna de petr\u00f3leo'  height=\"400\" width=\"400\"  itemprop=\"thumbnailUrl\" data-srcset=\"https:\/\/luview.com\/wp-content\/uploads\/2022\/08\/Oil-Tanker-Truck-Camera-Solution.jpg 400w, https:\/\/luview.com\/wp-content\/uploads\/2022\/08\/Oil-Tanker-Truck-Camera-Solution-100x100.jpg 100w, https:\/\/luview.com\/wp-content\/uploads\/2022\/08\/Oil-Tanker-Truck-Camera-Solution-300x300.jpg 300w, https:\/\/luview.com\/wp-content\/uploads\/2022\/08\/Oil-Tanker-Truck-Camera-Solution-80x80.jpg 80w, https:\/\/luview.com\/wp-content\/uploads\/2022\/08\/Oil-Tanker-Truck-Camera-Solution-36x36.jpg 36w, https:\/\/luview.com\/wp-content\/uploads\/2022\/08\/Oil-Tanker-Truck-Camera-Solution-180x180.jpg 180w\" data-sizes=\"(max-width: 400px) 100vw, 400px\" alt=\"Trucks\u63d2\u56fe5\" src=\"data:image\/svg+xml;base64,PHN2ZyB3aWR0aD0iMSIgaGVpZ2h0PSIxIiB4bWxucz0iaHR0cDovL3d3dy53My5vcmcvMjAwMC9zdmciPjwvc3ZnPg==\" style=\"--smush-placeholder-width: 400px; --smush-placeholder-aspect-ratio: 400\/400;\" \/><\/a><\/div><\/div><\/div><br \/>\n\n<style type=\"text\/css\" data-created_by=\"avia_inline_auto\" id=\"style-css-av-l2vl512g-d202ea697a71c856bc5a5cfc5043f6df\">\n#top .av_textblock_section.av-l2vl512g-d202ea697a71c856bc5a5cfc5043f6df .avia_textblock{\ntext-align:center;\n}\n<\/style>\n<section  class='av_textblock_section av-l2vl512g-d202ea697a71c856bc5a5cfc5043f6df'  itemscope=\"itemscope\" itemtype=\"https:\/\/schema.org\/CreativeWork\" ><div class='avia_textblock'  itemprop=\"text\" ><h4 style=\"text-align: center;\"><a href=\"https:\/\/luview.com\/solutions\/trucks\/oil-tanker-truck-camera-system\/\">Solu\u00e7\u00e3o de c\u00e2maras para cami\u00f5es-cisterna de petr\u00f3leo<\/a><\/h4>\n<\/div><\/section><\/p><\/div>\n<div class='flex_column av-zn923-2998580518e3833d33293177f79d69a5 av_one_full  avia-builder-el-25  el_after_av_one_third  el_before_av_one_full  first flex_column_div column-top-margin'   ><section  class='av_textblock_section av-l2vl9sc8-321202df39fd446ec8d30e8813d0d1d6'  itemscope=\"itemscope\" itemtype=\"https:\/\/schema.org\/CreativeWork\" ><div class='avia_textblock'  itemprop=\"text\" ><h3>C\u00e2maras de vigil\u00e2ncia com ou sem fios para cami\u00f5es?<\/h3>\n<\/div><\/section><br \/>\n<section  class='av_textblock_section av-l2vla2no-02a9d235c6ee455249ee410d4d085d73'  itemscope=\"itemscope\" itemtype=\"https:\/\/schema.org\/CreativeWork\" ><div class='avia_textblock'  itemprop=\"text\" ><p>Para ve\u00edculos mais pequenos e m\u00e9dios, uma c\u00e2mara de vigil\u00e2ncia com fios \u00e9 uma excelente op\u00e7\u00e3o. No entanto, este tipo de sistema pode n\u00e3o ser compat\u00edvel com ve\u00edculos mais compridos. Mas, se estiver a comprar uma para um cami\u00e3o mais comprido, pode obter uma vers\u00e3o sem fios que funcione com o seu painel de instrumentos. Uma c\u00e2mara de reserva sem fios oferece-lhe uma liga\u00e7\u00e3o direta e imunidade a interfer\u00eancias de v\u00eddeo enquanto faz marcha-atr\u00e1s com o seu ve\u00edculo.<\/p>\n<\/div><\/section><br \/>\n<section  class='av_textblock_section av-l7ljae3z-797104d6634b16cf04d621077e976bda'  itemscope=\"itemscope\" itemtype=\"https:\/\/schema.org\/CreativeWork\" ><div class='avia_textblock'  itemprop=\"text\" ><h3>Encontre o fabricante certo de c\u00e2maras de vigil\u00e2ncia para cami\u00f5es<\/h3>\n<\/div><\/section><br \/>\n<section  class='av_textblock_section av-l7ljaprx-7d3a60a02dc255a21931419cd54349cc'  itemscope=\"itemscope\" itemtype=\"https:\/\/schema.org\/CreativeWork\" ><div class='avia_textblock'  itemprop=\"text\" ><p>A escolha do fabricante certo de c\u00e2maras de vigil\u00e2ncia para cami\u00f5es \u00e9 muito importante. Porque est\u00e1 relacionado com o custo global de aquisi\u00e7\u00e3o. Os fabricantes devem ser avaliados antes da coopera\u00e7\u00e3o, incluindo a avalia\u00e7\u00e3o e a avalia\u00e7\u00e3o da taxa de aprova\u00e7\u00e3o da qualidade da c\u00e2mara, a taxa de entrega atempada, a taxa de danos na entrega, o n\u00edvel de pre\u00e7os, o n\u00edvel de custos de aquisi\u00e7\u00e3o, etc. Se tudo o que o fabricante oferece corresponder \u00e0s expectativas, ent\u00e3o deve ser o fabricante correto para cooperar.<\/p>\n<\/div><\/section><\/p><\/div>\n\n<style type=\"text\/css\" data-created_by=\"avia_inline_auto\" id=\"style-css-av-l2vletd8-6873c757f85d604bdfa88a557a400ac2\">\n.flex_column.av-l2vletd8-6873c757f85d604bdfa88a557a400ac2{\nborder-radius:15px 15px 15px 15px;\n-webkit-border-radius:15px 15px 15px 15px;\n-moz-border-radius:15px 15px 15px 15px;\npadding:50px 50px 50px 50px;\nbox-shadow:0 0 10px 0 #e0e0e0;\n-webkit-box-shadow:0 0 10px 0 #e0e0e0;\n-moz-box-shadow:0 0 10px 0 #e0e0e0;\nbackground-color:#ffffff;\n}\n<\/style>\n<div class='flex_column av-l2vletd8-6873c757f85d604bdfa88a557a400ac2 av_one_full  avia-builder-el-30  el_after_av_one_full  avia-builder-el-last  first flex_column_div column-top-margin'   ><style type=\"text\/css\" data-created_by=\"avia_inline_auto\" id=\"style-css-av-1pn56r-c5797cae44e1194cd88c41e4e080c4a0\">\n#top .av_textblock_section.av-1pn56r-c5797cae44e1194cd88c41e4e080c4a0 .avia_textblock{\ntext-align:center;\n}\n<\/style>\n<section  class='av_textblock_section av-1pn56r-c5797cae44e1194cd88c41e4e080c4a0'  itemscope=\"itemscope\" itemtype=\"https:\/\/schema.org\/CreativeWork\" ><div class='avia_textblock'  itemprop=\"text\" ><h2 style=\"text-transform: uppercase;\">Or\u00e7amento personalizado<\/h2>\n<\/div><\/section><br \/>\n\n<style type=\"text\/css\" data-created_by=\"avia_inline_auto\" id=\"style-css-av-1me14z-8350f34feb640d6e4b487e997fe59277\">\n#top .hr.hr-invisible.av-1me14z-8350f34feb640d6e4b487e997fe59277{\nheight:30px;\n}\n<\/style>\n<div  class='hr av-1me14z-8350f34feb640d6e4b487e997fe59277 hr-invisible  avia-builder-el-32  el_after_av_textblock  el_before_av_codeblock'><span class='hr-inner'><span class=\"hr-inner-style\"><\/span><\/span><\/div><br \/>\n<\/p><\/div>","protected":false},"excerpt":{"rendered":"","protected":false},"author":1,"featured_media":0,"parent":387,"menu_order":0,"comment_status":"closed","ping_status":"closed","template":"","meta":{"_monsterinsights_skip_tracking":false,"_monsterinsights_sitenote_active":false,"_monsterinsights_sitenote_note":"","_monsterinsights_sitenote_category":0,"footnotes":""},"class_list":["post-23283","page","type-page","status-publish","hentry"],"_links":{"self":[{"href":"https:\/\/luview.com\/pt\/wp-json\/wp\/v2\/pages\/23283","targetHints":{"allow":["GET"]}}],"collection":[{"href":"https:\/\/luview.com\/pt\/wp-json\/wp\/v2\/pages"}],"about":[{"href":"https:\/\/luview.com\/pt\/wp-json\/wp\/v2\/types\/page"}],"author":[{"embeddable":true,"href":"https:\/\/luview.com\/pt\/wp-json\/wp\/v2\/users\/1"}],"replies":[{"embeddable":true,"href":"https:\/\/luview.com\/pt\/wp-json\/wp\/v2\/comments?post=23283"}],"version-history":[{"count":0,"href":"https:\/\/luview.com\/pt\/wp-json\/wp\/v2\/pages\/23283\/revisions"}],"up":[{"embeddable":true,"href":"https:\/\/luview.com\/pt\/wp-json\/wp\/v2\/pages\/387"}],"wp:attachment":[{"href":"https:\/\/luview.com\/pt\/wp-json\/wp\/v2\/media?parent=23283"}],"curies":[{"name":"wp","href":"https:\/\/api.w.org\/{rel}","templated":true}]}}