{"id":23589,"date":"2022-08-24T15:54:14","date_gmt":"2022-08-24T15:54:14","guid":{"rendered":"https:\/\/luview.com\/?page_id=23589"},"modified":"2025-08-07T07:23:08","modified_gmt":"2025-08-07T07:23:08","slug":"sistema-de-camara-para-reboques-teardrop","status":"publish","type":"page","link":"https:\/\/luview.com\/pt\/solutions\/trailers\/teardrop-trailer-camera-system\/","title":{"rendered":"Sistema de c\u00e2maras para reboques Teardrop"},"content":{"rendered":"<style type=\"text\/css\" data-created_by=\"avia_inline_auto\" id=\"style-css-av-l2mxefv0-35bb32fcfe7f503a8ac259e0986fd26a\">\n.avia-section.av-l2mxefv0-35bb32fcfe7f503a8ac259e0986fd26a{\nbackground-repeat:no-repeat;\nbackground-image:url(https:\/\/luview.com\/wp-content\/uploads\/2022\/05\/solution-head.jpg);\nbackground-position:50% 50%;\nbackground-attachment:scroll;\n}\n.avia-section.av-l2mxefv0-35bb32fcfe7f503a8ac259e0986fd26a .av-section-color-overlay{\nopacity:0.8;\nbackground-color:#222222;\n}\n<\/style>\n<div id='av_section_1'  class='avia-section av-l2mxefv0-35bb32fcfe7f503a8ac259e0986fd26a main_color avia-section-default avia-no-border-styling  avia-builder-el-0  el_before_av_one_full  avia-builder-el-first  titlebarbox avia-bg-style-scroll av-section-color-overlay-active container_wrap sidebar_left'  data-section-bg-repeat='no-repeat'><div class=\"av-section-color-overlay-wrap\"><div class=\"av-section-color-overlay\"><\/div><div class='container av-section-cont-open' ><main  role=\"main\" itemprop=\"mainContentOfPage\"  class='template-page content  av-content-small units'><div class='post-entry post-entry-type-page post-entry-23589'><div class='entry-content-wrapper clearfix'>\n\n<style type=\"text\/css\" data-created_by=\"avia_inline_auto\" id=\"style-css-av-l2mxr7wy-b4eaf1ebf22700ba8c0e3ddaf64fafea\">\n.flex_column.av-l2mxr7wy-b4eaf1ebf22700ba8c0e3ddaf64fafea{\npadding:10% 0 10% 0;\n}\n<\/style>\n<div class='flex_column av-l2mxr7wy-b4eaf1ebf22700ba8c0e3ddaf64fafea av_one_full  avia-builder-el-1  avia-builder-el-no-sibling  first flex_column_div'   ><style type=\"text\/css\" data-created_by=\"avia_inline_auto\" id=\"style-css-av-l2mxewun-812b60f9f631bff3f3cece738bb226b9\">\n#top .av_textblock_section.av-l2mxewun-812b60f9f631bff3f3cece738bb226b9 .avia_textblock{\ncolor:#ffffff;\ntext-align:center;\n}\n<\/style>\n<section  class='av_textblock_section av-l2mxewun-812b60f9f631bff3f3cece738bb226b9'  itemscope=\"itemscope\" itemtype=\"https:\/\/schema.org\/CreativeWork\" ><div class='avia_textblock av_inherit_color'  itemprop=\"text\" ><h1>Sistema de c\u00e2maras para reboques Teardrop<\/h1>\n<\/div><\/section><br \/>\n<\/p><\/div>\n<\/div><\/div><\/main><!-- close content main element --><\/div><\/div><\/div><div id='after_section_1'  class='main_color av_default_container_wrap container_wrap sidebar_left'  ><div class='container av-section-cont-open' ><div class='template-page content  av-content-small units'><div class='post-entry post-entry-type-page post-entry-23589'><div class='entry-content-wrapper clearfix'>\n<div class='flex_column av-36otn7-68283b50c5d531435b3089733b837bd2 av_one_full  avia-builder-el-4  el_after_av_section  el_before_av_two_third  avia-builder-el-first  first flex_column_div'   ><style type=\"text\/css\" data-created_by=\"avia_inline_auto\" id=\"style-css-av-l2vl0whv-12c18fcd60407881c4a552325390afb9\">\n#top .av_textblock_section.av-l2vl0whv-12c18fcd60407881c4a552325390afb9 .avia_textblock{\ncolor:#333333;\n}\n<\/style>\n<section  class='av_textblock_section av-l2vl0whv-12c18fcd60407881c4a552325390afb9'  itemscope=\"itemscope\" itemtype=\"https:\/\/schema.org\/CreativeWork\" ><div class='avia_textblock av_inherit_color'  itemprop=\"text\" ><h3>Solu\u00e7\u00e3o de c\u00e2mara para reboque Teardrop<\/h3>\n<\/div><\/section><br \/>\n<section  class='av_textblock_section av-l6tgj0he-99e9f8273172b315d83a09d5deeb5b7b'  itemscope=\"itemscope\" itemtype=\"https:\/\/schema.org\/CreativeWork\" ><div class='avia_textblock'  itemprop=\"text\" ><p>Os reboques Teardrop s\u00e3o cada vez mais populares devido ao seu tamanho compacto. S\u00e3o perfeitos para pessoas que procuram aventura e querem comodidades b\u00e1sicas, mas n\u00e3o querem gastar muito dinheiro. O espa\u00e7o de habita\u00e7\u00e3o mais pequeno dos reboques teardrop torna-os ideais para acampar em parques nacionais e parques estatais. Uma vez que s\u00e3o compactos, os reboques teardrop n\u00e3o interferem com parques de campismo com espa\u00e7o limitado. \u00c9 tamb\u00e9m mais f\u00e1cil de montar e desmontar do que as caravanas maiores, pelo que se pode deslocar mais rapidamente.<\/p>\n<p>Com o sistema de c\u00e2mara para reboques Luview, pode ter uma melhor vis\u00e3o do que est\u00e1 por detr\u00e1s do seu reboque, a vis\u00e3o da c\u00e2mara transparente tamb\u00e9m fornece avisos aos outros condutores para evitar colis\u00f5es. Para al\u00e9m de evitar acidentes, a vis\u00e3o transparente permite-lhe verificar a press\u00e3o dos pneus do seu reboque e do seu ve\u00edculo.<\/p>\n<p>Se estiver interessado no nosso sistema de c\u00e2maras para reboques teardrop, n\u00e3o hesite em contactar-nos atrav\u00e9s de <a href=\"mailto:sales@luview.com\"><u>sales@luview.com<\/u><\/a>\u00a0.<\/p>\n<\/div><\/section><br \/>\n\n<style type=\"text\/css\" data-created_by=\"avia_inline_auto\" id=\"style-css-av-l2vl2xqc-e7d2dc69edb260e237b24644cc08d302\">\n.avia-image-container.av-l2vl2xqc-e7d2dc69edb260e237b24644cc08d302 .av-image-caption-overlay-center{\ncolor:#ffffff;\n}\n<\/style>\n<div  class='avia-image-container av-l2vl2xqc-e7d2dc69edb260e237b24644cc08d302 av-styling- avia-align-center  avia-builder-el-7  el_after_av_textblock  avia-builder-el-last'  itemprop=\"image\" itemscope=\"itemscope\" itemtype=\"https:\/\/schema.org\/ImageObject\" ><div class=\"avia-image-container-inner\"><div class=\"avia-image-overlay-wrap\"><img decoding=\"async\" class='wp-image-23591 avia-img-lazy-loading-not-23591 avia_image lazyload' data-src=\"https:\/\/luview.com\/wp-content\/uploads\/2022\/08\/Teardrop-Trailer-Camera-System.jpg\"  title='Sistema de c\u00e2maras para reboques Teardrop'  height=\"510\" width=\"1061\"  itemprop=\"thumbnailUrl\" data-srcset=\"https:\/\/luview.com\/wp-content\/uploads\/2022\/08\/Teardrop-Trailer-Camera-System.jpg 1061w, https:\/\/luview.com\/wp-content\/uploads\/2022\/08\/Teardrop-Trailer-Camera-System-800x385.jpg 800w, https:\/\/luview.com\/wp-content\/uploads\/2022\/08\/Teardrop-Trailer-Camera-System-300x144.jpg 300w, https:\/\/luview.com\/wp-content\/uploads\/2022\/08\/Teardrop-Trailer-Camera-System-1030x495.jpg 1030w, https:\/\/luview.com\/wp-content\/uploads\/2022\/08\/Teardrop-Trailer-Camera-System-768x369.jpg 768w, https:\/\/luview.com\/wp-content\/uploads\/2022\/08\/Teardrop-Trailer-Camera-System-705x339.jpg 705w, https:\/\/luview.com\/wp-content\/uploads\/2022\/08\/Teardrop-Trailer-Camera-System-600x288.jpg 600w\" data-sizes=\"(max-width: 1061px) 100vw, 1061px\" alt=\"Teardrop Trailer Camera System\u63d2\u56fe\" src=\"data:image\/svg+xml;base64,PHN2ZyB3aWR0aD0iMSIgaGVpZ2h0PSIxIiB4bWxucz0iaHR0cDovL3d3dy53My5vcmcvMjAwMC9zdmciPjwvc3ZnPg==\" style=\"--smush-placeholder-width: 1061px; --smush-placeholder-aspect-ratio: 1061\/510;\" \/><\/div><\/div><\/div><\/p><\/div>\n<div class='flex_column_table av-l2vuent2-113f0c374e6e63ea3bcfcd112cd4ec3d sc-av_two_third av-equal-height-column-flextable'><div class='flex_column av-l2vuent2-113f0c374e6e63ea3bcfcd112cd4ec3d av_two_third  avia-builder-el-8  el_after_av_one_full  el_before_av_one_third  first flex_column_table_cell av-equal-height-column av-align-middle column-top-margin'   ><style type=\"text\/css\" data-created_by=\"avia_inline_auto\" id=\"style-css-av-l2vucuj8-ccab866384f21b62ed7daf286d2eabda\">\n#top .av_textblock_section.av-l2vucuj8-ccab866384f21b62ed7daf286d2eabda .avia_textblock{\ncolor:#333333;\n}\n<\/style>\n<section  class='av_textblock_section av-l2vucuj8-ccab866384f21b62ed7daf286d2eabda'  itemscope=\"itemscope\" itemtype=\"https:\/\/schema.org\/CreativeWork\" ><div class='avia_textblock av_inherit_color'  itemprop=\"text\" ><h2>Porque \u00e9 que o reboque teardrop deve ter c\u00e2maras<\/h2>\n<\/div><\/section><br \/>\n<section  class='av_textblock_section av-l2vucyq1-7aafae540286fe3356a0a7f87fe1c1d5'  itemscope=\"itemscope\" itemtype=\"https:\/\/schema.org\/CreativeWork\" ><div class='avia_textblock'  itemprop=\"text\" ><p>Porque \u00e9 que o reboque teardrop deve ter c\u00e2maras? Porque tem um \u00e2ngulo morto que envolve o ve\u00edculo e pode n\u00e3o ser vis\u00edvel a v\u00e1rios metros \u00e0 frente e atr\u00e1s. Os \u00e2ngulos mortos de ambos os lados s\u00e3o ligeiramente mais pequenos, cerca de dezenas de cent\u00edmetros do lado esquerdo, e maiores do lado direito, que podem atingir um ou dois metros. Por conseguinte, \u00e9 muito necess\u00e1rio instalar uma c\u00e2mara de vis\u00e3o traseira e um radar de marcha-atr\u00e1s, que podem melhorar significativamente a vis\u00e3o de condu\u00e7\u00e3o e a seguran\u00e7a da condu\u00e7\u00e3o.<\/p>\n<p>A c\u00e2mara \u00e9 instalada no engate, na cama ou no interior do reboque. Uma vez instalada a c\u00e2mara, ver\u00e1 o que est\u00e1 a acontecer a partir do monitor localizado no sistema de informa\u00e7\u00e3o e lazer. Para se certificar de que a c\u00e2mara est\u00e1 a funcionar corretamente, pode ligar e desligar a transmiss\u00e3o de v\u00eddeo utilizando o menu do sistema de informa\u00e7\u00e3o e lazer. Se pretender ver o que a c\u00e2mara est\u00e1 a ver em tempo real, pode instal\u00e1-la lateralmente.<\/p>\n<\/div><\/section><\/p><\/div>\n<div class='av-flex-placeholder'><\/div><div class='flex_column av-33x9jf-1c424f85e815b2819914c47335725612 av_one_third  avia-builder-el-11  el_after_av_two_third  el_before_av_one_full  flex_column_table_cell av-equal-height-column av-align-middle column-top-margin'   ><style type=\"text\/css\" data-created_by=\"avia_inline_auto\" id=\"style-css-av-4bt46-8ab258daab3193aec8197d9c30f25fb5\">\n.avia-image-container.av-4bt46-8ab258daab3193aec8197d9c30f25fb5 .av-image-caption-overlay-center{\ncolor:#ffffff;\n}\n<\/style>\n<div  class='avia-image-container av-4bt46-8ab258daab3193aec8197d9c30f25fb5 av-styling- avia-align-center  avia-builder-el-12  avia-builder-el-no-sibling'  itemprop=\"image\" itemscope=\"itemscope\" itemtype=\"https:\/\/schema.org\/ImageObject\" ><div class=\"avia-image-container-inner\"><div class=\"avia-image-overlay-wrap\"><img decoding=\"async\" class='wp-image-23592 avia-img-lazy-loading-not-23592 avia_image lazyload' data-src=\"https:\/\/luview.com\/wp-content\/uploads\/2022\/08\/Teardrop-Trailer-Camera-Solution.jpg\" alt='Solu\u00e7\u00e3o de c\u00e2mara para reboque Teardrop' title='Solu\u00e7\u00e3o de c\u00e2mara para reboque Teardrop'  height=\"400\" width=\"400\"  itemprop=\"thumbnailUrl\" data-srcset=\"https:\/\/luview.com\/wp-content\/uploads\/2022\/08\/Teardrop-Trailer-Camera-Solution.jpg 400w, https:\/\/luview.com\/wp-content\/uploads\/2022\/08\/Teardrop-Trailer-Camera-Solution-100x100.jpg 100w, https:\/\/luview.com\/wp-content\/uploads\/2022\/08\/Teardrop-Trailer-Camera-Solution-300x300.jpg 300w, https:\/\/luview.com\/wp-content\/uploads\/2022\/08\/Teardrop-Trailer-Camera-Solution-80x80.jpg 80w, https:\/\/luview.com\/wp-content\/uploads\/2022\/08\/Teardrop-Trailer-Camera-Solution-36x36.jpg 36w, https:\/\/luview.com\/wp-content\/uploads\/2022\/08\/Teardrop-Trailer-Camera-Solution-180x180.jpg 180w\" data-sizes=\"(max-width: 400px) 100vw, 400px\" src=\"data:image\/svg+xml;base64,PHN2ZyB3aWR0aD0iMSIgaGVpZ2h0PSIxIiB4bWxucz0iaHR0cDovL3d3dy53My5vcmcvMjAwMC9zdmciPjwvc3ZnPg==\" style=\"--smush-placeholder-width: 400px; --smush-placeholder-aspect-ratio: 400\/400;\" \/><\/div><\/div><\/div><\/div><\/div><!--close column table wrapper. Autoclose: 1 -->\n<div class='flex_column av-pkvnjt-be56888e0de335ca47e851a37ac653d9 av_one_full  avia-builder-el-13  el_after_av_one_third  el_before_av_one_full  first flex_column_div column-top-margin'   ><style type=\"text\/css\" data-created_by=\"avia_inline_auto\" id=\"style-css-av-l77p5w2z-7690b6f878f097252dd23ed3e9b786d6\">\n#top .av_textblock_section.av-l77p5w2z-7690b6f878f097252dd23ed3e9b786d6 .avia_textblock{\ncolor:#333333;\n}\n<\/style>\n<section  class='av_textblock_section av-l77p5w2z-7690b6f878f097252dd23ed3e9b786d6'  itemscope=\"itemscope\" itemtype=\"https:\/\/schema.org\/CreativeWork\" ><div class='avia_textblock av_inherit_color'  itemprop=\"text\" ><h2 style=\"text-align: center;\">Como instalar c\u00e2maras para reboques teardrop<\/h2>\n<\/div><\/section><br \/>\n<section  class='av_textblock_section av-l77p6arc-88bb39df2570d84b1a89f9e42e6cd9b4'  itemscope=\"itemscope\" itemtype=\"https:\/\/schema.org\/CreativeWork\" ><div class='avia_textblock'  itemprop=\"text\" ><p>O processo de instala\u00e7\u00e3o das c\u00e2maras para reboques teardrop pode variar muito. Pode optar por utilizar c\u00e2maras de vigil\u00e2ncia sem fios ou com fios. A diferen\u00e7a entre as duas \u00e9 o tipo de fonte de alimenta\u00e7\u00e3o. As c\u00e2maras de vigil\u00e2ncia com fios requerem mais trabalho e tempo para serem instaladas e podem n\u00e3o ser t\u00e3o pr\u00e1ticas como os modelos sem fios. No entanto, o processo de instala\u00e7\u00e3o \u00e9 mais complexo e pode exigir a remo\u00e7\u00e3o de pain\u00e9is interiores. As c\u00e2maras sem fios n\u00e3o requerem este tipo de instala\u00e7\u00e3o.<\/p>\n<\/div><\/section><\/p><\/div>\n<div class='flex_column av-21d3xh-695205ba303cb39a2c2bd0eb62eac4b1 av_one_full  avia-builder-el-16  el_after_av_one_full  el_before_av_one_half  first flex_column_div column-top-margin'   ><style type=\"text\/css\" data-created_by=\"avia_inline_auto\" id=\"style-css-av-l77soyqe-0cc257716c895ce88fbbc1aae45b2f80\">\n#top .av_textblock_section.av-l77soyqe-0cc257716c895ce88fbbc1aae45b2f80 .avia_textblock{\ncolor:#333333;\n}\n<\/style>\n<section  class='av_textblock_section av-l77soyqe-0cc257716c895ce88fbbc1aae45b2f80'  itemscope=\"itemscope\" itemtype=\"https:\/\/schema.org\/CreativeWork\" ><div class='avia_textblock av_inherit_color'  itemprop=\"text\" ><h2 style=\"text-align: center;\">Diferentes tipos de c\u00e2maras para reboque teardrop<\/h2>\n<\/div><\/section><br \/>\n<section  class='av_textblock_section av-l77spdcm-cc68391d5f1610dead23b43291f9092b'  itemscope=\"itemscope\" itemtype=\"https:\/\/schema.org\/CreativeWork\" ><div class='avia_textblock'  itemprop=\"text\" ><p>Quando procura um sistema de c\u00e2mara de reserva para o seu reboque teardrop, tem algumas op\u00e7\u00f5es diferentes. Pode adquirir uma c\u00e2mara de vis\u00e3o traseira, de vis\u00e3o lateral ou de painel de instrumentos.<\/p>\n<p>Ao escolher um sistema de c\u00e2mara para reboque teardrop, n\u00e3o se deve esquecer de considerar o tipo de monitor. Existem v\u00e1rios tipos de monitores que podem ser adquiridos. Algumas c\u00e2maras v\u00eam com monitores, enquanto outras t\u00eam apenas uma c\u00e2mara e um monitor. Escolher o monitor certo para o seu sistema de c\u00e2maras para reboques teardrop pode fazer a diferen\u00e7a entre o sucesso e o fracasso. A melhor op\u00e7\u00e3o \u00e9 escolher um que lhe d\u00ea a imagem mais n\u00edtida poss\u00edvel.<\/p>\n<\/div><\/section><\/p><\/div>\n<div class='flex_column av-zah7a-ba1830be2d4d11e4983aa8cca0b036ad av_one_half  avia-builder-el-19  el_after_av_one_full  el_before_av_one_half  first flex_column_div column-top-margin'   ><p>\n<style type=\"text\/css\" data-created_by=\"avia_inline_auto\" id=\"style-css-av-l2vucd71-8b97d8b9af1aee551fa68d2b4e6549e6\">\n.avia-image-container.av-l2vucd71-8b97d8b9af1aee551fa68d2b4e6549e6 .av-image-caption-overlay-center{\ncolor:#ffffff;\n}\n<\/style>\n<div  class='avia-image-container av-l2vucd71-8b97d8b9af1aee551fa68d2b4e6549e6 av-styling- avia-align-center  avia-builder-el-20  el_before_av_textblock  avia-builder-el-first'  itemprop=\"image\" itemscope=\"itemscope\" itemtype=\"https:\/\/schema.org\/ImageObject\" ><div class=\"avia-image-container-inner\"><div class=\"avia-image-overlay-wrap\"><a href=\"https:\/\/luview.com\/pt\/product\/jy-027-mini-camera-with-sony-starlight-wide-dynamic-sensor\/\" class='avia_image' ><img decoding=\"async\" class='wp-image-955 avia-img-lazy-loading-not-955 avia_image lazyload' data-src=\"https:\/\/luview.com\/wp-content\/uploads\/2022\/06\/JY-027-mini-camera.jpg\" alt='Mini c\u00e2mara JY-027 com sensor din\u00e2mico amplo Sony Starlight' title='Mini c\u00e2mara JY-027 com sensor din\u00e2mico amplo Sony Starlight'  height=\"800\" width=\"800\"  itemprop=\"thumbnailUrl\" data-srcset=\"https:\/\/luview.com\/wp-content\/uploads\/2022\/06\/JY-027-mini-camera.jpg 800w, https:\/\/luview.com\/wp-content\/uploads\/2022\/06\/JY-027-mini-camera-600x600.jpg 600w, https:\/\/luview.com\/wp-content\/uploads\/2022\/06\/JY-027-mini-camera-100x100.jpg 100w, https:\/\/luview.com\/wp-content\/uploads\/2022\/06\/JY-027-mini-camera-300x300.jpg 300w, https:\/\/luview.com\/wp-content\/uploads\/2022\/06\/JY-027-mini-camera-80x80.jpg 80w, https:\/\/luview.com\/wp-content\/uploads\/2022\/06\/JY-027-mini-camera-768x768.jpg 768w, https:\/\/luview.com\/wp-content\/uploads\/2022\/06\/JY-027-mini-camera-36x36.jpg 36w, https:\/\/luview.com\/wp-content\/uploads\/2022\/06\/JY-027-mini-camera-180x180.jpg 180w, https:\/\/luview.com\/wp-content\/uploads\/2022\/06\/JY-027-mini-camera-705x705.jpg 705w\" data-sizes=\"(max-width: 800px) 100vw, 800px\" src=\"data:image\/svg+xml;base64,PHN2ZyB3aWR0aD0iMSIgaGVpZ2h0PSIxIiB4bWxucz0iaHR0cDovL3d3dy53My5vcmcvMjAwMC9zdmciPjwvc3ZnPg==\" style=\"--smush-placeholder-width: 800px; --smush-placeholder-aspect-ratio: 800\/800;\" \/><\/a><\/div><\/div><\/div><br \/>\n\n<style type=\"text\/css\" data-created_by=\"avia_inline_auto\" id=\"style-css-av-l2vugtbd-f5ebea5a4705b3b5018cc5728b8d05be\">\n#top .av_textblock_section.av-l2vugtbd-f5ebea5a4705b3b5018cc5728b8d05be .avia_textblock{\ntext-align:center;\n}\n<\/style>\n<section  class='av_textblock_section av-l2vugtbd-f5ebea5a4705b3b5018cc5728b8d05be'  itemscope=\"itemscope\" itemtype=\"https:\/\/schema.org\/CreativeWork\" ><div class='avia_textblock av_inherit_color'  itemprop=\"text\" ><p style=\"text-align: center;\">JY-028 C\u00e2mara de vis\u00e3o traseira<\/p>\n<\/div><\/section><\/p><\/div>\n<div class='flex_column av-r4xau-359a78e09f788191996619a375f594d1 av_one_half  avia-builder-el-22  el_after_av_one_half  el_before_av_one_full  flex_column_div column-top-margin'   ><p>\n<style type=\"text\/css\" data-created_by=\"avia_inline_auto\" id=\"style-css-av-l2vullqs-1185245dbbdd53e2af8f26d82d446559\">\n.avia-image-container.av-l2vullqs-1185245dbbdd53e2af8f26d82d446559 .av-image-caption-overlay-center{\ncolor:#ffffff;\n}\n<\/style>\n<div  class='avia-image-container av-l2vullqs-1185245dbbdd53e2af8f26d82d446559 av-styling- avia-align-center  avia-builder-el-23  el_before_av_textblock  avia-builder-el-first'  itemprop=\"image\" itemscope=\"itemscope\" itemtype=\"https:\/\/schema.org\/ImageObject\" ><div class=\"avia-image-container-inner\"><div class=\"avia-image-overlay-wrap\"><a href=\"https:\/\/luview.com\/pt\/product\/jy-pt08-ultrasonic-parking-sensor-system-with-parking-sensors-backup-cameras-monitor\/\" class='avia_image' ><img decoding=\"async\" class='wp-image-1305 avia-img-lazy-loading-not-1305 avia_image lazyload' data-src=\"https:\/\/luview.com\/wp-content\/uploads\/2022\/06\/PT08-parking-sensor-for-truck.jpg\" alt='Sistema de sensores de estacionamento ultrass\u00f3nicos JY-PT08 com sensores de estacionamento, c\u00e2maras de marcha-atr\u00e1s e monitor' title='Sistema de sensores de estacionamento ultrass\u00f3nicos JY-PT08 com sensores de estacionamento, c\u00e2maras de marcha-atr\u00e1s e monitor'  height=\"800\" width=\"800\"  itemprop=\"thumbnailUrl\" data-srcset=\"https:\/\/luview.com\/wp-content\/uploads\/2022\/06\/PT08-parking-sensor-for-truck.jpg 800w, https:\/\/luview.com\/wp-content\/uploads\/2022\/06\/PT08-parking-sensor-for-truck-600x600.jpg 600w, https:\/\/luview.com\/wp-content\/uploads\/2022\/06\/PT08-parking-sensor-for-truck-100x100.jpg 100w, https:\/\/luview.com\/wp-content\/uploads\/2022\/06\/PT08-parking-sensor-for-truck-300x300.jpg 300w, https:\/\/luview.com\/wp-content\/uploads\/2022\/06\/PT08-parking-sensor-for-truck-80x80.jpg 80w, https:\/\/luview.com\/wp-content\/uploads\/2022\/06\/PT08-parking-sensor-for-truck-768x768.jpg 768w, https:\/\/luview.com\/wp-content\/uploads\/2022\/06\/PT08-parking-sensor-for-truck-36x36.jpg 36w, https:\/\/luview.com\/wp-content\/uploads\/2022\/06\/PT08-parking-sensor-for-truck-180x180.jpg 180w, https:\/\/luview.com\/wp-content\/uploads\/2022\/06\/PT08-parking-sensor-for-truck-705x705.jpg 705w\" data-sizes=\"(max-width: 800px) 100vw, 800px\" src=\"data:image\/svg+xml;base64,PHN2ZyB3aWR0aD0iMSIgaGVpZ2h0PSIxIiB4bWxucz0iaHR0cDovL3d3dy53My5vcmcvMjAwMC9zdmciPjwvc3ZnPg==\" style=\"--smush-placeholder-width: 800px; --smush-placeholder-aspect-ratio: 800\/800;\" \/><\/a><\/div><\/div><\/div><br \/>\n\n<style type=\"text\/css\" data-created_by=\"avia_inline_auto\" id=\"style-css-av-l2vulpvz-99f04c506acff7143dcb9a13782c9583\">\n#top .av_textblock_section.av-l2vulpvz-99f04c506acff7143dcb9a13782c9583 .avia_textblock{\ntext-align:center;\n}\n<\/style>\n<section  class='av_textblock_section av-l2vulpvz-99f04c506acff7143dcb9a13782c9583'  itemscope=\"itemscope\" itemtype=\"https:\/\/schema.org\/CreativeWork\" ><div class='avia_textblock av_inherit_color'  itemprop=\"text\" ><p style=\"text-align: center;\">Sistema de sensores ultrass\u00f3nicos de estacionamento JY-PT08<\/p>\n<\/div><\/section><\/p><\/div>\n<div class='flex_column_table av-ptt5ef-e4db29735c5bd79bb3b23a382b83e0e1 sc-av_one_full av-equal-height-column-flextable'><div class='flex_column av-ptt5ef-e4db29735c5bd79bb3b23a382b83e0e1 av_one_full  avia-builder-el-25  el_after_av_one_half  el_before_av_one_full  first flex_column_table_cell av-equal-height-column av-align-middle column-top-margin'   ><style type=\"text\/css\" data-created_by=\"avia_inline_auto\" id=\"style-css-av-l5gv95n1-52962a14e1f5ce04f6420ca585b86a9c\">\n#top .av_textblock_section.av-l5gv95n1-52962a14e1f5ce04f6420ca585b86a9c .avia_textblock{\ncolor:#333333;\n}\n<\/style>\n<section  class='av_textblock_section av-l5gv95n1-52962a14e1f5ce04f6420ca585b86a9c'  itemscope=\"itemscope\" itemtype=\"https:\/\/schema.org\/CreativeWork\" ><div class='avia_textblock av_inherit_color'  itemprop=\"text\" ><h2>Custo do sistema de c\u00e2maras para reboques teardrop<\/h2>\n<\/div><\/section><br \/>\n<section  class='av_textblock_section av-l5gv9hgg-59d30e6d59d4377f5e6e2c8ec147cd2f'  itemscope=\"itemscope\" itemtype=\"https:\/\/schema.org\/CreativeWork\" ><div class='avia_textblock'  itemprop=\"text\" ><p>No que diz respeito ao custo de um sistema de c\u00e2maras para reboques teardrop, existem algumas op\u00e7\u00f5es. Pode adquirir c\u00e2maras de vigil\u00e2ncia sem fios que funcionam atrav\u00e9s de WiFi. As c\u00e2maras de vigil\u00e2ncia com fios s\u00e3o um pouco mais caras, mas s\u00e3o mais fi\u00e1veis. O tipo de c\u00e2mara com fios requer uma instala\u00e7\u00e3o profissional. Sugerimos a instala\u00e7\u00e3o de uma c\u00e2mara de vis\u00e3o traseira JY-028 e de um sistema de sensor de estacionamento ultrass\u00f3nico JY-PT08 para o seu reboque teardrop. E tamb\u00e9m pode adquirir um monitor ao mesmo tempo. O pre\u00e7o do sistema \u00e9 de cerca de $230.<\/p>\n<\/div><\/section><\/p><\/div><\/div><!--close column table wrapper. Autoclose: 1 -->\n\n<style type=\"text\/css\" data-created_by=\"avia_inline_auto\" id=\"style-css-av-l2vletd8-6873c757f85d604bdfa88a557a400ac2\">\n.flex_column.av-l2vletd8-6873c757f85d604bdfa88a557a400ac2{\nborder-radius:15px 15px 15px 15px;\n-webkit-border-radius:15px 15px 15px 15px;\n-moz-border-radius:15px 15px 15px 15px;\npadding:50px 50px 50px 50px;\nbox-shadow:0 0 10px 0 #e0e0e0;\n-webkit-box-shadow:0 0 10px 0 #e0e0e0;\n-moz-box-shadow:0 0 10px 0 #e0e0e0;\nbackground-color:#ffffff;\n}\n<\/style>\n<div class='flex_column av-l2vletd8-6873c757f85d604bdfa88a557a400ac2 av_one_full  avia-builder-el-28  el_after_av_one_full  avia-builder-el-last  first flex_column_div column-top-margin'   ><style type=\"text\/css\" data-created_by=\"avia_inline_auto\" id=\"style-css-av-1pn56r-c5797cae44e1194cd88c41e4e080c4a0\">\n#top .av_textblock_section.av-1pn56r-c5797cae44e1194cd88c41e4e080c4a0 .avia_textblock{\ntext-align:center;\n}\n<\/style>\n<section  class='av_textblock_section av-1pn56r-c5797cae44e1194cd88c41e4e080c4a0'  itemscope=\"itemscope\" itemtype=\"https:\/\/schema.org\/CreativeWork\" ><div class='avia_textblock'  itemprop=\"text\" ><h2 style=\"text-transform: uppercase;\">Or\u00e7amento personalizado<\/h2>\n<\/div><\/section><br \/>\n\n<style type=\"text\/css\" data-created_by=\"avia_inline_auto\" id=\"style-css-av-1me14z-8350f34feb640d6e4b487e997fe59277\">\n#top .hr.hr-invisible.av-1me14z-8350f34feb640d6e4b487e997fe59277{\nheight:30px;\n}\n<\/style>\n<div  class='hr av-1me14z-8350f34feb640d6e4b487e997fe59277 hr-invisible  avia-builder-el-30  el_after_av_textblock  el_before_av_codeblock'><span class='hr-inner'><span class=\"hr-inner-style\"><\/span><\/span><\/div><br \/>\n<\/p><\/div>","protected":false},"excerpt":{"rendered":"","protected":false},"author":1,"featured_media":0,"parent":23281,"menu_order":0,"comment_status":"closed","ping_status":"closed","template":"","meta":{"_monsterinsights_skip_tracking":false,"_monsterinsights_sitenote_active":false,"_monsterinsights_sitenote_note":"","_monsterinsights_sitenote_category":0,"footnotes":""},"class_list":["post-23589","page","type-page","status-publish","hentry"],"_links":{"self":[{"href":"https:\/\/luview.com\/pt\/wp-json\/wp\/v2\/pages\/23589","targetHints":{"allow":["GET"]}}],"collection":[{"href":"https:\/\/luview.com\/pt\/wp-json\/wp\/v2\/pages"}],"about":[{"href":"https:\/\/luview.com\/pt\/wp-json\/wp\/v2\/types\/page"}],"author":[{"embeddable":true,"href":"https:\/\/luview.com\/pt\/wp-json\/wp\/v2\/users\/1"}],"replies":[{"embeddable":true,"href":"https:\/\/luview.com\/pt\/wp-json\/wp\/v2\/comments?post=23589"}],"version-history":[{"count":0,"href":"https:\/\/luview.com\/pt\/wp-json\/wp\/v2\/pages\/23589\/revisions"}],"up":[{"embeddable":true,"href":"https:\/\/luview.com\/pt\/wp-json\/wp\/v2\/pages\/23281"}],"wp:attachment":[{"href":"https:\/\/luview.com\/pt\/wp-json\/wp\/v2\/media?parent=23589"}],"curies":[{"name":"wp","href":"https:\/\/api.w.org\/{rel}","templated":true}]}}