{"id":24623,"date":"2023-06-26T02:50:28","date_gmt":"2023-06-26T02:50:28","guid":{"rendered":"https:\/\/luview.com\/?page_id=24623"},"modified":"2026-03-10T02:55:12","modified_gmt":"2026-03-10T02:55:12","slug":"camara-corporal-da-policia","status":"publish","type":"page","link":"https:\/\/luview.com\/pt\/products\/dash-cameras\/police-body-camera\/","title":{"rendered":"C\u00e2mara corporal da pol\u00edcia"},"content":{"rendered":"<style type=\"text\/css\" data-created_by=\"avia_inline_auto\" id=\"style-css-av-l2y9d09l-7a95ab9cf3f7a848718744ae8d01c009\">\n.avia-section.av-l2y9d09l-7a95ab9cf3f7a848718744ae8d01c009{\nbackground-repeat:no-repeat;\nbackground-image:url(https:\/\/luview.com\/wp-content\/uploads\/2024\/11\/\u8bb0\u5f55\u4eea.jpg);\nbackground-position:50% 50%;\nbackground-attachment:scroll;\n}\n.avia-section.av-l2y9d09l-7a95ab9cf3f7a848718744ae8d01c009 .av-section-color-overlay{\nopacity:0.8;\nbackground-color:#222222;\n}\n<\/style>\n<div id='av_section_1'  class='avia-section av-l2y9d09l-7a95ab9cf3f7a848718744ae8d01c009 main_color avia-section-default avia-no-border-styling  avia-builder-el-0  el_before_av_one_full  avia-builder-el-first  titlebarbox avia-full-stretch avia-bg-style-scroll av-section-color-overlay-active container_wrap sidebar_left'  data-section-bg-repeat='stretch'><div class=\"av-section-color-overlay-wrap\"><div class=\"av-section-color-overlay\"><\/div><div class='container av-section-cont-open' ><main  role=\"main\" itemprop=\"mainContentOfPage\"  class='template-page content  av-content-small units'><div class='post-entry post-entry-type-page post-entry-24623'><div class='entry-content-wrapper clearfix'>\n\n<style type=\"text\/css\" data-created_by=\"avia_inline_auto\" id=\"style-css-av-ro2v-a87e36abb91cc5e18f3d0098b40720d3\">\n.flex_column.av-ro2v-a87e36abb91cc5e18f3d0098b40720d3{\npadding:10% 0 10% 0;\n}\n<\/style>\n<div class='flex_column av-ro2v-a87e36abb91cc5e18f3d0098b40720d3 av_one_full  avia-builder-el-1  avia-builder-el-no-sibling  first flex_column_div'   ><style type=\"text\/css\" data-created_by=\"avia_inline_auto\" id=\"style-css-av-l2y9au29-bf07c75c092d3a9f62676db415f615f7\">\n#top .av_textblock_section.av-l2y9au29-bf07c75c092d3a9f62676db415f615f7 .avia_textblock{\ncolor:#ffffff;\ntext-align:center;\n}\n<\/style>\n<section  class='av_textblock_section av-l2y9au29-bf07c75c092d3a9f62676db415f615f7'  itemscope=\"itemscope\" itemtype=\"https:\/\/schema.org\/CreativeWork\" ><div class='avia_textblock av_inherit_color'  itemprop=\"text\" ><h1>C\u00e2mara corporal da pol\u00edcia<\/h1>\n<\/div><\/section><br \/>\n<\/p><\/div>\n<\/div><\/div><\/main><!-- close content main element --><\/div><\/div><\/div><div id='after_section_1'  class='main_color av_default_container_wrap container_wrap sidebar_left'  ><div class='container av-section-cont-open' ><div class='template-page content  av-content-small units'><div class='post-entry post-entry-type-page post-entry-24623'><div class='entry-content-wrapper clearfix'>\n<div class='flex_column av-6hmib-0f7b6fcf00f9273a80dfc45f533798fb av_one_full  avia-builder-el-4  el_after_av_section  el_before_av_one_full  avia-builder-el-first  first flex_column_div'   ><section  class='av_textblock_section av-l2y9squj-e76031f6dac70c55a963b220d7b8ed83'  itemscope=\"itemscope\" itemtype=\"https:\/\/schema.org\/CreativeWork\" ><div class='avia_textblock'  itemprop=\"text\" ><h3 style=\"font-weight: bold;\">Todas as c\u00e2maras corporais da pol\u00edcia<\/h3>\n<\/div><\/section><br \/>\n<section  class='av_textblock_section av-l2y9tm1e-80c30be322df05d44e75397a617f5c97'  itemscope=\"itemscope\" itemtype=\"https:\/\/schema.org\/CreativeWork\" ><div class='avia_textblock'  itemprop=\"text\" ><p>A principal fun\u00e7\u00e3o de uma c\u00e2mara corporal policial \u00e9 gravar imagens de v\u00eddeo, que podem fornecer provas cruciais em caso de incidente ou investiga\u00e7\u00e3o. Al\u00e9m disso, uma lente de alta qualidade pode ajudar os agentes da lei a observar e avaliar melhor as situa\u00e7\u00f5es, garantindo a seguran\u00e7a tanto dos agentes como dos civis. Com mais de 18 anos de experi\u00eancia em pesquisa, desenvolvimento, fabrica\u00e7\u00e3o e fornecimento de produtos como c\u00e2maras para aplica\u00e7\u00e3o da lei e c\u00e2maras corporais para a pol\u00edcia, a Luview \u00e9 um parceiro de confian\u00e7a para c\u00e2maras corporais para a pol\u00edcia. Para consultas e coopera\u00e7\u00e3o, entre em contacto connosco atrav\u00e9s do <a href=\"http:\/\/mailto:sales@luview.com\/\">sales@luview.com<\/a>.<\/p>\n<\/div><\/section><br \/>\n<div  class='avia-button-wrap avia-button-left  avia-builder-el-7  el_after_av_textblock  avia-builder-el-last' ><a href='https:\/\/luview.com\/pt\/contact\/'  class='avia-button av-l2y9umzk-d16bac7bf4e11df2896cb79984c1e31c avia-icon_select-no avia-size-large avia-position-left avia-color-theme-color' ><span class='avia_iconbox_title' >Consulte agora<\/span><\/a><\/div><\/p><\/div>\n<div class='flex_column av-5hzen-23301fe4c356e81a47b358eb060165d1 av_one_full  avia-builder-el-8  el_after_av_one_full  el_before_av_one_full  first flex_column_div column-top-margin'   ><div  class='avia-product-slider-container av-l2y9wj0i-46e71945a915a3873bf11f6bf9f4bd30 template-shop avia-content-slider avia-content-grid-active shop_columns_3  avia-builder-el-9  avia-builder-el-no-sibling  myproducts avia-content-slider-odd  avia-builder-el-9  avia-builder-el-no-sibling  myproducts avia-product-slider1'  data-autoplay=''  data-interval='5'  data-animation='fade'  data-hoverpause='1' ><div class='avia-content-slider-inner'><ul class=\"products\"><li class=\"product type-product post-24655 status-publish first instock product_cat-police-body-worn-camera has-post-thumbnail featured shipping-taxable product-type-simple\">\n\t<div class='inner_product main_color wrapped_style noLightbox  av-product-class-no_button'><a href=\"https:\/\/luview.com\/pt\/product\/w2000-2-inch-full-color-ips-touch-screen-ip67-hd-loop-recording-police-body-camera\/\" class=\"woocommerce-LoopProduct-link woocommerce-loop-product__link\"><div class='thumbnail_container'><img decoding=\"async\" width=\"600\" height=\"600\" data-src=\"https:\/\/luview.com\/wp-content\/uploads\/2023\/06\/W2000-1-600x600.jpg\" class=\"wp-image-24656 avia-img-lazy-loading-24656 attachment-woocommerce_thumbnail size-woocommerce_thumbnail wp-post-image lazyload\" alt=\"W2000 C\u00e2mara corporal policial com ecr\u00e3 t\u00e1til IPS a cores de 2 polegadas, IP67 e grava\u00e7\u00e3o em loop HD\" data-srcset=\"https:\/\/luview.com\/wp-content\/uploads\/2023\/06\/W2000-1-600x600.jpg 600w, https:\/\/luview.com\/wp-content\/uploads\/2023\/06\/W2000-1-100x100.jpg 100w, https:\/\/luview.com\/wp-content\/uploads\/2023\/06\/W2000-1-300x300.jpg 300w, https:\/\/luview.com\/wp-content\/uploads\/2023\/06\/W2000-1-80x80.jpg 80w, https:\/\/luview.com\/wp-content\/uploads\/2023\/06\/W2000-1-768x768.jpg 768w, https:\/\/luview.com\/wp-content\/uploads\/2023\/06\/W2000-1-36x36.jpg 36w, https:\/\/luview.com\/wp-content\/uploads\/2023\/06\/W2000-1-180x180.jpg 180w, https:\/\/luview.com\/wp-content\/uploads\/2023\/06\/W2000-1-430x430.jpg 430w, https:\/\/luview.com\/wp-content\/uploads\/2023\/06\/W2000-1-630x630.jpg 630w, https:\/\/luview.com\/wp-content\/uploads\/2023\/06\/W2000-1-705x705.jpg 705w, https:\/\/luview.com\/wp-content\/uploads\/2023\/06\/W2000-1-321x321.jpg 321w, https:\/\/luview.com\/wp-content\/uploads\/2023\/06\/W2000-1-120x120.jpg 120w, https:\/\/luview.com\/wp-content\/uploads\/2023\/06\/W2000-1-450x450.jpg 450w, https:\/\/luview.com\/wp-content\/uploads\/2023\/06\/W2000-1.jpg 800w\" data-sizes=\"(max-width: 600px) 100vw, 600px\" title=\"W2000 C\u00e2mara corporal policial com ecr\u00e3 t\u00e1til IPS a cores de 2 polegadas, IP67 e grava\u00e7\u00e3o em loop HD\" src=\"data:image\/svg+xml;base64,PHN2ZyB3aWR0aD0iMSIgaGVpZ2h0PSIxIiB4bWxucz0iaHR0cDovL3d3dy53My5vcmcvMjAwMC9zdmciPjwvc3ZnPg==\" style=\"--smush-placeholder-width: 600px; --smush-placeholder-aspect-ratio: 600\/600;\" \/><span class='cart-loading'><\/span><\/div><div class='inner_product_header'><div class='avia-arrow'><\/div><div class='inner_product_header_table'><div class='inner_product_header_cell'><h2 class=\"woocommerce-loop-product__title\">W2000 C\u00e2mara corporal policial com ecr\u00e3 t\u00e1til IPS a cores de 2 polegadas, IP67 e grava\u00e7\u00e3o em loop HD<\/h2>\n<\/div><\/div><\/div><\/a><\/div><\/li>\n<li class=\"product type-product post-24651 status-publish instock product_cat-police-body-worn-camera has-post-thumbnail featured shipping-taxable product-type-simple\">\n\t<div class='inner_product main_color wrapped_style noLightbox  av-product-class-no_button'><a href=\"https:\/\/luview.com\/pt\/product\/w3-high-strength-integrated-wifi-connectivity-police-body-camera-with-full-color-ips-display\/\" class=\"woocommerce-LoopProduct-link woocommerce-loop-product__link\"><div class='thumbnail_container'><img decoding=\"async\" width=\"600\" height=\"600\" data-src=\"https:\/\/luview.com\/wp-content\/uploads\/2023\/06\/1-2-600x600.jpg\" class=\"wp-image-24652 avia-img-lazy-loading-24652 attachment-woocommerce_thumbnail size-woocommerce_thumbnail wp-post-image lazyload\" alt=\"C\u00e2mara corporal policial W4 de alta resist\u00eancia com conectividade Wi-Fi integrada e ecr\u00e3 IPS a cores\" data-srcset=\"https:\/\/luview.com\/wp-content\/uploads\/2023\/06\/1-2-600x600.jpg 600w, https:\/\/luview.com\/wp-content\/uploads\/2023\/06\/1-2-100x100.jpg 100w, https:\/\/luview.com\/wp-content\/uploads\/2023\/06\/1-2-300x300.jpg 300w, https:\/\/luview.com\/wp-content\/uploads\/2023\/06\/1-2-80x80.jpg 80w, https:\/\/luview.com\/wp-content\/uploads\/2023\/06\/1-2-768x768.jpg 768w, https:\/\/luview.com\/wp-content\/uploads\/2023\/06\/1-2-36x36.jpg 36w, https:\/\/luview.com\/wp-content\/uploads\/2023\/06\/1-2-180x180.jpg 180w, https:\/\/luview.com\/wp-content\/uploads\/2023\/06\/1-2-430x430.jpg 430w, https:\/\/luview.com\/wp-content\/uploads\/2023\/06\/1-2-630x630.jpg 630w, https:\/\/luview.com\/wp-content\/uploads\/2023\/06\/1-2-705x705.jpg 705w, https:\/\/luview.com\/wp-content\/uploads\/2023\/06\/1-2-321x321.jpg 321w, https:\/\/luview.com\/wp-content\/uploads\/2023\/06\/1-2-120x120.jpg 120w, https:\/\/luview.com\/wp-content\/uploads\/2023\/06\/1-2-450x450.jpg 450w, https:\/\/luview.com\/wp-content\/uploads\/2023\/06\/1-2.jpg 800w\" data-sizes=\"(max-width: 600px) 100vw, 600px\" title=\"W3 C\u00e2mara corporal policial com conectividade Wi-Fi integrada de alta resist\u00eancia e ecr\u00e3 IPS a cores\" src=\"data:image\/svg+xml;base64,PHN2ZyB3aWR0aD0iMSIgaGVpZ2h0PSIxIiB4bWxucz0iaHR0cDovL3d3dy53My5vcmcvMjAwMC9zdmciPjwvc3ZnPg==\" style=\"--smush-placeholder-width: 600px; --smush-placeholder-aspect-ratio: 600\/600;\" \/><span class='cart-loading'><\/span><\/div><div class='inner_product_header'><div class='avia-arrow'><\/div><div class='inner_product_header_table'><div class='inner_product_header_cell'><h2 class=\"woocommerce-loop-product__title\">W3 C\u00e2mara corporal policial integrada com conectividade Wi-Fi de alta resist\u00eancia e ecr\u00e3 IPS a cores<\/h2>\n<\/div><\/div><\/div><\/a><\/div><\/li>\n<li class=\"product type-product post-24645 status-publish last instock product_cat-police-body-worn-camera has-post-thumbnail featured shipping-taxable product-type-simple\">\n\t<div class='inner_product main_color wrapped_style noLightbox  av-product-class-no_button'><a href=\"https:\/\/luview.com\/pt\/product\/w4-waterproof-ip65-wifi-wireless-color-ips-display-mini-police-body-camera\/\" class=\"woocommerce-LoopProduct-link woocommerce-loop-product__link\"><div class='thumbnail_container'><img decoding=\"async\" width=\"600\" height=\"600\" data-src=\"https:\/\/luview.com\/wp-content\/uploads\/2023\/06\/1-1-600x600.jpg\" class=\"wp-image-24647 avia-img-lazy-loading-24647 attachment-woocommerce_thumbnail size-woocommerce_thumbnail wp-post-image lazyload\" alt=\"W3 C\u00e2mera corporal policial mini com tela IPS colorida sem fio WIFI IP65 \u00e0 prova d&#039;\u00e1gua\" data-srcset=\"https:\/\/luview.com\/wp-content\/uploads\/2023\/06\/1-1-600x600.jpg 600w, https:\/\/luview.com\/wp-content\/uploads\/2023\/06\/1-1-100x100.jpg 100w, https:\/\/luview.com\/wp-content\/uploads\/2023\/06\/1-1-300x300.jpg 300w, https:\/\/luview.com\/wp-content\/uploads\/2023\/06\/1-1-80x80.jpg 80w, https:\/\/luview.com\/wp-content\/uploads\/2023\/06\/1-1-768x768.jpg 768w, https:\/\/luview.com\/wp-content\/uploads\/2023\/06\/1-1-36x36.jpg 36w, https:\/\/luview.com\/wp-content\/uploads\/2023\/06\/1-1-180x180.jpg 180w, https:\/\/luview.com\/wp-content\/uploads\/2023\/06\/1-1-430x430.jpg 430w, https:\/\/luview.com\/wp-content\/uploads\/2023\/06\/1-1-630x630.jpg 630w, https:\/\/luview.com\/wp-content\/uploads\/2023\/06\/1-1-705x705.jpg 705w, https:\/\/luview.com\/wp-content\/uploads\/2023\/06\/1-1-321x321.jpg 321w, https:\/\/luview.com\/wp-content\/uploads\/2023\/06\/1-1-120x120.jpg 120w, https:\/\/luview.com\/wp-content\/uploads\/2023\/06\/1-1-450x450.jpg 450w, https:\/\/luview.com\/wp-content\/uploads\/2023\/06\/1-1.jpg 800w\" data-sizes=\"(max-width: 600px) 100vw, 600px\" title=\"W4 C\u00e2mera corporal policial mini com tela IPS colorida sem fio WIFI IP65 \u00e0 prova d&#039;\u00e1gua\" src=\"data:image\/svg+xml;base64,PHN2ZyB3aWR0aD0iMSIgaGVpZ2h0PSIxIiB4bWxucz0iaHR0cDovL3d3dy53My5vcmcvMjAwMC9zdmciPjwvc3ZnPg==\" style=\"--smush-placeholder-width: 600px; --smush-placeholder-aspect-ratio: 600\/600;\" \/><span class='cart-loading'><\/span><\/div><div class='inner_product_header'><div class='avia-arrow'><\/div><div class='inner_product_header_table'><div class='inner_product_header_cell'><h2 class=\"woocommerce-loop-product__title\">W4 C\u00e2mera corporal policial mini com tela IPS colorida sem fio WIFI IP65 \u00e0 prova d'\u00e1gua<\/h2>\n<\/div><\/div><\/div><\/a><\/div><\/li>\n<li class=\"product type-product post-24640 status-publish first instock product_cat-police-body-worn-camera has-post-thumbnail featured shipping-taxable product-type-simple\">\n\t<div class='inner_product main_color wrapped_style noLightbox  av-product-class-no_button'><a href=\"https:\/\/luview.com\/pt\/product\/w1-portable-hd-mini-police-body-camera-with-infrared-night-vision\/\" class=\"woocommerce-LoopProduct-link woocommerce-loop-product__link\"><div class='thumbnail_container'><img decoding=\"async\" width=\"600\" height=\"600\" data-src=\"https:\/\/luview.com\/wp-content\/uploads\/2023\/06\/1-600x600.jpg\" class=\"wp-image-24641 avia-img-lazy-loading-24641 attachment-woocommerce_thumbnail size-woocommerce_thumbnail wp-post-image lazyload\" alt=\"W1 Mini c\u00e2mara corporal port\u00e1til HD para policiais com vis\u00e3o noturna infravermelha\" data-srcset=\"https:\/\/luview.com\/wp-content\/uploads\/2023\/06\/1-600x600.jpg 600w, https:\/\/luview.com\/wp-content\/uploads\/2023\/06\/1-100x100.jpg 100w, https:\/\/luview.com\/wp-content\/uploads\/2023\/06\/1-300x300.jpg 300w, https:\/\/luview.com\/wp-content\/uploads\/2023\/06\/1-80x80.jpg 80w, https:\/\/luview.com\/wp-content\/uploads\/2023\/06\/1-768x768.jpg 768w, https:\/\/luview.com\/wp-content\/uploads\/2023\/06\/1-36x36.jpg 36w, https:\/\/luview.com\/wp-content\/uploads\/2023\/06\/1-180x180.jpg 180w, https:\/\/luview.com\/wp-content\/uploads\/2023\/06\/1-430x430.jpg 430w, https:\/\/luview.com\/wp-content\/uploads\/2023\/06\/1-630x630.jpg 630w, https:\/\/luview.com\/wp-content\/uploads\/2023\/06\/1-705x705.jpg 705w, https:\/\/luview.com\/wp-content\/uploads\/2023\/06\/1-321x321.jpg 321w, https:\/\/luview.com\/wp-content\/uploads\/2023\/06\/1-120x120.jpg 120w, https:\/\/luview.com\/wp-content\/uploads\/2023\/06\/1-450x450.jpg 450w, https:\/\/luview.com\/wp-content\/uploads\/2023\/06\/1.jpg 800w\" data-sizes=\"(max-width: 600px) 100vw, 600px\" title=\"W1 Mini c\u00e2mara corporal port\u00e1til HD para pol\u00edcia com vis\u00e3o noturna infravermelha\u7f29\u7565\u56fe\" src=\"data:image\/svg+xml;base64,PHN2ZyB3aWR0aD0iMSIgaGVpZ2h0PSIxIiB4bWxucz0iaHR0cDovL3d3dy53My5vcmcvMjAwMC9zdmciPjwvc3ZnPg==\" style=\"--smush-placeholder-width: 600px; --smush-placeholder-aspect-ratio: 600\/600;\" \/><span class='cart-loading'><\/span><\/div><div class='inner_product_header'><div class='avia-arrow'><\/div><div class='inner_product_header_table'><div class='inner_product_header_cell'><h2 class=\"woocommerce-loop-product__title\">W1 Mini c\u00e2mara corporal port\u00e1til HD para policiais com vis\u00e3o noturna infravermelha<\/h2>\n<\/div><\/div><\/div><\/a><\/div><\/li>\n<\/ul><\/div><\/div><div class=\"clear\"><\/div><\/div><div class='flex_column av-4ubxv-213bc428d71aa730c5a18fbc0d9954c9 av_one_full  avia-builder-el-0  el_before_av_three_fourth  avia-builder-el-first  first flex_column_div'   ><section  class='av_textblock_section av-4bhe3-b5d2024edd0490f6b2ae124c64cf457e'  itemscope=\"itemscope\" itemtype=\"https:\/\/schema.org\/CreativeWork\" ><div class='avia_textblock'  itemprop=\"text\" ><h3>O que \u00e9 uma c\u00e2mara corporal policial?<\/h3>\n<p>Uma c\u00e2mara corporal policial \u00e9 uma pequena c\u00e2mara vest\u00edvel que \u00e9 fixada ao uniforme ou equipamento dos agentes da lei. Esta c\u00e2mara foi concebida para gravar \u00e1udio e v\u00eddeo das intera\u00e7\u00f5es entre os agentes e o p\u00fablico, fornecendo um registo objetivo dos eventos que pode ser usado em investiga\u00e7\u00f5es e processos judiciais. As c\u00e2maras corporais da pol\u00edcia s\u00e3o uma ferramenta essencial para melhorar a transpar\u00eancia, a responsabiliza\u00e7\u00e3o e a confian\u00e7a do p\u00fablico nas ag\u00eancias de aplica\u00e7\u00e3o da lei. Tamb\u00e9m podem servir como um impedimento contra condutas indevidas e fornecer provas valiosas em casos de incidentes envolvendo agentes. Com funcionalidades avan\u00e7adas, como grava\u00e7\u00e3o em loop cont\u00ednuo e constru\u00e7\u00e3o dur\u00e1vel, as c\u00e2maras corporais da pol\u00edcia s\u00e3o um investimento valioso para as ag\u00eancias de aplica\u00e7\u00e3o da lei que procuram melhorar as suas opera\u00e7\u00f5es e aumentar a seguran\u00e7a tanto dos agentes como dos civis.<\/p>\n<h3>Como funcionam as c\u00e2maras corporais da pol\u00edcia?<\/h3>\n<p>As c\u00e2maras corporais da pol\u00edcia s\u00e3o usadas no corpo de um agente da autoridade e s\u00e3o concebidas para gravar \u00e1udio e v\u00eddeo das intera\u00e7\u00f5es com o p\u00fablico. As c\u00e2maras s\u00e3o normalmente usadas no peito ou no ombro e s\u00e3o ativadas pelo agente no in\u00edcio do seu turno ou quando respondem a uma chamada.<\/p>\n<p>As c\u00e2maras corporais utilizam uma combina\u00e7\u00e3o de hardware e software para capturar e armazenar imagens. A c\u00e2mara em si \u00e9 normalmente equipada com uma lente grande angular e um sensor de alta resolu\u00e7\u00e3o que captura v\u00eddeo e \u00e1udio em tempo real. As imagens s\u00e3o ent\u00e3o armazenadas na mem\u00f3ria interna da c\u00e2mara ou num dispositivo de armazenamento externo, como um cart\u00e3o microSD.<\/p>\n<p>Muitas c\u00e2maras corporais est\u00e3o equipadas com funcionalidades como vis\u00e3o noturna, estabiliza\u00e7\u00e3o de imagem e localiza\u00e7\u00e3o por GPS, que podem fornecer contexto e informa\u00e7\u00f5es adicionais sobre as imagens gravadas. As c\u00e2maras tamb\u00e9m podem ter conectividade Wi-Fi ou Bluetooth integrada, que pode ser usada para transferir imagens para um servidor central ou outros dispositivos para armazenamento e an\u00e1lise.<\/p>\n<p>De modo geral, as c\u00e2maras corporais da pol\u00edcia s\u00e3o uma ferramenta essencial para os agentes da lei, fornecendo um registo fi\u00e1vel e objetivo das suas intera\u00e7\u00f5es com o p\u00fablico e ajudando a melhorar a transpar\u00eancia, a responsabilidade e a confian\u00e7a p\u00fablica.<\/p>\n<h3>Vantagens das c\u00e2maras corporais da pol\u00edcia<\/h3>\n<ol>\n<li>Maior responsabiliza\u00e7\u00e3o: as c\u00e2maras corporais fornecem um registo objetivo das intera\u00e7\u00f5es entre agentes da pol\u00edcia e civis, que pode ser usado para responsabilizar os agentes pelas suas a\u00e7\u00f5es. Isso pode promover o profissionalismo e a ades\u00e3o \u00e0s pol\u00edticas e procedimentos do departamento.<\/li>\n<li>Maior transpar\u00eancia: O uso de c\u00e2maras corporais pode aumentar a transpar\u00eancia no policiamento, fornecendo um registo claro dos eventos. Isso pode ajudar a construir confian\u00e7a entre as autoridades policiais e as comunidades que elas servem.<\/li>\n<li>Dissuas\u00e3o contra condutas indevidas: A presen\u00e7a de c\u00e2maras corporais pode dissuadir os agentes de se envolverem em condutas indevidas ou abusivas, pois sabem que as suas a\u00e7\u00f5es est\u00e3o a ser gravadas.<\/li>\n<li>Recolha de provas: As c\u00e2maras corporais podem fornecer provas valiosas em investiga\u00e7\u00f5es e processos judiciais. As imagens captadas pelas c\u00e2maras corporais podem ser utilizadas para apoiar ou refutar alega\u00e7\u00f5es feitas por agentes ou civis.<\/li>\n<li>Maior seguran\u00e7a dos agentes: As c\u00e2maras corporais podem aumentar a seguran\u00e7a dos agentes, fornecendo um registo de situa\u00e7\u00f5es potencialmente perigosas. Isso pode ajudar na investiga\u00e7\u00e3o de incidentes e prevenir a ocorr\u00eancia de incidentes futuros.<\/li>\n<li>Forma\u00e7\u00e3o e avalia\u00e7\u00e3o: As c\u00e2maras corporais podem ser utilizadas para fins de forma\u00e7\u00e3o, permitindo que os agentes analisem as suas a\u00e7\u00f5es e identifiquem \u00e1reas a melhorar. Tamb\u00e9m podem ser utilizadas para fins de avalia\u00e7\u00e3o, permitindo que os departamentos identifiquem e abordem comportamentos problem\u00e1ticos. Em geral, as c\u00e2maras corporais da pol\u00edcia s\u00e3o uma ferramenta importante para as ag\u00eancias de aplica\u00e7\u00e3o da lei, proporcionando uma s\u00e9rie de benef\u00edcios que podem melhorar a responsabiliza\u00e7\u00e3o, a transpar\u00eancia e a confian\u00e7a do p\u00fablico.<\/li>\n<\/ol>\n<h3>Quanto custa uma c\u00e2mara corporal da pol\u00edcia?<\/h3>\n<p>As c\u00e2maras corporais da pol\u00edcia variam em pre\u00e7o, dependendo da marca, recursos e capacidade de armazenamento. Os pre\u00e7os podem variar de algumas centenas de d\u00f3lares a mais de mil d\u00f3lares por c\u00e2mara. \u00c9 essencial escolher uma c\u00e2mara dur\u00e1vel e de alta qualidade, feita de materiais como alum\u00ednio ou a\u00e7o inoxid\u00e1vel. Uma c\u00e2mara f\u00e1cil de usar com bateria de longa dura\u00e7\u00e3o tamb\u00e9m \u00e9 importante. Considere a capacidade m\u00e1xima do cart\u00e3o de mem\u00f3ria da c\u00e2mara, bem como se ela possui grava\u00e7\u00e3o em loop cont\u00ednuo ou dura\u00e7\u00e3o de grava\u00e7\u00e3o personalizada. Embora existam op\u00e7\u00f5es econ\u00f3micas dispon\u00edveis, elas podem n\u00e3o ter um desempenho t\u00e3o bom quanto os modelos mais sofisticados.<\/p>\n<h3>Encontre um fabricante confi\u00e1vel de c\u00e2maras corporais para a pol\u00edcia<\/h3>\n<p>Quando se trata de comprar c\u00e2maras corporais para a pol\u00edcia, \u00e9 fundamental selecionar um fabricante confi\u00e1vel. N\u00e3o se contente com um produto barato, pois isso pode resultar em m\u00e1 qualidade de v\u00eddeo e outros problemas. C\u00e2maras baratas geralmente t\u00eam sensores de imagem inferiores, caixas de baixa qualidade e ferramentas de montagem fr\u00e1geis. Portanto, \u00e9 importante investir numa c\u00e2mara dur\u00e1vel feita de materiais de alta qualidade, como alum\u00ednio ou a\u00e7o inoxid\u00e1vel. Al\u00e9m disso, considere as lentes da c\u00e2mara e a interface do utilizador para garantir facilidade de uso e desempenho ideal.<\/p>\n<p>A Luview \u00e9 um fabricante de confian\u00e7a com 18 anos de experi\u00eancia na conce\u00e7\u00e3o, desenvolvimento e fabrico de produtos eletr\u00f3nicos de alta qualidade para ve\u00edculos, incluindo c\u00e2maras corporais para a pol\u00edcia. Os nossos produtos s\u00e3o concebidos para satisfazer as necessidades das ag\u00eancias policiais e garantir um desempenho fi\u00e1vel no terreno.<\/p>\n<\/div><\/section><\/div><\/p>","protected":false},"excerpt":{"rendered":"","protected":false},"author":1,"featured_media":0,"parent":667,"menu_order":0,"comment_status":"closed","ping_status":"closed","template":"","meta":{"_monsterinsights_skip_tracking":false,"_monsterinsights_sitenote_active":false,"_monsterinsights_sitenote_note":"","_monsterinsights_sitenote_category":0,"footnotes":""},"class_list":["post-24623","page","type-page","status-publish","hentry"],"_links":{"self":[{"href":"https:\/\/luview.com\/pt\/wp-json\/wp\/v2\/pages\/24623","targetHints":{"allow":["GET"]}}],"collection":[{"href":"https:\/\/luview.com\/pt\/wp-json\/wp\/v2\/pages"}],"about":[{"href":"https:\/\/luview.com\/pt\/wp-json\/wp\/v2\/types\/page"}],"author":[{"embeddable":true,"href":"https:\/\/luview.com\/pt\/wp-json\/wp\/v2\/users\/1"}],"replies":[{"embeddable":true,"href":"https:\/\/luview.com\/pt\/wp-json\/wp\/v2\/comments?post=24623"}],"version-history":[{"count":3,"href":"https:\/\/luview.com\/pt\/wp-json\/wp\/v2\/pages\/24623\/revisions"}],"predecessor-version":[{"id":44528,"href":"https:\/\/luview.com\/pt\/wp-json\/wp\/v2\/pages\/24623\/revisions\/44528"}],"up":[{"embeddable":true,"href":"https:\/\/luview.com\/pt\/wp-json\/wp\/v2\/pages\/667"}],"wp:attachment":[{"href":"https:\/\/luview.com\/pt\/wp-json\/wp\/v2\/media?parent=24623"}],"curies":[{"name":"wp","href":"https:\/\/api.w.org\/{rel}","templated":true}]}}