{"id":348,"date":"2022-05-06T09:18:57","date_gmt":"2022-05-06T09:18:57","guid":{"rendered":"https:\/\/luview.com\/?page_id=348"},"modified":"2026-01-12T07:38:27","modified_gmt":"2026-01-12T07:38:27","slug":"marco","status":"publish","type":"page","link":"https:\/\/luview.com\/pt\/about-us\/milestone\/","title":{"rendered":"Marco"},"content":{"rendered":"<style type=\"text\/css\" data-created_by=\"avia_inline_auto\" id=\"style-css-av-18z5gw-d3cb0968a7a182e73214c3d3fb97ba75\">\n.avia-section.av-18z5gw-d3cb0968a7a182e73214c3d3fb97ba75{\nbackground-color:#8cb823;\nbackground-image:url(https:\/\/luview.com\/wp-content\/uploads\/2026\/01\/Development-Journey-of-the-Luview.jpg);\nbackground-repeat:no-repeat;\nbackground-position:50% 50%;\nbackground-attachment:scroll;\n}\n.avia-section.av-18z5gw-d3cb0968a7a182e73214c3d3fb97ba75 .av-section-color-overlay{\nopacity:0.8;\nbackground-color:#222222;\n}\n<\/style>\n<div id='av_section_1'  class='avia-section av-18z5gw-d3cb0968a7a182e73214c3d3fb97ba75 main_color avia-section-default avia-no-border-styling  avia-builder-el-0  el_before_av_one_full  avia-builder-el-first  titlebarbox avia-full-contain avia-bg-style-scroll av-section-color-overlay-active container_wrap sidebar_left'  data-section-bg-repeat='contain'><div class=\"av-section-color-overlay-wrap\"><div class=\"av-section-color-overlay\"><\/div><div class='container av-section-cont-open' ><main  role=\"main\" itemprop=\"mainContentOfPage\"  class='template-page content  av-content-small units'><div class='post-entry post-entry-type-page post-entry-348'><div class='entry-content-wrapper clearfix'>\n\n<style type=\"text\/css\" data-created_by=\"avia_inline_auto\" id=\"style-css-av-1521zs-f76749d04838b68ec1c420eb2583ac0b\">\n.flex_column.av-1521zs-f76749d04838b68ec1c420eb2583ac0b{\npadding:10% 0 10% 0;\n}\n<\/style>\n<div class='flex_column av-1521zs-f76749d04838b68ec1c420eb2583ac0b av_one_full  avia-builder-el-1  avia-builder-el-no-sibling  first flex_column_div'   ><style type=\"text\/css\" data-created_by=\"avia_inline_auto\" id=\"style-css-av-l2sgt1ph-700bbb6893565c08fc2e803faf810ebc\">\n#top .av_textblock_section.av-l2sgt1ph-700bbb6893565c08fc2e803faf810ebc .avia_textblock{\ncolor:#ffffff;\ntext-align:center;\n}\n<\/style>\n<section  class='av_textblock_section av-l2sgt1ph-700bbb6893565c08fc2e803faf810ebc'  itemscope=\"itemscope\" itemtype=\"https:\/\/schema.org\/CreativeWork\" ><div class='avia_textblock av_inherit_color'  itemprop=\"text\" ><h1>Marco<\/h1>\n<\/div><\/section><br \/>\n\n<style type=\"text\/css\" data-created_by=\"avia_inline_auto\" id=\"style-css-av-l2sgtr0i-7d783ce11f71ad1d611d63fd2462a3f3\">\n#top .av_textblock_section.av-l2sgtr0i-7d783ce11f71ad1d611d63fd2462a3f3 .avia_textblock{\ncolor:#ffffff;\ntext-align:center;\n}\n<\/style>\n<section  class='av_textblock_section av-l2sgtr0i-7d783ce11f71ad1d611d63fd2462a3f3'  itemscope=\"itemscope\" itemtype=\"https:\/\/schema.org\/CreativeWork\" ><div class='avia_textblock av_inherit_color'  itemprop=\"text\" ><h3 style=\"margin-bottom: 20px;\">Fabricante profissional de eletr\u00f3nica de seguran\u00e7a para ve\u00edculos<\/h3>\n<\/div><\/section><br \/>\n<\/p><\/div>\n<\/div><\/div><\/main><!-- close content main element --><\/div><\/div><\/div><div id='after_section_1'  class='main_color av_default_container_wrap container_wrap sidebar_left'  ><div class='container av-section-cont-open' ><div class='template-page content  av-content-small units'><div class='post-entry post-entry-type-page post-entry-348'><div class='entry-content-wrapper clearfix'>\n<div class='flex_column av-59i05-cc3e90031a9c0698033cabf4ba20ccd4 av_one_full  avia-builder-el-5  el_after_av_section  el_before_av_one_full  avia-builder-el-first  first flex_column_div'   ><style type=\"text\/css\" data-created_by=\"avia_inline_auto\" id=\"style-css-av-18lxil-0fee5068079ef881947562621f70d3df\">\n#top .av_textblock_section.av-18lxil-0fee5068079ef881947562621f70d3df .avia_textblock{\ncolor:#85b61c;\ntext-align:center;\n}\n<\/style>\n<section  class='av_textblock_section av-18lxil-0fee5068079ef881947562621f70d3df'  itemscope=\"itemscope\" itemtype=\"https:\/\/schema.org\/CreativeWork\" ><div class='avia_textblock av_inherit_color'  itemprop=\"text\" ><h3>Marco<\/h3>\n<\/div><\/section><\/div>\n\n<style type=\"text\/css\" data-created_by=\"avia_inline_auto\" id=\"style-css-av-l2u81g9b-9cdcfa5e97aca6cf78f3b9390f6d46cd\">\n#top .flex_column.av-l2u81g9b-9cdcfa5e97aca6cf78f3b9390f6d46cd{\nmargin-top:0px;\nmargin-bottom:0px;\n}\n.responsive #top #wrap_all .flex_column.av-l2u81g9b-9cdcfa5e97aca6cf78f3b9390f6d46cd{\nmargin-top:0px;\nmargin-bottom:0px;\n}\n<\/style>\n<div class='flex_column av-l2u81g9b-9cdcfa5e97aca6cf78f3b9390f6d46cd av_one_full  avia-builder-el-7  el_after_av_one_full  avia-builder-el-last  first flex_column_div column-top-margin'   ><div  id=\"avia-timeline-1\"  class='avia-timeline-container av-l2u93jns-9059b97ac2d3c2cc53c14b148be4c33b  avia-builder-el-8  avia-builder-el-no-sibling' ><ul class='avia-timeline avia-timeline-vertical av-milestone-placement-alternate avia-timeline-boxshadow avia_animate_when_almost_visible avia-timeline-animate'>\n<li  class='av-milestone av-l2u925j0-471997ebe35da94d3b3bd8528dbbe956 av-animated-generic fade-in av-milestone-valign-baseline av-milestone-odd'><h2 class='av-milestone-date' id='milestone-luview-in-2006'><strong>LUVIEW EM 2006<span class='av-milestone-indicator'><\/span><\/strong><\/h2><div class=\"av-milestone-icon-wrap\"><span class='av-milestone-icon milestone_icon'><span class='av-milestone-icon-inner milestone_inner'><span class='milestone_number'>1<\/span><\/span><\/span><\/div><article class='av-milestone-content-wrap'><div class='av-milestone-contentbox'><div class='av-milestone-content'><p>No ano de 2006, desenvolvemos com sucesso as c\u00e2maras de vigil\u00e2ncia HD e torn\u00e1mo-nos uma das primeiras empresas a entrar nesta ind\u00fastria, o que estabeleceu uma base s\u00f3lida para o desenvolvimento futuro da empresa.<\/p>\n<\/div><\/div><footer class='av-milestone-article-footer entry-footer'><\/footer><\/article><\/li>\n<li  class='av-milestone av-l2u925j0-15-24348a29b86c81f0b4c2d4784008e4b2 av-animated-generic fade-in av-milestone-valign-baseline av-milestone-even'><h2 class='av-milestone-date' id='milestone-luview-in-2007'><strong>LUVIEW EM 2007<span class='av-milestone-indicator'><\/span><\/strong><\/h2><article class='av-milestone-content-wrap'><div class='av-milestone-contentbox'><div class='av-milestone-content'><p>A Luview est\u00e1 sediada em Shenzhen, com a miss\u00e3o empresarial de \u201ctornar a condu\u00e7\u00e3o mais segura\u201d, centrando-se no dom\u00ednio da eletr\u00f3nica autom\u00f3vel.<\/p>\n<\/div><\/div><footer class='av-milestone-article-footer entry-footer'><\/footer><\/article><div class=\"av-milestone-icon-wrap\"><span class='av-milestone-icon milestone_icon'><span class='av-milestone-icon-inner milestone_inner'><span class='milestone_number'>2<\/span><\/span><\/span><\/div><h2 class='av-milestone-date' id='milestone-luview-in-2007'><strong>LUVIEW EM 2007<span class='av-milestone-indicator'><\/span><\/strong><\/h2><\/li>\n<li  class='av-milestone av-l2u925j0-14-f811b95b1e308bbb2757f32ea830e8c0 av-animated-generic fade-in av-milestone-valign-baseline av-milestone-odd'><h2 class='av-milestone-date' id='milestone-luview-in-2008'><strong>LUVIEW EM 2008<span class='av-milestone-indicator'><\/span><\/strong><\/h2><div class=\"av-milestone-icon-wrap\"><span class='av-milestone-icon milestone_icon'><span class='av-milestone-icon-inner milestone_inner'><span class='milestone_number'>3<\/span><\/span><\/span><\/div><article class='av-milestone-content-wrap'><div class='av-milestone-contentbox'><div class='av-milestone-content'><p>Com \u201cprofissionalismo, coopera\u00e7\u00e3o, efici\u00eancia, inova\u00e7\u00e3o\u201d como valores e \u201cser gentil com os outros, e a for\u00e7a dos le\u00f5es\u201d como conceito de desenvolvimento, a equipa LUVIEW desenvolveu-se e cresceu gradualmente durante os dois anos da sua cria\u00e7\u00e3o.<\/p>\n<\/div><\/div><footer class='av-milestone-article-footer entry-footer'><\/footer><\/article><\/li>\n<li  class='av-milestone av-l2u925j0-13-bced26b8a3cfd98cf12fc58cc24c037e av-animated-generic fade-in av-milestone-valign-baseline av-milestone-even'><h2 class='av-milestone-date' id='milestone-luview-in-2009'><strong>LUVIEW EM 2009<span class='av-milestone-indicator'><\/span><\/strong><\/h2><article class='av-milestone-content-wrap'><div class='av-milestone-contentbox'><div class='av-milestone-content'><p>No ano de 2009, desenvolvemos com sucesso a dashcam, e torn\u00e1mo-nos uma das primeiras empresas a entrar nesta ind\u00fastria, o que estabeleceu uma base s\u00f3lida para o desenvolvimento futuro da empresa.<\/p>\n<\/div><\/div><footer class='av-milestone-article-footer entry-footer'><\/footer><\/article><div class=\"av-milestone-icon-wrap\"><span class='av-milestone-icon milestone_icon'><span class='av-milestone-icon-inner milestone_inner'><span class='milestone_number'>4<\/span><\/span><\/span><\/div><h2 class='av-milestone-date' id='milestone-luview-in-2009'><strong>LUVIEW EM 2009<span class='av-milestone-indicator'><\/span><\/strong><\/h2><\/li>\n<li  class='av-milestone av-l2u925j0-12-8e5bb0295f10a4f8d477b493bea07e82 av-animated-generic fade-in av-milestone-valign-baseline av-milestone-odd'><h2 class='av-milestone-date' id='milestone-luview-in-2010'><strong>LUVIEW EM 2010<span class='av-milestone-indicator'><\/span><\/strong><\/h2><div class=\"av-milestone-icon-wrap\"><span class='av-milestone-icon milestone_icon'><span class='av-milestone-icon-inner milestone_inner'><span class='milestone_number'>5<\/span><\/span><\/span><\/div><article class='av-milestone-content-wrap'><div class='av-milestone-contentbox'><div class='av-milestone-content'><p>No ano de 2010, a nossa equipa foi constru\u00edda e desenvolvida de forma est\u00e1vel. A empresa organizou regularmente forma\u00e7\u00e3o especial para os funcion\u00e1rios de todos os departamentos, o que melhorou significativamente a sua coes\u00e3o, coes\u00e3o e coopera\u00e7\u00e3o.<\/p>\n<\/div><\/div><footer class='av-milestone-article-footer entry-footer'><\/footer><\/article><\/li>\n<li  class='av-milestone av-l2u925j0-11-fae63933ecbac75bac8e0a2c94725370 av-animated-generic fade-in av-milestone-valign-baseline av-milestone-even'><h2 class='av-milestone-date' id='milestone-luview-in-2011'><strong>LUVIEW EM 2011<span class='av-milestone-indicator'><\/span><\/strong><\/h2><article class='av-milestone-content-wrap'><div class='av-milestone-contentbox'><div class='av-milestone-content'><p>No ano de 2011, a empresa irradiou o seu neg\u00f3cio para todo o mundo, alcan\u00e7ando basicamente uma configura\u00e7\u00e3o global.<\/p>\n<\/div><\/div><footer class='av-milestone-article-footer entry-footer'><\/footer><\/article><div class=\"av-milestone-icon-wrap\"><span class='av-milestone-icon milestone_icon'><span class='av-milestone-icon-inner milestone_inner'><span class='milestone_number'>6<\/span><\/span><\/span><\/div><h2 class='av-milestone-date' id='milestone-luview-in-2011'><strong>LUVIEW EM 2011<span class='av-milestone-indicator'><\/span><\/strong><\/h2><\/li>\n<li  class='av-milestone av-l2u925j0-10-6c8d1b85947de043b7f8f3cae375e5fe av-animated-generic fade-in av-milestone-valign-baseline av-milestone-odd'><h2 class='av-milestone-date' id='milestone-luview-in-2012'><strong>LUVIEW EM 2012<span class='av-milestone-indicator'><\/span><\/strong><\/h2><div class=\"av-milestone-icon-wrap\"><span class='av-milestone-icon milestone_icon'><span class='av-milestone-icon-inner milestone_inner'><span class='milestone_number'>7<\/span><\/span><\/span><\/div><article class='av-milestone-content-wrap'><div class='av-milestone-contentbox'><div class='av-milestone-content'><p>No ano de 2012, o nosso monitor \u00e0 prova de \u00e1gua IP69K de 7 polegadas foi desenvolvido com sucesso e colocado no mercado. Os produtos da empresa foram melhorados ainda mais, e acumul\u00e1mos muitos clientes fi\u00e9is com a qualidade do produto que foi testada pelo mercado.<\/p>\n<\/div><\/div><footer class='av-milestone-article-footer entry-footer'><\/footer><\/article><\/li>\n<li  class='av-milestone av-l2u925j0-9-fd7db60d84af04873935113d95faef33 av-animated-generic fade-in av-milestone-valign-baseline av-milestone-even'><h2 class='av-milestone-date' id='milestone-luview-in-2013'><strong>LUVIEW EM 2013<span class='av-milestone-indicator'><\/span><\/strong><\/h2><article class='av-milestone-content-wrap'><div class='av-milestone-contentbox'><div class='av-milestone-content'><p>No ano de 2013, a empresa introduziu com sucesso o sistema de gest\u00e3o ERP e adoptou o modo de opera\u00e7\u00e3o de gest\u00e3o empresarial moderna para maximizar os benef\u00edcios de recursos e melhorar a efici\u00eancia de gest\u00e3o e produ\u00e7\u00e3o atrav\u00e9s da otimiza\u00e7\u00e3o dos recursos da empresa.<\/p>\n<\/div><\/div><footer class='av-milestone-article-footer entry-footer'><\/footer><\/article><div class=\"av-milestone-icon-wrap\"><span class='av-milestone-icon milestone_icon'><span class='av-milestone-icon-inner milestone_inner'><span class='milestone_number'>8<\/span><\/span><\/span><\/div><h2 class='av-milestone-date' id='milestone-luview-in-2013'><strong>LUVIEW EM 2013<span class='av-milestone-indicator'><\/span><\/strong><\/h2><\/li>\n<li  class='av-milestone av-l2u925j0-8-147e1581e831fa9785dc493f3d6f2f9a av-animated-generic fade-in av-milestone-valign-baseline av-milestone-odd'><h2 class='av-milestone-date' id='milestone-luview-in-2014'><strong>LUVIEW EM 2014<span class='av-milestone-indicator'><\/span><\/strong><\/h2><div class=\"av-milestone-icon-wrap\"><span class='av-milestone-icon milestone_icon'><span class='av-milestone-icon-inner milestone_inner'><span class='milestone_number'>9<\/span><\/span><\/span><\/div><article class='av-milestone-content-wrap'><div class='av-milestone-contentbox'><div class='av-milestone-content'><p>No ano de 2014, regist\u00e1mos a marca \u201cMercy Lion\u201d, concentrando-nos na investiga\u00e7\u00e3o e desenvolvimento da c\u00e2mara de tablier oculta WiFi, equipada com a solu\u00e7\u00e3o Ambarella A12 de chip de n\u00edvel industrial da avia\u00e7\u00e3o americana, dando um grande passo em frente no campo da c\u00e2mara de tablier exclusiva para autom\u00f3veis a n\u00edvel mundial.<\/p>\n<\/div><\/div><footer class='av-milestone-article-footer entry-footer'><\/footer><\/article><\/li>\n<li  class='av-milestone av-l2u925j0-7-d4ae41b95c5feea1fc0e6fb25fe6b245 av-animated-generic fade-in av-milestone-valign-baseline av-milestone-even'><h2 class='av-milestone-date' id='milestone-luview-in-2015'><strong>LUVIEW EM 2015<span class='av-milestone-indicator'><\/span><\/strong><\/h2><article class='av-milestone-content-wrap'><div class='av-milestone-contentbox'><div class='av-milestone-content'><p>O gravador de condu\u00e7\u00e3o para autom\u00f3veis especiais e o gravador de condu\u00e7\u00e3o para fins gerais da Luview foram amplamente elogiados pelo mercado nacional de gama m\u00e9dia-alta, a Luview come\u00e7ou a implantar mercados estrangeiros para satisfazer as necessidades de mais utilizadores.<\/p>\n<\/div><\/div><footer class='av-milestone-article-footer entry-footer'><\/footer><\/article><div class=\"av-milestone-icon-wrap\"><span class='av-milestone-icon milestone_icon'><span class='av-milestone-icon-inner milestone_inner'><span class='milestone_number'>10<\/span><\/span><\/span><\/div><h2 class='av-milestone-date' id='milestone-luview-in-2015'><strong>LUVIEW EM 2015<span class='av-milestone-indicator'><\/span><\/strong><\/h2><\/li>\n<li  class='av-milestone av-l2u925j0-6-a4ce308d7281095c4534d895db6bd43a av-animated-generic fade-in av-milestone-valign-baseline av-milestone-odd'><h2 class='av-milestone-date' id='milestone-luview-in-2016'><strong>LUVIEW EM 2016<span class='av-milestone-indicator'><\/span><\/strong><\/h2><div class=\"av-milestone-icon-wrap\"><span class='av-milestone-icon milestone_icon'><span class='av-milestone-icon-inner milestone_inner'><span class='milestone_number'>11<\/span><\/span><\/span><\/div><article class='av-milestone-content-wrap'><div class='av-milestone-contentbox'><div class='av-milestone-content'><p>No ano de 2016, junt\u00e1mo-nos \u00e0 Federa\u00e7\u00e3o de Sindicatos de Shenzhen e cri\u00e1mos a LUVIEW Enterprise Trade Union, determinados a servir os trabalhadores, as pessoas e a sociedade. Esperamos que, ao promover o desenvolvimento das empresas, tamb\u00e9m prestemos aten\u00e7\u00e3o \u00e0 simbiose, harmonia e desenvolvimento sustent\u00e1vel entre o homem e o meio ambiente.<\/p>\n<\/div><\/div><footer class='av-milestone-article-footer entry-footer'><\/footer><\/article><\/li>\n<li  class='av-milestone av-l2u925j0-5-97afad0faed69b7fea4c77e8a4785b27 av-animated-generic fade-in av-milestone-valign-baseline av-milestone-even'><h2 class='av-milestone-date' id='milestone-luview-in-2017'><strong>LUVIEW EM 2017<span class='av-milestone-indicator'><\/span><\/strong><\/h2><article class='av-milestone-content-wrap'><div class='av-milestone-contentbox'><div class='av-milestone-content'><p>No ano de 2017, a LUVIEW foi reconhecida como uma empresa de alta tecnologia e passou a certifica\u00e7\u00e3o do sistema IATF16949.<\/p>\n<\/div><\/div><footer class='av-milestone-article-footer entry-footer'><\/footer><\/article><div class=\"av-milestone-icon-wrap\"><span class='av-milestone-icon milestone_icon'><span class='av-milestone-icon-inner milestone_inner'><span class='milestone_number'>12<\/span><\/span><\/span><\/div><h2 class='av-milestone-date' id='milestone-luview-in-2017'><strong>LUVIEW EM 2017<span class='av-milestone-indicator'><\/span><\/strong><\/h2><\/li>\n<li  class='av-milestone av-l2u925j0-4-ae482b877816173d0081500120063c05 av-animated-generic fade-in av-milestone-valign-baseline av-milestone-odd'><h2 class='av-milestone-date' id='milestone-luview-in-2018'><strong>LUVIEW EM 2018<span class='av-milestone-indicator'><\/span><\/strong><\/h2><div class=\"av-milestone-icon-wrap\"><span class='av-milestone-icon milestone_icon'><span class='av-milestone-icon-inner milestone_inner'><span class='milestone_number'>13<\/span><\/span><\/span><\/div><article class='av-milestone-content-wrap'><div class='av-milestone-contentbox'><div class='av-milestone-content'><p>No ano de 2018, com anos de experi\u00eancia na ind\u00fastria e cadeia de fornecimento de produtos de alta qualidade, a LUVIEW ganhou a reputa\u00e7\u00e3o no campo internacional e apareceu com sucesso na Shenzhen Jiuzhou Electronics<\/p>\n<\/div><\/div><footer class='av-milestone-article-footer entry-footer'><\/footer><\/article><\/li>\n<li  class='av-milestone av-l2u925j0-3-0d6f98879819a8def0e9aaa84d4473fa av-animated-generic fade-in av-milestone-valign-baseline av-milestone-even'><h2 class='av-milestone-date' id='milestone-luview-in-2019'><strong>LUVIEW EM 2019<span class='av-milestone-indicator'><\/span><\/strong><\/h2><article class='av-milestone-content-wrap'><div class='av-milestone-contentbox'><div class='av-milestone-content'><p>No ano de 2019, a nossa c\u00e2mara de painel de instrumentos 4G e a c\u00e2mara de painel de instrumentos para motociclos foram desenvolvidas com \u00eaxito e os nossos funcion\u00e1rios atingiram mais de 200. A fim de construir uma equipa empresarial mais coesa e servir muito melhor os clientes, organiz\u00e1mos todos os colegas da empresa para realizar actividades de constru\u00e7\u00e3o de grupos ao ar livre.<\/p>\n<\/div><\/div><footer class='av-milestone-article-footer entry-footer'><\/footer><\/article><div class=\"av-milestone-icon-wrap\"><span class='av-milestone-icon milestone_icon'><span class='av-milestone-icon-inner milestone_inner'><span class='milestone_number'>14<\/span><\/span><\/span><\/div><h2 class='av-milestone-date' id='milestone-luview-in-2019'><strong>LUVIEW EM 2019<span class='av-milestone-indicator'><\/span><\/strong><\/h2><\/li>\n<li  class='av-milestone av-l2u925j0-2-1c0a205c3d43d5887f3c51888707faa8 av-animated-generic fade-in av-milestone-valign-baseline av-milestone-odd'><h2 class='av-milestone-date' id='milestone-luview-in-2020'><strong>LUVIEW EM 2020<span class='av-milestone-indicator'><\/span><\/strong><\/h2><div class=\"av-milestone-icon-wrap\"><span class='av-milestone-icon milestone_icon'><span class='av-milestone-icon-inner milestone_inner'><span class='milestone_number'>15<\/span><\/span><\/span><\/div><article class='av-milestone-content-wrap'><div class='av-milestone-contentbox'><div class='av-milestone-content'><p>Para satisfazer as necessidades dos utilizadores e mercados globais, foi recentemente lan\u00e7ado o s\u00edtio Web oficial da LUVIEW.<\/p>\n<\/div><\/div><footer class='av-milestone-article-footer entry-footer'><\/footer><\/article><\/li>\n<li  class='av-milestone av-l2u925j0-1-00b10d2187ed443408d982bccd815336 av-animated-generic fade-in av-milestone-valign-baseline av-milestone-even'><h2 class='av-milestone-date' id='milestone-luview-in-2021'><strong>LUVIEW EM 2021<span class='av-milestone-indicator'><\/span><\/strong><\/h2><article class='av-milestone-content-wrap'><div class='av-milestone-contentbox'><div class='av-milestone-content'><p>A Luview mudou-se para o Parque Industrial de Liwei, cobrindo uma \u00e1rea de mais de 16.000 metros quadrados.<\/p>\n<\/div><\/div><footer class='av-milestone-article-footer entry-footer'><\/footer><\/article><div class=\"av-milestone-icon-wrap\"><span class='av-milestone-icon milestone_icon'><span class='av-milestone-icon-inner milestone_inner'><span class='milestone_number'>16<\/span><\/span><\/span><\/div><h2 class='av-milestone-date' id='milestone-luview-in-2021'><strong>LUVIEW EM 2021<span class='av-milestone-indicator'><\/span><\/strong><\/h2><\/li>\n<li  class='av-milestone av-l2u925j0-1-1-903ba7f6ccadff3dd9f33418c4926297 av-animated-generic fade-in av-milestone-valign-baseline av-milestone-odd'><h2 class='av-milestone-date' id='milestone-luview-in-2023'><strong>LUVIEW EM 2023<span class='av-milestone-indicator'><\/span><\/strong><\/h2><div class=\"av-milestone-icon-wrap\"><span class='av-milestone-icon milestone_icon'><span class='av-milestone-icon-inner milestone_inner'><span class='milestone_number'>17<\/span><\/span><\/span><\/div><article class='av-milestone-content-wrap'><div class='av-milestone-contentbox'><div class='av-milestone-content'><p>A Luview foi distinguida como Empresa Especializada, Refinada e Nova de Guangdong.<\/p>\n<\/div><\/div><footer class='av-milestone-article-footer entry-footer'><\/footer><\/article><\/li>\n<li  class='av-milestone av-l2u925j0-1-1-1-a3b3fed44091dee80bac98b770e5fbd8 av-animated-generic fade-in av-milestone-valign-baseline av-milestone-even'><h2 class='av-milestone-date' id='milestone-luview-in-2025'><strong>LUVIEW EM 2025<span class='av-milestone-indicator'><\/span><\/strong><\/h2><article class='av-milestone-content-wrap'><div class='av-milestone-contentbox'><div class='av-milestone-content'><p>A LUVIEW obteve a certifica\u00e7\u00e3o do sistema ISO45001<\/p>\n<\/div><\/div><footer class='av-milestone-article-footer entry-footer'><\/footer><\/article><div class=\"av-milestone-icon-wrap\"><span class='av-milestone-icon milestone_icon'><span class='av-milestone-icon-inner milestone_inner'><span class='milestone_number'>18<\/span><\/span><\/span><\/div><h2 class='av-milestone-date' id='milestone-luview-in-2025'><strong>LUVIEW EM 2025<span class='av-milestone-indicator'><\/span><\/strong><\/h2><\/li>\n<li  class='av-milestone av-l2u925j0-1-1-1-5b66ecf31636fb9f8cd1a684cd99814e av-animated-generic fade-in av-milestone-valign-baseline av-milestone-odd'><h2 class='av-milestone-date' id='milestone-luview-in-2026'><strong>LUVIEW EM 2026<span class='av-milestone-indicator'><\/span><\/strong><\/h2><div class=\"av-milestone-icon-wrap\"><span class='av-milestone-icon milestone_icon'><span class='av-milestone-icon-inner milestone_inner'><span class='milestone_number'>19<\/span><\/span><\/span><\/div><article class='av-milestone-content-wrap'><div class='av-milestone-contentbox'><div class='av-milestone-content'><p>A f\u00e1brica da LUVIEW na Mal\u00e1sia \u00e9 oficialmente colocada em produ\u00e7\u00e3o<\/p>\n<\/div><\/div><footer class='av-milestone-article-footer entry-footer'><\/footer><\/article><\/li>\n<\/ul><\/div><\/div>","protected":false},"excerpt":{"rendered":"","protected":false},"author":1,"featured_media":0,"parent":152,"menu_order":0,"comment_status":"closed","ping_status":"closed","template":"","meta":{"_monsterinsights_skip_tracking":false,"_monsterinsights_sitenote_active":false,"_monsterinsights_sitenote_note":"","_monsterinsights_sitenote_category":0,"footnotes":""},"class_list":["post-348","page","type-page","status-publish","hentry"],"_links":{"self":[{"href":"https:\/\/luview.com\/pt\/wp-json\/wp\/v2\/pages\/348","targetHints":{"allow":["GET"]}}],"collection":[{"href":"https:\/\/luview.com\/pt\/wp-json\/wp\/v2\/pages"}],"about":[{"href":"https:\/\/luview.com\/pt\/wp-json\/wp\/v2\/types\/page"}],"author":[{"embeddable":true,"href":"https:\/\/luview.com\/pt\/wp-json\/wp\/v2\/users\/1"}],"replies":[{"embeddable":true,"href":"https:\/\/luview.com\/pt\/wp-json\/wp\/v2\/comments?post=348"}],"version-history":[{"count":3,"href":"https:\/\/luview.com\/pt\/wp-json\/wp\/v2\/pages\/348\/revisions"}],"predecessor-version":[{"id":43807,"href":"https:\/\/luview.com\/pt\/wp-json\/wp\/v2\/pages\/348\/revisions\/43807"}],"up":[{"embeddable":true,"href":"https:\/\/luview.com\/pt\/wp-json\/wp\/v2\/pages\/152"}],"wp:attachment":[{"href":"https:\/\/luview.com\/pt\/wp-json\/wp\/v2\/media?parent=348"}],"curies":[{"name":"wp","href":"https:\/\/api.w.org\/{rel}","templated":true}]}}